{"id":43483,"date":"2024-06-04T14:15:22","date_gmt":"2024-06-04T11:15:22","guid":{"rendered":"https:\/\/rst-steel.com\/product\/roof-bar-for-high-roof-vans_prm_65820\/"},"modified":"2026-03-16T09:17:29","modified_gmt":"2026-03-16T06:17:29","slug":"roof-bar-for-high-roof-vans-narrow-o76mm_prm_65820","status":"publish","type":"product","link":"https:\/\/com.rst-steel.eu\/nb\/produkt\/roof-bar-for-high-roof-vans-narrow-o76mm_prm_65820\/","title":{"rendered":"Takbjelke for varebiler med h\u00f8yt tak (smal) \u00d876 mm"},"content":{"rendered":"<p>Takbjelke for varebiler med h\u00f8yt tak (smal) \u00d876 mm<\/p>\n<ul>\n<li><\/li>\n<\/ul>\n<p><\/p>\n<p>RST-Steels takbjelker er h\u00f8ykvalitetsprodukter laget av rustfritt st\u00e5l.<\/p>\n<p>Takb\u00f8ylene kan utstyres med ekstralys og posisjonslys, noe som forbedrer sikten i trafikken og samtidig \u00f8ker sikkerheten for deg selv og andre i trafikken.<\/p>\n<ul>\n<li><\/li>\n<\/ul>\n<p><\/p>\n<p><span style=\"font-weight: bold\">Teknisk informasjon:<\/span><\/p>\n<ul>\n<li>Farge: Speilpolert rustfritt st\u00e5l eller pulverlakkert med RAL-farger<\/li>\n<li>R\u00f8rdiameter: 76 mm<\/li>\n<li>Light brackets\u00a0 4 pcs.<\/li>\n<li><\/li>\n<\/ul>\n<p><\/p>\n<p><span style=\"font-weight: bold\">Innhold i leveransen:<\/span><\/p>\n<ul>\n<li>Takbjelke<\/li>\n<li>Festemidler som kreves for installasjon<\/li>\n<li>Installasjonsinstruksjoner<\/li>\n<\/ul>","protected":false},"excerpt":{"rendered":"<p><span style=\"font-weight: bold\">Flere modellalternativer tilgjengelig!<\/span><\/p>","protected":false},"featured_media":43481,"comment_status":"open","ping_status":"closed","template":"","meta":{"_improvement_type_select":"improve_an_existing","_thumb_yes_seoaic":false,"_frame_yes_seoaic":false,"seoaic_generate_description":"","seoaic_improve_instructions_prompt":"","seoaic_rollback_content_improvement":"","seoaic_idea_thumbnail_generator":"","thumbnail_generated":false,"thumbnail_generate_prompt":"","seoaic_article_description":""},"make_fuel_type":[],"make_model":[6378,6377,6376,6381,6624],"make_brand":[6374,6622],"make_year":[6373],"pwb-brand":[8334],"product_brand":[],"product_cat":[6057,6063],"product_tag":[7549],"class_list":{"0":"post-43483","1":"product","2":"type-product","3":"status-publish","4":"has-post-thumbnail","6":"make_engine-crafter-2017-l3h3","7":"make_engine-crafter-2017-l4h3","8":"make_engine-crafter-2017-l4h4","9":"make_engine-crafter-2017-l5h3","10":"make_engine-crafter-2017-l5h4","11":"make_engine-sprinter-l2h2-front-wheeel-drive","12":"make_engine-sprinter-l2h2","13":"make_engine-sprinter-l3h2","14":"make_engine-sprinter-l3h3","15":"make_engine-sprinter-l4h2","16":"make_engine-sprinter-l4h3","17":"make_model-w903-sprinter","18":"make_model-w906-facelift-sprinter","19":"make_model-w906-sprinter","20":"make_model-w907-w910-sprinter","21":"make_model-crafter-2017","22":"make_brand-mb-van","23":"make_brand-volkswagen-van","24":"make_year-van","25":"pwb-brand-brand_rststeel","26":"product_cat-lightbars","27":"product_cat-roofbars-for-vans","28":"product_tag-takbage","29":"product_shipping_class-lightbars","31":"first","32":"instock","33":"taxable","34":"shipping-taxable","35":"purchasable","36":"product-type-variable"},"yoast_head":"<!-- This site is optimized with the Yoast SEO plugin v25.7 - https:\/\/yoast.com\/wordpress\/plugins\/seo\/ -->\n<title>Roof Bar For High-Roof Vans (Narrow) \u00d876mm - RST-Steel<\/title>\n<meta name=\"description\" content=\"Roof Bar For High-Roof Vans, suitable for e.g. Ford, Volkswagen and Mercedes-Benz vans! Check out the product in our online store!\" \/>\n<meta name=\"robots\" content=\"index, follow, max-snippet:-1, max-image-preview:large, max-video-preview:-1\" \/>\n<link rel=\"canonical\" href=\"https:\/\/com.rst-steel.eu\/nb\/produkt\/roof-bar-for-high-roof-vans-narrow-o76mm_prm_65820\/\" \/>\n<meta property=\"og:locale\" content=\"nb_NO\" \/>\n<meta property=\"og:type\" content=\"article\" \/>\n<meta property=\"og:title\" content=\"Roof Bar For High-Roof Vans (Narrow) \u00d876mm - RST-Steel\" \/>\n<meta property=\"og:description\" content=\"Roof Bar For High-Roof Vans, suitable for e.g. Ford, Volkswagen and Mercedes-Benz vans! Check out the product in our online store!\" \/>\n<meta property=\"og:url\" content=\"https:\/\/com.rst-steel.eu\/nb\/produkt\/roof-bar-for-high-roof-vans-narrow-o76mm_prm_65820\/\" \/>\n<meta property=\"og:site_name\" content=\"RST-Steel\" \/>\n<meta property=\"article:publisher\" content=\"https:\/\/www.facebook.com\/rststeel\" \/>\n<meta property=\"article:modified_time\" content=\"2026-03-16T06:17:29+00:00\" \/>\n<meta property=\"og:image\" content=\"https:\/\/com.rst-steel.eu\/wp-content\/uploads\/2024\/06\/037cbd3965b07b6a423a823d84a5b315bf5b79b9_SPR065_Tuotekuva-scaled.jpg\" \/>\n\t<meta property=\"og:image:width\" content=\"2560\" \/>\n\t<meta property=\"og:image:height\" content=\"1707\" \/>\n\t<meta property=\"og:image:type\" content=\"image\/jpeg\" \/>\n<meta name=\"twitter:card\" content=\"summary_large_image\" \/>\n<meta name=\"twitter:label1\" content=\"Ansl. lesetid\" \/>\n\t<meta name=\"twitter:data1\" content=\"1 minutt\" \/>\n<script type=\"application\/ld+json\" class=\"yoast-schema-graph\">{\"@context\":\"https:\/\/schema.org\",\"@graph\":[{\"@type\":\"WebPage\",\"@id\":\"https:\/\/com.rst-steel.eu\/sv\/produkt\/roof-bar-for-high-roof-vans-narrow-o76mm_prm_65820\/\",\"url\":\"https:\/\/com.rst-steel.eu\/sv\/produkt\/roof-bar-for-high-roof-vans-narrow-o76mm_prm_65820\/\",\"name\":\"Roof Bar For High-Roof Vans (Narrow) \u00d876mm - RST-Steel\",\"isPartOf\":{\"@id\":\"https:\/\/com.rst-steel.eu\/#website\"},\"primaryImageOfPage\":{\"@id\":\"https:\/\/com.rst-steel.eu\/sv\/produkt\/roof-bar-for-high-roof-vans-narrow-o76mm_prm_65820\/#primaryimage\"},\"image\":{\"@id\":\"https:\/\/com.rst-steel.eu\/sv\/produkt\/roof-bar-for-high-roof-vans-narrow-o76mm_prm_65820\/#primaryimage\"},\"thumbnailUrl\":\"https:\/\/com.rst-steel.eu\/wp-content\/uploads\/2024\/06\/037cbd3965b07b6a423a823d84a5b315bf5b79b9_SPR065_Tuotekuva-scaled.jpg\",\"datePublished\":\"2024-06-04T11:15:22+00:00\",\"dateModified\":\"2026-03-16T06:17:29+00:00\",\"description\":\"Roof Bar For High-Roof Vans, suitable for e.g. Ford, Volkswagen and Mercedes-Benz vans! Check out the product in our online store!\",\"breadcrumb\":{\"@id\":\"https:\/\/com.rst-steel.eu\/sv\/produkt\/roof-bar-for-high-roof-vans-narrow-o76mm_prm_65820\/#breadcrumb\"},\"inLanguage\":\"nb-NO\",\"potentialAction\":[{\"@type\":\"ReadAction\",\"target\":[\"https:\/\/com.rst-steel.eu\/sv\/produkt\/roof-bar-for-high-roof-vans-narrow-o76mm_prm_65820\/\"]}]},{\"@type\":\"ImageObject\",\"inLanguage\":\"nb-NO\",\"@id\":\"https:\/\/com.rst-steel.eu\/sv\/produkt\/roof-bar-for-high-roof-vans-narrow-o76mm_prm_65820\/#primaryimage\",\"url\":\"https:\/\/com.rst-steel.eu\/wp-content\/uploads\/2024\/06\/037cbd3965b07b6a423a823d84a5b315bf5b79b9_SPR065_Tuotekuva-scaled.jpg\",\"contentUrl\":\"https:\/\/com.rst-steel.eu\/wp-content\/uploads\/2024\/06\/037cbd3965b07b6a423a823d84a5b315bf5b79b9_SPR065_Tuotekuva-scaled.jpg\",\"width\":2560,\"height\":1707,\"caption\":\"in the picture is Roof Bar For High-Roof Vans\"},{\"@type\":\"BreadcrumbList\",\"@id\":\"https:\/\/com.rst-steel.eu\/sv\/produkt\/roof-bar-for-high-roof-vans-narrow-o76mm_prm_65820\/#breadcrumb\",\"itemListElement\":[{\"@type\":\"ListItem\",\"position\":1,\"name\":\"Home\",\"item\":\"https:\/\/com.rst-steel.eu\/\"},{\"@type\":\"ListItem\",\"position\":2,\"name\":\"RST-Steel Shop\",\"item\":\"https:\/\/com.rst-steel.eu\/shop\/\"},{\"@type\":\"ListItem\",\"position\":3,\"name\":\"Roof Bar For High-Roof Vans (Narrow) \u00d876mm\"}]},{\"@type\":\"WebSite\",\"@id\":\"https:\/\/com.rst-steel.eu\/#website\",\"url\":\"https:\/\/com.rst-steel.eu\/\",\"name\":\"RST-Steel.com\",\"description\":\"Finnish quality steel, for quality-conscious drivers\",\"publisher\":{\"@id\":\"https:\/\/com.rst-steel.eu\/#organization\"},\"alternateName\":\"Safe and stylish RST-Steel quality\",\"potentialAction\":[{\"@type\":\"SearchAction\",\"target\":{\"@type\":\"EntryPoint\",\"urlTemplate\":\"https:\/\/com.rst-steel.eu\/?s={search_term_string}\"},\"query-input\":{\"@type\":\"PropertyValueSpecification\",\"valueRequired\":true,\"valueName\":\"search_term_string\"}}],\"inLanguage\":\"nb-NO\"},{\"@type\":\"Organization\",\"@id\":\"https:\/\/com.rst-steel.eu\/#organization\",\"name\":\"RST-Steel Oy\",\"url\":\"https:\/\/com.rst-steel.eu\/\",\"logo\":{\"@type\":\"ImageObject\",\"inLanguage\":\"nb-NO\",\"@id\":\"https:\/\/com.rst-steel.eu\/#\/schema\/logo\/image\/\",\"url\":\"https:\/\/com.rst-steel.eu\/wp-content\/uploads\/2023\/04\/cropped-Rst-logo-valkoinen-teksti-3.png\",\"contentUrl\":\"https:\/\/com.rst-steel.eu\/wp-content\/uploads\/2023\/04\/cropped-Rst-logo-valkoinen-teksti-3.png\",\"width\":512,\"height\":115,\"caption\":\"RST-Steel Oy\"},\"image\":{\"@id\":\"https:\/\/com.rst-steel.eu\/#\/schema\/logo\/image\/\"},\"sameAs\":[\"https:\/\/www.facebook.com\/rststeel\",\"https:\/\/www.instagram.com\/rststeeloy\/\"]}]}<\/script>\n<!-- \/ Yoast SEO plugin. -->","yoast_head_json":{"title":"Takbjelke for varebiler med h\u00f8yt tak (smal) \u00d876mm - RST-Steel","description":"Roof Bar For High-Roof Vans, suitable for e.g. Ford, Volkswagen and Mercedes-Benz vans! Check out the product in our online store!","robots":{"index":"index","follow":"follow","max-snippet":"max-snippet:-1","max-image-preview":"max-image-preview:large","max-video-preview":"max-video-preview:-1"},"canonical":"https:\/\/com.rst-steel.eu\/nb\/produkt\/roof-bar-for-high-roof-vans-narrow-o76mm_prm_65820\/","og_locale":"nb_NO","og_type":"article","og_title":"Roof Bar For High-Roof Vans (Narrow) \u00d876mm - RST-Steel","og_description":"Roof Bar For High-Roof Vans, suitable for e.g. Ford, Volkswagen and Mercedes-Benz vans! Check out the product in our online store!","og_url":"https:\/\/com.rst-steel.eu\/nb\/produkt\/roof-bar-for-high-roof-vans-narrow-o76mm_prm_65820\/","og_site_name":"RST-Steel","article_publisher":"https:\/\/www.facebook.com\/rststeel","article_modified_time":"2026-03-16T06:17:29+00:00","og_image":[{"width":2560,"height":1707,"url":"https:\/\/com.rst-steel.eu\/wp-content\/uploads\/2024\/06\/037cbd3965b07b6a423a823d84a5b315bf5b79b9_SPR065_Tuotekuva-scaled.jpg","type":"image\/jpeg"}],"twitter_card":"summary_large_image","twitter_misc":{"Ansl. lesetid":"1 minutt"},"schema":{"@context":"https:\/\/schema.org","@graph":[{"@type":"WebPage","@id":"https:\/\/com.rst-steel.eu\/sv\/produkt\/roof-bar-for-high-roof-vans-narrow-o76mm_prm_65820\/","url":"https:\/\/com.rst-steel.eu\/sv\/produkt\/roof-bar-for-high-roof-vans-narrow-o76mm_prm_65820\/","name":"Takbjelke for varebiler med h\u00f8yt tak (smal) \u00d876mm - RST-Steel","isPartOf":{"@id":"https:\/\/com.rst-steel.eu\/#website"},"primaryImageOfPage":{"@id":"https:\/\/com.rst-steel.eu\/sv\/produkt\/roof-bar-for-high-roof-vans-narrow-o76mm_prm_65820\/#primaryimage"},"image":{"@id":"https:\/\/com.rst-steel.eu\/sv\/produkt\/roof-bar-for-high-roof-vans-narrow-o76mm_prm_65820\/#primaryimage"},"thumbnailUrl":"https:\/\/com.rst-steel.eu\/wp-content\/uploads\/2024\/06\/037cbd3965b07b6a423a823d84a5b315bf5b79b9_SPR065_Tuotekuva-scaled.jpg","datePublished":"2024-06-04T11:15:22+00:00","dateModified":"2026-03-16T06:17:29+00:00","description":"Roof Bar For High-Roof Vans, suitable for e.g. Ford, Volkswagen and Mercedes-Benz vans! Check out the product in our online store!","breadcrumb":{"@id":"https:\/\/com.rst-steel.eu\/sv\/produkt\/roof-bar-for-high-roof-vans-narrow-o76mm_prm_65820\/#breadcrumb"},"inLanguage":"nb-NO","potentialAction":[{"@type":"ReadAction","target":["https:\/\/com.rst-steel.eu\/sv\/produkt\/roof-bar-for-high-roof-vans-narrow-o76mm_prm_65820\/"]}]},{"@type":"ImageObject","inLanguage":"nb-NO","@id":"https:\/\/com.rst-steel.eu\/sv\/produkt\/roof-bar-for-high-roof-vans-narrow-o76mm_prm_65820\/#primaryimage","url":"https:\/\/com.rst-steel.eu\/wp-content\/uploads\/2024\/06\/037cbd3965b07b6a423a823d84a5b315bf5b79b9_SPR065_Tuotekuva-scaled.jpg","contentUrl":"https:\/\/com.rst-steel.eu\/wp-content\/uploads\/2024\/06\/037cbd3965b07b6a423a823d84a5b315bf5b79b9_SPR065_Tuotekuva-scaled.jpg","width":2560,"height":1707,"caption":"in the picture is Roof Bar For High-Roof Vans"},{"@type":"BreadcrumbList","@id":"https:\/\/com.rst-steel.eu\/sv\/produkt\/roof-bar-for-high-roof-vans-narrow-o76mm_prm_65820\/#breadcrumb","itemListElement":[{"@type":"ListItem","position":1,"name":"Home","item":"https:\/\/com.rst-steel.eu\/"},{"@type":"ListItem","position":2,"name":"RST-Steel Shop","item":"https:\/\/com.rst-steel.eu\/shop\/"},{"@type":"ListItem","position":3,"name":"Roof Bar For High-Roof Vans (Narrow) \u00d876mm"}]},{"@type":"WebSite","@id":"https:\/\/com.rst-steel.eu\/#website","url":"https:\/\/com.rst-steel.eu\/","name":"RST-Steel.com","description":"Finsk kvalitetsst\u00e5l, for kvalitetsbevisste sj\u00e5f\u00f8rer","publisher":{"@id":"https:\/\/com.rst-steel.eu\/#organization"},"alternateName":"Safe and stylish RST-Steel quality","potentialAction":[{"@type":"SearchAction","target":{"@type":"EntryPoint","urlTemplate":"https:\/\/com.rst-steel.eu\/?s={search_term_string}"},"query-input":{"@type":"PropertyValueSpecification","valueRequired":true,"valueName":"search_term_string"}}],"inLanguage":"nb-NO"},{"@type":"Organization","@id":"https:\/\/com.rst-steel.eu\/#organization","name":"RST-Steel Oy","url":"https:\/\/com.rst-steel.eu\/","logo":{"@type":"ImageObject","inLanguage":"nb-NO","@id":"https:\/\/com.rst-steel.eu\/#\/schema\/logo\/image\/","url":"https:\/\/com.rst-steel.eu\/wp-content\/uploads\/2023\/04\/cropped-Rst-logo-valkoinen-teksti-3.png","contentUrl":"https:\/\/com.rst-steel.eu\/wp-content\/uploads\/2023\/04\/cropped-Rst-logo-valkoinen-teksti-3.png","width":512,"height":115,"caption":"RST-Steel Oy"},"image":{"@id":"https:\/\/com.rst-steel.eu\/#\/schema\/logo\/image\/"},"sameAs":["https:\/\/www.facebook.com\/rststeel","https:\/\/www.instagram.com\/rststeeloy\/"]}]}},"brands":[{"id":8334,"name":"RST-Steel","slug":"brand_rststeel"}],"_links":{"self":[{"href":"https:\/\/com.rst-steel.eu\/nb\/wp-json\/wp\/v2\/product\/43483","targetHints":{"allow":["GET"]}}],"collection":[{"href":"https:\/\/com.rst-steel.eu\/nb\/wp-json\/wp\/v2\/product"}],"about":[{"href":"https:\/\/com.rst-steel.eu\/nb\/wp-json\/wp\/v2\/types\/product"}],"replies":[{"embeddable":true,"href":"https:\/\/com.rst-steel.eu\/nb\/wp-json\/wp\/v2\/comments?post=43483"}],"version-history":[{"count":0,"href":"https:\/\/com.rst-steel.eu\/nb\/wp-json\/wp\/v2\/product\/43483\/revisions"}],"wp:featuredmedia":[{"embeddable":true,"href":"https:\/\/com.rst-steel.eu\/nb\/wp-json\/wp\/v2\/media\/43481"}],"wp:attachment":[{"href":"https:\/\/com.rst-steel.eu\/nb\/wp-json\/wp\/v2\/media?parent=43483"}],"wp:term":[{"taxonomy":"make_fuel_type","embeddable":true,"href":"https:\/\/com.rst-steel.eu\/nb\/wp-json\/wp\/v2\/make_fuel_type?post=43483"},{"taxonomy":"make_model","embeddable":true,"href":"https:\/\/com.rst-steel.eu\/nb\/wp-json\/wp\/v2\/make_model?post=43483"},{"taxonomy":"make_brand","embeddable":true,"href":"https:\/\/com.rst-steel.eu\/nb\/wp-json\/wp\/v2\/make_brand?post=43483"},{"taxonomy":"make_year","embeddable":true,"href":"https:\/\/com.rst-steel.eu\/nb\/wp-json\/wp\/v2\/make_year?post=43483"},{"taxonomy":"pwb-brand","embeddable":true,"href":"https:\/\/com.rst-steel.eu\/nb\/wp-json\/wp\/v2\/pwb-brand?post=43483"},{"taxonomy":"product_brand","embeddable":true,"href":"https:\/\/com.rst-steel.eu\/nb\/wp-json\/wp\/v2\/product_brand?post=43483"},{"taxonomy":"product_cat","embeddable":true,"href":"https:\/\/com.rst-steel.eu\/nb\/wp-json\/wp\/v2\/product_cat?post=43483"},{"taxonomy":"product_tag","embeddable":true,"href":"https:\/\/com.rst-steel.eu\/nb\/wp-json\/wp\/v2\/product_tag?post=43483"}],"curies":[{"name":"wp","href":"https:\/\/api.w.org\/{rel}","templated":true}]}}