{"id":43089,"date":"2024-04-26T11:15:06","date_gmt":"2024-04-26T08:15:06","guid":{"rendered":"https:\/\/rst-steel.com\/product\/roof-bar-caterpillar-926m-_prm_65625\/"},"modified":"2026-03-16T09:20:56","modified_gmt":"2026-03-16T06:20:56","slug":"roof-bar-caterpillar-926m-_prm_65625","status":"publish","type":"product","link":"https:\/\/com.rst-steel.eu\/nb\/produkt\/roof-bar-caterpillar-926m-_prm_65625\/","title":{"rendered":"Roof Bar Caterpillar 926M"},"content":{"rendered":"<p>Roof Bar Caterpillar 926M<\/p>\n<p>&nbsp;<\/p>\n<p>RST-Steel\u2019s roof bars are high-quality products made of stainless steel. The roof bars can be equipped with work lights and position lights, which improve your visibility in traffic, and at the same time increase safety for yourself and others in traffic.<\/p>\n<p>&nbsp;<\/p>\n<p><span style=\"font-weight: bold;\">Teknisk informasjon:<\/span><\/p>\n<ul>\n<li>Farge: Polert rustfritt st\u00e5l eller lakkering med RAL-standardfarger<\/li>\n<li>R\u00f8rdiameter: 60 mm<\/li>\n<\/ul>\n<p>&nbsp;<\/p>\n<p><span style=\"font-weight: bold;\">Innhold i leveransen:<\/span><\/p>\n<ul>\n<li>Takbjelke<\/li>\n<li>Festemidler som kreves for installasjon<\/li>\n<li>Installasjonsinstruksjoner<\/li>\n<\/ul>","protected":false},"excerpt":{"rendered":"<p>Flere modellalternativer tilgjengelig!<\/p>","protected":false},"featured_media":120821,"comment_status":"open","ping_status":"closed","template":"","meta":{"_improvement_type_select":"improve_an_existing","_thumb_yes_seoaic":false,"_frame_yes_seoaic":false,"seoaic_generate_description":"","seoaic_improve_instructions_prompt":"","seoaic_rollback_content_improvement":"","seoaic_idea_thumbnail_generator":"","thumbnail_generated":false,"thumbnail_generate_prompt":"","seoaic_article_description":""},"make_fuel_type":[],"make_model":[6642],"make_brand":[6466],"make_year":[6465],"pwb-brand":[8334],"product_brand":[],"product_cat":[8080,6057,6073],"product_tag":[7549],"class_list":{"0":"post-43089","1":"product","2":"type-product","3":"status-publish","4":"has-post-thumbnail","6":"make_model-caterpillar-excavators","7":"make_brand-caterpillar","8":"make_year-workmachines","9":"pwb-brand-brand_rststeel","10":"product_cat-caterpillar-rb-wl","11":"product_cat-lightbars","12":"product_cat-roofbars-for-whee-loaders","13":"product_tag-takbage","14":"product_shipping_class-lightbars","16":"first","17":"onbackorder","18":"taxable","19":"shipping-taxable","20":"purchasable","21":"product-type-variable"},"yoast_head":"<!-- This site is optimized with the Yoast SEO plugin v25.7 - https:\/\/yoast.com\/wordpress\/plugins\/seo\/ -->\n<title>Roof Bar Caterpillar 926M - RST-Steel<\/title>\n<meta name=\"description\" content=\"Roof Bar Caterpillar 926M models. Roof bars are high-quality products made of stainless steel. Check out the product variants in our online store!\" \/>\n<meta name=\"robots\" content=\"index, follow, max-snippet:-1, max-image-preview:large, max-video-preview:-1\" \/>\n<link rel=\"canonical\" href=\"https:\/\/com.rst-steel.eu\/nb\/produkt\/roof-bar-caterpillar-926m-_prm_65625\/\" \/>\n<meta property=\"og:locale\" content=\"nb_NO\" \/>\n<meta property=\"og:type\" content=\"article\" \/>\n<meta property=\"og:title\" content=\"Roof Bar Caterpillar 926M - RST-Steel\" \/>\n<meta property=\"og:description\" content=\"Roof Bar Caterpillar 926M models. Roof bars are high-quality products made of stainless steel. Check out the product variants in our online store!\" \/>\n<meta property=\"og:url\" content=\"https:\/\/com.rst-steel.eu\/nb\/produkt\/roof-bar-caterpillar-926m-_prm_65625\/\" \/>\n<meta property=\"og:site_name\" content=\"RST-Steel\" \/>\n<meta property=\"article:publisher\" content=\"https:\/\/www.facebook.com\/rststeel\" \/>\n<meta property=\"article:modified_time\" content=\"2026-03-16T06:20:56+00:00\" \/>\n<meta property=\"og:image\" content=\"https:\/\/com.rst-steel.eu\/wp-content\/uploads\/2024\/04\/ValotelinekatolleCaterpillar926MPyorakuormaaja_TCA102A_bb0c9c9db3c8457b5a50dbd8b1dbbf1d_1-2.jpg\" \/>\n\t<meta property=\"og:image:width\" content=\"2000\" \/>\n\t<meta property=\"og:image:height\" content=\"1546\" \/>\n\t<meta property=\"og:image:type\" content=\"image\/jpeg\" \/>\n<meta name=\"twitter:card\" content=\"summary_large_image\" \/>\n<meta name=\"twitter:label1\" content=\"Ansl. lesetid\" \/>\n\t<meta name=\"twitter:data1\" content=\"1 minutt\" \/>\n<script type=\"application\/ld+json\" class=\"yoast-schema-graph\">{\"@context\":\"https:\/\/schema.org\",\"@graph\":[{\"@type\":\"WebPage\",\"@id\":\"https:\/\/com.rst-steel.eu\/nb\/produkt\/roof-bar-caterpillar-926m-_prm_65625\/\",\"url\":\"https:\/\/com.rst-steel.eu\/nb\/produkt\/roof-bar-caterpillar-926m-_prm_65625\/\",\"name\":\"Roof Bar Caterpillar 926M - RST-Steel\",\"isPartOf\":{\"@id\":\"https:\/\/com.rst-steel.eu\/#website\"},\"primaryImageOfPage\":{\"@id\":\"https:\/\/com.rst-steel.eu\/nb\/produkt\/roof-bar-caterpillar-926m-_prm_65625\/#primaryimage\"},\"image\":{\"@id\":\"https:\/\/com.rst-steel.eu\/nb\/produkt\/roof-bar-caterpillar-926m-_prm_65625\/#primaryimage\"},\"thumbnailUrl\":\"https:\/\/com.rst-steel.eu\/wp-content\/uploads\/2024\/04\/ValotelinekatolleCaterpillar926MPyorakuormaaja_TCA102A_bb0c9c9db3c8457b5a50dbd8b1dbbf1d_1-2.jpg\",\"datePublished\":\"2024-04-26T08:15:06+00:00\",\"dateModified\":\"2026-03-16T06:20:56+00:00\",\"description\":\"Roof Bar Caterpillar 926M models. Roof bars are high-quality products made of stainless steel. Check out the product variants in our online store!\",\"breadcrumb\":{\"@id\":\"https:\/\/com.rst-steel.eu\/nb\/produkt\/roof-bar-caterpillar-926m-_prm_65625\/#breadcrumb\"},\"inLanguage\":\"nb-NO\",\"potentialAction\":[{\"@type\":\"ReadAction\",\"target\":[\"https:\/\/com.rst-steel.eu\/nb\/produkt\/roof-bar-caterpillar-926m-_prm_65625\/\"]}]},{\"@type\":\"ImageObject\",\"inLanguage\":\"nb-NO\",\"@id\":\"https:\/\/com.rst-steel.eu\/nb\/produkt\/roof-bar-caterpillar-926m-_prm_65625\/#primaryimage\",\"url\":\"https:\/\/com.rst-steel.eu\/wp-content\/uploads\/2024\/04\/ValotelinekatolleCaterpillar926MPyorakuormaaja_TCA102A_bb0c9c9db3c8457b5a50dbd8b1dbbf1d_1-2.jpg\",\"contentUrl\":\"https:\/\/com.rst-steel.eu\/wp-content\/uploads\/2024\/04\/ValotelinekatolleCaterpillar926MPyorakuormaaja_TCA102A_bb0c9c9db3c8457b5a50dbd8b1dbbf1d_1-2.jpg\",\"width\":2000,\"height\":1546,\"caption\":\"Roof Bar Caterpillar 926M\"},{\"@type\":\"BreadcrumbList\",\"@id\":\"https:\/\/com.rst-steel.eu\/nb\/produkt\/roof-bar-caterpillar-926m-_prm_65625\/#breadcrumb\",\"itemListElement\":[{\"@type\":\"ListItem\",\"position\":1,\"name\":\"Home\",\"item\":\"https:\/\/com.rst-steel.eu\/\"},{\"@type\":\"ListItem\",\"position\":2,\"name\":\"RST-Steel Shop\",\"item\":\"https:\/\/com.rst-steel.eu\/shop\/\"},{\"@type\":\"ListItem\",\"position\":3,\"name\":\"Roof Bar Caterpillar 926M\"}]},{\"@type\":\"WebSite\",\"@id\":\"https:\/\/com.rst-steel.eu\/#website\",\"url\":\"https:\/\/com.rst-steel.eu\/\",\"name\":\"RST-Steel.com\",\"description\":\"Finnish quality steel, for quality-conscious drivers\",\"publisher\":{\"@id\":\"https:\/\/com.rst-steel.eu\/#organization\"},\"alternateName\":\"Safe and stylish RST-Steel quality\",\"potentialAction\":[{\"@type\":\"SearchAction\",\"target\":{\"@type\":\"EntryPoint\",\"urlTemplate\":\"https:\/\/com.rst-steel.eu\/?s={search_term_string}\"},\"query-input\":{\"@type\":\"PropertyValueSpecification\",\"valueRequired\":true,\"valueName\":\"search_term_string\"}}],\"inLanguage\":\"nb-NO\"},{\"@type\":\"Organization\",\"@id\":\"https:\/\/com.rst-steel.eu\/#organization\",\"name\":\"RST-Steel Oy\",\"url\":\"https:\/\/com.rst-steel.eu\/\",\"logo\":{\"@type\":\"ImageObject\",\"inLanguage\":\"nb-NO\",\"@id\":\"https:\/\/com.rst-steel.eu\/#\/schema\/logo\/image\/\",\"url\":\"https:\/\/com.rst-steel.eu\/wp-content\/uploads\/2023\/04\/cropped-Rst-logo-valkoinen-teksti-3.png\",\"contentUrl\":\"https:\/\/com.rst-steel.eu\/wp-content\/uploads\/2023\/04\/cropped-Rst-logo-valkoinen-teksti-3.png\",\"width\":512,\"height\":115,\"caption\":\"RST-Steel Oy\"},\"image\":{\"@id\":\"https:\/\/com.rst-steel.eu\/#\/schema\/logo\/image\/\"},\"sameAs\":[\"https:\/\/www.facebook.com\/rststeel\",\"https:\/\/www.instagram.com\/rststeeloy\/\"]}]}<\/script>\n<!-- \/ Yoast SEO plugin. -->","yoast_head_json":{"title":"Roof Bar Caterpillar 926M - RST-Steel","description":"Roof Bar Caterpillar 926M models. Roof bars are high-quality products made of stainless steel. Check out the product variants in our online store!","robots":{"index":"index","follow":"follow","max-snippet":"max-snippet:-1","max-image-preview":"max-image-preview:large","max-video-preview":"max-video-preview:-1"},"canonical":"https:\/\/com.rst-steel.eu\/nb\/produkt\/roof-bar-caterpillar-926m-_prm_65625\/","og_locale":"nb_NO","og_type":"article","og_title":"Roof Bar Caterpillar 926M - RST-Steel","og_description":"Roof Bar Caterpillar 926M models. Roof bars are high-quality products made of stainless steel. Check out the product variants in our online store!","og_url":"https:\/\/com.rst-steel.eu\/nb\/produkt\/roof-bar-caterpillar-926m-_prm_65625\/","og_site_name":"RST-Steel","article_publisher":"https:\/\/www.facebook.com\/rststeel","article_modified_time":"2026-03-16T06:20:56+00:00","og_image":[{"width":2000,"height":1546,"url":"https:\/\/com.rst-steel.eu\/wp-content\/uploads\/2024\/04\/ValotelinekatolleCaterpillar926MPyorakuormaaja_TCA102A_bb0c9c9db3c8457b5a50dbd8b1dbbf1d_1-2.jpg","type":"image\/jpeg"}],"twitter_card":"summary_large_image","twitter_misc":{"Ansl. lesetid":"1 minutt"},"schema":{"@context":"https:\/\/schema.org","@graph":[{"@type":"WebPage","@id":"https:\/\/com.rst-steel.eu\/nb\/produkt\/roof-bar-caterpillar-926m-_prm_65625\/","url":"https:\/\/com.rst-steel.eu\/nb\/produkt\/roof-bar-caterpillar-926m-_prm_65625\/","name":"Roof Bar Caterpillar 926M - RST-Steel","isPartOf":{"@id":"https:\/\/com.rst-steel.eu\/#website"},"primaryImageOfPage":{"@id":"https:\/\/com.rst-steel.eu\/nb\/produkt\/roof-bar-caterpillar-926m-_prm_65625\/#primaryimage"},"image":{"@id":"https:\/\/com.rst-steel.eu\/nb\/produkt\/roof-bar-caterpillar-926m-_prm_65625\/#primaryimage"},"thumbnailUrl":"https:\/\/com.rst-steel.eu\/wp-content\/uploads\/2024\/04\/ValotelinekatolleCaterpillar926MPyorakuormaaja_TCA102A_bb0c9c9db3c8457b5a50dbd8b1dbbf1d_1-2.jpg","datePublished":"2024-04-26T08:15:06+00:00","dateModified":"2026-03-16T06:20:56+00:00","description":"Roof Bar Caterpillar 926M models. Roof bars are high-quality products made of stainless steel. Check out the product variants in our online store!","breadcrumb":{"@id":"https:\/\/com.rst-steel.eu\/nb\/produkt\/roof-bar-caterpillar-926m-_prm_65625\/#breadcrumb"},"inLanguage":"nb-NO","potentialAction":[{"@type":"ReadAction","target":["https:\/\/com.rst-steel.eu\/nb\/produkt\/roof-bar-caterpillar-926m-_prm_65625\/"]}]},{"@type":"ImageObject","inLanguage":"nb-NO","@id":"https:\/\/com.rst-steel.eu\/nb\/produkt\/roof-bar-caterpillar-926m-_prm_65625\/#primaryimage","url":"https:\/\/com.rst-steel.eu\/wp-content\/uploads\/2024\/04\/ValotelinekatolleCaterpillar926MPyorakuormaaja_TCA102A_bb0c9c9db3c8457b5a50dbd8b1dbbf1d_1-2.jpg","contentUrl":"https:\/\/com.rst-steel.eu\/wp-content\/uploads\/2024\/04\/ValotelinekatolleCaterpillar926MPyorakuormaaja_TCA102A_bb0c9c9db3c8457b5a50dbd8b1dbbf1d_1-2.jpg","width":2000,"height":1546,"caption":"Roof Bar Caterpillar 926M"},{"@type":"BreadcrumbList","@id":"https:\/\/com.rst-steel.eu\/nb\/produkt\/roof-bar-caterpillar-926m-_prm_65625\/#breadcrumb","itemListElement":[{"@type":"ListItem","position":1,"name":"Home","item":"https:\/\/com.rst-steel.eu\/"},{"@type":"ListItem","position":2,"name":"RST-Steel Shop","item":"https:\/\/com.rst-steel.eu\/shop\/"},{"@type":"ListItem","position":3,"name":"Roof Bar Caterpillar 926M"}]},{"@type":"WebSite","@id":"https:\/\/com.rst-steel.eu\/#website","url":"https:\/\/com.rst-steel.eu\/","name":"RST-Steel.com","description":"Finsk kvalitetsst\u00e5l, for kvalitetsbevisste sj\u00e5f\u00f8rer","publisher":{"@id":"https:\/\/com.rst-steel.eu\/#organization"},"alternateName":"Safe and stylish RST-Steel quality","potentialAction":[{"@type":"SearchAction","target":{"@type":"EntryPoint","urlTemplate":"https:\/\/com.rst-steel.eu\/?s={search_term_string}"},"query-input":{"@type":"PropertyValueSpecification","valueRequired":true,"valueName":"search_term_string"}}],"inLanguage":"nb-NO"},{"@type":"Organization","@id":"https:\/\/com.rst-steel.eu\/#organization","name":"RST-Steel Oy","url":"https:\/\/com.rst-steel.eu\/","logo":{"@type":"ImageObject","inLanguage":"nb-NO","@id":"https:\/\/com.rst-steel.eu\/#\/schema\/logo\/image\/","url":"https:\/\/com.rst-steel.eu\/wp-content\/uploads\/2023\/04\/cropped-Rst-logo-valkoinen-teksti-3.png","contentUrl":"https:\/\/com.rst-steel.eu\/wp-content\/uploads\/2023\/04\/cropped-Rst-logo-valkoinen-teksti-3.png","width":512,"height":115,"caption":"RST-Steel Oy"},"image":{"@id":"https:\/\/com.rst-steel.eu\/#\/schema\/logo\/image\/"},"sameAs":["https:\/\/www.facebook.com\/rststeel","https:\/\/www.instagram.com\/rststeeloy\/"]}]}},"brands":[{"id":8334,"name":"RST-Steel","slug":"brand_rststeel"}],"_links":{"self":[{"href":"https:\/\/com.rst-steel.eu\/nb\/wp-json\/wp\/v2\/product\/43089","targetHints":{"allow":["GET"]}}],"collection":[{"href":"https:\/\/com.rst-steel.eu\/nb\/wp-json\/wp\/v2\/product"}],"about":[{"href":"https:\/\/com.rst-steel.eu\/nb\/wp-json\/wp\/v2\/types\/product"}],"replies":[{"embeddable":true,"href":"https:\/\/com.rst-steel.eu\/nb\/wp-json\/wp\/v2\/comments?post=43089"}],"version-history":[{"count":0,"href":"https:\/\/com.rst-steel.eu\/nb\/wp-json\/wp\/v2\/product\/43089\/revisions"}],"wp:featuredmedia":[{"embeddable":true,"href":"https:\/\/com.rst-steel.eu\/nb\/wp-json\/wp\/v2\/media\/120821"}],"wp:attachment":[{"href":"https:\/\/com.rst-steel.eu\/nb\/wp-json\/wp\/v2\/media?parent=43089"}],"wp:term":[{"taxonomy":"make_fuel_type","embeddable":true,"href":"https:\/\/com.rst-steel.eu\/nb\/wp-json\/wp\/v2\/make_fuel_type?post=43089"},{"taxonomy":"make_model","embeddable":true,"href":"https:\/\/com.rst-steel.eu\/nb\/wp-json\/wp\/v2\/make_model?post=43089"},{"taxonomy":"make_brand","embeddable":true,"href":"https:\/\/com.rst-steel.eu\/nb\/wp-json\/wp\/v2\/make_brand?post=43089"},{"taxonomy":"make_year","embeddable":true,"href":"https:\/\/com.rst-steel.eu\/nb\/wp-json\/wp\/v2\/make_year?post=43089"},{"taxonomy":"pwb-brand","embeddable":true,"href":"https:\/\/com.rst-steel.eu\/nb\/wp-json\/wp\/v2\/pwb-brand?post=43089"},{"taxonomy":"product_brand","embeddable":true,"href":"https:\/\/com.rst-steel.eu\/nb\/wp-json\/wp\/v2\/product_brand?post=43089"},{"taxonomy":"product_cat","embeddable":true,"href":"https:\/\/com.rst-steel.eu\/nb\/wp-json\/wp\/v2\/product_cat?post=43089"},{"taxonomy":"product_tag","embeddable":true,"href":"https:\/\/com.rst-steel.eu\/nb\/wp-json\/wp\/v2\/product_tag?post=43089"}],"curies":[{"name":"wp","href":"https:\/\/api.w.org\/{rel}","templated":true}]}}