{"id":42777,"date":"2024-03-27T16:18:27","date_gmt":"2024-03-27T13:18:27","guid":{"rendered":"https:\/\/rst-steel.com\/product\/bull-bar-freeway-scania-nextgen-r-s-2017-_prm_70481\/"},"modified":"2026-03-16T09:17:02","modified_gmt":"2026-03-16T06:17:02","slug":"scania-nextgen-r-s-bull-bar-freeway-v58-legalpro_prm_70481","status":"publish","type":"product","link":"https:\/\/com.rst-steel.eu\/nb\/produkt\/scania-nextgen-r-s-bull-bar-freeway-v58-legalpro_prm_70481\/","title":{"rendered":"Scania NextGen R\/S Bull Bar Freeway V58 (LegalPro)"},"content":{"rendered":"<p><span style=\"font-weight: bold\">Egenskaper<\/span><\/p>\n<ul>\n<li><span style=\"font-weight: bold\">Kompatibilitet<\/span>: Fits Scania NextGen R\/S models with a big or medium bumper from 2017 onwards.<\/li>\n<li><span style=\"font-weight: bold\">Holdbarhet<\/span>: Manufactured from high-quality stainless steel designed to withstand even the toughest conditions.<\/li>\n<li><span style=\"font-weight: bold\">Easy installation<\/span>: Includes installation instructions and mounting hardware, allowing you to install the bullbar yourself.<\/li>\n<li><span style=\"font-weight: bold\">Stylish appearance:<\/span>&nbsp;This bull bar gives your vehicle a modern and dynamic look. Its sleek design and polished or painted steel finish make your truck stand out on the road.<\/li>\n<li><span style=\"font-weight: bold\">Maximum protection:<\/span>&nbsp;The bull bar provides effective protection for the front of your vehicle, helping to prevent damage in collisions. This reduces the risk of costly repairs and keeps your truck in better condition for longer.<\/li>\n<li>&nbsp;<\/li>\n<\/ul>\n<p><span style=\"font-weight: bold\">Note! I and J models are approved to be used all around Europe an in many other countries suchs as norway!<\/span><\/p>\n<ul>\n<li>Swedish Transport Agency TSFS 2017:10<\/li>\n<li>EU Directive 92\/114\/EEC<\/li>\n<li>ECE Regulation No. 61<\/li>\n<li>&nbsp;<\/li>\n<\/ul>\n<p>Based on this, Bull Bars have received official road traffic approval and can be legally used in all EU countries as well as in Norway. What does a road traffic-approved BullBar mean? A road traffic-approved BullBar means that the product is fully approved for road traffic use in Europe and Norway, and they can be installed on the vehicle even during inspection.<\/p>\n<ul>\n<li>&nbsp;<\/li>\n<\/ul>\n<p>RST-Steel\u2019s bull bars are premium&nbsp;<span style=\"font-weight: bold\">Finnish-made<\/span>&nbsp;products crafted from stainless steel.<\/p>\n<p>A bull bar protects the front of the truck in potential collision situations. It gives your vehicle a robust and stylish appearance, turns heads, and can spark admiration\u2014helping you and your company stand out.<\/p>\n<p>The bullbar can be equipped with auxiliary lights and position lights to improve visibility in traffic, adding safety for both you and others on the road.<\/p>\n<p><span style=\"font-weight: bold\">The bull bar is designed for quick and easy removal, for example during maintenance work.<\/span><\/p>\n<ul>\n<li>&nbsp;<\/li>\n<\/ul>\n<p><span style=\"font-weight: bold\">Hvorfor velge RST-Steel?<\/span><\/p>\n<ul>\n<li><span style=\"font-weight: bold\">Laget in Finalnd<\/span>&nbsp;Every RST-Steel product is made in our own factory in Nivala.<\/li>\n<li><span style=\"font-weight: bold\">P\u00e5litelighet<\/span>: Mange \u00e5rs erfaring og ekspertise for h\u00f8y kvalitet og holdbarhet hos v\u00e5re produkter.<\/li>\n<li><span style=\"font-weight: bold\">Kundetilfredshet:<\/span>&nbsp;Thousands of satisfied customers around the world trust RST-Steel products.<\/li>\n<li>&nbsp;<\/li>\n<\/ul>\n<p><span style=\"font-weight: bold\">Technical Specifications<\/span><\/p>\n<ul>\n<li>Color: Mirror-polished stainless steel or&nbsp;Powdercoated with RAL colors<\/li>\n<li>R\u00f8rdiameter: 60 mm<\/li>\n<li>&nbsp;<\/li>\n<\/ul>\n<p><a href=\"https:\/\/www.youtube.com\/watch?v=G2FVajPh-pM\"><strong>VIDEO AV INSTALLASJON AV BULLBAR-KABELSETT FINNES HER!<\/strong><\/a><\/p>\n<p><span style=\"font-weight: bold\">Delivery Contents<\/span><\/p>\n<ul>\n<li>Frontbeskytter<\/li>\n<li>Monteringsbraketter kreves for installasjon<\/li>\n<\/ul>\n<ul>\n<li>Installasjonsinstruksjoner<\/li>\n<\/ul>","protected":false},"excerpt":{"rendered":"<p><span style=\"font-weight: bold\">LegalPro model!<\/span><\/p>","protected":false},"featured_media":121416,"comment_status":"open","ping_status":"closed","template":"","meta":{"_improvement_type_select":"improve_an_existing","_thumb_yes_seoaic":false,"_frame_yes_seoaic":false,"seoaic_generate_description":"","seoaic_improve_instructions_prompt":"","seoaic_rollback_content_improvement":"","seoaic_idea_thumbnail_generator":"","thumbnail_generated":false,"thumbnail_generate_prompt":"","seoaic_article_description":""},"make_fuel_type":[],"make_model":[5620,5623],"make_brand":[3744],"make_year":[3748],"pwb-brand":[8334],"product_brand":[],"product_cat":[6280,7157],"product_tag":[8487,6683,8488,8494],"class_list":{"0":"post-42777","1":"product","2":"type-product","3":"status-publish","4":"has-post-thumbnail","6":"make_engine-daycab-low-cr","7":"make_engine-daycab-normal-cr","8":"make_engine-sleepercab-highline-cr","9":"make_engine-sleepercab-highline-cs","10":"make_engine-sleepercab-low-cr","11":"make_engine-sleepercab-normal-cr","12":"make_engine-sleepercab-normal-cs","13":"make_model-nextgen-r-2017","14":"make_model-nextgen-s-2017","15":"make_brand-scania","16":"make_year-trucks","17":"pwb-brand-brand_rststeel","18":"product_cat-bullbars","19":"product_cat-scania-ka-kk","20":"product_tag-bullbar-freeway","21":"product_tag-frontskydd","22":"product_tag-scania","23":"product_tag-scania-nextgen","24":"product_shipping_class-bullbars","26":"first","27":"instock","28":"taxable","29":"shipping-taxable","30":"purchasable","31":"product-type-variable"},"yoast_head":"<!-- This site is optimized with the Yoast SEO plugin v25.7 - https:\/\/yoast.com\/wordpress\/plugins\/seo\/ -->\n<title>Scania NextGen R\/S Bull Bar Freeway V58 (LegalPro) - RST-Steel<\/title>\n<meta name=\"description\" content=\"Bull Bar Freeway Scania NextGen R\/S 2017- models. I and J models are approved to be used all around Europe an in many other countries suchs as norway!\" \/>\n<meta name=\"robots\" content=\"index, follow, max-snippet:-1, max-image-preview:large, max-video-preview:-1\" \/>\n<link rel=\"canonical\" href=\"https:\/\/com.rst-steel.eu\/nb\/produkt\/scania-nextgen-r-s-bull-bar-freeway-v58-legalpro_prm_70481\/\" \/>\n<meta property=\"og:locale\" content=\"nb_NO\" \/>\n<meta property=\"og:type\" content=\"article\" \/>\n<meta property=\"og:title\" content=\"Scania NextGen R\/S Bull Bar Freeway V58 (LegalPro) - RST-Steel\" \/>\n<meta property=\"og:description\" content=\"Bull Bar Freeway Scania NextGen R\/S 2017- models. I and J models are approved to be used all around Europe an in many other countries suchs as norway!\" \/>\n<meta property=\"og:url\" content=\"https:\/\/com.rst-steel.eu\/nb\/produkt\/scania-nextgen-r-s-bull-bar-freeway-v58-legalpro_prm_70481\/\" \/>\n<meta property=\"og:site_name\" content=\"RST-Steel\" \/>\n<meta property=\"article:publisher\" content=\"https:\/\/www.facebook.com\/rststeel\" \/>\n<meta property=\"article:modified_time\" content=\"2026-03-16T06:17:02+00:00\" \/>\n<meta property=\"og:image\" content=\"https:\/\/com.rst-steel.eu\/wp-content\/uploads\/2026\/02\/f0d075c2e1ad767fe9a7223771e7d5590ce4e51e_SC0158A.jpg\" \/>\n\t<meta property=\"og:image:width\" content=\"2048\" \/>\n\t<meta property=\"og:image:height\" content=\"2048\" \/>\n\t<meta property=\"og:image:type\" content=\"image\/jpeg\" \/>\n<meta name=\"twitter:card\" content=\"summary_large_image\" \/>\n<meta name=\"twitter:label1\" content=\"Ansl. lesetid\" \/>\n\t<meta name=\"twitter:data1\" content=\"2 minutter\" \/>\n<script type=\"application\/ld+json\" class=\"yoast-schema-graph\">{\"@context\":\"https:\/\/schema.org\",\"@graph\":[{\"@type\":\"WebPage\",\"@id\":\"https:\/\/com.rst-steel.eu\/sv\/produkt\/scania-nextgen-r-s-bull-bar-freeway-v58-legalpro_prm_70481\/\",\"url\":\"https:\/\/com.rst-steel.eu\/sv\/produkt\/scania-nextgen-r-s-bull-bar-freeway-v58-legalpro_prm_70481\/\",\"name\":\"Scania NextGen R\/S Bull Bar Freeway V58 (LegalPro) - RST-Steel\",\"isPartOf\":{\"@id\":\"https:\/\/com.rst-steel.eu\/#website\"},\"primaryImageOfPage\":{\"@id\":\"https:\/\/com.rst-steel.eu\/sv\/produkt\/scania-nextgen-r-s-bull-bar-freeway-v58-legalpro_prm_70481\/#primaryimage\"},\"image\":{\"@id\":\"https:\/\/com.rst-steel.eu\/sv\/produkt\/scania-nextgen-r-s-bull-bar-freeway-v58-legalpro_prm_70481\/#primaryimage\"},\"thumbnailUrl\":\"https:\/\/com.rst-steel.eu\/wp-content\/uploads\/2026\/02\/f0d075c2e1ad767fe9a7223771e7d5590ce4e51e_SC0158A.jpg\",\"datePublished\":\"2024-03-27T13:18:27+00:00\",\"dateModified\":\"2026-03-16T06:17:02+00:00\",\"description\":\"Bull Bar Freeway Scania NextGen R\/S 2017- models. I and J models are approved to be used all around Europe an in many other countries suchs as norway!\",\"breadcrumb\":{\"@id\":\"https:\/\/com.rst-steel.eu\/sv\/produkt\/scania-nextgen-r-s-bull-bar-freeway-v58-legalpro_prm_70481\/#breadcrumb\"},\"inLanguage\":\"nb-NO\",\"potentialAction\":[{\"@type\":\"ReadAction\",\"target\":[\"https:\/\/com.rst-steel.eu\/sv\/produkt\/scania-nextgen-r-s-bull-bar-freeway-v58-legalpro_prm_70481\/\"]}]},{\"@type\":\"ImageObject\",\"inLanguage\":\"nb-NO\",\"@id\":\"https:\/\/com.rst-steel.eu\/sv\/produkt\/scania-nextgen-r-s-bull-bar-freeway-v58-legalpro_prm_70481\/#primaryimage\",\"url\":\"https:\/\/com.rst-steel.eu\/wp-content\/uploads\/2026\/02\/f0d075c2e1ad767fe9a7223771e7d5590ce4e51e_SC0158A.jpg\",\"contentUrl\":\"https:\/\/com.rst-steel.eu\/wp-content\/uploads\/2026\/02\/f0d075c2e1ad767fe9a7223771e7d5590ce4e51e_SC0158A.jpg\",\"width\":2048,\"height\":2048},{\"@type\":\"BreadcrumbList\",\"@id\":\"https:\/\/com.rst-steel.eu\/sv\/produkt\/scania-nextgen-r-s-bull-bar-freeway-v58-legalpro_prm_70481\/#breadcrumb\",\"itemListElement\":[{\"@type\":\"ListItem\",\"position\":1,\"name\":\"Home\",\"item\":\"https:\/\/com.rst-steel.eu\/\"},{\"@type\":\"ListItem\",\"position\":2,\"name\":\"RST-Steel Shop\",\"item\":\"https:\/\/com.rst-steel.eu\/shop\/\"},{\"@type\":\"ListItem\",\"position\":3,\"name\":\"Scania NextGen R\/S Bull Bar Freeway V58 (LegalPro)\"}]},{\"@type\":\"WebSite\",\"@id\":\"https:\/\/com.rst-steel.eu\/#website\",\"url\":\"https:\/\/com.rst-steel.eu\/\",\"name\":\"RST-Steel.com\",\"description\":\"Finnish quality steel, for quality-conscious drivers\",\"publisher\":{\"@id\":\"https:\/\/com.rst-steel.eu\/#organization\"},\"alternateName\":\"Safe and stylish RST-Steel quality\",\"potentialAction\":[{\"@type\":\"SearchAction\",\"target\":{\"@type\":\"EntryPoint\",\"urlTemplate\":\"https:\/\/com.rst-steel.eu\/?s={search_term_string}\"},\"query-input\":{\"@type\":\"PropertyValueSpecification\",\"valueRequired\":true,\"valueName\":\"search_term_string\"}}],\"inLanguage\":\"nb-NO\"},{\"@type\":\"Organization\",\"@id\":\"https:\/\/com.rst-steel.eu\/#organization\",\"name\":\"RST-Steel Oy\",\"url\":\"https:\/\/com.rst-steel.eu\/\",\"logo\":{\"@type\":\"ImageObject\",\"inLanguage\":\"nb-NO\",\"@id\":\"https:\/\/com.rst-steel.eu\/#\/schema\/logo\/image\/\",\"url\":\"https:\/\/com.rst-steel.eu\/wp-content\/uploads\/2023\/04\/cropped-Rst-logo-valkoinen-teksti-3.png\",\"contentUrl\":\"https:\/\/com.rst-steel.eu\/wp-content\/uploads\/2023\/04\/cropped-Rst-logo-valkoinen-teksti-3.png\",\"width\":512,\"height\":115,\"caption\":\"RST-Steel Oy\"},\"image\":{\"@id\":\"https:\/\/com.rst-steel.eu\/#\/schema\/logo\/image\/\"},\"sameAs\":[\"https:\/\/www.facebook.com\/rststeel\",\"https:\/\/www.instagram.com\/rststeeloy\/\"]}]}<\/script>\n<!-- \/ Yoast SEO plugin. -->","yoast_head_json":{"title":"Scania NextGen R\/S Bull Bar Freeway V58 (LegalPro) - RST-Steel","description":"Bull Bar Freeway Scania NextGen R\/S 2017- modeller. I- og J-modellene er godkjent for bruk over hele Europa og i mange andre land som Norge!","robots":{"index":"index","follow":"follow","max-snippet":"max-snippet:-1","max-image-preview":"max-image-preview:large","max-video-preview":"max-video-preview:-1"},"canonical":"https:\/\/com.rst-steel.eu\/nb\/produkt\/scania-nextgen-r-s-bull-bar-freeway-v58-legalpro_prm_70481\/","og_locale":"nb_NO","og_type":"article","og_title":"Scania NextGen R\/S Bull Bar Freeway V58 (LegalPro) - RST-Steel","og_description":"Bull Bar Freeway Scania NextGen R\/S 2017- models. I and J models are approved to be used all around Europe an in many other countries suchs as norway!","og_url":"https:\/\/com.rst-steel.eu\/nb\/produkt\/scania-nextgen-r-s-bull-bar-freeway-v58-legalpro_prm_70481\/","og_site_name":"RST-Steel","article_publisher":"https:\/\/www.facebook.com\/rststeel","article_modified_time":"2026-03-16T06:17:02+00:00","og_image":[{"width":2048,"height":2048,"url":"https:\/\/com.rst-steel.eu\/wp-content\/uploads\/2026\/02\/f0d075c2e1ad767fe9a7223771e7d5590ce4e51e_SC0158A.jpg","type":"image\/jpeg"}],"twitter_card":"summary_large_image","twitter_misc":{"Ansl. lesetid":"2 minutter"},"schema":{"@context":"https:\/\/schema.org","@graph":[{"@type":"WebPage","@id":"https:\/\/com.rst-steel.eu\/sv\/produkt\/scania-nextgen-r-s-bull-bar-freeway-v58-legalpro_prm_70481\/","url":"https:\/\/com.rst-steel.eu\/sv\/produkt\/scania-nextgen-r-s-bull-bar-freeway-v58-legalpro_prm_70481\/","name":"Scania NextGen R\/S Bull Bar Freeway V58 (LegalPro) - RST-Steel","isPartOf":{"@id":"https:\/\/com.rst-steel.eu\/#website"},"primaryImageOfPage":{"@id":"https:\/\/com.rst-steel.eu\/sv\/produkt\/scania-nextgen-r-s-bull-bar-freeway-v58-legalpro_prm_70481\/#primaryimage"},"image":{"@id":"https:\/\/com.rst-steel.eu\/sv\/produkt\/scania-nextgen-r-s-bull-bar-freeway-v58-legalpro_prm_70481\/#primaryimage"},"thumbnailUrl":"https:\/\/com.rst-steel.eu\/wp-content\/uploads\/2026\/02\/f0d075c2e1ad767fe9a7223771e7d5590ce4e51e_SC0158A.jpg","datePublished":"2024-03-27T13:18:27+00:00","dateModified":"2026-03-16T06:17:02+00:00","description":"Bull Bar Freeway Scania NextGen R\/S 2017- modeller. I- og J-modellene er godkjent for bruk over hele Europa og i mange andre land som Norge!","breadcrumb":{"@id":"https:\/\/com.rst-steel.eu\/sv\/produkt\/scania-nextgen-r-s-bull-bar-freeway-v58-legalpro_prm_70481\/#breadcrumb"},"inLanguage":"nb-NO","potentialAction":[{"@type":"ReadAction","target":["https:\/\/com.rst-steel.eu\/sv\/produkt\/scania-nextgen-r-s-bull-bar-freeway-v58-legalpro_prm_70481\/"]}]},{"@type":"ImageObject","inLanguage":"nb-NO","@id":"https:\/\/com.rst-steel.eu\/sv\/produkt\/scania-nextgen-r-s-bull-bar-freeway-v58-legalpro_prm_70481\/#primaryimage","url":"https:\/\/com.rst-steel.eu\/wp-content\/uploads\/2026\/02\/f0d075c2e1ad767fe9a7223771e7d5590ce4e51e_SC0158A.jpg","contentUrl":"https:\/\/com.rst-steel.eu\/wp-content\/uploads\/2026\/02\/f0d075c2e1ad767fe9a7223771e7d5590ce4e51e_SC0158A.jpg","width":2048,"height":2048},{"@type":"BreadcrumbList","@id":"https:\/\/com.rst-steel.eu\/sv\/produkt\/scania-nextgen-r-s-bull-bar-freeway-v58-legalpro_prm_70481\/#breadcrumb","itemListElement":[{"@type":"ListItem","position":1,"name":"Home","item":"https:\/\/com.rst-steel.eu\/"},{"@type":"ListItem","position":2,"name":"RST-Steel Shop","item":"https:\/\/com.rst-steel.eu\/shop\/"},{"@type":"ListItem","position":3,"name":"Scania NextGen R\/S Bull Bar Freeway V58 (LegalPro)"}]},{"@type":"WebSite","@id":"https:\/\/com.rst-steel.eu\/#website","url":"https:\/\/com.rst-steel.eu\/","name":"RST-Steel.com","description":"Finsk kvalitetsst\u00e5l, for kvalitetsbevisste sj\u00e5f\u00f8rer","publisher":{"@id":"https:\/\/com.rst-steel.eu\/#organization"},"alternateName":"Safe and stylish RST-Steel quality","potentialAction":[{"@type":"SearchAction","target":{"@type":"EntryPoint","urlTemplate":"https:\/\/com.rst-steel.eu\/?s={search_term_string}"},"query-input":{"@type":"PropertyValueSpecification","valueRequired":true,"valueName":"search_term_string"}}],"inLanguage":"nb-NO"},{"@type":"Organization","@id":"https:\/\/com.rst-steel.eu\/#organization","name":"RST-Steel Oy","url":"https:\/\/com.rst-steel.eu\/","logo":{"@type":"ImageObject","inLanguage":"nb-NO","@id":"https:\/\/com.rst-steel.eu\/#\/schema\/logo\/image\/","url":"https:\/\/com.rst-steel.eu\/wp-content\/uploads\/2023\/04\/cropped-Rst-logo-valkoinen-teksti-3.png","contentUrl":"https:\/\/com.rst-steel.eu\/wp-content\/uploads\/2023\/04\/cropped-Rst-logo-valkoinen-teksti-3.png","width":512,"height":115,"caption":"RST-Steel Oy"},"image":{"@id":"https:\/\/com.rst-steel.eu\/#\/schema\/logo\/image\/"},"sameAs":["https:\/\/www.facebook.com\/rststeel","https:\/\/www.instagram.com\/rststeeloy\/"]}]}},"brands":[{"id":8334,"name":"RST-Steel","slug":"brand_rststeel"}],"_links":{"self":[{"href":"https:\/\/com.rst-steel.eu\/nb\/wp-json\/wp\/v2\/product\/42777","targetHints":{"allow":["GET"]}}],"collection":[{"href":"https:\/\/com.rst-steel.eu\/nb\/wp-json\/wp\/v2\/product"}],"about":[{"href":"https:\/\/com.rst-steel.eu\/nb\/wp-json\/wp\/v2\/types\/product"}],"replies":[{"embeddable":true,"href":"https:\/\/com.rst-steel.eu\/nb\/wp-json\/wp\/v2\/comments?post=42777"}],"version-history":[{"count":0,"href":"https:\/\/com.rst-steel.eu\/nb\/wp-json\/wp\/v2\/product\/42777\/revisions"}],"wp:featuredmedia":[{"embeddable":true,"href":"https:\/\/com.rst-steel.eu\/nb\/wp-json\/wp\/v2\/media\/121416"}],"wp:attachment":[{"href":"https:\/\/com.rst-steel.eu\/nb\/wp-json\/wp\/v2\/media?parent=42777"}],"wp:term":[{"taxonomy":"make_fuel_type","embeddable":true,"href":"https:\/\/com.rst-steel.eu\/nb\/wp-json\/wp\/v2\/make_fuel_type?post=42777"},{"taxonomy":"make_model","embeddable":true,"href":"https:\/\/com.rst-steel.eu\/nb\/wp-json\/wp\/v2\/make_model?post=42777"},{"taxonomy":"make_brand","embeddable":true,"href":"https:\/\/com.rst-steel.eu\/nb\/wp-json\/wp\/v2\/make_brand?post=42777"},{"taxonomy":"make_year","embeddable":true,"href":"https:\/\/com.rst-steel.eu\/nb\/wp-json\/wp\/v2\/make_year?post=42777"},{"taxonomy":"pwb-brand","embeddable":true,"href":"https:\/\/com.rst-steel.eu\/nb\/wp-json\/wp\/v2\/pwb-brand?post=42777"},{"taxonomy":"product_brand","embeddable":true,"href":"https:\/\/com.rst-steel.eu\/nb\/wp-json\/wp\/v2\/product_brand?post=42777"},{"taxonomy":"product_cat","embeddable":true,"href":"https:\/\/com.rst-steel.eu\/nb\/wp-json\/wp\/v2\/product_cat?post=42777"},{"taxonomy":"product_tag","embeddable":true,"href":"https:\/\/com.rst-steel.eu\/nb\/wp-json\/wp\/v2\/product_tag?post=42777"}],"curies":[{"name":"wp","href":"https:\/\/api.w.org\/{rel}","templated":true}]}}