{"id":42140,"date":"2024-02-22T16:37:54","date_gmt":"2024-02-22T13:37:54","guid":{"rendered":"https:\/\/rst-steel.com\/product\/roof-bar-mercedes-benz-actros-23m-classicspace-short-model_prm_66178\/"},"modified":"2026-03-13T14:30:17","modified_gmt":"2026-03-13T11:30:17","slug":"roof-bar-mercedes-benz-actros-23m-classicspace-short-model_prm_66178","status":"publish","type":"product","link":"https:\/\/com.rst-steel.eu\/nb\/produkt\/roof-bar-mercedes-benz-actros-23m-classicspace-short-model_prm_66178\/","title":{"rendered":"Roof Bar Mercedes-Benz Actros 2,3m (ClassicSpace \/ Short model)"},"content":{"rendered":"<p>Roof Bar Mercedes-Benz Actros 2,3m (ClassicSpace \/ Short model)<\/p>\n<p><\/p>\n<p>RST-Steel\u2019s roof bars are high-quality products made of stainless steel.<\/p>\n<p>Gir k\u00f8ret\u00f8yet et pent og elegant utseende som trekker blikket og kan vekke \u00abjernfeber\u00bb, noe som gj\u00f8r at du og din bedrift skiller seg ut.<\/p>\n<p>Takb\u00f8ylene kan utstyres med ekstralys og posisjonslys, noe som forbedrer sikten i trafikken og samtidig \u00f8ker sikkerheten for deg selv og andre i trafikken.<\/p>\n<p>For vehicles that have a cooling unit and big wind reflector on the roof.<\/p>\n<p><\/p>\n<p>B\u00f8ylen kan utstyres med: 2 stk. Lazer Triple-R 1000 eller 4 stk. 9\u2019\u2019 Lazer Sentinel<\/p>\n<p><\/p>\n<p><span style=\"font-weight: bold\">Teknisk informasjon:<\/span><\/p>\n<ul>\n<li>Farge: Polert rustfritt st\u00e5l eller pulverlakkert med RAL-fargekode<\/li>\n<li>R\u00f8rdiameter: 76 mm<\/li>\n<li>Sveiset skinne for lampebeslag<\/li>\n<\/ul>\n<p>&nbsp;<\/p>\n<p><span style=\"font-weight: bold\">Innhold i leveransen:<\/span><\/p>\n<ul>\n<li>Takbjelke<\/li>\n<li>Festemidler som kreves for installasjon<\/li>\n<li>Installasjonsinstruksjoner<\/li>\n<\/ul>","protected":false},"excerpt":{"rendered":"<p>For vehicles that have a cooling unit and big wind reflector on the roof.<\/p>","protected":false},"featured_media":42138,"comment_status":"open","ping_status":"closed","template":"","meta":{"_improvement_type_select":"improve_an_existing","_thumb_yes_seoaic":false,"_frame_yes_seoaic":false,"seoaic_generate_description":"","seoaic_improve_instructions_prompt":"","seoaic_rollback_content_improvement":"","seoaic_idea_thumbnail_generator":"","thumbnail_generated":false,"thumbnail_generate_prompt":"","seoaic_article_description":""},"make_fuel_type":[],"make_model":[5649,6474],"make_brand":[6469],"make_year":[3748],"pwb-brand":[8334],"product_brand":[],"product_cat":[6057,6058,7167],"product_tag":[6611,6610,7549],"class_list":{"0":"post-42140","1":"product","2":"type-product","3":"status-publish","4":"has-post-thumbnail","6":"make_engine-classicspace-2-3m","7":"make_model-actros-mp4-mp5","8":"make_model-arocs","9":"make_brand-mercedes-benz","10":"make_year-trucks","11":"pwb-brand-brand_rststeel","12":"product_cat-lightbars","13":"product_cat-roofbars-for-trucks","14":"product_cat-mb-ka-lt","15":"product_tag-mercedes","16":"product_tag-mercedes-benz","17":"product_tag-takbage","18":"product_shipping_class-lightbars","20":"first","21":"onbackorder","22":"taxable","23":"shipping-taxable","24":"purchasable","25":"product-type-variable"},"yoast_head":"<!-- This site is optimized with the Yoast SEO plugin v25.7 - https:\/\/yoast.com\/wordpress\/plugins\/seo\/ -->\n<title>Roof Bar Mercedes-Benz Actros - RST-Steel<\/title>\n<meta name=\"description\" content=\"Roof Bar Mercedes-Benz Actros 2,3m ClassicSpace \/ Short model cab. Several model options available! Check out the products in our online store!\" \/>\n<meta name=\"robots\" content=\"index, follow, max-snippet:-1, max-image-preview:large, max-video-preview:-1\" \/>\n<link rel=\"canonical\" href=\"https:\/\/com.rst-steel.eu\/nb\/produkt\/roof-bar-mercedes-benz-actros-23m-classicspace-short-model_prm_66178\/\" \/>\n<meta property=\"og:locale\" content=\"nb_NO\" \/>\n<meta property=\"og:type\" content=\"article\" \/>\n<meta property=\"og:title\" content=\"Roof Bar Mercedes-Benz Actros - RST-Steel\" \/>\n<meta property=\"og:description\" content=\"Roof Bar Mercedes-Benz Actros 2,3m ClassicSpace \/ Short model cab. Several model options available! Check out the products in our online store!\" \/>\n<meta property=\"og:url\" content=\"https:\/\/com.rst-steel.eu\/nb\/produkt\/roof-bar-mercedes-benz-actros-23m-classicspace-short-model_prm_66178\/\" \/>\n<meta property=\"og:site_name\" content=\"RST-Steel\" \/>\n<meta property=\"article:publisher\" content=\"https:\/\/www.facebook.com\/rststeel\" \/>\n<meta property=\"article:modified_time\" content=\"2026-03-13T11:30:17+00:00\" \/>\n<meta property=\"og:image\" content=\"https:\/\/com.rst-steel.eu\/wp-content\/uploads\/2024\/02\/d6160c8694e3b11cd79673f39149676527315338_MB2110A.jpg\" \/>\n\t<meta property=\"og:image:width\" content=\"1432\" \/>\n\t<meta property=\"og:image:height\" content=\"1074\" \/>\n\t<meta property=\"og:image:type\" content=\"image\/jpeg\" \/>\n<meta name=\"twitter:card\" content=\"summary_large_image\" \/>\n<meta name=\"twitter:label1\" content=\"Ansl. lesetid\" \/>\n\t<meta name=\"twitter:data1\" content=\"1 minutt\" \/>\n<script type=\"application\/ld+json\" class=\"yoast-schema-graph\">{\"@context\":\"https:\/\/schema.org\",\"@graph\":[{\"@type\":\"WebPage\",\"@id\":\"https:\/\/com.rst-steel.eu\/nb\/produkt\/roof-bar-mercedes-benz-actros-23m-classicspace-short-model_prm_66178\/\",\"url\":\"https:\/\/com.rst-steel.eu\/nb\/produkt\/roof-bar-mercedes-benz-actros-23m-classicspace-short-model_prm_66178\/\",\"name\":\"Roof Bar Mercedes-Benz Actros - RST-Steel\",\"isPartOf\":{\"@id\":\"https:\/\/com.rst-steel.eu\/#website\"},\"primaryImageOfPage\":{\"@id\":\"https:\/\/com.rst-steel.eu\/nb\/produkt\/roof-bar-mercedes-benz-actros-23m-classicspace-short-model_prm_66178\/#primaryimage\"},\"image\":{\"@id\":\"https:\/\/com.rst-steel.eu\/nb\/produkt\/roof-bar-mercedes-benz-actros-23m-classicspace-short-model_prm_66178\/#primaryimage\"},\"thumbnailUrl\":\"https:\/\/com.rst-steel.eu\/wp-content\/uploads\/2024\/02\/d6160c8694e3b11cd79673f39149676527315338_MB2110A.jpg\",\"datePublished\":\"2024-02-22T13:37:54+00:00\",\"dateModified\":\"2026-03-13T11:30:17+00:00\",\"description\":\"Roof Bar Mercedes-Benz Actros 2,3m ClassicSpace \/ Short model cab. Several model options available! Check out the products in our online store!\",\"breadcrumb\":{\"@id\":\"https:\/\/com.rst-steel.eu\/nb\/produkt\/roof-bar-mercedes-benz-actros-23m-classicspace-short-model_prm_66178\/#breadcrumb\"},\"inLanguage\":\"nb-NO\",\"potentialAction\":[{\"@type\":\"ReadAction\",\"target\":[\"https:\/\/com.rst-steel.eu\/nb\/produkt\/roof-bar-mercedes-benz-actros-23m-classicspace-short-model_prm_66178\/\"]}]},{\"@type\":\"ImageObject\",\"inLanguage\":\"nb-NO\",\"@id\":\"https:\/\/com.rst-steel.eu\/nb\/produkt\/roof-bar-mercedes-benz-actros-23m-classicspace-short-model_prm_66178\/#primaryimage\",\"url\":\"https:\/\/com.rst-steel.eu\/wp-content\/uploads\/2024\/02\/d6160c8694e3b11cd79673f39149676527315338_MB2110A.jpg\",\"contentUrl\":\"https:\/\/com.rst-steel.eu\/wp-content\/uploads\/2024\/02\/d6160c8694e3b11cd79673f39149676527315338_MB2110A.jpg\",\"width\":1432,\"height\":1074,\"caption\":\"Roof Bar Mercedes-Benz Actros 2,3m (ClassicSpace \/ Short model)\"},{\"@type\":\"BreadcrumbList\",\"@id\":\"https:\/\/com.rst-steel.eu\/nb\/produkt\/roof-bar-mercedes-benz-actros-23m-classicspace-short-model_prm_66178\/#breadcrumb\",\"itemListElement\":[{\"@type\":\"ListItem\",\"position\":1,\"name\":\"Home\",\"item\":\"https:\/\/com.rst-steel.eu\/\"},{\"@type\":\"ListItem\",\"position\":2,\"name\":\"RST-Steel Shop\",\"item\":\"https:\/\/com.rst-steel.eu\/shop\/\"},{\"@type\":\"ListItem\",\"position\":3,\"name\":\"Roof Bar Mercedes-Benz Actros 2,3m (ClassicSpace \/ Short model)\"}]},{\"@type\":\"WebSite\",\"@id\":\"https:\/\/com.rst-steel.eu\/#website\",\"url\":\"https:\/\/com.rst-steel.eu\/\",\"name\":\"RST-Steel.com\",\"description\":\"Finnish quality steel, for quality-conscious drivers\",\"publisher\":{\"@id\":\"https:\/\/com.rst-steel.eu\/#organization\"},\"alternateName\":\"Safe and stylish RST-Steel quality\",\"potentialAction\":[{\"@type\":\"SearchAction\",\"target\":{\"@type\":\"EntryPoint\",\"urlTemplate\":\"https:\/\/com.rst-steel.eu\/?s={search_term_string}\"},\"query-input\":{\"@type\":\"PropertyValueSpecification\",\"valueRequired\":true,\"valueName\":\"search_term_string\"}}],\"inLanguage\":\"nb-NO\"},{\"@type\":\"Organization\",\"@id\":\"https:\/\/com.rst-steel.eu\/#organization\",\"name\":\"RST-Steel Oy\",\"url\":\"https:\/\/com.rst-steel.eu\/\",\"logo\":{\"@type\":\"ImageObject\",\"inLanguage\":\"nb-NO\",\"@id\":\"https:\/\/com.rst-steel.eu\/#\/schema\/logo\/image\/\",\"url\":\"https:\/\/com.rst-steel.eu\/wp-content\/uploads\/2023\/04\/cropped-Rst-logo-valkoinen-teksti-3.png\",\"contentUrl\":\"https:\/\/com.rst-steel.eu\/wp-content\/uploads\/2023\/04\/cropped-Rst-logo-valkoinen-teksti-3.png\",\"width\":512,\"height\":115,\"caption\":\"RST-Steel Oy\"},\"image\":{\"@id\":\"https:\/\/com.rst-steel.eu\/#\/schema\/logo\/image\/\"},\"sameAs\":[\"https:\/\/www.facebook.com\/rststeel\",\"https:\/\/www.instagram.com\/rststeeloy\/\"]}]}<\/script>\n<!-- \/ Yoast SEO plugin. -->","yoast_head_json":{"title":"Roof Bar Mercedes-Benz Actros - RST-Steel","description":"Roof Bar Mercedes-Benz Actros 2,3m ClassicSpace \/ Short model cab. Several model options available! Check out the products in our online store!","robots":{"index":"index","follow":"follow","max-snippet":"max-snippet:-1","max-image-preview":"max-image-preview:large","max-video-preview":"max-video-preview:-1"},"canonical":"https:\/\/com.rst-steel.eu\/nb\/produkt\/roof-bar-mercedes-benz-actros-23m-classicspace-short-model_prm_66178\/","og_locale":"nb_NO","og_type":"article","og_title":"Roof Bar Mercedes-Benz Actros - RST-Steel","og_description":"Roof Bar Mercedes-Benz Actros 2,3m ClassicSpace \/ Short model cab. Several model options available! Check out the products in our online store!","og_url":"https:\/\/com.rst-steel.eu\/nb\/produkt\/roof-bar-mercedes-benz-actros-23m-classicspace-short-model_prm_66178\/","og_site_name":"RST-Steel","article_publisher":"https:\/\/www.facebook.com\/rststeel","article_modified_time":"2026-03-13T11:30:17+00:00","og_image":[{"width":1432,"height":1074,"url":"https:\/\/com.rst-steel.eu\/wp-content\/uploads\/2024\/02\/d6160c8694e3b11cd79673f39149676527315338_MB2110A.jpg","type":"image\/jpeg"}],"twitter_card":"summary_large_image","twitter_misc":{"Ansl. lesetid":"1 minutt"},"schema":{"@context":"https:\/\/schema.org","@graph":[{"@type":"WebPage","@id":"https:\/\/com.rst-steel.eu\/nb\/produkt\/roof-bar-mercedes-benz-actros-23m-classicspace-short-model_prm_66178\/","url":"https:\/\/com.rst-steel.eu\/nb\/produkt\/roof-bar-mercedes-benz-actros-23m-classicspace-short-model_prm_66178\/","name":"Roof Bar Mercedes-Benz Actros - RST-Steel","isPartOf":{"@id":"https:\/\/com.rst-steel.eu\/#website"},"primaryImageOfPage":{"@id":"https:\/\/com.rst-steel.eu\/nb\/produkt\/roof-bar-mercedes-benz-actros-23m-classicspace-short-model_prm_66178\/#primaryimage"},"image":{"@id":"https:\/\/com.rst-steel.eu\/nb\/produkt\/roof-bar-mercedes-benz-actros-23m-classicspace-short-model_prm_66178\/#primaryimage"},"thumbnailUrl":"https:\/\/com.rst-steel.eu\/wp-content\/uploads\/2024\/02\/d6160c8694e3b11cd79673f39149676527315338_MB2110A.jpg","datePublished":"2024-02-22T13:37:54+00:00","dateModified":"2026-03-13T11:30:17+00:00","description":"Roof Bar Mercedes-Benz Actros 2,3m ClassicSpace \/ Short model cab. Several model options available! Check out the products in our online store!","breadcrumb":{"@id":"https:\/\/com.rst-steel.eu\/nb\/produkt\/roof-bar-mercedes-benz-actros-23m-classicspace-short-model_prm_66178\/#breadcrumb"},"inLanguage":"nb-NO","potentialAction":[{"@type":"ReadAction","target":["https:\/\/com.rst-steel.eu\/nb\/produkt\/roof-bar-mercedes-benz-actros-23m-classicspace-short-model_prm_66178\/"]}]},{"@type":"ImageObject","inLanguage":"nb-NO","@id":"https:\/\/com.rst-steel.eu\/nb\/produkt\/roof-bar-mercedes-benz-actros-23m-classicspace-short-model_prm_66178\/#primaryimage","url":"https:\/\/com.rst-steel.eu\/wp-content\/uploads\/2024\/02\/d6160c8694e3b11cd79673f39149676527315338_MB2110A.jpg","contentUrl":"https:\/\/com.rst-steel.eu\/wp-content\/uploads\/2024\/02\/d6160c8694e3b11cd79673f39149676527315338_MB2110A.jpg","width":1432,"height":1074,"caption":"Roof Bar Mercedes-Benz Actros 2,3m (ClassicSpace \/ Short model)"},{"@type":"BreadcrumbList","@id":"https:\/\/com.rst-steel.eu\/nb\/produkt\/roof-bar-mercedes-benz-actros-23m-classicspace-short-model_prm_66178\/#breadcrumb","itemListElement":[{"@type":"ListItem","position":1,"name":"Home","item":"https:\/\/com.rst-steel.eu\/"},{"@type":"ListItem","position":2,"name":"RST-Steel Shop","item":"https:\/\/com.rst-steel.eu\/shop\/"},{"@type":"ListItem","position":3,"name":"Roof Bar Mercedes-Benz Actros 2,3m (ClassicSpace \/ Short model)"}]},{"@type":"WebSite","@id":"https:\/\/com.rst-steel.eu\/#website","url":"https:\/\/com.rst-steel.eu\/","name":"RST-Steel.com","description":"Finsk kvalitetsst\u00e5l, for kvalitetsbevisste sj\u00e5f\u00f8rer","publisher":{"@id":"https:\/\/com.rst-steel.eu\/#organization"},"alternateName":"Safe and stylish RST-Steel quality","potentialAction":[{"@type":"SearchAction","target":{"@type":"EntryPoint","urlTemplate":"https:\/\/com.rst-steel.eu\/?s={search_term_string}"},"query-input":{"@type":"PropertyValueSpecification","valueRequired":true,"valueName":"search_term_string"}}],"inLanguage":"nb-NO"},{"@type":"Organization","@id":"https:\/\/com.rst-steel.eu\/#organization","name":"RST-Steel Oy","url":"https:\/\/com.rst-steel.eu\/","logo":{"@type":"ImageObject","inLanguage":"nb-NO","@id":"https:\/\/com.rst-steel.eu\/#\/schema\/logo\/image\/","url":"https:\/\/com.rst-steel.eu\/wp-content\/uploads\/2023\/04\/cropped-Rst-logo-valkoinen-teksti-3.png","contentUrl":"https:\/\/com.rst-steel.eu\/wp-content\/uploads\/2023\/04\/cropped-Rst-logo-valkoinen-teksti-3.png","width":512,"height":115,"caption":"RST-Steel Oy"},"image":{"@id":"https:\/\/com.rst-steel.eu\/#\/schema\/logo\/image\/"},"sameAs":["https:\/\/www.facebook.com\/rststeel","https:\/\/www.instagram.com\/rststeeloy\/"]}]}},"brands":[{"id":8334,"name":"RST-Steel","slug":"brand_rststeel"}],"_links":{"self":[{"href":"https:\/\/com.rst-steel.eu\/nb\/wp-json\/wp\/v2\/product\/42140","targetHints":{"allow":["GET"]}}],"collection":[{"href":"https:\/\/com.rst-steel.eu\/nb\/wp-json\/wp\/v2\/product"}],"about":[{"href":"https:\/\/com.rst-steel.eu\/nb\/wp-json\/wp\/v2\/types\/product"}],"replies":[{"embeddable":true,"href":"https:\/\/com.rst-steel.eu\/nb\/wp-json\/wp\/v2\/comments?post=42140"}],"version-history":[{"count":0,"href":"https:\/\/com.rst-steel.eu\/nb\/wp-json\/wp\/v2\/product\/42140\/revisions"}],"wp:featuredmedia":[{"embeddable":true,"href":"https:\/\/com.rst-steel.eu\/nb\/wp-json\/wp\/v2\/media\/42138"}],"wp:attachment":[{"href":"https:\/\/com.rst-steel.eu\/nb\/wp-json\/wp\/v2\/media?parent=42140"}],"wp:term":[{"taxonomy":"make_fuel_type","embeddable":true,"href":"https:\/\/com.rst-steel.eu\/nb\/wp-json\/wp\/v2\/make_fuel_type?post=42140"},{"taxonomy":"make_model","embeddable":true,"href":"https:\/\/com.rst-steel.eu\/nb\/wp-json\/wp\/v2\/make_model?post=42140"},{"taxonomy":"make_brand","embeddable":true,"href":"https:\/\/com.rst-steel.eu\/nb\/wp-json\/wp\/v2\/make_brand?post=42140"},{"taxonomy":"make_year","embeddable":true,"href":"https:\/\/com.rst-steel.eu\/nb\/wp-json\/wp\/v2\/make_year?post=42140"},{"taxonomy":"pwb-brand","embeddable":true,"href":"https:\/\/com.rst-steel.eu\/nb\/wp-json\/wp\/v2\/pwb-brand?post=42140"},{"taxonomy":"product_brand","embeddable":true,"href":"https:\/\/com.rst-steel.eu\/nb\/wp-json\/wp\/v2\/product_brand?post=42140"},{"taxonomy":"product_cat","embeddable":true,"href":"https:\/\/com.rst-steel.eu\/nb\/wp-json\/wp\/v2\/product_cat?post=42140"},{"taxonomy":"product_tag","embeddable":true,"href":"https:\/\/com.rst-steel.eu\/nb\/wp-json\/wp\/v2\/product_tag?post=42140"}],"curies":[{"name":"wp","href":"https:\/\/api.w.org\/{rel}","templated":true}]}}