{"id":41821,"date":"2024-01-19T12:21:51","date_gmt":"2024-01-19T09:21:51","guid":{"rendered":"https:\/\/rst-steel.com\/product\/roof-bar-with-side-extensions-daf-xd-2023-_prm_70982\/"},"modified":"2026-03-16T09:16:49","modified_gmt":"2026-03-16T06:16:49","slug":"roof-bar-with-side-extensions-daf-xd-day-cab-2023-_prm_70982","status":"publish","type":"product","link":"https:\/\/com.rst-steel.eu\/nb\/produkt\/roof-bar-with-side-extensions-daf-xd-day-cab-2023-_prm_70982\/","title":{"rendered":"Roof Bar With Side Extensions DAF XD Day Cab 2023-"},"content":{"rendered":"<p>Roof Bar With Side Extensions DAF XD Day Cab 2023-<\/p>\n<p>&nbsp;<\/p>\n<p><span style=\"font-weight: bold;\">Merknad<\/span>! Only suitable for models with a Day Cab!<\/p>\n<p>&nbsp;<\/p>\n<p>RST-Steel\u2019s roof bars are high-quality products made of stainless steel.<\/p>\n<p>Gir k\u00f8ret\u00f8yet et pent og elegant utseende som trekker blikket og kan vekke \u00abjernfeber\u00bb, noe som gj\u00f8r at du og din bedrift skiller seg ut.<\/p>\n<p>Takb\u00f8ylene kan utstyres med ekstralys og posisjonslys, noe som forbedrer sikten i trafikken og samtidig \u00f8ker sikkerheten for deg selv og andre i trafikken.<\/p>\n<p>Compatible with 3pcs Lazer Triple-R 1000 or 6pcs 9\u2019\u2019 round lamps<\/p>\n<p>Suitable for a truck with the big roof spoiler!<\/p>\n<p>&nbsp;<\/p>\n<p><span style=\"font-weight: bold;\">Teknisk informasjon:<\/span><\/p>\n<ul>\n<li>Farge: Polert rustfritt st\u00e5l eller lakkering med RAL-standardfarger<\/li>\n<li>R\u00f8rdiameter: 60 mm<\/li>\n<\/ul>\n<p>&nbsp;<\/p>\n<p><span style=\"font-weight: bold;\">Innhold i leveransen:<\/span><\/p>\n<ul>\n<li>Takbjelke<\/li>\n<li>Festemidler som kreves for installasjon<\/li>\n<li>Installasjonsinstruksjoner<\/li>\n<\/ul>","protected":false},"excerpt":{"rendered":"<p>Flere modellalternativer tilgjengelig!<\/p>","protected":false},"featured_media":41820,"comment_status":"open","ping_status":"closed","template":"","meta":{"_improvement_type_select":"improve_an_existing","_thumb_yes_seoaic":false,"_frame_yes_seoaic":false,"seoaic_generate_description":"","seoaic_improve_instructions_prompt":"","seoaic_rollback_content_improvement":"","seoaic_idea_thumbnail_generator":"","thumbnail_generated":false,"thumbnail_generate_prompt":"","seoaic_article_description":""},"make_fuel_type":[],"make_model":[6760],"make_brand":[5268],"make_year":[3748],"pwb-brand":[8334],"product_brand":[],"product_cat":[6057,6058,7168],"product_tag":[7549],"class_list":{"0":"post-41821","1":"product","2":"type-product","3":"status-publish","4":"has-post-thumbnail","6":"make_model-xd-2022","7":"make_brand-daf","8":"make_year-trucks","9":"pwb-brand-brand_rststeel","10":"product_cat-lightbars","11":"product_cat-roofbars-for-trucks","12":"product_cat-daf-ka-lt","13":"product_tag-takbage","14":"product_shipping_class-lightbars","16":"first","17":"onbackorder","18":"taxable","19":"shipping-taxable","20":"purchasable","21":"product-type-variable"},"yoast_head":"<!-- This site is optimized with the Yoast SEO plugin v25.7 - https:\/\/yoast.com\/wordpress\/plugins\/seo\/ -->\n<title>Roof Bar With Side Extensions DAF XD Day Cab 2023- RST-Steel<\/title>\n<meta name=\"description\" content=\"Roof Bar With Side Extensions DAF XD 2023- models. Suitable for a truck with the big roof spoiler! Check the products and place your order now!\" \/>\n<meta name=\"robots\" content=\"index, follow, max-snippet:-1, max-image-preview:large, max-video-preview:-1\" \/>\n<link rel=\"canonical\" href=\"https:\/\/com.rst-steel.eu\/nb\/produkt\/roof-bar-with-side-extensions-daf-xd-day-cab-2023-_prm_70982\/\" \/>\n<meta property=\"og:locale\" content=\"nb_NO\" \/>\n<meta property=\"og:type\" content=\"article\" \/>\n<meta property=\"og:title\" content=\"Roof Bar With Side Extensions DAF XD Day Cab 2023- RST-Steel\" \/>\n<meta property=\"og:description\" content=\"Roof Bar With Side Extensions DAF XD 2023- models. Suitable for a truck with the big roof spoiler! Check the products and place your order now!\" \/>\n<meta property=\"og:url\" content=\"https:\/\/com.rst-steel.eu\/nb\/produkt\/roof-bar-with-side-extensions-daf-xd-day-cab-2023-_prm_70982\/\" \/>\n<meta property=\"og:site_name\" content=\"RST-Steel\" \/>\n<meta property=\"article:publisher\" content=\"https:\/\/www.facebook.com\/rststeel\" \/>\n<meta property=\"article:modified_time\" content=\"2026-03-16T06:16:49+00:00\" \/>\n<meta property=\"og:image\" content=\"https:\/\/com.rst-steel.eu\/wp-content\/uploads\/2024\/01\/93c5e63df28edd4f5e7e9bec157fa7df01781917_DA2121B_tuotekuva.jpg\" \/>\n\t<meta property=\"og:image:width\" content=\"1920\" \/>\n\t<meta property=\"og:image:height\" content=\"1080\" \/>\n\t<meta property=\"og:image:type\" content=\"image\/jpeg\" \/>\n<meta name=\"twitter:card\" content=\"summary_large_image\" \/>\n<meta name=\"twitter:label1\" content=\"Ansl. lesetid\" \/>\n\t<meta name=\"twitter:data1\" content=\"1 minutt\" \/>\n<script type=\"application\/ld+json\" class=\"yoast-schema-graph\">{\"@context\":\"https:\/\/schema.org\",\"@graph\":[{\"@type\":\"WebPage\",\"@id\":\"https:\/\/com.rst-steel.eu\/product\/roof-bar-with-side-extensions-daf-xd-day-cab-2023-_prm_70982\/\",\"url\":\"https:\/\/com.rst-steel.eu\/product\/roof-bar-with-side-extensions-daf-xd-day-cab-2023-_prm_70982\/\",\"name\":\"Roof Bar With Side Extensions DAF XD Day Cab 2023- RST-Steel\",\"isPartOf\":{\"@id\":\"https:\/\/com.rst-steel.eu\/#website\"},\"primaryImageOfPage\":{\"@id\":\"https:\/\/com.rst-steel.eu\/product\/roof-bar-with-side-extensions-daf-xd-day-cab-2023-_prm_70982\/#primaryimage\"},\"image\":{\"@id\":\"https:\/\/com.rst-steel.eu\/product\/roof-bar-with-side-extensions-daf-xd-day-cab-2023-_prm_70982\/#primaryimage\"},\"thumbnailUrl\":\"https:\/\/com.rst-steel.eu\/wp-content\/uploads\/2024\/01\/93c5e63df28edd4f5e7e9bec157fa7df01781917_DA2121B_tuotekuva.jpg\",\"datePublished\":\"2024-01-19T09:21:51+00:00\",\"dateModified\":\"2026-03-16T06:16:49+00:00\",\"description\":\"Roof Bar With Side Extensions DAF XD 2023- models. Suitable for a truck with the big roof spoiler! Check the products and place your order now!\",\"breadcrumb\":{\"@id\":\"https:\/\/com.rst-steel.eu\/product\/roof-bar-with-side-extensions-daf-xd-day-cab-2023-_prm_70982\/#breadcrumb\"},\"inLanguage\":\"nb-NO\",\"potentialAction\":[{\"@type\":\"ReadAction\",\"target\":[\"https:\/\/com.rst-steel.eu\/product\/roof-bar-with-side-extensions-daf-xd-day-cab-2023-_prm_70982\/\"]}]},{\"@type\":\"ImageObject\",\"inLanguage\":\"nb-NO\",\"@id\":\"https:\/\/com.rst-steel.eu\/product\/roof-bar-with-side-extensions-daf-xd-day-cab-2023-_prm_70982\/#primaryimage\",\"url\":\"https:\/\/com.rst-steel.eu\/wp-content\/uploads\/2024\/01\/93c5e63df28edd4f5e7e9bec157fa7df01781917_DA2121B_tuotekuva.jpg\",\"contentUrl\":\"https:\/\/com.rst-steel.eu\/wp-content\/uploads\/2024\/01\/93c5e63df28edd4f5e7e9bec157fa7df01781917_DA2121B_tuotekuva.jpg\",\"width\":1920,\"height\":1080,\"caption\":\"Kuvassa Roof Bar With Side Extensions DAF XD Day Cab 2023-\"},{\"@type\":\"BreadcrumbList\",\"@id\":\"https:\/\/com.rst-steel.eu\/product\/roof-bar-with-side-extensions-daf-xd-day-cab-2023-_prm_70982\/#breadcrumb\",\"itemListElement\":[{\"@type\":\"ListItem\",\"position\":1,\"name\":\"Home\",\"item\":\"https:\/\/com.rst-steel.eu\/\"},{\"@type\":\"ListItem\",\"position\":2,\"name\":\"RST-Steel Shop\",\"item\":\"https:\/\/com.rst-steel.eu\/shop\/\"},{\"@type\":\"ListItem\",\"position\":3,\"name\":\"Roof Bar With Side Extensions DAF XD Day Cab 2023-\"}]},{\"@type\":\"WebSite\",\"@id\":\"https:\/\/com.rst-steel.eu\/#website\",\"url\":\"https:\/\/com.rst-steel.eu\/\",\"name\":\"RST-Steel.com\",\"description\":\"Finnish quality steel, for quality-conscious drivers\",\"publisher\":{\"@id\":\"https:\/\/com.rst-steel.eu\/#organization\"},\"alternateName\":\"Safe and stylish RST-Steel quality\",\"potentialAction\":[{\"@type\":\"SearchAction\",\"target\":{\"@type\":\"EntryPoint\",\"urlTemplate\":\"https:\/\/com.rst-steel.eu\/?s={search_term_string}\"},\"query-input\":{\"@type\":\"PropertyValueSpecification\",\"valueRequired\":true,\"valueName\":\"search_term_string\"}}],\"inLanguage\":\"nb-NO\"},{\"@type\":\"Organization\",\"@id\":\"https:\/\/com.rst-steel.eu\/#organization\",\"name\":\"RST-Steel Oy\",\"url\":\"https:\/\/com.rst-steel.eu\/\",\"logo\":{\"@type\":\"ImageObject\",\"inLanguage\":\"nb-NO\",\"@id\":\"https:\/\/com.rst-steel.eu\/#\/schema\/logo\/image\/\",\"url\":\"https:\/\/com.rst-steel.eu\/wp-content\/uploads\/2023\/04\/cropped-Rst-logo-valkoinen-teksti-3.png\",\"contentUrl\":\"https:\/\/com.rst-steel.eu\/wp-content\/uploads\/2023\/04\/cropped-Rst-logo-valkoinen-teksti-3.png\",\"width\":512,\"height\":115,\"caption\":\"RST-Steel Oy\"},\"image\":{\"@id\":\"https:\/\/com.rst-steel.eu\/#\/schema\/logo\/image\/\"},\"sameAs\":[\"https:\/\/www.facebook.com\/rststeel\",\"https:\/\/www.instagram.com\/rststeeloy\/\"]}]}<\/script>\n<!-- \/ Yoast SEO plugin. -->","yoast_head_json":{"title":"Roof Bar With Side Extensions DAF XD Day Cab 2023- RST-Steel","description":"Roof Bar With Side Extensions DAF XD 2023- models. Suitable for a truck with the big roof spoiler! Check the products and place your order now!","robots":{"index":"index","follow":"follow","max-snippet":"max-snippet:-1","max-image-preview":"max-image-preview:large","max-video-preview":"max-video-preview:-1"},"canonical":"https:\/\/com.rst-steel.eu\/nb\/produkt\/roof-bar-with-side-extensions-daf-xd-day-cab-2023-_prm_70982\/","og_locale":"nb_NO","og_type":"article","og_title":"Roof Bar With Side Extensions DAF XD Day Cab 2023- RST-Steel","og_description":"Roof Bar With Side Extensions DAF XD 2023- models. Suitable for a truck with the big roof spoiler! Check the products and place your order now!","og_url":"https:\/\/com.rst-steel.eu\/nb\/produkt\/roof-bar-with-side-extensions-daf-xd-day-cab-2023-_prm_70982\/","og_site_name":"RST-Steel","article_publisher":"https:\/\/www.facebook.com\/rststeel","article_modified_time":"2026-03-16T06:16:49+00:00","og_image":[{"width":1920,"height":1080,"url":"https:\/\/com.rst-steel.eu\/wp-content\/uploads\/2024\/01\/93c5e63df28edd4f5e7e9bec157fa7df01781917_DA2121B_tuotekuva.jpg","type":"image\/jpeg"}],"twitter_card":"summary_large_image","twitter_misc":{"Ansl. lesetid":"1 minutt"},"schema":{"@context":"https:\/\/schema.org","@graph":[{"@type":"WebPage","@id":"https:\/\/com.rst-steel.eu\/product\/roof-bar-with-side-extensions-daf-xd-day-cab-2023-_prm_70982\/","url":"https:\/\/com.rst-steel.eu\/product\/roof-bar-with-side-extensions-daf-xd-day-cab-2023-_prm_70982\/","name":"Roof Bar With Side Extensions DAF XD Day Cab 2023- RST-Steel","isPartOf":{"@id":"https:\/\/com.rst-steel.eu\/#website"},"primaryImageOfPage":{"@id":"https:\/\/com.rst-steel.eu\/product\/roof-bar-with-side-extensions-daf-xd-day-cab-2023-_prm_70982\/#primaryimage"},"image":{"@id":"https:\/\/com.rst-steel.eu\/product\/roof-bar-with-side-extensions-daf-xd-day-cab-2023-_prm_70982\/#primaryimage"},"thumbnailUrl":"https:\/\/com.rst-steel.eu\/wp-content\/uploads\/2024\/01\/93c5e63df28edd4f5e7e9bec157fa7df01781917_DA2121B_tuotekuva.jpg","datePublished":"2024-01-19T09:21:51+00:00","dateModified":"2026-03-16T06:16:49+00:00","description":"Roof Bar With Side Extensions DAF XD 2023- models. Suitable for a truck with the big roof spoiler! Check the products and place your order now!","breadcrumb":{"@id":"https:\/\/com.rst-steel.eu\/product\/roof-bar-with-side-extensions-daf-xd-day-cab-2023-_prm_70982\/#breadcrumb"},"inLanguage":"nb-NO","potentialAction":[{"@type":"ReadAction","target":["https:\/\/com.rst-steel.eu\/product\/roof-bar-with-side-extensions-daf-xd-day-cab-2023-_prm_70982\/"]}]},{"@type":"ImageObject","inLanguage":"nb-NO","@id":"https:\/\/com.rst-steel.eu\/product\/roof-bar-with-side-extensions-daf-xd-day-cab-2023-_prm_70982\/#primaryimage","url":"https:\/\/com.rst-steel.eu\/wp-content\/uploads\/2024\/01\/93c5e63df28edd4f5e7e9bec157fa7df01781917_DA2121B_tuotekuva.jpg","contentUrl":"https:\/\/com.rst-steel.eu\/wp-content\/uploads\/2024\/01\/93c5e63df28edd4f5e7e9bec157fa7df01781917_DA2121B_tuotekuva.jpg","width":1920,"height":1080,"caption":"Kuvassa Roof Bar With Side Extensions DAF XD Day Cab 2023-"},{"@type":"BreadcrumbList","@id":"https:\/\/com.rst-steel.eu\/product\/roof-bar-with-side-extensions-daf-xd-day-cab-2023-_prm_70982\/#breadcrumb","itemListElement":[{"@type":"ListItem","position":1,"name":"Home","item":"https:\/\/com.rst-steel.eu\/"},{"@type":"ListItem","position":2,"name":"RST-Steel Shop","item":"https:\/\/com.rst-steel.eu\/shop\/"},{"@type":"ListItem","position":3,"name":"Roof Bar With Side Extensions DAF XD Day Cab 2023-"}]},{"@type":"WebSite","@id":"https:\/\/com.rst-steel.eu\/#website","url":"https:\/\/com.rst-steel.eu\/","name":"RST-Steel.com","description":"Finsk kvalitetsst\u00e5l, for kvalitetsbevisste sj\u00e5f\u00f8rer","publisher":{"@id":"https:\/\/com.rst-steel.eu\/#organization"},"alternateName":"Safe and stylish RST-Steel quality","potentialAction":[{"@type":"SearchAction","target":{"@type":"EntryPoint","urlTemplate":"https:\/\/com.rst-steel.eu\/?s={search_term_string}"},"query-input":{"@type":"PropertyValueSpecification","valueRequired":true,"valueName":"search_term_string"}}],"inLanguage":"nb-NO"},{"@type":"Organization","@id":"https:\/\/com.rst-steel.eu\/#organization","name":"RST-Steel Oy","url":"https:\/\/com.rst-steel.eu\/","logo":{"@type":"ImageObject","inLanguage":"nb-NO","@id":"https:\/\/com.rst-steel.eu\/#\/schema\/logo\/image\/","url":"https:\/\/com.rst-steel.eu\/wp-content\/uploads\/2023\/04\/cropped-Rst-logo-valkoinen-teksti-3.png","contentUrl":"https:\/\/com.rst-steel.eu\/wp-content\/uploads\/2023\/04\/cropped-Rst-logo-valkoinen-teksti-3.png","width":512,"height":115,"caption":"RST-Steel Oy"},"image":{"@id":"https:\/\/com.rst-steel.eu\/#\/schema\/logo\/image\/"},"sameAs":["https:\/\/www.facebook.com\/rststeel","https:\/\/www.instagram.com\/rststeeloy\/"]}]}},"brands":[{"id":8334,"name":"RST-Steel","slug":"brand_rststeel"}],"_links":{"self":[{"href":"https:\/\/com.rst-steel.eu\/nb\/wp-json\/wp\/v2\/product\/41821","targetHints":{"allow":["GET"]}}],"collection":[{"href":"https:\/\/com.rst-steel.eu\/nb\/wp-json\/wp\/v2\/product"}],"about":[{"href":"https:\/\/com.rst-steel.eu\/nb\/wp-json\/wp\/v2\/types\/product"}],"replies":[{"embeddable":true,"href":"https:\/\/com.rst-steel.eu\/nb\/wp-json\/wp\/v2\/comments?post=41821"}],"version-history":[{"count":0,"href":"https:\/\/com.rst-steel.eu\/nb\/wp-json\/wp\/v2\/product\/41821\/revisions"}],"wp:featuredmedia":[{"embeddable":true,"href":"https:\/\/com.rst-steel.eu\/nb\/wp-json\/wp\/v2\/media\/41820"}],"wp:attachment":[{"href":"https:\/\/com.rst-steel.eu\/nb\/wp-json\/wp\/v2\/media?parent=41821"}],"wp:term":[{"taxonomy":"make_fuel_type","embeddable":true,"href":"https:\/\/com.rst-steel.eu\/nb\/wp-json\/wp\/v2\/make_fuel_type?post=41821"},{"taxonomy":"make_model","embeddable":true,"href":"https:\/\/com.rst-steel.eu\/nb\/wp-json\/wp\/v2\/make_model?post=41821"},{"taxonomy":"make_brand","embeddable":true,"href":"https:\/\/com.rst-steel.eu\/nb\/wp-json\/wp\/v2\/make_brand?post=41821"},{"taxonomy":"make_year","embeddable":true,"href":"https:\/\/com.rst-steel.eu\/nb\/wp-json\/wp\/v2\/make_year?post=41821"},{"taxonomy":"pwb-brand","embeddable":true,"href":"https:\/\/com.rst-steel.eu\/nb\/wp-json\/wp\/v2\/pwb-brand?post=41821"},{"taxonomy":"product_brand","embeddable":true,"href":"https:\/\/com.rst-steel.eu\/nb\/wp-json\/wp\/v2\/product_brand?post=41821"},{"taxonomy":"product_cat","embeddable":true,"href":"https:\/\/com.rst-steel.eu\/nb\/wp-json\/wp\/v2\/product_cat?post=41821"},{"taxonomy":"product_tag","embeddable":true,"href":"https:\/\/com.rst-steel.eu\/nb\/wp-json\/wp\/v2\/product_tag?post=41821"}],"curies":[{"name":"wp","href":"https:\/\/api.w.org\/{rel}","templated":true}]}}