{"id":41748,"date":"2024-01-19T11:32:12","date_gmt":"2024-01-19T08:32:12","guid":{"rendered":"https:\/\/rst-steel.com\/product\/front-spoiler-bar-daf-lf-2021-_prm_58534\/"},"modified":"2026-03-16T09:14:09","modified_gmt":"2026-03-16T06:14:09","slug":"spoilerstang-foran-daf-lf-2021-_prm_58534","status":"publish","type":"product","link":"https:\/\/com.rst-steel.eu\/nb\/produkt\/spoilerstang-foran-daf-lf-2021-_prm_58534\/","title":{"rendered":"Front Spoiler Bar DAF LF 2021-"},"content":{"rendered":"<p><strong>Front Spoiler Bar DAF LF 2021-<\/strong><\/p>\n<ul>\n<li><\/li>\n<\/ul>\n<p>RST-Steels frontspoilerstenger er h\u00f8ykvalitetsprodukter laget av rustfritt st\u00e5l. Frontspoilerstang er et stilig tilbeh\u00f8r for \u00e5 beskytte den fremre st\u00f8tfangeren p\u00e5 bilen din.<\/p>\n<p>Frontspoileren kan utstyres med posisjonslys, noe som forbedrer sikten i trafikken og samtidig \u00f8ker sikkerheten for deg selv og andre i trafikken.<\/p>\n<p>\u00c5 treffe fortauskanter, fartsdumper eller sn\u00f8klumper p\u00e5 veien kan for\u00e5rsake skader foran p\u00e5 bilen. \u00c5 reparere skaden kan v\u00e6re dyrt og tidkrevende. Ved \u00e5 forberede seg p\u00e5 disse farene fortsetter reisen med et trygt sinn og virksomheten er sikret i disse henseender.<\/p>\n<ul>\n<li><\/li>\n<\/ul>\n<p><span style=\"font-weight: bold;\">Teknisk informasjon:<\/span><\/p>\n<ul>\n<li>Farge: Speilpolert rustfritt st\u00e5l eller maling med RAL-grunnfarger<\/li>\n<li>R\u00f8rdiameter: 60 mm<\/li>\n<li>Enkel \u00e5 installere<\/li>\n<li><\/li>\n<\/ul>\n<p><span style=\"font-weight: bold;\">Innhold i leveransen:<\/span><\/p>\n<ul>\n<li>Front spoiler bar DAF LF<\/li>\n<li>Festemidler som kreves for installasjon<\/li>\n<li>Installasjonsinstruksjoner<\/li>\n<\/ul>","protected":false},"excerpt":{"rendered":"<p>Flere modellalternativer tilgjengelig!<\/p>","protected":false},"featured_media":41747,"comment_status":"open","ping_status":"closed","template":"","meta":{"_improvement_type_select":"improve_an_existing","_thumb_yes_seoaic":false,"_frame_yes_seoaic":false,"seoaic_generate_description":"","seoaic_improve_instructions_prompt":"","seoaic_rollback_content_improvement":"","seoaic_idea_thumbnail_generator":"","thumbnail_generated":false,"thumbnail_generate_prompt":"","seoaic_article_description":""},"make_fuel_type":[],"make_model":[5683],"make_brand":[5268],"make_year":[3748],"pwb-brand":[8334],"product_brand":[],"product_cat":[6092,6093,7295],"product_tag":[7550],"class_list":{"0":"post-41748","1":"product","2":"type-product","3":"status-publish","4":"has-post-thumbnail","6":"make_model-lf-sarja","7":"make_brand-daf","8":"make_year-trucks","9":"pwb-brand-brand_rststeel","10":"product_cat-front-spoiler-bars","11":"product_cat-front-spoiler-bars-for-trucks","12":"product_cat-daf-ep-ka","13":"product_tag-frontbagar","14":"product_shipping_class-lightbars","16":"first","17":"onbackorder","18":"taxable","19":"shipping-taxable","20":"purchasable","21":"product-type-variable"},"yoast_head":"<!-- This site is optimized with the Yoast SEO plugin v25.7 - https:\/\/yoast.com\/wordpress\/plugins\/seo\/ -->\n<title>Front Spoiler Bar DAF LF 2021- RST-Steel<\/title>\n<meta name=\"description\" content=\"Front Spoiler Bar DAF LF 2021-. RST-Steel\u2019s front spoiler bars are high-quality products made of stainless steel. Check the products and order now!\" \/>\n<meta name=\"robots\" content=\"index, follow, max-snippet:-1, max-image-preview:large, max-video-preview:-1\" \/>\n<link rel=\"canonical\" href=\"https:\/\/com.rst-steel.eu\/nb\/produkt\/spoilerstang-foran-daf-lf-2021-_prm_58534\/\" \/>\n<meta property=\"og:locale\" content=\"nb_NO\" \/>\n<meta property=\"og:type\" content=\"article\" \/>\n<meta property=\"og:title\" content=\"Front Spoiler Bar DAF LF 2021- RST-Steel\" \/>\n<meta property=\"og:description\" content=\"Front Spoiler Bar DAF LF 2021-. RST-Steel\u2019s front spoiler bars are high-quality products made of stainless steel. Check the products and order now!\" \/>\n<meta property=\"og:url\" content=\"https:\/\/com.rst-steel.eu\/nb\/produkt\/spoilerstang-foran-daf-lf-2021-_prm_58534\/\" \/>\n<meta property=\"og:site_name\" content=\"RST-Steel\" \/>\n<meta property=\"article:publisher\" content=\"https:\/\/www.facebook.com\/rststeel\" \/>\n<meta property=\"article:modified_time\" content=\"2026-03-16T06:14:09+00:00\" \/>\n<meta property=\"og:image\" content=\"https:\/\/com.rst-steel.eu\/wp-content\/uploads\/2024\/01\/c8f3e9e641be273b260a0bef85a6b8cc6d6d3b3b_DAF_LF_2.jpeg\" \/>\n\t<meta property=\"og:image:width\" content=\"1133\" \/>\n\t<meta property=\"og:image:height\" content=\"540\" \/>\n\t<meta property=\"og:image:type\" content=\"image\/jpeg\" \/>\n<meta name=\"twitter:card\" content=\"summary_large_image\" \/>\n<meta name=\"twitter:label1\" content=\"Ansl. lesetid\" \/>\n\t<meta name=\"twitter:data1\" content=\"1 minutt\" \/>\n<script type=\"application\/ld+json\" class=\"yoast-schema-graph\">{\"@context\":\"https:\/\/schema.org\",\"@graph\":[{\"@type\":\"WebPage\",\"@id\":\"https:\/\/com.rst-steel.eu\/nb\/produkt\/spoilerstang-foran-daf-lf-2021-_prm_58534\/\",\"url\":\"https:\/\/com.rst-steel.eu\/nb\/produkt\/spoilerstang-foran-daf-lf-2021-_prm_58534\/\",\"name\":\"Front Spoiler Bar DAF LF 2021- RST-Steel\",\"isPartOf\":{\"@id\":\"https:\/\/com.rst-steel.eu\/#website\"},\"primaryImageOfPage\":{\"@id\":\"https:\/\/com.rst-steel.eu\/nb\/produkt\/spoilerstang-foran-daf-lf-2021-_prm_58534\/#primaryimage\"},\"image\":{\"@id\":\"https:\/\/com.rst-steel.eu\/nb\/produkt\/spoilerstang-foran-daf-lf-2021-_prm_58534\/#primaryimage\"},\"thumbnailUrl\":\"https:\/\/com.rst-steel.eu\/wp-content\/uploads\/2024\/01\/c8f3e9e641be273b260a0bef85a6b8cc6d6d3b3b_DAF_LF_2.jpeg\",\"datePublished\":\"2024-01-19T08:32:12+00:00\",\"dateModified\":\"2026-03-16T06:14:09+00:00\",\"description\":\"Front Spoiler Bar DAF LF 2021-. RST-Steel\u2019s front spoiler bars are high-quality products made of stainless steel. Check the products and order now!\",\"breadcrumb\":{\"@id\":\"https:\/\/com.rst-steel.eu\/nb\/produkt\/spoilerstang-foran-daf-lf-2021-_prm_58534\/#breadcrumb\"},\"inLanguage\":\"nb-NO\",\"potentialAction\":[{\"@type\":\"ReadAction\",\"target\":[\"https:\/\/com.rst-steel.eu\/nb\/produkt\/spoilerstang-foran-daf-lf-2021-_prm_58534\/\"]}]},{\"@type\":\"ImageObject\",\"inLanguage\":\"nb-NO\",\"@id\":\"https:\/\/com.rst-steel.eu\/nb\/produkt\/spoilerstang-foran-daf-lf-2021-_prm_58534\/#primaryimage\",\"url\":\"https:\/\/com.rst-steel.eu\/wp-content\/uploads\/2024\/01\/c8f3e9e641be273b260a0bef85a6b8cc6d6d3b3b_DAF_LF_2.jpeg\",\"contentUrl\":\"https:\/\/com.rst-steel.eu\/wp-content\/uploads\/2024\/01\/c8f3e9e641be273b260a0bef85a6b8cc6d6d3b3b_DAF_LF_2.jpeg\",\"width\":1133,\"height\":540,\"caption\":\"Front Spoiler Bar DAF LF 2021-\"},{\"@type\":\"BreadcrumbList\",\"@id\":\"https:\/\/com.rst-steel.eu\/nb\/produkt\/spoilerstang-foran-daf-lf-2021-_prm_58534\/#breadcrumb\",\"itemListElement\":[{\"@type\":\"ListItem\",\"position\":1,\"name\":\"Home\",\"item\":\"https:\/\/com.rst-steel.eu\/\"},{\"@type\":\"ListItem\",\"position\":2,\"name\":\"RST-Steel Shop\",\"item\":\"https:\/\/com.rst-steel.eu\/shop\/\"},{\"@type\":\"ListItem\",\"position\":3,\"name\":\"Front Spoiler Bar DAF LF 2021-\"}]},{\"@type\":\"WebSite\",\"@id\":\"https:\/\/com.rst-steel.eu\/#website\",\"url\":\"https:\/\/com.rst-steel.eu\/\",\"name\":\"RST-Steel.com\",\"description\":\"Finnish quality steel, for quality-conscious drivers\",\"publisher\":{\"@id\":\"https:\/\/com.rst-steel.eu\/#organization\"},\"alternateName\":\"Safe and stylish RST-Steel quality\",\"potentialAction\":[{\"@type\":\"SearchAction\",\"target\":{\"@type\":\"EntryPoint\",\"urlTemplate\":\"https:\/\/com.rst-steel.eu\/?s={search_term_string}\"},\"query-input\":{\"@type\":\"PropertyValueSpecification\",\"valueRequired\":true,\"valueName\":\"search_term_string\"}}],\"inLanguage\":\"nb-NO\"},{\"@type\":\"Organization\",\"@id\":\"https:\/\/com.rst-steel.eu\/#organization\",\"name\":\"RST-Steel Oy\",\"url\":\"https:\/\/com.rst-steel.eu\/\",\"logo\":{\"@type\":\"ImageObject\",\"inLanguage\":\"nb-NO\",\"@id\":\"https:\/\/com.rst-steel.eu\/#\/schema\/logo\/image\/\",\"url\":\"https:\/\/com.rst-steel.eu\/wp-content\/uploads\/2023\/04\/cropped-Rst-logo-valkoinen-teksti-3.png\",\"contentUrl\":\"https:\/\/com.rst-steel.eu\/wp-content\/uploads\/2023\/04\/cropped-Rst-logo-valkoinen-teksti-3.png\",\"width\":512,\"height\":115,\"caption\":\"RST-Steel Oy\"},\"image\":{\"@id\":\"https:\/\/com.rst-steel.eu\/#\/schema\/logo\/image\/\"},\"sameAs\":[\"https:\/\/www.facebook.com\/rststeel\",\"https:\/\/www.instagram.com\/rststeeloy\/\"]}]}<\/script>\n<!-- \/ Yoast SEO plugin. -->","yoast_head_json":{"title":"Front Spoiler Bar DAF LF 2021- RST-Steel","description":"Front Spoiler Bar DAF LF 2021-. RST-Steel\u2019s front spoiler bars are high-quality products made of stainless steel. Check the products and order now!","robots":{"index":"index","follow":"follow","max-snippet":"max-snippet:-1","max-image-preview":"max-image-preview:large","max-video-preview":"max-video-preview:-1"},"canonical":"https:\/\/com.rst-steel.eu\/nb\/produkt\/spoilerstang-foran-daf-lf-2021-_prm_58534\/","og_locale":"nb_NO","og_type":"article","og_title":"Front Spoiler Bar DAF LF 2021- RST-Steel","og_description":"Front Spoiler Bar DAF LF 2021-. RST-Steel\u2019s front spoiler bars are high-quality products made of stainless steel. Check the products and order now!","og_url":"https:\/\/com.rst-steel.eu\/nb\/produkt\/spoilerstang-foran-daf-lf-2021-_prm_58534\/","og_site_name":"RST-Steel","article_publisher":"https:\/\/www.facebook.com\/rststeel","article_modified_time":"2026-03-16T06:14:09+00:00","og_image":[{"width":1133,"height":540,"url":"https:\/\/com.rst-steel.eu\/wp-content\/uploads\/2024\/01\/c8f3e9e641be273b260a0bef85a6b8cc6d6d3b3b_DAF_LF_2.jpeg","type":"image\/jpeg"}],"twitter_card":"summary_large_image","twitter_misc":{"Ansl. lesetid":"1 minutt"},"schema":{"@context":"https:\/\/schema.org","@graph":[{"@type":"WebPage","@id":"https:\/\/com.rst-steel.eu\/nb\/produkt\/spoilerstang-foran-daf-lf-2021-_prm_58534\/","url":"https:\/\/com.rst-steel.eu\/nb\/produkt\/spoilerstang-foran-daf-lf-2021-_prm_58534\/","name":"Front Spoiler Bar DAF LF 2021- RST-Steel","isPartOf":{"@id":"https:\/\/com.rst-steel.eu\/#website"},"primaryImageOfPage":{"@id":"https:\/\/com.rst-steel.eu\/nb\/produkt\/spoilerstang-foran-daf-lf-2021-_prm_58534\/#primaryimage"},"image":{"@id":"https:\/\/com.rst-steel.eu\/nb\/produkt\/spoilerstang-foran-daf-lf-2021-_prm_58534\/#primaryimage"},"thumbnailUrl":"https:\/\/com.rst-steel.eu\/wp-content\/uploads\/2024\/01\/c8f3e9e641be273b260a0bef85a6b8cc6d6d3b3b_DAF_LF_2.jpeg","datePublished":"2024-01-19T08:32:12+00:00","dateModified":"2026-03-16T06:14:09+00:00","description":"Front Spoiler Bar DAF LF 2021-. RST-Steel\u2019s front spoiler bars are high-quality products made of stainless steel. Check the products and order now!","breadcrumb":{"@id":"https:\/\/com.rst-steel.eu\/nb\/produkt\/spoilerstang-foran-daf-lf-2021-_prm_58534\/#breadcrumb"},"inLanguage":"nb-NO","potentialAction":[{"@type":"ReadAction","target":["https:\/\/com.rst-steel.eu\/nb\/produkt\/spoilerstang-foran-daf-lf-2021-_prm_58534\/"]}]},{"@type":"ImageObject","inLanguage":"nb-NO","@id":"https:\/\/com.rst-steel.eu\/nb\/produkt\/spoilerstang-foran-daf-lf-2021-_prm_58534\/#primaryimage","url":"https:\/\/com.rst-steel.eu\/wp-content\/uploads\/2024\/01\/c8f3e9e641be273b260a0bef85a6b8cc6d6d3b3b_DAF_LF_2.jpeg","contentUrl":"https:\/\/com.rst-steel.eu\/wp-content\/uploads\/2024\/01\/c8f3e9e641be273b260a0bef85a6b8cc6d6d3b3b_DAF_LF_2.jpeg","width":1133,"height":540,"caption":"Front Spoiler Bar DAF LF 2021-"},{"@type":"BreadcrumbList","@id":"https:\/\/com.rst-steel.eu\/nb\/produkt\/spoilerstang-foran-daf-lf-2021-_prm_58534\/#breadcrumb","itemListElement":[{"@type":"ListItem","position":1,"name":"Home","item":"https:\/\/com.rst-steel.eu\/"},{"@type":"ListItem","position":2,"name":"RST-Steel Shop","item":"https:\/\/com.rst-steel.eu\/shop\/"},{"@type":"ListItem","position":3,"name":"Front Spoiler Bar DAF LF 2021-"}]},{"@type":"WebSite","@id":"https:\/\/com.rst-steel.eu\/#website","url":"https:\/\/com.rst-steel.eu\/","name":"RST-Steel.com","description":"Finsk kvalitetsst\u00e5l, for kvalitetsbevisste sj\u00e5f\u00f8rer","publisher":{"@id":"https:\/\/com.rst-steel.eu\/#organization"},"alternateName":"Safe and stylish RST-Steel quality","potentialAction":[{"@type":"SearchAction","target":{"@type":"EntryPoint","urlTemplate":"https:\/\/com.rst-steel.eu\/?s={search_term_string}"},"query-input":{"@type":"PropertyValueSpecification","valueRequired":true,"valueName":"search_term_string"}}],"inLanguage":"nb-NO"},{"@type":"Organization","@id":"https:\/\/com.rst-steel.eu\/#organization","name":"RST-Steel Oy","url":"https:\/\/com.rst-steel.eu\/","logo":{"@type":"ImageObject","inLanguage":"nb-NO","@id":"https:\/\/com.rst-steel.eu\/#\/schema\/logo\/image\/","url":"https:\/\/com.rst-steel.eu\/wp-content\/uploads\/2023\/04\/cropped-Rst-logo-valkoinen-teksti-3.png","contentUrl":"https:\/\/com.rst-steel.eu\/wp-content\/uploads\/2023\/04\/cropped-Rst-logo-valkoinen-teksti-3.png","width":512,"height":115,"caption":"RST-Steel Oy"},"image":{"@id":"https:\/\/com.rst-steel.eu\/#\/schema\/logo\/image\/"},"sameAs":["https:\/\/www.facebook.com\/rststeel","https:\/\/www.instagram.com\/rststeeloy\/"]}]}},"brands":[{"id":8334,"name":"RST-Steel","slug":"brand_rststeel"}],"_links":{"self":[{"href":"https:\/\/com.rst-steel.eu\/nb\/wp-json\/wp\/v2\/product\/41748","targetHints":{"allow":["GET"]}}],"collection":[{"href":"https:\/\/com.rst-steel.eu\/nb\/wp-json\/wp\/v2\/product"}],"about":[{"href":"https:\/\/com.rst-steel.eu\/nb\/wp-json\/wp\/v2\/types\/product"}],"replies":[{"embeddable":true,"href":"https:\/\/com.rst-steel.eu\/nb\/wp-json\/wp\/v2\/comments?post=41748"}],"version-history":[{"count":0,"href":"https:\/\/com.rst-steel.eu\/nb\/wp-json\/wp\/v2\/product\/41748\/revisions"}],"wp:featuredmedia":[{"embeddable":true,"href":"https:\/\/com.rst-steel.eu\/nb\/wp-json\/wp\/v2\/media\/41747"}],"wp:attachment":[{"href":"https:\/\/com.rst-steel.eu\/nb\/wp-json\/wp\/v2\/media?parent=41748"}],"wp:term":[{"taxonomy":"make_fuel_type","embeddable":true,"href":"https:\/\/com.rst-steel.eu\/nb\/wp-json\/wp\/v2\/make_fuel_type?post=41748"},{"taxonomy":"make_model","embeddable":true,"href":"https:\/\/com.rst-steel.eu\/nb\/wp-json\/wp\/v2\/make_model?post=41748"},{"taxonomy":"make_brand","embeddable":true,"href":"https:\/\/com.rst-steel.eu\/nb\/wp-json\/wp\/v2\/make_brand?post=41748"},{"taxonomy":"make_year","embeddable":true,"href":"https:\/\/com.rst-steel.eu\/nb\/wp-json\/wp\/v2\/make_year?post=41748"},{"taxonomy":"pwb-brand","embeddable":true,"href":"https:\/\/com.rst-steel.eu\/nb\/wp-json\/wp\/v2\/pwb-brand?post=41748"},{"taxonomy":"product_brand","embeddable":true,"href":"https:\/\/com.rst-steel.eu\/nb\/wp-json\/wp\/v2\/product_brand?post=41748"},{"taxonomy":"product_cat","embeddable":true,"href":"https:\/\/com.rst-steel.eu\/nb\/wp-json\/wp\/v2\/product_cat?post=41748"},{"taxonomy":"product_tag","embeddable":true,"href":"https:\/\/com.rst-steel.eu\/nb\/wp-json\/wp\/v2\/product_tag?post=41748"}],"curies":[{"name":"wp","href":"https:\/\/api.w.org\/{rel}","templated":true}]}}