{"id":41588,"date":"2024-01-08T16:13:35","date_gmt":"2024-01-08T13:13:35","guid":{"rendered":"https:\/\/rst-steel.com\/product\/lisavaloteline-katolle-mb-sprinter-korkea-ohjaamo_prm_18826\/"},"modified":"2026-03-16T09:16:38","modified_gmt":"2026-03-16T06:16:38","slug":"roof-bar-mb-sprinter-high-roof-w906-w907-w910_prm_18826","status":"publish","type":"product","link":"https:\/\/com.rst-steel.eu\/nb\/produkt\/roof-bar-mb-sprinter-high-roof-w906-w907-w910_prm_18826\/","title":{"rendered":"Takb\u00f8yle MB Sprinter med h\u00f8yt tak W906 \/ W907 \/ W910"},"content":{"rendered":"<div>Takb\u00f8yle MB Sprinter med h\u00f8yt tak W906 \/ W907 \/ W910<\/div>\n<div><\/div>\n<div>RST-Steels takbjelker er h\u00f8ykvalitetsprodukter laget av rustfritt st\u00e5l.&nbsp;<\/div>\n<div><\/div>\n<div>Takb\u00f8ylene kan utstyres med ekstralys og posisjonslys, noe som forbedrer sikten i trafikken og samtidig \u00f8ker sikkerheten for deg selv og andre i trafikken.<\/div>\n<div><\/div>\n<div>C-modellen har 5 sterke LED-posisjonslys foran og 2 gule LED-posisjonslys p\u00e5 begge sider.<\/div>\n<div><\/div>\n<div><span style=\"font-weight: bold\">Teknisk informasjon:<\/span><\/div>\n<div><\/div>\n<ul>\n<li>Farge: Polert rustfritt st\u00e5l eller lakkering med RAL-standardfarger<\/li>\n<li>R\u00f8rdiameter: 60 mm<\/li>\n<\/ul>\n<div><\/div>\n<div><span style=\"font-weight: bold\">Innhold i leveransen:<\/span><\/div>\n<div><\/div>\n<ul>\n<li>Takbjelke<\/li>\n<li>Festemidler som kreves for installasjon<\/li>\n<li>Installasjonsinstruksjoner<\/li>\n<\/ul>","protected":false},"excerpt":{"rendered":"<p>Flere modellalternativer tilgjengelig!<\/p>","protected":false},"featured_media":41585,"comment_status":"open","ping_status":"closed","template":"","meta":{"_improvement_type_select":"improve_an_existing","_thumb_yes_seoaic":false,"_frame_yes_seoaic":false,"seoaic_generate_description":"","seoaic_improve_instructions_prompt":"","seoaic_rollback_content_improvement":"","seoaic_idea_thumbnail_generator":"","thumbnail_generated":false,"thumbnail_generate_prompt":"","seoaic_article_description":""},"make_fuel_type":[],"make_model":[6377,6376,6381],"make_brand":[6374,6622],"make_year":[6373],"pwb-brand":[8334],"product_brand":[],"product_cat":[8055,6057,6063],"product_tag":[8486,7549],"class_list":{"0":"post-41588","1":"product","2":"type-product","3":"status-publish","4":"has-post-thumbnail","6":"make_engine-sprinter-l2h2","7":"make_engine-sprinter-l3h2","8":"make_engine-sprinter-l4h2","9":"make_model-w906-facelift-sprinter","10":"make_model-w906-sprinter","11":"make_model-w907-w910-sprinter","12":"make_brand-mb-van","13":"make_brand-volkswagen-van","14":"make_year-van","15":"pwb-brand-brand_rststeel","16":"product_cat-mb-rb","17":"product_cat-lightbars","18":"product_cat-roofbars-for-vans","19":"product_tag-sprinter","20":"product_tag-takbage","21":"product_shipping_class-lightbars","23":"first","24":"onbackorder","25":"taxable","26":"shipping-taxable","27":"purchasable","28":"product-type-variable"},"yoast_head":"<!-- This site is optimized with the Yoast SEO plugin v25.7 - https:\/\/yoast.com\/wordpress\/plugins\/seo\/ -->\n<title>Roof Bar MB Sprinter High-Roof W906 \/ W907 \/ W910 - RST-Steel<\/title>\n<meta name=\"description\" content=\"Roof Bar MB Sprinter High-Roof. RST-Steel\u2019s roof bars are high-quality products made of stainless steel.\u00a0Several model options available!\" \/>\n<meta name=\"robots\" content=\"index, follow, max-snippet:-1, max-image-preview:large, max-video-preview:-1\" \/>\n<link rel=\"canonical\" href=\"https:\/\/com.rst-steel.eu\/nb\/produkt\/roof-bar-mb-sprinter-high-roof-w906-w907-w910_prm_18826\/\" \/>\n<meta property=\"og:locale\" content=\"nb_NO\" \/>\n<meta property=\"og:type\" content=\"article\" \/>\n<meta property=\"og:title\" content=\"Roof Bar MB Sprinter High-Roof W906 \/ W907 \/ W910 - RST-Steel\" \/>\n<meta property=\"og:description\" content=\"Roof Bar MB Sprinter High-Roof. RST-Steel\u2019s roof bars are high-quality products made of stainless steel.\u00a0Several model options available!\" \/>\n<meta property=\"og:url\" content=\"https:\/\/com.rst-steel.eu\/nb\/produkt\/roof-bar-mb-sprinter-high-roof-w906-w907-w910_prm_18826\/\" \/>\n<meta property=\"og:site_name\" content=\"RST-Steel\" \/>\n<meta property=\"article:publisher\" content=\"https:\/\/www.facebook.com\/rststeel\" \/>\n<meta property=\"article:modified_time\" content=\"2026-03-16T06:16:38+00:00\" \/>\n<meta property=\"og:image\" content=\"https:\/\/com.rst-steel.eu\/wp-content\/uploads\/2024\/01\/fe6b949f700941ad24cc1c8f20ab20d28a6e6056_SPR030C.jpg\" \/>\n\t<meta property=\"og:image:width\" content=\"706\" \/>\n\t<meta property=\"og:image:height\" content=\"742\" \/>\n\t<meta property=\"og:image:type\" content=\"image\/jpeg\" \/>\n<meta name=\"twitter:card\" content=\"summary_large_image\" \/>\n<meta name=\"twitter:label1\" content=\"Ansl. lesetid\" \/>\n\t<meta name=\"twitter:data1\" content=\"1 minutt\" \/>\n<script type=\"application\/ld+json\" class=\"yoast-schema-graph\">{\"@context\":\"https:\/\/schema.org\",\"@graph\":[{\"@type\":\"WebPage\",\"@id\":\"https:\/\/com.rst-steel.eu\/nb\/produkt\/roof-bar-mb-sprinter-high-roof-w906-w907-w910_prm_18826\/\",\"url\":\"https:\/\/com.rst-steel.eu\/nb\/produkt\/roof-bar-mb-sprinter-high-roof-w906-w907-w910_prm_18826\/\",\"name\":\"Roof Bar MB Sprinter High-Roof W906 \/ W907 \/ W910 - RST-Steel\",\"isPartOf\":{\"@id\":\"https:\/\/com.rst-steel.eu\/#website\"},\"primaryImageOfPage\":{\"@id\":\"https:\/\/com.rst-steel.eu\/nb\/produkt\/roof-bar-mb-sprinter-high-roof-w906-w907-w910_prm_18826\/#primaryimage\"},\"image\":{\"@id\":\"https:\/\/com.rst-steel.eu\/nb\/produkt\/roof-bar-mb-sprinter-high-roof-w906-w907-w910_prm_18826\/#primaryimage\"},\"thumbnailUrl\":\"https:\/\/com.rst-steel.eu\/wp-content\/uploads\/2024\/01\/fe6b949f700941ad24cc1c8f20ab20d28a6e6056_SPR030C.jpg\",\"datePublished\":\"2024-01-08T13:13:35+00:00\",\"dateModified\":\"2026-03-16T06:16:38+00:00\",\"description\":\"Roof Bar MB Sprinter High-Roof. RST-Steel\u2019s roof bars are high-quality products made of stainless steel.\u00a0Several model options available!\",\"breadcrumb\":{\"@id\":\"https:\/\/com.rst-steel.eu\/nb\/produkt\/roof-bar-mb-sprinter-high-roof-w906-w907-w910_prm_18826\/#breadcrumb\"},\"inLanguage\":\"nb-NO\",\"potentialAction\":[{\"@type\":\"ReadAction\",\"target\":[\"https:\/\/com.rst-steel.eu\/nb\/produkt\/roof-bar-mb-sprinter-high-roof-w906-w907-w910_prm_18826\/\"]}]},{\"@type\":\"ImageObject\",\"inLanguage\":\"nb-NO\",\"@id\":\"https:\/\/com.rst-steel.eu\/nb\/produkt\/roof-bar-mb-sprinter-high-roof-w906-w907-w910_prm_18826\/#primaryimage\",\"url\":\"https:\/\/com.rst-steel.eu\/wp-content\/uploads\/2024\/01\/fe6b949f700941ad24cc1c8f20ab20d28a6e6056_SPR030C.jpg\",\"contentUrl\":\"https:\/\/com.rst-steel.eu\/wp-content\/uploads\/2024\/01\/fe6b949f700941ad24cc1c8f20ab20d28a6e6056_SPR030C.jpg\",\"width\":706,\"height\":742,\"caption\":\"Roof Bar MB Sprinter High-Roof\"},{\"@type\":\"BreadcrumbList\",\"@id\":\"https:\/\/com.rst-steel.eu\/nb\/produkt\/roof-bar-mb-sprinter-high-roof-w906-w907-w910_prm_18826\/#breadcrumb\",\"itemListElement\":[{\"@type\":\"ListItem\",\"position\":1,\"name\":\"Home\",\"item\":\"https:\/\/com.rst-steel.eu\/\"},{\"@type\":\"ListItem\",\"position\":2,\"name\":\"RST-Steel Shop\",\"item\":\"https:\/\/com.rst-steel.eu\/shop\/\"},{\"@type\":\"ListItem\",\"position\":3,\"name\":\"Roof Bar MB Sprinter High-Roof W906 \/ W907 \/ W910\"}]},{\"@type\":\"WebSite\",\"@id\":\"https:\/\/com.rst-steel.eu\/#website\",\"url\":\"https:\/\/com.rst-steel.eu\/\",\"name\":\"RST-Steel.com\",\"description\":\"Finnish quality steel, for quality-conscious drivers\",\"publisher\":{\"@id\":\"https:\/\/com.rst-steel.eu\/#organization\"},\"alternateName\":\"Safe and stylish RST-Steel quality\",\"potentialAction\":[{\"@type\":\"SearchAction\",\"target\":{\"@type\":\"EntryPoint\",\"urlTemplate\":\"https:\/\/com.rst-steel.eu\/?s={search_term_string}\"},\"query-input\":{\"@type\":\"PropertyValueSpecification\",\"valueRequired\":true,\"valueName\":\"search_term_string\"}}],\"inLanguage\":\"nb-NO\"},{\"@type\":\"Organization\",\"@id\":\"https:\/\/com.rst-steel.eu\/#organization\",\"name\":\"RST-Steel Oy\",\"url\":\"https:\/\/com.rst-steel.eu\/\",\"logo\":{\"@type\":\"ImageObject\",\"inLanguage\":\"nb-NO\",\"@id\":\"https:\/\/com.rst-steel.eu\/#\/schema\/logo\/image\/\",\"url\":\"https:\/\/com.rst-steel.eu\/wp-content\/uploads\/2023\/04\/cropped-Rst-logo-valkoinen-teksti-3.png\",\"contentUrl\":\"https:\/\/com.rst-steel.eu\/wp-content\/uploads\/2023\/04\/cropped-Rst-logo-valkoinen-teksti-3.png\",\"width\":512,\"height\":115,\"caption\":\"RST-Steel Oy\"},\"image\":{\"@id\":\"https:\/\/com.rst-steel.eu\/#\/schema\/logo\/image\/\"},\"sameAs\":[\"https:\/\/www.facebook.com\/rststeel\",\"https:\/\/www.instagram.com\/rststeeloy\/\"]}]}<\/script>\n<!-- \/ Yoast SEO plugin. -->","yoast_head_json":{"title":"Roof Bar MB Sprinter High-Roof W906 \/ W907 \/ W910 - RST-Steel","description":"Takb\u00f8yle MB Sprinter High-Roof. RST-Steels takbjelker er h\u00f8ykvalitetsprodukter laget av rustfritt st\u00e5l. Flere modellalternativer tilgjengelig!","robots":{"index":"index","follow":"follow","max-snippet":"max-snippet:-1","max-image-preview":"max-image-preview:large","max-video-preview":"max-video-preview:-1"},"canonical":"https:\/\/com.rst-steel.eu\/nb\/produkt\/roof-bar-mb-sprinter-high-roof-w906-w907-w910_prm_18826\/","og_locale":"nb_NO","og_type":"article","og_title":"Roof Bar MB Sprinter High-Roof W906 \/ W907 \/ W910 - RST-Steel","og_description":"Roof Bar MB Sprinter High-Roof. RST-Steel\u2019s roof bars are high-quality products made of stainless steel.\u00a0Several model options available!","og_url":"https:\/\/com.rst-steel.eu\/nb\/produkt\/roof-bar-mb-sprinter-high-roof-w906-w907-w910_prm_18826\/","og_site_name":"RST-Steel","article_publisher":"https:\/\/www.facebook.com\/rststeel","article_modified_time":"2026-03-16T06:16:38+00:00","og_image":[{"width":706,"height":742,"url":"https:\/\/com.rst-steel.eu\/wp-content\/uploads\/2024\/01\/fe6b949f700941ad24cc1c8f20ab20d28a6e6056_SPR030C.jpg","type":"image\/jpeg"}],"twitter_card":"summary_large_image","twitter_misc":{"Ansl. lesetid":"1 minutt"},"schema":{"@context":"https:\/\/schema.org","@graph":[{"@type":"WebPage","@id":"https:\/\/com.rst-steel.eu\/nb\/produkt\/roof-bar-mb-sprinter-high-roof-w906-w907-w910_prm_18826\/","url":"https:\/\/com.rst-steel.eu\/nb\/produkt\/roof-bar-mb-sprinter-high-roof-w906-w907-w910_prm_18826\/","name":"Roof Bar MB Sprinter High-Roof W906 \/ W907 \/ W910 - RST-Steel","isPartOf":{"@id":"https:\/\/com.rst-steel.eu\/#website"},"primaryImageOfPage":{"@id":"https:\/\/com.rst-steel.eu\/nb\/produkt\/roof-bar-mb-sprinter-high-roof-w906-w907-w910_prm_18826\/#primaryimage"},"image":{"@id":"https:\/\/com.rst-steel.eu\/nb\/produkt\/roof-bar-mb-sprinter-high-roof-w906-w907-w910_prm_18826\/#primaryimage"},"thumbnailUrl":"https:\/\/com.rst-steel.eu\/wp-content\/uploads\/2024\/01\/fe6b949f700941ad24cc1c8f20ab20d28a6e6056_SPR030C.jpg","datePublished":"2024-01-08T13:13:35+00:00","dateModified":"2026-03-16T06:16:38+00:00","description":"Takb\u00f8yle MB Sprinter High-Roof. RST-Steels takbjelker er h\u00f8ykvalitetsprodukter laget av rustfritt st\u00e5l. Flere modellalternativer tilgjengelig!","breadcrumb":{"@id":"https:\/\/com.rst-steel.eu\/nb\/produkt\/roof-bar-mb-sprinter-high-roof-w906-w907-w910_prm_18826\/#breadcrumb"},"inLanguage":"nb-NO","potentialAction":[{"@type":"ReadAction","target":["https:\/\/com.rst-steel.eu\/nb\/produkt\/roof-bar-mb-sprinter-high-roof-w906-w907-w910_prm_18826\/"]}]},{"@type":"ImageObject","inLanguage":"nb-NO","@id":"https:\/\/com.rst-steel.eu\/nb\/produkt\/roof-bar-mb-sprinter-high-roof-w906-w907-w910_prm_18826\/#primaryimage","url":"https:\/\/com.rst-steel.eu\/wp-content\/uploads\/2024\/01\/fe6b949f700941ad24cc1c8f20ab20d28a6e6056_SPR030C.jpg","contentUrl":"https:\/\/com.rst-steel.eu\/wp-content\/uploads\/2024\/01\/fe6b949f700941ad24cc1c8f20ab20d28a6e6056_SPR030C.jpg","width":706,"height":742,"caption":"Roof Bar MB Sprinter High-Roof"},{"@type":"BreadcrumbList","@id":"https:\/\/com.rst-steel.eu\/nb\/produkt\/roof-bar-mb-sprinter-high-roof-w906-w907-w910_prm_18826\/#breadcrumb","itemListElement":[{"@type":"ListItem","position":1,"name":"Home","item":"https:\/\/com.rst-steel.eu\/"},{"@type":"ListItem","position":2,"name":"RST-Steel Shop","item":"https:\/\/com.rst-steel.eu\/shop\/"},{"@type":"ListItem","position":3,"name":"Roof Bar MB Sprinter High-Roof W906 \/ W907 \/ W910"}]},{"@type":"WebSite","@id":"https:\/\/com.rst-steel.eu\/#website","url":"https:\/\/com.rst-steel.eu\/","name":"RST-Steel.com","description":"Finsk kvalitetsst\u00e5l, for kvalitetsbevisste sj\u00e5f\u00f8rer","publisher":{"@id":"https:\/\/com.rst-steel.eu\/#organization"},"alternateName":"Safe and stylish RST-Steel quality","potentialAction":[{"@type":"SearchAction","target":{"@type":"EntryPoint","urlTemplate":"https:\/\/com.rst-steel.eu\/?s={search_term_string}"},"query-input":{"@type":"PropertyValueSpecification","valueRequired":true,"valueName":"search_term_string"}}],"inLanguage":"nb-NO"},{"@type":"Organization","@id":"https:\/\/com.rst-steel.eu\/#organization","name":"RST-Steel Oy","url":"https:\/\/com.rst-steel.eu\/","logo":{"@type":"ImageObject","inLanguage":"nb-NO","@id":"https:\/\/com.rst-steel.eu\/#\/schema\/logo\/image\/","url":"https:\/\/com.rst-steel.eu\/wp-content\/uploads\/2023\/04\/cropped-Rst-logo-valkoinen-teksti-3.png","contentUrl":"https:\/\/com.rst-steel.eu\/wp-content\/uploads\/2023\/04\/cropped-Rst-logo-valkoinen-teksti-3.png","width":512,"height":115,"caption":"RST-Steel Oy"},"image":{"@id":"https:\/\/com.rst-steel.eu\/#\/schema\/logo\/image\/"},"sameAs":["https:\/\/www.facebook.com\/rststeel","https:\/\/www.instagram.com\/rststeeloy\/"]}]}},"brands":[{"id":8334,"name":"RST-Steel","slug":"brand_rststeel"}],"_links":{"self":[{"href":"https:\/\/com.rst-steel.eu\/nb\/wp-json\/wp\/v2\/product\/41588","targetHints":{"allow":["GET"]}}],"collection":[{"href":"https:\/\/com.rst-steel.eu\/nb\/wp-json\/wp\/v2\/product"}],"about":[{"href":"https:\/\/com.rst-steel.eu\/nb\/wp-json\/wp\/v2\/types\/product"}],"replies":[{"embeddable":true,"href":"https:\/\/com.rst-steel.eu\/nb\/wp-json\/wp\/v2\/comments?post=41588"}],"version-history":[{"count":0,"href":"https:\/\/com.rst-steel.eu\/nb\/wp-json\/wp\/v2\/product\/41588\/revisions"}],"wp:featuredmedia":[{"embeddable":true,"href":"https:\/\/com.rst-steel.eu\/nb\/wp-json\/wp\/v2\/media\/41585"}],"wp:attachment":[{"href":"https:\/\/com.rst-steel.eu\/nb\/wp-json\/wp\/v2\/media?parent=41588"}],"wp:term":[{"taxonomy":"make_fuel_type","embeddable":true,"href":"https:\/\/com.rst-steel.eu\/nb\/wp-json\/wp\/v2\/make_fuel_type?post=41588"},{"taxonomy":"make_model","embeddable":true,"href":"https:\/\/com.rst-steel.eu\/nb\/wp-json\/wp\/v2\/make_model?post=41588"},{"taxonomy":"make_brand","embeddable":true,"href":"https:\/\/com.rst-steel.eu\/nb\/wp-json\/wp\/v2\/make_brand?post=41588"},{"taxonomy":"make_year","embeddable":true,"href":"https:\/\/com.rst-steel.eu\/nb\/wp-json\/wp\/v2\/make_year?post=41588"},{"taxonomy":"pwb-brand","embeddable":true,"href":"https:\/\/com.rst-steel.eu\/nb\/wp-json\/wp\/v2\/pwb-brand?post=41588"},{"taxonomy":"product_brand","embeddable":true,"href":"https:\/\/com.rst-steel.eu\/nb\/wp-json\/wp\/v2\/product_brand?post=41588"},{"taxonomy":"product_cat","embeddable":true,"href":"https:\/\/com.rst-steel.eu\/nb\/wp-json\/wp\/v2\/product_cat?post=41588"},{"taxonomy":"product_tag","embeddable":true,"href":"https:\/\/com.rst-steel.eu\/nb\/wp-json\/wp\/v2\/product_tag?post=41588"}],"curies":[{"name":"wp","href":"https:\/\/api.w.org\/{rel}","templated":true}]}}