{"id":41533,"date":"2023-12-07T10:18:30","date_gmt":"2023-12-07T07:18:30","guid":{"rendered":"https:\/\/rst-steel.com\/product\/grille-kit-volvo-fh-2021-with-lazer-linear-12_prm_66308\/"},"modified":"2026-03-16T09:21:29","modified_gmt":"2026-03-16T06:21:29","slug":"grillsett-volvo-fh-2021-med-lazer-linear-12_prm_66308","status":"publish","type":"product","link":"https:\/\/com.rst-steel.eu\/nb\/produkt\/grillsett-volvo-fh-2021-med-lazer-linear-12_prm_66308\/","title":{"rendered":"Grille Kit Volvo FH 2021- With Lazer Linear 12"},"content":{"rendered":"<p>Grille Kit Volvo FH 2021- med Lazer linear 12 hjelpelys<\/p>\n<p><\/p>\n<p>Grillsett inkluderer skreddersydde monteringsbraketter som muliggj\u00f8r rask og enkel montering av Lazer High Performance LED-spotlights i frontgrillen<\/p>\n<p><\/p>\n<p><span style=\"font-weight: bold\">Grille settet inkluderer:<\/span><\/p>\n<ul>\n<li>2x Lazer Linear 12 LED Lamps<\/li>\n<li>Kabelsett<\/li>\n<li>Monteringssett<\/li>\n<\/ul>","protected":false},"excerpt":{"rendered":"<p>Tilgjengelig med Lazer Linear 12 STD, Elite og Elite PL!<\/p>","protected":false},"featured_media":41532,"comment_status":"open","ping_status":"closed","template":"","meta":{"_improvement_type_select":"improve_an_existing","_thumb_yes_seoaic":false,"_frame_yes_seoaic":false,"seoaic_generate_description":"","seoaic_improve_instructions_prompt":"","seoaic_rollback_content_improvement":"","seoaic_idea_thumbnail_generator":"","thumbnail_generated":false,"thumbnail_generate_prompt":"","seoaic_article_description":""},"make_fuel_type":[],"make_model":[5637],"make_brand":[3745],"make_year":[3748],"pwb-brand":[8332],"product_brand":[],"product_cat":[6195,6209,6212],"product_tag":[6298],"class_list":{"0":"post-41533","1":"product","2":"type-product","3":"status-publish","4":"has-post-thumbnail","6":"make_engine-normal-cab","7":"make_engine-globetrotter","8":"make_engine-globetrotter-xl-cab","9":"make_model-fh-2021","10":"make_brand-volvo","11":"make_year-trucks","12":"pwb-brand-brand_lazerlamps","13":"product_cat-lamps","14":"product_cat-auxiliary-lights","15":"product_cat-lazer-lamps-vehicle-specific-driving-light-kits","16":"product_tag-lazer-lamps","18":"first","19":"instock","20":"taxable","21":"shipping-taxable","22":"purchasable","23":"product-type-variable"},"yoast_head":"<!-- This site is optimized with the Yoast SEO plugin v25.7 - https:\/\/yoast.com\/wordpress\/plugins\/seo\/ -->\n<title>Grille Kit Volvo FH 2021- With Lazer Linear 12 - RST-Steel<\/title>\n<meta name=\"description\" content=\"Grille Kit Volvo FH 2021- with Lazer linear 12 auxiliary lights. Available with Lazer Linear 12 STD, Elite and Elite PL! Place your order now!\" \/>\n<meta name=\"robots\" content=\"index, follow, max-snippet:-1, max-image-preview:large, max-video-preview:-1\" \/>\n<link rel=\"canonical\" href=\"https:\/\/com.rst-steel.eu\/nb\/produkt\/grillsett-volvo-fh-2021-med-lazer-linear-12_prm_66308\/\" \/>\n<meta property=\"og:locale\" content=\"nb_NO\" \/>\n<meta property=\"og:type\" content=\"article\" \/>\n<meta property=\"og:title\" content=\"Grille Kit Volvo FH 2021- With Lazer Linear 12 - RST-Steel\" \/>\n<meta property=\"og:description\" content=\"Grille Kit Volvo FH 2021- with Lazer linear 12 auxiliary lights. Available with Lazer Linear 12 STD, Elite and Elite PL! Place your order now!\" \/>\n<meta property=\"og:url\" content=\"https:\/\/com.rst-steel.eu\/nb\/produkt\/grillsett-volvo-fh-2021-med-lazer-linear-12_prm_66308\/\" \/>\n<meta property=\"og:site_name\" content=\"RST-Steel\" \/>\n<meta property=\"article:publisher\" content=\"https:\/\/www.facebook.com\/rststeel\" \/>\n<meta property=\"article:modified_time\" content=\"2026-03-16T06:21:29+00:00\" \/>\n<meta property=\"og:image\" content=\"https:\/\/com.rst-steel.eu\/wp-content\/uploads\/2023\/12\/9664a2f5c9a4dd2a8569e28ec7fb9a350acc9a92_RST220625.jpg\" \/>\n\t<meta property=\"og:image:width\" content=\"945\" \/>\n\t<meta property=\"og:image:height\" content=\"599\" \/>\n\t<meta property=\"og:image:type\" content=\"image\/jpeg\" \/>\n<meta name=\"twitter:card\" content=\"summary_large_image\" \/>\n<meta name=\"twitter:label1\" content=\"Ansl. lesetid\" \/>\n\t<meta name=\"twitter:data1\" content=\"1 minutt\" \/>\n<script type=\"application\/ld+json\" class=\"yoast-schema-graph\">{\"@context\":\"https:\/\/schema.org\",\"@graph\":[{\"@type\":\"WebPage\",\"@id\":\"https:\/\/com.rst-steel.eu\/product\/grille-kit-volvo-fh-2021-with-lazer-linear-12_prm_66308\/\",\"url\":\"https:\/\/com.rst-steel.eu\/product\/grille-kit-volvo-fh-2021-with-lazer-linear-12_prm_66308\/\",\"name\":\"Grille Kit Volvo FH 2021- With Lazer Linear 12 - RST-Steel\",\"isPartOf\":{\"@id\":\"https:\/\/com.rst-steel.eu\/#website\"},\"primaryImageOfPage\":{\"@id\":\"https:\/\/com.rst-steel.eu\/product\/grille-kit-volvo-fh-2021-with-lazer-linear-12_prm_66308\/#primaryimage\"},\"image\":{\"@id\":\"https:\/\/com.rst-steel.eu\/product\/grille-kit-volvo-fh-2021-with-lazer-linear-12_prm_66308\/#primaryimage\"},\"thumbnailUrl\":\"https:\/\/com.rst-steel.eu\/wp-content\/uploads\/2023\/12\/9664a2f5c9a4dd2a8569e28ec7fb9a350acc9a92_RST220625.jpg\",\"datePublished\":\"2023-12-07T07:18:30+00:00\",\"dateModified\":\"2026-03-16T06:21:29+00:00\",\"description\":\"Grille Kit Volvo FH 2021- with Lazer linear 12 auxiliary lights. Available with Lazer Linear 12 STD, Elite and Elite PL! Place your order now!\",\"breadcrumb\":{\"@id\":\"https:\/\/com.rst-steel.eu\/product\/grille-kit-volvo-fh-2021-with-lazer-linear-12_prm_66308\/#breadcrumb\"},\"inLanguage\":\"nb-NO\",\"potentialAction\":[{\"@type\":\"ReadAction\",\"target\":[\"https:\/\/com.rst-steel.eu\/product\/grille-kit-volvo-fh-2021-with-lazer-linear-12_prm_66308\/\"]}]},{\"@type\":\"ImageObject\",\"inLanguage\":\"nb-NO\",\"@id\":\"https:\/\/com.rst-steel.eu\/product\/grille-kit-volvo-fh-2021-with-lazer-linear-12_prm_66308\/#primaryimage\",\"url\":\"https:\/\/com.rst-steel.eu\/wp-content\/uploads\/2023\/12\/9664a2f5c9a4dd2a8569e28ec7fb9a350acc9a92_RST220625.jpg\",\"contentUrl\":\"https:\/\/com.rst-steel.eu\/wp-content\/uploads\/2023\/12\/9664a2f5c9a4dd2a8569e28ec7fb9a350acc9a92_RST220625.jpg\",\"width\":945,\"height\":599},{\"@type\":\"BreadcrumbList\",\"@id\":\"https:\/\/com.rst-steel.eu\/product\/grille-kit-volvo-fh-2021-with-lazer-linear-12_prm_66308\/#breadcrumb\",\"itemListElement\":[{\"@type\":\"ListItem\",\"position\":1,\"name\":\"Home\",\"item\":\"https:\/\/com.rst-steel.eu\/\"},{\"@type\":\"ListItem\",\"position\":2,\"name\":\"RST-Steel Shop\",\"item\":\"https:\/\/com.rst-steel.eu\/shop\/\"},{\"@type\":\"ListItem\",\"position\":3,\"name\":\"Grille Kit Volvo FH 2021- With Lazer Linear 12\"}]},{\"@type\":\"WebSite\",\"@id\":\"https:\/\/com.rst-steel.eu\/#website\",\"url\":\"https:\/\/com.rst-steel.eu\/\",\"name\":\"RST-Steel.com\",\"description\":\"Finnish quality steel, for quality-conscious drivers\",\"publisher\":{\"@id\":\"https:\/\/com.rst-steel.eu\/#organization\"},\"alternateName\":\"Safe and stylish RST-Steel quality\",\"potentialAction\":[{\"@type\":\"SearchAction\",\"target\":{\"@type\":\"EntryPoint\",\"urlTemplate\":\"https:\/\/com.rst-steel.eu\/?s={search_term_string}\"},\"query-input\":{\"@type\":\"PropertyValueSpecification\",\"valueRequired\":true,\"valueName\":\"search_term_string\"}}],\"inLanguage\":\"nb-NO\"},{\"@type\":\"Organization\",\"@id\":\"https:\/\/com.rst-steel.eu\/#organization\",\"name\":\"RST-Steel Oy\",\"url\":\"https:\/\/com.rst-steel.eu\/\",\"logo\":{\"@type\":\"ImageObject\",\"inLanguage\":\"nb-NO\",\"@id\":\"https:\/\/com.rst-steel.eu\/#\/schema\/logo\/image\/\",\"url\":\"https:\/\/com.rst-steel.eu\/wp-content\/uploads\/2023\/04\/cropped-Rst-logo-valkoinen-teksti-3.png\",\"contentUrl\":\"https:\/\/com.rst-steel.eu\/wp-content\/uploads\/2023\/04\/cropped-Rst-logo-valkoinen-teksti-3.png\",\"width\":512,\"height\":115,\"caption\":\"RST-Steel Oy\"},\"image\":{\"@id\":\"https:\/\/com.rst-steel.eu\/#\/schema\/logo\/image\/\"},\"sameAs\":[\"https:\/\/www.facebook.com\/rststeel\",\"https:\/\/www.instagram.com\/rststeeloy\/\"]}]}<\/script>\n<!-- \/ Yoast SEO plugin. -->","yoast_head_json":{"title":"Grille Kit Volvo FH 2021- With Lazer Linear 12 - RST-Steel","description":"Grille Kit Volvo FH 2021- with Lazer linear 12 auxiliary lights. Available with Lazer Linear 12 STD, Elite and Elite PL! Place your order now!","robots":{"index":"index","follow":"follow","max-snippet":"max-snippet:-1","max-image-preview":"max-image-preview:large","max-video-preview":"max-video-preview:-1"},"canonical":"https:\/\/com.rst-steel.eu\/nb\/produkt\/grillsett-volvo-fh-2021-med-lazer-linear-12_prm_66308\/","og_locale":"nb_NO","og_type":"article","og_title":"Grille Kit Volvo FH 2021- With Lazer Linear 12 - RST-Steel","og_description":"Grille Kit Volvo FH 2021- with Lazer linear 12 auxiliary lights. Available with Lazer Linear 12 STD, Elite and Elite PL! Place your order now!","og_url":"https:\/\/com.rst-steel.eu\/nb\/produkt\/grillsett-volvo-fh-2021-med-lazer-linear-12_prm_66308\/","og_site_name":"RST-Steel","article_publisher":"https:\/\/www.facebook.com\/rststeel","article_modified_time":"2026-03-16T06:21:29+00:00","og_image":[{"width":945,"height":599,"url":"https:\/\/com.rst-steel.eu\/wp-content\/uploads\/2023\/12\/9664a2f5c9a4dd2a8569e28ec7fb9a350acc9a92_RST220625.jpg","type":"image\/jpeg"}],"twitter_card":"summary_large_image","twitter_misc":{"Ansl. lesetid":"1 minutt"},"schema":{"@context":"https:\/\/schema.org","@graph":[{"@type":"WebPage","@id":"https:\/\/com.rst-steel.eu\/product\/grille-kit-volvo-fh-2021-with-lazer-linear-12_prm_66308\/","url":"https:\/\/com.rst-steel.eu\/product\/grille-kit-volvo-fh-2021-with-lazer-linear-12_prm_66308\/","name":"Grille Kit Volvo FH 2021- With Lazer Linear 12 - RST-Steel","isPartOf":{"@id":"https:\/\/com.rst-steel.eu\/#website"},"primaryImageOfPage":{"@id":"https:\/\/com.rst-steel.eu\/product\/grille-kit-volvo-fh-2021-with-lazer-linear-12_prm_66308\/#primaryimage"},"image":{"@id":"https:\/\/com.rst-steel.eu\/product\/grille-kit-volvo-fh-2021-with-lazer-linear-12_prm_66308\/#primaryimage"},"thumbnailUrl":"https:\/\/com.rst-steel.eu\/wp-content\/uploads\/2023\/12\/9664a2f5c9a4dd2a8569e28ec7fb9a350acc9a92_RST220625.jpg","datePublished":"2023-12-07T07:18:30+00:00","dateModified":"2026-03-16T06:21:29+00:00","description":"Grille Kit Volvo FH 2021- with Lazer linear 12 auxiliary lights. Available with Lazer Linear 12 STD, Elite and Elite PL! Place your order now!","breadcrumb":{"@id":"https:\/\/com.rst-steel.eu\/product\/grille-kit-volvo-fh-2021-with-lazer-linear-12_prm_66308\/#breadcrumb"},"inLanguage":"nb-NO","potentialAction":[{"@type":"ReadAction","target":["https:\/\/com.rst-steel.eu\/product\/grille-kit-volvo-fh-2021-with-lazer-linear-12_prm_66308\/"]}]},{"@type":"ImageObject","inLanguage":"nb-NO","@id":"https:\/\/com.rst-steel.eu\/product\/grille-kit-volvo-fh-2021-with-lazer-linear-12_prm_66308\/#primaryimage","url":"https:\/\/com.rst-steel.eu\/wp-content\/uploads\/2023\/12\/9664a2f5c9a4dd2a8569e28ec7fb9a350acc9a92_RST220625.jpg","contentUrl":"https:\/\/com.rst-steel.eu\/wp-content\/uploads\/2023\/12\/9664a2f5c9a4dd2a8569e28ec7fb9a350acc9a92_RST220625.jpg","width":945,"height":599},{"@type":"BreadcrumbList","@id":"https:\/\/com.rst-steel.eu\/product\/grille-kit-volvo-fh-2021-with-lazer-linear-12_prm_66308\/#breadcrumb","itemListElement":[{"@type":"ListItem","position":1,"name":"Home","item":"https:\/\/com.rst-steel.eu\/"},{"@type":"ListItem","position":2,"name":"RST-Steel Shop","item":"https:\/\/com.rst-steel.eu\/shop\/"},{"@type":"ListItem","position":3,"name":"Grille Kit Volvo FH 2021- With Lazer Linear 12"}]},{"@type":"WebSite","@id":"https:\/\/com.rst-steel.eu\/#website","url":"https:\/\/com.rst-steel.eu\/","name":"RST-Steel.com","description":"Finsk kvalitetsst\u00e5l, for kvalitetsbevisste sj\u00e5f\u00f8rer","publisher":{"@id":"https:\/\/com.rst-steel.eu\/#organization"},"alternateName":"Safe and stylish RST-Steel quality","potentialAction":[{"@type":"SearchAction","target":{"@type":"EntryPoint","urlTemplate":"https:\/\/com.rst-steel.eu\/?s={search_term_string}"},"query-input":{"@type":"PropertyValueSpecification","valueRequired":true,"valueName":"search_term_string"}}],"inLanguage":"nb-NO"},{"@type":"Organization","@id":"https:\/\/com.rst-steel.eu\/#organization","name":"RST-Steel Oy","url":"https:\/\/com.rst-steel.eu\/","logo":{"@type":"ImageObject","inLanguage":"nb-NO","@id":"https:\/\/com.rst-steel.eu\/#\/schema\/logo\/image\/","url":"https:\/\/com.rst-steel.eu\/wp-content\/uploads\/2023\/04\/cropped-Rst-logo-valkoinen-teksti-3.png","contentUrl":"https:\/\/com.rst-steel.eu\/wp-content\/uploads\/2023\/04\/cropped-Rst-logo-valkoinen-teksti-3.png","width":512,"height":115,"caption":"RST-Steel Oy"},"image":{"@id":"https:\/\/com.rst-steel.eu\/#\/schema\/logo\/image\/"},"sameAs":["https:\/\/www.facebook.com\/rststeel","https:\/\/www.instagram.com\/rststeeloy\/"]}]}},"brands":[{"id":8332,"name":"Lazer Lamps","slug":"brand_lazerlamps"}],"_links":{"self":[{"href":"https:\/\/com.rst-steel.eu\/nb\/wp-json\/wp\/v2\/product\/41533","targetHints":{"allow":["GET"]}}],"collection":[{"href":"https:\/\/com.rst-steel.eu\/nb\/wp-json\/wp\/v2\/product"}],"about":[{"href":"https:\/\/com.rst-steel.eu\/nb\/wp-json\/wp\/v2\/types\/product"}],"replies":[{"embeddable":true,"href":"https:\/\/com.rst-steel.eu\/nb\/wp-json\/wp\/v2\/comments?post=41533"}],"version-history":[{"count":0,"href":"https:\/\/com.rst-steel.eu\/nb\/wp-json\/wp\/v2\/product\/41533\/revisions"}],"wp:featuredmedia":[{"embeddable":true,"href":"https:\/\/com.rst-steel.eu\/nb\/wp-json\/wp\/v2\/media\/41532"}],"wp:attachment":[{"href":"https:\/\/com.rst-steel.eu\/nb\/wp-json\/wp\/v2\/media?parent=41533"}],"wp:term":[{"taxonomy":"make_fuel_type","embeddable":true,"href":"https:\/\/com.rst-steel.eu\/nb\/wp-json\/wp\/v2\/make_fuel_type?post=41533"},{"taxonomy":"make_model","embeddable":true,"href":"https:\/\/com.rst-steel.eu\/nb\/wp-json\/wp\/v2\/make_model?post=41533"},{"taxonomy":"make_brand","embeddable":true,"href":"https:\/\/com.rst-steel.eu\/nb\/wp-json\/wp\/v2\/make_brand?post=41533"},{"taxonomy":"make_year","embeddable":true,"href":"https:\/\/com.rst-steel.eu\/nb\/wp-json\/wp\/v2\/make_year?post=41533"},{"taxonomy":"pwb-brand","embeddable":true,"href":"https:\/\/com.rst-steel.eu\/nb\/wp-json\/wp\/v2\/pwb-brand?post=41533"},{"taxonomy":"product_brand","embeddable":true,"href":"https:\/\/com.rst-steel.eu\/nb\/wp-json\/wp\/v2\/product_brand?post=41533"},{"taxonomy":"product_cat","embeddable":true,"href":"https:\/\/com.rst-steel.eu\/nb\/wp-json\/wp\/v2\/product_cat?post=41533"},{"taxonomy":"product_tag","embeddable":true,"href":"https:\/\/com.rst-steel.eu\/nb\/wp-json\/wp\/v2\/product_tag?post=41533"}],"curies":[{"name":"wp","href":"https:\/\/api.w.org\/{rel}","templated":true}]}}