{"id":41367,"date":"2023-11-21T12:31:00","date_gmt":"2023-11-21T09:31:00","guid":{"rendered":"https:\/\/rst-steel.com\/product\/rear-bar-caterpillar-308cr_prm_65600\/"},"modified":"2026-03-19T11:27:39","modified_gmt":"2026-03-19T08:27:39","slug":"counterweight-bar-caterpillar-308cr_prm_65600","status":"publish","type":"product","link":"https:\/\/com.rst-steel.eu\/nb\/produkt\/counterweight-bar-caterpillar-308cr_prm_65600\/","title":{"rendered":"Counterweight Bar Caterpillar 308CR"},"content":{"rendered":"<div class=\"pointer-events-none h-px w-px absolute bottom-0\" aria-hidden=\"true\" data-edge=\"true\"><strong>Counterweight Bar Caterpillar 308CR<\/strong><\/div>\n<div class=\"flex flex-col text-sm pb-25\">\n<article class=\"text-token-text-primary w-full focus:outline-none [--shadow-height:45px] has-data-writing-block:pointer-events-none has-data-writing-block:-mt-(--shadow-height) has-data-writing-block:pt-(--shadow-height) [&amp;:has([data-writing-block])&gt;*]:pointer-events-auto scroll-mt-[calc(var(--header-height)+min(200px,max(70px,20svh)))]\" dir=\"auto\" data-turn-id=\"request-699341a8-a74c-832b-9b7e-4ffaff75d1aa-50\" data-testid=\"conversation-turn-122\" data-scroll-anchor=\"true\" data-turn=\"assistant\">\n<div class=\"text-base my-auto mx-auto pb-10 [--thread-content-margin:--spacing(4)] @w-sm\/main:[--thread-content-margin:--spacing(6)] @w-lg\/main:[--thread-content-margin:--spacing(16)] px-(--thread-content-margin)\">\n<div class=\"[--thread-content-max-width:40rem] @w-lg\/main:[--thread-content-max-width:48rem] mx-auto max-w-(--thread-content-max-width) flex-1 group\/turn-messages focus-visible:outline-hidden relative flex w-full min-w-0 flex-col agent-turn\">\n<div class=\"flex max-w-full flex-col grow\">\n<div class=\"min-h-8 text-message relative flex w-full flex-col items-end gap-2 text-start break-words whitespace-normal [.text-message+&amp;]:mt-1\" dir=\"auto\" data-message-author-role=\"assistant\" data-message-id=\"a25568ce-4e20-4736-80b6-7eea9be0c455\" data-message-model-slug=\"gpt-5-mini\">\n<div class=\"flex w-full flex-col gap-1 empty:hidden first:pt-[1px]\">\n<div class=\"markdown prose dark:prose-invert w-full wrap-break-word dark markdown-new-styling\">\n<ul>\n<li><span style=\"font-weight: bold;\">\u00a0<\/span><\/li>\n<\/ul>\n<p data-start=\"67\" data-end=\"326\">RST-Steel counterweight bars are high-quality Key Flag products made from stainless steel. The light bar is a stylish accessory that allows you to mount lights easily and securely. It can also be equipped with marker lights to further improve visibility in traffic.<\/p>\n<p data-start=\"328\" data-end=\"393\">The counterweight bar is available with multiple light package options.<\/p>\n<p data-start=\"395\" data-end=\"488\">Select the boom type from the menu. Bars are available for both telescopic and fixed booms:<\/p>\n<ul data-start=\"489\" data-end=\"545\">\n<li data-start=\"489\" data-end=\"519\">\n<p data-start=\"491\" data-end=\"519\">SB (telescopic boom) 2019\u2192<\/p>\n<\/li>\n<li data-start=\"520\" data-end=\"545\">\n<p data-start=\"522\" data-end=\"545\">FB (fixed boom) 2022\u2192<\/p>\n<\/li>\n<\/ul>\n<ul data-start=\"489\" data-end=\"545\">\n<li data-start=\"520\" data-end=\"545\"><\/li>\n<\/ul>\n<p data-start=\"547\" data-end=\"661\"><span style=\"font-weight: bold;\">Tekniske spesifikasjoner:<\/span><\/p>\n<ul>\n<li>Farge: Polert rustfritt st\u00e5l eller lakkert i RAL-basisfarger<\/li>\n<li>R\u00f8rdiameter: 60 mm<\/li>\n<li><\/li>\n<\/ul>\n<p data-start=\"663\" data-end=\"682\"><span style=\"font-weight: bold;\">Pakken inkluderer:<\/span><\/p>\n<ul data-start=\"683\" data-end=\"796\" data-is-last-node=\"\" data-is-only-node=\"\">\n<li data-start=\"683\" data-end=\"696\">\n<p data-start=\"685\" data-end=\"696\">Counterweight bar Caterpillar 308CR<\/p>\n<\/li>\n<li data-start=\"697\" data-end=\"727\">\n<p data-start=\"699\" data-end=\"727\">N\u00f8dvendige monteringsbraketter<\/p>\n<\/li>\n<li data-start=\"728\" data-end=\"757\">\n<p data-start=\"730\" data-end=\"757\">Installasjonsinstruksjoner<\/p>\n<\/li>\n<li data-start=\"758\" data-end=\"796\" data-is-last-node=\"\">\n<p data-start=\"760\" data-end=\"796\" data-is-last-node=\"\">2 ready-to-mount work light brackets<\/p>\n<\/li>\n<\/ul>\n<\/div>\n<\/div>\n<\/div>\n<\/div>\n<div class=\"z-0 flex min-h-[46px] justify-start\"><\/div>\n<div class=\"mt-3 w-full empty:hidden\">\n<div class=\"text-center\"><\/div>\n<\/div>\n<\/div>\n<\/div>\n<\/article>\n<\/div>","protected":false},"excerpt":{"rendered":"<p>Flere ulike modeller finnes tilgjengelig<\/p>","protected":false},"featured_media":121659,"comment_status":"open","ping_status":"closed","template":"","meta":{"_improvement_type_select":"improve_an_existing","_thumb_yes_seoaic":false,"_frame_yes_seoaic":false,"seoaic_generate_description":"","seoaic_improve_instructions_prompt":"","seoaic_rollback_content_improvement":"","seoaic_idea_thumbnail_generator":"","thumbnail_generated":false,"thumbnail_generate_prompt":"","seoaic_article_description":""},"make_fuel_type":[],"make_model":[],"make_brand":[],"make_year":[],"pwb-brand":[8334],"product_brand":[],"product_cat":[6057,6069,7281],"product_tag":[8485],"class_list":{"0":"post-41367","1":"product","2":"type-product","3":"status-publish","4":"has-post-thumbnail","6":"pwb-brand-brand_rststeel","7":"product_cat-lightbars","8":"product_cat-rearbars-for-excavators","9":"product_cat-caterpillar-vr-kkp","10":"product_tag-motviktsbage","11":"product_shipping_class-lightbars","13":"first","14":"onbackorder","15":"taxable","16":"shipping-taxable","17":"purchasable","18":"product-type-variable"},"yoast_head":"<!-- This site is optimized with the Yoast SEO plugin v25.7 - https:\/\/yoast.com\/wordpress\/plugins\/seo\/ -->\n<title>Counterweight Bar Caterpillar 308CR - RST-Steel<\/title>\n<meta name=\"description\" content=\"Counterweight Bar Caterpillar 308CR excavators. Made from polished stainless steel with options for LED work and position lights.\" \/>\n<meta name=\"robots\" content=\"index, follow, max-snippet:-1, max-image-preview:large, max-video-preview:-1\" \/>\n<link rel=\"canonical\" href=\"https:\/\/com.rst-steel.eu\/nb\/produkt\/counterweight-bar-caterpillar-308cr_prm_65600\/\" \/>\n<meta property=\"og:locale\" content=\"nb_NO\" \/>\n<meta property=\"og:type\" content=\"article\" \/>\n<meta property=\"og:title\" content=\"Counterweight Bar Caterpillar 308CR - RST-Steel\" \/>\n<meta property=\"og:description\" content=\"Counterweight Bar Caterpillar 308CR excavators. Made from polished stainless steel with options for LED work and position lights.\" \/>\n<meta property=\"og:url\" content=\"https:\/\/com.rst-steel.eu\/nb\/produkt\/counterweight-bar-caterpillar-308cr_prm_65600\/\" \/>\n<meta property=\"og:site_name\" content=\"RST-Steel\" \/>\n<meta property=\"article:publisher\" content=\"https:\/\/www.facebook.com\/rststeel\" \/>\n<meta property=\"article:modified_time\" content=\"2026-03-19T08:27:39+00:00\" \/>\n<meta property=\"og:image\" content=\"https:\/\/com.rst-steel.eu\/wp-content\/uploads\/2026\/02\/6d566e8d668f51e6c1cf0c63085067702fc529be_TCA204A.jpg\" \/>\n\t<meta property=\"og:image:width\" content=\"1280\" \/>\n\t<meta property=\"og:image:height\" content=\"1024\" \/>\n\t<meta property=\"og:image:type\" content=\"image\/jpeg\" \/>\n<meta name=\"twitter:card\" content=\"summary_large_image\" \/>\n<meta name=\"twitter:label1\" content=\"Ansl. lesetid\" \/>\n\t<meta name=\"twitter:data1\" content=\"1 minutt\" \/>\n<script type=\"application\/ld+json\" class=\"yoast-schema-graph\">{\"@context\":\"https:\/\/schema.org\",\"@graph\":[{\"@type\":\"WebPage\",\"@id\":\"https:\/\/com.rst-steel.eu\/product\/counterweight-bar-caterpillar-308cr_prm_65600\/\",\"url\":\"https:\/\/com.rst-steel.eu\/product\/counterweight-bar-caterpillar-308cr_prm_65600\/\",\"name\":\"Counterweight Bar Caterpillar 308CR - RST-Steel\",\"isPartOf\":{\"@id\":\"https:\/\/com.rst-steel.eu\/#website\"},\"primaryImageOfPage\":{\"@id\":\"https:\/\/com.rst-steel.eu\/product\/counterweight-bar-caterpillar-308cr_prm_65600\/#primaryimage\"},\"image\":{\"@id\":\"https:\/\/com.rst-steel.eu\/product\/counterweight-bar-caterpillar-308cr_prm_65600\/#primaryimage\"},\"thumbnailUrl\":\"https:\/\/com.rst-steel.eu\/wp-content\/uploads\/2026\/02\/6d566e8d668f51e6c1cf0c63085067702fc529be_TCA204A.jpg\",\"datePublished\":\"2023-11-21T09:31:00+00:00\",\"dateModified\":\"2026-03-19T08:27:39+00:00\",\"description\":\"Counterweight Bar Caterpillar 308CR excavators. Made from polished stainless steel with options for LED work and position lights.\",\"breadcrumb\":{\"@id\":\"https:\/\/com.rst-steel.eu\/product\/counterweight-bar-caterpillar-308cr_prm_65600\/#breadcrumb\"},\"inLanguage\":\"nb-NO\",\"potentialAction\":[{\"@type\":\"ReadAction\",\"target\":[\"https:\/\/com.rst-steel.eu\/product\/counterweight-bar-caterpillar-308cr_prm_65600\/\"]}]},{\"@type\":\"ImageObject\",\"inLanguage\":\"nb-NO\",\"@id\":\"https:\/\/com.rst-steel.eu\/product\/counterweight-bar-caterpillar-308cr_prm_65600\/#primaryimage\",\"url\":\"https:\/\/com.rst-steel.eu\/wp-content\/uploads\/2026\/02\/6d566e8d668f51e6c1cf0c63085067702fc529be_TCA204A.jpg\",\"contentUrl\":\"https:\/\/com.rst-steel.eu\/wp-content\/uploads\/2026\/02\/6d566e8d668f51e6c1cf0c63085067702fc529be_TCA204A.jpg\",\"width\":1280,\"height\":1024,\"caption\":\"Counterweight Bar Caterpillar 308CR\"},{\"@type\":\"BreadcrumbList\",\"@id\":\"https:\/\/com.rst-steel.eu\/product\/counterweight-bar-caterpillar-308cr_prm_65600\/#breadcrumb\",\"itemListElement\":[{\"@type\":\"ListItem\",\"position\":1,\"name\":\"Home\",\"item\":\"https:\/\/com.rst-steel.eu\/\"},{\"@type\":\"ListItem\",\"position\":2,\"name\":\"RST-Steel Shop\",\"item\":\"https:\/\/com.rst-steel.eu\/shop\/\"},{\"@type\":\"ListItem\",\"position\":3,\"name\":\"Counterweight Bar Caterpillar 308CR\"}]},{\"@type\":\"WebSite\",\"@id\":\"https:\/\/com.rst-steel.eu\/#website\",\"url\":\"https:\/\/com.rst-steel.eu\/\",\"name\":\"RST-Steel.com\",\"description\":\"Finnish quality steel, for quality-conscious drivers\",\"publisher\":{\"@id\":\"https:\/\/com.rst-steel.eu\/#organization\"},\"alternateName\":\"Safe and stylish RST-Steel quality\",\"potentialAction\":[{\"@type\":\"SearchAction\",\"target\":{\"@type\":\"EntryPoint\",\"urlTemplate\":\"https:\/\/com.rst-steel.eu\/?s={search_term_string}\"},\"query-input\":{\"@type\":\"PropertyValueSpecification\",\"valueRequired\":true,\"valueName\":\"search_term_string\"}}],\"inLanguage\":\"nb-NO\"},{\"@type\":\"Organization\",\"@id\":\"https:\/\/com.rst-steel.eu\/#organization\",\"name\":\"RST-Steel Oy\",\"url\":\"https:\/\/com.rst-steel.eu\/\",\"logo\":{\"@type\":\"ImageObject\",\"inLanguage\":\"nb-NO\",\"@id\":\"https:\/\/com.rst-steel.eu\/#\/schema\/logo\/image\/\",\"url\":\"https:\/\/com.rst-steel.eu\/wp-content\/uploads\/2023\/04\/cropped-Rst-logo-valkoinen-teksti-3.png\",\"contentUrl\":\"https:\/\/com.rst-steel.eu\/wp-content\/uploads\/2023\/04\/cropped-Rst-logo-valkoinen-teksti-3.png\",\"width\":512,\"height\":115,\"caption\":\"RST-Steel Oy\"},\"image\":{\"@id\":\"https:\/\/com.rst-steel.eu\/#\/schema\/logo\/image\/\"},\"sameAs\":[\"https:\/\/www.facebook.com\/rststeel\",\"https:\/\/www.instagram.com\/rststeeloy\/\"]}]}<\/script>\n<!-- \/ Yoast SEO plugin. -->","yoast_head_json":{"title":"Counterweight Bar Caterpillar 308CR - RST-Steel","description":"Counterweight Bar Caterpillar 308CR excavators. Made from polished stainless steel with options for LED work and position lights.","robots":{"index":"index","follow":"follow","max-snippet":"max-snippet:-1","max-image-preview":"max-image-preview:large","max-video-preview":"max-video-preview:-1"},"canonical":"https:\/\/com.rst-steel.eu\/nb\/produkt\/counterweight-bar-caterpillar-308cr_prm_65600\/","og_locale":"nb_NO","og_type":"article","og_title":"Counterweight Bar Caterpillar 308CR - RST-Steel","og_description":"Counterweight Bar Caterpillar 308CR excavators. Made from polished stainless steel with options for LED work and position lights.","og_url":"https:\/\/com.rst-steel.eu\/nb\/produkt\/counterweight-bar-caterpillar-308cr_prm_65600\/","og_site_name":"RST-Steel","article_publisher":"https:\/\/www.facebook.com\/rststeel","article_modified_time":"2026-03-19T08:27:39+00:00","og_image":[{"width":1280,"height":1024,"url":"https:\/\/com.rst-steel.eu\/wp-content\/uploads\/2026\/02\/6d566e8d668f51e6c1cf0c63085067702fc529be_TCA204A.jpg","type":"image\/jpeg"}],"twitter_card":"summary_large_image","twitter_misc":{"Ansl. lesetid":"1 minutt"},"schema":{"@context":"https:\/\/schema.org","@graph":[{"@type":"WebPage","@id":"https:\/\/com.rst-steel.eu\/product\/counterweight-bar-caterpillar-308cr_prm_65600\/","url":"https:\/\/com.rst-steel.eu\/product\/counterweight-bar-caterpillar-308cr_prm_65600\/","name":"Counterweight Bar Caterpillar 308CR - RST-Steel","isPartOf":{"@id":"https:\/\/com.rst-steel.eu\/#website"},"primaryImageOfPage":{"@id":"https:\/\/com.rst-steel.eu\/product\/counterweight-bar-caterpillar-308cr_prm_65600\/#primaryimage"},"image":{"@id":"https:\/\/com.rst-steel.eu\/product\/counterweight-bar-caterpillar-308cr_prm_65600\/#primaryimage"},"thumbnailUrl":"https:\/\/com.rst-steel.eu\/wp-content\/uploads\/2026\/02\/6d566e8d668f51e6c1cf0c63085067702fc529be_TCA204A.jpg","datePublished":"2023-11-21T09:31:00+00:00","dateModified":"2026-03-19T08:27:39+00:00","description":"Counterweight Bar Caterpillar 308CR excavators. Made from polished stainless steel with options for LED work and position lights.","breadcrumb":{"@id":"https:\/\/com.rst-steel.eu\/product\/counterweight-bar-caterpillar-308cr_prm_65600\/#breadcrumb"},"inLanguage":"nb-NO","potentialAction":[{"@type":"ReadAction","target":["https:\/\/com.rst-steel.eu\/product\/counterweight-bar-caterpillar-308cr_prm_65600\/"]}]},{"@type":"ImageObject","inLanguage":"nb-NO","@id":"https:\/\/com.rst-steel.eu\/product\/counterweight-bar-caterpillar-308cr_prm_65600\/#primaryimage","url":"https:\/\/com.rst-steel.eu\/wp-content\/uploads\/2026\/02\/6d566e8d668f51e6c1cf0c63085067702fc529be_TCA204A.jpg","contentUrl":"https:\/\/com.rst-steel.eu\/wp-content\/uploads\/2026\/02\/6d566e8d668f51e6c1cf0c63085067702fc529be_TCA204A.jpg","width":1280,"height":1024,"caption":"Counterweight Bar Caterpillar 308CR"},{"@type":"BreadcrumbList","@id":"https:\/\/com.rst-steel.eu\/product\/counterweight-bar-caterpillar-308cr_prm_65600\/#breadcrumb","itemListElement":[{"@type":"ListItem","position":1,"name":"Home","item":"https:\/\/com.rst-steel.eu\/"},{"@type":"ListItem","position":2,"name":"RST-Steel Shop","item":"https:\/\/com.rst-steel.eu\/shop\/"},{"@type":"ListItem","position":3,"name":"Counterweight Bar Caterpillar 308CR"}]},{"@type":"WebSite","@id":"https:\/\/com.rst-steel.eu\/#website","url":"https:\/\/com.rst-steel.eu\/","name":"RST-Steel.com","description":"Finsk kvalitetsst\u00e5l, for kvalitetsbevisste sj\u00e5f\u00f8rer","publisher":{"@id":"https:\/\/com.rst-steel.eu\/#organization"},"alternateName":"Safe and stylish RST-Steel quality","potentialAction":[{"@type":"SearchAction","target":{"@type":"EntryPoint","urlTemplate":"https:\/\/com.rst-steel.eu\/?s={search_term_string}"},"query-input":{"@type":"PropertyValueSpecification","valueRequired":true,"valueName":"search_term_string"}}],"inLanguage":"nb-NO"},{"@type":"Organization","@id":"https:\/\/com.rst-steel.eu\/#organization","name":"RST-Steel Oy","url":"https:\/\/com.rst-steel.eu\/","logo":{"@type":"ImageObject","inLanguage":"nb-NO","@id":"https:\/\/com.rst-steel.eu\/#\/schema\/logo\/image\/","url":"https:\/\/com.rst-steel.eu\/wp-content\/uploads\/2023\/04\/cropped-Rst-logo-valkoinen-teksti-3.png","contentUrl":"https:\/\/com.rst-steel.eu\/wp-content\/uploads\/2023\/04\/cropped-Rst-logo-valkoinen-teksti-3.png","width":512,"height":115,"caption":"RST-Steel Oy"},"image":{"@id":"https:\/\/com.rst-steel.eu\/#\/schema\/logo\/image\/"},"sameAs":["https:\/\/www.facebook.com\/rststeel","https:\/\/www.instagram.com\/rststeeloy\/"]}]}},"brands":[{"id":8334,"name":"RST-Steel","slug":"brand_rststeel"}],"_links":{"self":[{"href":"https:\/\/com.rst-steel.eu\/nb\/wp-json\/wp\/v2\/product\/41367","targetHints":{"allow":["GET"]}}],"collection":[{"href":"https:\/\/com.rst-steel.eu\/nb\/wp-json\/wp\/v2\/product"}],"about":[{"href":"https:\/\/com.rst-steel.eu\/nb\/wp-json\/wp\/v2\/types\/product"}],"replies":[{"embeddable":true,"href":"https:\/\/com.rst-steel.eu\/nb\/wp-json\/wp\/v2\/comments?post=41367"}],"version-history":[{"count":0,"href":"https:\/\/com.rst-steel.eu\/nb\/wp-json\/wp\/v2\/product\/41367\/revisions"}],"wp:featuredmedia":[{"embeddable":true,"href":"https:\/\/com.rst-steel.eu\/nb\/wp-json\/wp\/v2\/media\/121659"}],"wp:attachment":[{"href":"https:\/\/com.rst-steel.eu\/nb\/wp-json\/wp\/v2\/media?parent=41367"}],"wp:term":[{"taxonomy":"make_fuel_type","embeddable":true,"href":"https:\/\/com.rst-steel.eu\/nb\/wp-json\/wp\/v2\/make_fuel_type?post=41367"},{"taxonomy":"make_model","embeddable":true,"href":"https:\/\/com.rst-steel.eu\/nb\/wp-json\/wp\/v2\/make_model?post=41367"},{"taxonomy":"make_brand","embeddable":true,"href":"https:\/\/com.rst-steel.eu\/nb\/wp-json\/wp\/v2\/make_brand?post=41367"},{"taxonomy":"make_year","embeddable":true,"href":"https:\/\/com.rst-steel.eu\/nb\/wp-json\/wp\/v2\/make_year?post=41367"},{"taxonomy":"pwb-brand","embeddable":true,"href":"https:\/\/com.rst-steel.eu\/nb\/wp-json\/wp\/v2\/pwb-brand?post=41367"},{"taxonomy":"product_brand","embeddable":true,"href":"https:\/\/com.rst-steel.eu\/nb\/wp-json\/wp\/v2\/product_brand?post=41367"},{"taxonomy":"product_cat","embeddable":true,"href":"https:\/\/com.rst-steel.eu\/nb\/wp-json\/wp\/v2\/product_cat?post=41367"},{"taxonomy":"product_tag","embeddable":true,"href":"https:\/\/com.rst-steel.eu\/nb\/wp-json\/wp\/v2\/product_tag?post=41367"}],"curies":[{"name":"wp","href":"https:\/\/api.w.org\/{rel}","templated":true}]}}