{"id":41355,"date":"2023-11-21T12:28:51","date_gmt":"2023-11-21T09:28:51","guid":{"rendered":"https:\/\/rst-steel.com\/product\/rear-bar-caterpillar-mh3022_prm_70244\/"},"modified":"2026-03-19T11:29:14","modified_gmt":"2026-03-19T08:29:14","slug":"counterweight-bar-caterpillar-mh3022_prm_70244","status":"publish","type":"product","link":"https:\/\/com.rst-steel.eu\/nb\/produkt\/counterweight-bar-caterpillar-mh3022_prm_70244\/","title":{"rendered":"Counterweight Bar Caterpillar MH3022"},"content":{"rendered":"<p><span style=\"font-weight: bold;\">Counterweight Bar Caterpillar MH3022<\/span><\/p>\n<ul>\n<li><\/li>\n<\/ul>\n<p>RST-Steel\u2019s rear bars are high-quality products made of stainless steel. The rear bars can be equipped with work lights and position lights, which improve your visibility in traffic, and at the same time increase safety for yourself and others in traffic.<\/p>\n<ul>\n<li><\/li>\n<\/ul>\n<p><span style=\"font-weight: bold;\">Teknisk informasjon:<\/span><\/p>\n<ul>\n<li>Farge: Polert rustfritt st\u00e5l eller lakkering med RAL-standardfarger<\/li>\n<li>R\u00f8rdiameter: 60 mm<\/li>\n<li>Enkel \u00e5 installere<\/li>\n<\/ul>\n<p>&nbsp;<\/p>\n<p><span style=\"font-weight: bold;\">Innhold i leveransen:<\/span><\/p>\n<ul>\n<li>Counterweight bar<\/li>\n<li>Festemidler som kreves for installasjon<\/li>\n<li>Installasjonsinstruksjoner<\/li>\n<\/ul>","protected":false},"excerpt":{"rendered":"<p>Flere modellalternativer tilgjengelig!<\/p>","protected":false},"featured_media":121655,"comment_status":"open","ping_status":"closed","template":"","meta":{"_improvement_type_select":"improve_an_existing","_thumb_yes_seoaic":false,"_frame_yes_seoaic":false,"seoaic_generate_description":"","seoaic_improve_instructions_prompt":"","seoaic_rollback_content_improvement":"","seoaic_idea_thumbnail_generator":"","thumbnail_generated":false,"thumbnail_generate_prompt":"","seoaic_article_description":""},"make_fuel_type":[],"make_model":[],"make_brand":[],"make_year":[],"pwb-brand":[8334],"product_brand":[],"product_cat":[6057,6069,7281],"product_tag":[8485],"class_list":{"0":"post-41355","1":"product","2":"type-product","3":"status-publish","4":"has-post-thumbnail","6":"pwb-brand-brand_rststeel","7":"product_cat-lightbars","8":"product_cat-rearbars-for-excavators","9":"product_cat-caterpillar-vr-kkp","10":"product_tag-motviktsbage","11":"product_shipping_class-lightbars","13":"first","14":"onbackorder","15":"taxable","16":"shipping-taxable","17":"purchasable","18":"product-type-variable"},"yoast_head":"<!-- This site is optimized with the Yoast SEO plugin v25.7 - https:\/\/yoast.com\/wordpress\/plugins\/seo\/ -->\n<title>Counterweight Bar Caterpillar MH3022 - RST-Steel<\/title>\n<meta name=\"description\" content=\"Counterweight Bar Caterpillar MH3022 \u2013 durable, precise fit. Improves safety, stability, and adds a clean, professional look.\" \/>\n<meta name=\"robots\" content=\"index, follow, max-snippet:-1, max-image-preview:large, max-video-preview:-1\" \/>\n<link rel=\"canonical\" href=\"https:\/\/com.rst-steel.eu\/nb\/produkt\/counterweight-bar-caterpillar-mh3022_prm_70244\/\" \/>\n<meta property=\"og:locale\" content=\"nb_NO\" \/>\n<meta property=\"og:type\" content=\"article\" \/>\n<meta property=\"og:title\" content=\"Counterweight Bar Caterpillar MH3022 - RST-Steel\" \/>\n<meta property=\"og:description\" content=\"Counterweight Bar Caterpillar MH3022 \u2013 durable, precise fit. Improves safety, stability, and adds a clean, professional look.\" \/>\n<meta property=\"og:url\" content=\"https:\/\/com.rst-steel.eu\/nb\/produkt\/counterweight-bar-caterpillar-mh3022_prm_70244\/\" \/>\n<meta property=\"og:site_name\" content=\"RST-Steel\" \/>\n<meta property=\"article:publisher\" content=\"https:\/\/www.facebook.com\/rststeel\" \/>\n<meta property=\"article:modified_time\" content=\"2026-03-19T08:29:14+00:00\" \/>\n<meta property=\"og:image\" content=\"https:\/\/com.rst-steel.eu\/wp-content\/uploads\/2026\/02\/9e9a94973c95d193bb8458de5ab4c4ad03d70902_17201.jpg\" \/>\n\t<meta property=\"og:image:width\" content=\"1176\" \/>\n\t<meta property=\"og:image:height\" content=\"587\" \/>\n\t<meta property=\"og:image:type\" content=\"image\/jpeg\" \/>\n<meta name=\"twitter:card\" content=\"summary_large_image\" \/>\n<meta name=\"twitter:label1\" content=\"Ansl. lesetid\" \/>\n\t<meta name=\"twitter:data1\" content=\"1 minutt\" \/>\n<script type=\"application\/ld+json\" class=\"yoast-schema-graph\">{\"@context\":\"https:\/\/schema.org\",\"@graph\":[{\"@type\":\"WebPage\",\"@id\":\"https:\/\/com.rst-steel.eu\/product\/counterweight-bar-caterpillar-mh3022_prm_70244\/\",\"url\":\"https:\/\/com.rst-steel.eu\/product\/counterweight-bar-caterpillar-mh3022_prm_70244\/\",\"name\":\"Counterweight Bar Caterpillar MH3022 - RST-Steel\",\"isPartOf\":{\"@id\":\"https:\/\/com.rst-steel.eu\/#website\"},\"primaryImageOfPage\":{\"@id\":\"https:\/\/com.rst-steel.eu\/product\/counterweight-bar-caterpillar-mh3022_prm_70244\/#primaryimage\"},\"image\":{\"@id\":\"https:\/\/com.rst-steel.eu\/product\/counterweight-bar-caterpillar-mh3022_prm_70244\/#primaryimage\"},\"thumbnailUrl\":\"https:\/\/com.rst-steel.eu\/wp-content\/uploads\/2026\/02\/9e9a94973c95d193bb8458de5ab4c4ad03d70902_17201.jpg\",\"datePublished\":\"2023-11-21T09:28:51+00:00\",\"dateModified\":\"2026-03-19T08:29:14+00:00\",\"description\":\"Counterweight Bar Caterpillar MH3022 \u2013 durable, precise fit. Improves safety, stability, and adds a clean, professional look.\",\"breadcrumb\":{\"@id\":\"https:\/\/com.rst-steel.eu\/product\/counterweight-bar-caterpillar-mh3022_prm_70244\/#breadcrumb\"},\"inLanguage\":\"nb-NO\",\"potentialAction\":[{\"@type\":\"ReadAction\",\"target\":[\"https:\/\/com.rst-steel.eu\/product\/counterweight-bar-caterpillar-mh3022_prm_70244\/\"]}]},{\"@type\":\"ImageObject\",\"inLanguage\":\"nb-NO\",\"@id\":\"https:\/\/com.rst-steel.eu\/product\/counterweight-bar-caterpillar-mh3022_prm_70244\/#primaryimage\",\"url\":\"https:\/\/com.rst-steel.eu\/wp-content\/uploads\/2026\/02\/9e9a94973c95d193bb8458de5ab4c4ad03d70902_17201.jpg\",\"contentUrl\":\"https:\/\/com.rst-steel.eu\/wp-content\/uploads\/2026\/02\/9e9a94973c95d193bb8458de5ab4c4ad03d70902_17201.jpg\",\"width\":1176,\"height\":587,\"caption\":\"Counterweight Bar Caterpillar MH3022\"},{\"@type\":\"BreadcrumbList\",\"@id\":\"https:\/\/com.rst-steel.eu\/product\/counterweight-bar-caterpillar-mh3022_prm_70244\/#breadcrumb\",\"itemListElement\":[{\"@type\":\"ListItem\",\"position\":1,\"name\":\"Home\",\"item\":\"https:\/\/com.rst-steel.eu\/\"},{\"@type\":\"ListItem\",\"position\":2,\"name\":\"RST-Steel Shop\",\"item\":\"https:\/\/com.rst-steel.eu\/shop\/\"},{\"@type\":\"ListItem\",\"position\":3,\"name\":\"Counterweight Bar Caterpillar MH3022\"}]},{\"@type\":\"WebSite\",\"@id\":\"https:\/\/com.rst-steel.eu\/#website\",\"url\":\"https:\/\/com.rst-steel.eu\/\",\"name\":\"RST-Steel.com\",\"description\":\"Finnish quality steel, for quality-conscious drivers\",\"publisher\":{\"@id\":\"https:\/\/com.rst-steel.eu\/#organization\"},\"alternateName\":\"Safe and stylish RST-Steel quality\",\"potentialAction\":[{\"@type\":\"SearchAction\",\"target\":{\"@type\":\"EntryPoint\",\"urlTemplate\":\"https:\/\/com.rst-steel.eu\/?s={search_term_string}\"},\"query-input\":{\"@type\":\"PropertyValueSpecification\",\"valueRequired\":true,\"valueName\":\"search_term_string\"}}],\"inLanguage\":\"nb-NO\"},{\"@type\":\"Organization\",\"@id\":\"https:\/\/com.rst-steel.eu\/#organization\",\"name\":\"RST-Steel Oy\",\"url\":\"https:\/\/com.rst-steel.eu\/\",\"logo\":{\"@type\":\"ImageObject\",\"inLanguage\":\"nb-NO\",\"@id\":\"https:\/\/com.rst-steel.eu\/#\/schema\/logo\/image\/\",\"url\":\"https:\/\/com.rst-steel.eu\/wp-content\/uploads\/2023\/04\/cropped-Rst-logo-valkoinen-teksti-3.png\",\"contentUrl\":\"https:\/\/com.rst-steel.eu\/wp-content\/uploads\/2023\/04\/cropped-Rst-logo-valkoinen-teksti-3.png\",\"width\":512,\"height\":115,\"caption\":\"RST-Steel Oy\"},\"image\":{\"@id\":\"https:\/\/com.rst-steel.eu\/#\/schema\/logo\/image\/\"},\"sameAs\":[\"https:\/\/www.facebook.com\/rststeel\",\"https:\/\/www.instagram.com\/rststeeloy\/\"]}]}<\/script>\n<!-- \/ Yoast SEO plugin. -->","yoast_head_json":{"title":"Counterweight Bar Caterpillar MH3022 - RST-Steel","description":"Counterweight Bar Caterpillar MH3022 \u2013 durable, precise fit. Improves safety, stability, and adds a clean, professional look.","robots":{"index":"index","follow":"follow","max-snippet":"max-snippet:-1","max-image-preview":"max-image-preview:large","max-video-preview":"max-video-preview:-1"},"canonical":"https:\/\/com.rst-steel.eu\/nb\/produkt\/counterweight-bar-caterpillar-mh3022_prm_70244\/","og_locale":"nb_NO","og_type":"article","og_title":"Counterweight Bar Caterpillar MH3022 - RST-Steel","og_description":"Counterweight Bar Caterpillar MH3022 \u2013 durable, precise fit. Improves safety, stability, and adds a clean, professional look.","og_url":"https:\/\/com.rst-steel.eu\/nb\/produkt\/counterweight-bar-caterpillar-mh3022_prm_70244\/","og_site_name":"RST-Steel","article_publisher":"https:\/\/www.facebook.com\/rststeel","article_modified_time":"2026-03-19T08:29:14+00:00","og_image":[{"width":1176,"height":587,"url":"https:\/\/com.rst-steel.eu\/wp-content\/uploads\/2026\/02\/9e9a94973c95d193bb8458de5ab4c4ad03d70902_17201.jpg","type":"image\/jpeg"}],"twitter_card":"summary_large_image","twitter_misc":{"Ansl. lesetid":"1 minutt"},"schema":{"@context":"https:\/\/schema.org","@graph":[{"@type":"WebPage","@id":"https:\/\/com.rst-steel.eu\/product\/counterweight-bar-caterpillar-mh3022_prm_70244\/","url":"https:\/\/com.rst-steel.eu\/product\/counterweight-bar-caterpillar-mh3022_prm_70244\/","name":"Counterweight Bar Caterpillar MH3022 - RST-Steel","isPartOf":{"@id":"https:\/\/com.rst-steel.eu\/#website"},"primaryImageOfPage":{"@id":"https:\/\/com.rst-steel.eu\/product\/counterweight-bar-caterpillar-mh3022_prm_70244\/#primaryimage"},"image":{"@id":"https:\/\/com.rst-steel.eu\/product\/counterweight-bar-caterpillar-mh3022_prm_70244\/#primaryimage"},"thumbnailUrl":"https:\/\/com.rst-steel.eu\/wp-content\/uploads\/2026\/02\/9e9a94973c95d193bb8458de5ab4c4ad03d70902_17201.jpg","datePublished":"2023-11-21T09:28:51+00:00","dateModified":"2026-03-19T08:29:14+00:00","description":"Counterweight Bar Caterpillar MH3022 \u2013 durable, precise fit. Improves safety, stability, and adds a clean, professional look.","breadcrumb":{"@id":"https:\/\/com.rst-steel.eu\/product\/counterweight-bar-caterpillar-mh3022_prm_70244\/#breadcrumb"},"inLanguage":"nb-NO","potentialAction":[{"@type":"ReadAction","target":["https:\/\/com.rst-steel.eu\/product\/counterweight-bar-caterpillar-mh3022_prm_70244\/"]}]},{"@type":"ImageObject","inLanguage":"nb-NO","@id":"https:\/\/com.rst-steel.eu\/product\/counterweight-bar-caterpillar-mh3022_prm_70244\/#primaryimage","url":"https:\/\/com.rst-steel.eu\/wp-content\/uploads\/2026\/02\/9e9a94973c95d193bb8458de5ab4c4ad03d70902_17201.jpg","contentUrl":"https:\/\/com.rst-steel.eu\/wp-content\/uploads\/2026\/02\/9e9a94973c95d193bb8458de5ab4c4ad03d70902_17201.jpg","width":1176,"height":587,"caption":"Counterweight Bar Caterpillar MH3022"},{"@type":"BreadcrumbList","@id":"https:\/\/com.rst-steel.eu\/product\/counterweight-bar-caterpillar-mh3022_prm_70244\/#breadcrumb","itemListElement":[{"@type":"ListItem","position":1,"name":"Home","item":"https:\/\/com.rst-steel.eu\/"},{"@type":"ListItem","position":2,"name":"RST-Steel Shop","item":"https:\/\/com.rst-steel.eu\/shop\/"},{"@type":"ListItem","position":3,"name":"Counterweight Bar Caterpillar MH3022"}]},{"@type":"WebSite","@id":"https:\/\/com.rst-steel.eu\/#website","url":"https:\/\/com.rst-steel.eu\/","name":"RST-Steel.com","description":"Finsk kvalitetsst\u00e5l, for kvalitetsbevisste sj\u00e5f\u00f8rer","publisher":{"@id":"https:\/\/com.rst-steel.eu\/#organization"},"alternateName":"Safe and stylish RST-Steel quality","potentialAction":[{"@type":"SearchAction","target":{"@type":"EntryPoint","urlTemplate":"https:\/\/com.rst-steel.eu\/?s={search_term_string}"},"query-input":{"@type":"PropertyValueSpecification","valueRequired":true,"valueName":"search_term_string"}}],"inLanguage":"nb-NO"},{"@type":"Organization","@id":"https:\/\/com.rst-steel.eu\/#organization","name":"RST-Steel Oy","url":"https:\/\/com.rst-steel.eu\/","logo":{"@type":"ImageObject","inLanguage":"nb-NO","@id":"https:\/\/com.rst-steel.eu\/#\/schema\/logo\/image\/","url":"https:\/\/com.rst-steel.eu\/wp-content\/uploads\/2023\/04\/cropped-Rst-logo-valkoinen-teksti-3.png","contentUrl":"https:\/\/com.rst-steel.eu\/wp-content\/uploads\/2023\/04\/cropped-Rst-logo-valkoinen-teksti-3.png","width":512,"height":115,"caption":"RST-Steel Oy"},"image":{"@id":"https:\/\/com.rst-steel.eu\/#\/schema\/logo\/image\/"},"sameAs":["https:\/\/www.facebook.com\/rststeel","https:\/\/www.instagram.com\/rststeeloy\/"]}]}},"brands":[{"id":8334,"name":"RST-Steel","slug":"brand_rststeel"}],"_links":{"self":[{"href":"https:\/\/com.rst-steel.eu\/nb\/wp-json\/wp\/v2\/product\/41355","targetHints":{"allow":["GET"]}}],"collection":[{"href":"https:\/\/com.rst-steel.eu\/nb\/wp-json\/wp\/v2\/product"}],"about":[{"href":"https:\/\/com.rst-steel.eu\/nb\/wp-json\/wp\/v2\/types\/product"}],"replies":[{"embeddable":true,"href":"https:\/\/com.rst-steel.eu\/nb\/wp-json\/wp\/v2\/comments?post=41355"}],"version-history":[{"count":0,"href":"https:\/\/com.rst-steel.eu\/nb\/wp-json\/wp\/v2\/product\/41355\/revisions"}],"wp:featuredmedia":[{"embeddable":true,"href":"https:\/\/com.rst-steel.eu\/nb\/wp-json\/wp\/v2\/media\/121655"}],"wp:attachment":[{"href":"https:\/\/com.rst-steel.eu\/nb\/wp-json\/wp\/v2\/media?parent=41355"}],"wp:term":[{"taxonomy":"make_fuel_type","embeddable":true,"href":"https:\/\/com.rst-steel.eu\/nb\/wp-json\/wp\/v2\/make_fuel_type?post=41355"},{"taxonomy":"make_model","embeddable":true,"href":"https:\/\/com.rst-steel.eu\/nb\/wp-json\/wp\/v2\/make_model?post=41355"},{"taxonomy":"make_brand","embeddable":true,"href":"https:\/\/com.rst-steel.eu\/nb\/wp-json\/wp\/v2\/make_brand?post=41355"},{"taxonomy":"make_year","embeddable":true,"href":"https:\/\/com.rst-steel.eu\/nb\/wp-json\/wp\/v2\/make_year?post=41355"},{"taxonomy":"pwb-brand","embeddable":true,"href":"https:\/\/com.rst-steel.eu\/nb\/wp-json\/wp\/v2\/pwb-brand?post=41355"},{"taxonomy":"product_brand","embeddable":true,"href":"https:\/\/com.rst-steel.eu\/nb\/wp-json\/wp\/v2\/product_brand?post=41355"},{"taxonomy":"product_cat","embeddable":true,"href":"https:\/\/com.rst-steel.eu\/nb\/wp-json\/wp\/v2\/product_cat?post=41355"},{"taxonomy":"product_tag","embeddable":true,"href":"https:\/\/com.rst-steel.eu\/nb\/wp-json\/wp\/v2\/product_tag?post=41355"}],"curies":[{"name":"wp","href":"https:\/\/api.w.org\/{rel}","templated":true}]}}