{"id":41205,"date":"2023-10-25T11:51:55","date_gmt":"2023-10-25T08:51:55","guid":{"rendered":"https:\/\/rst-steel.com\/product\/lazer-triple-r-24-elite_pr_77095\/"},"modified":"2026-03-16T09:16:17","modified_gmt":"2026-03-16T06:16:17","slug":"lazer-triple-r-24-elite_pr_77095","status":"publish","type":"product","link":"https:\/\/com.rst-steel.eu\/nb\/produkt\/lazer-triple-r-24-elite_pr_77095\/","title":{"rendered":"Lazer Triple-R 24 Elite+"},"content":{"rendered":"<p>Lazer Triple-R 24 Elite+<\/p>\n<p><\/p>\n<p>The Elite+ range represents the evolution in the most powerful LED auxiliary lights, incorporating products with enhanced performance, light dispersion, and functionality. Improvements have been made to the ranges\u2019 luminaires by incorporating additional yellow LED bulbs, which can be combined with the already superior white light high beam function, providing an astonishing night visibility in a slightly softer and more relaxing color temperature!<\/p>\n<p>Lysene er beregnet p\u00e5 \u00e5 veksle mellom de ulike lysmodusene via en momentanbryter. Lysmodusene er: Boost (kun hvitt), Combo (hvitt + gult), Snow\/Fog\/Dust Mode (kun gult) og E-mark (kun hvitt; tillatt p\u00e5 vei med redusert effekt i samsvar med UNECE Reg 149). En minnefunksjon i lampen gj\u00f8r at den forrige modusen som ble valgt, vil v\u00e6re i kraft n\u00e5r du for eksempel starter bilen p\u00e5 nytt. Hvis du i tillegg trykker p\u00e5 og holder inne bryteren i to sekunder, vil lyset umiddelbart g\u00e5 over til E-mark-modus.<\/p>\n<p>Den imponerende karakteren til Triple-R 24 Elite+ gjenspeiles i lampens ytelse. Takket v\u00e6re avansert elektronisk design best\u00e5r lampen av en kombinasjon av 48 hvite lysdioder og 40 gule lysdioder. N\u00e5r lampen er i Boost-modus, produserer de hvite lysdiodene 24 056 r\u00e5 lumen. N\u00e5r du bytter til \"Combo\"-modus, produserer de hvite og gule lysdiodene til sammen 34 220 r\u00e5 lumen, noe som gir en utrolig lysytelse og en tryggere og morsommere kj\u00f8reopplevelse om natten. N\u00e5r alle LED-lampene brukes sammen, resulterer det i et str\u00f8mforbruk p\u00e5 340 W og 26,1 Ampere (ved 14 V). For \u00e5 lette driften av lampen og den elektriske installasjonen har lampen b\u00e5de en 2-pinners Aptiv- og en 3-pinners Superseal-kontakt med h\u00f8y effekt. I tillegg f\u00f8lger det med tilsvarende ledningssett p\u00e5 kj\u00f8ret\u00f8yets side til hver lampe. Aptiv-tilkoblingen er ansvarlig for fjernlyset, mens Superseal-tilkoblingene er relatert til: funksjonsvalg, hvitt og gult posisjonslys\/baklysvalg.&nbsp;<\/p>\n<p>Som alle Lazer-produkter er Elite+-serien designet, konstruert og produsert internt i Storbritannia i henhold til strenge standarder, b\u00e5de n\u00e5r det gjelder ytelse, p\u00e5litelighet og utseende. Med lampens moderne design er stylingen og finishen imponerende, spesielt p\u00e5 n\u00e6rt hold, men de virkelige wow-\u00f8yeblikkene kommer n\u00e5r du sl\u00e5r p\u00e5 lyset om natten! Med v\u00e5r omfattende 5-\u00e5rs garanti og livstidsgaranti p\u00e5 linsen er dette et produkt du kan stole p\u00e5 at vil vare i \u00e5revis, selv i de t\u00f8ffeste milj\u00f8er.<\/p>\n<p><\/p>\n<p><span style=\"font-weight: bold\">Produktegenskaper:<\/span><\/p>\n<ul>\n<li>Gule lysdioder optimalisert for bruk i sn\u00f8\/t\u00e5ke\/st\u00f8vforhold.<\/li>\n<li>Integrert funksjon for hvitt og gult posisjonslys.<\/li>\n<li>Hvitt lys ECE-godkjent i henhold til Reg 149 (klasse B, kj\u00f8relys) for bruk p\u00e5 vei (E-Boost-teknologi), og Reg 148 posisjons-\/sidelysfunksjon (kun hvitt).<\/li>\n<li>Har forh\u00e5ndskoblede 2-pinners Aptiv- og 3-pinners Superseal-kontakter.<\/li>\n<li>Leveres med kablingssett for \u00e9n lampe.<\/li>\n<li>Momentbryter gj\u00f8r det enkelt \u00e5 bytte lysmodus.<\/li>\n<li>Minnefunksjonen husker foretrukket belysningsmodus uten at du trenger \u00e5 velge p\u00e5 nytt for hver reise.<\/li>\n<li>Inkluderer sentermontering og sidemonteringssett.<\/li>\n<li>CAE-optimalisert kj\u00f8leribbe gir forbedret termisk dynamikk.<\/li>\n<li>Anodisert forbehandling og pulverlakk av bilkvalitet for optimal beskyttelse mot korrosjon og kjemikalier.<\/li>\n<li>Elektronisk varmestyringssystem optimaliserer lysutbyttet for \u00e5 bevare LED-lampenes levetid.<\/li>\n<li>\"Uknuselig\" og hardlakkert polykarbonatlinse.<\/li>\n<li>IP68 vanntett.<\/li>\n<li>5 \u00e5rs garanti.<\/li>\n<\/ul>\n<p><\/p>\n<p><span style=\"font-weight: bold\">Tekniske spesifikasjoner:<\/span><\/p>\n<p><span style=\"font-weight: bold\">White Led\u2019s (E-Boost \/ E-Mark) \/ Yellow Led\u2019s \/ White &amp; Yellow Led\u2019s<\/span><\/p>\n<ul>\n<li>Spenningsomr\u00e5de: 10-32V<\/li>\n<li>Vekt: 4,5 kg<\/li>\n<li>Totalt lysende: (24056 Lm\/ 4090 Lm) \/ 18720 Lm \/ 34220 Lm<\/li>\n<li>Fargetemperatur: 5000K \/ PC Yellow \/ N\/A<\/li>\n<li>Number of Led\u2019s:\u00a0 48 \/ 40 \/ 48+40<\/li>\n<li>Effekt: (256 W\/ 37,8 W) \/ 189 W \/ 375 W<\/li>\n<li>Str\u00f8mforbruk: (17,9 A \/ 2,6 A) \/ 13,1 A \/ 26,1 A<\/li>\n<li>Garanti: 5 \u00e5r<\/li>\n<\/ul>\n<p><\/p>\n<p><span style=\"font-weight: bold\">Sertifiseringer:<\/span><\/p>\n<ul>\n<li>ECE R149 \/ N\/A \/ N\/A<\/li>\n<li>ECE: TBC<\/li>\n<li>Posisjonslys: ECE R148<\/li>\n<\/ul>\n<p><\/p>\n<p><span style=\"font-weight: bold\">Dimensjoner:<\/span><\/p>\n<ul>\n<li>Bredde: 1125 mm<\/li>\n<li>Dybde: 105 mm<\/li>\n<li>H\u00f8yde: 73 mm<\/li>\n<\/ul>\n<p><\/p>\n<p><span style=\"font-weight: 700\">FOTOMETRISKE DATA<\/span><span style=\"font-weight: bold\">:<\/span><\/p>\n<ul>\n<li>Horisontal str\u00e5levinkel: 54<\/li>\n<li>0,25 lux Linje: (2145 m \/ 853 m) \/ 1371 m \/ 2319 m<\/li>\n<li>0,5 lux Linje: (1517 m \/ 603 m) \/ 970 m \/ 1640 m<\/li>\n<li>1 lux Linje: (1072 m \/ 427 m) \/ 686 m \/ 1160 m<\/li>\n<li>3 lux Linje: (619 m \/ 246 m) \/ 396 m \/ 670 m<\/li>\n<\/ul>\n<p><\/p>\n<p><span style=\"font-weight: bold\">Hva er inkludert?&nbsp;<\/span><\/p>\n<ul>\n<li>Lazer Triple-R 24 Elite+<\/li>\n<li>3 x sentermontering<\/li>\n<li>1x Sidemonteringssett<\/li>\n<li>2x ledningssett (Econoseal &amp; Superseal)<\/li>\n<li>Installasjonsinstruksjoner<\/li>\n<\/ul>","protected":false},"excerpt":{"rendered":"<p>Elite+-serien representerer utviklingen innen de kraftigste LED-ekstralysene<\/p>","protected":false},"featured_media":41200,"comment_status":"open","ping_status":"closed","template":"","meta":{"_improvement_type_select":"improve_an_existing","_thumb_yes_seoaic":false,"_frame_yes_seoaic":false,"seoaic_generate_description":"","seoaic_improve_instructions_prompt":"","seoaic_rollback_content_improvement":"","seoaic_idea_thumbnail_generator":"","thumbnail_generated":false,"thumbnail_generate_prompt":"","seoaic_article_description":""},"make_fuel_type":[],"make_model":[],"make_brand":[],"make_year":[],"pwb-brand":[8332],"product_brand":[],"product_cat":[6195,6209,6211,7205],"product_tag":[6654,7551,6298],"class_list":{"0":"post-41205","1":"product","2":"type-product","3":"status-publish","4":"has-post-thumbnail","6":"pwb-brand-brand_lazerlamps","7":"product_cat-lamps","8":"product_cat-auxiliary-lights","9":"product_cat-lazer-lamps-auxiliary-lights","10":"product_cat-rst-triplerr","11":"product_tag-elite","12":"product_tag-extraljus","13":"product_tag-lazer-lamps","15":"first","16":"instock","17":"taxable","18":"shipping-taxable","19":"purchasable","20":"product-type-simple"},"yoast_head":"<!-- This site is optimized with the Yoast SEO plugin v25.7 - https:\/\/yoast.com\/wordpress\/plugins\/seo\/ -->\n<title>Lazer Triple-R 24 Elite+ - RST-Steel<\/title>\n<meta name=\"description\" content=\"Lazer Triple-R 24 Elite+, now available for pre-order! The Elite+ range represents the evolution in the most powerful LED auxiliary lights!\" \/>\n<meta name=\"robots\" content=\"index, follow, max-snippet:-1, max-image-preview:large, max-video-preview:-1\" \/>\n<link rel=\"canonical\" href=\"https:\/\/com.rst-steel.eu\/nb\/produkt\/lazer-triple-r-24-elite_pr_77095\/\" \/>\n<meta property=\"og:locale\" content=\"nb_NO\" \/>\n<meta property=\"og:type\" content=\"article\" \/>\n<meta property=\"og:title\" content=\"Lazer Triple-R 24 Elite+ - RST-Steel\" \/>\n<meta property=\"og:description\" content=\"Lazer Triple-R 24 Elite+, now available for pre-order! The Elite+ range represents the evolution in the most powerful LED auxiliary lights!\" \/>\n<meta property=\"og:url\" content=\"https:\/\/com.rst-steel.eu\/nb\/produkt\/lazer-triple-r-24-elite_pr_77095\/\" \/>\n<meta property=\"og:site_name\" content=\"RST-Steel\" \/>\n<meta property=\"article:publisher\" content=\"https:\/\/www.facebook.com\/rststeel\" \/>\n<meta property=\"article:modified_time\" content=\"2026-03-16T06:16:17+00:00\" \/>\n<meta property=\"og:image\" content=\"https:\/\/com.rst-steel.eu\/wp-content\/uploads\/2023\/10\/d534e289fcbeebb3f19967290837fa2f1f5a4716_Triple_R_24_Elite__ANGLED_Web.jpg\" \/>\n\t<meta property=\"og:image:width\" content=\"1000\" \/>\n\t<meta property=\"og:image:height\" content=\"750\" \/>\n\t<meta property=\"og:image:type\" content=\"image\/jpeg\" \/>\n<meta name=\"twitter:card\" content=\"summary_large_image\" \/>\n<meta name=\"twitter:label1\" content=\"Ansl. lesetid\" \/>\n\t<meta name=\"twitter:data1\" content=\"4 minutter\" \/>\n<script type=\"application\/ld+json\" class=\"yoast-schema-graph\">{\"@context\":\"https:\/\/schema.org\",\"@graph\":[{\"@type\":\"WebPage\",\"@id\":\"https:\/\/com.rst-steel.eu\/nb\/produkt\/lazer-triple-r-24-elite_pr_77095\/\",\"url\":\"https:\/\/com.rst-steel.eu\/nb\/produkt\/lazer-triple-r-24-elite_pr_77095\/\",\"name\":\"Lazer Triple-R 24 Elite+ - RST-Steel\",\"isPartOf\":{\"@id\":\"https:\/\/com.rst-steel.eu\/#website\"},\"primaryImageOfPage\":{\"@id\":\"https:\/\/com.rst-steel.eu\/nb\/produkt\/lazer-triple-r-24-elite_pr_77095\/#primaryimage\"},\"image\":{\"@id\":\"https:\/\/com.rst-steel.eu\/nb\/produkt\/lazer-triple-r-24-elite_pr_77095\/#primaryimage\"},\"thumbnailUrl\":\"https:\/\/com.rst-steel.eu\/wp-content\/uploads\/2023\/10\/d534e289fcbeebb3f19967290837fa2f1f5a4716_Triple_R_24_Elite__ANGLED_Web.jpg\",\"datePublished\":\"2023-10-25T08:51:55+00:00\",\"dateModified\":\"2026-03-16T06:16:17+00:00\",\"description\":\"Lazer Triple-R 24 Elite+, now available for pre-order! The Elite+ range represents the evolution in the most powerful LED auxiliary lights!\",\"breadcrumb\":{\"@id\":\"https:\/\/com.rst-steel.eu\/nb\/produkt\/lazer-triple-r-24-elite_pr_77095\/#breadcrumb\"},\"inLanguage\":\"nb-NO\",\"potentialAction\":[{\"@type\":\"ReadAction\",\"target\":[\"https:\/\/com.rst-steel.eu\/nb\/produkt\/lazer-triple-r-24-elite_pr_77095\/\"]}]},{\"@type\":\"ImageObject\",\"inLanguage\":\"nb-NO\",\"@id\":\"https:\/\/com.rst-steel.eu\/nb\/produkt\/lazer-triple-r-24-elite_pr_77095\/#primaryimage\",\"url\":\"https:\/\/com.rst-steel.eu\/wp-content\/uploads\/2023\/10\/d534e289fcbeebb3f19967290837fa2f1f5a4716_Triple_R_24_Elite__ANGLED_Web.jpg\",\"contentUrl\":\"https:\/\/com.rst-steel.eu\/wp-content\/uploads\/2023\/10\/d534e289fcbeebb3f19967290837fa2f1f5a4716_Triple_R_24_Elite__ANGLED_Web.jpg\",\"width\":1000,\"height\":750},{\"@type\":\"BreadcrumbList\",\"@id\":\"https:\/\/com.rst-steel.eu\/nb\/produkt\/lazer-triple-r-24-elite_pr_77095\/#breadcrumb\",\"itemListElement\":[{\"@type\":\"ListItem\",\"position\":1,\"name\":\"Home\",\"item\":\"https:\/\/com.rst-steel.eu\/\"},{\"@type\":\"ListItem\",\"position\":2,\"name\":\"RST-Steel Shop\",\"item\":\"https:\/\/com.rst-steel.eu\/shop\/\"},{\"@type\":\"ListItem\",\"position\":3,\"name\":\"Lazer Triple-R 24 Elite+\"}]},{\"@type\":\"WebSite\",\"@id\":\"https:\/\/com.rst-steel.eu\/#website\",\"url\":\"https:\/\/com.rst-steel.eu\/\",\"name\":\"RST-Steel.com\",\"description\":\"Finnish quality steel, for quality-conscious drivers\",\"publisher\":{\"@id\":\"https:\/\/com.rst-steel.eu\/#organization\"},\"alternateName\":\"Safe and stylish RST-Steel quality\",\"potentialAction\":[{\"@type\":\"SearchAction\",\"target\":{\"@type\":\"EntryPoint\",\"urlTemplate\":\"https:\/\/com.rst-steel.eu\/?s={search_term_string}\"},\"query-input\":{\"@type\":\"PropertyValueSpecification\",\"valueRequired\":true,\"valueName\":\"search_term_string\"}}],\"inLanguage\":\"nb-NO\"},{\"@type\":\"Organization\",\"@id\":\"https:\/\/com.rst-steel.eu\/#organization\",\"name\":\"RST-Steel Oy\",\"url\":\"https:\/\/com.rst-steel.eu\/\",\"logo\":{\"@type\":\"ImageObject\",\"inLanguage\":\"nb-NO\",\"@id\":\"https:\/\/com.rst-steel.eu\/#\/schema\/logo\/image\/\",\"url\":\"https:\/\/com.rst-steel.eu\/wp-content\/uploads\/2023\/04\/cropped-Rst-logo-valkoinen-teksti-3.png\",\"contentUrl\":\"https:\/\/com.rst-steel.eu\/wp-content\/uploads\/2023\/04\/cropped-Rst-logo-valkoinen-teksti-3.png\",\"width\":512,\"height\":115,\"caption\":\"RST-Steel Oy\"},\"image\":{\"@id\":\"https:\/\/com.rst-steel.eu\/#\/schema\/logo\/image\/\"},\"sameAs\":[\"https:\/\/www.facebook.com\/rststeel\",\"https:\/\/www.instagram.com\/rststeeloy\/\"]}]}<\/script>\n<!-- \/ Yoast SEO plugin. -->","yoast_head_json":{"title":"Lazer Triple-R 24 Elite+ - RST-Steel","description":"Lazer Triple-R 24 Elite+, n\u00e5 tilgjengelig for forh\u00e5ndsbestilling! Elite+-serien representerer utviklingen innen de kraftigste LED-ekstralysene!","robots":{"index":"index","follow":"follow","max-snippet":"max-snippet:-1","max-image-preview":"max-image-preview:large","max-video-preview":"max-video-preview:-1"},"canonical":"https:\/\/com.rst-steel.eu\/nb\/produkt\/lazer-triple-r-24-elite_pr_77095\/","og_locale":"nb_NO","og_type":"article","og_title":"Lazer Triple-R 24 Elite+ - RST-Steel","og_description":"Lazer Triple-R 24 Elite+, now available for pre-order! The Elite+ range represents the evolution in the most powerful LED auxiliary lights!","og_url":"https:\/\/com.rst-steel.eu\/nb\/produkt\/lazer-triple-r-24-elite_pr_77095\/","og_site_name":"RST-Steel","article_publisher":"https:\/\/www.facebook.com\/rststeel","article_modified_time":"2026-03-16T06:16:17+00:00","og_image":[{"width":1000,"height":750,"url":"https:\/\/com.rst-steel.eu\/wp-content\/uploads\/2023\/10\/d534e289fcbeebb3f19967290837fa2f1f5a4716_Triple_R_24_Elite__ANGLED_Web.jpg","type":"image\/jpeg"}],"twitter_card":"summary_large_image","twitter_misc":{"Ansl. lesetid":"4 minutter"},"schema":{"@context":"https:\/\/schema.org","@graph":[{"@type":"WebPage","@id":"https:\/\/com.rst-steel.eu\/nb\/produkt\/lazer-triple-r-24-elite_pr_77095\/","url":"https:\/\/com.rst-steel.eu\/nb\/produkt\/lazer-triple-r-24-elite_pr_77095\/","name":"Lazer Triple-R 24 Elite+ - RST-Steel","isPartOf":{"@id":"https:\/\/com.rst-steel.eu\/#website"},"primaryImageOfPage":{"@id":"https:\/\/com.rst-steel.eu\/nb\/produkt\/lazer-triple-r-24-elite_pr_77095\/#primaryimage"},"image":{"@id":"https:\/\/com.rst-steel.eu\/nb\/produkt\/lazer-triple-r-24-elite_pr_77095\/#primaryimage"},"thumbnailUrl":"https:\/\/com.rst-steel.eu\/wp-content\/uploads\/2023\/10\/d534e289fcbeebb3f19967290837fa2f1f5a4716_Triple_R_24_Elite__ANGLED_Web.jpg","datePublished":"2023-10-25T08:51:55+00:00","dateModified":"2026-03-16T06:16:17+00:00","description":"Lazer Triple-R 24 Elite+, n\u00e5 tilgjengelig for forh\u00e5ndsbestilling! Elite+-serien representerer utviklingen innen de kraftigste LED-ekstralysene!","breadcrumb":{"@id":"https:\/\/com.rst-steel.eu\/nb\/produkt\/lazer-triple-r-24-elite_pr_77095\/#breadcrumb"},"inLanguage":"nb-NO","potentialAction":[{"@type":"ReadAction","target":["https:\/\/com.rst-steel.eu\/nb\/produkt\/lazer-triple-r-24-elite_pr_77095\/"]}]},{"@type":"ImageObject","inLanguage":"nb-NO","@id":"https:\/\/com.rst-steel.eu\/nb\/produkt\/lazer-triple-r-24-elite_pr_77095\/#primaryimage","url":"https:\/\/com.rst-steel.eu\/wp-content\/uploads\/2023\/10\/d534e289fcbeebb3f19967290837fa2f1f5a4716_Triple_R_24_Elite__ANGLED_Web.jpg","contentUrl":"https:\/\/com.rst-steel.eu\/wp-content\/uploads\/2023\/10\/d534e289fcbeebb3f19967290837fa2f1f5a4716_Triple_R_24_Elite__ANGLED_Web.jpg","width":1000,"height":750},{"@type":"BreadcrumbList","@id":"https:\/\/com.rst-steel.eu\/nb\/produkt\/lazer-triple-r-24-elite_pr_77095\/#breadcrumb","itemListElement":[{"@type":"ListItem","position":1,"name":"Home","item":"https:\/\/com.rst-steel.eu\/"},{"@type":"ListItem","position":2,"name":"RST-Steel Shop","item":"https:\/\/com.rst-steel.eu\/shop\/"},{"@type":"ListItem","position":3,"name":"Lazer Triple-R 24 Elite+"}]},{"@type":"WebSite","@id":"https:\/\/com.rst-steel.eu\/#website","url":"https:\/\/com.rst-steel.eu\/","name":"RST-Steel.com","description":"Finsk kvalitetsst\u00e5l, for kvalitetsbevisste sj\u00e5f\u00f8rer","publisher":{"@id":"https:\/\/com.rst-steel.eu\/#organization"},"alternateName":"Safe and stylish RST-Steel quality","potentialAction":[{"@type":"SearchAction","target":{"@type":"EntryPoint","urlTemplate":"https:\/\/com.rst-steel.eu\/?s={search_term_string}"},"query-input":{"@type":"PropertyValueSpecification","valueRequired":true,"valueName":"search_term_string"}}],"inLanguage":"nb-NO"},{"@type":"Organization","@id":"https:\/\/com.rst-steel.eu\/#organization","name":"RST-Steel Oy","url":"https:\/\/com.rst-steel.eu\/","logo":{"@type":"ImageObject","inLanguage":"nb-NO","@id":"https:\/\/com.rst-steel.eu\/#\/schema\/logo\/image\/","url":"https:\/\/com.rst-steel.eu\/wp-content\/uploads\/2023\/04\/cropped-Rst-logo-valkoinen-teksti-3.png","contentUrl":"https:\/\/com.rst-steel.eu\/wp-content\/uploads\/2023\/04\/cropped-Rst-logo-valkoinen-teksti-3.png","width":512,"height":115,"caption":"RST-Steel Oy"},"image":{"@id":"https:\/\/com.rst-steel.eu\/#\/schema\/logo\/image\/"},"sameAs":["https:\/\/www.facebook.com\/rststeel","https:\/\/www.instagram.com\/rststeeloy\/"]}]}},"brands":[{"id":8332,"name":"Lazer Lamps","slug":"brand_lazerlamps"}],"_links":{"self":[{"href":"https:\/\/com.rst-steel.eu\/nb\/wp-json\/wp\/v2\/product\/41205","targetHints":{"allow":["GET"]}}],"collection":[{"href":"https:\/\/com.rst-steel.eu\/nb\/wp-json\/wp\/v2\/product"}],"about":[{"href":"https:\/\/com.rst-steel.eu\/nb\/wp-json\/wp\/v2\/types\/product"}],"replies":[{"embeddable":true,"href":"https:\/\/com.rst-steel.eu\/nb\/wp-json\/wp\/v2\/comments?post=41205"}],"version-history":[{"count":0,"href":"https:\/\/com.rst-steel.eu\/nb\/wp-json\/wp\/v2\/product\/41205\/revisions"}],"wp:featuredmedia":[{"embeddable":true,"href":"https:\/\/com.rst-steel.eu\/nb\/wp-json\/wp\/v2\/media\/41200"}],"wp:attachment":[{"href":"https:\/\/com.rst-steel.eu\/nb\/wp-json\/wp\/v2\/media?parent=41205"}],"wp:term":[{"taxonomy":"make_fuel_type","embeddable":true,"href":"https:\/\/com.rst-steel.eu\/nb\/wp-json\/wp\/v2\/make_fuel_type?post=41205"},{"taxonomy":"make_model","embeddable":true,"href":"https:\/\/com.rst-steel.eu\/nb\/wp-json\/wp\/v2\/make_model?post=41205"},{"taxonomy":"make_brand","embeddable":true,"href":"https:\/\/com.rst-steel.eu\/nb\/wp-json\/wp\/v2\/make_brand?post=41205"},{"taxonomy":"make_year","embeddable":true,"href":"https:\/\/com.rst-steel.eu\/nb\/wp-json\/wp\/v2\/make_year?post=41205"},{"taxonomy":"pwb-brand","embeddable":true,"href":"https:\/\/com.rst-steel.eu\/nb\/wp-json\/wp\/v2\/pwb-brand?post=41205"},{"taxonomy":"product_brand","embeddable":true,"href":"https:\/\/com.rst-steel.eu\/nb\/wp-json\/wp\/v2\/product_brand?post=41205"},{"taxonomy":"product_cat","embeddable":true,"href":"https:\/\/com.rst-steel.eu\/nb\/wp-json\/wp\/v2\/product_cat?post=41205"},{"taxonomy":"product_tag","embeddable":true,"href":"https:\/\/com.rst-steel.eu\/nb\/wp-json\/wp\/v2\/product_tag?post=41205"}],"curies":[{"name":"wp","href":"https:\/\/api.w.org\/{rel}","templated":true}]}}