{"id":41193,"date":"2023-10-25T11:51:43","date_gmt":"2023-10-25T08:51:43","guid":{"rendered":"https:\/\/rst-steel.com\/product\/lazer-linear-18-elite_pr_77091\/"},"modified":"2026-03-16T09:16:17","modified_gmt":"2026-03-16T06:16:17","slug":"lazer-linear-18-elite_pr_77091","status":"publish","type":"product","link":"https:\/\/com.rst-steel.eu\/nb\/produkt\/lazer-linear-18-elite_pr_77091\/","title":{"rendered":"Lazer Linear 18 Elite+"},"content":{"rendered":"<p>Lazer Linear 18 Elite+<\/p>\n<p><\/p>\n<p>The Elite+ range represents the evolution in the most powerful LED auxiliary lights, incorporating products with enhanced performance, light dispersion, and functionality. Improvements have been made to the ranges\u2019 luminaires by incorporating additional yellow LED bulbs, which can be combined with the already superior white light high beam function, providing an astonishing night visibility in a slightly softer and more relaxing color temperature!<\/p>\n<p>Lysene er beregnet p\u00e5 \u00e5 veksle mellom de ulike lysmodusene via en momentanbryter. Lysmodusene er: Boost (kun hvitt), Combo (hvitt + gult), Snow\/Fog\/Dust Mode (kun gult) og E-mark (kun hvitt; tillatt p\u00e5 vei med redusert effekt i samsvar med UNECE Reg 149). En minnefunksjon i lampen gj\u00f8r at den forrige modusen som ble valgt, vil v\u00e6re i kraft n\u00e5r du for eksempel starter bilen p\u00e5 nytt. Hvis du i tillegg trykker p\u00e5 og holder inne bryteren i to sekunder, vil lyset umiddelbart g\u00e5 over til E-mark-modus.<\/p>\n<p>Til tross for den lave, aerodynamiske designen til Linear-18 Elite+, best\u00e5r lykten av imponerende 36 hvite lysdioder og 18 gule lysdioder takket v\u00e6re avansert elektronisk design. N\u00e5r lykten er i Boost-modus, produserer de hvite lysdiodene 14 850 r\u00e5 lumen (10% mer enn den n\u00e5v\u00e6rende Linear-18 Elite). N\u00e5r du bytter til \"Combo\"-modus, gir de hvite og gule lysdiodene til sammen 21 000 r\u00e5 lumen, noe som gir en utrolig lysytelse for en LED-lysbjelke av denne st\u00f8rrelsen. N\u00e5r alle LED-lampene brukes i kombinasjon, resulterer det i et str\u00f8mforbruk p\u00e5 190 W og 14 ampere (ved 14 V).&nbsp;<\/p>\n<p>Som alle Lazer-produkter er Elite+-serien designet, konstruert og produsert internt i Storbritannia i henhold til strenge standarder, b\u00e5de n\u00e5r det gjelder ytelse, p\u00e5litelighet og utseende. Med lampens moderne design er stylingen og finishen imponerende, spesielt p\u00e5 n\u00e6rt hold, men de virkelige wow-\u00f8yeblikkene kommer n\u00e5r du sl\u00e5r p\u00e5 lyset om natten! Med v\u00e5r omfattende 5-\u00e5rs garanti og livstidsgaranti p\u00e5 linsen er dette et produkt du kan stole p\u00e5 at vil vare i \u00e5revis, selv i de t\u00f8ffeste milj\u00f8er.<\/p>\n<p><\/p>\n<p><span style=\"font-weight: bold\">Produktegenskaper:<\/span><\/p>\n<ul>\n<li>Kombinasjon av sv\u00e6rt effektive hvite (5000k) og PC-gule lysdioder.<\/li>\n<li>Gule lysdioder optimalisert for bruk i sn\u00f8\/t\u00e5ke\/st\u00f8vforhold.<\/li>\n<li>Hvitt lys ECE-godkjent i henhold til Reg 149 (klasse B, kj\u00f8relys) for bruk p\u00e5 vei (E-Boost-teknologi).<\/li>\n<li>Leveres med kablingssett for \u00e9n lampe.<\/li>\n<li>Momentbryter gj\u00f8r det enkelt \u00e5 bytte lysmodus.<\/li>\n<li>Minnefunksjonen husker foretrukket belysningsmodus uten at du trenger \u00e5 velge p\u00e5 nytt for hver reise.<\/li>\n<li>Elegant design med lav profil forenkler installasjonen<\/li>\n<li>Fleksible monteringsalternativer - tyverisikrede monteringsbraketter inkludert<\/li>\n<li>CAE-optimalisert kj\u00f8leribbe tilbyr forbedret termisk dynamikk<\/li>\n<li>Anodisert forbehandling og pulverlakk av bilkvalitet for optimal korrosjons- og kjemikaliebeskyttelse<\/li>\n<li>Elektronisk varmestyringssystem optimaliserer lysutbyttet for \u00e5 bevare LED-lampenes levetid.<\/li>\n<li>\"Uknuselig\" og hardlakkert polykarbonatlinse<\/li>\n<li>IP68 vanntett<\/li>\n<li>5 \u00e5rs garanti<\/li>\n<\/ul>\n<p><span style=\"font-weight: bold\"><br \/><\/span><\/p>\n<p><span style=\"font-weight: bold\">Tekniske spesifikasjoner:<\/span><\/p>\n<p><span style=\"font-weight: bold\">White Led\u2019s (E-Boost \/ E-Mark) \/ Yellow Led\u2019s \/ White &amp; Yellow Led\u2019s<\/span><\/p>\n<ul>\n<li>Spenningsomr\u00e5de: 10-32V<\/li>\n<li>Vekt: 1090 g<\/li>\n<li>Totalt lysende: (14850 \/ 4455 Lm) \/ 6150 Lm \/ 21000 Lm<\/li>\n<li>Fargetemperatur: 5000K \/ PC Keltainen \/ N\/A<\/li>\n<li>Antall lysdioder: 36 \/ 18 \/ 36+18<\/li>\n<li>Effekt: (134 W\/ 39 W) \/ 56 W \/ 190 W<\/li>\n<li>Str\u00f8mforbruk: (9,9 A \/ 2,7 A) \/ 4,1 A \/ 14,1 A<\/li>\n<li>Garanti: 5 \u00e5r<\/li>\n<\/ul>\n<p><\/p>\n<p><span style=\"font-weight: bold\">Sertifiseringer:<\/span><\/p>\n<ul>\n<li>ECE R149 \/ N\/A \/ N\/A<\/li>\n<li>ECE: TBC<\/li>\n<\/ul>\n<p><\/p>\n<p><span style=\"font-weight: bold\">Dimensjoner:<\/span><\/p>\n<ul>\n<li>Width: 532 mm<\/li>\n<li>Depth: 62 mm<\/li>\n<li>Height: 40 mm<\/li>\n<\/ul>\n<p><\/p>\n<p><span style=\"font-weight: 700\">FOTOMETRISKE DATA<\/span><span style=\"font-weight: bold\">:<\/span><\/p>\n<ul>\n<li>Horisontal str\u00e5levinkel: 84<\/li>\n<li>0,25 lux Linje: (1152 m \/ 694 m) \/ 472 m \/ 1217 m<\/li>\n<li>0,5 lux Linje: (815 m \/ 491 m) \/ 334 m \/ 860 m<\/li>\n<li>1 lux Line: (576 m \/ 347 m) \/ 236 m \/ 608 m<\/li>\n<li>3 lux Line: (333 m \/ 200 m) \/ 136 m \/ 351 m<\/li>\n<\/ul>\n<p><\/p>\n<p><span style=\"font-weight: bold\">Hva er inkludert?&nbsp;<\/span><\/p>\n<ul>\n<li>Lazer Linear 18 Elite+<\/li>\n<li>Ledningsset<\/li>\n<li>Anti-Theft Side Mount<\/li>\n<li>Installasjonsinstruksjoner<\/li>\n<\/ul>","protected":false},"excerpt":{"rendered":"<p>N\u00e5r lyset er i Boost-modus, produserer de hvite LED-lampene 14 850 r\u00e5 lumen (10% mer enn den n\u00e5v\u00e6rende Linear-18 Elite).<\/p>","protected":false},"featured_media":41190,"comment_status":"open","ping_status":"closed","template":"","meta":{"_improvement_type_select":"improve_an_existing","_thumb_yes_seoaic":false,"_frame_yes_seoaic":false,"seoaic_generate_description":"","seoaic_improve_instructions_prompt":"","seoaic_rollback_content_improvement":"","seoaic_idea_thumbnail_generator":"","thumbnail_generated":false,"thumbnail_generate_prompt":"","seoaic_article_description":""},"make_fuel_type":[],"make_model":[],"make_brand":[],"make_year":[],"pwb-brand":[8332],"product_brand":[],"product_cat":[6195,6209,6211,7206],"product_tag":[6654,7551,6298],"class_list":{"0":"post-41193","1":"product","2":"type-product","3":"status-publish","4":"has-post-thumbnail","6":"pwb-brand-brand_lazerlamps","7":"product_cat-lamps","8":"product_cat-auxiliary-lights","9":"product_cat-lazer-lamps-auxiliary-lights","10":"product_cat-rst-linearr","11":"product_tag-elite","12":"product_tag-extraljus","13":"product_tag-lazer-lamps","15":"first","16":"instock","17":"taxable","18":"shipping-taxable","19":"purchasable","20":"product-type-simple"},"yoast_head":"<!-- This site is optimized with the Yoast SEO plugin v25.7 - https:\/\/yoast.com\/wordpress\/plugins\/seo\/ -->\n<title>Lazer Linear 18 Elite+ - RST-Steel<\/title>\n<meta name=\"description\" content=\"Lazer Linear 18 Elite+, now available! The Elite+ range represents the evolution in the most powerful LED auxiliary lights.\" \/>\n<meta name=\"robots\" content=\"index, follow, max-snippet:-1, max-image-preview:large, max-video-preview:-1\" \/>\n<link rel=\"canonical\" href=\"https:\/\/com.rst-steel.eu\/nb\/produkt\/lazer-linear-18-elite_pr_77091\/\" \/>\n<meta property=\"og:locale\" content=\"nb_NO\" \/>\n<meta property=\"og:type\" content=\"article\" \/>\n<meta property=\"og:title\" content=\"Lazer Linear 18 Elite+ - RST-Steel\" \/>\n<meta property=\"og:description\" content=\"Lazer Linear 18 Elite+, now available! The Elite+ range represents the evolution in the most powerful LED auxiliary lights.\" \/>\n<meta property=\"og:url\" content=\"https:\/\/com.rst-steel.eu\/nb\/produkt\/lazer-linear-18-elite_pr_77091\/\" \/>\n<meta property=\"og:site_name\" content=\"RST-Steel\" \/>\n<meta property=\"article:publisher\" content=\"https:\/\/www.facebook.com\/rststeel\" \/>\n<meta property=\"article:modified_time\" content=\"2026-03-16T06:16:17+00:00\" \/>\n<meta property=\"og:image\" content=\"https:\/\/com.rst-steel.eu\/wp-content\/uploads\/2023\/10\/9e7b08dd20324fb06d2deb48e24fcc3c911360fc_Linear_18_Elite__Angled_Web.jpg\" \/>\n\t<meta property=\"og:image:width\" content=\"1000\" \/>\n\t<meta property=\"og:image:height\" content=\"750\" \/>\n\t<meta property=\"og:image:type\" content=\"image\/jpeg\" \/>\n<meta name=\"twitter:card\" content=\"summary_large_image\" \/>\n<meta name=\"twitter:label1\" content=\"Ansl. lesetid\" \/>\n\t<meta name=\"twitter:data1\" content=\"3 minutter\" \/>\n<script type=\"application\/ld+json\" class=\"yoast-schema-graph\">{\"@context\":\"https:\/\/schema.org\",\"@graph\":[{\"@type\":\"WebPage\",\"@id\":\"https:\/\/com.rst-steel.eu\/sv\/produkt\/lazer-linear-18-elite_pr_77091\/\",\"url\":\"https:\/\/com.rst-steel.eu\/sv\/produkt\/lazer-linear-18-elite_pr_77091\/\",\"name\":\"Lazer Linear 18 Elite+ - RST-Steel\",\"isPartOf\":{\"@id\":\"https:\/\/com.rst-steel.eu\/#website\"},\"primaryImageOfPage\":{\"@id\":\"https:\/\/com.rst-steel.eu\/sv\/produkt\/lazer-linear-18-elite_pr_77091\/#primaryimage\"},\"image\":{\"@id\":\"https:\/\/com.rst-steel.eu\/sv\/produkt\/lazer-linear-18-elite_pr_77091\/#primaryimage\"},\"thumbnailUrl\":\"https:\/\/com.rst-steel.eu\/wp-content\/uploads\/2023\/10\/9e7b08dd20324fb06d2deb48e24fcc3c911360fc_Linear_18_Elite__Angled_Web.jpg\",\"datePublished\":\"2023-10-25T08:51:43+00:00\",\"dateModified\":\"2026-03-16T06:16:17+00:00\",\"description\":\"Lazer Linear 18 Elite+, now available! The Elite+ range represents the evolution in the most powerful LED auxiliary lights.\",\"breadcrumb\":{\"@id\":\"https:\/\/com.rst-steel.eu\/sv\/produkt\/lazer-linear-18-elite_pr_77091\/#breadcrumb\"},\"inLanguage\":\"nb-NO\",\"potentialAction\":[{\"@type\":\"ReadAction\",\"target\":[\"https:\/\/com.rst-steel.eu\/sv\/produkt\/lazer-linear-18-elite_pr_77091\/\"]}]},{\"@type\":\"ImageObject\",\"inLanguage\":\"nb-NO\",\"@id\":\"https:\/\/com.rst-steel.eu\/sv\/produkt\/lazer-linear-18-elite_pr_77091\/#primaryimage\",\"url\":\"https:\/\/com.rst-steel.eu\/wp-content\/uploads\/2023\/10\/9e7b08dd20324fb06d2deb48e24fcc3c911360fc_Linear_18_Elite__Angled_Web.jpg\",\"contentUrl\":\"https:\/\/com.rst-steel.eu\/wp-content\/uploads\/2023\/10\/9e7b08dd20324fb06d2deb48e24fcc3c911360fc_Linear_18_Elite__Angled_Web.jpg\",\"width\":1000,\"height\":750},{\"@type\":\"BreadcrumbList\",\"@id\":\"https:\/\/com.rst-steel.eu\/sv\/produkt\/lazer-linear-18-elite_pr_77091\/#breadcrumb\",\"itemListElement\":[{\"@type\":\"ListItem\",\"position\":1,\"name\":\"Home\",\"item\":\"https:\/\/com.rst-steel.eu\/\"},{\"@type\":\"ListItem\",\"position\":2,\"name\":\"RST-Steel Shop\",\"item\":\"https:\/\/com.rst-steel.eu\/shop\/\"},{\"@type\":\"ListItem\",\"position\":3,\"name\":\"Lazer Linear 18 Elite+\"}]},{\"@type\":\"WebSite\",\"@id\":\"https:\/\/com.rst-steel.eu\/#website\",\"url\":\"https:\/\/com.rst-steel.eu\/\",\"name\":\"RST-Steel.com\",\"description\":\"Finnish quality steel, for quality-conscious drivers\",\"publisher\":{\"@id\":\"https:\/\/com.rst-steel.eu\/#organization\"},\"alternateName\":\"Safe and stylish RST-Steel quality\",\"potentialAction\":[{\"@type\":\"SearchAction\",\"target\":{\"@type\":\"EntryPoint\",\"urlTemplate\":\"https:\/\/com.rst-steel.eu\/?s={search_term_string}\"},\"query-input\":{\"@type\":\"PropertyValueSpecification\",\"valueRequired\":true,\"valueName\":\"search_term_string\"}}],\"inLanguage\":\"nb-NO\"},{\"@type\":\"Organization\",\"@id\":\"https:\/\/com.rst-steel.eu\/#organization\",\"name\":\"RST-Steel Oy\",\"url\":\"https:\/\/com.rst-steel.eu\/\",\"logo\":{\"@type\":\"ImageObject\",\"inLanguage\":\"nb-NO\",\"@id\":\"https:\/\/com.rst-steel.eu\/#\/schema\/logo\/image\/\",\"url\":\"https:\/\/com.rst-steel.eu\/wp-content\/uploads\/2023\/04\/cropped-Rst-logo-valkoinen-teksti-3.png\",\"contentUrl\":\"https:\/\/com.rst-steel.eu\/wp-content\/uploads\/2023\/04\/cropped-Rst-logo-valkoinen-teksti-3.png\",\"width\":512,\"height\":115,\"caption\":\"RST-Steel Oy\"},\"image\":{\"@id\":\"https:\/\/com.rst-steel.eu\/#\/schema\/logo\/image\/\"},\"sameAs\":[\"https:\/\/www.facebook.com\/rststeel\",\"https:\/\/www.instagram.com\/rststeeloy\/\"]}]}<\/script>\n<!-- \/ Yoast SEO plugin. -->","yoast_head_json":{"title":"Lazer Linear 18 Elite+ - RST-Steel","description":"Lazer Linear 18 Elite+, n\u00e5 tilgjengelig! Elite+-serien representerer utviklingen innen de kraftigste LED-ekstralysene.","robots":{"index":"index","follow":"follow","max-snippet":"max-snippet:-1","max-image-preview":"max-image-preview:large","max-video-preview":"max-video-preview:-1"},"canonical":"https:\/\/com.rst-steel.eu\/nb\/produkt\/lazer-linear-18-elite_pr_77091\/","og_locale":"nb_NO","og_type":"article","og_title":"Lazer Linear 18 Elite+ - RST-Steel","og_description":"Lazer Linear 18 Elite+, now available! The Elite+ range represents the evolution in the most powerful LED auxiliary lights.","og_url":"https:\/\/com.rst-steel.eu\/nb\/produkt\/lazer-linear-18-elite_pr_77091\/","og_site_name":"RST-Steel","article_publisher":"https:\/\/www.facebook.com\/rststeel","article_modified_time":"2026-03-16T06:16:17+00:00","og_image":[{"width":1000,"height":750,"url":"https:\/\/com.rst-steel.eu\/wp-content\/uploads\/2023\/10\/9e7b08dd20324fb06d2deb48e24fcc3c911360fc_Linear_18_Elite__Angled_Web.jpg","type":"image\/jpeg"}],"twitter_card":"summary_large_image","twitter_misc":{"Ansl. lesetid":"3 minutter"},"schema":{"@context":"https:\/\/schema.org","@graph":[{"@type":"WebPage","@id":"https:\/\/com.rst-steel.eu\/sv\/produkt\/lazer-linear-18-elite_pr_77091\/","url":"https:\/\/com.rst-steel.eu\/sv\/produkt\/lazer-linear-18-elite_pr_77091\/","name":"Lazer Linear 18 Elite+ - RST-Steel","isPartOf":{"@id":"https:\/\/com.rst-steel.eu\/#website"},"primaryImageOfPage":{"@id":"https:\/\/com.rst-steel.eu\/sv\/produkt\/lazer-linear-18-elite_pr_77091\/#primaryimage"},"image":{"@id":"https:\/\/com.rst-steel.eu\/sv\/produkt\/lazer-linear-18-elite_pr_77091\/#primaryimage"},"thumbnailUrl":"https:\/\/com.rst-steel.eu\/wp-content\/uploads\/2023\/10\/9e7b08dd20324fb06d2deb48e24fcc3c911360fc_Linear_18_Elite__Angled_Web.jpg","datePublished":"2023-10-25T08:51:43+00:00","dateModified":"2026-03-16T06:16:17+00:00","description":"Lazer Linear 18 Elite+, n\u00e5 tilgjengelig! Elite+-serien representerer utviklingen innen de kraftigste LED-ekstralysene.","breadcrumb":{"@id":"https:\/\/com.rst-steel.eu\/sv\/produkt\/lazer-linear-18-elite_pr_77091\/#breadcrumb"},"inLanguage":"nb-NO","potentialAction":[{"@type":"ReadAction","target":["https:\/\/com.rst-steel.eu\/sv\/produkt\/lazer-linear-18-elite_pr_77091\/"]}]},{"@type":"ImageObject","inLanguage":"nb-NO","@id":"https:\/\/com.rst-steel.eu\/sv\/produkt\/lazer-linear-18-elite_pr_77091\/#primaryimage","url":"https:\/\/com.rst-steel.eu\/wp-content\/uploads\/2023\/10\/9e7b08dd20324fb06d2deb48e24fcc3c911360fc_Linear_18_Elite__Angled_Web.jpg","contentUrl":"https:\/\/com.rst-steel.eu\/wp-content\/uploads\/2023\/10\/9e7b08dd20324fb06d2deb48e24fcc3c911360fc_Linear_18_Elite__Angled_Web.jpg","width":1000,"height":750},{"@type":"BreadcrumbList","@id":"https:\/\/com.rst-steel.eu\/sv\/produkt\/lazer-linear-18-elite_pr_77091\/#breadcrumb","itemListElement":[{"@type":"ListItem","position":1,"name":"Home","item":"https:\/\/com.rst-steel.eu\/"},{"@type":"ListItem","position":2,"name":"RST-Steel Shop","item":"https:\/\/com.rst-steel.eu\/shop\/"},{"@type":"ListItem","position":3,"name":"Lazer Linear 18 Elite+"}]},{"@type":"WebSite","@id":"https:\/\/com.rst-steel.eu\/#website","url":"https:\/\/com.rst-steel.eu\/","name":"RST-Steel.com","description":"Finsk kvalitetsst\u00e5l, for kvalitetsbevisste sj\u00e5f\u00f8rer","publisher":{"@id":"https:\/\/com.rst-steel.eu\/#organization"},"alternateName":"Safe and stylish RST-Steel quality","potentialAction":[{"@type":"SearchAction","target":{"@type":"EntryPoint","urlTemplate":"https:\/\/com.rst-steel.eu\/?s={search_term_string}"},"query-input":{"@type":"PropertyValueSpecification","valueRequired":true,"valueName":"search_term_string"}}],"inLanguage":"nb-NO"},{"@type":"Organization","@id":"https:\/\/com.rst-steel.eu\/#organization","name":"RST-Steel Oy","url":"https:\/\/com.rst-steel.eu\/","logo":{"@type":"ImageObject","inLanguage":"nb-NO","@id":"https:\/\/com.rst-steel.eu\/#\/schema\/logo\/image\/","url":"https:\/\/com.rst-steel.eu\/wp-content\/uploads\/2023\/04\/cropped-Rst-logo-valkoinen-teksti-3.png","contentUrl":"https:\/\/com.rst-steel.eu\/wp-content\/uploads\/2023\/04\/cropped-Rst-logo-valkoinen-teksti-3.png","width":512,"height":115,"caption":"RST-Steel Oy"},"image":{"@id":"https:\/\/com.rst-steel.eu\/#\/schema\/logo\/image\/"},"sameAs":["https:\/\/www.facebook.com\/rststeel","https:\/\/www.instagram.com\/rststeeloy\/"]}]}},"brands":[{"id":8332,"name":"Lazer Lamps","slug":"brand_lazerlamps"}],"_links":{"self":[{"href":"https:\/\/com.rst-steel.eu\/nb\/wp-json\/wp\/v2\/product\/41193","targetHints":{"allow":["GET"]}}],"collection":[{"href":"https:\/\/com.rst-steel.eu\/nb\/wp-json\/wp\/v2\/product"}],"about":[{"href":"https:\/\/com.rst-steel.eu\/nb\/wp-json\/wp\/v2\/types\/product"}],"replies":[{"embeddable":true,"href":"https:\/\/com.rst-steel.eu\/nb\/wp-json\/wp\/v2\/comments?post=41193"}],"version-history":[{"count":0,"href":"https:\/\/com.rst-steel.eu\/nb\/wp-json\/wp\/v2\/product\/41193\/revisions"}],"wp:featuredmedia":[{"embeddable":true,"href":"https:\/\/com.rst-steel.eu\/nb\/wp-json\/wp\/v2\/media\/41190"}],"wp:attachment":[{"href":"https:\/\/com.rst-steel.eu\/nb\/wp-json\/wp\/v2\/media?parent=41193"}],"wp:term":[{"taxonomy":"make_fuel_type","embeddable":true,"href":"https:\/\/com.rst-steel.eu\/nb\/wp-json\/wp\/v2\/make_fuel_type?post=41193"},{"taxonomy":"make_model","embeddable":true,"href":"https:\/\/com.rst-steel.eu\/nb\/wp-json\/wp\/v2\/make_model?post=41193"},{"taxonomy":"make_brand","embeddable":true,"href":"https:\/\/com.rst-steel.eu\/nb\/wp-json\/wp\/v2\/make_brand?post=41193"},{"taxonomy":"make_year","embeddable":true,"href":"https:\/\/com.rst-steel.eu\/nb\/wp-json\/wp\/v2\/make_year?post=41193"},{"taxonomy":"pwb-brand","embeddable":true,"href":"https:\/\/com.rst-steel.eu\/nb\/wp-json\/wp\/v2\/pwb-brand?post=41193"},{"taxonomy":"product_brand","embeddable":true,"href":"https:\/\/com.rst-steel.eu\/nb\/wp-json\/wp\/v2\/product_brand?post=41193"},{"taxonomy":"product_cat","embeddable":true,"href":"https:\/\/com.rst-steel.eu\/nb\/wp-json\/wp\/v2\/product_cat?post=41193"},{"taxonomy":"product_tag","embeddable":true,"href":"https:\/\/com.rst-steel.eu\/nb\/wp-json\/wp\/v2\/product_tag?post=41193"}],"curies":[{"name":"wp","href":"https:\/\/api.w.org\/{rel}","templated":true}]}}