{"id":40714,"date":"2023-09-15T12:04:11","date_gmt":"2023-09-15T09:04:11","guid":{"rendered":"https:\/\/rst-steel.com\/product\/lazer-utility-80-hd_pr_76617\/"},"modified":"2026-03-16T09:16:11","modified_gmt":"2026-03-16T06:16:11","slug":"lazer-utility-80-hd_pr_76617","status":"publish","type":"product","link":"https:\/\/com.rst-steel.eu\/nb\/produkt\/lazer-utility-80-hd_pr_76617\/","title":{"rendered":"Lazer Utility-80 HD"},"content":{"rendered":"<p>Lazer Utility-80 HD, (Heavy-Duty)<\/p>\n<p><\/p>\n<p>A new addition to the Utility Series product range in 2023, the Utility-80 HD (Heavy-Duty) builds on our reputation for high performance LED work light solutions. The product is specifically designed and engineered for the rigorous demands of industrial applications including: mining, construction, forestry, and agriculture.<\/p>\n<p>Comprising 4x premium-bin 20W LEDs, the Utility-80 HD emits 8,940 raw lumens harnessed through the ultra-reflective, vacuum-metallised optics redesigned for this product to give even better distribution of light over a greater area. For customers looking for flexibility and easy control over the intensity of light, a version of the product with a variable brightness function is available, providing the machine operator the option to increase or decrease the lamps brightness at the touch of a button.<\/p>\n<p>The colour of light for both variants of 80 HD is set at 5000K, carefully selected to improve safety through maximising definition of objects and hazards ahead, while reducing fatigue that can come from using products with a higher colour temperature.<\/p>\n<p><\/p>\n<p><span style=\"font-weight: bold\">Produktegenskaper:<\/span><\/p>\n<ul>\n<li>ECE approved work light<\/li>\n<li>Utilising 4 high-density 20W LEDs<\/li>\n<li>Variable brightness option available<\/li>\n<li>CAE optimised cooling system with Electronic Thermal Management<\/li>\n<li>5000k colour temperature<\/li>\n<li>Vacuum-metallised optics for superior light utilisation<\/li>\n<li>Die-cast, heavy-duty mounting bracket made from 7mm stainless steel<\/li>\n<li>\u2018Unbreakable\u2019 polycarbonate lens with hardcoat<\/li>\n<li>Korrosjonsbestandighet i bilindustrien<\/li>\n<li>EMC protected- CISPR:25 (Class 3)<\/li>\n<li>IP68 \/ IP69k approved<\/li>\n<li>Overspenningsbeskyttet<\/li>\n<li>Beskyttet mot omvendt polaritet<\/li>\n<li>Includes male\/female Deutsch connectors<\/li>\n<li>Comprehensive range of lens covers available<\/li>\n<li>5year warranty<\/li>\n<\/ul>\n<p><\/p>\n<p><span style=\"font-weight: bold\">Tekniske spesifikasjoner:<\/span><\/p>\n<ul>\n<li>Voltage Range (DC): 10-32V<\/li>\n<li>Colour Temperature: 5000 K<\/li>\n<li>Weight: 1.1kg<\/li>\n<li>Total Luminous Flux: 8940 Lm<\/li>\n<li>Number of High Output LEDs: 4<\/li>\n<li>Power Consumption: 80 Watts<\/li>\n<li>Current Draw (at 14.4V): 5.6 Amps<\/li>\n<\/ul>\n<p><span style=\"font-weight: bold\">CERTIFICATION<span>\t<\/span>&nbsp;<\/span><\/p>\n<ul>\n<li>Work Lamp: ECE R10&nbsp;<\/li>\n<li>IP Rating: IP68 \/ IP69K<\/li>\n<li>Salt Spray Test: ISO 9227 (2000H)<\/li>\n<li>EMC Protection: CISPR-25 (Class 3)<\/li>\n<\/ul>\n<p><span style=\"font-weight: bold\">DIMENSIONS<span>\t<\/span>&nbsp;<\/span><\/p>\n<ul>\n<li>Width: 107 mm<\/li>\n<li>Depth: 108 mm<\/li>\n<li>Height: 107 mm<\/li>\n<\/ul>\n<p><span style=\"font-weight: bold\">FOTOMETRISKE DATA<span>\t<\/span>&nbsp;<\/span><\/p>\n<ul>\n<li>1Lx Line @<span>\t<\/span>96m<\/li>\n<li>5Lx Line @<span>\t<\/span>44m<\/li>\n<li>20Lx Line @<span>\t<\/span>23m<\/li>\n<li>50Lx Line @ <span>\t<\/span>14m*<\/li>\n<\/ul>\n<p><\/p>\n<p><span style=\"font-weight: bold\">Innhold i leveransen:<\/span><\/p>\n<p>Utility-80 HD Work Lamp<\/p>\n<p>1x Lamp Mount<\/p>\n<p><\/p>","protected":false},"excerpt":{"rendered":"<p>The top novelty of 2023!<\/p>","protected":false},"featured_media":40709,"comment_status":"open","ping_status":"closed","template":"","meta":{"_improvement_type_select":"improve_an_existing","_thumb_yes_seoaic":false,"_frame_yes_seoaic":false,"seoaic_generate_description":"","seoaic_improve_instructions_prompt":"","seoaic_rollback_content_improvement":"","seoaic_idea_thumbnail_generator":"","thumbnail_generated":false,"thumbnail_generate_prompt":"","seoaic_article_description":""},"make_fuel_type":[],"make_model":[],"make_brand":[],"make_year":[],"pwb-brand":[8332],"product_brand":[],"product_cat":[6195,6218,6219],"product_tag":[6298,6361],"class_list":{"0":"post-40714","1":"product","2":"type-product","3":"status-publish","4":"has-post-thumbnail","6":"pwb-brand-brand_lazerlamps","7":"product_cat-lamps","8":"product_cat-work-lights","9":"product_cat-lazer-lamps-work-lights","10":"product_tag-lazer-lamps","11":"product_tag-utility-series","13":"first","14":"instock","15":"taxable","16":"shipping-taxable","17":"purchasable","18":"product-type-simple"},"yoast_head":"<!-- This site is optimized with the Yoast SEO plugin v25.7 - https:\/\/yoast.com\/wordpress\/plugins\/seo\/ -->\n<title>Lazer Utility-80 HD - RST-Steel<\/title>\n<meta name=\"description\" content=\"Lazer Utility-80 HD is a new addition to the Utility Series product range in 2023. Specifically designed for the rigorous demands of industrial applications\" \/>\n<meta name=\"robots\" content=\"index, follow, max-snippet:-1, max-image-preview:large, max-video-preview:-1\" \/>\n<link rel=\"canonical\" href=\"https:\/\/com.rst-steel.eu\/nb\/produkt\/lazer-utility-80-hd_pr_76617\/\" \/>\n<meta property=\"og:locale\" content=\"nb_NO\" \/>\n<meta property=\"og:type\" content=\"article\" \/>\n<meta property=\"og:title\" content=\"Lazer Utility-80 HD - RST-Steel\" \/>\n<meta property=\"og:description\" content=\"Lazer Utility-80 HD is a new addition to the Utility Series product range in 2023. Specifically designed for the rigorous demands of industrial applications\" \/>\n<meta property=\"og:url\" content=\"https:\/\/com.rst-steel.eu\/nb\/produkt\/lazer-utility-80-hd_pr_76617\/\" \/>\n<meta property=\"og:site_name\" content=\"RST-Steel\" \/>\n<meta property=\"article:publisher\" content=\"https:\/\/www.facebook.com\/rststeel\" \/>\n<meta property=\"article:modified_time\" content=\"2026-03-16T06:16:11+00:00\" \/>\n<meta property=\"og:image\" content=\"https:\/\/com.rst-steel.eu\/wp-content\/uploads\/2023\/09\/01cbad39df1766eb77925360b43586a8697d4949_LZ6024_0001.jpg\" \/>\n\t<meta property=\"og:image:width\" content=\"1000\" \/>\n\t<meta property=\"og:image:height\" content=\"750\" \/>\n\t<meta property=\"og:image:type\" content=\"image\/jpeg\" \/>\n<meta name=\"twitter:card\" content=\"summary_large_image\" \/>\n<meta name=\"twitter:label1\" content=\"Ansl. lesetid\" \/>\n\t<meta name=\"twitter:data1\" content=\"2 minutter\" \/>\n<script type=\"application\/ld+json\" class=\"yoast-schema-graph\">{\"@context\":\"https:\/\/schema.org\",\"@graph\":[{\"@type\":\"WebPage\",\"@id\":\"https:\/\/com.rst-steel.eu\/nb\/produkt\/lazer-utility-80-hd_pr_76617\/\",\"url\":\"https:\/\/com.rst-steel.eu\/nb\/produkt\/lazer-utility-80-hd_pr_76617\/\",\"name\":\"Lazer Utility-80 HD - RST-Steel\",\"isPartOf\":{\"@id\":\"https:\/\/com.rst-steel.eu\/#website\"},\"primaryImageOfPage\":{\"@id\":\"https:\/\/com.rst-steel.eu\/nb\/produkt\/lazer-utility-80-hd_pr_76617\/#primaryimage\"},\"image\":{\"@id\":\"https:\/\/com.rst-steel.eu\/nb\/produkt\/lazer-utility-80-hd_pr_76617\/#primaryimage\"},\"thumbnailUrl\":\"https:\/\/com.rst-steel.eu\/wp-content\/uploads\/2023\/09\/01cbad39df1766eb77925360b43586a8697d4949_LZ6024_0001.jpg\",\"datePublished\":\"2023-09-15T09:04:11+00:00\",\"dateModified\":\"2026-03-16T06:16:11+00:00\",\"description\":\"Lazer Utility-80 HD is a new addition to the Utility Series product range in 2023. Specifically designed for the rigorous demands of industrial applications\",\"breadcrumb\":{\"@id\":\"https:\/\/com.rst-steel.eu\/nb\/produkt\/lazer-utility-80-hd_pr_76617\/#breadcrumb\"},\"inLanguage\":\"nb-NO\",\"potentialAction\":[{\"@type\":\"ReadAction\",\"target\":[\"https:\/\/com.rst-steel.eu\/nb\/produkt\/lazer-utility-80-hd_pr_76617\/\"]}]},{\"@type\":\"ImageObject\",\"inLanguage\":\"nb-NO\",\"@id\":\"https:\/\/com.rst-steel.eu\/nb\/produkt\/lazer-utility-80-hd_pr_76617\/#primaryimage\",\"url\":\"https:\/\/com.rst-steel.eu\/wp-content\/uploads\/2023\/09\/01cbad39df1766eb77925360b43586a8697d4949_LZ6024_0001.jpg\",\"contentUrl\":\"https:\/\/com.rst-steel.eu\/wp-content\/uploads\/2023\/09\/01cbad39df1766eb77925360b43586a8697d4949_LZ6024_0001.jpg\",\"width\":1000,\"height\":750},{\"@type\":\"BreadcrumbList\",\"@id\":\"https:\/\/com.rst-steel.eu\/nb\/produkt\/lazer-utility-80-hd_pr_76617\/#breadcrumb\",\"itemListElement\":[{\"@type\":\"ListItem\",\"position\":1,\"name\":\"Home\",\"item\":\"https:\/\/com.rst-steel.eu\/\"},{\"@type\":\"ListItem\",\"position\":2,\"name\":\"RST-Steel Shop\",\"item\":\"https:\/\/com.rst-steel.eu\/shop\/\"},{\"@type\":\"ListItem\",\"position\":3,\"name\":\"Lazer Utility-80 HD\"}]},{\"@type\":\"WebSite\",\"@id\":\"https:\/\/com.rst-steel.eu\/#website\",\"url\":\"https:\/\/com.rst-steel.eu\/\",\"name\":\"RST-Steel.com\",\"description\":\"Finnish quality steel, for quality-conscious drivers\",\"publisher\":{\"@id\":\"https:\/\/com.rst-steel.eu\/#organization\"},\"alternateName\":\"Safe and stylish RST-Steel quality\",\"potentialAction\":[{\"@type\":\"SearchAction\",\"target\":{\"@type\":\"EntryPoint\",\"urlTemplate\":\"https:\/\/com.rst-steel.eu\/?s={search_term_string}\"},\"query-input\":{\"@type\":\"PropertyValueSpecification\",\"valueRequired\":true,\"valueName\":\"search_term_string\"}}],\"inLanguage\":\"nb-NO\"},{\"@type\":\"Organization\",\"@id\":\"https:\/\/com.rst-steel.eu\/#organization\",\"name\":\"RST-Steel Oy\",\"url\":\"https:\/\/com.rst-steel.eu\/\",\"logo\":{\"@type\":\"ImageObject\",\"inLanguage\":\"nb-NO\",\"@id\":\"https:\/\/com.rst-steel.eu\/#\/schema\/logo\/image\/\",\"url\":\"https:\/\/com.rst-steel.eu\/wp-content\/uploads\/2023\/04\/cropped-Rst-logo-valkoinen-teksti-3.png\",\"contentUrl\":\"https:\/\/com.rst-steel.eu\/wp-content\/uploads\/2023\/04\/cropped-Rst-logo-valkoinen-teksti-3.png\",\"width\":512,\"height\":115,\"caption\":\"RST-Steel Oy\"},\"image\":{\"@id\":\"https:\/\/com.rst-steel.eu\/#\/schema\/logo\/image\/\"},\"sameAs\":[\"https:\/\/www.facebook.com\/rststeel\",\"https:\/\/www.instagram.com\/rststeeloy\/\"]}]}<\/script>\n<!-- \/ Yoast SEO plugin. -->","yoast_head_json":{"title":"Lazer Utility-80 HD - RST-Steel","description":"Lazer Utility-80 HD is a new addition to the Utility Series product range in 2023. Specifically designed for the rigorous demands of industrial applications","robots":{"index":"index","follow":"follow","max-snippet":"max-snippet:-1","max-image-preview":"max-image-preview:large","max-video-preview":"max-video-preview:-1"},"canonical":"https:\/\/com.rst-steel.eu\/nb\/produkt\/lazer-utility-80-hd_pr_76617\/","og_locale":"nb_NO","og_type":"article","og_title":"Lazer Utility-80 HD - RST-Steel","og_description":"Lazer Utility-80 HD is a new addition to the Utility Series product range in 2023. Specifically designed for the rigorous demands of industrial applications","og_url":"https:\/\/com.rst-steel.eu\/nb\/produkt\/lazer-utility-80-hd_pr_76617\/","og_site_name":"RST-Steel","article_publisher":"https:\/\/www.facebook.com\/rststeel","article_modified_time":"2026-03-16T06:16:11+00:00","og_image":[{"width":1000,"height":750,"url":"https:\/\/com.rst-steel.eu\/wp-content\/uploads\/2023\/09\/01cbad39df1766eb77925360b43586a8697d4949_LZ6024_0001.jpg","type":"image\/jpeg"}],"twitter_card":"summary_large_image","twitter_misc":{"Ansl. lesetid":"2 minutter"},"schema":{"@context":"https:\/\/schema.org","@graph":[{"@type":"WebPage","@id":"https:\/\/com.rst-steel.eu\/nb\/produkt\/lazer-utility-80-hd_pr_76617\/","url":"https:\/\/com.rst-steel.eu\/nb\/produkt\/lazer-utility-80-hd_pr_76617\/","name":"Lazer Utility-80 HD - RST-Steel","isPartOf":{"@id":"https:\/\/com.rst-steel.eu\/#website"},"primaryImageOfPage":{"@id":"https:\/\/com.rst-steel.eu\/nb\/produkt\/lazer-utility-80-hd_pr_76617\/#primaryimage"},"image":{"@id":"https:\/\/com.rst-steel.eu\/nb\/produkt\/lazer-utility-80-hd_pr_76617\/#primaryimage"},"thumbnailUrl":"https:\/\/com.rst-steel.eu\/wp-content\/uploads\/2023\/09\/01cbad39df1766eb77925360b43586a8697d4949_LZ6024_0001.jpg","datePublished":"2023-09-15T09:04:11+00:00","dateModified":"2026-03-16T06:16:11+00:00","description":"Lazer Utility-80 HD is a new addition to the Utility Series product range in 2023. Specifically designed for the rigorous demands of industrial applications","breadcrumb":{"@id":"https:\/\/com.rst-steel.eu\/nb\/produkt\/lazer-utility-80-hd_pr_76617\/#breadcrumb"},"inLanguage":"nb-NO","potentialAction":[{"@type":"ReadAction","target":["https:\/\/com.rst-steel.eu\/nb\/produkt\/lazer-utility-80-hd_pr_76617\/"]}]},{"@type":"ImageObject","inLanguage":"nb-NO","@id":"https:\/\/com.rst-steel.eu\/nb\/produkt\/lazer-utility-80-hd_pr_76617\/#primaryimage","url":"https:\/\/com.rst-steel.eu\/wp-content\/uploads\/2023\/09\/01cbad39df1766eb77925360b43586a8697d4949_LZ6024_0001.jpg","contentUrl":"https:\/\/com.rst-steel.eu\/wp-content\/uploads\/2023\/09\/01cbad39df1766eb77925360b43586a8697d4949_LZ6024_0001.jpg","width":1000,"height":750},{"@type":"BreadcrumbList","@id":"https:\/\/com.rst-steel.eu\/nb\/produkt\/lazer-utility-80-hd_pr_76617\/#breadcrumb","itemListElement":[{"@type":"ListItem","position":1,"name":"Home","item":"https:\/\/com.rst-steel.eu\/"},{"@type":"ListItem","position":2,"name":"RST-Steel Shop","item":"https:\/\/com.rst-steel.eu\/shop\/"},{"@type":"ListItem","position":3,"name":"Lazer Utility-80 HD"}]},{"@type":"WebSite","@id":"https:\/\/com.rst-steel.eu\/#website","url":"https:\/\/com.rst-steel.eu\/","name":"RST-Steel.com","description":"Finsk kvalitetsst\u00e5l, for kvalitetsbevisste sj\u00e5f\u00f8rer","publisher":{"@id":"https:\/\/com.rst-steel.eu\/#organization"},"alternateName":"Safe and stylish RST-Steel quality","potentialAction":[{"@type":"SearchAction","target":{"@type":"EntryPoint","urlTemplate":"https:\/\/com.rst-steel.eu\/?s={search_term_string}"},"query-input":{"@type":"PropertyValueSpecification","valueRequired":true,"valueName":"search_term_string"}}],"inLanguage":"nb-NO"},{"@type":"Organization","@id":"https:\/\/com.rst-steel.eu\/#organization","name":"RST-Steel Oy","url":"https:\/\/com.rst-steel.eu\/","logo":{"@type":"ImageObject","inLanguage":"nb-NO","@id":"https:\/\/com.rst-steel.eu\/#\/schema\/logo\/image\/","url":"https:\/\/com.rst-steel.eu\/wp-content\/uploads\/2023\/04\/cropped-Rst-logo-valkoinen-teksti-3.png","contentUrl":"https:\/\/com.rst-steel.eu\/wp-content\/uploads\/2023\/04\/cropped-Rst-logo-valkoinen-teksti-3.png","width":512,"height":115,"caption":"RST-Steel Oy"},"image":{"@id":"https:\/\/com.rst-steel.eu\/#\/schema\/logo\/image\/"},"sameAs":["https:\/\/www.facebook.com\/rststeel","https:\/\/www.instagram.com\/rststeeloy\/"]}]}},"brands":[{"id":8332,"name":"Lazer Lamps","slug":"brand_lazerlamps"}],"_links":{"self":[{"href":"https:\/\/com.rst-steel.eu\/nb\/wp-json\/wp\/v2\/product\/40714","targetHints":{"allow":["GET"]}}],"collection":[{"href":"https:\/\/com.rst-steel.eu\/nb\/wp-json\/wp\/v2\/product"}],"about":[{"href":"https:\/\/com.rst-steel.eu\/nb\/wp-json\/wp\/v2\/types\/product"}],"replies":[{"embeddable":true,"href":"https:\/\/com.rst-steel.eu\/nb\/wp-json\/wp\/v2\/comments?post=40714"}],"version-history":[{"count":0,"href":"https:\/\/com.rst-steel.eu\/nb\/wp-json\/wp\/v2\/product\/40714\/revisions"}],"wp:featuredmedia":[{"embeddable":true,"href":"https:\/\/com.rst-steel.eu\/nb\/wp-json\/wp\/v2\/media\/40709"}],"wp:attachment":[{"href":"https:\/\/com.rst-steel.eu\/nb\/wp-json\/wp\/v2\/media?parent=40714"}],"wp:term":[{"taxonomy":"make_fuel_type","embeddable":true,"href":"https:\/\/com.rst-steel.eu\/nb\/wp-json\/wp\/v2\/make_fuel_type?post=40714"},{"taxonomy":"make_model","embeddable":true,"href":"https:\/\/com.rst-steel.eu\/nb\/wp-json\/wp\/v2\/make_model?post=40714"},{"taxonomy":"make_brand","embeddable":true,"href":"https:\/\/com.rst-steel.eu\/nb\/wp-json\/wp\/v2\/make_brand?post=40714"},{"taxonomy":"make_year","embeddable":true,"href":"https:\/\/com.rst-steel.eu\/nb\/wp-json\/wp\/v2\/make_year?post=40714"},{"taxonomy":"pwb-brand","embeddable":true,"href":"https:\/\/com.rst-steel.eu\/nb\/wp-json\/wp\/v2\/pwb-brand?post=40714"},{"taxonomy":"product_brand","embeddable":true,"href":"https:\/\/com.rst-steel.eu\/nb\/wp-json\/wp\/v2\/product_brand?post=40714"},{"taxonomy":"product_cat","embeddable":true,"href":"https:\/\/com.rst-steel.eu\/nb\/wp-json\/wp\/v2\/product_cat?post=40714"},{"taxonomy":"product_tag","embeddable":true,"href":"https:\/\/com.rst-steel.eu\/nb\/wp-json\/wp\/v2\/product_tag?post=40714"}],"curies":[{"name":"wp","href":"https:\/\/api.w.org\/{rel}","templated":true}]}}