{"id":40609,"date":"2023-08-25T14:05:38","date_gmt":"2023-08-25T11:05:38","guid":{"rendered":"https:\/\/rst-steel.com\/product\/bumber-beam-mountig-kit-vw-caddy-2021-lazer-linear-18-_prm_65448\/"},"modified":"2026-03-16T09:20:51","modified_gmt":"2026-03-16T06:20:51","slug":"lazer-grille-kit-vw-caddy-2021-lazer-linear-18-_prm_65448","status":"publish","type":"product","link":"https:\/\/com.rst-steel.eu\/nb\/produkt\/lazer-grille-kit-vw-caddy-2021-lazer-linear-18-_prm_65448\/","title":{"rendered":"Lazer Grille Kit VW Caddy 2021- Lazer Linear 18"},"content":{"rendered":"<p>Bumber Beam Mountig Kit VW Caddy 2021- Lazer Linear 18&nbsp;<\/p>\n<ul>\n<li>&nbsp;<\/li>\n<\/ul>\n<p>Lazer Lamps kj\u00f8ret\u00f8yintegrasjonssett for VW Caddy (2021+), gj\u00f8r det mulig \u00e5 montere v\u00e5r klasseledende Linear-18 h\u00f8yytelses LED-spotlight, for en ekstra LED-kj\u00f8relysinstallasjon som imponerer dag og natt. Den slanke designen og high-end stylingen til Linear-produktene sikrer at lyset smelter s\u00f8ml\u00f8st inn i fronten av kj\u00f8ret\u00f8yet for en diskr\u00e9 integrasjon, om enn en som leverer eksepsjonell lysytelse (b\u00e5ret ut av utvikling og testing utf\u00f8rt p\u00e5 h\u00f8yeste niv\u00e5er av profesjonell motorsport) perfekt tilpasset hverdagsbruk p\u00e5 vei og terreng.<\/p>\n<p>ECE-samsvar gj\u00f8r det mulig \u00e5 koble til bilens elektriske system slik at lyset aktiveres sammen med bilens standard fjernlys. Oppgraderingssettet for VW Caddy-belysning er tilgjengelig med alle n\u00f8dvendige installasjonsdeler, inkludert ledningsnett og armaturer, og gir utrolig god belysning n\u00e5r solen g\u00e5r ned. Hvis bilen har LED-kj\u00f8relys som standard, er et CanM8 fjernlysgrensesnitt tilgjengelig som tilleggsutstyr for \u00e5 fullf\u00f8re en enhetlig elektrisk installasjon.<\/p>\n<p>Monteringen av lyset er raskt og enkelt ved \u00e5 bruke \"klemmestil\"-monteringsbrakettene som festes til st\u00f8tfangerbjelken for en subtil installasjon. Det resulterende oppsettet er sikkert og robust, med fester. Som alle belysningsprodukter fra Lazer Lamps, er kj\u00f8relysene designet, konstruert og produsert i Storbritannia, st\u00f8ttet av v\u00e5r omfattende 5 \u00e5rs garanti. Uten kompromisser i komponentdeler eller produksjonsteknikker, vil installasjonen din holde seg i god form \u00e5r etter \u00e5r.<\/p>\n<ul>\n<li>&nbsp;<\/li>\n<\/ul>\n<p>&nbsp;<\/p>\n<p><span style=\"font-weight: bold\">Produktegenskaper:<\/span><\/p>\n<ul>\n<li>Ekstralys installasjon for VW Caddy (2021+)<\/li>\n<li>Optimalisert montering for en Linear-18<\/li>\n<li>Tilgjengelig som Standard, Elite eller Elite med i-LBA karakter<\/li>\n<li>Festet til kj\u00f8ret\u00f8yets st\u00f8tfangerbjelke<\/li>\n<li>Helt robust og sikker, med ekstra beskyttelse mot tyveri<\/li>\n<li>Veigodkjent - ECE-godkjent i henhold til regulativ 112<\/li>\n<li>5 \u00e5rs garanti<\/li>\n<li>Laget i Storbritannia<\/li>\n<li>&nbsp;<\/li>\n<\/ul>\n<p><span style=\"font-weight: bold\">Hva er inkludert?<\/span><\/p>\n<ul>\n<li>Lazer Linear 18 LED Lamp<\/li>\n<li>Ledningsset<\/li>\n<li>Monteringsbraketter (4-deler)<\/li>\n<li>Beslag<\/li>\n<\/ul>\n<h3>Inkluderte produkter<\/h3>\n<ul id=\"pim-included-kit-products\">\n<li>Lazer st\u00f8tfangerbrakett, universalmodell : 1<\/li>\n<li>Lazer Single Lamp Wiring Kit, Position Light 12V : 1<\/li>\n<li>Lazer Linear 18 Elite with position light : 1<\/li>\n<\/ul>","protected":false},"excerpt":{"rendered":"<p>Flere modellalternativer tilgjengelig!<\/p>","protected":false},"featured_media":40605,"comment_status":"open","ping_status":"closed","template":"","meta":{"_improvement_type_select":"improve_an_existing","_thumb_yes_seoaic":false,"_frame_yes_seoaic":false,"seoaic_generate_description":"","seoaic_improve_instructions_prompt":"","seoaic_rollback_content_improvement":"","seoaic_idea_thumbnail_generator":"","thumbnail_generated":false,"thumbnail_generate_prompt":"","seoaic_article_description":""},"make_fuel_type":[],"make_model":[6623],"make_brand":[6622],"make_year":[6373],"pwb-brand":[8332],"product_brand":[],"product_cat":[6195,6209,6212],"product_tag":[6298],"class_list":{"0":"post-40609","1":"product","2":"type-product","3":"status-publish","4":"has-post-thumbnail","6":"make_model-caddy-2020","7":"make_brand-volkswagen-van","8":"make_year-van","9":"pwb-brand-brand_lazerlamps","10":"product_cat-lamps","11":"product_cat-auxiliary-lights","12":"product_cat-lazer-lamps-vehicle-specific-driving-light-kits","13":"product_tag-lazer-lamps","15":"first","16":"instock","17":"taxable","18":"shipping-taxable","19":"purchasable","20":"product-type-variable"},"yoast_head":"<!-- This site is optimized with the Yoast SEO plugin v25.7 - https:\/\/yoast.com\/wordpress\/plugins\/seo\/ -->\n<title>Lazer Grille Kit VW Caddy 2021- Lazer Linear 18 - RST-Steel<\/title>\n<meta name=\"description\" content=\"Bumber Beam Mountig Kit VW Caddy 2021- models. Available as Standard, Elite or Elite with i-LBA grade. Check out and order now!\" \/>\n<meta name=\"robots\" content=\"index, follow, max-snippet:-1, max-image-preview:large, max-video-preview:-1\" \/>\n<link rel=\"canonical\" href=\"https:\/\/com.rst-steel.eu\/nb\/produkt\/lazer-grille-kit-vw-caddy-2021-lazer-linear-18-_prm_65448\/\" \/>\n<meta property=\"og:locale\" content=\"nb_NO\" \/>\n<meta property=\"og:type\" content=\"article\" \/>\n<meta property=\"og:title\" content=\"Lazer Grille Kit VW Caddy 2021- Lazer Linear 18 - RST-Steel\" \/>\n<meta property=\"og:description\" content=\"Bumber Beam Mountig Kit VW Caddy 2021- models. Available as Standard, Elite or Elite with i-LBA grade. Check out and order now!\" \/>\n<meta property=\"og:url\" content=\"https:\/\/com.rst-steel.eu\/nb\/produkt\/lazer-grille-kit-vw-caddy-2021-lazer-linear-18-_prm_65448\/\" \/>\n<meta property=\"og:site_name\" content=\"RST-Steel\" \/>\n<meta property=\"article:publisher\" content=\"https:\/\/www.facebook.com\/rststeel\" \/>\n<meta property=\"article:modified_time\" content=\"2026-03-16T06:20:51+00:00\" \/>\n<meta property=\"og:image\" content=\"https:\/\/com.rst-steel.eu\/wp-content\/uploads\/2023\/08\/23e7fab870cc51c15a77d5eda02e0626f4d30d23_57026618PLI3.jpg\" \/>\n\t<meta property=\"og:image:width\" content=\"1001\" \/>\n\t<meta property=\"og:image:height\" content=\"750\" \/>\n\t<meta property=\"og:image:type\" content=\"image\/jpeg\" \/>\n<meta name=\"twitter:card\" content=\"summary_large_image\" \/>\n<meta name=\"twitter:label1\" content=\"Ansl. lesetid\" \/>\n\t<meta name=\"twitter:data1\" content=\"2 minutter\" \/>\n<script type=\"application\/ld+json\" class=\"yoast-schema-graph\">{\"@context\":\"https:\/\/schema.org\",\"@graph\":[{\"@type\":\"WebPage\",\"@id\":\"https:\/\/com.rst-steel.eu\/product\/lazer-grille-kit-vw-caddy-2021-lazer-linear-18-_prm_65448\/\",\"url\":\"https:\/\/com.rst-steel.eu\/product\/lazer-grille-kit-vw-caddy-2021-lazer-linear-18-_prm_65448\/\",\"name\":\"Lazer Grille Kit VW Caddy 2021- Lazer Linear 18 - RST-Steel\",\"isPartOf\":{\"@id\":\"https:\/\/com.rst-steel.eu\/#website\"},\"primaryImageOfPage\":{\"@id\":\"https:\/\/com.rst-steel.eu\/product\/lazer-grille-kit-vw-caddy-2021-lazer-linear-18-_prm_65448\/#primaryimage\"},\"image\":{\"@id\":\"https:\/\/com.rst-steel.eu\/product\/lazer-grille-kit-vw-caddy-2021-lazer-linear-18-_prm_65448\/#primaryimage\"},\"thumbnailUrl\":\"https:\/\/com.rst-steel.eu\/wp-content\/uploads\/2023\/08\/23e7fab870cc51c15a77d5eda02e0626f4d30d23_57026618PLI3.jpg\",\"datePublished\":\"2023-08-25T11:05:38+00:00\",\"dateModified\":\"2026-03-16T06:20:51+00:00\",\"description\":\"Bumber Beam Mountig Kit VW Caddy 2021- models. Available as Standard, Elite or Elite with i-LBA grade. Check out and order now!\",\"breadcrumb\":{\"@id\":\"https:\/\/com.rst-steel.eu\/product\/lazer-grille-kit-vw-caddy-2021-lazer-linear-18-_prm_65448\/#breadcrumb\"},\"inLanguage\":\"nb-NO\",\"potentialAction\":[{\"@type\":\"ReadAction\",\"target\":[\"https:\/\/com.rst-steel.eu\/product\/lazer-grille-kit-vw-caddy-2021-lazer-linear-18-_prm_65448\/\"]}]},{\"@type\":\"ImageObject\",\"inLanguage\":\"nb-NO\",\"@id\":\"https:\/\/com.rst-steel.eu\/product\/lazer-grille-kit-vw-caddy-2021-lazer-linear-18-_prm_65448\/#primaryimage\",\"url\":\"https:\/\/com.rst-steel.eu\/wp-content\/uploads\/2023\/08\/23e7fab870cc51c15a77d5eda02e0626f4d30d23_57026618PLI3.jpg\",\"contentUrl\":\"https:\/\/com.rst-steel.eu\/wp-content\/uploads\/2023\/08\/23e7fab870cc51c15a77d5eda02e0626f4d30d23_57026618PLI3.jpg\",\"width\":1001,\"height\":750,\"caption\":\"Bumper Beam Mounting Kit VW Caddy 2021- Lazer Linear 18\"},{\"@type\":\"BreadcrumbList\",\"@id\":\"https:\/\/com.rst-steel.eu\/product\/lazer-grille-kit-vw-caddy-2021-lazer-linear-18-_prm_65448\/#breadcrumb\",\"itemListElement\":[{\"@type\":\"ListItem\",\"position\":1,\"name\":\"Home\",\"item\":\"https:\/\/com.rst-steel.eu\/\"},{\"@type\":\"ListItem\",\"position\":2,\"name\":\"RST-Steel Shop\",\"item\":\"https:\/\/com.rst-steel.eu\/shop\/\"},{\"@type\":\"ListItem\",\"position\":3,\"name\":\"Lazer Grille Kit VW Caddy 2021- Lazer Linear 18\"}]},{\"@type\":\"WebSite\",\"@id\":\"https:\/\/com.rst-steel.eu\/#website\",\"url\":\"https:\/\/com.rst-steel.eu\/\",\"name\":\"RST-Steel.com\",\"description\":\"Finnish quality steel, for quality-conscious drivers\",\"publisher\":{\"@id\":\"https:\/\/com.rst-steel.eu\/#organization\"},\"alternateName\":\"Safe and stylish RST-Steel quality\",\"potentialAction\":[{\"@type\":\"SearchAction\",\"target\":{\"@type\":\"EntryPoint\",\"urlTemplate\":\"https:\/\/com.rst-steel.eu\/?s={search_term_string}\"},\"query-input\":{\"@type\":\"PropertyValueSpecification\",\"valueRequired\":true,\"valueName\":\"search_term_string\"}}],\"inLanguage\":\"nb-NO\"},{\"@type\":\"Organization\",\"@id\":\"https:\/\/com.rst-steel.eu\/#organization\",\"name\":\"RST-Steel Oy\",\"url\":\"https:\/\/com.rst-steel.eu\/\",\"logo\":{\"@type\":\"ImageObject\",\"inLanguage\":\"nb-NO\",\"@id\":\"https:\/\/com.rst-steel.eu\/#\/schema\/logo\/image\/\",\"url\":\"https:\/\/com.rst-steel.eu\/wp-content\/uploads\/2023\/04\/cropped-Rst-logo-valkoinen-teksti-3.png\",\"contentUrl\":\"https:\/\/com.rst-steel.eu\/wp-content\/uploads\/2023\/04\/cropped-Rst-logo-valkoinen-teksti-3.png\",\"width\":512,\"height\":115,\"caption\":\"RST-Steel Oy\"},\"image\":{\"@id\":\"https:\/\/com.rst-steel.eu\/#\/schema\/logo\/image\/\"},\"sameAs\":[\"https:\/\/www.facebook.com\/rststeel\",\"https:\/\/www.instagram.com\/rststeeloy\/\"]}]}<\/script>\n<!-- \/ Yoast SEO plugin. -->","yoast_head_json":{"title":"Lazer Grille Kit VW Caddy 2021- Lazer Linear 18 - RST-Steel","description":"Bumber Beam Mountig Kit VW Caddy 2021- models. Available as Standard, Elite or Elite with i-LBA grade. Check out and order now!","robots":{"index":"index","follow":"follow","max-snippet":"max-snippet:-1","max-image-preview":"max-image-preview:large","max-video-preview":"max-video-preview:-1"},"canonical":"https:\/\/com.rst-steel.eu\/nb\/produkt\/lazer-grille-kit-vw-caddy-2021-lazer-linear-18-_prm_65448\/","og_locale":"nb_NO","og_type":"article","og_title":"Lazer Grille Kit VW Caddy 2021- Lazer Linear 18 - RST-Steel","og_description":"Bumber Beam Mountig Kit VW Caddy 2021- models. Available as Standard, Elite or Elite with i-LBA grade. Check out and order now!","og_url":"https:\/\/com.rst-steel.eu\/nb\/produkt\/lazer-grille-kit-vw-caddy-2021-lazer-linear-18-_prm_65448\/","og_site_name":"RST-Steel","article_publisher":"https:\/\/www.facebook.com\/rststeel","article_modified_time":"2026-03-16T06:20:51+00:00","og_image":[{"width":1001,"height":750,"url":"https:\/\/com.rst-steel.eu\/wp-content\/uploads\/2023\/08\/23e7fab870cc51c15a77d5eda02e0626f4d30d23_57026618PLI3.jpg","type":"image\/jpeg"}],"twitter_card":"summary_large_image","twitter_misc":{"Ansl. lesetid":"2 minutter"},"schema":{"@context":"https:\/\/schema.org","@graph":[{"@type":"WebPage","@id":"https:\/\/com.rst-steel.eu\/product\/lazer-grille-kit-vw-caddy-2021-lazer-linear-18-_prm_65448\/","url":"https:\/\/com.rst-steel.eu\/product\/lazer-grille-kit-vw-caddy-2021-lazer-linear-18-_prm_65448\/","name":"Lazer Grille Kit VW Caddy 2021- Lazer Linear 18 - RST-Steel","isPartOf":{"@id":"https:\/\/com.rst-steel.eu\/#website"},"primaryImageOfPage":{"@id":"https:\/\/com.rst-steel.eu\/product\/lazer-grille-kit-vw-caddy-2021-lazer-linear-18-_prm_65448\/#primaryimage"},"image":{"@id":"https:\/\/com.rst-steel.eu\/product\/lazer-grille-kit-vw-caddy-2021-lazer-linear-18-_prm_65448\/#primaryimage"},"thumbnailUrl":"https:\/\/com.rst-steel.eu\/wp-content\/uploads\/2023\/08\/23e7fab870cc51c15a77d5eda02e0626f4d30d23_57026618PLI3.jpg","datePublished":"2023-08-25T11:05:38+00:00","dateModified":"2026-03-16T06:20:51+00:00","description":"Bumber Beam Mountig Kit VW Caddy 2021- models. Available as Standard, Elite or Elite with i-LBA grade. Check out and order now!","breadcrumb":{"@id":"https:\/\/com.rst-steel.eu\/product\/lazer-grille-kit-vw-caddy-2021-lazer-linear-18-_prm_65448\/#breadcrumb"},"inLanguage":"nb-NO","potentialAction":[{"@type":"ReadAction","target":["https:\/\/com.rst-steel.eu\/product\/lazer-grille-kit-vw-caddy-2021-lazer-linear-18-_prm_65448\/"]}]},{"@type":"ImageObject","inLanguage":"nb-NO","@id":"https:\/\/com.rst-steel.eu\/product\/lazer-grille-kit-vw-caddy-2021-lazer-linear-18-_prm_65448\/#primaryimage","url":"https:\/\/com.rst-steel.eu\/wp-content\/uploads\/2023\/08\/23e7fab870cc51c15a77d5eda02e0626f4d30d23_57026618PLI3.jpg","contentUrl":"https:\/\/com.rst-steel.eu\/wp-content\/uploads\/2023\/08\/23e7fab870cc51c15a77d5eda02e0626f4d30d23_57026618PLI3.jpg","width":1001,"height":750,"caption":"Bumper Beam Mounting Kit VW Caddy 2021- Lazer Linear 18"},{"@type":"BreadcrumbList","@id":"https:\/\/com.rst-steel.eu\/product\/lazer-grille-kit-vw-caddy-2021-lazer-linear-18-_prm_65448\/#breadcrumb","itemListElement":[{"@type":"ListItem","position":1,"name":"Home","item":"https:\/\/com.rst-steel.eu\/"},{"@type":"ListItem","position":2,"name":"RST-Steel Shop","item":"https:\/\/com.rst-steel.eu\/shop\/"},{"@type":"ListItem","position":3,"name":"Lazer Grille Kit VW Caddy 2021- Lazer Linear 18"}]},{"@type":"WebSite","@id":"https:\/\/com.rst-steel.eu\/#website","url":"https:\/\/com.rst-steel.eu\/","name":"RST-Steel.com","description":"Finsk kvalitetsst\u00e5l, for kvalitetsbevisste sj\u00e5f\u00f8rer","publisher":{"@id":"https:\/\/com.rst-steel.eu\/#organization"},"alternateName":"Safe and stylish RST-Steel quality","potentialAction":[{"@type":"SearchAction","target":{"@type":"EntryPoint","urlTemplate":"https:\/\/com.rst-steel.eu\/?s={search_term_string}"},"query-input":{"@type":"PropertyValueSpecification","valueRequired":true,"valueName":"search_term_string"}}],"inLanguage":"nb-NO"},{"@type":"Organization","@id":"https:\/\/com.rst-steel.eu\/#organization","name":"RST-Steel Oy","url":"https:\/\/com.rst-steel.eu\/","logo":{"@type":"ImageObject","inLanguage":"nb-NO","@id":"https:\/\/com.rst-steel.eu\/#\/schema\/logo\/image\/","url":"https:\/\/com.rst-steel.eu\/wp-content\/uploads\/2023\/04\/cropped-Rst-logo-valkoinen-teksti-3.png","contentUrl":"https:\/\/com.rst-steel.eu\/wp-content\/uploads\/2023\/04\/cropped-Rst-logo-valkoinen-teksti-3.png","width":512,"height":115,"caption":"RST-Steel Oy"},"image":{"@id":"https:\/\/com.rst-steel.eu\/#\/schema\/logo\/image\/"},"sameAs":["https:\/\/www.facebook.com\/rststeel","https:\/\/www.instagram.com\/rststeeloy\/"]}]}},"brands":[{"id":8332,"name":"Lazer Lamps","slug":"brand_lazerlamps"}],"_links":{"self":[{"href":"https:\/\/com.rst-steel.eu\/nb\/wp-json\/wp\/v2\/product\/40609","targetHints":{"allow":["GET"]}}],"collection":[{"href":"https:\/\/com.rst-steel.eu\/nb\/wp-json\/wp\/v2\/product"}],"about":[{"href":"https:\/\/com.rst-steel.eu\/nb\/wp-json\/wp\/v2\/types\/product"}],"replies":[{"embeddable":true,"href":"https:\/\/com.rst-steel.eu\/nb\/wp-json\/wp\/v2\/comments?post=40609"}],"version-history":[{"count":0,"href":"https:\/\/com.rst-steel.eu\/nb\/wp-json\/wp\/v2\/product\/40609\/revisions"}],"wp:featuredmedia":[{"embeddable":true,"href":"https:\/\/com.rst-steel.eu\/nb\/wp-json\/wp\/v2\/media\/40605"}],"wp:attachment":[{"href":"https:\/\/com.rst-steel.eu\/nb\/wp-json\/wp\/v2\/media?parent=40609"}],"wp:term":[{"taxonomy":"make_fuel_type","embeddable":true,"href":"https:\/\/com.rst-steel.eu\/nb\/wp-json\/wp\/v2\/make_fuel_type?post=40609"},{"taxonomy":"make_model","embeddable":true,"href":"https:\/\/com.rst-steel.eu\/nb\/wp-json\/wp\/v2\/make_model?post=40609"},{"taxonomy":"make_brand","embeddable":true,"href":"https:\/\/com.rst-steel.eu\/nb\/wp-json\/wp\/v2\/make_brand?post=40609"},{"taxonomy":"make_year","embeddable":true,"href":"https:\/\/com.rst-steel.eu\/nb\/wp-json\/wp\/v2\/make_year?post=40609"},{"taxonomy":"pwb-brand","embeddable":true,"href":"https:\/\/com.rst-steel.eu\/nb\/wp-json\/wp\/v2\/pwb-brand?post=40609"},{"taxonomy":"product_brand","embeddable":true,"href":"https:\/\/com.rst-steel.eu\/nb\/wp-json\/wp\/v2\/product_brand?post=40609"},{"taxonomy":"product_cat","embeddable":true,"href":"https:\/\/com.rst-steel.eu\/nb\/wp-json\/wp\/v2\/product_cat?post=40609"},{"taxonomy":"product_tag","embeddable":true,"href":"https:\/\/com.rst-steel.eu\/nb\/wp-json\/wp\/v2\/product_tag?post=40609"}],"curies":[{"name":"wp","href":"https:\/\/api.w.org\/{rel}","templated":true}]}}