{"id":40587,"date":"2023-08-17T12:59:15","date_gmt":"2023-08-17T09:59:15","guid":{"rendered":"https:\/\/rst-steel.com\/product\/bull-bar-freeway-volvo-fh-2021-_prm_9858\/"},"modified":"2026-03-16T09:20:27","modified_gmt":"2026-03-16T06:20:27","slug":"bull-bar-freeway-volvo-fh-2021-_prm_9858","status":"publish","type":"product","link":"https:\/\/com.rst-steel.eu\/nb\/produkt\/bull-bar-freeway-volvo-fh-2021-_prm_9858\/","title":{"rendered":"Viltfanger Freeway Volvo FH 2021-"},"content":{"rendered":"<p><strong>Viltfanger Freeway Volvo FH 2021-<\/strong><\/p>\n<ul>\n<li>&nbsp;<\/li>\n<\/ul>\n<p>RST-Steels frontbeskytter er h\u00f8ykvalitetsprodukter laget av rustfritt st\u00e5l.&nbsp;<\/p>\n<p>En frontbeskytter beskytter fronten p\u00e5 bilen ved kollisjoner og gir bilen et stilig utseende som vekker oppsikt. En veldig fin frontbeskytter kan for\u00e5rsake \"jernfeber\", noe som gj\u00f8r at du og din bedrift skiller seg ut.<\/p>\n<p>En frontbeskytter kan utstyres med ekstralys og posisjonslys, som forbedrer sikten din i trafikken, og samtidig \u00f8ker sikkerheten for deg selv og andre i trafikken.<\/p>\n<p>Ved bestilling m\u00e5 bilens st\u00f8tfangermodell oppgis.<\/p>\n<ul>\n<li>&nbsp;<\/li>\n<\/ul>\n<p>I denne modellen forblir det nederste r\u00f8ret p\u00e5 styret i samme h\u00f8yde som bilens egen st\u00f8tfanger.<\/p>\n<ul>\n<li>&nbsp;<\/li>\n<\/ul>\n<p>Den egner seg for eksempel godt til biler som kj\u00f8rer t\u00f8mmer, takket v\u00e6re den h\u00f8yere bakkeklaringen<\/p>\n<ul>\n<li>&nbsp;<\/li>\n<\/ul>\n<p><strong>Teknisk informasjon:<\/strong><\/p>\n<ul>\n<li>Farge: Speilpolert rustfritt st\u00e5l eller maling med RAL grunnfarge<\/li>\n<li>R\u00f8rdiameter: 76 mm \/ 60 mm<\/li>\n<li>&nbsp;<\/li>\n<\/ul>\n<p><span style=\"font-weight: bold\"><a href=\"https:\/\/www.youtube.com\/watch?v=G2FVajPh-pM\">BULLBAR WIRING KIT INSTALLATION VIDEO IS HERE<\/a><\/span><\/p>\n<p><strong>Innhold i leveransen:<\/strong><\/p>\n<ul>\n<li>Bull bar Freeway Volvo<\/li>\n<li>Festemidler som kreves for installasjon<\/li>\n<li>Installasjonsinstruksjoner<\/li>\n<\/ul>","protected":false},"excerpt":{"rendered":"<p>Flere modellalternativer tilgjengelig!<\/p>","protected":false},"featured_media":40586,"comment_status":"open","ping_status":"closed","template":"","meta":{"_improvement_type_select":"improve_an_existing","_thumb_yes_seoaic":false,"_frame_yes_seoaic":false,"seoaic_generate_description":"","seoaic_improve_instructions_prompt":"","seoaic_rollback_content_improvement":"","seoaic_idea_thumbnail_generator":"","thumbnail_generated":false,"thumbnail_generate_prompt":"","seoaic_article_description":""},"make_fuel_type":[],"make_model":[5637,3743],"make_brand":[3745],"make_year":[3748],"pwb-brand":[8334],"product_brand":[],"product_cat":[6280,7158],"product_tag":[8487,6683],"class_list":{"0":"post-40587","1":"product","2":"type-product","3":"status-publish","4":"has-post-thumbnail","6":"make_engine-normal-cab","7":"make_engine-globetrotter","8":"make_engine-globetrotter-xl-cab","9":"make_model-fh-2021","10":"make_model-fh4","11":"make_brand-volvo","12":"make_year-trucks","13":"pwb-brand-brand_rststeel","14":"product_cat-bullbars","15":"product_cat-volvo-ka-kk","16":"product_tag-bullbar-freeway","17":"product_tag-frontskydd","18":"product_shipping_class-bullbars","20":"first","21":"onbackorder","22":"taxable","23":"shipping-taxable","24":"purchasable","25":"product-type-variable"},"yoast_head":"<!-- This site is optimized with the Yoast SEO plugin v25.7 - https:\/\/yoast.com\/wordpress\/plugins\/seo\/ -->\n<title>Bull Bar Freeway Volvo FH 2021- RST-Steel<\/title>\n<meta name=\"description\" content=\"Bull Bar Freeway Volvo FH 2021- and FH4 models. RST-Steel&#039;s bull bars are high-quality products made of stainless steel.\u00a0Get to know the products!\" \/>\n<meta name=\"robots\" content=\"index, follow, max-snippet:-1, max-image-preview:large, max-video-preview:-1\" \/>\n<link rel=\"canonical\" href=\"https:\/\/com.rst-steel.eu\/nb\/produkt\/bull-bar-freeway-volvo-fh-2021-_prm_9858\/\" \/>\n<meta property=\"og:locale\" content=\"nb_NO\" \/>\n<meta property=\"og:type\" content=\"article\" \/>\n<meta property=\"og:title\" content=\"Bull Bar Freeway Volvo FH 2021- RST-Steel\" \/>\n<meta property=\"og:description\" content=\"Bull Bar Freeway Volvo FH 2021- and FH4 models. RST-Steel&#039;s bull bars are high-quality products made of stainless steel.\u00a0Get to know the products!\" \/>\n<meta property=\"og:url\" content=\"https:\/\/com.rst-steel.eu\/nb\/produkt\/bull-bar-freeway-volvo-fh-2021-_prm_9858\/\" \/>\n<meta property=\"og:site_name\" content=\"RST-Steel\" \/>\n<meta property=\"article:publisher\" content=\"https:\/\/www.facebook.com\/rststeel\" \/>\n<meta property=\"article:modified_time\" content=\"2026-03-16T06:20:27+00:00\" \/>\n<meta property=\"og:image\" content=\"https:\/\/com.rst-steel.eu\/wp-content\/uploads\/2023\/08\/757c0ba4c96d9824c49bba641e37ee516cbd7da6_VO0104A__2_.jpg\" \/>\n\t<meta property=\"og:image:width\" content=\"663\" \/>\n\t<meta property=\"og:image:height\" content=\"814\" \/>\n\t<meta property=\"og:image:type\" content=\"image\/jpeg\" \/>\n<meta name=\"twitter:card\" content=\"summary_large_image\" \/>\n<meta name=\"twitter:label1\" content=\"Ansl. lesetid\" \/>\n\t<meta name=\"twitter:data1\" content=\"1 minutt\" \/>\n<script type=\"application\/ld+json\" class=\"yoast-schema-graph\">{\"@context\":\"https:\/\/schema.org\",\"@graph\":[{\"@type\":\"WebPage\",\"@id\":\"https:\/\/com.rst-steel.eu\/sv\/produkt\/bull-bar-freeway-volvo-fh-2021-_prm_9858\/\",\"url\":\"https:\/\/com.rst-steel.eu\/sv\/produkt\/bull-bar-freeway-volvo-fh-2021-_prm_9858\/\",\"name\":\"Bull Bar Freeway Volvo FH 2021- RST-Steel\",\"isPartOf\":{\"@id\":\"https:\/\/com.rst-steel.eu\/#website\"},\"primaryImageOfPage\":{\"@id\":\"https:\/\/com.rst-steel.eu\/sv\/produkt\/bull-bar-freeway-volvo-fh-2021-_prm_9858\/#primaryimage\"},\"image\":{\"@id\":\"https:\/\/com.rst-steel.eu\/sv\/produkt\/bull-bar-freeway-volvo-fh-2021-_prm_9858\/#primaryimage\"},\"thumbnailUrl\":\"https:\/\/com.rst-steel.eu\/wp-content\/uploads\/2023\/08\/757c0ba4c96d9824c49bba641e37ee516cbd7da6_VO0104A__2_.jpg\",\"datePublished\":\"2023-08-17T09:59:15+00:00\",\"dateModified\":\"2026-03-16T06:20:27+00:00\",\"description\":\"Bull Bar Freeway Volvo FH 2021- and FH4 models. RST-Steel's bull bars are high-quality products made of stainless steel.\u00a0Get to know the products!\",\"breadcrumb\":{\"@id\":\"https:\/\/com.rst-steel.eu\/sv\/produkt\/bull-bar-freeway-volvo-fh-2021-_prm_9858\/#breadcrumb\"},\"inLanguage\":\"nb-NO\",\"potentialAction\":[{\"@type\":\"ReadAction\",\"target\":[\"https:\/\/com.rst-steel.eu\/sv\/produkt\/bull-bar-freeway-volvo-fh-2021-_prm_9858\/\"]}]},{\"@type\":\"ImageObject\",\"inLanguage\":\"nb-NO\",\"@id\":\"https:\/\/com.rst-steel.eu\/sv\/produkt\/bull-bar-freeway-volvo-fh-2021-_prm_9858\/#primaryimage\",\"url\":\"https:\/\/com.rst-steel.eu\/wp-content\/uploads\/2023\/08\/757c0ba4c96d9824c49bba641e37ee516cbd7da6_VO0104A__2_.jpg\",\"contentUrl\":\"https:\/\/com.rst-steel.eu\/wp-content\/uploads\/2023\/08\/757c0ba4c96d9824c49bba641e37ee516cbd7da6_VO0104A__2_.jpg\",\"width\":663,\"height\":814,\"caption\":\"Bull Bar Freeway Volvo FH 2021-\"},{\"@type\":\"BreadcrumbList\",\"@id\":\"https:\/\/com.rst-steel.eu\/sv\/produkt\/bull-bar-freeway-volvo-fh-2021-_prm_9858\/#breadcrumb\",\"itemListElement\":[{\"@type\":\"ListItem\",\"position\":1,\"name\":\"Home\",\"item\":\"https:\/\/com.rst-steel.eu\/\"},{\"@type\":\"ListItem\",\"position\":2,\"name\":\"RST-Steel Shop\",\"item\":\"https:\/\/com.rst-steel.eu\/shop\/\"},{\"@type\":\"ListItem\",\"position\":3,\"name\":\"Bull Bar Freeway Volvo FH 2021-\"}]},{\"@type\":\"WebSite\",\"@id\":\"https:\/\/com.rst-steel.eu\/#website\",\"url\":\"https:\/\/com.rst-steel.eu\/\",\"name\":\"RST-Steel.com\",\"description\":\"Finnish quality steel, for quality-conscious drivers\",\"publisher\":{\"@id\":\"https:\/\/com.rst-steel.eu\/#organization\"},\"alternateName\":\"Safe and stylish RST-Steel quality\",\"potentialAction\":[{\"@type\":\"SearchAction\",\"target\":{\"@type\":\"EntryPoint\",\"urlTemplate\":\"https:\/\/com.rst-steel.eu\/?s={search_term_string}\"},\"query-input\":{\"@type\":\"PropertyValueSpecification\",\"valueRequired\":true,\"valueName\":\"search_term_string\"}}],\"inLanguage\":\"nb-NO\"},{\"@type\":\"Organization\",\"@id\":\"https:\/\/com.rst-steel.eu\/#organization\",\"name\":\"RST-Steel Oy\",\"url\":\"https:\/\/com.rst-steel.eu\/\",\"logo\":{\"@type\":\"ImageObject\",\"inLanguage\":\"nb-NO\",\"@id\":\"https:\/\/com.rst-steel.eu\/#\/schema\/logo\/image\/\",\"url\":\"https:\/\/com.rst-steel.eu\/wp-content\/uploads\/2023\/04\/cropped-Rst-logo-valkoinen-teksti-3.png\",\"contentUrl\":\"https:\/\/com.rst-steel.eu\/wp-content\/uploads\/2023\/04\/cropped-Rst-logo-valkoinen-teksti-3.png\",\"width\":512,\"height\":115,\"caption\":\"RST-Steel Oy\"},\"image\":{\"@id\":\"https:\/\/com.rst-steel.eu\/#\/schema\/logo\/image\/\"},\"sameAs\":[\"https:\/\/www.facebook.com\/rststeel\",\"https:\/\/www.instagram.com\/rststeeloy\/\"]}]}<\/script>\n<!-- \/ Yoast SEO plugin. -->","yoast_head_json":{"title":"Bull Bar Freeway Volvo FH 2021- RST-Steel","description":"Bull Bar Freeway Volvo FH 2021- and FH4 models. RST-Steel's bull bars are high-quality products made of stainless steel.\u00a0Get to know the products!","robots":{"index":"index","follow":"follow","max-snippet":"max-snippet:-1","max-image-preview":"max-image-preview:large","max-video-preview":"max-video-preview:-1"},"canonical":"https:\/\/com.rst-steel.eu\/nb\/produkt\/bull-bar-freeway-volvo-fh-2021-_prm_9858\/","og_locale":"nb_NO","og_type":"article","og_title":"Bull Bar Freeway Volvo FH 2021- RST-Steel","og_description":"Bull Bar Freeway Volvo FH 2021- and FH4 models. RST-Steel's bull bars are high-quality products made of stainless steel.\u00a0Get to know the products!","og_url":"https:\/\/com.rst-steel.eu\/nb\/produkt\/bull-bar-freeway-volvo-fh-2021-_prm_9858\/","og_site_name":"RST-Steel","article_publisher":"https:\/\/www.facebook.com\/rststeel","article_modified_time":"2026-03-16T06:20:27+00:00","og_image":[{"width":663,"height":814,"url":"https:\/\/com.rst-steel.eu\/wp-content\/uploads\/2023\/08\/757c0ba4c96d9824c49bba641e37ee516cbd7da6_VO0104A__2_.jpg","type":"image\/jpeg"}],"twitter_card":"summary_large_image","twitter_misc":{"Ansl. lesetid":"1 minutt"},"schema":{"@context":"https:\/\/schema.org","@graph":[{"@type":"WebPage","@id":"https:\/\/com.rst-steel.eu\/sv\/produkt\/bull-bar-freeway-volvo-fh-2021-_prm_9858\/","url":"https:\/\/com.rst-steel.eu\/sv\/produkt\/bull-bar-freeway-volvo-fh-2021-_prm_9858\/","name":"Bull Bar Freeway Volvo FH 2021- RST-Steel","isPartOf":{"@id":"https:\/\/com.rst-steel.eu\/#website"},"primaryImageOfPage":{"@id":"https:\/\/com.rst-steel.eu\/sv\/produkt\/bull-bar-freeway-volvo-fh-2021-_prm_9858\/#primaryimage"},"image":{"@id":"https:\/\/com.rst-steel.eu\/sv\/produkt\/bull-bar-freeway-volvo-fh-2021-_prm_9858\/#primaryimage"},"thumbnailUrl":"https:\/\/com.rst-steel.eu\/wp-content\/uploads\/2023\/08\/757c0ba4c96d9824c49bba641e37ee516cbd7da6_VO0104A__2_.jpg","datePublished":"2023-08-17T09:59:15+00:00","dateModified":"2026-03-16T06:20:27+00:00","description":"Bull Bar Freeway Volvo FH 2021- and FH4 models. RST-Steel's bull bars are high-quality products made of stainless steel.\u00a0Get to know the products!","breadcrumb":{"@id":"https:\/\/com.rst-steel.eu\/sv\/produkt\/bull-bar-freeway-volvo-fh-2021-_prm_9858\/#breadcrumb"},"inLanguage":"nb-NO","potentialAction":[{"@type":"ReadAction","target":["https:\/\/com.rst-steel.eu\/sv\/produkt\/bull-bar-freeway-volvo-fh-2021-_prm_9858\/"]}]},{"@type":"ImageObject","inLanguage":"nb-NO","@id":"https:\/\/com.rst-steel.eu\/sv\/produkt\/bull-bar-freeway-volvo-fh-2021-_prm_9858\/#primaryimage","url":"https:\/\/com.rst-steel.eu\/wp-content\/uploads\/2023\/08\/757c0ba4c96d9824c49bba641e37ee516cbd7da6_VO0104A__2_.jpg","contentUrl":"https:\/\/com.rst-steel.eu\/wp-content\/uploads\/2023\/08\/757c0ba4c96d9824c49bba641e37ee516cbd7da6_VO0104A__2_.jpg","width":663,"height":814,"caption":"Bull Bar Freeway Volvo FH 2021-"},{"@type":"BreadcrumbList","@id":"https:\/\/com.rst-steel.eu\/sv\/produkt\/bull-bar-freeway-volvo-fh-2021-_prm_9858\/#breadcrumb","itemListElement":[{"@type":"ListItem","position":1,"name":"Home","item":"https:\/\/com.rst-steel.eu\/"},{"@type":"ListItem","position":2,"name":"RST-Steel Shop","item":"https:\/\/com.rst-steel.eu\/shop\/"},{"@type":"ListItem","position":3,"name":"Bull Bar Freeway Volvo FH 2021-"}]},{"@type":"WebSite","@id":"https:\/\/com.rst-steel.eu\/#website","url":"https:\/\/com.rst-steel.eu\/","name":"RST-Steel.com","description":"Finsk kvalitetsst\u00e5l, for kvalitetsbevisste sj\u00e5f\u00f8rer","publisher":{"@id":"https:\/\/com.rst-steel.eu\/#organization"},"alternateName":"Safe and stylish RST-Steel quality","potentialAction":[{"@type":"SearchAction","target":{"@type":"EntryPoint","urlTemplate":"https:\/\/com.rst-steel.eu\/?s={search_term_string}"},"query-input":{"@type":"PropertyValueSpecification","valueRequired":true,"valueName":"search_term_string"}}],"inLanguage":"nb-NO"},{"@type":"Organization","@id":"https:\/\/com.rst-steel.eu\/#organization","name":"RST-Steel Oy","url":"https:\/\/com.rst-steel.eu\/","logo":{"@type":"ImageObject","inLanguage":"nb-NO","@id":"https:\/\/com.rst-steel.eu\/#\/schema\/logo\/image\/","url":"https:\/\/com.rst-steel.eu\/wp-content\/uploads\/2023\/04\/cropped-Rst-logo-valkoinen-teksti-3.png","contentUrl":"https:\/\/com.rst-steel.eu\/wp-content\/uploads\/2023\/04\/cropped-Rst-logo-valkoinen-teksti-3.png","width":512,"height":115,"caption":"RST-Steel Oy"},"image":{"@id":"https:\/\/com.rst-steel.eu\/#\/schema\/logo\/image\/"},"sameAs":["https:\/\/www.facebook.com\/rststeel","https:\/\/www.instagram.com\/rststeeloy\/"]}]}},"brands":[{"id":8334,"name":"RST-Steel","slug":"brand_rststeel"}],"_links":{"self":[{"href":"https:\/\/com.rst-steel.eu\/nb\/wp-json\/wp\/v2\/product\/40587","targetHints":{"allow":["GET"]}}],"collection":[{"href":"https:\/\/com.rst-steel.eu\/nb\/wp-json\/wp\/v2\/product"}],"about":[{"href":"https:\/\/com.rst-steel.eu\/nb\/wp-json\/wp\/v2\/types\/product"}],"replies":[{"embeddable":true,"href":"https:\/\/com.rst-steel.eu\/nb\/wp-json\/wp\/v2\/comments?post=40587"}],"version-history":[{"count":0,"href":"https:\/\/com.rst-steel.eu\/nb\/wp-json\/wp\/v2\/product\/40587\/revisions"}],"wp:featuredmedia":[{"embeddable":true,"href":"https:\/\/com.rst-steel.eu\/nb\/wp-json\/wp\/v2\/media\/40586"}],"wp:attachment":[{"href":"https:\/\/com.rst-steel.eu\/nb\/wp-json\/wp\/v2\/media?parent=40587"}],"wp:term":[{"taxonomy":"make_fuel_type","embeddable":true,"href":"https:\/\/com.rst-steel.eu\/nb\/wp-json\/wp\/v2\/make_fuel_type?post=40587"},{"taxonomy":"make_model","embeddable":true,"href":"https:\/\/com.rst-steel.eu\/nb\/wp-json\/wp\/v2\/make_model?post=40587"},{"taxonomy":"make_brand","embeddable":true,"href":"https:\/\/com.rst-steel.eu\/nb\/wp-json\/wp\/v2\/make_brand?post=40587"},{"taxonomy":"make_year","embeddable":true,"href":"https:\/\/com.rst-steel.eu\/nb\/wp-json\/wp\/v2\/make_year?post=40587"},{"taxonomy":"pwb-brand","embeddable":true,"href":"https:\/\/com.rst-steel.eu\/nb\/wp-json\/wp\/v2\/pwb-brand?post=40587"},{"taxonomy":"product_brand","embeddable":true,"href":"https:\/\/com.rst-steel.eu\/nb\/wp-json\/wp\/v2\/product_brand?post=40587"},{"taxonomy":"product_cat","embeddable":true,"href":"https:\/\/com.rst-steel.eu\/nb\/wp-json\/wp\/v2\/product_cat?post=40587"},{"taxonomy":"product_tag","embeddable":true,"href":"https:\/\/com.rst-steel.eu\/nb\/wp-json\/wp\/v2\/product_tag?post=40587"}],"curies":[{"name":"wp","href":"https:\/\/api.w.org\/{rel}","templated":true}]}}