{"id":40480,"date":"2023-08-17T10:43:39","date_gmt":"2023-08-17T07:43:39","guid":{"rendered":"https:\/\/rst-steel.com\/product\/karjapuskuri-freeway-volvo-fh-2021-_prm_9855\/"},"modified":"2026-03-16T09:20:24","modified_gmt":"2026-03-16T06:20:24","slug":"bull-bar-freeway-v01-volvo-fh4-_prm_9855","status":"publish","type":"product","link":"https:\/\/com.rst-steel.eu\/nb\/produkt\/bull-bar-freeway-v01-volvo-fh4-_prm_9855\/","title":{"rendered":"Bull Bar Freeway V01 Volvo FH4-"},"content":{"rendered":"<p><span style=\"font-weight: 700\">Bull Bar Freeway V01 Volvo FH4-&nbsp;<\/span><\/p>\n<ul>\n<li>&nbsp;<\/li>\n<\/ul>\n<p>RST-Steel\u2019s bull bars are high-quality<br \/>products made of stainless steel.&nbsp;<\/p>\n<p>The bull bar protects the front of the<br \/>car in possible collision situations. Gives the car a neat and elegant<br \/>appearance, it also turns eyes and can arouse iron fever, making you and your<br \/>company stand out.<\/p>\n<p>The bull bars can be equipped with<br \/>auxiliary lights and position lights, which improve your visibility in traffic,<br \/>and at the same time increase safety for yourself and others in traffic.<\/p>\n<ul>\n<li>&nbsp;<\/li>\n<\/ul>\n<p>I denne modellen er bunnr\u00f8ret p\u00e5 bullbaren lavere enn bilens egen st\u00f8tfanger.<\/p>\n<ul>\n<li>Frontbeskytteren er godt egnet for biler som kj\u00f8rer p\u00e5 veien, takket v\u00e6re den lave bakkeklaringen.<\/li>\n<li>&nbsp;<\/li>\n<\/ul>\n<p><strong>Teknisk informasjon:<\/strong><\/p>\n<ul>\n<li>Farge: Speilpolert rustfritt st\u00e5l<br \/>or painting with RAL basic colors<\/li>\n<li>R\u00f8rdiameter: 76 mm \/ 60 mm<\/li>\n<li>&nbsp;<\/li>\n<\/ul>\n<p><a href=\"https:\/\/www.youtube.com\/watch?v=G2FVajPh-pM\" style=\"font-weight: bold\">BULLBAR WIRING KIT INSTALLATION VIDEO IS HERE<\/a><\/p>\n<p><strong>Innhold i leveransen:<\/strong><\/p>\n<ul>\n<li>Frontbeskytter<\/li>\n<li>Festemidler som kreves for installasjon<\/li>\n<li>Installasjonsinstruksjoner<\/li>\n<\/ul>","protected":false},"excerpt":{"rendered":"<p style=\"margin: 0cm 0cm 7.5pt;background-image: initial;background-position: initial;background-size: initial;background-repeat: initial;background-attachment: initial\"><span style=\"font-family: Helvetica, sans-serif;font-size: 13.3333px\">I denne modellen er bunnr\u00f8ret p\u00e5 bullbaren lavere enn bilens egen st\u00f8tfanger.<\/span><\/p>\n<div><span style=\"font-family: Helvetica, sans-serif;font-size: 13.3333px\"><br \/><\/span><\/div>","protected":false},"featured_media":41945,"comment_status":"open","ping_status":"closed","template":"","meta":{"_improvement_type_select":"improve_an_existing","_thumb_yes_seoaic":false,"_frame_yes_seoaic":false,"seoaic_generate_description":"","seoaic_improve_instructions_prompt":"","seoaic_rollback_content_improvement":"","seoaic_idea_thumbnail_generator":"","thumbnail_generated":false,"thumbnail_generate_prompt":"","seoaic_article_description":""},"make_fuel_type":[],"make_model":[5637,3743],"make_brand":[3745],"make_year":[3748],"pwb-brand":[8334],"product_brand":[],"product_cat":[6280,7158],"product_tag":[8487,6683],"class_list":{"0":"post-40480","1":"product","2":"type-product","3":"status-publish","4":"has-post-thumbnail","6":"make_engine-normal-cab","7":"make_engine-globetrotter","8":"make_engine-globetrotter-xl-cab","9":"make_model-fh-2021","10":"make_model-fh4","11":"make_brand-volvo","12":"make_year-trucks","13":"pwb-brand-brand_rststeel","14":"product_cat-bullbars","15":"product_cat-volvo-ka-kk","16":"product_tag-bullbar-freeway","17":"product_tag-frontskydd","18":"product_shipping_class-bullbars","20":"first","21":"instock","22":"taxable","23":"shipping-taxable","24":"purchasable","25":"product-type-variable"},"yoast_head":"<!-- This site is optimized with the Yoast SEO plugin v25.7 - https:\/\/yoast.com\/wordpress\/plugins\/seo\/ -->\n<title>Bull Bar Freeway V01 Volvo FH4- RST-Steel<\/title>\n<meta name=\"description\" content=\"Bull Bar Freeway V01 Volvo FH4- models! RST-Steel&#039;s bull bars are high-quality products made of stainless steel.\u00a0Get to know the products!\" \/>\n<meta name=\"robots\" content=\"index, follow, max-snippet:-1, max-image-preview:large, max-video-preview:-1\" \/>\n<link rel=\"canonical\" href=\"https:\/\/com.rst-steel.eu\/nb\/produkt\/bull-bar-freeway-v01-volvo-fh4-_prm_9855\/\" \/>\n<meta property=\"og:locale\" content=\"nb_NO\" \/>\n<meta property=\"og:type\" content=\"article\" \/>\n<meta property=\"og:title\" content=\"Bull Bar Freeway V01 Volvo FH4- RST-Steel\" \/>\n<meta property=\"og:description\" content=\"Bull Bar Freeway V01 Volvo FH4- models! RST-Steel&#039;s bull bars are high-quality products made of stainless steel.\u00a0Get to know the products!\" \/>\n<meta property=\"og:url\" content=\"https:\/\/com.rst-steel.eu\/nb\/produkt\/bull-bar-freeway-v01-volvo-fh4-_prm_9855\/\" \/>\n<meta property=\"og:site_name\" content=\"RST-Steel\" \/>\n<meta property=\"article:publisher\" content=\"https:\/\/www.facebook.com\/rststeel\" \/>\n<meta property=\"article:modified_time\" content=\"2026-03-16T06:20:24+00:00\" \/>\n<meta property=\"og:image\" content=\"https:\/\/com.rst-steel.eu\/wp-content\/uploads\/2024\/01\/02838075c18db419092be2bcb4734854eb460d46_VO0101-74-scaled.jpg\" \/>\n\t<meta property=\"og:image:width\" content=\"2560\" \/>\n\t<meta property=\"og:image:height\" content=\"2307\" \/>\n\t<meta property=\"og:image:type\" content=\"image\/jpeg\" \/>\n<meta name=\"twitter:card\" content=\"summary_large_image\" \/>\n<meta name=\"twitter:label1\" content=\"Ansl. lesetid\" \/>\n\t<meta name=\"twitter:data1\" content=\"1 minutt\" \/>\n<script type=\"application\/ld+json\" class=\"yoast-schema-graph\">{\"@context\":\"https:\/\/schema.org\",\"@graph\":[{\"@type\":\"WebPage\",\"@id\":\"https:\/\/com.rst-steel.eu\/sv\/produkt\/bull-bar-freeway-v01-volvo-fh4-_prm_9855\/\",\"url\":\"https:\/\/com.rst-steel.eu\/sv\/produkt\/bull-bar-freeway-v01-volvo-fh4-_prm_9855\/\",\"name\":\"Bull Bar Freeway V01 Volvo FH4- RST-Steel\",\"isPartOf\":{\"@id\":\"https:\/\/com.rst-steel.eu\/#website\"},\"primaryImageOfPage\":{\"@id\":\"https:\/\/com.rst-steel.eu\/sv\/produkt\/bull-bar-freeway-v01-volvo-fh4-_prm_9855\/#primaryimage\"},\"image\":{\"@id\":\"https:\/\/com.rst-steel.eu\/sv\/produkt\/bull-bar-freeway-v01-volvo-fh4-_prm_9855\/#primaryimage\"},\"thumbnailUrl\":\"https:\/\/com.rst-steel.eu\/wp-content\/uploads\/2024\/01\/02838075c18db419092be2bcb4734854eb460d46_VO0101-74-scaled.jpg\",\"datePublished\":\"2023-08-17T07:43:39+00:00\",\"dateModified\":\"2026-03-16T06:20:24+00:00\",\"description\":\"Bull Bar Freeway V01 Volvo FH4- models! RST-Steel's bull bars are high-quality products made of stainless steel.\u00a0Get to know the products!\",\"breadcrumb\":{\"@id\":\"https:\/\/com.rst-steel.eu\/sv\/produkt\/bull-bar-freeway-v01-volvo-fh4-_prm_9855\/#breadcrumb\"},\"inLanguage\":\"nb-NO\",\"potentialAction\":[{\"@type\":\"ReadAction\",\"target\":[\"https:\/\/com.rst-steel.eu\/sv\/produkt\/bull-bar-freeway-v01-volvo-fh4-_prm_9855\/\"]}]},{\"@type\":\"ImageObject\",\"inLanguage\":\"nb-NO\",\"@id\":\"https:\/\/com.rst-steel.eu\/sv\/produkt\/bull-bar-freeway-v01-volvo-fh4-_prm_9855\/#primaryimage\",\"url\":\"https:\/\/com.rst-steel.eu\/wp-content\/uploads\/2024\/01\/02838075c18db419092be2bcb4734854eb460d46_VO0101-74-scaled.jpg\",\"contentUrl\":\"https:\/\/com.rst-steel.eu\/wp-content\/uploads\/2024\/01\/02838075c18db419092be2bcb4734854eb460d46_VO0101-74-scaled.jpg\",\"width\":2560,\"height\":2307,\"caption\":\"Bull Bar Freeway Volvo FH 2021-\"},{\"@type\":\"BreadcrumbList\",\"@id\":\"https:\/\/com.rst-steel.eu\/sv\/produkt\/bull-bar-freeway-v01-volvo-fh4-_prm_9855\/#breadcrumb\",\"itemListElement\":[{\"@type\":\"ListItem\",\"position\":1,\"name\":\"Home\",\"item\":\"https:\/\/com.rst-steel.eu\/\"},{\"@type\":\"ListItem\",\"position\":2,\"name\":\"RST-Steel Shop\",\"item\":\"https:\/\/com.rst-steel.eu\/shop\/\"},{\"@type\":\"ListItem\",\"position\":3,\"name\":\"Bull Bar Freeway V01 Volvo FH4-\"}]},{\"@type\":\"WebSite\",\"@id\":\"https:\/\/com.rst-steel.eu\/#website\",\"url\":\"https:\/\/com.rst-steel.eu\/\",\"name\":\"RST-Steel.com\",\"description\":\"Finnish quality steel, for quality-conscious drivers\",\"publisher\":{\"@id\":\"https:\/\/com.rst-steel.eu\/#organization\"},\"alternateName\":\"Safe and stylish RST-Steel quality\",\"potentialAction\":[{\"@type\":\"SearchAction\",\"target\":{\"@type\":\"EntryPoint\",\"urlTemplate\":\"https:\/\/com.rst-steel.eu\/?s={search_term_string}\"},\"query-input\":{\"@type\":\"PropertyValueSpecification\",\"valueRequired\":true,\"valueName\":\"search_term_string\"}}],\"inLanguage\":\"nb-NO\"},{\"@type\":\"Organization\",\"@id\":\"https:\/\/com.rst-steel.eu\/#organization\",\"name\":\"RST-Steel Oy\",\"url\":\"https:\/\/com.rst-steel.eu\/\",\"logo\":{\"@type\":\"ImageObject\",\"inLanguage\":\"nb-NO\",\"@id\":\"https:\/\/com.rst-steel.eu\/#\/schema\/logo\/image\/\",\"url\":\"https:\/\/com.rst-steel.eu\/wp-content\/uploads\/2023\/04\/cropped-Rst-logo-valkoinen-teksti-3.png\",\"contentUrl\":\"https:\/\/com.rst-steel.eu\/wp-content\/uploads\/2023\/04\/cropped-Rst-logo-valkoinen-teksti-3.png\",\"width\":512,\"height\":115,\"caption\":\"RST-Steel Oy\"},\"image\":{\"@id\":\"https:\/\/com.rst-steel.eu\/#\/schema\/logo\/image\/\"},\"sameAs\":[\"https:\/\/www.facebook.com\/rststeel\",\"https:\/\/www.instagram.com\/rststeeloy\/\"]}]}<\/script>\n<!-- \/ Yoast SEO plugin. -->","yoast_head_json":{"title":"Bull Bar Freeway V01 Volvo FH4- RST-Steel","description":"Bull Bar Freeway V01 Volvo FH4- models! RST-Steel's bull bars are high-quality products made of stainless steel.\u00a0Get to know the products!","robots":{"index":"index","follow":"follow","max-snippet":"max-snippet:-1","max-image-preview":"max-image-preview:large","max-video-preview":"max-video-preview:-1"},"canonical":"https:\/\/com.rst-steel.eu\/nb\/produkt\/bull-bar-freeway-v01-volvo-fh4-_prm_9855\/","og_locale":"nb_NO","og_type":"article","og_title":"Bull Bar Freeway V01 Volvo FH4- RST-Steel","og_description":"Bull Bar Freeway V01 Volvo FH4- models! RST-Steel's bull bars are high-quality products made of stainless steel.\u00a0Get to know the products!","og_url":"https:\/\/com.rst-steel.eu\/nb\/produkt\/bull-bar-freeway-v01-volvo-fh4-_prm_9855\/","og_site_name":"RST-Steel","article_publisher":"https:\/\/www.facebook.com\/rststeel","article_modified_time":"2026-03-16T06:20:24+00:00","og_image":[{"width":2560,"height":2307,"url":"https:\/\/com.rst-steel.eu\/wp-content\/uploads\/2024\/01\/02838075c18db419092be2bcb4734854eb460d46_VO0101-74-scaled.jpg","type":"image\/jpeg"}],"twitter_card":"summary_large_image","twitter_misc":{"Ansl. lesetid":"1 minutt"},"schema":{"@context":"https:\/\/schema.org","@graph":[{"@type":"WebPage","@id":"https:\/\/com.rst-steel.eu\/sv\/produkt\/bull-bar-freeway-v01-volvo-fh4-_prm_9855\/","url":"https:\/\/com.rst-steel.eu\/sv\/produkt\/bull-bar-freeway-v01-volvo-fh4-_prm_9855\/","name":"Bull Bar Freeway V01 Volvo FH4- RST-Steel","isPartOf":{"@id":"https:\/\/com.rst-steel.eu\/#website"},"primaryImageOfPage":{"@id":"https:\/\/com.rst-steel.eu\/sv\/produkt\/bull-bar-freeway-v01-volvo-fh4-_prm_9855\/#primaryimage"},"image":{"@id":"https:\/\/com.rst-steel.eu\/sv\/produkt\/bull-bar-freeway-v01-volvo-fh4-_prm_9855\/#primaryimage"},"thumbnailUrl":"https:\/\/com.rst-steel.eu\/wp-content\/uploads\/2024\/01\/02838075c18db419092be2bcb4734854eb460d46_VO0101-74-scaled.jpg","datePublished":"2023-08-17T07:43:39+00:00","dateModified":"2026-03-16T06:20:24+00:00","description":"Bull Bar Freeway V01 Volvo FH4- models! RST-Steel's bull bars are high-quality products made of stainless steel.\u00a0Get to know the products!","breadcrumb":{"@id":"https:\/\/com.rst-steel.eu\/sv\/produkt\/bull-bar-freeway-v01-volvo-fh4-_prm_9855\/#breadcrumb"},"inLanguage":"nb-NO","potentialAction":[{"@type":"ReadAction","target":["https:\/\/com.rst-steel.eu\/sv\/produkt\/bull-bar-freeway-v01-volvo-fh4-_prm_9855\/"]}]},{"@type":"ImageObject","inLanguage":"nb-NO","@id":"https:\/\/com.rst-steel.eu\/sv\/produkt\/bull-bar-freeway-v01-volvo-fh4-_prm_9855\/#primaryimage","url":"https:\/\/com.rst-steel.eu\/wp-content\/uploads\/2024\/01\/02838075c18db419092be2bcb4734854eb460d46_VO0101-74-scaled.jpg","contentUrl":"https:\/\/com.rst-steel.eu\/wp-content\/uploads\/2024\/01\/02838075c18db419092be2bcb4734854eb460d46_VO0101-74-scaled.jpg","width":2560,"height":2307,"caption":"Bull Bar Freeway Volvo FH 2021-"},{"@type":"BreadcrumbList","@id":"https:\/\/com.rst-steel.eu\/sv\/produkt\/bull-bar-freeway-v01-volvo-fh4-_prm_9855\/#breadcrumb","itemListElement":[{"@type":"ListItem","position":1,"name":"Home","item":"https:\/\/com.rst-steel.eu\/"},{"@type":"ListItem","position":2,"name":"RST-Steel Shop","item":"https:\/\/com.rst-steel.eu\/shop\/"},{"@type":"ListItem","position":3,"name":"Bull Bar Freeway V01 Volvo FH4-"}]},{"@type":"WebSite","@id":"https:\/\/com.rst-steel.eu\/#website","url":"https:\/\/com.rst-steel.eu\/","name":"RST-Steel.com","description":"Finsk kvalitetsst\u00e5l, for kvalitetsbevisste sj\u00e5f\u00f8rer","publisher":{"@id":"https:\/\/com.rst-steel.eu\/#organization"},"alternateName":"Safe and stylish RST-Steel quality","potentialAction":[{"@type":"SearchAction","target":{"@type":"EntryPoint","urlTemplate":"https:\/\/com.rst-steel.eu\/?s={search_term_string}"},"query-input":{"@type":"PropertyValueSpecification","valueRequired":true,"valueName":"search_term_string"}}],"inLanguage":"nb-NO"},{"@type":"Organization","@id":"https:\/\/com.rst-steel.eu\/#organization","name":"RST-Steel Oy","url":"https:\/\/com.rst-steel.eu\/","logo":{"@type":"ImageObject","inLanguage":"nb-NO","@id":"https:\/\/com.rst-steel.eu\/#\/schema\/logo\/image\/","url":"https:\/\/com.rst-steel.eu\/wp-content\/uploads\/2023\/04\/cropped-Rst-logo-valkoinen-teksti-3.png","contentUrl":"https:\/\/com.rst-steel.eu\/wp-content\/uploads\/2023\/04\/cropped-Rst-logo-valkoinen-teksti-3.png","width":512,"height":115,"caption":"RST-Steel Oy"},"image":{"@id":"https:\/\/com.rst-steel.eu\/#\/schema\/logo\/image\/"},"sameAs":["https:\/\/www.facebook.com\/rststeel","https:\/\/www.instagram.com\/rststeeloy\/"]}]}},"brands":[{"id":8334,"name":"RST-Steel","slug":"brand_rststeel"}],"_links":{"self":[{"href":"https:\/\/com.rst-steel.eu\/nb\/wp-json\/wp\/v2\/product\/40480","targetHints":{"allow":["GET"]}}],"collection":[{"href":"https:\/\/com.rst-steel.eu\/nb\/wp-json\/wp\/v2\/product"}],"about":[{"href":"https:\/\/com.rst-steel.eu\/nb\/wp-json\/wp\/v2\/types\/product"}],"replies":[{"embeddable":true,"href":"https:\/\/com.rst-steel.eu\/nb\/wp-json\/wp\/v2\/comments?post=40480"}],"version-history":[{"count":0,"href":"https:\/\/com.rst-steel.eu\/nb\/wp-json\/wp\/v2\/product\/40480\/revisions"}],"wp:featuredmedia":[{"embeddable":true,"href":"https:\/\/com.rst-steel.eu\/nb\/wp-json\/wp\/v2\/media\/41945"}],"wp:attachment":[{"href":"https:\/\/com.rst-steel.eu\/nb\/wp-json\/wp\/v2\/media?parent=40480"}],"wp:term":[{"taxonomy":"make_fuel_type","embeddable":true,"href":"https:\/\/com.rst-steel.eu\/nb\/wp-json\/wp\/v2\/make_fuel_type?post=40480"},{"taxonomy":"make_model","embeddable":true,"href":"https:\/\/com.rst-steel.eu\/nb\/wp-json\/wp\/v2\/make_model?post=40480"},{"taxonomy":"make_brand","embeddable":true,"href":"https:\/\/com.rst-steel.eu\/nb\/wp-json\/wp\/v2\/make_brand?post=40480"},{"taxonomy":"make_year","embeddable":true,"href":"https:\/\/com.rst-steel.eu\/nb\/wp-json\/wp\/v2\/make_year?post=40480"},{"taxonomy":"pwb-brand","embeddable":true,"href":"https:\/\/com.rst-steel.eu\/nb\/wp-json\/wp\/v2\/pwb-brand?post=40480"},{"taxonomy":"product_brand","embeddable":true,"href":"https:\/\/com.rst-steel.eu\/nb\/wp-json\/wp\/v2\/product_brand?post=40480"},{"taxonomy":"product_cat","embeddable":true,"href":"https:\/\/com.rst-steel.eu\/nb\/wp-json\/wp\/v2\/product_cat?post=40480"},{"taxonomy":"product_tag","embeddable":true,"href":"https:\/\/com.rst-steel.eu\/nb\/wp-json\/wp\/v2\/product_tag?post=40480"}],"curies":[{"name":"wp","href":"https:\/\/api.w.org\/{rel}","templated":true}]}}