{"id":39381,"date":"2023-06-02T11:59:00","date_gmt":"2023-06-02T08:59:00","guid":{"rendered":"https:\/\/rst-steel.com\/product\/lazer-neoprene-impact-cover-linear_prm_65443\/"},"modified":"2026-03-16T09:21:10","modified_gmt":"2026-03-16T06:21:10","slug":"lazer-neoprene-impact-cover-linear_prm_65443","status":"publish","type":"product","link":"https:\/\/com.rst-steel.eu\/nb\/produkt\/lazer-neoprene-impact-cover-linear_prm_65443\/","title":{"rendered":"Lazer Neoprene Impact Cover (Linear)"},"content":{"rendered":"<p>Lazer Neoprene Impact Cover (Linear)<\/p>\n<p>&nbsp;<\/p>\n<p>Lazer Lamps LED-lysbjelker er laget av h\u00f8yteknologisk, slagfast og vaskbar neopren, og er tilgjengelige for Triple-R- og Linear-serien v\u00e5r. Dekslene festes med kraftige borrel\u00e5sputer og er enkle \u00e5 montere og fjerne, slik at belysningsinvesteringen din forblir i perfekt stand n\u00e5r den ikke er i bruk. De smart utformede dekslene har ogs\u00e5 den fordelen at de reduserer vindst\u00f8yen betydelig, noe som kan forekomme fra enkelte st\u00f8rre lysbjelker n\u00e5r de er montert over frontruten.<\/p>\n<p>&nbsp;<\/p>\n<p>Tilgjengelig i 7 forskjellige st\u00f8rrelser for Linear:<\/p>\n<p>&nbsp;<\/p>\n<p>6 LED \u2013 232mm wide<\/p>\n<p>12 LED \u2013 382mm wide<\/p>\n<p>18 LED \u2013 532mm wide<\/p>\n<p>24 LED \u2013 682mm wide<\/p>\n<p>36 LED \u2013 982mm wide<\/p>\n<p>42 LED \u2013 1132mm wide<\/p>\n<p>48 LED \u2013 1282mm wide<\/p>","protected":false},"excerpt":{"rendered":"<p>Tilgjengelig i 7 forskjellige st\u00f8rrelser!<\/p>","protected":false},"featured_media":39378,"comment_status":"open","ping_status":"closed","template":"","meta":{"_improvement_type_select":"improve_an_existing","_thumb_yes_seoaic":false,"_frame_yes_seoaic":false,"seoaic_generate_description":"","seoaic_improve_instructions_prompt":"","seoaic_rollback_content_improvement":"","seoaic_idea_thumbnail_generator":"","thumbnail_generated":false,"thumbnail_generate_prompt":"","seoaic_article_description":""},"make_fuel_type":[],"make_model":[],"make_brand":[],"make_year":[6360,3748,6373,6465],"pwb-brand":[8332],"product_brand":[],"product_cat":[6195,6242,6243],"product_tag":[],"class_list":{"0":"post-39381","1":"product","2":"type-product","3":"status-publish","4":"has-post-thumbnail","6":"make_year-tractor-com","7":"make_year-trucks","8":"make_year-van","9":"make_year-workmachines","10":"pwb-brand-brand_lazerlamps","11":"product_cat-lamps","12":"product_cat-mounting-accessories","13":"product_cat-lazer-lamps-accessories","15":"first","16":"instock","17":"taxable","18":"shipping-taxable","19":"purchasable","20":"product-type-variable"},"yoast_head":"<!-- This site is optimized with the Yoast SEO plugin v25.7 - https:\/\/yoast.com\/wordpress\/plugins\/seo\/ -->\n<title>Lazer Neoprene Impact Cover (Linear) - RST-Steel<\/title>\n<meta name=\"description\" content=\"Lazer Neoprene Impact Cover (For Linear lights). Available in 7 different sizes! Check out the product selection and order now!\" \/>\n<meta name=\"robots\" content=\"index, follow, max-snippet:-1, max-image-preview:large, max-video-preview:-1\" \/>\n<link rel=\"canonical\" href=\"https:\/\/com.rst-steel.eu\/nb\/produkt\/lazer-neoprene-impact-cover-linear_prm_65443\/\" \/>\n<meta property=\"og:locale\" content=\"nb_NO\" \/>\n<meta property=\"og:type\" content=\"article\" \/>\n<meta property=\"og:title\" content=\"Lazer Neoprene Impact Cover (Linear) - RST-Steel\" \/>\n<meta property=\"og:description\" content=\"Lazer Neoprene Impact Cover (For Linear lights). Available in 7 different sizes! Check out the product selection and order now!\" \/>\n<meta property=\"og:url\" content=\"https:\/\/com.rst-steel.eu\/nb\/produkt\/lazer-neoprene-impact-cover-linear_prm_65443\/\" \/>\n<meta property=\"og:site_name\" content=\"RST-Steel\" \/>\n<meta property=\"article:publisher\" content=\"https:\/\/www.facebook.com\/rststeel\" \/>\n<meta property=\"article:modified_time\" content=\"2026-03-16T06:21:10+00:00\" \/>\n<meta property=\"og:image\" content=\"https:\/\/com.rst-steel.eu\/wp-content\/uploads\/2023\/06\/a9a022ceed8597348e61ddaf29eddd606ef77bcc_LNR_NEO42_1_Web.jpg\" \/>\n\t<meta property=\"og:image:width\" content=\"1000\" \/>\n\t<meta property=\"og:image:height\" content=\"750\" \/>\n\t<meta property=\"og:image:type\" content=\"image\/jpeg\" \/>\n<meta name=\"twitter:card\" content=\"summary_large_image\" \/>\n<meta name=\"twitter:label1\" content=\"Ansl. lesetid\" \/>\n\t<meta name=\"twitter:data1\" content=\"1 minutt\" \/>\n<script type=\"application\/ld+json\" class=\"yoast-schema-graph\">{\"@context\":\"https:\/\/schema.org\",\"@graph\":[{\"@type\":\"WebPage\",\"@id\":\"https:\/\/com.rst-steel.eu\/product\/lazer-neoprene-impact-cover-linear_prm_65443\/\",\"url\":\"https:\/\/com.rst-steel.eu\/product\/lazer-neoprene-impact-cover-linear_prm_65443\/\",\"name\":\"Lazer Neoprene Impact Cover (Linear) - RST-Steel\",\"isPartOf\":{\"@id\":\"https:\/\/com.rst-steel.eu\/#website\"},\"primaryImageOfPage\":{\"@id\":\"https:\/\/com.rst-steel.eu\/product\/lazer-neoprene-impact-cover-linear_prm_65443\/#primaryimage\"},\"image\":{\"@id\":\"https:\/\/com.rst-steel.eu\/product\/lazer-neoprene-impact-cover-linear_prm_65443\/#primaryimage\"},\"thumbnailUrl\":\"https:\/\/com.rst-steel.eu\/wp-content\/uploads\/2023\/06\/a9a022ceed8597348e61ddaf29eddd606ef77bcc_LNR_NEO42_1_Web.jpg\",\"datePublished\":\"2023-06-02T08:59:00+00:00\",\"dateModified\":\"2026-03-16T06:21:10+00:00\",\"description\":\"Lazer Neoprene Impact Cover (For Linear lights). Available in 7 different sizes! Check out the product selection and order now!\",\"breadcrumb\":{\"@id\":\"https:\/\/com.rst-steel.eu\/product\/lazer-neoprene-impact-cover-linear_prm_65443\/#breadcrumb\"},\"inLanguage\":\"nb-NO\",\"potentialAction\":[{\"@type\":\"ReadAction\",\"target\":[\"https:\/\/com.rst-steel.eu\/product\/lazer-neoprene-impact-cover-linear_prm_65443\/\"]}]},{\"@type\":\"ImageObject\",\"inLanguage\":\"nb-NO\",\"@id\":\"https:\/\/com.rst-steel.eu\/product\/lazer-neoprene-impact-cover-linear_prm_65443\/#primaryimage\",\"url\":\"https:\/\/com.rst-steel.eu\/wp-content\/uploads\/2023\/06\/a9a022ceed8597348e61ddaf29eddd606ef77bcc_LNR_NEO42_1_Web.jpg\",\"contentUrl\":\"https:\/\/com.rst-steel.eu\/wp-content\/uploads\/2023\/06\/a9a022ceed8597348e61ddaf29eddd606ef77bcc_LNR_NEO42_1_Web.jpg\",\"width\":1000,\"height\":750,\"caption\":\"Lazer Neoprene Impact Cover (Linear)\"},{\"@type\":\"BreadcrumbList\",\"@id\":\"https:\/\/com.rst-steel.eu\/product\/lazer-neoprene-impact-cover-linear_prm_65443\/#breadcrumb\",\"itemListElement\":[{\"@type\":\"ListItem\",\"position\":1,\"name\":\"Home\",\"item\":\"https:\/\/com.rst-steel.eu\/\"},{\"@type\":\"ListItem\",\"position\":2,\"name\":\"RST-Steel Shop\",\"item\":\"https:\/\/com.rst-steel.eu\/shop\/\"},{\"@type\":\"ListItem\",\"position\":3,\"name\":\"Lazer Neoprene Impact Cover (Linear)\"}]},{\"@type\":\"WebSite\",\"@id\":\"https:\/\/com.rst-steel.eu\/#website\",\"url\":\"https:\/\/com.rst-steel.eu\/\",\"name\":\"RST-Steel.com\",\"description\":\"Finnish quality steel, for quality-conscious drivers\",\"publisher\":{\"@id\":\"https:\/\/com.rst-steel.eu\/#organization\"},\"alternateName\":\"Safe and stylish RST-Steel quality\",\"potentialAction\":[{\"@type\":\"SearchAction\",\"target\":{\"@type\":\"EntryPoint\",\"urlTemplate\":\"https:\/\/com.rst-steel.eu\/?s={search_term_string}\"},\"query-input\":{\"@type\":\"PropertyValueSpecification\",\"valueRequired\":true,\"valueName\":\"search_term_string\"}}],\"inLanguage\":\"nb-NO\"},{\"@type\":\"Organization\",\"@id\":\"https:\/\/com.rst-steel.eu\/#organization\",\"name\":\"RST-Steel Oy\",\"url\":\"https:\/\/com.rst-steel.eu\/\",\"logo\":{\"@type\":\"ImageObject\",\"inLanguage\":\"nb-NO\",\"@id\":\"https:\/\/com.rst-steel.eu\/#\/schema\/logo\/image\/\",\"url\":\"https:\/\/com.rst-steel.eu\/wp-content\/uploads\/2023\/04\/cropped-Rst-logo-valkoinen-teksti-3.png\",\"contentUrl\":\"https:\/\/com.rst-steel.eu\/wp-content\/uploads\/2023\/04\/cropped-Rst-logo-valkoinen-teksti-3.png\",\"width\":512,\"height\":115,\"caption\":\"RST-Steel Oy\"},\"image\":{\"@id\":\"https:\/\/com.rst-steel.eu\/#\/schema\/logo\/image\/\"},\"sameAs\":[\"https:\/\/www.facebook.com\/rststeel\",\"https:\/\/www.instagram.com\/rststeeloy\/\"]}]}<\/script>\n<!-- \/ Yoast SEO plugin. -->","yoast_head_json":{"title":"Lazer Neoprene Impact Cover (Linear) - RST-Steel","description":"Lazer Neoprene Impact Cover (For Linear lights). Available in 7 different sizes! Check out the product selection and order now!","robots":{"index":"index","follow":"follow","max-snippet":"max-snippet:-1","max-image-preview":"max-image-preview:large","max-video-preview":"max-video-preview:-1"},"canonical":"https:\/\/com.rst-steel.eu\/nb\/produkt\/lazer-neoprene-impact-cover-linear_prm_65443\/","og_locale":"nb_NO","og_type":"article","og_title":"Lazer Neoprene Impact Cover (Linear) - RST-Steel","og_description":"Lazer Neoprene Impact Cover (For Linear lights). Available in 7 different sizes! Check out the product selection and order now!","og_url":"https:\/\/com.rst-steel.eu\/nb\/produkt\/lazer-neoprene-impact-cover-linear_prm_65443\/","og_site_name":"RST-Steel","article_publisher":"https:\/\/www.facebook.com\/rststeel","article_modified_time":"2026-03-16T06:21:10+00:00","og_image":[{"width":1000,"height":750,"url":"https:\/\/com.rst-steel.eu\/wp-content\/uploads\/2023\/06\/a9a022ceed8597348e61ddaf29eddd606ef77bcc_LNR_NEO42_1_Web.jpg","type":"image\/jpeg"}],"twitter_card":"summary_large_image","twitter_misc":{"Ansl. lesetid":"1 minutt"},"schema":{"@context":"https:\/\/schema.org","@graph":[{"@type":"WebPage","@id":"https:\/\/com.rst-steel.eu\/product\/lazer-neoprene-impact-cover-linear_prm_65443\/","url":"https:\/\/com.rst-steel.eu\/product\/lazer-neoprene-impact-cover-linear_prm_65443\/","name":"Lazer Neoprene Impact Cover (Linear) - RST-Steel","isPartOf":{"@id":"https:\/\/com.rst-steel.eu\/#website"},"primaryImageOfPage":{"@id":"https:\/\/com.rst-steel.eu\/product\/lazer-neoprene-impact-cover-linear_prm_65443\/#primaryimage"},"image":{"@id":"https:\/\/com.rst-steel.eu\/product\/lazer-neoprene-impact-cover-linear_prm_65443\/#primaryimage"},"thumbnailUrl":"https:\/\/com.rst-steel.eu\/wp-content\/uploads\/2023\/06\/a9a022ceed8597348e61ddaf29eddd606ef77bcc_LNR_NEO42_1_Web.jpg","datePublished":"2023-06-02T08:59:00+00:00","dateModified":"2026-03-16T06:21:10+00:00","description":"Lazer Neoprene Impact Cover (For Linear lights). Available in 7 different sizes! Check out the product selection and order now!","breadcrumb":{"@id":"https:\/\/com.rst-steel.eu\/product\/lazer-neoprene-impact-cover-linear_prm_65443\/#breadcrumb"},"inLanguage":"nb-NO","potentialAction":[{"@type":"ReadAction","target":["https:\/\/com.rst-steel.eu\/product\/lazer-neoprene-impact-cover-linear_prm_65443\/"]}]},{"@type":"ImageObject","inLanguage":"nb-NO","@id":"https:\/\/com.rst-steel.eu\/product\/lazer-neoprene-impact-cover-linear_prm_65443\/#primaryimage","url":"https:\/\/com.rst-steel.eu\/wp-content\/uploads\/2023\/06\/a9a022ceed8597348e61ddaf29eddd606ef77bcc_LNR_NEO42_1_Web.jpg","contentUrl":"https:\/\/com.rst-steel.eu\/wp-content\/uploads\/2023\/06\/a9a022ceed8597348e61ddaf29eddd606ef77bcc_LNR_NEO42_1_Web.jpg","width":1000,"height":750,"caption":"Lazer Neoprene Impact Cover (Linear)"},{"@type":"BreadcrumbList","@id":"https:\/\/com.rst-steel.eu\/product\/lazer-neoprene-impact-cover-linear_prm_65443\/#breadcrumb","itemListElement":[{"@type":"ListItem","position":1,"name":"Home","item":"https:\/\/com.rst-steel.eu\/"},{"@type":"ListItem","position":2,"name":"RST-Steel Shop","item":"https:\/\/com.rst-steel.eu\/shop\/"},{"@type":"ListItem","position":3,"name":"Lazer Neoprene Impact Cover (Linear)"}]},{"@type":"WebSite","@id":"https:\/\/com.rst-steel.eu\/#website","url":"https:\/\/com.rst-steel.eu\/","name":"RST-Steel.com","description":"Finsk kvalitetsst\u00e5l, for kvalitetsbevisste sj\u00e5f\u00f8rer","publisher":{"@id":"https:\/\/com.rst-steel.eu\/#organization"},"alternateName":"Safe and stylish RST-Steel quality","potentialAction":[{"@type":"SearchAction","target":{"@type":"EntryPoint","urlTemplate":"https:\/\/com.rst-steel.eu\/?s={search_term_string}"},"query-input":{"@type":"PropertyValueSpecification","valueRequired":true,"valueName":"search_term_string"}}],"inLanguage":"nb-NO"},{"@type":"Organization","@id":"https:\/\/com.rst-steel.eu\/#organization","name":"RST-Steel Oy","url":"https:\/\/com.rst-steel.eu\/","logo":{"@type":"ImageObject","inLanguage":"nb-NO","@id":"https:\/\/com.rst-steel.eu\/#\/schema\/logo\/image\/","url":"https:\/\/com.rst-steel.eu\/wp-content\/uploads\/2023\/04\/cropped-Rst-logo-valkoinen-teksti-3.png","contentUrl":"https:\/\/com.rst-steel.eu\/wp-content\/uploads\/2023\/04\/cropped-Rst-logo-valkoinen-teksti-3.png","width":512,"height":115,"caption":"RST-Steel Oy"},"image":{"@id":"https:\/\/com.rst-steel.eu\/#\/schema\/logo\/image\/"},"sameAs":["https:\/\/www.facebook.com\/rststeel","https:\/\/www.instagram.com\/rststeeloy\/"]}]}},"brands":[{"id":8332,"name":"Lazer Lamps","slug":"brand_lazerlamps"}],"_links":{"self":[{"href":"https:\/\/com.rst-steel.eu\/nb\/wp-json\/wp\/v2\/product\/39381","targetHints":{"allow":["GET"]}}],"collection":[{"href":"https:\/\/com.rst-steel.eu\/nb\/wp-json\/wp\/v2\/product"}],"about":[{"href":"https:\/\/com.rst-steel.eu\/nb\/wp-json\/wp\/v2\/types\/product"}],"replies":[{"embeddable":true,"href":"https:\/\/com.rst-steel.eu\/nb\/wp-json\/wp\/v2\/comments?post=39381"}],"version-history":[{"count":0,"href":"https:\/\/com.rst-steel.eu\/nb\/wp-json\/wp\/v2\/product\/39381\/revisions"}],"wp:featuredmedia":[{"embeddable":true,"href":"https:\/\/com.rst-steel.eu\/nb\/wp-json\/wp\/v2\/media\/39378"}],"wp:attachment":[{"href":"https:\/\/com.rst-steel.eu\/nb\/wp-json\/wp\/v2\/media?parent=39381"}],"wp:term":[{"taxonomy":"make_fuel_type","embeddable":true,"href":"https:\/\/com.rst-steel.eu\/nb\/wp-json\/wp\/v2\/make_fuel_type?post=39381"},{"taxonomy":"make_model","embeddable":true,"href":"https:\/\/com.rst-steel.eu\/nb\/wp-json\/wp\/v2\/make_model?post=39381"},{"taxonomy":"make_brand","embeddable":true,"href":"https:\/\/com.rst-steel.eu\/nb\/wp-json\/wp\/v2\/make_brand?post=39381"},{"taxonomy":"make_year","embeddable":true,"href":"https:\/\/com.rst-steel.eu\/nb\/wp-json\/wp\/v2\/make_year?post=39381"},{"taxonomy":"pwb-brand","embeddable":true,"href":"https:\/\/com.rst-steel.eu\/nb\/wp-json\/wp\/v2\/pwb-brand?post=39381"},{"taxonomy":"product_brand","embeddable":true,"href":"https:\/\/com.rst-steel.eu\/nb\/wp-json\/wp\/v2\/product_brand?post=39381"},{"taxonomy":"product_cat","embeddable":true,"href":"https:\/\/com.rst-steel.eu\/nb\/wp-json\/wp\/v2\/product_cat?post=39381"},{"taxonomy":"product_tag","embeddable":true,"href":"https:\/\/com.rst-steel.eu\/nb\/wp-json\/wp\/v2\/product_tag?post=39381"}],"curies":[{"name":"wp","href":"https:\/\/api.w.org\/{rel}","templated":true}]}}