{"id":39318,"date":"2023-06-02T11:37:43","date_gmt":"2023-06-02T08:37:43","guid":{"rendered":"https:\/\/rst-steel.com\/product\/bull-bar-freeway-scania-nextgen-2017-_prm_66057\/"},"modified":"2026-03-16T09:15:30","modified_gmt":"2026-03-16T06:15:30","slug":"scania-nextgen-r-s-bull-bar-freeway-v02_prm_66057","status":"publish","type":"product","link":"https:\/\/com.rst-steel.eu\/nb\/produkt\/scania-nextgen-r-s-bull-bar-freeway-v02_prm_66057\/","title":{"rendered":"Scania NextGen R\/S Bull Bar Freeway V02 (not for a road use)"},"content":{"rendered":"<div><strong>This bullbar is not ECE-approved and is intended for show or offroad use only. Not permitted for use on public roads.<\/strong><\/div>\n<ul>\n<li><\/li>\n<\/ul>\n<div><span style=\"font-weight: bold;\">Egenskaper:<\/span><\/div>\n<ul>\n<li><span style=\"font-weight: bold;\">Kompatibilitet<\/span>: Fits Scania NextGen R\/S models with a big or medium bumper from 2017 onwards.<\/li>\n<li><span style=\"font-weight: bold;\">Holdbarhet<\/span>: Made from high-quality stainless steel, built to withstand the toughest conditions.<\/li>\n<li><span style=\"font-weight: bold;\">Enkel installasjon<\/span>: Includes installation instructions and hardware, allowing you to install the bull bar yourself.<\/li>\n<li><span style=\"font-weight: bold;\">Stylish Design:<\/span>\u00a0Gives your truck a modern and dynamic appearance. Its sleek design and polished or painted steel finish make your truck stand out and look impressive.<\/li>\n<li><span style=\"font-weight: bold;\">Maksimal beskyttelse:<\/span> The bull bar provides effective protection for the front of your vehicle, safeguarding it from collisions and damage. This reduces the risk of repairs and keeps your truck performing at its best for years to come.<\/li>\n<li><\/li>\n<\/ul>\n<p>RST-Steel&#8217;s Bull bars are high-quality products\u00a0<span style=\"font-weight: bold;\">made in Finland<\/span>\u00a0av rustfritt st\u00e5l<\/p>\n<p>This high-quality bull bar is designed to provide maximum protection and durability, while also adding a touch of elegance and prestige to your vehicle.<\/p>\n<ul>\n<li><\/li>\n<\/ul>\n<p>En frontbekytter beskytter fronten av kj\u00f8ret\u00f8yet i potensielle kollisjonssituasjoner. Den gir lastebilen et robust og stilig utseende som tiltrekker seg oppmerksomhet og gj\u00f8r at du og bedriften din skiller dere ut.<\/p>\n<p><strong>The bull bar is designed for quick and easy removal, making maintenance fast and efficient.<\/strong><\/p>\n<ul>\n<li><\/li>\n<\/ul>\n<p><span style=\"font-weight: bold;\">Hvorfor velge RST-Steel?<\/span><\/p>\n<ul>\n<li><span style=\"font-weight: bold;\">Laget in Finalnd<\/span>\u00a0Alle v\u00e5re produkter produseres i v\u00e5rt eget produksjonsanlegg i Nivala, Finland.<\/li>\n<li><span style=\"font-weight: bold;\">P\u00e5litelighet<\/span>: Mange \u00e5rs erfaring og ekspertise for h\u00f8y kvalitet og holdbarhet hos v\u00e5re produkter.<\/li>\n<li><span style=\"font-weight: bold;\">Kundetilfredshet:<\/span>\u00a0Tusenvis av forn\u00f8yde kunder over hele verden stoler p\u00e5 RST-Steel-produkter.<\/li>\n<li><\/li>\n<\/ul>\n<p><span style=\"font-weight: bold;\">Teknisk informasjon:<\/span><\/p>\n<ul>\n<li>Farge: Polert rustfritt st\u00e5l eller pulverlakkert med RAL-farger<\/li>\n<li>R\u00f8rdiameter: 76 mm \/ 60 mm<\/li>\n<li><\/li>\n<\/ul>\n<p><a href=\"https:\/\/www.youtube.com\/watch?v=G2FVajPh-pM\"><strong>BULLBAR WIRING KIT INSTALLATION VIDEO IS HERE<\/strong><\/a><\/p>\n<p><span style=\"font-weight: bold;\">Innhold i leveransen:<\/span><\/p>\n<ul>\n<li>Frontbeskytter<\/li>\n<li>Festemidler som kreves for installasjon<\/li>\n<li>Installasjonsinstruksjoner<\/li>\n<li><\/li>\n<\/ul>\n<p><strong>Installasjonstid:<\/strong><\/p>\n<ul>\n<li>1 hour without the electrical connections<\/li>\n<\/ul>","protected":false},"excerpt":{"rendered":"<p><span style=\"font-weight: bold;\">NextGen R\/S models with a big or medium bumper!<\/span><\/p>","protected":false},"featured_media":119707,"comment_status":"open","ping_status":"closed","template":"","meta":{"_improvement_type_select":"improve_an_existing","_thumb_yes_seoaic":false,"_frame_yes_seoaic":false,"seoaic_generate_description":"","seoaic_improve_instructions_prompt":"","seoaic_rollback_content_improvement":"","seoaic_idea_thumbnail_generator":"","thumbnail_generated":false,"thumbnail_generate_prompt":"","seoaic_article_description":""},"make_fuel_type":[],"make_model":[5620,5623],"make_brand":[3744],"make_year":[3748],"pwb-brand":[8334],"product_brand":[],"product_cat":[6280,7157],"product_tag":[8487,6683,8488,8494],"class_list":{"0":"post-39318","1":"product","2":"type-product","3":"status-publish","4":"has-post-thumbnail","6":"make_engine-daycab-low-cr","7":"make_engine-daycab-normal-cr","8":"make_engine-sleepercab-highline-cr","9":"make_engine-sleepercab-highline-cs","10":"make_engine-sleepercab-low-cr","11":"make_engine-sleepercab-normal-cr","12":"make_engine-sleepercab-normal-cs","13":"make_model-nextgen-r-2017","14":"make_model-nextgen-s-2017","15":"make_brand-scania","16":"make_year-trucks","17":"pwb-brand-brand_rststeel","18":"product_cat-bullbars","19":"product_cat-scania-ka-kk","20":"product_tag-bullbar-freeway","21":"product_tag-frontskydd","22":"product_tag-scania","23":"product_tag-scania-nextgen","24":"product_shipping_class-bullbars","26":"first","27":"instock","28":"taxable","29":"shipping-taxable","30":"purchasable","31":"product-type-variable"},"yoast_head":"<!-- This site is optimized with the Yoast SEO plugin v25.7 - https:\/\/yoast.com\/wordpress\/plugins\/seo\/ -->\n<title>Scania NextGen R\/S Bull Bar Freeway V02 (not for a road use) RST-Steel<\/title>\n<meta name=\"description\" content=\"Bull Bar Freeway Scania NextGen R\/S 2017- models. Several model options available! Check out the products in our online store!\" \/>\n<meta name=\"robots\" content=\"index, follow, max-snippet:-1, max-image-preview:large, max-video-preview:-1\" \/>\n<link rel=\"canonical\" href=\"https:\/\/com.rst-steel.eu\/nb\/produkt\/scania-nextgen-r-s-bull-bar-freeway-v02_prm_66057\/\" \/>\n<meta property=\"og:locale\" content=\"nb_NO\" \/>\n<meta property=\"og:type\" content=\"article\" \/>\n<meta property=\"og:title\" content=\"Scania NextGen R\/S Bull Bar Freeway V02 (not for a road use) RST-Steel\" \/>\n<meta property=\"og:description\" content=\"Bull Bar Freeway Scania NextGen R\/S 2017- models. Several model options available! Check out the products in our online store!\" \/>\n<meta property=\"og:url\" content=\"https:\/\/com.rst-steel.eu\/nb\/produkt\/scania-nextgen-r-s-bull-bar-freeway-v02_prm_66057\/\" \/>\n<meta property=\"og:site_name\" content=\"RST-Steel\" \/>\n<meta property=\"article:publisher\" content=\"https:\/\/www.facebook.com\/rststeel\" \/>\n<meta property=\"article:modified_time\" content=\"2026-03-16T06:15:30+00:00\" \/>\n<meta property=\"og:image\" content=\"https:\/\/com.rst-steel.eu\/wp-content\/uploads\/2025\/11\/f61e0948be47823f985b4bd733206507db99931d_SC0102_web.jpg\" \/>\n\t<meta property=\"og:image:width\" content=\"1024\" \/>\n\t<meta property=\"og:image:height\" content=\"1024\" \/>\n\t<meta property=\"og:image:type\" content=\"image\/jpeg\" \/>\n<meta name=\"twitter:card\" content=\"summary_large_image\" \/>\n<meta name=\"twitter:label1\" content=\"Ansl. lesetid\" \/>\n\t<meta name=\"twitter:data1\" content=\"2 minutter\" \/>\n<script type=\"application\/ld+json\" class=\"yoast-schema-graph\">{\"@context\":\"https:\/\/schema.org\",\"@graph\":[{\"@type\":\"WebPage\",\"@id\":\"https:\/\/com.rst-steel.eu\/sv\/produkt\/scania-nextgen-r-s-bull-bar-freeway-v02_prm_66057\/\",\"url\":\"https:\/\/com.rst-steel.eu\/sv\/produkt\/scania-nextgen-r-s-bull-bar-freeway-v02_prm_66057\/\",\"name\":\"Scania NextGen R\/S Bull Bar Freeway V02 (not for a road use) RST-Steel\",\"isPartOf\":{\"@id\":\"https:\/\/com.rst-steel.eu\/#website\"},\"primaryImageOfPage\":{\"@id\":\"https:\/\/com.rst-steel.eu\/sv\/produkt\/scania-nextgen-r-s-bull-bar-freeway-v02_prm_66057\/#primaryimage\"},\"image\":{\"@id\":\"https:\/\/com.rst-steel.eu\/sv\/produkt\/scania-nextgen-r-s-bull-bar-freeway-v02_prm_66057\/#primaryimage\"},\"thumbnailUrl\":\"https:\/\/com.rst-steel.eu\/wp-content\/uploads\/2025\/11\/f61e0948be47823f985b4bd733206507db99931d_SC0102_web.jpg\",\"datePublished\":\"2023-06-02T08:37:43+00:00\",\"dateModified\":\"2026-03-16T06:15:30+00:00\",\"description\":\"Bull Bar Freeway Scania NextGen R\/S 2017- models. Several model options available! Check out the products in our online store!\",\"breadcrumb\":{\"@id\":\"https:\/\/com.rst-steel.eu\/sv\/produkt\/scania-nextgen-r-s-bull-bar-freeway-v02_prm_66057\/#breadcrumb\"},\"inLanguage\":\"nb-NO\",\"potentialAction\":[{\"@type\":\"ReadAction\",\"target\":[\"https:\/\/com.rst-steel.eu\/sv\/produkt\/scania-nextgen-r-s-bull-bar-freeway-v02_prm_66057\/\"]}]},{\"@type\":\"ImageObject\",\"inLanguage\":\"nb-NO\",\"@id\":\"https:\/\/com.rst-steel.eu\/sv\/produkt\/scania-nextgen-r-s-bull-bar-freeway-v02_prm_66057\/#primaryimage\",\"url\":\"https:\/\/com.rst-steel.eu\/wp-content\/uploads\/2025\/11\/f61e0948be47823f985b4bd733206507db99931d_SC0102_web.jpg\",\"contentUrl\":\"https:\/\/com.rst-steel.eu\/wp-content\/uploads\/2025\/11\/f61e0948be47823f985b4bd733206507db99931d_SC0102_web.jpg\",\"width\":1024,\"height\":1024,\"caption\":\"Scania NextGen R\/S Bull Bar Freeway V02\"},{\"@type\":\"BreadcrumbList\",\"@id\":\"https:\/\/com.rst-steel.eu\/sv\/produkt\/scania-nextgen-r-s-bull-bar-freeway-v02_prm_66057\/#breadcrumb\",\"itemListElement\":[{\"@type\":\"ListItem\",\"position\":1,\"name\":\"Home\",\"item\":\"https:\/\/com.rst-steel.eu\/\"},{\"@type\":\"ListItem\",\"position\":2,\"name\":\"RST-Steel Shop\",\"item\":\"https:\/\/com.rst-steel.eu\/shop\/\"},{\"@type\":\"ListItem\",\"position\":3,\"name\":\"Scania NextGen R\/S Bull Bar Freeway V02 (not for a road use)\"}]},{\"@type\":\"WebSite\",\"@id\":\"https:\/\/com.rst-steel.eu\/#website\",\"url\":\"https:\/\/com.rst-steel.eu\/\",\"name\":\"RST-Steel.com\",\"description\":\"Finnish quality steel, for quality-conscious drivers\",\"publisher\":{\"@id\":\"https:\/\/com.rst-steel.eu\/#organization\"},\"alternateName\":\"Safe and stylish RST-Steel quality\",\"potentialAction\":[{\"@type\":\"SearchAction\",\"target\":{\"@type\":\"EntryPoint\",\"urlTemplate\":\"https:\/\/com.rst-steel.eu\/?s={search_term_string}\"},\"query-input\":{\"@type\":\"PropertyValueSpecification\",\"valueRequired\":true,\"valueName\":\"search_term_string\"}}],\"inLanguage\":\"nb-NO\"},{\"@type\":\"Organization\",\"@id\":\"https:\/\/com.rst-steel.eu\/#organization\",\"name\":\"RST-Steel Oy\",\"url\":\"https:\/\/com.rst-steel.eu\/\",\"logo\":{\"@type\":\"ImageObject\",\"inLanguage\":\"nb-NO\",\"@id\":\"https:\/\/com.rst-steel.eu\/#\/schema\/logo\/image\/\",\"url\":\"https:\/\/com.rst-steel.eu\/wp-content\/uploads\/2023\/04\/cropped-Rst-logo-valkoinen-teksti-3.png\",\"contentUrl\":\"https:\/\/com.rst-steel.eu\/wp-content\/uploads\/2023\/04\/cropped-Rst-logo-valkoinen-teksti-3.png\",\"width\":512,\"height\":115,\"caption\":\"RST-Steel Oy\"},\"image\":{\"@id\":\"https:\/\/com.rst-steel.eu\/#\/schema\/logo\/image\/\"},\"sameAs\":[\"https:\/\/www.facebook.com\/rststeel\",\"https:\/\/www.instagram.com\/rststeeloy\/\"]}]}<\/script>\n<!-- \/ Yoast SEO plugin. -->","yoast_head_json":{"title":"Scania NextGen R\/S Bull Bar Freeway V02 (not for a road use) RST-Steel","description":"Bull Bar Freeway Scania NextGen R\/S 2017- models. Several model options available! Check out the products in our online store!","robots":{"index":"index","follow":"follow","max-snippet":"max-snippet:-1","max-image-preview":"max-image-preview:large","max-video-preview":"max-video-preview:-1"},"canonical":"https:\/\/com.rst-steel.eu\/nb\/produkt\/scania-nextgen-r-s-bull-bar-freeway-v02_prm_66057\/","og_locale":"nb_NO","og_type":"article","og_title":"Scania NextGen R\/S Bull Bar Freeway V02 (not for a road use) RST-Steel","og_description":"Bull Bar Freeway Scania NextGen R\/S 2017- models. Several model options available! Check out the products in our online store!","og_url":"https:\/\/com.rst-steel.eu\/nb\/produkt\/scania-nextgen-r-s-bull-bar-freeway-v02_prm_66057\/","og_site_name":"RST-Steel","article_publisher":"https:\/\/www.facebook.com\/rststeel","article_modified_time":"2026-03-16T06:15:30+00:00","og_image":[{"width":1024,"height":1024,"url":"https:\/\/com.rst-steel.eu\/wp-content\/uploads\/2025\/11\/f61e0948be47823f985b4bd733206507db99931d_SC0102_web.jpg","type":"image\/jpeg"}],"twitter_card":"summary_large_image","twitter_misc":{"Ansl. lesetid":"2 minutter"},"schema":{"@context":"https:\/\/schema.org","@graph":[{"@type":"WebPage","@id":"https:\/\/com.rst-steel.eu\/sv\/produkt\/scania-nextgen-r-s-bull-bar-freeway-v02_prm_66057\/","url":"https:\/\/com.rst-steel.eu\/sv\/produkt\/scania-nextgen-r-s-bull-bar-freeway-v02_prm_66057\/","name":"Scania NextGen R\/S Bull Bar Freeway V02 (not for a road use) RST-Steel","isPartOf":{"@id":"https:\/\/com.rst-steel.eu\/#website"},"primaryImageOfPage":{"@id":"https:\/\/com.rst-steel.eu\/sv\/produkt\/scania-nextgen-r-s-bull-bar-freeway-v02_prm_66057\/#primaryimage"},"image":{"@id":"https:\/\/com.rst-steel.eu\/sv\/produkt\/scania-nextgen-r-s-bull-bar-freeway-v02_prm_66057\/#primaryimage"},"thumbnailUrl":"https:\/\/com.rst-steel.eu\/wp-content\/uploads\/2025\/11\/f61e0948be47823f985b4bd733206507db99931d_SC0102_web.jpg","datePublished":"2023-06-02T08:37:43+00:00","dateModified":"2026-03-16T06:15:30+00:00","description":"Bull Bar Freeway Scania NextGen R\/S 2017- models. Several model options available! Check out the products in our online store!","breadcrumb":{"@id":"https:\/\/com.rst-steel.eu\/sv\/produkt\/scania-nextgen-r-s-bull-bar-freeway-v02_prm_66057\/#breadcrumb"},"inLanguage":"nb-NO","potentialAction":[{"@type":"ReadAction","target":["https:\/\/com.rst-steel.eu\/sv\/produkt\/scania-nextgen-r-s-bull-bar-freeway-v02_prm_66057\/"]}]},{"@type":"ImageObject","inLanguage":"nb-NO","@id":"https:\/\/com.rst-steel.eu\/sv\/produkt\/scania-nextgen-r-s-bull-bar-freeway-v02_prm_66057\/#primaryimage","url":"https:\/\/com.rst-steel.eu\/wp-content\/uploads\/2025\/11\/f61e0948be47823f985b4bd733206507db99931d_SC0102_web.jpg","contentUrl":"https:\/\/com.rst-steel.eu\/wp-content\/uploads\/2025\/11\/f61e0948be47823f985b4bd733206507db99931d_SC0102_web.jpg","width":1024,"height":1024,"caption":"Scania NextGen R\/S Bull Bar Freeway V02"},{"@type":"BreadcrumbList","@id":"https:\/\/com.rst-steel.eu\/sv\/produkt\/scania-nextgen-r-s-bull-bar-freeway-v02_prm_66057\/#breadcrumb","itemListElement":[{"@type":"ListItem","position":1,"name":"Home","item":"https:\/\/com.rst-steel.eu\/"},{"@type":"ListItem","position":2,"name":"RST-Steel Shop","item":"https:\/\/com.rst-steel.eu\/shop\/"},{"@type":"ListItem","position":3,"name":"Scania NextGen R\/S Bull Bar Freeway V02 (not for a road use)"}]},{"@type":"WebSite","@id":"https:\/\/com.rst-steel.eu\/#website","url":"https:\/\/com.rst-steel.eu\/","name":"RST-Steel.com","description":"Finsk kvalitetsst\u00e5l, for kvalitetsbevisste sj\u00e5f\u00f8rer","publisher":{"@id":"https:\/\/com.rst-steel.eu\/#organization"},"alternateName":"Safe and stylish RST-Steel quality","potentialAction":[{"@type":"SearchAction","target":{"@type":"EntryPoint","urlTemplate":"https:\/\/com.rst-steel.eu\/?s={search_term_string}"},"query-input":{"@type":"PropertyValueSpecification","valueRequired":true,"valueName":"search_term_string"}}],"inLanguage":"nb-NO"},{"@type":"Organization","@id":"https:\/\/com.rst-steel.eu\/#organization","name":"RST-Steel Oy","url":"https:\/\/com.rst-steel.eu\/","logo":{"@type":"ImageObject","inLanguage":"nb-NO","@id":"https:\/\/com.rst-steel.eu\/#\/schema\/logo\/image\/","url":"https:\/\/com.rst-steel.eu\/wp-content\/uploads\/2023\/04\/cropped-Rst-logo-valkoinen-teksti-3.png","contentUrl":"https:\/\/com.rst-steel.eu\/wp-content\/uploads\/2023\/04\/cropped-Rst-logo-valkoinen-teksti-3.png","width":512,"height":115,"caption":"RST-Steel Oy"},"image":{"@id":"https:\/\/com.rst-steel.eu\/#\/schema\/logo\/image\/"},"sameAs":["https:\/\/www.facebook.com\/rststeel","https:\/\/www.instagram.com\/rststeeloy\/"]}]}},"brands":[{"id":8334,"name":"RST-Steel","slug":"brand_rststeel"}],"_links":{"self":[{"href":"https:\/\/com.rst-steel.eu\/nb\/wp-json\/wp\/v2\/product\/39318","targetHints":{"allow":["GET"]}}],"collection":[{"href":"https:\/\/com.rst-steel.eu\/nb\/wp-json\/wp\/v2\/product"}],"about":[{"href":"https:\/\/com.rst-steel.eu\/nb\/wp-json\/wp\/v2\/types\/product"}],"replies":[{"embeddable":true,"href":"https:\/\/com.rst-steel.eu\/nb\/wp-json\/wp\/v2\/comments?post=39318"}],"version-history":[{"count":0,"href":"https:\/\/com.rst-steel.eu\/nb\/wp-json\/wp\/v2\/product\/39318\/revisions"}],"wp:featuredmedia":[{"embeddable":true,"href":"https:\/\/com.rst-steel.eu\/nb\/wp-json\/wp\/v2\/media\/119707"}],"wp:attachment":[{"href":"https:\/\/com.rst-steel.eu\/nb\/wp-json\/wp\/v2\/media?parent=39318"}],"wp:term":[{"taxonomy":"make_fuel_type","embeddable":true,"href":"https:\/\/com.rst-steel.eu\/nb\/wp-json\/wp\/v2\/make_fuel_type?post=39318"},{"taxonomy":"make_model","embeddable":true,"href":"https:\/\/com.rst-steel.eu\/nb\/wp-json\/wp\/v2\/make_model?post=39318"},{"taxonomy":"make_brand","embeddable":true,"href":"https:\/\/com.rst-steel.eu\/nb\/wp-json\/wp\/v2\/make_brand?post=39318"},{"taxonomy":"make_year","embeddable":true,"href":"https:\/\/com.rst-steel.eu\/nb\/wp-json\/wp\/v2\/make_year?post=39318"},{"taxonomy":"pwb-brand","embeddable":true,"href":"https:\/\/com.rst-steel.eu\/nb\/wp-json\/wp\/v2\/pwb-brand?post=39318"},{"taxonomy":"product_brand","embeddable":true,"href":"https:\/\/com.rst-steel.eu\/nb\/wp-json\/wp\/v2\/product_brand?post=39318"},{"taxonomy":"product_cat","embeddable":true,"href":"https:\/\/com.rst-steel.eu\/nb\/wp-json\/wp\/v2\/product_cat?post=39318"},{"taxonomy":"product_tag","embeddable":true,"href":"https:\/\/com.rst-steel.eu\/nb\/wp-json\/wp\/v2\/product_tag?post=39318"}],"curies":[{"name":"wp","href":"https:\/\/api.w.org\/{rel}","templated":true}]}}