{"id":39234,"date":"2023-05-25T14:04:04","date_gmt":"2023-05-25T11:04:04","guid":{"rendered":"https:\/\/rst-steel.com\/product\/rear-bar-doosan-dx238lcr-5_prm_69174\/"},"modified":"2026-03-19T11:41:40","modified_gmt":"2026-03-19T08:41:40","slug":"counterweight-bar-doosan-dx238lcr-5_prm_69174","status":"publish","type":"product","link":"https:\/\/com.rst-steel.eu\/nb\/produkt\/counterweight-bar-doosan-dx238lcr-5_prm_69174\/","title":{"rendered":"Counterweight Bar Doosan DX238LCR-5"},"content":{"rendered":"<p><strong>Counterweight Bar Doosan DX238LCR-5<\/strong><\/p>\n<ul>\n<li><\/li>\n<\/ul>\n<p>RST-Steel\u2019s counterweight bars are high-quality products made of stainless steel.<\/p>\n<ul>\n<li><\/li>\n<\/ul>\n<p>The counterweight bars can be equipped with work lights and position lights, which improve your visibility in traffic, and at the same time increase safety for yourself and others in traffic.<\/p>\n<ul>\n<li><\/li>\n<\/ul>\n<p>The counterweight bar has 10 RED LED-position lights at the back and 3 Orange LED-position light on both sides.<\/p>\n<ul>\n<li><\/li>\n<\/ul>\n<p>I tillegg vil en <a href=\"https:\/\/rst-steel.com\/product\/roof-bar-doosan-lcr_prm_63720\/\">takbjelke<\/a> og <a href=\"https:\/\/rst-steel.com\/product\/decorative-bar-doosan-dx238lcr-5_prm_69167\/\">decorative bar<\/a> og <a href=\"https:\/\/rst-steel.com\/product\/side-bars-doosan-dx235lcr-7_pr_72582\/\">side bars<\/a> are available for this excavator<\/p>\n<ul>\n<li><\/li>\n<\/ul>\n<p><strong>Teknisk informasjon:<\/strong><\/p>\n<ul>\n<li>Farge: Polert rustfritt st\u00e5l eller lakkering med RAL-standardfarger<\/li>\n<li>R\u00f8rdiameter: 60 mm<\/li>\n<li>2-delt<\/li>\n<li><\/li>\n<\/ul>\n<p><strong>Innhold i leveransen:<\/strong><\/p>\n<ul>\n<li>Counterweight bar<\/li>\n<li>Festemidler som kreves for installasjon<\/li>\n<li>Installasjonsinstruksjoner<\/li>\n<\/ul>","protected":false},"excerpt":{"rendered":"<p>Flere modellalternativer tilgjengelig!<\/p>","protected":false},"featured_media":39232,"comment_status":"open","ping_status":"closed","template":"","meta":{"_improvement_type_select":"improve_an_existing","_thumb_yes_seoaic":false,"_frame_yes_seoaic":false,"seoaic_generate_description":"","seoaic_improve_instructions_prompt":"","seoaic_rollback_content_improvement":"","seoaic_idea_thumbnail_generator":"","thumbnail_generated":false,"thumbnail_generate_prompt":"","seoaic_article_description":""},"make_fuel_type":[],"make_model":[6630],"make_brand":[6467],"make_year":[6465],"pwb-brand":[8334],"product_brand":[],"product_cat":[6057,6069,7282],"product_tag":[8485],"class_list":{"0":"post-39234","1":"product","2":"type-product","3":"status-publish","4":"has-post-thumbnail","6":"make_model-doosan-develon-excavator","7":"make_brand-doosan","8":"make_year-workmachines","9":"pwb-brand-brand_rststeel","10":"product_cat-lightbars","11":"product_cat-rearbars-for-excavators","12":"product_cat-doosan-vr-kkp","13":"product_tag-motviktsbage","14":"product_shipping_class-lightbars","16":"first","17":"onbackorder","18":"taxable","19":"shipping-taxable","20":"purchasable","21":"product-type-variable"},"yoast_head":"<!-- This site is optimized with the Yoast SEO plugin v25.7 - https:\/\/yoast.com\/wordpress\/plugins\/seo\/ -->\n<title>Counterweight Bar Doosan DX238LCR-5 - RST-Steel<\/title>\n<meta name=\"description\" content=\"Counterweight Bar Doosan DX238LCR-5. Several model options available! Check out the products and order now! RST-Steel&#039;s products are made in Finland!\" \/>\n<meta name=\"robots\" content=\"index, follow, max-snippet:-1, max-image-preview:large, max-video-preview:-1\" \/>\n<link rel=\"canonical\" href=\"https:\/\/com.rst-steel.eu\/nb\/produkt\/counterweight-bar-doosan-dx238lcr-5_prm_69174\/\" \/>\n<meta property=\"og:locale\" content=\"nb_NO\" \/>\n<meta property=\"og:type\" content=\"article\" \/>\n<meta property=\"og:title\" content=\"Counterweight Bar Doosan DX238LCR-5 - RST-Steel\" \/>\n<meta property=\"og:description\" content=\"Counterweight Bar Doosan DX238LCR-5. Several model options available! Check out the products and order now! RST-Steel&#039;s products are made in Finland!\" \/>\n<meta property=\"og:url\" content=\"https:\/\/com.rst-steel.eu\/nb\/produkt\/counterweight-bar-doosan-dx238lcr-5_prm_69174\/\" \/>\n<meta property=\"og:site_name\" content=\"RST-Steel\" \/>\n<meta property=\"article:publisher\" content=\"https:\/\/www.facebook.com\/rststeel\" \/>\n<meta property=\"article:modified_time\" content=\"2026-03-19T08:41:40+00:00\" \/>\n<meta property=\"og:image\" content=\"https:\/\/com.rst-steel.eu\/wp-content\/uploads\/2023\/05\/62c79d4a9d6e669274dd7b9082659516c1354a7b_TDO210_1-2-scaled.jpg\" \/>\n\t<meta property=\"og:image:width\" content=\"2560\" \/>\n\t<meta property=\"og:image:height\" content=\"2048\" \/>\n\t<meta property=\"og:image:type\" content=\"image\/jpeg\" \/>\n<meta name=\"twitter:card\" content=\"summary_large_image\" \/>\n<meta name=\"twitter:label1\" content=\"Ansl. lesetid\" \/>\n\t<meta name=\"twitter:data1\" content=\"1 minutt\" \/>\n<script type=\"application\/ld+json\" class=\"yoast-schema-graph\">{\"@context\":\"https:\/\/schema.org\",\"@graph\":[{\"@type\":\"WebPage\",\"@id\":\"https:\/\/com.rst-steel.eu\/product\/counterweight-bar-doosan-dx238lcr-5_prm_69174\/\",\"url\":\"https:\/\/com.rst-steel.eu\/product\/counterweight-bar-doosan-dx238lcr-5_prm_69174\/\",\"name\":\"Counterweight Bar Doosan DX238LCR-5 - RST-Steel\",\"isPartOf\":{\"@id\":\"https:\/\/com.rst-steel.eu\/#website\"},\"primaryImageOfPage\":{\"@id\":\"https:\/\/com.rst-steel.eu\/product\/counterweight-bar-doosan-dx238lcr-5_prm_69174\/#primaryimage\"},\"image\":{\"@id\":\"https:\/\/com.rst-steel.eu\/product\/counterweight-bar-doosan-dx238lcr-5_prm_69174\/#primaryimage\"},\"thumbnailUrl\":\"https:\/\/com.rst-steel.eu\/wp-content\/uploads\/2023\/05\/62c79d4a9d6e669274dd7b9082659516c1354a7b_TDO210_1-2-scaled.jpg\",\"datePublished\":\"2023-05-25T11:04:04+00:00\",\"dateModified\":\"2026-03-19T08:41:40+00:00\",\"description\":\"Counterweight Bar Doosan DX238LCR-5. Several model options available! Check out the products and order now! RST-Steel's products are made in Finland!\",\"breadcrumb\":{\"@id\":\"https:\/\/com.rst-steel.eu\/product\/counterweight-bar-doosan-dx238lcr-5_prm_69174\/#breadcrumb\"},\"inLanguage\":\"nb-NO\",\"potentialAction\":[{\"@type\":\"ReadAction\",\"target\":[\"https:\/\/com.rst-steel.eu\/product\/counterweight-bar-doosan-dx238lcr-5_prm_69174\/\"]}]},{\"@type\":\"ImageObject\",\"inLanguage\":\"nb-NO\",\"@id\":\"https:\/\/com.rst-steel.eu\/product\/counterweight-bar-doosan-dx238lcr-5_prm_69174\/#primaryimage\",\"url\":\"https:\/\/com.rst-steel.eu\/wp-content\/uploads\/2023\/05\/62c79d4a9d6e669274dd7b9082659516c1354a7b_TDO210_1-2-scaled.jpg\",\"contentUrl\":\"https:\/\/com.rst-steel.eu\/wp-content\/uploads\/2023\/05\/62c79d4a9d6e669274dd7b9082659516c1354a7b_TDO210_1-2-scaled.jpg\",\"width\":2560,\"height\":2048,\"caption\":\"Counterweight Bar Doosan DX238LCR-5\"},{\"@type\":\"BreadcrumbList\",\"@id\":\"https:\/\/com.rst-steel.eu\/product\/counterweight-bar-doosan-dx238lcr-5_prm_69174\/#breadcrumb\",\"itemListElement\":[{\"@type\":\"ListItem\",\"position\":1,\"name\":\"Home\",\"item\":\"https:\/\/com.rst-steel.eu\/\"},{\"@type\":\"ListItem\",\"position\":2,\"name\":\"RST-Steel Shop\",\"item\":\"https:\/\/com.rst-steel.eu\/shop\/\"},{\"@type\":\"ListItem\",\"position\":3,\"name\":\"Counterweight Bar Doosan DX238LCR-5\"}]},{\"@type\":\"WebSite\",\"@id\":\"https:\/\/com.rst-steel.eu\/#website\",\"url\":\"https:\/\/com.rst-steel.eu\/\",\"name\":\"RST-Steel.com\",\"description\":\"Finnish quality steel, for quality-conscious drivers\",\"publisher\":{\"@id\":\"https:\/\/com.rst-steel.eu\/#organization\"},\"alternateName\":\"Safe and stylish RST-Steel quality\",\"potentialAction\":[{\"@type\":\"SearchAction\",\"target\":{\"@type\":\"EntryPoint\",\"urlTemplate\":\"https:\/\/com.rst-steel.eu\/?s={search_term_string}\"},\"query-input\":{\"@type\":\"PropertyValueSpecification\",\"valueRequired\":true,\"valueName\":\"search_term_string\"}}],\"inLanguage\":\"nb-NO\"},{\"@type\":\"Organization\",\"@id\":\"https:\/\/com.rst-steel.eu\/#organization\",\"name\":\"RST-Steel Oy\",\"url\":\"https:\/\/com.rst-steel.eu\/\",\"logo\":{\"@type\":\"ImageObject\",\"inLanguage\":\"nb-NO\",\"@id\":\"https:\/\/com.rst-steel.eu\/#\/schema\/logo\/image\/\",\"url\":\"https:\/\/com.rst-steel.eu\/wp-content\/uploads\/2023\/04\/cropped-Rst-logo-valkoinen-teksti-3.png\",\"contentUrl\":\"https:\/\/com.rst-steel.eu\/wp-content\/uploads\/2023\/04\/cropped-Rst-logo-valkoinen-teksti-3.png\",\"width\":512,\"height\":115,\"caption\":\"RST-Steel Oy\"},\"image\":{\"@id\":\"https:\/\/com.rst-steel.eu\/#\/schema\/logo\/image\/\"},\"sameAs\":[\"https:\/\/www.facebook.com\/rststeel\",\"https:\/\/www.instagram.com\/rststeeloy\/\"]}]}<\/script>\n<!-- \/ Yoast SEO plugin. -->","yoast_head_json":{"title":"Counterweight Bar Doosan DX238LCR-5 - RST-Steel","description":"Counterweight Bar Doosan DX238LCR-5. Several model options available! Check out the products and order now! RST-Steel's products are made in Finland!","robots":{"index":"index","follow":"follow","max-snippet":"max-snippet:-1","max-image-preview":"max-image-preview:large","max-video-preview":"max-video-preview:-1"},"canonical":"https:\/\/com.rst-steel.eu\/nb\/produkt\/counterweight-bar-doosan-dx238lcr-5_prm_69174\/","og_locale":"nb_NO","og_type":"article","og_title":"Counterweight Bar Doosan DX238LCR-5 - RST-Steel","og_description":"Counterweight Bar Doosan DX238LCR-5. Several model options available! Check out the products and order now! RST-Steel's products are made in Finland!","og_url":"https:\/\/com.rst-steel.eu\/nb\/produkt\/counterweight-bar-doosan-dx238lcr-5_prm_69174\/","og_site_name":"RST-Steel","article_publisher":"https:\/\/www.facebook.com\/rststeel","article_modified_time":"2026-03-19T08:41:40+00:00","og_image":[{"width":2560,"height":2048,"url":"https:\/\/com.rst-steel.eu\/wp-content\/uploads\/2023\/05\/62c79d4a9d6e669274dd7b9082659516c1354a7b_TDO210_1-2-scaled.jpg","type":"image\/jpeg"}],"twitter_card":"summary_large_image","twitter_misc":{"Ansl. lesetid":"1 minutt"},"schema":{"@context":"https:\/\/schema.org","@graph":[{"@type":"WebPage","@id":"https:\/\/com.rst-steel.eu\/product\/counterweight-bar-doosan-dx238lcr-5_prm_69174\/","url":"https:\/\/com.rst-steel.eu\/product\/counterweight-bar-doosan-dx238lcr-5_prm_69174\/","name":"Counterweight Bar Doosan DX238LCR-5 - RST-Steel","isPartOf":{"@id":"https:\/\/com.rst-steel.eu\/#website"},"primaryImageOfPage":{"@id":"https:\/\/com.rst-steel.eu\/product\/counterweight-bar-doosan-dx238lcr-5_prm_69174\/#primaryimage"},"image":{"@id":"https:\/\/com.rst-steel.eu\/product\/counterweight-bar-doosan-dx238lcr-5_prm_69174\/#primaryimage"},"thumbnailUrl":"https:\/\/com.rst-steel.eu\/wp-content\/uploads\/2023\/05\/62c79d4a9d6e669274dd7b9082659516c1354a7b_TDO210_1-2-scaled.jpg","datePublished":"2023-05-25T11:04:04+00:00","dateModified":"2026-03-19T08:41:40+00:00","description":"Counterweight Bar Doosan DX238LCR-5. Several model options available! Check out the products and order now! RST-Steel's products are made in Finland!","breadcrumb":{"@id":"https:\/\/com.rst-steel.eu\/product\/counterweight-bar-doosan-dx238lcr-5_prm_69174\/#breadcrumb"},"inLanguage":"nb-NO","potentialAction":[{"@type":"ReadAction","target":["https:\/\/com.rst-steel.eu\/product\/counterweight-bar-doosan-dx238lcr-5_prm_69174\/"]}]},{"@type":"ImageObject","inLanguage":"nb-NO","@id":"https:\/\/com.rst-steel.eu\/product\/counterweight-bar-doosan-dx238lcr-5_prm_69174\/#primaryimage","url":"https:\/\/com.rst-steel.eu\/wp-content\/uploads\/2023\/05\/62c79d4a9d6e669274dd7b9082659516c1354a7b_TDO210_1-2-scaled.jpg","contentUrl":"https:\/\/com.rst-steel.eu\/wp-content\/uploads\/2023\/05\/62c79d4a9d6e669274dd7b9082659516c1354a7b_TDO210_1-2-scaled.jpg","width":2560,"height":2048,"caption":"Counterweight Bar Doosan DX238LCR-5"},{"@type":"BreadcrumbList","@id":"https:\/\/com.rst-steel.eu\/product\/counterweight-bar-doosan-dx238lcr-5_prm_69174\/#breadcrumb","itemListElement":[{"@type":"ListItem","position":1,"name":"Home","item":"https:\/\/com.rst-steel.eu\/"},{"@type":"ListItem","position":2,"name":"RST-Steel Shop","item":"https:\/\/com.rst-steel.eu\/shop\/"},{"@type":"ListItem","position":3,"name":"Counterweight Bar Doosan DX238LCR-5"}]},{"@type":"WebSite","@id":"https:\/\/com.rst-steel.eu\/#website","url":"https:\/\/com.rst-steel.eu\/","name":"RST-Steel.com","description":"Finsk kvalitetsst\u00e5l, for kvalitetsbevisste sj\u00e5f\u00f8rer","publisher":{"@id":"https:\/\/com.rst-steel.eu\/#organization"},"alternateName":"Safe and stylish RST-Steel quality","potentialAction":[{"@type":"SearchAction","target":{"@type":"EntryPoint","urlTemplate":"https:\/\/com.rst-steel.eu\/?s={search_term_string}"},"query-input":{"@type":"PropertyValueSpecification","valueRequired":true,"valueName":"search_term_string"}}],"inLanguage":"nb-NO"},{"@type":"Organization","@id":"https:\/\/com.rst-steel.eu\/#organization","name":"RST-Steel Oy","url":"https:\/\/com.rst-steel.eu\/","logo":{"@type":"ImageObject","inLanguage":"nb-NO","@id":"https:\/\/com.rst-steel.eu\/#\/schema\/logo\/image\/","url":"https:\/\/com.rst-steel.eu\/wp-content\/uploads\/2023\/04\/cropped-Rst-logo-valkoinen-teksti-3.png","contentUrl":"https:\/\/com.rst-steel.eu\/wp-content\/uploads\/2023\/04\/cropped-Rst-logo-valkoinen-teksti-3.png","width":512,"height":115,"caption":"RST-Steel Oy"},"image":{"@id":"https:\/\/com.rst-steel.eu\/#\/schema\/logo\/image\/"},"sameAs":["https:\/\/www.facebook.com\/rststeel","https:\/\/www.instagram.com\/rststeeloy\/"]}]}},"brands":[{"id":8334,"name":"RST-Steel","slug":"brand_rststeel"}],"_links":{"self":[{"href":"https:\/\/com.rst-steel.eu\/nb\/wp-json\/wp\/v2\/product\/39234","targetHints":{"allow":["GET"]}}],"collection":[{"href":"https:\/\/com.rst-steel.eu\/nb\/wp-json\/wp\/v2\/product"}],"about":[{"href":"https:\/\/com.rst-steel.eu\/nb\/wp-json\/wp\/v2\/types\/product"}],"replies":[{"embeddable":true,"href":"https:\/\/com.rst-steel.eu\/nb\/wp-json\/wp\/v2\/comments?post=39234"}],"version-history":[{"count":0,"href":"https:\/\/com.rst-steel.eu\/nb\/wp-json\/wp\/v2\/product\/39234\/revisions"}],"wp:featuredmedia":[{"embeddable":true,"href":"https:\/\/com.rst-steel.eu\/nb\/wp-json\/wp\/v2\/media\/39232"}],"wp:attachment":[{"href":"https:\/\/com.rst-steel.eu\/nb\/wp-json\/wp\/v2\/media?parent=39234"}],"wp:term":[{"taxonomy":"make_fuel_type","embeddable":true,"href":"https:\/\/com.rst-steel.eu\/nb\/wp-json\/wp\/v2\/make_fuel_type?post=39234"},{"taxonomy":"make_model","embeddable":true,"href":"https:\/\/com.rst-steel.eu\/nb\/wp-json\/wp\/v2\/make_model?post=39234"},{"taxonomy":"make_brand","embeddable":true,"href":"https:\/\/com.rst-steel.eu\/nb\/wp-json\/wp\/v2\/make_brand?post=39234"},{"taxonomy":"make_year","embeddable":true,"href":"https:\/\/com.rst-steel.eu\/nb\/wp-json\/wp\/v2\/make_year?post=39234"},{"taxonomy":"pwb-brand","embeddable":true,"href":"https:\/\/com.rst-steel.eu\/nb\/wp-json\/wp\/v2\/pwb-brand?post=39234"},{"taxonomy":"product_brand","embeddable":true,"href":"https:\/\/com.rst-steel.eu\/nb\/wp-json\/wp\/v2\/product_brand?post=39234"},{"taxonomy":"product_cat","embeddable":true,"href":"https:\/\/com.rst-steel.eu\/nb\/wp-json\/wp\/v2\/product_cat?post=39234"},{"taxonomy":"product_tag","embeddable":true,"href":"https:\/\/com.rst-steel.eu\/nb\/wp-json\/wp\/v2\/product_tag?post=39234"}],"curies":[{"name":"wp","href":"https:\/\/api.w.org\/{rel}","templated":true}]}}