{"id":39200,"date":"2023-05-25T11:57:25","date_gmt":"2023-05-25T08:57:25","guid":{"rendered":"https:\/\/rst-steel.com\/product\/rear-bar-volvo-ec-380el_prm_65613\/"},"modified":"2026-03-19T11:48:24","modified_gmt":"2026-03-19T08:48:24","slug":"rear-bar-volvo-ec380el-2014-_prm_65613","status":"publish","type":"product","link":"https:\/\/com.rst-steel.eu\/nb\/produkt\/rear-bar-volvo-ec380el-2014-_prm_65613\/","title":{"rendered":"Counterweight Bar Volvo EC380EL 2014-"},"content":{"rendered":"<p><strong>Counterweight Bar Volvo EC380EL 2014-<\/strong><\/p>\n<ul>\n<li><span style=\"font-weight: bold;\">\u00a0<\/span><\/li>\n<\/ul>\n<p>RST-Steel\u2019s counterweight bars are high-quality products made of stainless steel.<\/p>\n<p>The counterweight bars can be equipped with work lights and position lights, which improve your visibility in traffic, and at the same time increase safety for yourself and others in traffic.<\/p>\n<p>&nbsp;<\/p>\n<p><span style=\"font-weight: bold;\">Teknisk informasjon:<\/span><\/p>\n<ul>\n<li>Farge: Polert rustfritt st\u00e5l<\/li>\n<li>R\u00f8rdiameter: 60 mm<\/li>\n<li>4 pcs. welded lamp brackets<\/li>\n<\/ul>\n<p>&nbsp;<\/p>\n<p><span style=\"font-weight: bold;\">Innhold i leveransen:<\/span><\/p>\n<ul>\n<li>Counterweight bar<\/li>\n<li>Festemidler som kreves for installasjon<\/li>\n<li>Installasjonsinstruksjoner<\/li>\n<\/ul>","protected":false},"excerpt":{"rendered":"<p>Flere modellalternativer tilgjengelig!<\/p>","protected":false},"featured_media":39199,"comment_status":"open","ping_status":"closed","template":"","meta":{"_improvement_type_select":"improve_an_existing","_thumb_yes_seoaic":false,"_frame_yes_seoaic":false,"seoaic_generate_description":"","seoaic_improve_instructions_prompt":"","seoaic_rollback_content_improvement":"","seoaic_idea_thumbnail_generator":"","thumbnail_generated":false,"thumbnail_generate_prompt":"","seoaic_article_description":""},"make_fuel_type":[],"make_model":[6627],"make_brand":[6533],"make_year":[6465],"pwb-brand":[8334],"product_brand":[],"product_cat":[6057,6069,7283],"product_tag":[8485,8484,8483],"class_list":{"0":"post-39200","1":"product","2":"type-product","3":"status-publish","4":"has-post-thumbnail","6":"make_model-volvo-excavators","7":"make_brand-volvo-workmachines","8":"make_year-workmachines","9":"pwb-brand-brand_rststeel","10":"product_cat-lightbars","11":"product_cat-rearbars-for-excavators","12":"product_cat-volvo-vr-kkp","13":"product_tag-motviktsbage","14":"product_tag-volvo-motviktsbage","15":"product_tag-volvo-rear-bar","16":"product_shipping_class-lightbars","18":"first","19":"onbackorder","20":"taxable","21":"shipping-taxable","22":"purchasable","23":"product-type-variable"},"yoast_head":"<!-- This site is optimized with the Yoast SEO plugin v25.7 - https:\/\/yoast.com\/wordpress\/plugins\/seo\/ -->\n<title>Counterweight Bar Volvo EC380EL 2014- RST-Steel<\/title>\n<meta name=\"description\" content=\"Counterweight Bar Volvo EC380EL 2014-. Several model options available! Check out the products and order now! RST-Steel&#039;s products are made in Finland!\" \/>\n<meta name=\"robots\" content=\"index, follow, max-snippet:-1, max-image-preview:large, max-video-preview:-1\" \/>\n<link rel=\"canonical\" href=\"https:\/\/com.rst-steel.eu\/nb\/produkt\/rear-bar-volvo-ec380el-2014-_prm_65613\/\" \/>\n<meta property=\"og:locale\" content=\"nb_NO\" \/>\n<meta property=\"og:type\" content=\"article\" \/>\n<meta property=\"og:title\" content=\"Counterweight Bar Volvo EC380EL 2014- RST-Steel\" \/>\n<meta property=\"og:description\" content=\"Counterweight Bar Volvo EC380EL 2014-. Several model options available! Check out the products and order now! RST-Steel&#039;s products are made in Finland!\" \/>\n<meta property=\"og:url\" content=\"https:\/\/com.rst-steel.eu\/nb\/produkt\/rear-bar-volvo-ec380el-2014-_prm_65613\/\" \/>\n<meta property=\"og:site_name\" content=\"RST-Steel\" \/>\n<meta property=\"article:publisher\" content=\"https:\/\/www.facebook.com\/rststeel\" \/>\n<meta property=\"article:modified_time\" content=\"2026-03-19T08:48:24+00:00\" \/>\n<meta property=\"og:image\" content=\"https:\/\/com.rst-steel.eu\/wp-content\/uploads\/2023\/05\/a3f7f61f506ac5c8deaa8a8d2847bc331da8bae3_ValotelineperapuntinpaalleVolvoEC380EL_TVO214A_d08d04c7a91aeb0d35c5fa1bd9bb1e44_1-2.jpg\" \/>\n\t<meta property=\"og:image:width\" content=\"780\" \/>\n\t<meta property=\"og:image:height\" content=\"320\" \/>\n\t<meta property=\"og:image:type\" content=\"image\/jpeg\" \/>\n<meta name=\"twitter:card\" content=\"summary_large_image\" \/>\n<meta name=\"twitter:label1\" content=\"Ansl. lesetid\" \/>\n\t<meta name=\"twitter:data1\" content=\"1 minutt\" \/>\n<script type=\"application\/ld+json\" class=\"yoast-schema-graph\">{\"@context\":\"https:\/\/schema.org\",\"@graph\":[{\"@type\":\"WebPage\",\"@id\":\"https:\/\/com.rst-steel.eu\/product\/rear-bar-volvo-ec380el-2014-_prm_65613\/\",\"url\":\"https:\/\/com.rst-steel.eu\/product\/rear-bar-volvo-ec380el-2014-_prm_65613\/\",\"name\":\"Counterweight Bar Volvo EC380EL 2014- RST-Steel\",\"isPartOf\":{\"@id\":\"https:\/\/com.rst-steel.eu\/#website\"},\"primaryImageOfPage\":{\"@id\":\"https:\/\/com.rst-steel.eu\/product\/rear-bar-volvo-ec380el-2014-_prm_65613\/#primaryimage\"},\"image\":{\"@id\":\"https:\/\/com.rst-steel.eu\/product\/rear-bar-volvo-ec380el-2014-_prm_65613\/#primaryimage\"},\"thumbnailUrl\":\"https:\/\/com.rst-steel.eu\/wp-content\/uploads\/2023\/05\/a3f7f61f506ac5c8deaa8a8d2847bc331da8bae3_ValotelineperapuntinpaalleVolvoEC380EL_TVO214A_d08d04c7a91aeb0d35c5fa1bd9bb1e44_1-2.jpg\",\"datePublished\":\"2023-05-25T08:57:25+00:00\",\"dateModified\":\"2026-03-19T08:48:24+00:00\",\"description\":\"Counterweight Bar Volvo EC380EL 2014-. Several model options available! Check out the products and order now! RST-Steel's products are made in Finland!\",\"breadcrumb\":{\"@id\":\"https:\/\/com.rst-steel.eu\/product\/rear-bar-volvo-ec380el-2014-_prm_65613\/#breadcrumb\"},\"inLanguage\":\"nb-NO\",\"potentialAction\":[{\"@type\":\"ReadAction\",\"target\":[\"https:\/\/com.rst-steel.eu\/product\/rear-bar-volvo-ec380el-2014-_prm_65613\/\"]}]},{\"@type\":\"ImageObject\",\"inLanguage\":\"nb-NO\",\"@id\":\"https:\/\/com.rst-steel.eu\/product\/rear-bar-volvo-ec380el-2014-_prm_65613\/#primaryimage\",\"url\":\"https:\/\/com.rst-steel.eu\/wp-content\/uploads\/2023\/05\/a3f7f61f506ac5c8deaa8a8d2847bc331da8bae3_ValotelineperapuntinpaalleVolvoEC380EL_TVO214A_d08d04c7a91aeb0d35c5fa1bd9bb1e44_1-2.jpg\",\"contentUrl\":\"https:\/\/com.rst-steel.eu\/wp-content\/uploads\/2023\/05\/a3f7f61f506ac5c8deaa8a8d2847bc331da8bae3_ValotelineperapuntinpaalleVolvoEC380EL_TVO214A_d08d04c7a91aeb0d35c5fa1bd9bb1e44_1-2.jpg\",\"width\":780,\"height\":320,\"caption\":\"Counterweight Bar Volvo EC380EL 2014-\"},{\"@type\":\"BreadcrumbList\",\"@id\":\"https:\/\/com.rst-steel.eu\/product\/rear-bar-volvo-ec380el-2014-_prm_65613\/#breadcrumb\",\"itemListElement\":[{\"@type\":\"ListItem\",\"position\":1,\"name\":\"Home\",\"item\":\"https:\/\/com.rst-steel.eu\/\"},{\"@type\":\"ListItem\",\"position\":2,\"name\":\"RST-Steel Shop\",\"item\":\"https:\/\/com.rst-steel.eu\/shop\/\"},{\"@type\":\"ListItem\",\"position\":3,\"name\":\"Counterweight Bar Volvo EC380EL 2014-\"}]},{\"@type\":\"WebSite\",\"@id\":\"https:\/\/com.rst-steel.eu\/#website\",\"url\":\"https:\/\/com.rst-steel.eu\/\",\"name\":\"RST-Steel.com\",\"description\":\"Finnish quality steel, for quality-conscious drivers\",\"publisher\":{\"@id\":\"https:\/\/com.rst-steel.eu\/#organization\"},\"alternateName\":\"Safe and stylish RST-Steel quality\",\"potentialAction\":[{\"@type\":\"SearchAction\",\"target\":{\"@type\":\"EntryPoint\",\"urlTemplate\":\"https:\/\/com.rst-steel.eu\/?s={search_term_string}\"},\"query-input\":{\"@type\":\"PropertyValueSpecification\",\"valueRequired\":true,\"valueName\":\"search_term_string\"}}],\"inLanguage\":\"nb-NO\"},{\"@type\":\"Organization\",\"@id\":\"https:\/\/com.rst-steel.eu\/#organization\",\"name\":\"RST-Steel Oy\",\"url\":\"https:\/\/com.rst-steel.eu\/\",\"logo\":{\"@type\":\"ImageObject\",\"inLanguage\":\"nb-NO\",\"@id\":\"https:\/\/com.rst-steel.eu\/#\/schema\/logo\/image\/\",\"url\":\"https:\/\/com.rst-steel.eu\/wp-content\/uploads\/2023\/04\/cropped-Rst-logo-valkoinen-teksti-3.png\",\"contentUrl\":\"https:\/\/com.rst-steel.eu\/wp-content\/uploads\/2023\/04\/cropped-Rst-logo-valkoinen-teksti-3.png\",\"width\":512,\"height\":115,\"caption\":\"RST-Steel Oy\"},\"image\":{\"@id\":\"https:\/\/com.rst-steel.eu\/#\/schema\/logo\/image\/\"},\"sameAs\":[\"https:\/\/www.facebook.com\/rststeel\",\"https:\/\/www.instagram.com\/rststeeloy\/\"]}]}<\/script>\n<!-- \/ Yoast SEO plugin. -->","yoast_head_json":{"title":"Counterweight Bar Volvo EC380EL 2014- RST-Steel","description":"Counterweight Bar Volvo EC380EL 2014-. Several model options available! Check out the products and order now! RST-Steel's products are made in Finland!","robots":{"index":"index","follow":"follow","max-snippet":"max-snippet:-1","max-image-preview":"max-image-preview:large","max-video-preview":"max-video-preview:-1"},"canonical":"https:\/\/com.rst-steel.eu\/nb\/produkt\/rear-bar-volvo-ec380el-2014-_prm_65613\/","og_locale":"nb_NO","og_type":"article","og_title":"Counterweight Bar Volvo EC380EL 2014- RST-Steel","og_description":"Counterweight Bar Volvo EC380EL 2014-. Several model options available! Check out the products and order now! RST-Steel's products are made in Finland!","og_url":"https:\/\/com.rst-steel.eu\/nb\/produkt\/rear-bar-volvo-ec380el-2014-_prm_65613\/","og_site_name":"RST-Steel","article_publisher":"https:\/\/www.facebook.com\/rststeel","article_modified_time":"2026-03-19T08:48:24+00:00","og_image":[{"width":780,"height":320,"url":"https:\/\/com.rst-steel.eu\/wp-content\/uploads\/2023\/05\/a3f7f61f506ac5c8deaa8a8d2847bc331da8bae3_ValotelineperapuntinpaalleVolvoEC380EL_TVO214A_d08d04c7a91aeb0d35c5fa1bd9bb1e44_1-2.jpg","type":"image\/jpeg"}],"twitter_card":"summary_large_image","twitter_misc":{"Ansl. lesetid":"1 minutt"},"schema":{"@context":"https:\/\/schema.org","@graph":[{"@type":"WebPage","@id":"https:\/\/com.rst-steel.eu\/product\/rear-bar-volvo-ec380el-2014-_prm_65613\/","url":"https:\/\/com.rst-steel.eu\/product\/rear-bar-volvo-ec380el-2014-_prm_65613\/","name":"Counterweight Bar Volvo EC380EL 2014- RST-Steel","isPartOf":{"@id":"https:\/\/com.rst-steel.eu\/#website"},"primaryImageOfPage":{"@id":"https:\/\/com.rst-steel.eu\/product\/rear-bar-volvo-ec380el-2014-_prm_65613\/#primaryimage"},"image":{"@id":"https:\/\/com.rst-steel.eu\/product\/rear-bar-volvo-ec380el-2014-_prm_65613\/#primaryimage"},"thumbnailUrl":"https:\/\/com.rst-steel.eu\/wp-content\/uploads\/2023\/05\/a3f7f61f506ac5c8deaa8a8d2847bc331da8bae3_ValotelineperapuntinpaalleVolvoEC380EL_TVO214A_d08d04c7a91aeb0d35c5fa1bd9bb1e44_1-2.jpg","datePublished":"2023-05-25T08:57:25+00:00","dateModified":"2026-03-19T08:48:24+00:00","description":"Counterweight Bar Volvo EC380EL 2014-. Several model options available! Check out the products and order now! RST-Steel's products are made in Finland!","breadcrumb":{"@id":"https:\/\/com.rst-steel.eu\/product\/rear-bar-volvo-ec380el-2014-_prm_65613\/#breadcrumb"},"inLanguage":"nb-NO","potentialAction":[{"@type":"ReadAction","target":["https:\/\/com.rst-steel.eu\/product\/rear-bar-volvo-ec380el-2014-_prm_65613\/"]}]},{"@type":"ImageObject","inLanguage":"nb-NO","@id":"https:\/\/com.rst-steel.eu\/product\/rear-bar-volvo-ec380el-2014-_prm_65613\/#primaryimage","url":"https:\/\/com.rst-steel.eu\/wp-content\/uploads\/2023\/05\/a3f7f61f506ac5c8deaa8a8d2847bc331da8bae3_ValotelineperapuntinpaalleVolvoEC380EL_TVO214A_d08d04c7a91aeb0d35c5fa1bd9bb1e44_1-2.jpg","contentUrl":"https:\/\/com.rst-steel.eu\/wp-content\/uploads\/2023\/05\/a3f7f61f506ac5c8deaa8a8d2847bc331da8bae3_ValotelineperapuntinpaalleVolvoEC380EL_TVO214A_d08d04c7a91aeb0d35c5fa1bd9bb1e44_1-2.jpg","width":780,"height":320,"caption":"Counterweight Bar Volvo EC380EL 2014-"},{"@type":"BreadcrumbList","@id":"https:\/\/com.rst-steel.eu\/product\/rear-bar-volvo-ec380el-2014-_prm_65613\/#breadcrumb","itemListElement":[{"@type":"ListItem","position":1,"name":"Home","item":"https:\/\/com.rst-steel.eu\/"},{"@type":"ListItem","position":2,"name":"RST-Steel Shop","item":"https:\/\/com.rst-steel.eu\/shop\/"},{"@type":"ListItem","position":3,"name":"Counterweight Bar Volvo EC380EL 2014-"}]},{"@type":"WebSite","@id":"https:\/\/com.rst-steel.eu\/#website","url":"https:\/\/com.rst-steel.eu\/","name":"RST-Steel.com","description":"Finsk kvalitetsst\u00e5l, for kvalitetsbevisste sj\u00e5f\u00f8rer","publisher":{"@id":"https:\/\/com.rst-steel.eu\/#organization"},"alternateName":"Safe and stylish RST-Steel quality","potentialAction":[{"@type":"SearchAction","target":{"@type":"EntryPoint","urlTemplate":"https:\/\/com.rst-steel.eu\/?s={search_term_string}"},"query-input":{"@type":"PropertyValueSpecification","valueRequired":true,"valueName":"search_term_string"}}],"inLanguage":"nb-NO"},{"@type":"Organization","@id":"https:\/\/com.rst-steel.eu\/#organization","name":"RST-Steel Oy","url":"https:\/\/com.rst-steel.eu\/","logo":{"@type":"ImageObject","inLanguage":"nb-NO","@id":"https:\/\/com.rst-steel.eu\/#\/schema\/logo\/image\/","url":"https:\/\/com.rst-steel.eu\/wp-content\/uploads\/2023\/04\/cropped-Rst-logo-valkoinen-teksti-3.png","contentUrl":"https:\/\/com.rst-steel.eu\/wp-content\/uploads\/2023\/04\/cropped-Rst-logo-valkoinen-teksti-3.png","width":512,"height":115,"caption":"RST-Steel Oy"},"image":{"@id":"https:\/\/com.rst-steel.eu\/#\/schema\/logo\/image\/"},"sameAs":["https:\/\/www.facebook.com\/rststeel","https:\/\/www.instagram.com\/rststeeloy\/"]}]}},"brands":[{"id":8334,"name":"RST-Steel","slug":"brand_rststeel"}],"_links":{"self":[{"href":"https:\/\/com.rst-steel.eu\/nb\/wp-json\/wp\/v2\/product\/39200","targetHints":{"allow":["GET"]}}],"collection":[{"href":"https:\/\/com.rst-steel.eu\/nb\/wp-json\/wp\/v2\/product"}],"about":[{"href":"https:\/\/com.rst-steel.eu\/nb\/wp-json\/wp\/v2\/types\/product"}],"replies":[{"embeddable":true,"href":"https:\/\/com.rst-steel.eu\/nb\/wp-json\/wp\/v2\/comments?post=39200"}],"version-history":[{"count":0,"href":"https:\/\/com.rst-steel.eu\/nb\/wp-json\/wp\/v2\/product\/39200\/revisions"}],"wp:featuredmedia":[{"embeddable":true,"href":"https:\/\/com.rst-steel.eu\/nb\/wp-json\/wp\/v2\/media\/39199"}],"wp:attachment":[{"href":"https:\/\/com.rst-steel.eu\/nb\/wp-json\/wp\/v2\/media?parent=39200"}],"wp:term":[{"taxonomy":"make_fuel_type","embeddable":true,"href":"https:\/\/com.rst-steel.eu\/nb\/wp-json\/wp\/v2\/make_fuel_type?post=39200"},{"taxonomy":"make_model","embeddable":true,"href":"https:\/\/com.rst-steel.eu\/nb\/wp-json\/wp\/v2\/make_model?post=39200"},{"taxonomy":"make_brand","embeddable":true,"href":"https:\/\/com.rst-steel.eu\/nb\/wp-json\/wp\/v2\/make_brand?post=39200"},{"taxonomy":"make_year","embeddable":true,"href":"https:\/\/com.rst-steel.eu\/nb\/wp-json\/wp\/v2\/make_year?post=39200"},{"taxonomy":"pwb-brand","embeddable":true,"href":"https:\/\/com.rst-steel.eu\/nb\/wp-json\/wp\/v2\/pwb-brand?post=39200"},{"taxonomy":"product_brand","embeddable":true,"href":"https:\/\/com.rst-steel.eu\/nb\/wp-json\/wp\/v2\/product_brand?post=39200"},{"taxonomy":"product_cat","embeddable":true,"href":"https:\/\/com.rst-steel.eu\/nb\/wp-json\/wp\/v2\/product_cat?post=39200"},{"taxonomy":"product_tag","embeddable":true,"href":"https:\/\/com.rst-steel.eu\/nb\/wp-json\/wp\/v2\/product_tag?post=39200"}],"curies":[{"name":"wp","href":"https:\/\/api.w.org\/{rel}","templated":true}]}}