{"id":38252,"date":"2023-04-28T12:17:35","date_gmt":"2023-04-28T09:17:35","guid":{"rendered":"https:\/\/rst-steel.fi-c.seravo.com\/product\/leather-floor-mat-mb-sprinter-2006-2017_prm_69324\/"},"modified":"2026-03-16T09:14:13","modified_gmt":"2026-03-16T06:14:13","slug":"leather-floor-mat-mb-sprinter-2006-2017_prm_69324","status":"publish","type":"product","link":"https:\/\/com.rst-steel.eu\/nb\/produkt\/leather-floor-mat-mb-sprinter-2006-2017_prm_69324\/","title":{"rendered":"Leather Floor Mat MB Sprinter 2006-2017"},"content":{"rendered":"<p>Skinngulvmatte Mercedes-Benz Sprinter 2006-2017<\/p>\n<p><\/p>\n<p>Enkel \u00e5 montere, dekker hele hyttegulvet. Slitesterkt \u00f8ko-l\u00e6r som overflatemateriale.<\/p>\n<p>Holder seg p\u00e5 plass og er lett \u00e5 rengj\u00f8re. Gir bilen et stilig utseende og beskytter mot kulde. Isolerer ogs\u00e5 lydene fra motoren og understellet.<\/p>","protected":false},"excerpt":{"rendered":"<p>Flere fargealternativer tilgjengelig!<\/p>","protected":false},"featured_media":38247,"comment_status":"open","ping_status":"closed","template":"","meta":{"_improvement_type_select":"improve_an_existing","_thumb_yes_seoaic":false,"_frame_yes_seoaic":false,"seoaic_generate_description":"","seoaic_improve_instructions_prompt":"","seoaic_rollback_content_improvement":"","seoaic_idea_thumbnail_generator":"","thumbnail_generated":false,"thumbnail_generate_prompt":"","seoaic_article_description":""},"make_fuel_type":[],"make_model":[6377,6376],"make_brand":[6374],"make_year":[6373],"pwb-brand":[8345],"product_brand":[],"product_cat":[8105,6097,6101],"product_tag":[8490,6611,6610,8486],"class_list":{"0":"post-38252","1":"product","2":"type-product","3":"status-publish","4":"has-post-thumbnail","6":"make_model-w906-facelift-sprinter","7":"make_model-w906-sprinter","8":"make_brand-mb-van","9":"make_year-van","10":"pwb-brand-brand_f-core","11":"product_cat-floormats-mb","12":"product_cat-cabin-inside","13":"product_cat-floor-mats-for-trucks","14":"product_tag-floor-mats","15":"product_tag-mercedes","16":"product_tag-mercedes-benz","17":"product_tag-sprinter","18":"product_shipping_class-lightbars","20":"first","21":"instock","22":"taxable","23":"shipping-taxable","24":"purchasable","25":"product-type-variable"},"yoast_head":"<!-- This site is optimized with the Yoast SEO plugin v25.7 - https:\/\/yoast.com\/wordpress\/plugins\/seo\/ -->\n<title>Leather Floor Mat Mercedes-Benz Sprinter 2006-2017 - RST-Steel<\/title>\n<meta name=\"description\" content=\"Leather Floor Mat Mercedes-Benz Sprinter 2006-2017 models. Several color options available! Check out the products and order now!\" \/>\n<meta name=\"robots\" content=\"index, follow, max-snippet:-1, max-image-preview:large, max-video-preview:-1\" \/>\n<link rel=\"canonical\" href=\"https:\/\/com.rst-steel.eu\/nb\/produkt\/leather-floor-mat-mb-sprinter-2006-2017_prm_69324\/\" \/>\n<meta property=\"og:locale\" content=\"nb_NO\" \/>\n<meta property=\"og:type\" content=\"article\" \/>\n<meta property=\"og:title\" content=\"Leather Floor Mat Mercedes-Benz Sprinter 2006-2017 - RST-Steel\" \/>\n<meta property=\"og:description\" content=\"Leather Floor Mat Mercedes-Benz Sprinter 2006-2017 models. Several color options available! Check out the products and order now!\" \/>\n<meta property=\"og:url\" content=\"https:\/\/com.rst-steel.eu\/nb\/produkt\/leather-floor-mat-mb-sprinter-2006-2017_prm_69324\/\" \/>\n<meta property=\"og:site_name\" content=\"RST-Steel\" \/>\n<meta property=\"article:publisher\" content=\"https:\/\/www.facebook.com\/rststeel\" \/>\n<meta property=\"article:modified_time\" content=\"2026-03-16T06:14:13+00:00\" \/>\n<meta property=\"og:image\" content=\"https:\/\/com.rst-steel.eu\/wp-content\/uploads\/2023\/04\/dd845a7e8bd774e644287b26dac522d995356e35_sprinter_1.jpg\" \/>\n\t<meta property=\"og:image:width\" content=\"1200\" \/>\n\t<meta property=\"og:image:height\" content=\"800\" \/>\n\t<meta property=\"og:image:type\" content=\"image\/jpeg\" \/>\n<meta name=\"twitter:card\" content=\"summary_large_image\" \/>\n<meta name=\"twitter:label1\" content=\"Ansl. lesetid\" \/>\n\t<meta name=\"twitter:data1\" content=\"1 minutt\" \/>\n<script type=\"application\/ld+json\" class=\"yoast-schema-graph\">{\"@context\":\"https:\/\/schema.org\",\"@graph\":[{\"@type\":\"WebPage\",\"@id\":\"https:\/\/com.rst-steel.eu\/nb\/produkt\/leather-floor-mat-mb-sprinter-2006-2017_prm_69324\/\",\"url\":\"https:\/\/com.rst-steel.eu\/nb\/produkt\/leather-floor-mat-mb-sprinter-2006-2017_prm_69324\/\",\"name\":\"Leather Floor Mat Mercedes-Benz Sprinter 2006-2017 - RST-Steel\",\"isPartOf\":{\"@id\":\"https:\/\/com.rst-steel.eu\/#website\"},\"primaryImageOfPage\":{\"@id\":\"https:\/\/com.rst-steel.eu\/nb\/produkt\/leather-floor-mat-mb-sprinter-2006-2017_prm_69324\/#primaryimage\"},\"image\":{\"@id\":\"https:\/\/com.rst-steel.eu\/nb\/produkt\/leather-floor-mat-mb-sprinter-2006-2017_prm_69324\/#primaryimage\"},\"thumbnailUrl\":\"https:\/\/com.rst-steel.eu\/wp-content\/uploads\/2023\/04\/dd845a7e8bd774e644287b26dac522d995356e35_sprinter_1.jpg\",\"datePublished\":\"2023-04-28T09:17:35+00:00\",\"dateModified\":\"2026-03-16T06:14:13+00:00\",\"description\":\"Leather Floor Mat Mercedes-Benz Sprinter 2006-2017 models. Several color options available! Check out the products and order now!\",\"breadcrumb\":{\"@id\":\"https:\/\/com.rst-steel.eu\/nb\/produkt\/leather-floor-mat-mb-sprinter-2006-2017_prm_69324\/#breadcrumb\"},\"inLanguage\":\"nb-NO\",\"potentialAction\":[{\"@type\":\"ReadAction\",\"target\":[\"https:\/\/com.rst-steel.eu\/nb\/produkt\/leather-floor-mat-mb-sprinter-2006-2017_prm_69324\/\"]}]},{\"@type\":\"ImageObject\",\"inLanguage\":\"nb-NO\",\"@id\":\"https:\/\/com.rst-steel.eu\/nb\/produkt\/leather-floor-mat-mb-sprinter-2006-2017_prm_69324\/#primaryimage\",\"url\":\"https:\/\/com.rst-steel.eu\/wp-content\/uploads\/2023\/04\/dd845a7e8bd774e644287b26dac522d995356e35_sprinter_1.jpg\",\"contentUrl\":\"https:\/\/com.rst-steel.eu\/wp-content\/uploads\/2023\/04\/dd845a7e8bd774e644287b26dac522d995356e35_sprinter_1.jpg\",\"width\":1200,\"height\":800,\"caption\":\"Leather Floor Mat MB Sprinter 2006-2017\"},{\"@type\":\"BreadcrumbList\",\"@id\":\"https:\/\/com.rst-steel.eu\/nb\/produkt\/leather-floor-mat-mb-sprinter-2006-2017_prm_69324\/#breadcrumb\",\"itemListElement\":[{\"@type\":\"ListItem\",\"position\":1,\"name\":\"Home\",\"item\":\"https:\/\/com.rst-steel.eu\/\"},{\"@type\":\"ListItem\",\"position\":2,\"name\":\"RST-Steel Shop\",\"item\":\"https:\/\/com.rst-steel.eu\/shop\/\"},{\"@type\":\"ListItem\",\"position\":3,\"name\":\"Leather Floor Mat MB Sprinter 2006-2017\"}]},{\"@type\":\"WebSite\",\"@id\":\"https:\/\/com.rst-steel.eu\/#website\",\"url\":\"https:\/\/com.rst-steel.eu\/\",\"name\":\"RST-Steel.com\",\"description\":\"Finnish quality steel, for quality-conscious drivers\",\"publisher\":{\"@id\":\"https:\/\/com.rst-steel.eu\/#organization\"},\"alternateName\":\"Safe and stylish RST-Steel quality\",\"potentialAction\":[{\"@type\":\"SearchAction\",\"target\":{\"@type\":\"EntryPoint\",\"urlTemplate\":\"https:\/\/com.rst-steel.eu\/?s={search_term_string}\"},\"query-input\":{\"@type\":\"PropertyValueSpecification\",\"valueRequired\":true,\"valueName\":\"search_term_string\"}}],\"inLanguage\":\"nb-NO\"},{\"@type\":\"Organization\",\"@id\":\"https:\/\/com.rst-steel.eu\/#organization\",\"name\":\"RST-Steel Oy\",\"url\":\"https:\/\/com.rst-steel.eu\/\",\"logo\":{\"@type\":\"ImageObject\",\"inLanguage\":\"nb-NO\",\"@id\":\"https:\/\/com.rst-steel.eu\/#\/schema\/logo\/image\/\",\"url\":\"https:\/\/com.rst-steel.eu\/wp-content\/uploads\/2023\/04\/cropped-Rst-logo-valkoinen-teksti-3.png\",\"contentUrl\":\"https:\/\/com.rst-steel.eu\/wp-content\/uploads\/2023\/04\/cropped-Rst-logo-valkoinen-teksti-3.png\",\"width\":512,\"height\":115,\"caption\":\"RST-Steel Oy\"},\"image\":{\"@id\":\"https:\/\/com.rst-steel.eu\/#\/schema\/logo\/image\/\"},\"sameAs\":[\"https:\/\/www.facebook.com\/rststeel\",\"https:\/\/www.instagram.com\/rststeeloy\/\"]}]}<\/script>\n<!-- \/ Yoast SEO plugin. -->","yoast_head_json":{"title":"Skinngulvmatte Mercedes-Benz Sprinter 2006-2017 - RST-Steel","description":"Skinngulvmatte Mercedes-Benz Sprinter 2006-2017 modeller. Flere fargealternativer tilgjengelig! Sjekk ut produktene og bestill n\u00e5!","robots":{"index":"index","follow":"follow","max-snippet":"max-snippet:-1","max-image-preview":"max-image-preview:large","max-video-preview":"max-video-preview:-1"},"canonical":"https:\/\/com.rst-steel.eu\/nb\/produkt\/leather-floor-mat-mb-sprinter-2006-2017_prm_69324\/","og_locale":"nb_NO","og_type":"article","og_title":"Leather Floor Mat Mercedes-Benz Sprinter 2006-2017 - RST-Steel","og_description":"Leather Floor Mat Mercedes-Benz Sprinter 2006-2017 models. Several color options available! Check out the products and order now!","og_url":"https:\/\/com.rst-steel.eu\/nb\/produkt\/leather-floor-mat-mb-sprinter-2006-2017_prm_69324\/","og_site_name":"RST-Steel","article_publisher":"https:\/\/www.facebook.com\/rststeel","article_modified_time":"2026-03-16T06:14:13+00:00","og_image":[{"width":1200,"height":800,"url":"https:\/\/com.rst-steel.eu\/wp-content\/uploads\/2023\/04\/dd845a7e8bd774e644287b26dac522d995356e35_sprinter_1.jpg","type":"image\/jpeg"}],"twitter_card":"summary_large_image","twitter_misc":{"Ansl. lesetid":"1 minutt"},"schema":{"@context":"https:\/\/schema.org","@graph":[{"@type":"WebPage","@id":"https:\/\/com.rst-steel.eu\/nb\/produkt\/leather-floor-mat-mb-sprinter-2006-2017_prm_69324\/","url":"https:\/\/com.rst-steel.eu\/nb\/produkt\/leather-floor-mat-mb-sprinter-2006-2017_prm_69324\/","name":"Skinngulvmatte Mercedes-Benz Sprinter 2006-2017 - RST-Steel","isPartOf":{"@id":"https:\/\/com.rst-steel.eu\/#website"},"primaryImageOfPage":{"@id":"https:\/\/com.rst-steel.eu\/nb\/produkt\/leather-floor-mat-mb-sprinter-2006-2017_prm_69324\/#primaryimage"},"image":{"@id":"https:\/\/com.rst-steel.eu\/nb\/produkt\/leather-floor-mat-mb-sprinter-2006-2017_prm_69324\/#primaryimage"},"thumbnailUrl":"https:\/\/com.rst-steel.eu\/wp-content\/uploads\/2023\/04\/dd845a7e8bd774e644287b26dac522d995356e35_sprinter_1.jpg","datePublished":"2023-04-28T09:17:35+00:00","dateModified":"2026-03-16T06:14:13+00:00","description":"Skinngulvmatte Mercedes-Benz Sprinter 2006-2017 modeller. Flere fargealternativer tilgjengelig! Sjekk ut produktene og bestill n\u00e5!","breadcrumb":{"@id":"https:\/\/com.rst-steel.eu\/nb\/produkt\/leather-floor-mat-mb-sprinter-2006-2017_prm_69324\/#breadcrumb"},"inLanguage":"nb-NO","potentialAction":[{"@type":"ReadAction","target":["https:\/\/com.rst-steel.eu\/nb\/produkt\/leather-floor-mat-mb-sprinter-2006-2017_prm_69324\/"]}]},{"@type":"ImageObject","inLanguage":"nb-NO","@id":"https:\/\/com.rst-steel.eu\/nb\/produkt\/leather-floor-mat-mb-sprinter-2006-2017_prm_69324\/#primaryimage","url":"https:\/\/com.rst-steel.eu\/wp-content\/uploads\/2023\/04\/dd845a7e8bd774e644287b26dac522d995356e35_sprinter_1.jpg","contentUrl":"https:\/\/com.rst-steel.eu\/wp-content\/uploads\/2023\/04\/dd845a7e8bd774e644287b26dac522d995356e35_sprinter_1.jpg","width":1200,"height":800,"caption":"Leather Floor Mat MB Sprinter 2006-2017"},{"@type":"BreadcrumbList","@id":"https:\/\/com.rst-steel.eu\/nb\/produkt\/leather-floor-mat-mb-sprinter-2006-2017_prm_69324\/#breadcrumb","itemListElement":[{"@type":"ListItem","position":1,"name":"Home","item":"https:\/\/com.rst-steel.eu\/"},{"@type":"ListItem","position":2,"name":"RST-Steel Shop","item":"https:\/\/com.rst-steel.eu\/shop\/"},{"@type":"ListItem","position":3,"name":"Leather Floor Mat MB Sprinter 2006-2017"}]},{"@type":"WebSite","@id":"https:\/\/com.rst-steel.eu\/#website","url":"https:\/\/com.rst-steel.eu\/","name":"RST-Steel.com","description":"Finsk kvalitetsst\u00e5l, for kvalitetsbevisste sj\u00e5f\u00f8rer","publisher":{"@id":"https:\/\/com.rst-steel.eu\/#organization"},"alternateName":"Safe and stylish RST-Steel quality","potentialAction":[{"@type":"SearchAction","target":{"@type":"EntryPoint","urlTemplate":"https:\/\/com.rst-steel.eu\/?s={search_term_string}"},"query-input":{"@type":"PropertyValueSpecification","valueRequired":true,"valueName":"search_term_string"}}],"inLanguage":"nb-NO"},{"@type":"Organization","@id":"https:\/\/com.rst-steel.eu\/#organization","name":"RST-Steel Oy","url":"https:\/\/com.rst-steel.eu\/","logo":{"@type":"ImageObject","inLanguage":"nb-NO","@id":"https:\/\/com.rst-steel.eu\/#\/schema\/logo\/image\/","url":"https:\/\/com.rst-steel.eu\/wp-content\/uploads\/2023\/04\/cropped-Rst-logo-valkoinen-teksti-3.png","contentUrl":"https:\/\/com.rst-steel.eu\/wp-content\/uploads\/2023\/04\/cropped-Rst-logo-valkoinen-teksti-3.png","width":512,"height":115,"caption":"RST-Steel Oy"},"image":{"@id":"https:\/\/com.rst-steel.eu\/#\/schema\/logo\/image\/"},"sameAs":["https:\/\/www.facebook.com\/rststeel","https:\/\/www.instagram.com\/rststeeloy\/"]}]}},"brands":[{"id":8345,"name":"F-CORE","slug":"brand_f-core"}],"_links":{"self":[{"href":"https:\/\/com.rst-steel.eu\/nb\/wp-json\/wp\/v2\/product\/38252","targetHints":{"allow":["GET"]}}],"collection":[{"href":"https:\/\/com.rst-steel.eu\/nb\/wp-json\/wp\/v2\/product"}],"about":[{"href":"https:\/\/com.rst-steel.eu\/nb\/wp-json\/wp\/v2\/types\/product"}],"replies":[{"embeddable":true,"href":"https:\/\/com.rst-steel.eu\/nb\/wp-json\/wp\/v2\/comments?post=38252"}],"version-history":[{"count":0,"href":"https:\/\/com.rst-steel.eu\/nb\/wp-json\/wp\/v2\/product\/38252\/revisions"}],"wp:featuredmedia":[{"embeddable":true,"href":"https:\/\/com.rst-steel.eu\/nb\/wp-json\/wp\/v2\/media\/38247"}],"wp:attachment":[{"href":"https:\/\/com.rst-steel.eu\/nb\/wp-json\/wp\/v2\/media?parent=38252"}],"wp:term":[{"taxonomy":"make_fuel_type","embeddable":true,"href":"https:\/\/com.rst-steel.eu\/nb\/wp-json\/wp\/v2\/make_fuel_type?post=38252"},{"taxonomy":"make_model","embeddable":true,"href":"https:\/\/com.rst-steel.eu\/nb\/wp-json\/wp\/v2\/make_model?post=38252"},{"taxonomy":"make_brand","embeddable":true,"href":"https:\/\/com.rst-steel.eu\/nb\/wp-json\/wp\/v2\/make_brand?post=38252"},{"taxonomy":"make_year","embeddable":true,"href":"https:\/\/com.rst-steel.eu\/nb\/wp-json\/wp\/v2\/make_year?post=38252"},{"taxonomy":"pwb-brand","embeddable":true,"href":"https:\/\/com.rst-steel.eu\/nb\/wp-json\/wp\/v2\/pwb-brand?post=38252"},{"taxonomy":"product_brand","embeddable":true,"href":"https:\/\/com.rst-steel.eu\/nb\/wp-json\/wp\/v2\/product_brand?post=38252"},{"taxonomy":"product_cat","embeddable":true,"href":"https:\/\/com.rst-steel.eu\/nb\/wp-json\/wp\/v2\/product_cat?post=38252"},{"taxonomy":"product_tag","embeddable":true,"href":"https:\/\/com.rst-steel.eu\/nb\/wp-json\/wp\/v2\/product_tag?post=38252"}],"curies":[{"name":"wp","href":"https:\/\/api.w.org\/{rel}","templated":true}]}}