{"id":37982,"date":"2023-04-06T08:40:34","date_gmt":"2023-04-06T05:40:34","guid":{"rendered":"https:\/\/rst-steel.fi-c.seravo.com\/product\/bullbar-freeway-renault-t-series_prm_66056\/"},"modified":"2026-03-16T09:21:18","modified_gmt":"2026-03-16T06:21:18","slug":"bull-bar-freeway-renault-t-series_prm_66056","status":"publish","type":"product","link":"https:\/\/com.rst-steel.eu\/nb\/produkt\/bull-bar-freeway-renault-t-series_prm_66056\/","title":{"rendered":"Viltfanger Freeway Renault T"},"content":{"rendered":"<p><strong>Viltfanger Freeway Renault T<\/strong><\/p>\n<ul>\n<li><\/li>\n<\/ul>\n<p>RST-Steel frontbeskytter er h\u00f8ykvalitetsprodukter laget av rustfritt st\u00e5l.<\/p>\n<p>En frontbeskytter beskytter fronten p\u00e5 bilen ved kollisjoner og gir bilen et stilig utseende som vekker oppsikt. En veldig fin frontbeskytter kan for\u00e5rsake \"jernfeber\", noe som gj\u00f8r at du og din bedrift skiller seg ut.<\/p>\n<p>En frontbeskytter kan utstyres med ekstralys og posisjonslys, som forbedrer sikten din i trafikken, og samtidig \u00f8ker sikkerheten for deg selv og andre i trafikken.<\/p>\n<p><span style=\"font-weight: bold;\">Compatible with Collision avoidance system<\/span><\/p>\n<ul>\n<li><\/li>\n<\/ul>\n<p><span style=\"font-weight: bold;\">Teknisk informasjon:<\/span><\/p>\n<ul>\n<li>Farge: Speilpolert rustfritt st\u00e5l eller lakkering med RAL-grunnfarger<\/li>\n<li>R\u00f8rdiameter:  76 mm \/ 60 mm<\/li>\n<li><\/li>\n<\/ul>\n<p><a href=\"https:\/\/www.youtube.com\/watch?v=G2FVajPh-pM\"><strong>BULLBAR WIRING KIT INSTALLATION VIDEO IS HERE<\/strong><\/a><\/p>\n<p><span style=\"font-weight: bold;\">Innhold i leveransen:<\/span><\/p>\n<ul>\n<li>Bull bar Freeway Renault T-Series<\/li>\n<li>Festemidler som kreves for installasjon<\/li>\n<li>Installasjonsinstruksjoner<\/li>\n<\/ul>","protected":false},"excerpt":{"rendered":"<p>Flere modellalternativer tilgjengelig!<\/p>","protected":false},"featured_media":22982,"comment_status":"open","ping_status":"closed","template":"","meta":{"_improvement_type_select":"improve_an_existing","_thumb_yes_seoaic":false,"_frame_yes_seoaic":false,"seoaic_generate_description":"","seoaic_improve_instructions_prompt":"","seoaic_rollback_content_improvement":"","seoaic_idea_thumbnail_generator":"","thumbnail_generated":false,"thumbnail_generate_prompt":"","seoaic_article_description":""},"make_fuel_type":[],"make_model":[6473],"make_brand":[6468],"make_year":[3748],"pwb-brand":[8334],"product_brand":[],"product_cat":[6280,7163],"product_tag":[8487,6683],"class_list":{"0":"post-37982","1":"product","2":"type-product","3":"status-publish","4":"has-post-thumbnail","6":"make_model-renault-t","7":"make_brand-renault-truck","8":"make_year-trucks","9":"pwb-brand-brand_rststeel","10":"product_cat-bullbars","11":"product_cat-renault-ka-kk","12":"product_tag-bullbar-freeway","13":"product_tag-frontskydd","14":"product_shipping_class-bullbars","16":"first","17":"onbackorder","18":"taxable","19":"shipping-taxable","20":"purchasable","21":"product-type-variable"},"yoast_head":"<!-- This site is optimized with the Yoast SEO plugin v25.7 - https:\/\/yoast.com\/wordpress\/plugins\/seo\/ -->\n<title>Bull Bar Freeway Renault T-Series - RST-Steel<\/title>\n<meta name=\"description\" content=\"Bull bar Freeway Renault T-Series. Several model options available! Made in Finland! Check out the product selection and order now!\" \/>\n<meta name=\"robots\" content=\"index, follow, max-snippet:-1, max-image-preview:large, max-video-preview:-1\" \/>\n<link rel=\"canonical\" href=\"https:\/\/com.rst-steel.eu\/nb\/produkt\/bull-bar-freeway-renault-t-series_prm_66056\/\" \/>\n<meta property=\"og:locale\" content=\"nb_NO\" \/>\n<meta property=\"og:type\" content=\"article\" \/>\n<meta property=\"og:title\" content=\"Bull Bar Freeway Renault T-Series - RST-Steel\" \/>\n<meta property=\"og:description\" content=\"Bull bar Freeway Renault T-Series. Several model options available! Made in Finland! Check out the product selection and order now!\" \/>\n<meta property=\"og:url\" content=\"https:\/\/com.rst-steel.eu\/nb\/produkt\/bull-bar-freeway-renault-t-series_prm_66056\/\" \/>\n<meta property=\"og:site_name\" content=\"RST-Steel\" \/>\n<meta property=\"article:publisher\" content=\"https:\/\/www.facebook.com\/rststeel\" \/>\n<meta property=\"article:modified_time\" content=\"2026-03-16T06:21:18+00:00\" \/>\n<meta property=\"og:image\" content=\"https:\/\/com.rst-steel.eu\/wp-content\/uploads\/2022\/12\/7aaf084460ca5dcb55a8573dca368f74a3b006d0_ren_3-scaled.jpg\" \/>\n\t<meta property=\"og:image:width\" content=\"2560\" \/>\n\t<meta property=\"og:image:height\" content=\"1707\" \/>\n\t<meta property=\"og:image:type\" content=\"image\/jpeg\" \/>\n<meta name=\"twitter:card\" content=\"summary_large_image\" \/>\n<meta name=\"twitter:label1\" content=\"Ansl. lesetid\" \/>\n\t<meta name=\"twitter:data1\" content=\"1 minutt\" \/>\n<script type=\"application\/ld+json\" class=\"yoast-schema-graph\">{\"@context\":\"https:\/\/schema.org\",\"@graph\":[{\"@type\":\"WebPage\",\"@id\":\"https:\/\/com.rst-steel.eu\/nb\/produkt\/bull-bar-freeway-renault-t-series_prm_66056\/\",\"url\":\"https:\/\/com.rst-steel.eu\/nb\/produkt\/bull-bar-freeway-renault-t-series_prm_66056\/\",\"name\":\"Bull Bar Freeway Renault T-Series - RST-Steel\",\"isPartOf\":{\"@id\":\"https:\/\/com.rst-steel.eu\/#website\"},\"primaryImageOfPage\":{\"@id\":\"https:\/\/com.rst-steel.eu\/nb\/produkt\/bull-bar-freeway-renault-t-series_prm_66056\/#primaryimage\"},\"image\":{\"@id\":\"https:\/\/com.rst-steel.eu\/nb\/produkt\/bull-bar-freeway-renault-t-series_prm_66056\/#primaryimage\"},\"thumbnailUrl\":\"https:\/\/com.rst-steel.eu\/wp-content\/uploads\/2022\/12\/7aaf084460ca5dcb55a8573dca368f74a3b006d0_ren_3-scaled.jpg\",\"datePublished\":\"2023-04-06T05:40:34+00:00\",\"dateModified\":\"2026-03-16T06:21:18+00:00\",\"description\":\"Bull bar Freeway Renault T-Series. Several model options available! Made in Finland! Check out the product selection and order now!\",\"breadcrumb\":{\"@id\":\"https:\/\/com.rst-steel.eu\/nb\/produkt\/bull-bar-freeway-renault-t-series_prm_66056\/#breadcrumb\"},\"inLanguage\":\"nb-NO\",\"potentialAction\":[{\"@type\":\"ReadAction\",\"target\":[\"https:\/\/com.rst-steel.eu\/nb\/produkt\/bull-bar-freeway-renault-t-series_prm_66056\/\"]}]},{\"@type\":\"ImageObject\",\"inLanguage\":\"nb-NO\",\"@id\":\"https:\/\/com.rst-steel.eu\/nb\/produkt\/bull-bar-freeway-renault-t-series_prm_66056\/#primaryimage\",\"url\":\"https:\/\/com.rst-steel.eu\/wp-content\/uploads\/2022\/12\/7aaf084460ca5dcb55a8573dca368f74a3b006d0_ren_3-scaled.jpg\",\"contentUrl\":\"https:\/\/com.rst-steel.eu\/wp-content\/uploads\/2022\/12\/7aaf084460ca5dcb55a8573dca368f74a3b006d0_ren_3-scaled.jpg\",\"width\":2560,\"height\":1707,\"caption\":\"Bull Bar Freeway Renault T-Series\"},{\"@type\":\"BreadcrumbList\",\"@id\":\"https:\/\/com.rst-steel.eu\/nb\/produkt\/bull-bar-freeway-renault-t-series_prm_66056\/#breadcrumb\",\"itemListElement\":[{\"@type\":\"ListItem\",\"position\":1,\"name\":\"Home\",\"item\":\"https:\/\/com.rst-steel.eu\/\"},{\"@type\":\"ListItem\",\"position\":2,\"name\":\"RST-Steel Shop\",\"item\":\"https:\/\/com.rst-steel.eu\/shop\/\"},{\"@type\":\"ListItem\",\"position\":3,\"name\":\"Bull Bar Freeway Renault T-Series\"}]},{\"@type\":\"WebSite\",\"@id\":\"https:\/\/com.rst-steel.eu\/#website\",\"url\":\"https:\/\/com.rst-steel.eu\/\",\"name\":\"RST-Steel.com\",\"description\":\"Finnish quality steel, for quality-conscious drivers\",\"publisher\":{\"@id\":\"https:\/\/com.rst-steel.eu\/#organization\"},\"alternateName\":\"Safe and stylish RST-Steel quality\",\"potentialAction\":[{\"@type\":\"SearchAction\",\"target\":{\"@type\":\"EntryPoint\",\"urlTemplate\":\"https:\/\/com.rst-steel.eu\/?s={search_term_string}\"},\"query-input\":{\"@type\":\"PropertyValueSpecification\",\"valueRequired\":true,\"valueName\":\"search_term_string\"}}],\"inLanguage\":\"nb-NO\"},{\"@type\":\"Organization\",\"@id\":\"https:\/\/com.rst-steel.eu\/#organization\",\"name\":\"RST-Steel Oy\",\"url\":\"https:\/\/com.rst-steel.eu\/\",\"logo\":{\"@type\":\"ImageObject\",\"inLanguage\":\"nb-NO\",\"@id\":\"https:\/\/com.rst-steel.eu\/#\/schema\/logo\/image\/\",\"url\":\"https:\/\/com.rst-steel.eu\/wp-content\/uploads\/2023\/04\/cropped-Rst-logo-valkoinen-teksti-3.png\",\"contentUrl\":\"https:\/\/com.rst-steel.eu\/wp-content\/uploads\/2023\/04\/cropped-Rst-logo-valkoinen-teksti-3.png\",\"width\":512,\"height\":115,\"caption\":\"RST-Steel Oy\"},\"image\":{\"@id\":\"https:\/\/com.rst-steel.eu\/#\/schema\/logo\/image\/\"},\"sameAs\":[\"https:\/\/www.facebook.com\/rststeel\",\"https:\/\/www.instagram.com\/rststeeloy\/\"]}]}<\/script>\n<!-- \/ Yoast SEO plugin. -->","yoast_head_json":{"title":"Bull Bar Freeway Renault T-Series - RST-Steel","description":"Bull bar Freeway Renault T-Series. Several model options available! Made in Finland! Check out the product selection and order now!","robots":{"index":"index","follow":"follow","max-snippet":"max-snippet:-1","max-image-preview":"max-image-preview:large","max-video-preview":"max-video-preview:-1"},"canonical":"https:\/\/com.rst-steel.eu\/nb\/produkt\/bull-bar-freeway-renault-t-series_prm_66056\/","og_locale":"nb_NO","og_type":"article","og_title":"Bull Bar Freeway Renault T-Series - RST-Steel","og_description":"Bull bar Freeway Renault T-Series. Several model options available! Made in Finland! Check out the product selection and order now!","og_url":"https:\/\/com.rst-steel.eu\/nb\/produkt\/bull-bar-freeway-renault-t-series_prm_66056\/","og_site_name":"RST-Steel","article_publisher":"https:\/\/www.facebook.com\/rststeel","article_modified_time":"2026-03-16T06:21:18+00:00","og_image":[{"width":2560,"height":1707,"url":"https:\/\/com.rst-steel.eu\/wp-content\/uploads\/2022\/12\/7aaf084460ca5dcb55a8573dca368f74a3b006d0_ren_3-scaled.jpg","type":"image\/jpeg"}],"twitter_card":"summary_large_image","twitter_misc":{"Ansl. lesetid":"1 minutt"},"schema":{"@context":"https:\/\/schema.org","@graph":[{"@type":"WebPage","@id":"https:\/\/com.rst-steel.eu\/nb\/produkt\/bull-bar-freeway-renault-t-series_prm_66056\/","url":"https:\/\/com.rst-steel.eu\/nb\/produkt\/bull-bar-freeway-renault-t-series_prm_66056\/","name":"Bull Bar Freeway Renault T-Series - RST-Steel","isPartOf":{"@id":"https:\/\/com.rst-steel.eu\/#website"},"primaryImageOfPage":{"@id":"https:\/\/com.rst-steel.eu\/nb\/produkt\/bull-bar-freeway-renault-t-series_prm_66056\/#primaryimage"},"image":{"@id":"https:\/\/com.rst-steel.eu\/nb\/produkt\/bull-bar-freeway-renault-t-series_prm_66056\/#primaryimage"},"thumbnailUrl":"https:\/\/com.rst-steel.eu\/wp-content\/uploads\/2022\/12\/7aaf084460ca5dcb55a8573dca368f74a3b006d0_ren_3-scaled.jpg","datePublished":"2023-04-06T05:40:34+00:00","dateModified":"2026-03-16T06:21:18+00:00","description":"Bull bar Freeway Renault T-Series. Several model options available! Made in Finland! Check out the product selection and order now!","breadcrumb":{"@id":"https:\/\/com.rst-steel.eu\/nb\/produkt\/bull-bar-freeway-renault-t-series_prm_66056\/#breadcrumb"},"inLanguage":"nb-NO","potentialAction":[{"@type":"ReadAction","target":["https:\/\/com.rst-steel.eu\/nb\/produkt\/bull-bar-freeway-renault-t-series_prm_66056\/"]}]},{"@type":"ImageObject","inLanguage":"nb-NO","@id":"https:\/\/com.rst-steel.eu\/nb\/produkt\/bull-bar-freeway-renault-t-series_prm_66056\/#primaryimage","url":"https:\/\/com.rst-steel.eu\/wp-content\/uploads\/2022\/12\/7aaf084460ca5dcb55a8573dca368f74a3b006d0_ren_3-scaled.jpg","contentUrl":"https:\/\/com.rst-steel.eu\/wp-content\/uploads\/2022\/12\/7aaf084460ca5dcb55a8573dca368f74a3b006d0_ren_3-scaled.jpg","width":2560,"height":1707,"caption":"Bull Bar Freeway Renault T-Series"},{"@type":"BreadcrumbList","@id":"https:\/\/com.rst-steel.eu\/nb\/produkt\/bull-bar-freeway-renault-t-series_prm_66056\/#breadcrumb","itemListElement":[{"@type":"ListItem","position":1,"name":"Home","item":"https:\/\/com.rst-steel.eu\/"},{"@type":"ListItem","position":2,"name":"RST-Steel Shop","item":"https:\/\/com.rst-steel.eu\/shop\/"},{"@type":"ListItem","position":3,"name":"Bull Bar Freeway Renault T-Series"}]},{"@type":"WebSite","@id":"https:\/\/com.rst-steel.eu\/#website","url":"https:\/\/com.rst-steel.eu\/","name":"RST-Steel.com","description":"Finsk kvalitetsst\u00e5l, for kvalitetsbevisste sj\u00e5f\u00f8rer","publisher":{"@id":"https:\/\/com.rst-steel.eu\/#organization"},"alternateName":"Safe and stylish RST-Steel quality","potentialAction":[{"@type":"SearchAction","target":{"@type":"EntryPoint","urlTemplate":"https:\/\/com.rst-steel.eu\/?s={search_term_string}"},"query-input":{"@type":"PropertyValueSpecification","valueRequired":true,"valueName":"search_term_string"}}],"inLanguage":"nb-NO"},{"@type":"Organization","@id":"https:\/\/com.rst-steel.eu\/#organization","name":"RST-Steel Oy","url":"https:\/\/com.rst-steel.eu\/","logo":{"@type":"ImageObject","inLanguage":"nb-NO","@id":"https:\/\/com.rst-steel.eu\/#\/schema\/logo\/image\/","url":"https:\/\/com.rst-steel.eu\/wp-content\/uploads\/2023\/04\/cropped-Rst-logo-valkoinen-teksti-3.png","contentUrl":"https:\/\/com.rst-steel.eu\/wp-content\/uploads\/2023\/04\/cropped-Rst-logo-valkoinen-teksti-3.png","width":512,"height":115,"caption":"RST-Steel Oy"},"image":{"@id":"https:\/\/com.rst-steel.eu\/#\/schema\/logo\/image\/"},"sameAs":["https:\/\/www.facebook.com\/rststeel","https:\/\/www.instagram.com\/rststeeloy\/"]}]}},"brands":[{"id":8334,"name":"RST-Steel","slug":"brand_rststeel"}],"_links":{"self":[{"href":"https:\/\/com.rst-steel.eu\/nb\/wp-json\/wp\/v2\/product\/37982","targetHints":{"allow":["GET"]}}],"collection":[{"href":"https:\/\/com.rst-steel.eu\/nb\/wp-json\/wp\/v2\/product"}],"about":[{"href":"https:\/\/com.rst-steel.eu\/nb\/wp-json\/wp\/v2\/types\/product"}],"replies":[{"embeddable":true,"href":"https:\/\/com.rst-steel.eu\/nb\/wp-json\/wp\/v2\/comments?post=37982"}],"version-history":[{"count":0,"href":"https:\/\/com.rst-steel.eu\/nb\/wp-json\/wp\/v2\/product\/37982\/revisions"}],"wp:featuredmedia":[{"embeddable":true,"href":"https:\/\/com.rst-steel.eu\/nb\/wp-json\/wp\/v2\/media\/22982"}],"wp:attachment":[{"href":"https:\/\/com.rst-steel.eu\/nb\/wp-json\/wp\/v2\/media?parent=37982"}],"wp:term":[{"taxonomy":"make_fuel_type","embeddable":true,"href":"https:\/\/com.rst-steel.eu\/nb\/wp-json\/wp\/v2\/make_fuel_type?post=37982"},{"taxonomy":"make_model","embeddable":true,"href":"https:\/\/com.rst-steel.eu\/nb\/wp-json\/wp\/v2\/make_model?post=37982"},{"taxonomy":"make_brand","embeddable":true,"href":"https:\/\/com.rst-steel.eu\/nb\/wp-json\/wp\/v2\/make_brand?post=37982"},{"taxonomy":"make_year","embeddable":true,"href":"https:\/\/com.rst-steel.eu\/nb\/wp-json\/wp\/v2\/make_year?post=37982"},{"taxonomy":"pwb-brand","embeddable":true,"href":"https:\/\/com.rst-steel.eu\/nb\/wp-json\/wp\/v2\/pwb-brand?post=37982"},{"taxonomy":"product_brand","embeddable":true,"href":"https:\/\/com.rst-steel.eu\/nb\/wp-json\/wp\/v2\/product_brand?post=37982"},{"taxonomy":"product_cat","embeddable":true,"href":"https:\/\/com.rst-steel.eu\/nb\/wp-json\/wp\/v2\/product_cat?post=37982"},{"taxonomy":"product_tag","embeddable":true,"href":"https:\/\/com.rst-steel.eu\/nb\/wp-json\/wp\/v2\/product_tag?post=37982"}],"curies":[{"name":"wp","href":"https:\/\/api.w.org\/{rel}","templated":true}]}}