{"id":37925,"date":"2023-04-06T08:36:06","date_gmt":"2023-04-06T05:36:06","guid":{"rendered":"https:\/\/rst-steel.fi-c.seravo.com\/product\/frontbars-mercedes-benz-sprinter-2018-_prm_65793\/"},"modified":"2026-03-16T09:21:00","modified_gmt":"2026-03-16T06:21:00","slug":"front-bars-mercedes-benz-sprinter-2018-_prm_65793","status":"publish","type":"product","link":"https:\/\/com.rst-steel.eu\/nb\/produkt\/front-bars-mercedes-benz-sprinter-2018-_prm_65793\/","title":{"rendered":"Front Bars Mercedes-Benz Sprinter 2018-"},"content":{"rendered":"<div>Front bars Mercedes-Benz Sprinter 2018-<\/div>\n<div><\/div>\n<div><\/div>\n<div>\n<div>STEELER frontbjelker i rustfritt st\u00e5l til Mercedes-Benz Sprinter er fagmessig utformet for \u00e5 fremheve bilens unike karakter og samtidig gi robust beskyttelse.<\/div>\n<div><\/div>\n<div>Disse frontb\u00f8ylene er laget av rustfritt st\u00e5l med en diameter p\u00e5 70 mm og en tykkelse p\u00e5 2 mm, og er h\u00e5ndpolerte for \u00e5 sikre holdbarhet og gi ekstra beskyttelse for viktige kj\u00f8ret\u00f8ykomponenter. De gir bilen din en raffinert finish som f\u00e5r den til \u00e5 se mer robust ut og skiller seg ut p\u00e5 veien.<\/div>\n<div><\/div>\n<div>Hver frontbjelke leveres med et komplett monteringssett og enkle monteringsanvisninger, noe som gj\u00f8r monteringen problemfri.<\/div>\n<div><\/div>\n<div>Frontb\u00f8ylene er EU-godkjente og oppfyller de nyeste EU-standardene og kravene i direktiv 78\/2009\/EF, noe som sikrer de h\u00f8yeste sikkerhetsniv\u00e5ene, spesielt for fotgjengere. Dette betyr at produktene ikke bare forbedrer kj\u00f8ret\u00f8yets utseende, men ogs\u00e5 oppfyller de strengeste sikkerhetsstandardene.<\/div>\n<div><\/div>\n<div>Ved \u00e5 velge disse frontbjelkene kan du s\u00f8rge for at din Mercedes-Benz Sprinter skiller seg ut, samtidig som den beholder sin elegante form og funksjonalitet. Det rustfrie st\u00e5let (AISI 304) er sv\u00e6rt motstandsdyktig mot korrosjon, selv under t\u00f8ffe v\u00e6rforhold, og brukes ofte i bransjer som n\u00e6ringsmiddelindustrien p\u00e5 grunn av sin holdbarhet.<\/div>\n<div><\/div>\n<div>Steeler st\u00e5r bak kvaliteten p\u00e5 disse produktene, og tilbyr 24 m\u00e5neders garanti p\u00e5 polerte stenger og 12 m\u00e5neders garanti p\u00e5 svartlakkerte stenger.<\/div>\n<\/div>\n<div><\/div>\n<div><\/div>\n<div><span style=\"font-weight: bold\">Teknisk informasjon:<\/span><\/div>\n<ul>\n<li>Farge: Polert rustfritt st\u00e5l eller svart<\/li>\n<li>Pipes diameter: 70 mm<\/li>\n<\/ul>\n<div>&nbsp;<\/div>\n<div><\/div>\n<div><\/div>\n<div><span style=\"font-weight: bold\">Innhold i leveransen:<\/span><\/div>\n<ul>\n<li>Front bar<\/li>\n<li>Festemidler som kreves for installasjon<\/li>\n<li>Installasjonsinstruksjoner<\/li>\n<li>E-approval documents<\/li>\n<\/ul>","protected":false},"excerpt":{"rendered":"<p>Flere modellalternativer tilgjengelig!<\/p>","protected":false},"featured_media":48682,"comment_status":"open","ping_status":"closed","template":"","meta":{"_improvement_type_select":"improve_an_existing","_thumb_yes_seoaic":false,"_frame_yes_seoaic":false,"seoaic_generate_description":"","seoaic_improve_instructions_prompt":"","seoaic_rollback_content_improvement":"","seoaic_idea_thumbnail_generator":"","thumbnail_generated":false,"thumbnail_generate_prompt":"","seoaic_article_description":""},"make_fuel_type":[],"make_model":[6381],"make_brand":[6374],"make_year":[6373],"pwb-brand":[8349],"product_brand":[],"product_cat":[8046,6057,6062],"product_tag":[6611,6610,8486],"class_list":{"0":"post-37925","1":"product","2":"type-product","3":"status-publish","4":"has-post-thumbnail","6":"make_engine-spinter-l2h1","7":"make_engine-sprinter-l2h2","8":"make_engine-sprinter-l3h2","9":"make_engine-sprinter-l3h3","10":"make_engine-sprinter-l4h2","11":"make_engine-sprinter-l4h3","12":"make_model-w907-w910-sprinter","13":"make_brand-mb-van","14":"make_year-van","15":"pwb-brand-brand_steeler","16":"product_cat-mb-fb","17":"product_cat-lightbars","18":"product_cat-frontbars-for-vans","19":"product_tag-mercedes","20":"product_tag-mercedes-benz","21":"product_tag-sprinter","22":"product_shipping_class-lightbars","24":"first","25":"instock","26":"taxable","27":"shipping-taxable","28":"purchasable","29":"product-type-variable"},"yoast_head":"<!-- This site is optimized with the Yoast SEO plugin v25.7 - https:\/\/yoast.com\/wordpress\/plugins\/seo\/ -->\n<title>Front Bars Mercedes-Benz Sprinter 2018- RST-Steel<\/title>\n<meta name=\"description\" content=\"Front Bars Mercedes-Benz Sprinter 2018- models. Steeler Front bars are high-quality products made of stainless steel. Several model options available!\" \/>\n<meta name=\"robots\" content=\"index, follow, max-snippet:-1, max-image-preview:large, max-video-preview:-1\" \/>\n<link rel=\"canonical\" href=\"https:\/\/com.rst-steel.eu\/nb\/produkt\/front-bars-mercedes-benz-sprinter-2018-_prm_65793\/\" \/>\n<meta property=\"og:locale\" content=\"nb_NO\" \/>\n<meta property=\"og:type\" content=\"article\" \/>\n<meta property=\"og:title\" content=\"Front Bars Mercedes-Benz Sprinter 2018- RST-Steel\" \/>\n<meta property=\"og:description\" content=\"Front Bars Mercedes-Benz Sprinter 2018- models. Steeler Front bars are high-quality products made of stainless steel. Several model options available!\" \/>\n<meta property=\"og:url\" content=\"https:\/\/com.rst-steel.eu\/nb\/produkt\/front-bars-mercedes-benz-sprinter-2018-_prm_65793\/\" \/>\n<meta property=\"og:site_name\" content=\"RST-Steel\" \/>\n<meta property=\"article:publisher\" content=\"https:\/\/www.facebook.com\/rststeel\" \/>\n<meta property=\"article:modified_time\" content=\"2026-03-16T06:21:00+00:00\" \/>\n<meta property=\"og:image\" content=\"https:\/\/com.rst-steel.eu\/wp-content\/uploads\/2024\/11\/24f528f34f93d207d4e517ca4e24eae202192dad_15020001_Tuotekuva.jpg\" \/>\n\t<meta property=\"og:image:width\" content=\"1000\" \/>\n\t<meta property=\"og:image:height\" content=\"666\" \/>\n\t<meta property=\"og:image:type\" content=\"image\/jpeg\" \/>\n<meta name=\"twitter:card\" content=\"summary_large_image\" \/>\n<meta name=\"twitter:label1\" content=\"Ansl. lesetid\" \/>\n\t<meta name=\"twitter:data1\" content=\"2 minutter\" \/>\n<script type=\"application\/ld+json\" class=\"yoast-schema-graph\">{\"@context\":\"https:\/\/schema.org\",\"@graph\":[{\"@type\":\"WebPage\",\"@id\":\"https:\/\/com.rst-steel.eu\/nb\/produkt\/front-bars-mercedes-benz-sprinter-2018-_prm_65793\/\",\"url\":\"https:\/\/com.rst-steel.eu\/nb\/produkt\/front-bars-mercedes-benz-sprinter-2018-_prm_65793\/\",\"name\":\"Front Bars Mercedes-Benz Sprinter 2018- RST-Steel\",\"isPartOf\":{\"@id\":\"https:\/\/com.rst-steel.eu\/#website\"},\"primaryImageOfPage\":{\"@id\":\"https:\/\/com.rst-steel.eu\/nb\/produkt\/front-bars-mercedes-benz-sprinter-2018-_prm_65793\/#primaryimage\"},\"image\":{\"@id\":\"https:\/\/com.rst-steel.eu\/nb\/produkt\/front-bars-mercedes-benz-sprinter-2018-_prm_65793\/#primaryimage\"},\"thumbnailUrl\":\"https:\/\/com.rst-steel.eu\/wp-content\/uploads\/2024\/11\/24f528f34f93d207d4e517ca4e24eae202192dad_15020001_Tuotekuva.jpg\",\"datePublished\":\"2023-04-06T05:36:06+00:00\",\"dateModified\":\"2026-03-16T06:21:00+00:00\",\"description\":\"Front Bars Mercedes-Benz Sprinter 2018- models. Steeler Front bars are high-quality products made of stainless steel. Several model options available!\",\"breadcrumb\":{\"@id\":\"https:\/\/com.rst-steel.eu\/nb\/produkt\/front-bars-mercedes-benz-sprinter-2018-_prm_65793\/#breadcrumb\"},\"inLanguage\":\"nb-NO\",\"potentialAction\":[{\"@type\":\"ReadAction\",\"target\":[\"https:\/\/com.rst-steel.eu\/nb\/produkt\/front-bars-mercedes-benz-sprinter-2018-_prm_65793\/\"]}]},{\"@type\":\"ImageObject\",\"inLanguage\":\"nb-NO\",\"@id\":\"https:\/\/com.rst-steel.eu\/nb\/produkt\/front-bars-mercedes-benz-sprinter-2018-_prm_65793\/#primaryimage\",\"url\":\"https:\/\/com.rst-steel.eu\/wp-content\/uploads\/2024\/11\/24f528f34f93d207d4e517ca4e24eae202192dad_15020001_Tuotekuva.jpg\",\"contentUrl\":\"https:\/\/com.rst-steel.eu\/wp-content\/uploads\/2024\/11\/24f528f34f93d207d4e517ca4e24eae202192dad_15020001_Tuotekuva.jpg\",\"width\":1000,\"height\":666,\"caption\":\"Front Bars Mercedes-Benz Sprinter 2018-\"},{\"@type\":\"BreadcrumbList\",\"@id\":\"https:\/\/com.rst-steel.eu\/nb\/produkt\/front-bars-mercedes-benz-sprinter-2018-_prm_65793\/#breadcrumb\",\"itemListElement\":[{\"@type\":\"ListItem\",\"position\":1,\"name\":\"Home\",\"item\":\"https:\/\/com.rst-steel.eu\/\"},{\"@type\":\"ListItem\",\"position\":2,\"name\":\"RST-Steel Shop\",\"item\":\"https:\/\/com.rst-steel.eu\/shop\/\"},{\"@type\":\"ListItem\",\"position\":3,\"name\":\"Front Bars Mercedes-Benz Sprinter 2018-\"}]},{\"@type\":\"WebSite\",\"@id\":\"https:\/\/com.rst-steel.eu\/#website\",\"url\":\"https:\/\/com.rst-steel.eu\/\",\"name\":\"RST-Steel.com\",\"description\":\"Finnish quality steel, for quality-conscious drivers\",\"publisher\":{\"@id\":\"https:\/\/com.rst-steel.eu\/#organization\"},\"alternateName\":\"Safe and stylish RST-Steel quality\",\"potentialAction\":[{\"@type\":\"SearchAction\",\"target\":{\"@type\":\"EntryPoint\",\"urlTemplate\":\"https:\/\/com.rst-steel.eu\/?s={search_term_string}\"},\"query-input\":{\"@type\":\"PropertyValueSpecification\",\"valueRequired\":true,\"valueName\":\"search_term_string\"}}],\"inLanguage\":\"nb-NO\"},{\"@type\":\"Organization\",\"@id\":\"https:\/\/com.rst-steel.eu\/#organization\",\"name\":\"RST-Steel Oy\",\"url\":\"https:\/\/com.rst-steel.eu\/\",\"logo\":{\"@type\":\"ImageObject\",\"inLanguage\":\"nb-NO\",\"@id\":\"https:\/\/com.rst-steel.eu\/#\/schema\/logo\/image\/\",\"url\":\"https:\/\/com.rst-steel.eu\/wp-content\/uploads\/2023\/04\/cropped-Rst-logo-valkoinen-teksti-3.png\",\"contentUrl\":\"https:\/\/com.rst-steel.eu\/wp-content\/uploads\/2023\/04\/cropped-Rst-logo-valkoinen-teksti-3.png\",\"width\":512,\"height\":115,\"caption\":\"RST-Steel Oy\"},\"image\":{\"@id\":\"https:\/\/com.rst-steel.eu\/#\/schema\/logo\/image\/\"},\"sameAs\":[\"https:\/\/www.facebook.com\/rststeel\",\"https:\/\/www.instagram.com\/rststeeloy\/\"]}]}<\/script>\n<!-- \/ Yoast SEO plugin. -->","yoast_head_json":{"title":"Front Bars Mercedes-Benz Sprinter 2018- RST-Steel","description":"Front Bars Mercedes-Benz Sprinter 2018- models. Steeler Front bars are high-quality products made of stainless steel. Several model options available!","robots":{"index":"index","follow":"follow","max-snippet":"max-snippet:-1","max-image-preview":"max-image-preview:large","max-video-preview":"max-video-preview:-1"},"canonical":"https:\/\/com.rst-steel.eu\/nb\/produkt\/front-bars-mercedes-benz-sprinter-2018-_prm_65793\/","og_locale":"nb_NO","og_type":"article","og_title":"Front Bars Mercedes-Benz Sprinter 2018- RST-Steel","og_description":"Front Bars Mercedes-Benz Sprinter 2018- models. Steeler Front bars are high-quality products made of stainless steel. Several model options available!","og_url":"https:\/\/com.rst-steel.eu\/nb\/produkt\/front-bars-mercedes-benz-sprinter-2018-_prm_65793\/","og_site_name":"RST-Steel","article_publisher":"https:\/\/www.facebook.com\/rststeel","article_modified_time":"2026-03-16T06:21:00+00:00","og_image":[{"width":1000,"height":666,"url":"https:\/\/com.rst-steel.eu\/wp-content\/uploads\/2024\/11\/24f528f34f93d207d4e517ca4e24eae202192dad_15020001_Tuotekuva.jpg","type":"image\/jpeg"}],"twitter_card":"summary_large_image","twitter_misc":{"Ansl. lesetid":"2 minutter"},"schema":{"@context":"https:\/\/schema.org","@graph":[{"@type":"WebPage","@id":"https:\/\/com.rst-steel.eu\/nb\/produkt\/front-bars-mercedes-benz-sprinter-2018-_prm_65793\/","url":"https:\/\/com.rst-steel.eu\/nb\/produkt\/front-bars-mercedes-benz-sprinter-2018-_prm_65793\/","name":"Front Bars Mercedes-Benz Sprinter 2018- RST-Steel","isPartOf":{"@id":"https:\/\/com.rst-steel.eu\/#website"},"primaryImageOfPage":{"@id":"https:\/\/com.rst-steel.eu\/nb\/produkt\/front-bars-mercedes-benz-sprinter-2018-_prm_65793\/#primaryimage"},"image":{"@id":"https:\/\/com.rst-steel.eu\/nb\/produkt\/front-bars-mercedes-benz-sprinter-2018-_prm_65793\/#primaryimage"},"thumbnailUrl":"https:\/\/com.rst-steel.eu\/wp-content\/uploads\/2024\/11\/24f528f34f93d207d4e517ca4e24eae202192dad_15020001_Tuotekuva.jpg","datePublished":"2023-04-06T05:36:06+00:00","dateModified":"2026-03-16T06:21:00+00:00","description":"Front Bars Mercedes-Benz Sprinter 2018- models. Steeler Front bars are high-quality products made of stainless steel. Several model options available!","breadcrumb":{"@id":"https:\/\/com.rst-steel.eu\/nb\/produkt\/front-bars-mercedes-benz-sprinter-2018-_prm_65793\/#breadcrumb"},"inLanguage":"nb-NO","potentialAction":[{"@type":"ReadAction","target":["https:\/\/com.rst-steel.eu\/nb\/produkt\/front-bars-mercedes-benz-sprinter-2018-_prm_65793\/"]}]},{"@type":"ImageObject","inLanguage":"nb-NO","@id":"https:\/\/com.rst-steel.eu\/nb\/produkt\/front-bars-mercedes-benz-sprinter-2018-_prm_65793\/#primaryimage","url":"https:\/\/com.rst-steel.eu\/wp-content\/uploads\/2024\/11\/24f528f34f93d207d4e517ca4e24eae202192dad_15020001_Tuotekuva.jpg","contentUrl":"https:\/\/com.rst-steel.eu\/wp-content\/uploads\/2024\/11\/24f528f34f93d207d4e517ca4e24eae202192dad_15020001_Tuotekuva.jpg","width":1000,"height":666,"caption":"Front Bars Mercedes-Benz Sprinter 2018-"},{"@type":"BreadcrumbList","@id":"https:\/\/com.rst-steel.eu\/nb\/produkt\/front-bars-mercedes-benz-sprinter-2018-_prm_65793\/#breadcrumb","itemListElement":[{"@type":"ListItem","position":1,"name":"Home","item":"https:\/\/com.rst-steel.eu\/"},{"@type":"ListItem","position":2,"name":"RST-Steel Shop","item":"https:\/\/com.rst-steel.eu\/shop\/"},{"@type":"ListItem","position":3,"name":"Front Bars Mercedes-Benz Sprinter 2018-"}]},{"@type":"WebSite","@id":"https:\/\/com.rst-steel.eu\/#website","url":"https:\/\/com.rst-steel.eu\/","name":"RST-Steel.com","description":"Finsk kvalitetsst\u00e5l, for kvalitetsbevisste sj\u00e5f\u00f8rer","publisher":{"@id":"https:\/\/com.rst-steel.eu\/#organization"},"alternateName":"Safe and stylish RST-Steel quality","potentialAction":[{"@type":"SearchAction","target":{"@type":"EntryPoint","urlTemplate":"https:\/\/com.rst-steel.eu\/?s={search_term_string}"},"query-input":{"@type":"PropertyValueSpecification","valueRequired":true,"valueName":"search_term_string"}}],"inLanguage":"nb-NO"},{"@type":"Organization","@id":"https:\/\/com.rst-steel.eu\/#organization","name":"RST-Steel Oy","url":"https:\/\/com.rst-steel.eu\/","logo":{"@type":"ImageObject","inLanguage":"nb-NO","@id":"https:\/\/com.rst-steel.eu\/#\/schema\/logo\/image\/","url":"https:\/\/com.rst-steel.eu\/wp-content\/uploads\/2023\/04\/cropped-Rst-logo-valkoinen-teksti-3.png","contentUrl":"https:\/\/com.rst-steel.eu\/wp-content\/uploads\/2023\/04\/cropped-Rst-logo-valkoinen-teksti-3.png","width":512,"height":115,"caption":"RST-Steel Oy"},"image":{"@id":"https:\/\/com.rst-steel.eu\/#\/schema\/logo\/image\/"},"sameAs":["https:\/\/www.facebook.com\/rststeel","https:\/\/www.instagram.com\/rststeeloy\/"]}]}},"brands":[{"id":8349,"name":"Steeler","slug":"brand_steeler"}],"_links":{"self":[{"href":"https:\/\/com.rst-steel.eu\/nb\/wp-json\/wp\/v2\/product\/37925","targetHints":{"allow":["GET"]}}],"collection":[{"href":"https:\/\/com.rst-steel.eu\/nb\/wp-json\/wp\/v2\/product"}],"about":[{"href":"https:\/\/com.rst-steel.eu\/nb\/wp-json\/wp\/v2\/types\/product"}],"replies":[{"embeddable":true,"href":"https:\/\/com.rst-steel.eu\/nb\/wp-json\/wp\/v2\/comments?post=37925"}],"version-history":[{"count":0,"href":"https:\/\/com.rst-steel.eu\/nb\/wp-json\/wp\/v2\/product\/37925\/revisions"}],"wp:featuredmedia":[{"embeddable":true,"href":"https:\/\/com.rst-steel.eu\/nb\/wp-json\/wp\/v2\/media\/48682"}],"wp:attachment":[{"href":"https:\/\/com.rst-steel.eu\/nb\/wp-json\/wp\/v2\/media?parent=37925"}],"wp:term":[{"taxonomy":"make_fuel_type","embeddable":true,"href":"https:\/\/com.rst-steel.eu\/nb\/wp-json\/wp\/v2\/make_fuel_type?post=37925"},{"taxonomy":"make_model","embeddable":true,"href":"https:\/\/com.rst-steel.eu\/nb\/wp-json\/wp\/v2\/make_model?post=37925"},{"taxonomy":"make_brand","embeddable":true,"href":"https:\/\/com.rst-steel.eu\/nb\/wp-json\/wp\/v2\/make_brand?post=37925"},{"taxonomy":"make_year","embeddable":true,"href":"https:\/\/com.rst-steel.eu\/nb\/wp-json\/wp\/v2\/make_year?post=37925"},{"taxonomy":"pwb-brand","embeddable":true,"href":"https:\/\/com.rst-steel.eu\/nb\/wp-json\/wp\/v2\/pwb-brand?post=37925"},{"taxonomy":"product_brand","embeddable":true,"href":"https:\/\/com.rst-steel.eu\/nb\/wp-json\/wp\/v2\/product_brand?post=37925"},{"taxonomy":"product_cat","embeddable":true,"href":"https:\/\/com.rst-steel.eu\/nb\/wp-json\/wp\/v2\/product_cat?post=37925"},{"taxonomy":"product_tag","embeddable":true,"href":"https:\/\/com.rst-steel.eu\/nb\/wp-json\/wp\/v2\/product_tag?post=37925"}],"curies":[{"name":"wp","href":"https:\/\/api.w.org\/{rel}","templated":true}]}}