{"id":37899,"date":"2023-04-06T08:35:13","date_gmt":"2023-04-06T05:35:13","guid":{"rendered":"https:\/\/rst-steel.fi-c.seravo.com\/product\/front-spoiler-bar-mb-sprinter-2018-_prm_65769\/"},"modified":"2026-03-16T09:19:10","modified_gmt":"2026-03-16T06:19:10","slug":"spoilerstang-foran-mb-sprinter-2018-_prm_65769","status":"publish","type":"product","link":"https:\/\/com.rst-steel.eu\/nb\/produkt\/spoilerstang-foran-mb-sprinter-2018-_prm_65769\/","title":{"rendered":"Front Spoiler Bar MB Sprinter 2018-"},"content":{"rendered":"<p><strong>Front Spoiler Bar MB Sprinter 2018-<\/strong><\/p>\n<ul>\n<li><\/li>\n<\/ul>\n<p>RST-Steels frontspoilerstenger er h\u00f8ykvalitetsprodukter laget av rustfritt st\u00e5l.<\/p>\n<p>Frontspoiler er et stilig tilbeh\u00f8r som beskytter den fremre st\u00f8tfangeren p\u00e5 bilen din.<\/p>\n<p>Frontspoileren kan utstyres med posisjonslys, noe som forbedrer sikten i trafikken og samtidig \u00f8ker sikkerheten for deg selv og andre i trafikken.<\/p>\n<p>Hvis du treffer fortauskanter, fartsdumper eller sn\u00f8klumper p\u00e5 veien, kan det f\u00f8re til skader p\u00e5 fronten av bilen.<\/p>\n<p>Det kan v\u00e6re dyrt og tidkrevende \u00e5 reparere skadene. Ved \u00e5 forberede seg p\u00e5 disse farene kan reisen fortsette med et trygt sinn, og virksomheten er sikret i disse henseendene.<\/p>\n<p><span style=\"font-weight: bold;\">MERK! Passer ikke til modeller med forhjulsdrift!<\/span><\/p>\n<ul>\n<li><span style=\"font-weight: bold;\">\u00a0<\/span><\/li>\n<\/ul>\n<p><span style=\"font-weight: bold;\">Teknisk informasjon:<\/span><\/p>\n<ul>\n<li>Farge: Speilpolert rustfritt st\u00e5l<\/li>\n<li>R\u00f8rdiameter: 76 mm<\/li>\n<li><\/li>\n<\/ul>\n<p><span style=\"font-weight: bold;\">Innhold i leveransen:<\/span><\/p>\n<ul>\n<li>Front spoiler bar MB<\/li>\n<li>Festemidler som kreves for installasjon<\/li>\n<li>Installasjonsinstruksjoner<\/li>\n<\/ul>","protected":false},"excerpt":{"rendered":"<p>Flere modellalternativer tilgjengelig!<\/p>","protected":false},"featured_media":37897,"comment_status":"open","ping_status":"closed","template":"","meta":{"_improvement_type_select":"improve_an_existing","_thumb_yes_seoaic":false,"_frame_yes_seoaic":false,"seoaic_generate_description":"","seoaic_improve_instructions_prompt":"","seoaic_rollback_content_improvement":"","seoaic_idea_thumbnail_generator":"","thumbnail_generated":false,"thumbnail_generate_prompt":"","seoaic_article_description":""},"make_fuel_type":[],"make_model":[6381],"make_brand":[6374],"make_year":[6373],"pwb-brand":[8334],"product_brand":[],"product_cat":[6092,6094],"product_tag":[7550,8486],"class_list":{"0":"post-37899","1":"product","2":"type-product","3":"status-publish","4":"has-post-thumbnail","6":"make_engine-spinter-l2h1","7":"make_engine-sprinter-l2h2","8":"make_engine-sprinter-l3h2","9":"make_engine-sprinter-l3h3","10":"make_engine-sprinter-l4h2","11":"make_engine-sprinter-l4h3","12":"make_model-w907-w910-sprinter","13":"make_brand-mb-van","14":"make_year-van","15":"pwb-brand-brand_rststeel","16":"product_cat-front-spoiler-bars","17":"product_cat-front-spoiler-bars-for-vans","18":"product_tag-frontbagar","19":"product_tag-sprinter","20":"product_shipping_class-lightbars","22":"first","23":"instock","24":"taxable","25":"shipping-taxable","26":"purchasable","27":"product-type-variable"},"yoast_head":"<!-- This site is optimized with the Yoast SEO plugin v25.7 - https:\/\/yoast.com\/wordpress\/plugins\/seo\/ -->\n<title>Front Spoiler Bar MB Sprinter 2018- RST-Steel<\/title>\n<meta name=\"description\" content=\"Upgrade your 2018 MB Sprinter with our front spoiler bar for enhanced style and protection. Premium quality and perfect fit from RST Steel.\" \/>\n<meta name=\"robots\" content=\"index, follow, max-snippet:-1, max-image-preview:large, max-video-preview:-1\" \/>\n<link rel=\"canonical\" href=\"https:\/\/com.rst-steel.eu\/nb\/produkt\/spoilerstang-foran-mb-sprinter-2018-_prm_65769\/\" \/>\n<meta property=\"og:locale\" content=\"nb_NO\" \/>\n<meta property=\"og:type\" content=\"article\" \/>\n<meta property=\"og:title\" content=\"Front Spoiler Bar MB Sprinter 2018- RST-Steel\" \/>\n<meta property=\"og:description\" content=\"Upgrade your 2018 MB Sprinter with our front spoiler bar for enhanced style and protection. Premium quality and perfect fit from RST Steel.\" \/>\n<meta property=\"og:url\" content=\"https:\/\/com.rst-steel.eu\/nb\/produkt\/spoilerstang-foran-mb-sprinter-2018-_prm_65769\/\" \/>\n<meta property=\"og:site_name\" content=\"RST-Steel\" \/>\n<meta property=\"article:publisher\" content=\"https:\/\/www.facebook.com\/rststeel\" \/>\n<meta property=\"article:modified_time\" content=\"2026-03-16T06:19:10+00:00\" \/>\n<meta property=\"og:image\" content=\"https:\/\/com.rst-steel.eu\/wp-content\/uploads\/2023\/04\/a03bb092c55839b38e4cb32493f0e4ba7ea26425_Etupuskurin76mmsuojarautaMBSpri18__15010003B_7a02e592a36e3b298f9da5f3ca999aa3_1.jpeg\" \/>\n\t<meta property=\"og:image:width\" content=\"1200\" \/>\n\t<meta property=\"og:image:height\" content=\"1600\" \/>\n\t<meta property=\"og:image:type\" content=\"image\/jpeg\" \/>\n<meta name=\"twitter:card\" content=\"summary_large_image\" \/>\n<meta name=\"twitter:label1\" content=\"Ansl. lesetid\" \/>\n\t<meta name=\"twitter:data1\" content=\"1 minutt\" \/>\n<script type=\"application\/ld+json\" class=\"yoast-schema-graph\">{\"@context\":\"https:\/\/schema.org\",\"@graph\":[{\"@type\":\"WebPage\",\"@id\":\"https:\/\/com.rst-steel.eu\/sv\/produkt\/framre-spoilerstang-mb-sprinter-2018-_prm_65769\/\",\"url\":\"https:\/\/com.rst-steel.eu\/sv\/produkt\/framre-spoilerstang-mb-sprinter-2018-_prm_65769\/\",\"name\":\"Front Spoiler Bar MB Sprinter 2018- RST-Steel\",\"isPartOf\":{\"@id\":\"https:\/\/com.rst-steel.eu\/#website\"},\"primaryImageOfPage\":{\"@id\":\"https:\/\/com.rst-steel.eu\/sv\/produkt\/framre-spoilerstang-mb-sprinter-2018-_prm_65769\/#primaryimage\"},\"image\":{\"@id\":\"https:\/\/com.rst-steel.eu\/sv\/produkt\/framre-spoilerstang-mb-sprinter-2018-_prm_65769\/#primaryimage\"},\"thumbnailUrl\":\"https:\/\/com.rst-steel.eu\/wp-content\/uploads\/2023\/04\/a03bb092c55839b38e4cb32493f0e4ba7ea26425_Etupuskurin76mmsuojarautaMBSpri18__15010003B_7a02e592a36e3b298f9da5f3ca999aa3_1.jpeg\",\"datePublished\":\"2023-04-06T05:35:13+00:00\",\"dateModified\":\"2026-03-16T06:19:10+00:00\",\"description\":\"Upgrade your 2018 MB Sprinter with our front spoiler bar for enhanced style and protection. Premium quality and perfect fit from RST Steel.\",\"breadcrumb\":{\"@id\":\"https:\/\/com.rst-steel.eu\/sv\/produkt\/framre-spoilerstang-mb-sprinter-2018-_prm_65769\/#breadcrumb\"},\"inLanguage\":\"nb-NO\",\"potentialAction\":[{\"@type\":\"ReadAction\",\"target\":[\"https:\/\/com.rst-steel.eu\/sv\/produkt\/framre-spoilerstang-mb-sprinter-2018-_prm_65769\/\"]}]},{\"@type\":\"ImageObject\",\"inLanguage\":\"nb-NO\",\"@id\":\"https:\/\/com.rst-steel.eu\/sv\/produkt\/framre-spoilerstang-mb-sprinter-2018-_prm_65769\/#primaryimage\",\"url\":\"https:\/\/com.rst-steel.eu\/wp-content\/uploads\/2023\/04\/a03bb092c55839b38e4cb32493f0e4ba7ea26425_Etupuskurin76mmsuojarautaMBSpri18__15010003B_7a02e592a36e3b298f9da5f3ca999aa3_1.jpeg\",\"contentUrl\":\"https:\/\/com.rst-steel.eu\/wp-content\/uploads\/2023\/04\/a03bb092c55839b38e4cb32493f0e4ba7ea26425_Etupuskurin76mmsuojarautaMBSpri18__15010003B_7a02e592a36e3b298f9da5f3ca999aa3_1.jpeg\",\"width\":1200,\"height\":1600,\"caption\":\"Front Spoiler Bar MB Sprinter 2018-\"},{\"@type\":\"BreadcrumbList\",\"@id\":\"https:\/\/com.rst-steel.eu\/sv\/produkt\/framre-spoilerstang-mb-sprinter-2018-_prm_65769\/#breadcrumb\",\"itemListElement\":[{\"@type\":\"ListItem\",\"position\":1,\"name\":\"Home\",\"item\":\"https:\/\/com.rst-steel.eu\/\"},{\"@type\":\"ListItem\",\"position\":2,\"name\":\"RST-Steel Shop\",\"item\":\"https:\/\/com.rst-steel.eu\/shop\/\"},{\"@type\":\"ListItem\",\"position\":3,\"name\":\"Front Spoiler Bar MB Sprinter 2018-\"}]},{\"@type\":\"WebSite\",\"@id\":\"https:\/\/com.rst-steel.eu\/#website\",\"url\":\"https:\/\/com.rst-steel.eu\/\",\"name\":\"RST-Steel.com\",\"description\":\"Finnish quality steel, for quality-conscious drivers\",\"publisher\":{\"@id\":\"https:\/\/com.rst-steel.eu\/#organization\"},\"alternateName\":\"Safe and stylish RST-Steel quality\",\"potentialAction\":[{\"@type\":\"SearchAction\",\"target\":{\"@type\":\"EntryPoint\",\"urlTemplate\":\"https:\/\/com.rst-steel.eu\/?s={search_term_string}\"},\"query-input\":{\"@type\":\"PropertyValueSpecification\",\"valueRequired\":true,\"valueName\":\"search_term_string\"}}],\"inLanguage\":\"nb-NO\"},{\"@type\":\"Organization\",\"@id\":\"https:\/\/com.rst-steel.eu\/#organization\",\"name\":\"RST-Steel Oy\",\"url\":\"https:\/\/com.rst-steel.eu\/\",\"logo\":{\"@type\":\"ImageObject\",\"inLanguage\":\"nb-NO\",\"@id\":\"https:\/\/com.rst-steel.eu\/#\/schema\/logo\/image\/\",\"url\":\"https:\/\/com.rst-steel.eu\/wp-content\/uploads\/2023\/04\/cropped-Rst-logo-valkoinen-teksti-3.png\",\"contentUrl\":\"https:\/\/com.rst-steel.eu\/wp-content\/uploads\/2023\/04\/cropped-Rst-logo-valkoinen-teksti-3.png\",\"width\":512,\"height\":115,\"caption\":\"RST-Steel Oy\"},\"image\":{\"@id\":\"https:\/\/com.rst-steel.eu\/#\/schema\/logo\/image\/\"},\"sameAs\":[\"https:\/\/www.facebook.com\/rststeel\",\"https:\/\/www.instagram.com\/rststeeloy\/\"]}]}<\/script>\n<!-- \/ Yoast SEO plugin. -->","yoast_head_json":{"title":"Frontspoiler Bar MB Sprinter 2018- RST-Steel","description":"Upgrade your 2018 MB Sprinter with our front spoiler bar for enhanced style and protection. Premium quality and perfect fit from RST Steel.","robots":{"index":"index","follow":"follow","max-snippet":"max-snippet:-1","max-image-preview":"max-image-preview:large","max-video-preview":"max-video-preview:-1"},"canonical":"https:\/\/com.rst-steel.eu\/nb\/produkt\/spoilerstang-foran-mb-sprinter-2018-_prm_65769\/","og_locale":"nb_NO","og_type":"article","og_title":"Front Spoiler Bar MB Sprinter 2018- RST-Steel","og_description":"Upgrade your 2018 MB Sprinter with our front spoiler bar for enhanced style and protection. Premium quality and perfect fit from RST Steel.","og_url":"https:\/\/com.rst-steel.eu\/nb\/produkt\/spoilerstang-foran-mb-sprinter-2018-_prm_65769\/","og_site_name":"RST-Steel","article_publisher":"https:\/\/www.facebook.com\/rststeel","article_modified_time":"2026-03-16T06:19:10+00:00","og_image":[{"width":1200,"height":1600,"url":"https:\/\/com.rst-steel.eu\/wp-content\/uploads\/2023\/04\/a03bb092c55839b38e4cb32493f0e4ba7ea26425_Etupuskurin76mmsuojarautaMBSpri18__15010003B_7a02e592a36e3b298f9da5f3ca999aa3_1.jpeg","type":"image\/jpeg"}],"twitter_card":"summary_large_image","twitter_misc":{"Ansl. lesetid":"1 minutt"},"schema":{"@context":"https:\/\/schema.org","@graph":[{"@type":"WebPage","@id":"https:\/\/com.rst-steel.eu\/sv\/produkt\/framre-spoilerstang-mb-sprinter-2018-_prm_65769\/","url":"https:\/\/com.rst-steel.eu\/sv\/produkt\/framre-spoilerstang-mb-sprinter-2018-_prm_65769\/","name":"Frontspoiler Bar MB Sprinter 2018- RST-Steel","isPartOf":{"@id":"https:\/\/com.rst-steel.eu\/#website"},"primaryImageOfPage":{"@id":"https:\/\/com.rst-steel.eu\/sv\/produkt\/framre-spoilerstang-mb-sprinter-2018-_prm_65769\/#primaryimage"},"image":{"@id":"https:\/\/com.rst-steel.eu\/sv\/produkt\/framre-spoilerstang-mb-sprinter-2018-_prm_65769\/#primaryimage"},"thumbnailUrl":"https:\/\/com.rst-steel.eu\/wp-content\/uploads\/2023\/04\/a03bb092c55839b38e4cb32493f0e4ba7ea26425_Etupuskurin76mmsuojarautaMBSpri18__15010003B_7a02e592a36e3b298f9da5f3ca999aa3_1.jpeg","datePublished":"2023-04-06T05:35:13+00:00","dateModified":"2026-03-16T06:19:10+00:00","description":"Upgrade your 2018 MB Sprinter with our front spoiler bar for enhanced style and protection. Premium quality and perfect fit from RST Steel.","breadcrumb":{"@id":"https:\/\/com.rst-steel.eu\/sv\/produkt\/framre-spoilerstang-mb-sprinter-2018-_prm_65769\/#breadcrumb"},"inLanguage":"nb-NO","potentialAction":[{"@type":"ReadAction","target":["https:\/\/com.rst-steel.eu\/sv\/produkt\/framre-spoilerstang-mb-sprinter-2018-_prm_65769\/"]}]},{"@type":"ImageObject","inLanguage":"nb-NO","@id":"https:\/\/com.rst-steel.eu\/sv\/produkt\/framre-spoilerstang-mb-sprinter-2018-_prm_65769\/#primaryimage","url":"https:\/\/com.rst-steel.eu\/wp-content\/uploads\/2023\/04\/a03bb092c55839b38e4cb32493f0e4ba7ea26425_Etupuskurin76mmsuojarautaMBSpri18__15010003B_7a02e592a36e3b298f9da5f3ca999aa3_1.jpeg","contentUrl":"https:\/\/com.rst-steel.eu\/wp-content\/uploads\/2023\/04\/a03bb092c55839b38e4cb32493f0e4ba7ea26425_Etupuskurin76mmsuojarautaMBSpri18__15010003B_7a02e592a36e3b298f9da5f3ca999aa3_1.jpeg","width":1200,"height":1600,"caption":"Front Spoiler Bar MB Sprinter 2018-"},{"@type":"BreadcrumbList","@id":"https:\/\/com.rst-steel.eu\/sv\/produkt\/framre-spoilerstang-mb-sprinter-2018-_prm_65769\/#breadcrumb","itemListElement":[{"@type":"ListItem","position":1,"name":"Home","item":"https:\/\/com.rst-steel.eu\/"},{"@type":"ListItem","position":2,"name":"RST-Steel Shop","item":"https:\/\/com.rst-steel.eu\/shop\/"},{"@type":"ListItem","position":3,"name":"Front Spoiler Bar MB Sprinter 2018-"}]},{"@type":"WebSite","@id":"https:\/\/com.rst-steel.eu\/#website","url":"https:\/\/com.rst-steel.eu\/","name":"RST-Steel.com","description":"Finsk kvalitetsst\u00e5l, for kvalitetsbevisste sj\u00e5f\u00f8rer","publisher":{"@id":"https:\/\/com.rst-steel.eu\/#organization"},"alternateName":"Safe and stylish RST-Steel quality","potentialAction":[{"@type":"SearchAction","target":{"@type":"EntryPoint","urlTemplate":"https:\/\/com.rst-steel.eu\/?s={search_term_string}"},"query-input":{"@type":"PropertyValueSpecification","valueRequired":true,"valueName":"search_term_string"}}],"inLanguage":"nb-NO"},{"@type":"Organization","@id":"https:\/\/com.rst-steel.eu\/#organization","name":"RST-Steel Oy","url":"https:\/\/com.rst-steel.eu\/","logo":{"@type":"ImageObject","inLanguage":"nb-NO","@id":"https:\/\/com.rst-steel.eu\/#\/schema\/logo\/image\/","url":"https:\/\/com.rst-steel.eu\/wp-content\/uploads\/2023\/04\/cropped-Rst-logo-valkoinen-teksti-3.png","contentUrl":"https:\/\/com.rst-steel.eu\/wp-content\/uploads\/2023\/04\/cropped-Rst-logo-valkoinen-teksti-3.png","width":512,"height":115,"caption":"RST-Steel Oy"},"image":{"@id":"https:\/\/com.rst-steel.eu\/#\/schema\/logo\/image\/"},"sameAs":["https:\/\/www.facebook.com\/rststeel","https:\/\/www.instagram.com\/rststeeloy\/"]}]}},"brands":[{"id":8334,"name":"RST-Steel","slug":"brand_rststeel"}],"_links":{"self":[{"href":"https:\/\/com.rst-steel.eu\/nb\/wp-json\/wp\/v2\/product\/37899","targetHints":{"allow":["GET"]}}],"collection":[{"href":"https:\/\/com.rst-steel.eu\/nb\/wp-json\/wp\/v2\/product"}],"about":[{"href":"https:\/\/com.rst-steel.eu\/nb\/wp-json\/wp\/v2\/types\/product"}],"replies":[{"embeddable":true,"href":"https:\/\/com.rst-steel.eu\/nb\/wp-json\/wp\/v2\/comments?post=37899"}],"version-history":[{"count":0,"href":"https:\/\/com.rst-steel.eu\/nb\/wp-json\/wp\/v2\/product\/37899\/revisions"}],"wp:featuredmedia":[{"embeddable":true,"href":"https:\/\/com.rst-steel.eu\/nb\/wp-json\/wp\/v2\/media\/37897"}],"wp:attachment":[{"href":"https:\/\/com.rst-steel.eu\/nb\/wp-json\/wp\/v2\/media?parent=37899"}],"wp:term":[{"taxonomy":"make_fuel_type","embeddable":true,"href":"https:\/\/com.rst-steel.eu\/nb\/wp-json\/wp\/v2\/make_fuel_type?post=37899"},{"taxonomy":"make_model","embeddable":true,"href":"https:\/\/com.rst-steel.eu\/nb\/wp-json\/wp\/v2\/make_model?post=37899"},{"taxonomy":"make_brand","embeddable":true,"href":"https:\/\/com.rst-steel.eu\/nb\/wp-json\/wp\/v2\/make_brand?post=37899"},{"taxonomy":"make_year","embeddable":true,"href":"https:\/\/com.rst-steel.eu\/nb\/wp-json\/wp\/v2\/make_year?post=37899"},{"taxonomy":"pwb-brand","embeddable":true,"href":"https:\/\/com.rst-steel.eu\/nb\/wp-json\/wp\/v2\/pwb-brand?post=37899"},{"taxonomy":"product_brand","embeddable":true,"href":"https:\/\/com.rst-steel.eu\/nb\/wp-json\/wp\/v2\/product_brand?post=37899"},{"taxonomy":"product_cat","embeddable":true,"href":"https:\/\/com.rst-steel.eu\/nb\/wp-json\/wp\/v2\/product_cat?post=37899"},{"taxonomy":"product_tag","embeddable":true,"href":"https:\/\/com.rst-steel.eu\/nb\/wp-json\/wp\/v2\/product_tag?post=37899"}],"curies":[{"name":"wp","href":"https:\/\/api.w.org\/{rel}","templated":true}]}}