{"id":37892,"date":"2023-04-06T08:34:26","date_gmt":"2023-04-06T05:34:26","guid":{"rendered":"https:\/\/rst-steel.fi-c.seravo.com\/product\/lazer-grille-kit-mb-sprinter-2018-with-linear-12-auxiliary-lights_prm_65588\/"},"modified":"2026-03-16T09:20:51","modified_gmt":"2026-03-16T06:20:51","slug":"lazer-grille-kit-mb-sprinter-2018-with-linear-12-auxiliary-lights_prm_65588","status":"publish","type":"product","link":"https:\/\/com.rst-steel.eu\/nb\/produkt\/lazer-grille-kit-mb-sprinter-2018-with-linear-12-auxiliary-lights_prm_65588\/","title":{"rendered":"Lazer Grille Kit MB Sprinter 2018- With Linear 12 Auxiliary Lights"},"content":{"rendered":"<p>Lazer Grille Kit MB Sprinter 2018- With Linear 12 Auxiliary Lights<\/p>\n<ul>\n<li><\/li>\n<\/ul>\n<p><\/p>\n<p>Grille integration kit fits seamlessly into the vehicle to the original style, the resulting road legal lighting remains fully supported and safe, while offering exceptional light output.<\/p>\n<p><\/p>\n<p>A set of cutting guides designed for to facilitate installation and ensure a perfect fit every time without, that the vehicle grille or parts of the bumper are removed.<\/p>\n<p><\/p>\n<p>The package includes custom-made vehicle-specific ones fasteners, thanks to which the installation is easy to perform and the end result is neat.<\/p>\n<p><span style=\"font-weight: bold\">NOTICE! Not compatible with E-Sprinter models!<br \/><\/span><\/p>\n<ul>\n<li><\/li>\n<\/ul>\n<p><\/p>\n<p><span style=\"font-weight: bold\">Pakken inkluderer:<\/span><\/p>\n<ul>\n<li>2 x Lazer linear 12 auxiliary lights of your choice<\/li>\n<li>Brackets<\/li>\n<li>Ledningsset&nbsp;<\/li>\n<li>Installasjonsinstruksjoner<\/li>\n<\/ul>","protected":false},"excerpt":{"rendered":"<p>Grillsett tilgjengelig med Standard, Elite og Elite med posisjonslys<\/p>","protected":false},"featured_media":37888,"comment_status":"open","ping_status":"closed","template":"","meta":{"_improvement_type_select":"improve_an_existing","_thumb_yes_seoaic":false,"_frame_yes_seoaic":false,"seoaic_generate_description":"","seoaic_improve_instructions_prompt":"","seoaic_rollback_content_improvement":"","seoaic_idea_thumbnail_generator":"","thumbnail_generated":false,"thumbnail_generate_prompt":"","seoaic_article_description":""},"make_fuel_type":[],"make_model":[6381],"make_brand":[6374],"make_year":[6373],"pwb-brand":[8332],"product_brand":[],"product_cat":[6195,6209,6212],"product_tag":[6298,8486],"class_list":{"0":"post-37892","1":"product","2":"type-product","3":"status-publish","4":"has-post-thumbnail","6":"make_engine-spinter-l2h1","7":"make_engine-sprinter-l2h2","8":"make_engine-sprinter-l3h2","9":"make_engine-sprinter-l3h3","10":"make_engine-sprinter-l4h2","11":"make_engine-sprinter-l4h3","12":"make_model-w907-w910-sprinter","13":"make_brand-mb-van","14":"make_year-van","15":"pwb-brand-brand_lazerlamps","16":"product_cat-lamps","17":"product_cat-auxiliary-lights","18":"product_cat-lazer-lamps-vehicle-specific-driving-light-kits","19":"product_tag-lazer-lamps","20":"product_tag-sprinter","22":"first","23":"instock","24":"taxable","25":"shipping-taxable","26":"purchasable","27":"product-type-variable"},"yoast_head":"<!-- This site is optimized with the Yoast SEO plugin v25.7 - https:\/\/yoast.com\/wordpress\/plugins\/seo\/ -->\n<title>Lazer Grille Kit MB Sprinter 2018- With Linear 12 Auxiliary Lights - RST-Steel<\/title>\n<meta name=\"description\" content=\"Upgrade your MB Sprinter 2018+ with the Lazer Grille Kit, featuring Linear 12 Auxiliary Lights for enhanced visibility and sleek design.\" \/>\n<meta name=\"robots\" content=\"index, follow, max-snippet:-1, max-image-preview:large, max-video-preview:-1\" \/>\n<link rel=\"canonical\" href=\"https:\/\/com.rst-steel.eu\/nb\/produkt\/lazer-grille-kit-mb-sprinter-2018-with-linear-12-auxiliary-lights_prm_65588\/\" \/>\n<meta property=\"og:locale\" content=\"nb_NO\" \/>\n<meta property=\"og:type\" content=\"article\" \/>\n<meta property=\"og:title\" content=\"Lazer Grille Kit MB Sprinter 2018- With Linear 12 Auxiliary Lights - RST-Steel\" \/>\n<meta property=\"og:description\" content=\"Upgrade your MB Sprinter 2018+ with the Lazer Grille Kit, featuring Linear 12 Auxiliary Lights for enhanced visibility and sleek design.\" \/>\n<meta property=\"og:url\" content=\"https:\/\/com.rst-steel.eu\/nb\/produkt\/lazer-grille-kit-mb-sprinter-2018-with-linear-12-auxiliary-lights_prm_65588\/\" \/>\n<meta property=\"og:site_name\" content=\"RST-Steel\" \/>\n<meta property=\"article:publisher\" content=\"https:\/\/www.facebook.com\/rststeel\" \/>\n<meta property=\"article:modified_time\" content=\"2026-03-16T06:20:51+00:00\" \/>\n<meta property=\"og:image\" content=\"https:\/\/com.rst-steel.eu\/wp-content\/uploads\/2023\/04\/4668e81d58cadc9e13e756b97802678f941f2179__MB57020107_.jpg\" \/>\n\t<meta property=\"og:image:width\" content=\"571\" \/>\n\t<meta property=\"og:image:height\" content=\"554\" \/>\n\t<meta property=\"og:image:type\" content=\"image\/jpeg\" \/>\n<meta name=\"twitter:card\" content=\"summary_large_image\" \/>\n<meta name=\"twitter:label1\" content=\"Ansl. lesetid\" \/>\n\t<meta name=\"twitter:data1\" content=\"1 minutt\" \/>\n<script type=\"application\/ld+json\" class=\"yoast-schema-graph\">{\"@context\":\"https:\/\/schema.org\",\"@graph\":[{\"@type\":\"WebPage\",\"@id\":\"https:\/\/com.rst-steel.eu\/nb\/produkt\/lazer-grille-kit-mb-sprinter-2018-with-linear-12-auxiliary-lights_prm_65588\/\",\"url\":\"https:\/\/com.rst-steel.eu\/nb\/produkt\/lazer-grille-kit-mb-sprinter-2018-with-linear-12-auxiliary-lights_prm_65588\/\",\"name\":\"Lazer Grille Kit MB Sprinter 2018- With Linear 12 Auxiliary Lights - RST-Steel\",\"isPartOf\":{\"@id\":\"https:\/\/com.rst-steel.eu\/#website\"},\"primaryImageOfPage\":{\"@id\":\"https:\/\/com.rst-steel.eu\/nb\/produkt\/lazer-grille-kit-mb-sprinter-2018-with-linear-12-auxiliary-lights_prm_65588\/#primaryimage\"},\"image\":{\"@id\":\"https:\/\/com.rst-steel.eu\/nb\/produkt\/lazer-grille-kit-mb-sprinter-2018-with-linear-12-auxiliary-lights_prm_65588\/#primaryimage\"},\"thumbnailUrl\":\"https:\/\/com.rst-steel.eu\/wp-content\/uploads\/2023\/04\/4668e81d58cadc9e13e756b97802678f941f2179__MB57020107_.jpg\",\"datePublished\":\"2023-04-06T05:34:26+00:00\",\"dateModified\":\"2026-03-16T06:20:51+00:00\",\"description\":\"Upgrade your MB Sprinter 2018+ with the Lazer Grille Kit, featuring Linear 12 Auxiliary Lights for enhanced visibility and sleek design.\",\"breadcrumb\":{\"@id\":\"https:\/\/com.rst-steel.eu\/nb\/produkt\/lazer-grille-kit-mb-sprinter-2018-with-linear-12-auxiliary-lights_prm_65588\/#breadcrumb\"},\"inLanguage\":\"nb-NO\",\"potentialAction\":[{\"@type\":\"ReadAction\",\"target\":[\"https:\/\/com.rst-steel.eu\/nb\/produkt\/lazer-grille-kit-mb-sprinter-2018-with-linear-12-auxiliary-lights_prm_65588\/\"]}]},{\"@type\":\"ImageObject\",\"inLanguage\":\"nb-NO\",\"@id\":\"https:\/\/com.rst-steel.eu\/nb\/produkt\/lazer-grille-kit-mb-sprinter-2018-with-linear-12-auxiliary-lights_prm_65588\/#primaryimage\",\"url\":\"https:\/\/com.rst-steel.eu\/wp-content\/uploads\/2023\/04\/4668e81d58cadc9e13e756b97802678f941f2179__MB57020107_.jpg\",\"contentUrl\":\"https:\/\/com.rst-steel.eu\/wp-content\/uploads\/2023\/04\/4668e81d58cadc9e13e756b97802678f941f2179__MB57020107_.jpg\",\"width\":571,\"height\":554,\"caption\":\"Lazer Grille Kit MB Sprinter 2018- With Linear 12 Auxiliary Lights\"},{\"@type\":\"BreadcrumbList\",\"@id\":\"https:\/\/com.rst-steel.eu\/nb\/produkt\/lazer-grille-kit-mb-sprinter-2018-with-linear-12-auxiliary-lights_prm_65588\/#breadcrumb\",\"itemListElement\":[{\"@type\":\"ListItem\",\"position\":1,\"name\":\"Home\",\"item\":\"https:\/\/com.rst-steel.eu\/\"},{\"@type\":\"ListItem\",\"position\":2,\"name\":\"RST-Steel Shop\",\"item\":\"https:\/\/com.rst-steel.eu\/shop\/\"},{\"@type\":\"ListItem\",\"position\":3,\"name\":\"Lazer Grille Kit MB Sprinter 2018- With Linear 12 Auxiliary Lights\"}]},{\"@type\":\"WebSite\",\"@id\":\"https:\/\/com.rst-steel.eu\/#website\",\"url\":\"https:\/\/com.rst-steel.eu\/\",\"name\":\"RST-Steel.com\",\"description\":\"Finnish quality steel, for quality-conscious drivers\",\"publisher\":{\"@id\":\"https:\/\/com.rst-steel.eu\/#organization\"},\"alternateName\":\"Safe and stylish RST-Steel quality\",\"potentialAction\":[{\"@type\":\"SearchAction\",\"target\":{\"@type\":\"EntryPoint\",\"urlTemplate\":\"https:\/\/com.rst-steel.eu\/?s={search_term_string}\"},\"query-input\":{\"@type\":\"PropertyValueSpecification\",\"valueRequired\":true,\"valueName\":\"search_term_string\"}}],\"inLanguage\":\"nb-NO\"},{\"@type\":\"Organization\",\"@id\":\"https:\/\/com.rst-steel.eu\/#organization\",\"name\":\"RST-Steel Oy\",\"url\":\"https:\/\/com.rst-steel.eu\/\",\"logo\":{\"@type\":\"ImageObject\",\"inLanguage\":\"nb-NO\",\"@id\":\"https:\/\/com.rst-steel.eu\/#\/schema\/logo\/image\/\",\"url\":\"https:\/\/com.rst-steel.eu\/wp-content\/uploads\/2023\/04\/cropped-Rst-logo-valkoinen-teksti-3.png\",\"contentUrl\":\"https:\/\/com.rst-steel.eu\/wp-content\/uploads\/2023\/04\/cropped-Rst-logo-valkoinen-teksti-3.png\",\"width\":512,\"height\":115,\"caption\":\"RST-Steel Oy\"},\"image\":{\"@id\":\"https:\/\/com.rst-steel.eu\/#\/schema\/logo\/image\/\"},\"sameAs\":[\"https:\/\/www.facebook.com\/rststeel\",\"https:\/\/www.instagram.com\/rststeeloy\/\"]}]}<\/script>\n<!-- \/ Yoast SEO plugin. -->","yoast_head_json":{"title":"Lazer Grille Kit MB Sprinter 2018- With Linear 12 Auxiliary Lights - RST-Steel","description":"Oppgrader din MB Sprinter 2018+ med Lazer-grillsettet, med Linear 12 hjelpelys for bedre synlighet og elegant design.","robots":{"index":"index","follow":"follow","max-snippet":"max-snippet:-1","max-image-preview":"max-image-preview:large","max-video-preview":"max-video-preview:-1"},"canonical":"https:\/\/com.rst-steel.eu\/nb\/produkt\/lazer-grille-kit-mb-sprinter-2018-with-linear-12-auxiliary-lights_prm_65588\/","og_locale":"nb_NO","og_type":"article","og_title":"Lazer Grille Kit MB Sprinter 2018- With Linear 12 Auxiliary Lights - RST-Steel","og_description":"Upgrade your MB Sprinter 2018+ with the Lazer Grille Kit, featuring Linear 12 Auxiliary Lights for enhanced visibility and sleek design.","og_url":"https:\/\/com.rst-steel.eu\/nb\/produkt\/lazer-grille-kit-mb-sprinter-2018-with-linear-12-auxiliary-lights_prm_65588\/","og_site_name":"RST-Steel","article_publisher":"https:\/\/www.facebook.com\/rststeel","article_modified_time":"2026-03-16T06:20:51+00:00","og_image":[{"width":571,"height":554,"url":"https:\/\/com.rst-steel.eu\/wp-content\/uploads\/2023\/04\/4668e81d58cadc9e13e756b97802678f941f2179__MB57020107_.jpg","type":"image\/jpeg"}],"twitter_card":"summary_large_image","twitter_misc":{"Ansl. lesetid":"1 minutt"},"schema":{"@context":"https:\/\/schema.org","@graph":[{"@type":"WebPage","@id":"https:\/\/com.rst-steel.eu\/nb\/produkt\/lazer-grille-kit-mb-sprinter-2018-with-linear-12-auxiliary-lights_prm_65588\/","url":"https:\/\/com.rst-steel.eu\/nb\/produkt\/lazer-grille-kit-mb-sprinter-2018-with-linear-12-auxiliary-lights_prm_65588\/","name":"Lazer Grille Kit MB Sprinter 2018- With Linear 12 Auxiliary Lights - RST-Steel","isPartOf":{"@id":"https:\/\/com.rst-steel.eu\/#website"},"primaryImageOfPage":{"@id":"https:\/\/com.rst-steel.eu\/nb\/produkt\/lazer-grille-kit-mb-sprinter-2018-with-linear-12-auxiliary-lights_prm_65588\/#primaryimage"},"image":{"@id":"https:\/\/com.rst-steel.eu\/nb\/produkt\/lazer-grille-kit-mb-sprinter-2018-with-linear-12-auxiliary-lights_prm_65588\/#primaryimage"},"thumbnailUrl":"https:\/\/com.rst-steel.eu\/wp-content\/uploads\/2023\/04\/4668e81d58cadc9e13e756b97802678f941f2179__MB57020107_.jpg","datePublished":"2023-04-06T05:34:26+00:00","dateModified":"2026-03-16T06:20:51+00:00","description":"Oppgrader din MB Sprinter 2018+ med Lazer-grillsettet, med Linear 12 hjelpelys for bedre synlighet og elegant design.","breadcrumb":{"@id":"https:\/\/com.rst-steel.eu\/nb\/produkt\/lazer-grille-kit-mb-sprinter-2018-with-linear-12-auxiliary-lights_prm_65588\/#breadcrumb"},"inLanguage":"nb-NO","potentialAction":[{"@type":"ReadAction","target":["https:\/\/com.rst-steel.eu\/nb\/produkt\/lazer-grille-kit-mb-sprinter-2018-with-linear-12-auxiliary-lights_prm_65588\/"]}]},{"@type":"ImageObject","inLanguage":"nb-NO","@id":"https:\/\/com.rst-steel.eu\/nb\/produkt\/lazer-grille-kit-mb-sprinter-2018-with-linear-12-auxiliary-lights_prm_65588\/#primaryimage","url":"https:\/\/com.rst-steel.eu\/wp-content\/uploads\/2023\/04\/4668e81d58cadc9e13e756b97802678f941f2179__MB57020107_.jpg","contentUrl":"https:\/\/com.rst-steel.eu\/wp-content\/uploads\/2023\/04\/4668e81d58cadc9e13e756b97802678f941f2179__MB57020107_.jpg","width":571,"height":554,"caption":"Lazer Grille Kit MB Sprinter 2018- With Linear 12 Auxiliary Lights"},{"@type":"BreadcrumbList","@id":"https:\/\/com.rst-steel.eu\/nb\/produkt\/lazer-grille-kit-mb-sprinter-2018-with-linear-12-auxiliary-lights_prm_65588\/#breadcrumb","itemListElement":[{"@type":"ListItem","position":1,"name":"Home","item":"https:\/\/com.rst-steel.eu\/"},{"@type":"ListItem","position":2,"name":"RST-Steel Shop","item":"https:\/\/com.rst-steel.eu\/shop\/"},{"@type":"ListItem","position":3,"name":"Lazer Grille Kit MB Sprinter 2018- With Linear 12 Auxiliary Lights"}]},{"@type":"WebSite","@id":"https:\/\/com.rst-steel.eu\/#website","url":"https:\/\/com.rst-steel.eu\/","name":"RST-Steel.com","description":"Finsk kvalitetsst\u00e5l, for kvalitetsbevisste sj\u00e5f\u00f8rer","publisher":{"@id":"https:\/\/com.rst-steel.eu\/#organization"},"alternateName":"Safe and stylish RST-Steel quality","potentialAction":[{"@type":"SearchAction","target":{"@type":"EntryPoint","urlTemplate":"https:\/\/com.rst-steel.eu\/?s={search_term_string}"},"query-input":{"@type":"PropertyValueSpecification","valueRequired":true,"valueName":"search_term_string"}}],"inLanguage":"nb-NO"},{"@type":"Organization","@id":"https:\/\/com.rst-steel.eu\/#organization","name":"RST-Steel Oy","url":"https:\/\/com.rst-steel.eu\/","logo":{"@type":"ImageObject","inLanguage":"nb-NO","@id":"https:\/\/com.rst-steel.eu\/#\/schema\/logo\/image\/","url":"https:\/\/com.rst-steel.eu\/wp-content\/uploads\/2023\/04\/cropped-Rst-logo-valkoinen-teksti-3.png","contentUrl":"https:\/\/com.rst-steel.eu\/wp-content\/uploads\/2023\/04\/cropped-Rst-logo-valkoinen-teksti-3.png","width":512,"height":115,"caption":"RST-Steel Oy"},"image":{"@id":"https:\/\/com.rst-steel.eu\/#\/schema\/logo\/image\/"},"sameAs":["https:\/\/www.facebook.com\/rststeel","https:\/\/www.instagram.com\/rststeeloy\/"]}]}},"brands":[{"id":8332,"name":"Lazer Lamps","slug":"brand_lazerlamps"}],"_links":{"self":[{"href":"https:\/\/com.rst-steel.eu\/nb\/wp-json\/wp\/v2\/product\/37892","targetHints":{"allow":["GET"]}}],"collection":[{"href":"https:\/\/com.rst-steel.eu\/nb\/wp-json\/wp\/v2\/product"}],"about":[{"href":"https:\/\/com.rst-steel.eu\/nb\/wp-json\/wp\/v2\/types\/product"}],"replies":[{"embeddable":true,"href":"https:\/\/com.rst-steel.eu\/nb\/wp-json\/wp\/v2\/comments?post=37892"}],"version-history":[{"count":0,"href":"https:\/\/com.rst-steel.eu\/nb\/wp-json\/wp\/v2\/product\/37892\/revisions"}],"wp:featuredmedia":[{"embeddable":true,"href":"https:\/\/com.rst-steel.eu\/nb\/wp-json\/wp\/v2\/media\/37888"}],"wp:attachment":[{"href":"https:\/\/com.rst-steel.eu\/nb\/wp-json\/wp\/v2\/media?parent=37892"}],"wp:term":[{"taxonomy":"make_fuel_type","embeddable":true,"href":"https:\/\/com.rst-steel.eu\/nb\/wp-json\/wp\/v2\/make_fuel_type?post=37892"},{"taxonomy":"make_model","embeddable":true,"href":"https:\/\/com.rst-steel.eu\/nb\/wp-json\/wp\/v2\/make_model?post=37892"},{"taxonomy":"make_brand","embeddable":true,"href":"https:\/\/com.rst-steel.eu\/nb\/wp-json\/wp\/v2\/make_brand?post=37892"},{"taxonomy":"make_year","embeddable":true,"href":"https:\/\/com.rst-steel.eu\/nb\/wp-json\/wp\/v2\/make_year?post=37892"},{"taxonomy":"pwb-brand","embeddable":true,"href":"https:\/\/com.rst-steel.eu\/nb\/wp-json\/wp\/v2\/pwb-brand?post=37892"},{"taxonomy":"product_brand","embeddable":true,"href":"https:\/\/com.rst-steel.eu\/nb\/wp-json\/wp\/v2\/product_brand?post=37892"},{"taxonomy":"product_cat","embeddable":true,"href":"https:\/\/com.rst-steel.eu\/nb\/wp-json\/wp\/v2\/product_cat?post=37892"},{"taxonomy":"product_tag","embeddable":true,"href":"https:\/\/com.rst-steel.eu\/nb\/wp-json\/wp\/v2\/product_tag?post=37892"}],"curies":[{"name":"wp","href":"https:\/\/api.w.org\/{rel}","templated":true}]}}