{"id":37691,"date":"2023-03-22T14:08:35","date_gmt":"2023-03-22T11:08:35","guid":{"rendered":"https:\/\/rst-steel.fi-c.seravo.com\/product\/wheel-covers-225-_pr_1040\/"},"modified":"2026-03-16T09:21:24","modified_gmt":"2026-03-16T06:21:24","slug":"wheel-covers-225-_pr_1040","status":"publish","type":"product","link":"https:\/\/com.rst-steel.eu\/nb\/produkt\/wheel-covers-225-_pr_1040\/","title":{"rendered":"Wheel Covers  22,5&#8243; open center"},"content":{"rendered":"<div>Et par hjulkapsler laget av rustfritt st\u00e5l med \u00e5pent senter for 22,5\" felger<\/div>\n<div><\/div>\n<div>Gir et elegant og stilig utseende til hjulene dine, samtidig som det beskytter og forlenger levetiden til felgene.<\/div>\n<div><\/div>\n<div><\/div>\n<div>Festes med l\u00e5sering<\/div>\n<div>10-bolts hull i hjuldekselet.<\/div>\n<div><\/div>\n<div><\/div>\n<div><\/div>\n<div><\/div>\n<div>Dimensjoner:<\/div>\n<div><\/div>\n<div>Dybde: 158 mm<\/div>\n<div>PCD: 335<\/div>\n<div>Senterhull: 266 mm<\/div>\n<div><\/div>\n<div><\/div>\n<div><\/div>\n<div><\/div>\n<div><\/div>\n<div>Pakken inkluderer:<\/div>\n<div><\/div>\n<div><\/div>\n<div>Hjulkapsler 2 stk<\/div>\n<div>Locking Rings 2 pcs<\/div>\n<div>Skruene som trengs for festing<\/div>\n<div><\/div>","protected":false},"excerpt":{"rendered":"<div>Et par hjulkapsler laget av rustfritt st\u00e5l med \u00e5pent senter for 22,5\" felger!<\/div>","protected":false},"featured_media":52491,"comment_status":"open","ping_status":"closed","template":"","meta":{"_improvement_type_select":"improve_an_existing","_thumb_yes_seoaic":false,"_frame_yes_seoaic":false,"seoaic_generate_description":"","seoaic_improve_instructions_prompt":"","seoaic_rollback_content_improvement":"","seoaic_idea_thumbnail_generator":"","thumbnail_generated":false,"thumbnail_generate_prompt":"","seoaic_article_description":""},"make_fuel_type":[],"make_model":[],"make_brand":[],"make_year":[3748],"pwb-brand":[],"product_brand":[],"product_cat":[6274,6275],"product_tag":[8492],"class_list":{"0":"post-37691","1":"product","2":"type-product","3":"status-publish","4":"has-post-thumbnail","6":"make_year-trucks","7":"product_cat-wheel-covers","8":"product_cat-wheel-covers-225-for-vans","9":"product_tag-wheel-covers","11":"first","12":"instock","13":"taxable","14":"shipping-taxable","15":"purchasable","16":"product-type-simple"},"yoast_head":"<!-- This site is optimized with the Yoast SEO plugin v25.7 - https:\/\/yoast.com\/wordpress\/plugins\/seo\/ -->\n<title>Wheel Covers 22,5&quot; open center - RST-Steel<\/title>\n<meta name=\"description\" content=\"A Pair of Wheel Covers 22.5&quot; made of stainless steel with an open center. Gives elegant and stylish look for your wheels! Check out now!\" \/>\n<meta name=\"robots\" content=\"index, follow, max-snippet:-1, max-image-preview:large, max-video-preview:-1\" \/>\n<link rel=\"canonical\" href=\"https:\/\/com.rst-steel.eu\/nb\/produkt\/wheel-covers-225-_pr_1040\/\" \/>\n<meta property=\"og:locale\" content=\"nb_NO\" \/>\n<meta property=\"og:type\" content=\"article\" \/>\n<meta property=\"og:title\" content=\"Wheel Covers 22,5&quot; open center - RST-Steel\" \/>\n<meta property=\"og:description\" content=\"A Pair of Wheel Covers 22.5&quot; made of stainless steel with an open center. Gives elegant and stylish look for your wheels! Check out now!\" \/>\n<meta property=\"og:url\" content=\"https:\/\/com.rst-steel.eu\/nb\/produkt\/wheel-covers-225-_pr_1040\/\" \/>\n<meta property=\"og:site_name\" content=\"RST-Steel\" \/>\n<meta property=\"article:publisher\" content=\"https:\/\/www.facebook.com\/rststeel\" \/>\n<meta property=\"article:modified_time\" content=\"2026-03-16T06:21:24+00:00\" \/>\n<meta property=\"og:image\" content=\"https:\/\/com.rst-steel.eu\/wp-content\/uploads\/2025\/06\/09a3de21a8cbe738b5741515112858a47c2e7fcb_PK22508__1_.jpg\" \/>\n\t<meta property=\"og:image:width\" content=\"2400\" \/>\n\t<meta property=\"og:image:height\" content=\"2157\" \/>\n\t<meta property=\"og:image:type\" content=\"image\/jpeg\" \/>\n<meta name=\"twitter:card\" content=\"summary_large_image\" \/>\n<meta name=\"twitter:label1\" content=\"Ansl. lesetid\" \/>\n\t<meta name=\"twitter:data1\" content=\"1 minutt\" \/>\n<script type=\"application\/ld+json\" class=\"yoast-schema-graph\">{\"@context\":\"https:\/\/schema.org\",\"@graph\":[{\"@type\":\"WebPage\",\"@id\":\"https:\/\/com.rst-steel.eu\/product\/koristekapselipari-225-avokeskio_pr_1040\/\",\"url\":\"https:\/\/com.rst-steel.eu\/product\/koristekapselipari-225-avokeskio_pr_1040\/\",\"name\":\"Wheel Covers 22,5\\\" open center - RST-Steel\",\"isPartOf\":{\"@id\":\"https:\/\/com.rst-steel.eu\/#website\"},\"primaryImageOfPage\":{\"@id\":\"https:\/\/com.rst-steel.eu\/product\/koristekapselipari-225-avokeskio_pr_1040\/#primaryimage\"},\"image\":{\"@id\":\"https:\/\/com.rst-steel.eu\/product\/koristekapselipari-225-avokeskio_pr_1040\/#primaryimage\"},\"thumbnailUrl\":\"https:\/\/com.rst-steel.eu\/wp-content\/uploads\/2025\/06\/09a3de21a8cbe738b5741515112858a47c2e7fcb_PK22508__1_.jpg\",\"datePublished\":\"2023-03-22T11:08:35+00:00\",\"dateModified\":\"2026-03-16T06:21:24+00:00\",\"description\":\"A Pair of Wheel Covers 22.5\\\" made of stainless steel with an open center. Gives elegant and stylish look for your wheels! Check out now!\",\"breadcrumb\":{\"@id\":\"https:\/\/com.rst-steel.eu\/product\/koristekapselipari-225-avokeskio_pr_1040\/#breadcrumb\"},\"inLanguage\":\"nb-NO\",\"potentialAction\":[{\"@type\":\"ReadAction\",\"target\":[\"https:\/\/com.rst-steel.eu\/product\/koristekapselipari-225-avokeskio_pr_1040\/\"]}]},{\"@type\":\"ImageObject\",\"inLanguage\":\"nb-NO\",\"@id\":\"https:\/\/com.rst-steel.eu\/product\/koristekapselipari-225-avokeskio_pr_1040\/#primaryimage\",\"url\":\"https:\/\/com.rst-steel.eu\/wp-content\/uploads\/2025\/06\/09a3de21a8cbe738b5741515112858a47c2e7fcb_PK22508__1_.jpg\",\"contentUrl\":\"https:\/\/com.rst-steel.eu\/wp-content\/uploads\/2025\/06\/09a3de21a8cbe738b5741515112858a47c2e7fcb_PK22508__1_.jpg\",\"width\":2400,\"height\":2157},{\"@type\":\"BreadcrumbList\",\"@id\":\"https:\/\/com.rst-steel.eu\/product\/koristekapselipari-225-avokeskio_pr_1040\/#breadcrumb\",\"itemListElement\":[{\"@type\":\"ListItem\",\"position\":1,\"name\":\"Home\",\"item\":\"https:\/\/com.rst-steel.eu\/\"},{\"@type\":\"ListItem\",\"position\":2,\"name\":\"RST-Steel Shop\",\"item\":\"https:\/\/com.rst-steel.eu\/shop\/\"},{\"@type\":\"ListItem\",\"position\":3,\"name\":\"Wheel Covers 22,5&#8243; open center\"}]},{\"@type\":\"WebSite\",\"@id\":\"https:\/\/com.rst-steel.eu\/#website\",\"url\":\"https:\/\/com.rst-steel.eu\/\",\"name\":\"RST-Steel.com\",\"description\":\"Finnish quality steel, for quality-conscious drivers\",\"publisher\":{\"@id\":\"https:\/\/com.rst-steel.eu\/#organization\"},\"alternateName\":\"Safe and stylish RST-Steel quality\",\"potentialAction\":[{\"@type\":\"SearchAction\",\"target\":{\"@type\":\"EntryPoint\",\"urlTemplate\":\"https:\/\/com.rst-steel.eu\/?s={search_term_string}\"},\"query-input\":{\"@type\":\"PropertyValueSpecification\",\"valueRequired\":true,\"valueName\":\"search_term_string\"}}],\"inLanguage\":\"nb-NO\"},{\"@type\":\"Organization\",\"@id\":\"https:\/\/com.rst-steel.eu\/#organization\",\"name\":\"RST-Steel Oy\",\"url\":\"https:\/\/com.rst-steel.eu\/\",\"logo\":{\"@type\":\"ImageObject\",\"inLanguage\":\"nb-NO\",\"@id\":\"https:\/\/com.rst-steel.eu\/#\/schema\/logo\/image\/\",\"url\":\"https:\/\/com.rst-steel.eu\/wp-content\/uploads\/2023\/04\/cropped-Rst-logo-valkoinen-teksti-3.png\",\"contentUrl\":\"https:\/\/com.rst-steel.eu\/wp-content\/uploads\/2023\/04\/cropped-Rst-logo-valkoinen-teksti-3.png\",\"width\":512,\"height\":115,\"caption\":\"RST-Steel Oy\"},\"image\":{\"@id\":\"https:\/\/com.rst-steel.eu\/#\/schema\/logo\/image\/\"},\"sameAs\":[\"https:\/\/www.facebook.com\/rststeel\",\"https:\/\/www.instagram.com\/rststeeloy\/\"]}]}<\/script>\n<!-- \/ Yoast SEO plugin. -->","yoast_head_json":{"title":"Wheel Covers 22,5\" open center - RST-Steel","description":"A Pair of Wheel Covers 22.5\" made of stainless steel with an open center. Gives elegant and stylish look for your wheels! Check out now!","robots":{"index":"index","follow":"follow","max-snippet":"max-snippet:-1","max-image-preview":"max-image-preview:large","max-video-preview":"max-video-preview:-1"},"canonical":"https:\/\/com.rst-steel.eu\/nb\/produkt\/wheel-covers-225-_pr_1040\/","og_locale":"nb_NO","og_type":"article","og_title":"Wheel Covers 22,5\" open center - RST-Steel","og_description":"A Pair of Wheel Covers 22.5\" made of stainless steel with an open center. Gives elegant and stylish look for your wheels! Check out now!","og_url":"https:\/\/com.rst-steel.eu\/nb\/produkt\/wheel-covers-225-_pr_1040\/","og_site_name":"RST-Steel","article_publisher":"https:\/\/www.facebook.com\/rststeel","article_modified_time":"2026-03-16T06:21:24+00:00","og_image":[{"width":2400,"height":2157,"url":"https:\/\/com.rst-steel.eu\/wp-content\/uploads\/2025\/06\/09a3de21a8cbe738b5741515112858a47c2e7fcb_PK22508__1_.jpg","type":"image\/jpeg"}],"twitter_card":"summary_large_image","twitter_misc":{"Ansl. lesetid":"1 minutt"},"schema":{"@context":"https:\/\/schema.org","@graph":[{"@type":"WebPage","@id":"https:\/\/com.rst-steel.eu\/product\/koristekapselipari-225-avokeskio_pr_1040\/","url":"https:\/\/com.rst-steel.eu\/product\/koristekapselipari-225-avokeskio_pr_1040\/","name":"Wheel Covers 22,5\" open center - RST-Steel","isPartOf":{"@id":"https:\/\/com.rst-steel.eu\/#website"},"primaryImageOfPage":{"@id":"https:\/\/com.rst-steel.eu\/product\/koristekapselipari-225-avokeskio_pr_1040\/#primaryimage"},"image":{"@id":"https:\/\/com.rst-steel.eu\/product\/koristekapselipari-225-avokeskio_pr_1040\/#primaryimage"},"thumbnailUrl":"https:\/\/com.rst-steel.eu\/wp-content\/uploads\/2025\/06\/09a3de21a8cbe738b5741515112858a47c2e7fcb_PK22508__1_.jpg","datePublished":"2023-03-22T11:08:35+00:00","dateModified":"2026-03-16T06:21:24+00:00","description":"A Pair of Wheel Covers 22.5\" made of stainless steel with an open center. Gives elegant and stylish look for your wheels! Check out now!","breadcrumb":{"@id":"https:\/\/com.rst-steel.eu\/product\/koristekapselipari-225-avokeskio_pr_1040\/#breadcrumb"},"inLanguage":"nb-NO","potentialAction":[{"@type":"ReadAction","target":["https:\/\/com.rst-steel.eu\/product\/koristekapselipari-225-avokeskio_pr_1040\/"]}]},{"@type":"ImageObject","inLanguage":"nb-NO","@id":"https:\/\/com.rst-steel.eu\/product\/koristekapselipari-225-avokeskio_pr_1040\/#primaryimage","url":"https:\/\/com.rst-steel.eu\/wp-content\/uploads\/2025\/06\/09a3de21a8cbe738b5741515112858a47c2e7fcb_PK22508__1_.jpg","contentUrl":"https:\/\/com.rst-steel.eu\/wp-content\/uploads\/2025\/06\/09a3de21a8cbe738b5741515112858a47c2e7fcb_PK22508__1_.jpg","width":2400,"height":2157},{"@type":"BreadcrumbList","@id":"https:\/\/com.rst-steel.eu\/product\/koristekapselipari-225-avokeskio_pr_1040\/#breadcrumb","itemListElement":[{"@type":"ListItem","position":1,"name":"Home","item":"https:\/\/com.rst-steel.eu\/"},{"@type":"ListItem","position":2,"name":"RST-Steel Shop","item":"https:\/\/com.rst-steel.eu\/shop\/"},{"@type":"ListItem","position":3,"name":"Wheel Covers 22,5&#8243; open center"}]},{"@type":"WebSite","@id":"https:\/\/com.rst-steel.eu\/#website","url":"https:\/\/com.rst-steel.eu\/","name":"RST-Steel.com","description":"Finsk kvalitetsst\u00e5l, for kvalitetsbevisste sj\u00e5f\u00f8rer","publisher":{"@id":"https:\/\/com.rst-steel.eu\/#organization"},"alternateName":"Safe and stylish RST-Steel quality","potentialAction":[{"@type":"SearchAction","target":{"@type":"EntryPoint","urlTemplate":"https:\/\/com.rst-steel.eu\/?s={search_term_string}"},"query-input":{"@type":"PropertyValueSpecification","valueRequired":true,"valueName":"search_term_string"}}],"inLanguage":"nb-NO"},{"@type":"Organization","@id":"https:\/\/com.rst-steel.eu\/#organization","name":"RST-Steel Oy","url":"https:\/\/com.rst-steel.eu\/","logo":{"@type":"ImageObject","inLanguage":"nb-NO","@id":"https:\/\/com.rst-steel.eu\/#\/schema\/logo\/image\/","url":"https:\/\/com.rst-steel.eu\/wp-content\/uploads\/2023\/04\/cropped-Rst-logo-valkoinen-teksti-3.png","contentUrl":"https:\/\/com.rst-steel.eu\/wp-content\/uploads\/2023\/04\/cropped-Rst-logo-valkoinen-teksti-3.png","width":512,"height":115,"caption":"RST-Steel Oy"},"image":{"@id":"https:\/\/com.rst-steel.eu\/#\/schema\/logo\/image\/"},"sameAs":["https:\/\/www.facebook.com\/rststeel","https:\/\/www.instagram.com\/rststeeloy\/"]}]}},"brands":[],"_links":{"self":[{"href":"https:\/\/com.rst-steel.eu\/nb\/wp-json\/wp\/v2\/product\/37691","targetHints":{"allow":["GET"]}}],"collection":[{"href":"https:\/\/com.rst-steel.eu\/nb\/wp-json\/wp\/v2\/product"}],"about":[{"href":"https:\/\/com.rst-steel.eu\/nb\/wp-json\/wp\/v2\/types\/product"}],"replies":[{"embeddable":true,"href":"https:\/\/com.rst-steel.eu\/nb\/wp-json\/wp\/v2\/comments?post=37691"}],"version-history":[{"count":0,"href":"https:\/\/com.rst-steel.eu\/nb\/wp-json\/wp\/v2\/product\/37691\/revisions"}],"wp:featuredmedia":[{"embeddable":true,"href":"https:\/\/com.rst-steel.eu\/nb\/wp-json\/wp\/v2\/media\/52491"}],"wp:attachment":[{"href":"https:\/\/com.rst-steel.eu\/nb\/wp-json\/wp\/v2\/media?parent=37691"}],"wp:term":[{"taxonomy":"make_fuel_type","embeddable":true,"href":"https:\/\/com.rst-steel.eu\/nb\/wp-json\/wp\/v2\/make_fuel_type?post=37691"},{"taxonomy":"make_model","embeddable":true,"href":"https:\/\/com.rst-steel.eu\/nb\/wp-json\/wp\/v2\/make_model?post=37691"},{"taxonomy":"make_brand","embeddable":true,"href":"https:\/\/com.rst-steel.eu\/nb\/wp-json\/wp\/v2\/make_brand?post=37691"},{"taxonomy":"make_year","embeddable":true,"href":"https:\/\/com.rst-steel.eu\/nb\/wp-json\/wp\/v2\/make_year?post=37691"},{"taxonomy":"pwb-brand","embeddable":true,"href":"https:\/\/com.rst-steel.eu\/nb\/wp-json\/wp\/v2\/pwb-brand?post=37691"},{"taxonomy":"product_brand","embeddable":true,"href":"https:\/\/com.rst-steel.eu\/nb\/wp-json\/wp\/v2\/product_brand?post=37691"},{"taxonomy":"product_cat","embeddable":true,"href":"https:\/\/com.rst-steel.eu\/nb\/wp-json\/wp\/v2\/product_cat?post=37691"},{"taxonomy":"product_tag","embeddable":true,"href":"https:\/\/com.rst-steel.eu\/nb\/wp-json\/wp\/v2\/product_tag?post=37691"}],"curies":[{"name":"wp","href":"https:\/\/api.w.org\/{rel}","templated":true}]}}