{"id":37655,"date":"2023-03-22T14:06:56","date_gmt":"2023-03-22T11:06:56","guid":{"rendered":"https:\/\/rst-steel.fi-c.seravo.com\/product\/wheel-covers-195-deluxe_pr_1026\/"},"modified":"2026-03-16T09:21:23","modified_gmt":"2026-03-16T06:21:23","slug":"wheel-covers-195-deluxe_pr_1026","status":"publish","type":"product","link":"https:\/\/com.rst-steel.eu\/nb\/produkt\/wheel-covers-195-deluxe_pr_1026\/","title":{"rendered":"Wheel Covers 19,5\u2033, Deluxe"},"content":{"rendered":"<div>Et par hjulkapsler laget av rustfritt st\u00e5l med solid senter for 19,5\" felger<\/div>\n<div><\/div>\n<div>Gir et elegant og stilig utseende til hjulene dine, samtidig som det beskytter og forlenger levetiden til felgene.<\/div>\n<div><\/div>\n<div>Deluxe modell<\/div>\n<div><\/div>\n<div><\/div>\n<div>8-bolts hull i hjuldekselet<\/div>\n<div>Festes med l\u00e5sering<\/div>\n<div>Egnet for fordekk<\/div>\n<div><\/div>\n<div><\/div>\n<div><\/div>\n<div><\/div>\n<div>Pakken inkluderer:<\/div>\n<div><\/div>\n<div><\/div>\n<div>Hjulkapsler 2 stk<\/div>\n<div>L\u00e5seringer 2 stk<\/div>\n<div>Skruene som trengs for festing<\/div>\n<div><\/div>","protected":false},"excerpt":{"rendered":"<div>Et par hjulkapsler laget av rustfritt st\u00e5l med solid senter for 19,5\" felger!<\/div>","protected":false},"featured_media":44292,"comment_status":"open","ping_status":"closed","template":"","meta":{"_improvement_type_select":"improve_an_existing","_thumb_yes_seoaic":false,"_frame_yes_seoaic":false,"seoaic_generate_description":"","seoaic_improve_instructions_prompt":"","seoaic_rollback_content_improvement":"","seoaic_idea_thumbnail_generator":"","thumbnail_generated":false,"thumbnail_generate_prompt":"","seoaic_article_description":""},"make_fuel_type":[],"make_model":[],"make_brand":[],"make_year":[],"pwb-brand":[],"product_brand":[],"product_cat":[6274,6276],"product_tag":[8492],"class_list":{"0":"post-37655","1":"product","2":"type-product","3":"status-publish","4":"has-post-thumbnail","6":"product_cat-wheel-covers","7":"product_cat-wheel-covers-195-for-vans","8":"product_tag-wheel-covers","10":"first","11":"instock","12":"taxable","13":"shipping-taxable","14":"purchasable","15":"product-type-simple"},"yoast_head":"<!-- This site is optimized with the Yoast SEO plugin v25.7 - https:\/\/yoast.com\/wordpress\/plugins\/seo\/ -->\n<title>Wheel Covers 19,5&quot;, Deluxe - RST-Steel<\/title>\n<meta name=\"description\" content=\"Deluxe 19.5&quot; wheel covers. Premium design offering durability, protection, and a stylish finish for your vehicle&#039;s wheels. Perfect fit for a polished look.\" \/>\n<meta name=\"robots\" content=\"index, follow, max-snippet:-1, max-image-preview:large, max-video-preview:-1\" \/>\n<link rel=\"canonical\" href=\"https:\/\/com.rst-steel.eu\/nb\/produkt\/wheel-covers-195-deluxe_pr_1026\/\" \/>\n<meta property=\"og:locale\" content=\"nb_NO\" \/>\n<meta property=\"og:type\" content=\"article\" \/>\n<meta property=\"og:title\" content=\"Wheel Covers 19,5&quot;, Deluxe - RST-Steel\" \/>\n<meta property=\"og:description\" content=\"Deluxe 19.5&quot; wheel covers. Premium design offering durability, protection, and a stylish finish for your vehicle&#039;s wheels. Perfect fit for a polished look.\" \/>\n<meta property=\"og:url\" content=\"https:\/\/com.rst-steel.eu\/nb\/produkt\/wheel-covers-195-deluxe_pr_1026\/\" \/>\n<meta property=\"og:site_name\" content=\"RST-Steel\" \/>\n<meta property=\"article:publisher\" content=\"https:\/\/www.facebook.com\/rststeel\" \/>\n<meta property=\"article:modified_time\" content=\"2026-03-16T06:21:23+00:00\" \/>\n<meta property=\"og:image\" content=\"https:\/\/com.rst-steel.eu\/wp-content\/uploads\/2023\/03\/PK19504-1.jpg\" \/>\n\t<meta property=\"og:image:width\" content=\"2400\" \/>\n\t<meta property=\"og:image:height\" content=\"2170\" \/>\n\t<meta property=\"og:image:type\" content=\"image\/jpeg\" \/>\n<meta name=\"twitter:card\" content=\"summary_large_image\" \/>\n<meta name=\"twitter:label1\" content=\"Ansl. lesetid\" \/>\n\t<meta name=\"twitter:data1\" content=\"1 minutt\" \/>\n<script type=\"application\/ld+json\" class=\"yoast-schema-graph\">{\"@context\":\"https:\/\/schema.org\",\"@graph\":[{\"@type\":\"WebPage\",\"@id\":\"https:\/\/com.rst-steel.eu\/product\/wheel-covers-195-deluxe_pr_1026\/\",\"url\":\"https:\/\/com.rst-steel.eu\/product\/wheel-covers-195-deluxe_pr_1026\/\",\"name\":\"Wheel Covers 19,5\\\", Deluxe - RST-Steel\",\"isPartOf\":{\"@id\":\"https:\/\/com.rst-steel.eu\/#website\"},\"primaryImageOfPage\":{\"@id\":\"https:\/\/com.rst-steel.eu\/product\/wheel-covers-195-deluxe_pr_1026\/#primaryimage\"},\"image\":{\"@id\":\"https:\/\/com.rst-steel.eu\/product\/wheel-covers-195-deluxe_pr_1026\/#primaryimage\"},\"thumbnailUrl\":\"https:\/\/com.rst-steel.eu\/wp-content\/uploads\/2023\/03\/PK19504-1.jpg\",\"datePublished\":\"2023-03-22T11:06:56+00:00\",\"dateModified\":\"2026-03-16T06:21:23+00:00\",\"description\":\"Deluxe 19.5\\\" wheel covers. Premium design offering durability, protection, and a stylish finish for your vehicle's wheels. Perfect fit for a polished look.\",\"breadcrumb\":{\"@id\":\"https:\/\/com.rst-steel.eu\/product\/wheel-covers-195-deluxe_pr_1026\/#breadcrumb\"},\"inLanguage\":\"nb-NO\",\"potentialAction\":[{\"@type\":\"ReadAction\",\"target\":[\"https:\/\/com.rst-steel.eu\/product\/wheel-covers-195-deluxe_pr_1026\/\"]}]},{\"@type\":\"ImageObject\",\"inLanguage\":\"nb-NO\",\"@id\":\"https:\/\/com.rst-steel.eu\/product\/wheel-covers-195-deluxe_pr_1026\/#primaryimage\",\"url\":\"https:\/\/com.rst-steel.eu\/wp-content\/uploads\/2023\/03\/PK19504-1.jpg\",\"contentUrl\":\"https:\/\/com.rst-steel.eu\/wp-content\/uploads\/2023\/03\/PK19504-1.jpg\",\"width\":2400,\"height\":2170,\"caption\":\"Print\"},{\"@type\":\"BreadcrumbList\",\"@id\":\"https:\/\/com.rst-steel.eu\/product\/wheel-covers-195-deluxe_pr_1026\/#breadcrumb\",\"itemListElement\":[{\"@type\":\"ListItem\",\"position\":1,\"name\":\"Home\",\"item\":\"https:\/\/com.rst-steel.eu\/\"},{\"@type\":\"ListItem\",\"position\":2,\"name\":\"RST-Steel Shop\",\"item\":\"https:\/\/com.rst-steel.eu\/shop\/\"},{\"@type\":\"ListItem\",\"position\":3,\"name\":\"Wheel Covers 19,5&#8243;, Deluxe\"}]},{\"@type\":\"WebSite\",\"@id\":\"https:\/\/com.rst-steel.eu\/#website\",\"url\":\"https:\/\/com.rst-steel.eu\/\",\"name\":\"RST-Steel.com\",\"description\":\"Finnish quality steel, for quality-conscious drivers\",\"publisher\":{\"@id\":\"https:\/\/com.rst-steel.eu\/#organization\"},\"alternateName\":\"Safe and stylish RST-Steel quality\",\"potentialAction\":[{\"@type\":\"SearchAction\",\"target\":{\"@type\":\"EntryPoint\",\"urlTemplate\":\"https:\/\/com.rst-steel.eu\/?s={search_term_string}\"},\"query-input\":{\"@type\":\"PropertyValueSpecification\",\"valueRequired\":true,\"valueName\":\"search_term_string\"}}],\"inLanguage\":\"nb-NO\"},{\"@type\":\"Organization\",\"@id\":\"https:\/\/com.rst-steel.eu\/#organization\",\"name\":\"RST-Steel Oy\",\"url\":\"https:\/\/com.rst-steel.eu\/\",\"logo\":{\"@type\":\"ImageObject\",\"inLanguage\":\"nb-NO\",\"@id\":\"https:\/\/com.rst-steel.eu\/#\/schema\/logo\/image\/\",\"url\":\"https:\/\/com.rst-steel.eu\/wp-content\/uploads\/2023\/04\/cropped-Rst-logo-valkoinen-teksti-3.png\",\"contentUrl\":\"https:\/\/com.rst-steel.eu\/wp-content\/uploads\/2023\/04\/cropped-Rst-logo-valkoinen-teksti-3.png\",\"width\":512,\"height\":115,\"caption\":\"RST-Steel Oy\"},\"image\":{\"@id\":\"https:\/\/com.rst-steel.eu\/#\/schema\/logo\/image\/\"},\"sameAs\":[\"https:\/\/www.facebook.com\/rststeel\",\"https:\/\/www.instagram.com\/rststeeloy\/\"]}]}<\/script>\n<!-- \/ Yoast SEO plugin. -->","yoast_head_json":{"title":"Wheel Covers 19,5\", Deluxe - RST-Steel","description":"Deluxe 19,5\" hjulkapsler. F\u00f8rsteklasses design som gir holdbarhet, beskyttelse og en stilig finish for bilens hjul. Perfekt passform for et polert utseende.","robots":{"index":"index","follow":"follow","max-snippet":"max-snippet:-1","max-image-preview":"max-image-preview:large","max-video-preview":"max-video-preview:-1"},"canonical":"https:\/\/com.rst-steel.eu\/nb\/produkt\/wheel-covers-195-deluxe_pr_1026\/","og_locale":"nb_NO","og_type":"article","og_title":"Wheel Covers 19,5\", Deluxe - RST-Steel","og_description":"Deluxe 19.5\" wheel covers. Premium design offering durability, protection, and a stylish finish for your vehicle's wheels. Perfect fit for a polished look.","og_url":"https:\/\/com.rst-steel.eu\/nb\/produkt\/wheel-covers-195-deluxe_pr_1026\/","og_site_name":"RST-Steel","article_publisher":"https:\/\/www.facebook.com\/rststeel","article_modified_time":"2026-03-16T06:21:23+00:00","og_image":[{"width":2400,"height":2170,"url":"https:\/\/com.rst-steel.eu\/wp-content\/uploads\/2023\/03\/PK19504-1.jpg","type":"image\/jpeg"}],"twitter_card":"summary_large_image","twitter_misc":{"Ansl. lesetid":"1 minutt"},"schema":{"@context":"https:\/\/schema.org","@graph":[{"@type":"WebPage","@id":"https:\/\/com.rst-steel.eu\/product\/wheel-covers-195-deluxe_pr_1026\/","url":"https:\/\/com.rst-steel.eu\/product\/wheel-covers-195-deluxe_pr_1026\/","name":"Wheel Covers 19,5\", Deluxe - RST-Steel","isPartOf":{"@id":"https:\/\/com.rst-steel.eu\/#website"},"primaryImageOfPage":{"@id":"https:\/\/com.rst-steel.eu\/product\/wheel-covers-195-deluxe_pr_1026\/#primaryimage"},"image":{"@id":"https:\/\/com.rst-steel.eu\/product\/wheel-covers-195-deluxe_pr_1026\/#primaryimage"},"thumbnailUrl":"https:\/\/com.rst-steel.eu\/wp-content\/uploads\/2023\/03\/PK19504-1.jpg","datePublished":"2023-03-22T11:06:56+00:00","dateModified":"2026-03-16T06:21:23+00:00","description":"Deluxe 19,5\" hjulkapsler. F\u00f8rsteklasses design som gir holdbarhet, beskyttelse og en stilig finish for bilens hjul. Perfekt passform for et polert utseende.","breadcrumb":{"@id":"https:\/\/com.rst-steel.eu\/product\/wheel-covers-195-deluxe_pr_1026\/#breadcrumb"},"inLanguage":"nb-NO","potentialAction":[{"@type":"ReadAction","target":["https:\/\/com.rst-steel.eu\/product\/wheel-covers-195-deluxe_pr_1026\/"]}]},{"@type":"ImageObject","inLanguage":"nb-NO","@id":"https:\/\/com.rst-steel.eu\/product\/wheel-covers-195-deluxe_pr_1026\/#primaryimage","url":"https:\/\/com.rst-steel.eu\/wp-content\/uploads\/2023\/03\/PK19504-1.jpg","contentUrl":"https:\/\/com.rst-steel.eu\/wp-content\/uploads\/2023\/03\/PK19504-1.jpg","width":2400,"height":2170,"caption":"Print"},{"@type":"BreadcrumbList","@id":"https:\/\/com.rst-steel.eu\/product\/wheel-covers-195-deluxe_pr_1026\/#breadcrumb","itemListElement":[{"@type":"ListItem","position":1,"name":"Home","item":"https:\/\/com.rst-steel.eu\/"},{"@type":"ListItem","position":2,"name":"RST-Steel Shop","item":"https:\/\/com.rst-steel.eu\/shop\/"},{"@type":"ListItem","position":3,"name":"Wheel Covers 19,5&#8243;, Deluxe"}]},{"@type":"WebSite","@id":"https:\/\/com.rst-steel.eu\/#website","url":"https:\/\/com.rst-steel.eu\/","name":"RST-Steel.com","description":"Finsk kvalitetsst\u00e5l, for kvalitetsbevisste sj\u00e5f\u00f8rer","publisher":{"@id":"https:\/\/com.rst-steel.eu\/#organization"},"alternateName":"Safe and stylish RST-Steel quality","potentialAction":[{"@type":"SearchAction","target":{"@type":"EntryPoint","urlTemplate":"https:\/\/com.rst-steel.eu\/?s={search_term_string}"},"query-input":{"@type":"PropertyValueSpecification","valueRequired":true,"valueName":"search_term_string"}}],"inLanguage":"nb-NO"},{"@type":"Organization","@id":"https:\/\/com.rst-steel.eu\/#organization","name":"RST-Steel Oy","url":"https:\/\/com.rst-steel.eu\/","logo":{"@type":"ImageObject","inLanguage":"nb-NO","@id":"https:\/\/com.rst-steel.eu\/#\/schema\/logo\/image\/","url":"https:\/\/com.rst-steel.eu\/wp-content\/uploads\/2023\/04\/cropped-Rst-logo-valkoinen-teksti-3.png","contentUrl":"https:\/\/com.rst-steel.eu\/wp-content\/uploads\/2023\/04\/cropped-Rst-logo-valkoinen-teksti-3.png","width":512,"height":115,"caption":"RST-Steel Oy"},"image":{"@id":"https:\/\/com.rst-steel.eu\/#\/schema\/logo\/image\/"},"sameAs":["https:\/\/www.facebook.com\/rststeel","https:\/\/www.instagram.com\/rststeeloy\/"]}]}},"brands":[],"_links":{"self":[{"href":"https:\/\/com.rst-steel.eu\/nb\/wp-json\/wp\/v2\/product\/37655","targetHints":{"allow":["GET"]}}],"collection":[{"href":"https:\/\/com.rst-steel.eu\/nb\/wp-json\/wp\/v2\/product"}],"about":[{"href":"https:\/\/com.rst-steel.eu\/nb\/wp-json\/wp\/v2\/types\/product"}],"replies":[{"embeddable":true,"href":"https:\/\/com.rst-steel.eu\/nb\/wp-json\/wp\/v2\/comments?post=37655"}],"version-history":[{"count":0,"href":"https:\/\/com.rst-steel.eu\/nb\/wp-json\/wp\/v2\/product\/37655\/revisions"}],"wp:featuredmedia":[{"embeddable":true,"href":"https:\/\/com.rst-steel.eu\/nb\/wp-json\/wp\/v2\/media\/44292"}],"wp:attachment":[{"href":"https:\/\/com.rst-steel.eu\/nb\/wp-json\/wp\/v2\/media?parent=37655"}],"wp:term":[{"taxonomy":"make_fuel_type","embeddable":true,"href":"https:\/\/com.rst-steel.eu\/nb\/wp-json\/wp\/v2\/make_fuel_type?post=37655"},{"taxonomy":"make_model","embeddable":true,"href":"https:\/\/com.rst-steel.eu\/nb\/wp-json\/wp\/v2\/make_model?post=37655"},{"taxonomy":"make_brand","embeddable":true,"href":"https:\/\/com.rst-steel.eu\/nb\/wp-json\/wp\/v2\/make_brand?post=37655"},{"taxonomy":"make_year","embeddable":true,"href":"https:\/\/com.rst-steel.eu\/nb\/wp-json\/wp\/v2\/make_year?post=37655"},{"taxonomy":"pwb-brand","embeddable":true,"href":"https:\/\/com.rst-steel.eu\/nb\/wp-json\/wp\/v2\/pwb-brand?post=37655"},{"taxonomy":"product_brand","embeddable":true,"href":"https:\/\/com.rst-steel.eu\/nb\/wp-json\/wp\/v2\/product_brand?post=37655"},{"taxonomy":"product_cat","embeddable":true,"href":"https:\/\/com.rst-steel.eu\/nb\/wp-json\/wp\/v2\/product_cat?post=37655"},{"taxonomy":"product_tag","embeddable":true,"href":"https:\/\/com.rst-steel.eu\/nb\/wp-json\/wp\/v2\/product_tag?post=37655"}],"curies":[{"name":"wp","href":"https:\/\/api.w.org\/{rel}","templated":true}]}}