{"id":37427,"date":"2023-03-09T13:59:42","date_gmt":"2023-03-09T10:59:42","guid":{"rendered":"https:\/\/rst-steel.fi-c.seravo.com\/product\/center-table-volvo-fm-fmx-2013-_prm_65362\/"},"modified":"2026-03-16T09:21:07","modified_gmt":"2026-03-16T06:21:07","slug":"center-table-volvo-fm-fmx-2013-_prm_65362","status":"publish","type":"product","link":"https:\/\/com.rst-steel.eu\/nb\/produkt\/center-table-volvo-fm-fmx-2013-_prm_65362\/","title":{"rendered":"Center table Volvo FM \/ FMX 2013-"},"content":{"rendered":"<p>Center table Volvo FM \/ FMX 2013-<\/p>\n<p>&nbsp;<\/p>\n<p>H\u00f8ykvalitets bord laget av poppel kryssfiner, dekket med kunstskinn, myke kanter, sklisikker bunnplate<\/p>\n<p>&nbsp;<\/p>\n<p>&nbsp;<\/p>\n<p>Enkel \u00e5 installere og passer godt!<\/p>\n<p>&nbsp;<\/p>\n<p>&nbsp;<\/p>\n<p>&nbsp;<\/p>\n<p>Passer til modeller:<\/p>\n<div>-Volvo FMX Euro 6 SLP, 2013 -2021<\/div>\n<div>\u2013 Volvo FM Euro 6 Day, 2013 \u2013 2021<\/div>\n<div>\u2013 Volvo FM Euro 6 SLP, 2013 -2021<\/div>\n<div>\u2013 Volvo FM Euro 6 LSLP, 2013 -2021<\/div>\n<div>\u2013 Volvo FM Euro 6 HSLP Globetrotter, 2013 -2021<\/div>\n<div>\u2013 Volvo FM Euro 6 XHSL Globetrotter XL, 2013 \u2013 2021<\/div>\n<div>\u2013 Volvo FMX Euro 6 Day, 2013 -2021<\/div>\n<div>\u2013 Volvo FMX Euro 6 HSLP Globetrotter, 2013 -2021<\/div>","protected":false},"excerpt":{"rendered":"<p>Flere fargealternativer tilgjengelig!<\/p>","protected":false},"featured_media":46969,"comment_status":"open","ping_status":"closed","template":"","meta":{"_improvement_type_select":"improve_an_existing","_thumb_yes_seoaic":false,"_frame_yes_seoaic":false,"seoaic_generate_description":"","seoaic_improve_instructions_prompt":"","seoaic_rollback_content_improvement":"","seoaic_idea_thumbnail_generator":"","thumbnail_generated":false,"thumbnail_generate_prompt":"","seoaic_article_description":""},"make_fuel_type":[],"make_model":[5294,5640],"make_brand":[3745],"make_year":[3748],"pwb-brand":[8340],"product_brand":[],"product_cat":[6097,6099],"product_tag":[],"class_list":{"0":"post-37427","1":"product","2":"type-product","3":"status-publish","4":"has-post-thumbnail","6":"make_engine-normal-cab","7":"make_engine-globetrotter","8":"make_engine-globetrotter-xl-cab","9":"make_model-volvo-fm4","10":"make_model-fmx-2013","11":"make_brand-volvo","12":"make_year-trucks","13":"pwb-brand-brand_marlentruckparts","14":"product_cat-cabin-inside","15":"product_cat-tables-for-trucks","17":"first","18":"onbackorder","19":"taxable","20":"shipping-taxable","21":"purchasable","22":"product-type-variable"},"yoast_head":"<!-- This site is optimized with the Yoast SEO plugin v25.7 - https:\/\/yoast.com\/wordpress\/plugins\/seo\/ -->\n<title>Center table Volvo FM \/ FMX 2013- RST-Steel<\/title>\n<meta name=\"description\" content=\"Center table for Volvo FM \/ FMX (2013\u2013). Stylish and practical accessory for added comfort and storage in your truck&#039;s cabin. Easy to install and durable.\" \/>\n<meta name=\"robots\" content=\"index, follow, max-snippet:-1, max-image-preview:large, max-video-preview:-1\" \/>\n<link rel=\"canonical\" href=\"https:\/\/com.rst-steel.eu\/nb\/produkt\/center-table-volvo-fm-fmx-2013-_prm_65362\/\" \/>\n<meta property=\"og:locale\" content=\"nb_NO\" \/>\n<meta property=\"og:type\" content=\"article\" \/>\n<meta property=\"og:title\" content=\"Center table Volvo FM \/ FMX 2013- RST-Steel\" \/>\n<meta property=\"og:description\" content=\"Center table for Volvo FM \/ FMX (2013\u2013). Stylish and practical accessory for added comfort and storage in your truck&#039;s cabin. Easy to install and durable.\" \/>\n<meta property=\"og:url\" content=\"https:\/\/com.rst-steel.eu\/nb\/produkt\/center-table-volvo-fm-fmx-2013-_prm_65362\/\" \/>\n<meta property=\"og:site_name\" content=\"RST-Steel\" \/>\n<meta property=\"article:publisher\" content=\"https:\/\/www.facebook.com\/rststeel\" \/>\n<meta property=\"article:modified_time\" content=\"2026-03-16T06:21:07+00:00\" \/>\n<meta property=\"og:image\" content=\"https:\/\/com.rst-steel.eu\/wp-content\/uploads\/2024\/09\/5e917c85654ea2373c3df6383c0cdcc76af92908_KeskipoytaVolvoFMjaFMX2013__70205_8e3d41d2f164e8b89921166ca81792ef_1__1_.jpg\" \/>\n\t<meta property=\"og:image:width\" content=\"1280\" \/>\n\t<meta property=\"og:image:height\" content=\"787\" \/>\n\t<meta property=\"og:image:type\" content=\"image\/jpeg\" \/>\n<meta name=\"twitter:card\" content=\"summary_large_image\" \/>\n<meta name=\"twitter:label1\" content=\"Ansl. lesetid\" \/>\n\t<meta name=\"twitter:data1\" content=\"1 minutt\" \/>\n<script type=\"application\/ld+json\" class=\"yoast-schema-graph\">{\"@context\":\"https:\/\/schema.org\",\"@graph\":[{\"@type\":\"WebPage\",\"@id\":\"https:\/\/com.rst-steel.eu\/nb\/produkt\/center-table-volvo-fm-fmx-2013-_prm_65362\/\",\"url\":\"https:\/\/com.rst-steel.eu\/nb\/produkt\/center-table-volvo-fm-fmx-2013-_prm_65362\/\",\"name\":\"Center table Volvo FM \/ FMX 2013- RST-Steel\",\"isPartOf\":{\"@id\":\"https:\/\/com.rst-steel.eu\/#website\"},\"primaryImageOfPage\":{\"@id\":\"https:\/\/com.rst-steel.eu\/nb\/produkt\/center-table-volvo-fm-fmx-2013-_prm_65362\/#primaryimage\"},\"image\":{\"@id\":\"https:\/\/com.rst-steel.eu\/nb\/produkt\/center-table-volvo-fm-fmx-2013-_prm_65362\/#primaryimage\"},\"thumbnailUrl\":\"https:\/\/com.rst-steel.eu\/wp-content\/uploads\/2024\/09\/5e917c85654ea2373c3df6383c0cdcc76af92908_KeskipoytaVolvoFMjaFMX2013__70205_8e3d41d2f164e8b89921166ca81792ef_1__1_.jpg\",\"datePublished\":\"2023-03-09T10:59:42+00:00\",\"dateModified\":\"2026-03-16T06:21:07+00:00\",\"description\":\"Center table for Volvo FM \/ FMX (2013\u2013). Stylish and practical accessory for added comfort and storage in your truck's cabin. Easy to install and durable.\",\"breadcrumb\":{\"@id\":\"https:\/\/com.rst-steel.eu\/nb\/produkt\/center-table-volvo-fm-fmx-2013-_prm_65362\/#breadcrumb\"},\"inLanguage\":\"nb-NO\",\"potentialAction\":[{\"@type\":\"ReadAction\",\"target\":[\"https:\/\/com.rst-steel.eu\/nb\/produkt\/center-table-volvo-fm-fmx-2013-_prm_65362\/\"]}]},{\"@type\":\"ImageObject\",\"inLanguage\":\"nb-NO\",\"@id\":\"https:\/\/com.rst-steel.eu\/nb\/produkt\/center-table-volvo-fm-fmx-2013-_prm_65362\/#primaryimage\",\"url\":\"https:\/\/com.rst-steel.eu\/wp-content\/uploads\/2024\/09\/5e917c85654ea2373c3df6383c0cdcc76af92908_KeskipoytaVolvoFMjaFMX2013__70205_8e3d41d2f164e8b89921166ca81792ef_1__1_.jpg\",\"contentUrl\":\"https:\/\/com.rst-steel.eu\/wp-content\/uploads\/2024\/09\/5e917c85654ea2373c3df6383c0cdcc76af92908_KeskipoytaVolvoFMjaFMX2013__70205_8e3d41d2f164e8b89921166ca81792ef_1__1_.jpg\",\"width\":1280,\"height\":787,\"caption\":\"Center table Volvo FM \/ FMX 2013-\"},{\"@type\":\"BreadcrumbList\",\"@id\":\"https:\/\/com.rst-steel.eu\/nb\/produkt\/center-table-volvo-fm-fmx-2013-_prm_65362\/#breadcrumb\",\"itemListElement\":[{\"@type\":\"ListItem\",\"position\":1,\"name\":\"Home\",\"item\":\"https:\/\/com.rst-steel.eu\/\"},{\"@type\":\"ListItem\",\"position\":2,\"name\":\"RST-Steel Shop\",\"item\":\"https:\/\/com.rst-steel.eu\/shop\/\"},{\"@type\":\"ListItem\",\"position\":3,\"name\":\"Center table Volvo FM \/ FMX 2013-\"}]},{\"@type\":\"WebSite\",\"@id\":\"https:\/\/com.rst-steel.eu\/#website\",\"url\":\"https:\/\/com.rst-steel.eu\/\",\"name\":\"RST-Steel.com\",\"description\":\"Finnish quality steel, for quality-conscious drivers\",\"publisher\":{\"@id\":\"https:\/\/com.rst-steel.eu\/#organization\"},\"alternateName\":\"Safe and stylish RST-Steel quality\",\"potentialAction\":[{\"@type\":\"SearchAction\",\"target\":{\"@type\":\"EntryPoint\",\"urlTemplate\":\"https:\/\/com.rst-steel.eu\/?s={search_term_string}\"},\"query-input\":{\"@type\":\"PropertyValueSpecification\",\"valueRequired\":true,\"valueName\":\"search_term_string\"}}],\"inLanguage\":\"nb-NO\"},{\"@type\":\"Organization\",\"@id\":\"https:\/\/com.rst-steel.eu\/#organization\",\"name\":\"RST-Steel Oy\",\"url\":\"https:\/\/com.rst-steel.eu\/\",\"logo\":{\"@type\":\"ImageObject\",\"inLanguage\":\"nb-NO\",\"@id\":\"https:\/\/com.rst-steel.eu\/#\/schema\/logo\/image\/\",\"url\":\"https:\/\/com.rst-steel.eu\/wp-content\/uploads\/2023\/04\/cropped-Rst-logo-valkoinen-teksti-3.png\",\"contentUrl\":\"https:\/\/com.rst-steel.eu\/wp-content\/uploads\/2023\/04\/cropped-Rst-logo-valkoinen-teksti-3.png\",\"width\":512,\"height\":115,\"caption\":\"RST-Steel Oy\"},\"image\":{\"@id\":\"https:\/\/com.rst-steel.eu\/#\/schema\/logo\/image\/\"},\"sameAs\":[\"https:\/\/www.facebook.com\/rststeel\",\"https:\/\/www.instagram.com\/rststeeloy\/\"]}]}<\/script>\n<!-- \/ Yoast SEO plugin. -->","yoast_head_json":{"title":"Center table Volvo FM \/ FMX 2013- RST-Steel","description":"Center table for Volvo FM \/ FMX (2013\u2013). Stylish and practical accessory for added comfort and storage in your truck's cabin. Easy to install and durable.","robots":{"index":"index","follow":"follow","max-snippet":"max-snippet:-1","max-image-preview":"max-image-preview:large","max-video-preview":"max-video-preview:-1"},"canonical":"https:\/\/com.rst-steel.eu\/nb\/produkt\/center-table-volvo-fm-fmx-2013-_prm_65362\/","og_locale":"nb_NO","og_type":"article","og_title":"Center table Volvo FM \/ FMX 2013- RST-Steel","og_description":"Center table for Volvo FM \/ FMX (2013\u2013). Stylish and practical accessory for added comfort and storage in your truck's cabin. Easy to install and durable.","og_url":"https:\/\/com.rst-steel.eu\/nb\/produkt\/center-table-volvo-fm-fmx-2013-_prm_65362\/","og_site_name":"RST-Steel","article_publisher":"https:\/\/www.facebook.com\/rststeel","article_modified_time":"2026-03-16T06:21:07+00:00","og_image":[{"width":1280,"height":787,"url":"https:\/\/com.rst-steel.eu\/wp-content\/uploads\/2024\/09\/5e917c85654ea2373c3df6383c0cdcc76af92908_KeskipoytaVolvoFMjaFMX2013__70205_8e3d41d2f164e8b89921166ca81792ef_1__1_.jpg","type":"image\/jpeg"}],"twitter_card":"summary_large_image","twitter_misc":{"Ansl. lesetid":"1 minutt"},"schema":{"@context":"https:\/\/schema.org","@graph":[{"@type":"WebPage","@id":"https:\/\/com.rst-steel.eu\/nb\/produkt\/center-table-volvo-fm-fmx-2013-_prm_65362\/","url":"https:\/\/com.rst-steel.eu\/nb\/produkt\/center-table-volvo-fm-fmx-2013-_prm_65362\/","name":"Center table Volvo FM \/ FMX 2013- RST-Steel","isPartOf":{"@id":"https:\/\/com.rst-steel.eu\/#website"},"primaryImageOfPage":{"@id":"https:\/\/com.rst-steel.eu\/nb\/produkt\/center-table-volvo-fm-fmx-2013-_prm_65362\/#primaryimage"},"image":{"@id":"https:\/\/com.rst-steel.eu\/nb\/produkt\/center-table-volvo-fm-fmx-2013-_prm_65362\/#primaryimage"},"thumbnailUrl":"https:\/\/com.rst-steel.eu\/wp-content\/uploads\/2024\/09\/5e917c85654ea2373c3df6383c0cdcc76af92908_KeskipoytaVolvoFMjaFMX2013__70205_8e3d41d2f164e8b89921166ca81792ef_1__1_.jpg","datePublished":"2023-03-09T10:59:42+00:00","dateModified":"2026-03-16T06:21:07+00:00","description":"Center table for Volvo FM \/ FMX (2013\u2013). Stylish and practical accessory for added comfort and storage in your truck's cabin. Easy to install and durable.","breadcrumb":{"@id":"https:\/\/com.rst-steel.eu\/nb\/produkt\/center-table-volvo-fm-fmx-2013-_prm_65362\/#breadcrumb"},"inLanguage":"nb-NO","potentialAction":[{"@type":"ReadAction","target":["https:\/\/com.rst-steel.eu\/nb\/produkt\/center-table-volvo-fm-fmx-2013-_prm_65362\/"]}]},{"@type":"ImageObject","inLanguage":"nb-NO","@id":"https:\/\/com.rst-steel.eu\/nb\/produkt\/center-table-volvo-fm-fmx-2013-_prm_65362\/#primaryimage","url":"https:\/\/com.rst-steel.eu\/wp-content\/uploads\/2024\/09\/5e917c85654ea2373c3df6383c0cdcc76af92908_KeskipoytaVolvoFMjaFMX2013__70205_8e3d41d2f164e8b89921166ca81792ef_1__1_.jpg","contentUrl":"https:\/\/com.rst-steel.eu\/wp-content\/uploads\/2024\/09\/5e917c85654ea2373c3df6383c0cdcc76af92908_KeskipoytaVolvoFMjaFMX2013__70205_8e3d41d2f164e8b89921166ca81792ef_1__1_.jpg","width":1280,"height":787,"caption":"Center table Volvo FM \/ FMX 2013-"},{"@type":"BreadcrumbList","@id":"https:\/\/com.rst-steel.eu\/nb\/produkt\/center-table-volvo-fm-fmx-2013-_prm_65362\/#breadcrumb","itemListElement":[{"@type":"ListItem","position":1,"name":"Home","item":"https:\/\/com.rst-steel.eu\/"},{"@type":"ListItem","position":2,"name":"RST-Steel Shop","item":"https:\/\/com.rst-steel.eu\/shop\/"},{"@type":"ListItem","position":3,"name":"Center table Volvo FM \/ FMX 2013-"}]},{"@type":"WebSite","@id":"https:\/\/com.rst-steel.eu\/#website","url":"https:\/\/com.rst-steel.eu\/","name":"RST-Steel.com","description":"Finsk kvalitetsst\u00e5l, for kvalitetsbevisste sj\u00e5f\u00f8rer","publisher":{"@id":"https:\/\/com.rst-steel.eu\/#organization"},"alternateName":"Safe and stylish RST-Steel quality","potentialAction":[{"@type":"SearchAction","target":{"@type":"EntryPoint","urlTemplate":"https:\/\/com.rst-steel.eu\/?s={search_term_string}"},"query-input":{"@type":"PropertyValueSpecification","valueRequired":true,"valueName":"search_term_string"}}],"inLanguage":"nb-NO"},{"@type":"Organization","@id":"https:\/\/com.rst-steel.eu\/#organization","name":"RST-Steel Oy","url":"https:\/\/com.rst-steel.eu\/","logo":{"@type":"ImageObject","inLanguage":"nb-NO","@id":"https:\/\/com.rst-steel.eu\/#\/schema\/logo\/image\/","url":"https:\/\/com.rst-steel.eu\/wp-content\/uploads\/2023\/04\/cropped-Rst-logo-valkoinen-teksti-3.png","contentUrl":"https:\/\/com.rst-steel.eu\/wp-content\/uploads\/2023\/04\/cropped-Rst-logo-valkoinen-teksti-3.png","width":512,"height":115,"caption":"RST-Steel Oy"},"image":{"@id":"https:\/\/com.rst-steel.eu\/#\/schema\/logo\/image\/"},"sameAs":["https:\/\/www.facebook.com\/rststeel","https:\/\/www.instagram.com\/rststeeloy\/"]}]}},"brands":[{"id":8340,"name":"Marlen Truck Parts","slug":"brand_marlentruckparts"}],"_links":{"self":[{"href":"https:\/\/com.rst-steel.eu\/nb\/wp-json\/wp\/v2\/product\/37427","targetHints":{"allow":["GET"]}}],"collection":[{"href":"https:\/\/com.rst-steel.eu\/nb\/wp-json\/wp\/v2\/product"}],"about":[{"href":"https:\/\/com.rst-steel.eu\/nb\/wp-json\/wp\/v2\/types\/product"}],"replies":[{"embeddable":true,"href":"https:\/\/com.rst-steel.eu\/nb\/wp-json\/wp\/v2\/comments?post=37427"}],"version-history":[{"count":0,"href":"https:\/\/com.rst-steel.eu\/nb\/wp-json\/wp\/v2\/product\/37427\/revisions"}],"wp:featuredmedia":[{"embeddable":true,"href":"https:\/\/com.rst-steel.eu\/nb\/wp-json\/wp\/v2\/media\/46969"}],"wp:attachment":[{"href":"https:\/\/com.rst-steel.eu\/nb\/wp-json\/wp\/v2\/media?parent=37427"}],"wp:term":[{"taxonomy":"make_fuel_type","embeddable":true,"href":"https:\/\/com.rst-steel.eu\/nb\/wp-json\/wp\/v2\/make_fuel_type?post=37427"},{"taxonomy":"make_model","embeddable":true,"href":"https:\/\/com.rst-steel.eu\/nb\/wp-json\/wp\/v2\/make_model?post=37427"},{"taxonomy":"make_brand","embeddable":true,"href":"https:\/\/com.rst-steel.eu\/nb\/wp-json\/wp\/v2\/make_brand?post=37427"},{"taxonomy":"make_year","embeddable":true,"href":"https:\/\/com.rst-steel.eu\/nb\/wp-json\/wp\/v2\/make_year?post=37427"},{"taxonomy":"pwb-brand","embeddable":true,"href":"https:\/\/com.rst-steel.eu\/nb\/wp-json\/wp\/v2\/pwb-brand?post=37427"},{"taxonomy":"product_brand","embeddable":true,"href":"https:\/\/com.rst-steel.eu\/nb\/wp-json\/wp\/v2\/product_brand?post=37427"},{"taxonomy":"product_cat","embeddable":true,"href":"https:\/\/com.rst-steel.eu\/nb\/wp-json\/wp\/v2\/product_cat?post=37427"},{"taxonomy":"product_tag","embeddable":true,"href":"https:\/\/com.rst-steel.eu\/nb\/wp-json\/wp\/v2\/product_tag?post=37427"}],"curies":[{"name":"wp","href":"https:\/\/api.w.org\/{rel}","templated":true}]}}