{"id":37304,"date":"2023-03-08T15:25:52","date_gmt":"2023-03-08T12:25:52","guid":{"rendered":"https:\/\/rst-steel.fi-c.seravo.com\/product\/leather-floor-mat-scania-nextgen-s-2017-automatic_prm_65378\/"},"modified":"2026-03-16T09:21:04","modified_gmt":"2026-03-16T06:21:04","slug":"leather-floor-mat-set-scania-nextgen-s-series-2017-automatic_prm_65378","status":"publish","type":"product","link":"https:\/\/com.rst-steel.eu\/nb\/produkt\/leather-floor-mat-set-scania-nextgen-s-series-2017-automatic_prm_65378\/","title":{"rendered":"Leather Floor Mat Set Scania NextGen S-Series 2017- Automatic"},"content":{"rendered":"<p>Leather Floor Mat Scania NextGen S-Series 2017- Automatic transmission \/ Flat floor \/\u00a0Folding passenger seat<\/p>\n<p><\/p>\n<div>\n<p style=\"margin: 0cm 0cm 7.5pt;background-image: initial;background-position: initial;background-size: initial;background-repeat: initial;background-attachment: initial\"><span lang=\"EN-US\" style=\"font-size: 10pt;font-family: Lato, sans-serif\">Enkel \u00e5 montere, dekker hele hyttegulvet. Slitesterkt \u00f8ko-l\u00e6r som overflatemateriale.<\/span><\/p>\n<p style=\"margin: 0cm 0cm 7.5pt;background-image: initial;background-position: initial;background-size: initial;background-repeat: initial;background-attachment: initial\"><span lang=\"EN-US\" style=\"font-size: 10pt;font-family: Lato, sans-serif\">&nbsp;<\/span><\/p>\n<p style=\"margin: 0cm 0cm 7.5pt;background-image: initial;background-position: initial;background-size: initial;background-repeat: initial;background-attachment: initial\"><span lang=\"EN-US\" style=\"font-size: 10pt;font-family: Lato, sans-serif\">Holder seg p\u00e5 plass og er lett \u00e5 rengj\u00f8re. Gir bilen et stilig utseende og beskytter mot kulde<\/span><\/p>\n<p style=\"margin: 0cm 0cm 7.5pt;background-image: initial;background-position: initial;background-size: initial;background-repeat: initial;background-attachment: initial\"><span lang=\"EN-US\" style=\"font-size: 10pt;font-family: Lato, sans-serif\">&nbsp;<\/span><\/p>\n<\/p>\n<p style=\"margin: 0cm 0cm 7.5pt;background-image: initial;background-position: initial;background-size: initial;background-repeat: initial;background-attachment: initial\"><span lang=\"EN-US\" style=\"font-size: 10pt;font-family: Lato, sans-serif\">Isolerer ogs\u00e5 lydene fra motoren og understellet.<\/span><\/p>\n<\/div>","protected":false},"excerpt":{"rendered":"<p>Automatgir \/ flatt gulv \/ sammenleggbart passasjersete. Flere fargealternativer tilgjengelig!<\/p>","protected":false},"featured_media":37299,"comment_status":"open","ping_status":"closed","template":"","meta":{"_improvement_type_select":"improve_an_existing","_thumb_yes_seoaic":false,"_frame_yes_seoaic":false,"seoaic_generate_description":"","seoaic_improve_instructions_prompt":"","seoaic_rollback_content_improvement":"","seoaic_idea_thumbnail_generator":"","thumbnail_generated":false,"thumbnail_generate_prompt":"","seoaic_article_description":""},"make_fuel_type":[],"make_model":[5623],"make_brand":[3744],"make_year":[3748],"pwb-brand":[8345],"product_brand":[],"product_cat":[8107,6097,6101],"product_tag":[8490,8488,8494],"class_list":{"0":"post-37304","1":"product","2":"type-product","3":"status-publish","4":"has-post-thumbnail","6":"make_engine-sleepercab-highline-cs","7":"make_engine-sleepercab-normal-cs","8":"make_model-nextgen-s-2017","9":"make_brand-scania","10":"make_year-trucks","11":"pwb-brand-brand_f-core","12":"product_cat-floormats-scania","13":"product_cat-cabin-inside","14":"product_cat-floor-mats-for-trucks","15":"product_tag-floor-mats","16":"product_tag-scania","17":"product_tag-scania-nextgen","19":"first","20":"instock","21":"taxable","22":"shipping-taxable","23":"purchasable","24":"product-type-variable"},"yoast_head":"<!-- This site is optimized with the Yoast SEO plugin v25.7 - https:\/\/yoast.com\/wordpress\/plugins\/seo\/ -->\n<title>Leather Floor Mat Set Scania NextGen S-Series 2017- Automatic - RST-Steel<\/title>\n<meta name=\"description\" content=\"Leather floor mat set for Scania NextGen S-series (2017+), automatic. Durable, custom-fit mats offer premium protection and style for your truck&#039;s interior.\" \/>\n<meta name=\"robots\" content=\"index, follow, max-snippet:-1, max-image-preview:large, max-video-preview:-1\" \/>\n<link rel=\"canonical\" href=\"https:\/\/com.rst-steel.eu\/nb\/produkt\/leather-floor-mat-set-scania-nextgen-s-series-2017-automatic_prm_65378\/\" \/>\n<meta property=\"og:locale\" content=\"nb_NO\" \/>\n<meta property=\"og:type\" content=\"article\" \/>\n<meta property=\"og:title\" content=\"Leather Floor Mat Set Scania NextGen S-Series 2017- Automatic - RST-Steel\" \/>\n<meta property=\"og:description\" content=\"Leather floor mat set for Scania NextGen S-series (2017+), automatic. Durable, custom-fit mats offer premium protection and style for your truck&#039;s interior.\" \/>\n<meta property=\"og:url\" content=\"https:\/\/com.rst-steel.eu\/nb\/produkt\/leather-floor-mat-set-scania-nextgen-s-series-2017-automatic_prm_65378\/\" \/>\n<meta property=\"og:site_name\" content=\"RST-Steel\" \/>\n<meta property=\"article:publisher\" content=\"https:\/\/www.facebook.com\/rststeel\" \/>\n<meta property=\"article:modified_time\" content=\"2026-03-16T06:21:04+00:00\" \/>\n<meta property=\"og:image\" content=\"https:\/\/com.rst-steel.eu\/wp-content\/uploads\/2023\/03\/80e184dc63b5d1ead3b64f47bd2253ecacb97a69_NahkamattosrjScaniaS2017_autom_70300009_9cb60431def1797094ccae390e5829df_3.jpg\" \/>\n\t<meta property=\"og:image:width\" content=\"1000\" \/>\n\t<meta property=\"og:image:height\" content=\"667\" \/>\n\t<meta property=\"og:image:type\" content=\"image\/jpeg\" \/>\n<meta name=\"twitter:card\" content=\"summary_large_image\" \/>\n<meta name=\"twitter:label1\" content=\"Ansl. lesetid\" \/>\n\t<meta name=\"twitter:data1\" content=\"1 minutt\" \/>\n<script type=\"application\/ld+json\" class=\"yoast-schema-graph\">{\"@context\":\"https:\/\/schema.org\",\"@graph\":[{\"@type\":\"WebPage\",\"@id\":\"https:\/\/com.rst-steel.eu\/nb\/produkt\/leather-floor-mat-set-scania-nextgen-s-series-2017-automatic_prm_65378\/\",\"url\":\"https:\/\/com.rst-steel.eu\/nb\/produkt\/leather-floor-mat-set-scania-nextgen-s-series-2017-automatic_prm_65378\/\",\"name\":\"Leather Floor Mat Set Scania NextGen S-Series 2017- Automatic - RST-Steel\",\"isPartOf\":{\"@id\":\"https:\/\/com.rst-steel.eu\/#website\"},\"primaryImageOfPage\":{\"@id\":\"https:\/\/com.rst-steel.eu\/nb\/produkt\/leather-floor-mat-set-scania-nextgen-s-series-2017-automatic_prm_65378\/#primaryimage\"},\"image\":{\"@id\":\"https:\/\/com.rst-steel.eu\/nb\/produkt\/leather-floor-mat-set-scania-nextgen-s-series-2017-automatic_prm_65378\/#primaryimage\"},\"thumbnailUrl\":\"https:\/\/com.rst-steel.eu\/wp-content\/uploads\/2023\/03\/80e184dc63b5d1ead3b64f47bd2253ecacb97a69_NahkamattosrjScaniaS2017_autom_70300009_9cb60431def1797094ccae390e5829df_3.jpg\",\"datePublished\":\"2023-03-08T12:25:52+00:00\",\"dateModified\":\"2026-03-16T06:21:04+00:00\",\"description\":\"Leather floor mat set for Scania NextGen S-series (2017+), automatic. Durable, custom-fit mats offer premium protection and style for your truck's interior.\",\"breadcrumb\":{\"@id\":\"https:\/\/com.rst-steel.eu\/nb\/produkt\/leather-floor-mat-set-scania-nextgen-s-series-2017-automatic_prm_65378\/#breadcrumb\"},\"inLanguage\":\"nb-NO\",\"potentialAction\":[{\"@type\":\"ReadAction\",\"target\":[\"https:\/\/com.rst-steel.eu\/nb\/produkt\/leather-floor-mat-set-scania-nextgen-s-series-2017-automatic_prm_65378\/\"]}]},{\"@type\":\"ImageObject\",\"inLanguage\":\"nb-NO\",\"@id\":\"https:\/\/com.rst-steel.eu\/nb\/produkt\/leather-floor-mat-set-scania-nextgen-s-series-2017-automatic_prm_65378\/#primaryimage\",\"url\":\"https:\/\/com.rst-steel.eu\/wp-content\/uploads\/2023\/03\/80e184dc63b5d1ead3b64f47bd2253ecacb97a69_NahkamattosrjScaniaS2017_autom_70300009_9cb60431def1797094ccae390e5829df_3.jpg\",\"contentUrl\":\"https:\/\/com.rst-steel.eu\/wp-content\/uploads\/2023\/03\/80e184dc63b5d1ead3b64f47bd2253ecacb97a69_NahkamattosrjScaniaS2017_autom_70300009_9cb60431def1797094ccae390e5829df_3.jpg\",\"width\":1000,\"height\":667,\"caption\":\"Leather Floor Mat Set Scania NextGen S-Series 2017- Automatic\"},{\"@type\":\"BreadcrumbList\",\"@id\":\"https:\/\/com.rst-steel.eu\/nb\/produkt\/leather-floor-mat-set-scania-nextgen-s-series-2017-automatic_prm_65378\/#breadcrumb\",\"itemListElement\":[{\"@type\":\"ListItem\",\"position\":1,\"name\":\"Home\",\"item\":\"https:\/\/com.rst-steel.eu\/\"},{\"@type\":\"ListItem\",\"position\":2,\"name\":\"RST-Steel Shop\",\"item\":\"https:\/\/com.rst-steel.eu\/shop\/\"},{\"@type\":\"ListItem\",\"position\":3,\"name\":\"Leather Floor Mat Set Scania NextGen S-Series 2017- Automatic\"}]},{\"@type\":\"WebSite\",\"@id\":\"https:\/\/com.rst-steel.eu\/#website\",\"url\":\"https:\/\/com.rst-steel.eu\/\",\"name\":\"RST-Steel.com\",\"description\":\"Finnish quality steel, for quality-conscious drivers\",\"publisher\":{\"@id\":\"https:\/\/com.rst-steel.eu\/#organization\"},\"alternateName\":\"Safe and stylish RST-Steel quality\",\"potentialAction\":[{\"@type\":\"SearchAction\",\"target\":{\"@type\":\"EntryPoint\",\"urlTemplate\":\"https:\/\/com.rst-steel.eu\/?s={search_term_string}\"},\"query-input\":{\"@type\":\"PropertyValueSpecification\",\"valueRequired\":true,\"valueName\":\"search_term_string\"}}],\"inLanguage\":\"nb-NO\"},{\"@type\":\"Organization\",\"@id\":\"https:\/\/com.rst-steel.eu\/#organization\",\"name\":\"RST-Steel Oy\",\"url\":\"https:\/\/com.rst-steel.eu\/\",\"logo\":{\"@type\":\"ImageObject\",\"inLanguage\":\"nb-NO\",\"@id\":\"https:\/\/com.rst-steel.eu\/#\/schema\/logo\/image\/\",\"url\":\"https:\/\/com.rst-steel.eu\/wp-content\/uploads\/2023\/04\/cropped-Rst-logo-valkoinen-teksti-3.png\",\"contentUrl\":\"https:\/\/com.rst-steel.eu\/wp-content\/uploads\/2023\/04\/cropped-Rst-logo-valkoinen-teksti-3.png\",\"width\":512,\"height\":115,\"caption\":\"RST-Steel Oy\"},\"image\":{\"@id\":\"https:\/\/com.rst-steel.eu\/#\/schema\/logo\/image\/\"},\"sameAs\":[\"https:\/\/www.facebook.com\/rststeel\",\"https:\/\/www.instagram.com\/rststeeloy\/\"]}]}<\/script>\n<!-- \/ Yoast SEO plugin. -->","yoast_head_json":{"title":"Leather Floor Mat Set Scania NextGen S-Series 2017- Automatic - RST-Steel","description":"Skinngulvmattesett for Scania NextGen S-serie (2017+), automatisk. Slitesterke, spesialtilpassede matter gir f\u00f8rsteklasses beskyttelse og stil for lastebilens interi\u00f8r.","robots":{"index":"index","follow":"follow","max-snippet":"max-snippet:-1","max-image-preview":"max-image-preview:large","max-video-preview":"max-video-preview:-1"},"canonical":"https:\/\/com.rst-steel.eu\/nb\/produkt\/leather-floor-mat-set-scania-nextgen-s-series-2017-automatic_prm_65378\/","og_locale":"nb_NO","og_type":"article","og_title":"Leather Floor Mat Set Scania NextGen S-Series 2017- Automatic - RST-Steel","og_description":"Leather floor mat set for Scania NextGen S-series (2017+), automatic. Durable, custom-fit mats offer premium protection and style for your truck's interior.","og_url":"https:\/\/com.rst-steel.eu\/nb\/produkt\/leather-floor-mat-set-scania-nextgen-s-series-2017-automatic_prm_65378\/","og_site_name":"RST-Steel","article_publisher":"https:\/\/www.facebook.com\/rststeel","article_modified_time":"2026-03-16T06:21:04+00:00","og_image":[{"width":1000,"height":667,"url":"https:\/\/com.rst-steel.eu\/wp-content\/uploads\/2023\/03\/80e184dc63b5d1ead3b64f47bd2253ecacb97a69_NahkamattosrjScaniaS2017_autom_70300009_9cb60431def1797094ccae390e5829df_3.jpg","type":"image\/jpeg"}],"twitter_card":"summary_large_image","twitter_misc":{"Ansl. lesetid":"1 minutt"},"schema":{"@context":"https:\/\/schema.org","@graph":[{"@type":"WebPage","@id":"https:\/\/com.rst-steel.eu\/nb\/produkt\/leather-floor-mat-set-scania-nextgen-s-series-2017-automatic_prm_65378\/","url":"https:\/\/com.rst-steel.eu\/nb\/produkt\/leather-floor-mat-set-scania-nextgen-s-series-2017-automatic_prm_65378\/","name":"Leather Floor Mat Set Scania NextGen S-Series 2017- Automatic - RST-Steel","isPartOf":{"@id":"https:\/\/com.rst-steel.eu\/#website"},"primaryImageOfPage":{"@id":"https:\/\/com.rst-steel.eu\/nb\/produkt\/leather-floor-mat-set-scania-nextgen-s-series-2017-automatic_prm_65378\/#primaryimage"},"image":{"@id":"https:\/\/com.rst-steel.eu\/nb\/produkt\/leather-floor-mat-set-scania-nextgen-s-series-2017-automatic_prm_65378\/#primaryimage"},"thumbnailUrl":"https:\/\/com.rst-steel.eu\/wp-content\/uploads\/2023\/03\/80e184dc63b5d1ead3b64f47bd2253ecacb97a69_NahkamattosrjScaniaS2017_autom_70300009_9cb60431def1797094ccae390e5829df_3.jpg","datePublished":"2023-03-08T12:25:52+00:00","dateModified":"2026-03-16T06:21:04+00:00","description":"Skinngulvmattesett for Scania NextGen S-serie (2017+), automatisk. Slitesterke, spesialtilpassede matter gir f\u00f8rsteklasses beskyttelse og stil for lastebilens interi\u00f8r.","breadcrumb":{"@id":"https:\/\/com.rst-steel.eu\/nb\/produkt\/leather-floor-mat-set-scania-nextgen-s-series-2017-automatic_prm_65378\/#breadcrumb"},"inLanguage":"nb-NO","potentialAction":[{"@type":"ReadAction","target":["https:\/\/com.rst-steel.eu\/nb\/produkt\/leather-floor-mat-set-scania-nextgen-s-series-2017-automatic_prm_65378\/"]}]},{"@type":"ImageObject","inLanguage":"nb-NO","@id":"https:\/\/com.rst-steel.eu\/nb\/produkt\/leather-floor-mat-set-scania-nextgen-s-series-2017-automatic_prm_65378\/#primaryimage","url":"https:\/\/com.rst-steel.eu\/wp-content\/uploads\/2023\/03\/80e184dc63b5d1ead3b64f47bd2253ecacb97a69_NahkamattosrjScaniaS2017_autom_70300009_9cb60431def1797094ccae390e5829df_3.jpg","contentUrl":"https:\/\/com.rst-steel.eu\/wp-content\/uploads\/2023\/03\/80e184dc63b5d1ead3b64f47bd2253ecacb97a69_NahkamattosrjScaniaS2017_autom_70300009_9cb60431def1797094ccae390e5829df_3.jpg","width":1000,"height":667,"caption":"Leather Floor Mat Set Scania NextGen S-Series 2017- Automatic"},{"@type":"BreadcrumbList","@id":"https:\/\/com.rst-steel.eu\/nb\/produkt\/leather-floor-mat-set-scania-nextgen-s-series-2017-automatic_prm_65378\/#breadcrumb","itemListElement":[{"@type":"ListItem","position":1,"name":"Home","item":"https:\/\/com.rst-steel.eu\/"},{"@type":"ListItem","position":2,"name":"RST-Steel Shop","item":"https:\/\/com.rst-steel.eu\/shop\/"},{"@type":"ListItem","position":3,"name":"Leather Floor Mat Set Scania NextGen S-Series 2017- Automatic"}]},{"@type":"WebSite","@id":"https:\/\/com.rst-steel.eu\/#website","url":"https:\/\/com.rst-steel.eu\/","name":"RST-Steel.com","description":"Finsk kvalitetsst\u00e5l, for kvalitetsbevisste sj\u00e5f\u00f8rer","publisher":{"@id":"https:\/\/com.rst-steel.eu\/#organization"},"alternateName":"Safe and stylish RST-Steel quality","potentialAction":[{"@type":"SearchAction","target":{"@type":"EntryPoint","urlTemplate":"https:\/\/com.rst-steel.eu\/?s={search_term_string}"},"query-input":{"@type":"PropertyValueSpecification","valueRequired":true,"valueName":"search_term_string"}}],"inLanguage":"nb-NO"},{"@type":"Organization","@id":"https:\/\/com.rst-steel.eu\/#organization","name":"RST-Steel Oy","url":"https:\/\/com.rst-steel.eu\/","logo":{"@type":"ImageObject","inLanguage":"nb-NO","@id":"https:\/\/com.rst-steel.eu\/#\/schema\/logo\/image\/","url":"https:\/\/com.rst-steel.eu\/wp-content\/uploads\/2023\/04\/cropped-Rst-logo-valkoinen-teksti-3.png","contentUrl":"https:\/\/com.rst-steel.eu\/wp-content\/uploads\/2023\/04\/cropped-Rst-logo-valkoinen-teksti-3.png","width":512,"height":115,"caption":"RST-Steel Oy"},"image":{"@id":"https:\/\/com.rst-steel.eu\/#\/schema\/logo\/image\/"},"sameAs":["https:\/\/www.facebook.com\/rststeel","https:\/\/www.instagram.com\/rststeeloy\/"]}]}},"brands":[{"id":8345,"name":"F-CORE","slug":"brand_f-core"}],"_links":{"self":[{"href":"https:\/\/com.rst-steel.eu\/nb\/wp-json\/wp\/v2\/product\/37304","targetHints":{"allow":["GET"]}}],"collection":[{"href":"https:\/\/com.rst-steel.eu\/nb\/wp-json\/wp\/v2\/product"}],"about":[{"href":"https:\/\/com.rst-steel.eu\/nb\/wp-json\/wp\/v2\/types\/product"}],"replies":[{"embeddable":true,"href":"https:\/\/com.rst-steel.eu\/nb\/wp-json\/wp\/v2\/comments?post=37304"}],"version-history":[{"count":0,"href":"https:\/\/com.rst-steel.eu\/nb\/wp-json\/wp\/v2\/product\/37304\/revisions"}],"wp:featuredmedia":[{"embeddable":true,"href":"https:\/\/com.rst-steel.eu\/nb\/wp-json\/wp\/v2\/media\/37299"}],"wp:attachment":[{"href":"https:\/\/com.rst-steel.eu\/nb\/wp-json\/wp\/v2\/media?parent=37304"}],"wp:term":[{"taxonomy":"make_fuel_type","embeddable":true,"href":"https:\/\/com.rst-steel.eu\/nb\/wp-json\/wp\/v2\/make_fuel_type?post=37304"},{"taxonomy":"make_model","embeddable":true,"href":"https:\/\/com.rst-steel.eu\/nb\/wp-json\/wp\/v2\/make_model?post=37304"},{"taxonomy":"make_brand","embeddable":true,"href":"https:\/\/com.rst-steel.eu\/nb\/wp-json\/wp\/v2\/make_brand?post=37304"},{"taxonomy":"make_year","embeddable":true,"href":"https:\/\/com.rst-steel.eu\/nb\/wp-json\/wp\/v2\/make_year?post=37304"},{"taxonomy":"pwb-brand","embeddable":true,"href":"https:\/\/com.rst-steel.eu\/nb\/wp-json\/wp\/v2\/pwb-brand?post=37304"},{"taxonomy":"product_brand","embeddable":true,"href":"https:\/\/com.rst-steel.eu\/nb\/wp-json\/wp\/v2\/product_brand?post=37304"},{"taxonomy":"product_cat","embeddable":true,"href":"https:\/\/com.rst-steel.eu\/nb\/wp-json\/wp\/v2\/product_cat?post=37304"},{"taxonomy":"product_tag","embeddable":true,"href":"https:\/\/com.rst-steel.eu\/nb\/wp-json\/wp\/v2\/product_tag?post=37304"}],"curies":[{"name":"wp","href":"https:\/\/api.w.org\/{rel}","templated":true}]}}