{"id":37237,"date":"2023-03-08T15:23:17","date_gmt":"2023-03-08T12:23:17","guid":{"rendered":"https:\/\/rst-steel.fi-c.seravo.com\/product\/window-pelmet-with-fringes-250x18cm_prm_65347\/"},"modified":"2026-03-16T09:21:06","modified_gmt":"2026-03-16T06:21:06","slug":"window-pelmet-with-fringes-250x18cm_prm_65347","status":"publish","type":"product","link":"https:\/\/com.rst-steel.eu\/nb\/produkt\/window-pelmet-with-fringes-250x18cm_prm_65347\/","title":{"rendered":"Vindusgardin med frynser 250x18cm"},"content":{"rendered":"<p>&nbsp;Vindusgardin med frynser 250x18cm<\/p>\n<p><\/p>\n<p><span style=\"font-weight: bold\">\u00d8nsker du \u00e5 tilf\u00f8re hytta et snev av eleganse og praktisk funksjonalitet?<\/span><\/p>\n<p><\/p>\n<p>S\u00e5 velg disse vindusgardinene med frynser!<\/p>\n<p>Disse vindusgardinene av h\u00f8y kvalitet gir komfort og privatliv i bilen din, samtidig som de forbedrer det generelle utseendet p\u00e5 kupeen.<\/p>\n<p><\/p>\n<p><span style=\"font-weight: bold\">Egenskaper:<\/span><\/p>\n<ul>\n<li>St\u00f8rrelse: 250\u00d718 cm - passer perfekt til de fleste f\u00f8rerhus i kj\u00f8ret\u00f8y.<\/li>\n<li>Fringes:&nbsp; The fringes are double-stitched to ensure they hang beautifully.<\/li>\n<li>Enkel montering: Gardinkappen er rask og enkel \u00e5 montere.<\/li>\n<li>Allsidig: Gardinene fungerer b\u00e5de som solskjerming og innsynsskjerm, noe som gir komfort og privatliv i bilen.<\/li>\n<\/ul>\n<p><\/p>\n<p><span style=\"font-weight: bold\">Bestill n\u00e5 og legg til stil i lastebilhytta!<\/span><\/p>\n<p><\/p>\n<p>F\u00e5 vindusgardiner med frynser direkte fra v\u00e5r nettbutikk. Vi tilbyr rask levering og utmerket kundeservice. Oppdag produkter av h\u00f8y kvalitet designet for \u00e5 m\u00f8te selv de mest krevende behov. Nyt et nytt og friskt utseende og ekstra komfort i bilen din med denne vindusgardinen!<\/p>","protected":false},"excerpt":{"rendered":"<p>Flere fargealternativer tilgjengelig!<\/p>","protected":false},"featured_media":48190,"comment_status":"open","ping_status":"closed","template":"","meta":{"_improvement_type_select":"improve_an_existing","_thumb_yes_seoaic":false,"_frame_yes_seoaic":false,"seoaic_generate_description":"","seoaic_improve_instructions_prompt":"","seoaic_rollback_content_improvement":"","seoaic_idea_thumbnail_generator":"","thumbnail_generated":false,"thumbnail_generate_prompt":"","seoaic_article_description":""},"make_fuel_type":[],"make_model":[5277,5677,5685,5684,5637,3743,5295,5294,5300,5620,5623],"make_brand":[5268,3744,3745],"make_year":[3748],"pwb-brand":[],"product_brand":[],"product_cat":[6097,6098],"product_tag":[8500],"class_list":{"0":"post-37237","1":"product","2":"type-product","3":"status-publish","4":"has-post-thumbnail","6":"make_engine-daycab-low-cr","7":"make_engine-daycab-normal-cr","8":"make_engine-sleepercab-highline-cr","9":"make_engine-sleepercab-highline-cs","10":"make_engine-sleepercab-low-cr","11":"make_engine-sleepercab-normal-cr","12":"make_engine-sleepercab-normal-cs","13":"make_engine-normal-cab","14":"make_engine-globetrotter","15":"make_engine-globetrotter-xl-cab","16":"make_model-daf-xf105","17":"make_model-xf-106","18":"make_model-xf-2021","19":"make_model-xg","20":"make_model-fh-2021","21":"make_model-fh4","22":"make_model-volvo-fm-2021","23":"make_model-volvo-fm4","24":"make_model-volvo-fmx","25":"make_model-nextgen-r-2017","26":"make_model-nextgen-s-2017","27":"make_brand-daf","28":"make_brand-scania","29":"make_brand-volvo","30":"make_year-trucks","31":"product_cat-cabin-inside","32":"product_cat-textiles-for-the-trucks","33":"product_tag-interior","35":"first","36":"instock","37":"taxable","38":"shipping-taxable","39":"purchasable","40":"product-type-variable"},"yoast_head":"<!-- This site is optimized with the Yoast SEO plugin v25.7 - https:\/\/yoast.com\/wordpress\/plugins\/seo\/ -->\n<title>Windowcurtain With Fringes 250x18cm - RST-Steel<\/title>\n<meta name=\"description\" content=\"These high-quality windowcurtains bring comfort and privacy to your vehicle, while enhancing the overall look of your cabin.\" \/>\n<meta name=\"robots\" content=\"index, follow, max-snippet:-1, max-image-preview:large, max-video-preview:-1\" \/>\n<link rel=\"canonical\" href=\"https:\/\/com.rst-steel.eu\/nb\/produkt\/window-pelmet-with-fringes-250x18cm_prm_65347\/\" \/>\n<meta property=\"og:locale\" content=\"nb_NO\" \/>\n<meta property=\"og:type\" content=\"article\" \/>\n<meta property=\"og:title\" content=\"Windowcurtain With Fringes 250x18cm - RST-Steel\" \/>\n<meta property=\"og:description\" content=\"These high-quality windowcurtains bring comfort and privacy to your vehicle, while enhancing the overall look of your cabin.\" \/>\n<meta property=\"og:url\" content=\"https:\/\/com.rst-steel.eu\/nb\/produkt\/window-pelmet-with-fringes-250x18cm_prm_65347\/\" \/>\n<meta property=\"og:site_name\" content=\"RST-Steel\" \/>\n<meta property=\"article:publisher\" content=\"https:\/\/www.facebook.com\/rststeel\" \/>\n<meta property=\"article:modified_time\" content=\"2026-03-16T06:21:06+00:00\" \/>\n<meta property=\"og:image\" content=\"https:\/\/com.rst-steel.eu\/wp-content\/uploads\/2024\/11\/0ea0ebae2565c9a3d4d1b5056888888b3ccded82_Verhokappa_hapsuilla.jpg\" \/>\n\t<meta property=\"og:image:width\" content=\"480\" \/>\n\t<meta property=\"og:image:height\" content=\"600\" \/>\n\t<meta property=\"og:image:type\" content=\"image\/jpeg\" \/>\n<meta name=\"twitter:card\" content=\"summary_large_image\" \/>\n<meta name=\"twitter:label1\" content=\"Ansl. lesetid\" \/>\n\t<meta name=\"twitter:data1\" content=\"1 minutt\" \/>\n<script type=\"application\/ld+json\" class=\"yoast-schema-graph\">{\"@context\":\"https:\/\/schema.org\",\"@graph\":[{\"@type\":\"WebPage\",\"@id\":\"https:\/\/com.rst-steel.eu\/sv\/produkt\/window-pelmet-with-fringes-250x18cm_prm_65347\/\",\"url\":\"https:\/\/com.rst-steel.eu\/sv\/produkt\/window-pelmet-with-fringes-250x18cm_prm_65347\/\",\"name\":\"Windowcurtain With Fringes 250x18cm - RST-Steel\",\"isPartOf\":{\"@id\":\"https:\/\/com.rst-steel.eu\/#website\"},\"primaryImageOfPage\":{\"@id\":\"https:\/\/com.rst-steel.eu\/sv\/produkt\/window-pelmet-with-fringes-250x18cm_prm_65347\/#primaryimage\"},\"image\":{\"@id\":\"https:\/\/com.rst-steel.eu\/sv\/produkt\/window-pelmet-with-fringes-250x18cm_prm_65347\/#primaryimage\"},\"thumbnailUrl\":\"https:\/\/com.rst-steel.eu\/wp-content\/uploads\/2024\/11\/0ea0ebae2565c9a3d4d1b5056888888b3ccded82_Verhokappa_hapsuilla.jpg\",\"datePublished\":\"2023-03-08T12:23:17+00:00\",\"dateModified\":\"2026-03-16T06:21:06+00:00\",\"description\":\"These high-quality windowcurtains bring comfort and privacy to your vehicle, while enhancing the overall look of your cabin.\",\"breadcrumb\":{\"@id\":\"https:\/\/com.rst-steel.eu\/sv\/produkt\/window-pelmet-with-fringes-250x18cm_prm_65347\/#breadcrumb\"},\"inLanguage\":\"nb-NO\",\"potentialAction\":[{\"@type\":\"ReadAction\",\"target\":[\"https:\/\/com.rst-steel.eu\/sv\/produkt\/window-pelmet-with-fringes-250x18cm_prm_65347\/\"]}]},{\"@type\":\"ImageObject\",\"inLanguage\":\"nb-NO\",\"@id\":\"https:\/\/com.rst-steel.eu\/sv\/produkt\/window-pelmet-with-fringes-250x18cm_prm_65347\/#primaryimage\",\"url\":\"https:\/\/com.rst-steel.eu\/wp-content\/uploads\/2024\/11\/0ea0ebae2565c9a3d4d1b5056888888b3ccded82_Verhokappa_hapsuilla.jpg\",\"contentUrl\":\"https:\/\/com.rst-steel.eu\/wp-content\/uploads\/2024\/11\/0ea0ebae2565c9a3d4d1b5056888888b3ccded82_Verhokappa_hapsuilla.jpg\",\"width\":480,\"height\":600},{\"@type\":\"BreadcrumbList\",\"@id\":\"https:\/\/com.rst-steel.eu\/sv\/produkt\/window-pelmet-with-fringes-250x18cm_prm_65347\/#breadcrumb\",\"itemListElement\":[{\"@type\":\"ListItem\",\"position\":1,\"name\":\"Home\",\"item\":\"https:\/\/com.rst-steel.eu\/\"},{\"@type\":\"ListItem\",\"position\":2,\"name\":\"RST-Steel Shop\",\"item\":\"https:\/\/com.rst-steel.eu\/shop\/\"},{\"@type\":\"ListItem\",\"position\":3,\"name\":\"Windowcurtain With Fringes 250x18cm\"}]},{\"@type\":\"WebSite\",\"@id\":\"https:\/\/com.rst-steel.eu\/#website\",\"url\":\"https:\/\/com.rst-steel.eu\/\",\"name\":\"RST-Steel.com\",\"description\":\"Finnish quality steel, for quality-conscious drivers\",\"publisher\":{\"@id\":\"https:\/\/com.rst-steel.eu\/#organization\"},\"alternateName\":\"Safe and stylish RST-Steel quality\",\"potentialAction\":[{\"@type\":\"SearchAction\",\"target\":{\"@type\":\"EntryPoint\",\"urlTemplate\":\"https:\/\/com.rst-steel.eu\/?s={search_term_string}\"},\"query-input\":{\"@type\":\"PropertyValueSpecification\",\"valueRequired\":true,\"valueName\":\"search_term_string\"}}],\"inLanguage\":\"nb-NO\"},{\"@type\":\"Organization\",\"@id\":\"https:\/\/com.rst-steel.eu\/#organization\",\"name\":\"RST-Steel Oy\",\"url\":\"https:\/\/com.rst-steel.eu\/\",\"logo\":{\"@type\":\"ImageObject\",\"inLanguage\":\"nb-NO\",\"@id\":\"https:\/\/com.rst-steel.eu\/#\/schema\/logo\/image\/\",\"url\":\"https:\/\/com.rst-steel.eu\/wp-content\/uploads\/2023\/04\/cropped-Rst-logo-valkoinen-teksti-3.png\",\"contentUrl\":\"https:\/\/com.rst-steel.eu\/wp-content\/uploads\/2023\/04\/cropped-Rst-logo-valkoinen-teksti-3.png\",\"width\":512,\"height\":115,\"caption\":\"RST-Steel Oy\"},\"image\":{\"@id\":\"https:\/\/com.rst-steel.eu\/#\/schema\/logo\/image\/\"},\"sameAs\":[\"https:\/\/www.facebook.com\/rststeel\",\"https:\/\/www.instagram.com\/rststeeloy\/\"]}]}<\/script>\n<!-- \/ Yoast SEO plugin. -->","yoast_head_json":{"title":"Windowcurtain With Fringes 250x18cm - RST-Steel","description":"Disse vindusgardinene av h\u00f8y kvalitet gir komfort og privatliv i bilen din, samtidig som de forbedrer det generelle utseendet p\u00e5 kupeen.","robots":{"index":"index","follow":"follow","max-snippet":"max-snippet:-1","max-image-preview":"max-image-preview:large","max-video-preview":"max-video-preview:-1"},"canonical":"https:\/\/com.rst-steel.eu\/nb\/produkt\/window-pelmet-with-fringes-250x18cm_prm_65347\/","og_locale":"nb_NO","og_type":"article","og_title":"Windowcurtain With Fringes 250x18cm - RST-Steel","og_description":"These high-quality windowcurtains bring comfort and privacy to your vehicle, while enhancing the overall look of your cabin.","og_url":"https:\/\/com.rst-steel.eu\/nb\/produkt\/window-pelmet-with-fringes-250x18cm_prm_65347\/","og_site_name":"RST-Steel","article_publisher":"https:\/\/www.facebook.com\/rststeel","article_modified_time":"2026-03-16T06:21:06+00:00","og_image":[{"width":480,"height":600,"url":"https:\/\/com.rst-steel.eu\/wp-content\/uploads\/2024\/11\/0ea0ebae2565c9a3d4d1b5056888888b3ccded82_Verhokappa_hapsuilla.jpg","type":"image\/jpeg"}],"twitter_card":"summary_large_image","twitter_misc":{"Ansl. lesetid":"1 minutt"},"schema":{"@context":"https:\/\/schema.org","@graph":[{"@type":"WebPage","@id":"https:\/\/com.rst-steel.eu\/sv\/produkt\/window-pelmet-with-fringes-250x18cm_prm_65347\/","url":"https:\/\/com.rst-steel.eu\/sv\/produkt\/window-pelmet-with-fringes-250x18cm_prm_65347\/","name":"Windowcurtain With Fringes 250x18cm - RST-Steel","isPartOf":{"@id":"https:\/\/com.rst-steel.eu\/#website"},"primaryImageOfPage":{"@id":"https:\/\/com.rst-steel.eu\/sv\/produkt\/window-pelmet-with-fringes-250x18cm_prm_65347\/#primaryimage"},"image":{"@id":"https:\/\/com.rst-steel.eu\/sv\/produkt\/window-pelmet-with-fringes-250x18cm_prm_65347\/#primaryimage"},"thumbnailUrl":"https:\/\/com.rst-steel.eu\/wp-content\/uploads\/2024\/11\/0ea0ebae2565c9a3d4d1b5056888888b3ccded82_Verhokappa_hapsuilla.jpg","datePublished":"2023-03-08T12:23:17+00:00","dateModified":"2026-03-16T06:21:06+00:00","description":"Disse vindusgardinene av h\u00f8y kvalitet gir komfort og privatliv i bilen din, samtidig som de forbedrer det generelle utseendet p\u00e5 kupeen.","breadcrumb":{"@id":"https:\/\/com.rst-steel.eu\/sv\/produkt\/window-pelmet-with-fringes-250x18cm_prm_65347\/#breadcrumb"},"inLanguage":"nb-NO","potentialAction":[{"@type":"ReadAction","target":["https:\/\/com.rst-steel.eu\/sv\/produkt\/window-pelmet-with-fringes-250x18cm_prm_65347\/"]}]},{"@type":"ImageObject","inLanguage":"nb-NO","@id":"https:\/\/com.rst-steel.eu\/sv\/produkt\/window-pelmet-with-fringes-250x18cm_prm_65347\/#primaryimage","url":"https:\/\/com.rst-steel.eu\/wp-content\/uploads\/2024\/11\/0ea0ebae2565c9a3d4d1b5056888888b3ccded82_Verhokappa_hapsuilla.jpg","contentUrl":"https:\/\/com.rst-steel.eu\/wp-content\/uploads\/2024\/11\/0ea0ebae2565c9a3d4d1b5056888888b3ccded82_Verhokappa_hapsuilla.jpg","width":480,"height":600},{"@type":"BreadcrumbList","@id":"https:\/\/com.rst-steel.eu\/sv\/produkt\/window-pelmet-with-fringes-250x18cm_prm_65347\/#breadcrumb","itemListElement":[{"@type":"ListItem","position":1,"name":"Home","item":"https:\/\/com.rst-steel.eu\/"},{"@type":"ListItem","position":2,"name":"RST-Steel Shop","item":"https:\/\/com.rst-steel.eu\/shop\/"},{"@type":"ListItem","position":3,"name":"Windowcurtain With Fringes 250x18cm"}]},{"@type":"WebSite","@id":"https:\/\/com.rst-steel.eu\/#website","url":"https:\/\/com.rst-steel.eu\/","name":"RST-Steel.com","description":"Finsk kvalitetsst\u00e5l, for kvalitetsbevisste sj\u00e5f\u00f8rer","publisher":{"@id":"https:\/\/com.rst-steel.eu\/#organization"},"alternateName":"Safe and stylish RST-Steel quality","potentialAction":[{"@type":"SearchAction","target":{"@type":"EntryPoint","urlTemplate":"https:\/\/com.rst-steel.eu\/?s={search_term_string}"},"query-input":{"@type":"PropertyValueSpecification","valueRequired":true,"valueName":"search_term_string"}}],"inLanguage":"nb-NO"},{"@type":"Organization","@id":"https:\/\/com.rst-steel.eu\/#organization","name":"RST-Steel Oy","url":"https:\/\/com.rst-steel.eu\/","logo":{"@type":"ImageObject","inLanguage":"nb-NO","@id":"https:\/\/com.rst-steel.eu\/#\/schema\/logo\/image\/","url":"https:\/\/com.rst-steel.eu\/wp-content\/uploads\/2023\/04\/cropped-Rst-logo-valkoinen-teksti-3.png","contentUrl":"https:\/\/com.rst-steel.eu\/wp-content\/uploads\/2023\/04\/cropped-Rst-logo-valkoinen-teksti-3.png","width":512,"height":115,"caption":"RST-Steel Oy"},"image":{"@id":"https:\/\/com.rst-steel.eu\/#\/schema\/logo\/image\/"},"sameAs":["https:\/\/www.facebook.com\/rststeel","https:\/\/www.instagram.com\/rststeeloy\/"]}]}},"brands":[],"_links":{"self":[{"href":"https:\/\/com.rst-steel.eu\/nb\/wp-json\/wp\/v2\/product\/37237","targetHints":{"allow":["GET"]}}],"collection":[{"href":"https:\/\/com.rst-steel.eu\/nb\/wp-json\/wp\/v2\/product"}],"about":[{"href":"https:\/\/com.rst-steel.eu\/nb\/wp-json\/wp\/v2\/types\/product"}],"replies":[{"embeddable":true,"href":"https:\/\/com.rst-steel.eu\/nb\/wp-json\/wp\/v2\/comments?post=37237"}],"version-history":[{"count":0,"href":"https:\/\/com.rst-steel.eu\/nb\/wp-json\/wp\/v2\/product\/37237\/revisions"}],"wp:featuredmedia":[{"embeddable":true,"href":"https:\/\/com.rst-steel.eu\/nb\/wp-json\/wp\/v2\/media\/48190"}],"wp:attachment":[{"href":"https:\/\/com.rst-steel.eu\/nb\/wp-json\/wp\/v2\/media?parent=37237"}],"wp:term":[{"taxonomy":"make_fuel_type","embeddable":true,"href":"https:\/\/com.rst-steel.eu\/nb\/wp-json\/wp\/v2\/make_fuel_type?post=37237"},{"taxonomy":"make_model","embeddable":true,"href":"https:\/\/com.rst-steel.eu\/nb\/wp-json\/wp\/v2\/make_model?post=37237"},{"taxonomy":"make_brand","embeddable":true,"href":"https:\/\/com.rst-steel.eu\/nb\/wp-json\/wp\/v2\/make_brand?post=37237"},{"taxonomy":"make_year","embeddable":true,"href":"https:\/\/com.rst-steel.eu\/nb\/wp-json\/wp\/v2\/make_year?post=37237"},{"taxonomy":"pwb-brand","embeddable":true,"href":"https:\/\/com.rst-steel.eu\/nb\/wp-json\/wp\/v2\/pwb-brand?post=37237"},{"taxonomy":"product_brand","embeddable":true,"href":"https:\/\/com.rst-steel.eu\/nb\/wp-json\/wp\/v2\/product_brand?post=37237"},{"taxonomy":"product_cat","embeddable":true,"href":"https:\/\/com.rst-steel.eu\/nb\/wp-json\/wp\/v2\/product_cat?post=37237"},{"taxonomy":"product_tag","embeddable":true,"href":"https:\/\/com.rst-steel.eu\/nb\/wp-json\/wp\/v2\/product_tag?post=37237"}],"curies":[{"name":"wp","href":"https:\/\/api.w.org\/{rel}","templated":true}]}}