{"id":36820,"date":"2023-02-14T09:08:23","date_gmt":"2023-02-14T06:08:23","guid":{"rendered":"https:\/\/rst-steel.fi-c.seravo.com\/product\/lazer-utility-45-work-lamp-with-slimline-mount_pr_69037\/"},"modified":"2026-03-16T09:21:27","modified_gmt":"2026-03-16T06:21:27","slug":"lazer-utility-45-gen2-slimline_pr_69037","status":"publish","type":"product","link":"https:\/\/com.rst-steel.eu\/nb\/produkt\/lazer-utility-45-gen2-slimline_pr_69037\/","title":{"rendered":"Lazer Utility-45 Gen2, Slimline"},"content":{"rendered":"<p>The Utility-45 is a heavy-duty work light upgraded in 2018 to deliver even more visibility, with greater intensity and improved spread of light, facilitating safer and more productive work environments. The 50 lux line, defined by HSE as the effective level of illumination when working outdoors at night, is achieved at 16m distance, with a spread of 10m (mounted at 3m with 20 degree down angle). Combined with design features for maximising functionality and reliability, this is a product that can be relied on to deliver exceptional performance, time after time, whatever the application.<\/p>\n<p><\/p>\n<p>Continual improvement in, and adoption of, the latest and most efficient LED technology means the Utility Series stands apart from other work light solutions. 4 high density LEDs deliver 4,560 raw lumens which is harnessed through ultra-reflective, vacuum-metallised optics designed and engineered in the UK using advanced CAD design and light simulation software. The result \u2013 more light distributed over a bigger area, and with the LEDs carefully selected for their colour temperature, proven to maximise definition while reducing fatigue and strain that can come from using higher colour ranges.<\/p>\n<p><\/p>\n<p>Det konstant h\u00f8ye lysutbyttet opprettholdes ved hjelp av et innovativt CAE-optimalisert \"Matrix\"-kj\u00f8lesystem; det \u00f8kte overflatearealet s\u00f8rger for at varmen som genereres under bruk av lampen, ledes mer effektivt bort fra enheten. Denne prosessen gj\u00f8r at lysutbyttet kan maksimeres i lengre tid, samtidig som Electronic Thermal Management-systemet optimaliserer lysutbyttet med tanke p\u00e5 lampens milj\u00f8messige og termiske forhold.<\/p>\n<p><\/p>\n<p>Produktegenskaper<\/p>\n<p><\/p>\n<p>UNECE approved Work Light (Reg 10)<\/p>\n<p>High density, premium \u2018bin\u2019 LEDs<\/p>\n<p>Advanced optical design delivers superior lighting performance<\/p>\n<p>CAE-optimalisert Matrix-kj\u00f8lesystem gir forbedret termisk dynamikk<\/p>\n<p>Elektronisk termisk styringssystem optimerer lyseffekten for \u00e5 bevare levetiden til lysdiodene<\/p>\n<p>Anodised pre-treatment and automotive grade powder top-coat for ultimate corrosion and chemical protection<\/p>\n<p>EMC-beskyttet - CISPR 25: 2008 (klasse 3)<\/p>\n<p>Overspenningsbeskyttet<\/p>\n<p>Beskyttet mot omvendt polaritet<\/p>\n<p>ADR compliant versions available (does not cover vehicle side connections)<\/p>\n<p>Optional Quad Core Dampening System protects against vibration (Wide Mount compatible only)<\/p>\n<p>\u2018Uknuselig\u2019 polykarbonatlinse med hardcoat lakk<\/p>\n<p>IP67 vanntett<\/p>\n<p>5-year warranty*<\/p>\n<p>Supplied with pre-wired male\/female 2-pin Deutsch connectors<\/p>\n<p>Designet og produsert i Storbritannia<\/p>\n<p><\/p>\n<p>* - 5 \u00e5rs garanti gjelder for bruk i biler og kommersielle fl\u00e5ter, alle andre bruksomr\u00e5der har en garantiperiode p\u00e5 2 \u00e5r.<\/p>\n<p><\/p>\n<p><\/p>\n<p>Technical Specifications<\/p>\n<p><\/p>\n<p>Voltage Range (DC)<span>\t<\/span>10-32V<\/p>\n<p>LED Life<span>\t<\/span>50,000 hours<\/p>\n<p>Colour Temperature<span>\t<\/span>5,000 Kelvin<\/p>\n<p>Weight<span>\t<\/span>1260 gr<\/p>\n<p><\/p>\n<p><\/p>\n<p>Fjernlysfunksjon<span>\t<\/span>&nbsp;<\/p>\n<p><\/p>\n<p>Total Luminous Flux<span>\t<\/span>4560 Lm<\/p>\n<p>Colour Temperature<span>\t<\/span>5000K<\/p>\n<p>Number of High Output LEDs<span>\t<\/span>4<\/p>\n<p>Power Consumption<span>\t<\/span>45 Watts<\/p>\n<p>Current Draw (at 14.4V)<span>\t<\/span>3.1 Amps<\/p>\n<p><\/p>\n<p><\/p>\n<p>CERTIFICATION<span>\t<\/span>&nbsp;<\/p>\n<p><\/p>\n<p>Work Lamp <span>\t<\/span>ECE R10&nbsp;<\/p>\n<p>IP Rating<span>\t<\/span>IP69K&nbsp;<\/p>\n<p>Salt Spray Test<span>\t<\/span>ISO 9227 (1000H)<\/p>\n<p>EMC Protection<span>\t<\/span>CISPR-25 (Class 3)<\/p>\n<p><\/p>\n<p><\/p>\n<p>OPERATING CONDITIONS<span>\t<\/span>&nbsp;<\/p>\n<p><\/p>\n<p>Shock<span>\t<\/span>TBC<\/p>\n<p>Vibration (BS EN 60068-2-64)<span>\t<\/span>10Hz &gt; 1000Hz, 0.14&gt;20 (m\/s\u00b2)\u00b2\/Hz<\/p>\n<p>Operating Temperature<span>\t<\/span>-40 grader C ... +90 grader C&nbsp;<\/p>\n<p><\/p>\n<p><\/p>\n<p>DIMENSIONS<span>\t<\/span>&nbsp;<\/p>\n<p><\/p>\n<p>Width<span>\t<\/span>110 mm<\/p>\n<p>Depth<span>\t<\/span>85 mm<\/p>\n<p>Height<span>\t<\/span>108 mm<\/p>\n<p><\/p>\n<p><\/p>\n<p>FOTOMETRISKE DATA<span>\t<\/span>&nbsp;<\/p>\n<p><\/p>\n<p>1Lx Line @<span>\t<\/span>69m<\/p>\n<p>5Lx Line @<span>\t<\/span>41m<\/p>\n<p>20Lx Line @<span>\t<\/span>23m<\/p>\n<p>50Lx Line @ <span>\t<\/span>16m*<\/p>\n<p>* - 50Lx representerer HMS-retningslinjene for effektiv belysning ved utend\u00f8rs arbeid om natten.<\/p>\n<p><\/p>\n<p><\/p>\n<p>Whats Included:<\/p>\n<p><\/p>\n<p>Utility-45 Arbeidslampe<\/p>\n<p>1x Slim Mount (supplied attached to lamp)<\/p>","protected":false},"excerpt":{"rendered":"<p>Even more visibility, with greater intensity and improved spread of light, facilitating safer and more productive work environments.<\/p>","protected":false},"featured_media":36815,"comment_status":"open","ping_status":"closed","template":"","meta":{"_improvement_type_select":"improve_an_existing","_thumb_yes_seoaic":false,"_frame_yes_seoaic":false,"seoaic_generate_description":"","seoaic_improve_instructions_prompt":"","seoaic_rollback_content_improvement":"","seoaic_idea_thumbnail_generator":"","thumbnail_generated":false,"thumbnail_generate_prompt":"","seoaic_article_description":""},"make_fuel_type":[],"make_model":[],"make_brand":[],"make_year":[3748,6373,6465],"pwb-brand":[8332],"product_brand":[],"product_cat":[6195,6218,6219],"product_tag":[6298,6361],"class_list":{"0":"post-36820","1":"product","2":"type-product","3":"status-publish","4":"has-post-thumbnail","6":"make_year-trucks","7":"make_year-van","8":"make_year-workmachines","9":"pwb-brand-brand_lazerlamps","10":"product_cat-lamps","11":"product_cat-work-lights","12":"product_cat-lazer-lamps-work-lights","13":"product_tag-lazer-lamps","14":"product_tag-utility-series","16":"first","17":"instock","18":"taxable","19":"shipping-taxable","20":"purchasable","21":"product-type-simple"},"yoast_head":"<!-- This site is optimized with the Yoast SEO plugin v25.7 - https:\/\/yoast.com\/wordpress\/plugins\/seo\/ -->\n<title>Lazer Utility-45 Gen2, Slimline - RST-Steel<\/title>\n<meta name=\"description\" content=\"Enhance visibility with the Lazer Utility-45 Gen2 Slimline. Its sleek design and powerful illumination provide reliable performance in all conditions.\" \/>\n<meta name=\"robots\" content=\"index, follow, max-snippet:-1, max-image-preview:large, max-video-preview:-1\" \/>\n<link rel=\"canonical\" href=\"https:\/\/com.rst-steel.eu\/nb\/produkt\/lazer-utility-45-gen2-slimline_pr_69037\/\" \/>\n<meta property=\"og:locale\" content=\"nb_NO\" \/>\n<meta property=\"og:type\" content=\"article\" \/>\n<meta property=\"og:title\" content=\"Lazer Utility-45 Gen2, Slimline - RST-Steel\" \/>\n<meta property=\"og:description\" content=\"Enhance visibility with the Lazer Utility-45 Gen2 Slimline. Its sleek design and powerful illumination provide reliable performance in all conditions.\" \/>\n<meta property=\"og:url\" content=\"https:\/\/com.rst-steel.eu\/nb\/produkt\/lazer-utility-45-gen2-slimline_pr_69037\/\" \/>\n<meta property=\"og:site_name\" content=\"RST-Steel\" \/>\n<meta property=\"article:publisher\" content=\"https:\/\/www.facebook.com\/rststeel\" \/>\n<meta property=\"article:modified_time\" content=\"2026-03-16T06:21:27+00:00\" \/>\n<meta property=\"og:image\" content=\"https:\/\/com.rst-steel.eu\/wp-content\/uploads\/2023\/02\/4b06b9db8d178cfa659eb314d04ac85c34bbaf7b_Utility_Gen2_Straight_Slimline_Mount_Web_with_Icons.jpg\" \/>\n\t<meta property=\"og:image:width\" content=\"1000\" \/>\n\t<meta property=\"og:image:height\" content=\"750\" \/>\n\t<meta property=\"og:image:type\" content=\"image\/jpeg\" \/>\n<meta name=\"twitter:card\" content=\"summary_large_image\" \/>\n<meta name=\"twitter:label1\" content=\"Ansl. lesetid\" \/>\n\t<meta name=\"twitter:data1\" content=\"3 minutter\" \/>\n<script type=\"application\/ld+json\" class=\"yoast-schema-graph\">{\"@context\":\"https:\/\/schema.org\",\"@graph\":[{\"@type\":\"WebPage\",\"@id\":\"https:\/\/com.rst-steel.eu\/nb\/produkt\/lazer-utility-45-gen2-slimline_pr_69037\/\",\"url\":\"https:\/\/com.rst-steel.eu\/nb\/produkt\/lazer-utility-45-gen2-slimline_pr_69037\/\",\"name\":\"Lazer Utility-45 Gen2, Slimline - RST-Steel\",\"isPartOf\":{\"@id\":\"https:\/\/com.rst-steel.eu\/#website\"},\"primaryImageOfPage\":{\"@id\":\"https:\/\/com.rst-steel.eu\/nb\/produkt\/lazer-utility-45-gen2-slimline_pr_69037\/#primaryimage\"},\"image\":{\"@id\":\"https:\/\/com.rst-steel.eu\/nb\/produkt\/lazer-utility-45-gen2-slimline_pr_69037\/#primaryimage\"},\"thumbnailUrl\":\"https:\/\/com.rst-steel.eu\/wp-content\/uploads\/2023\/02\/4b06b9db8d178cfa659eb314d04ac85c34bbaf7b_Utility_Gen2_Straight_Slimline_Mount_Web_with_Icons.jpg\",\"datePublished\":\"2023-02-14T06:08:23+00:00\",\"dateModified\":\"2026-03-16T06:21:27+00:00\",\"description\":\"Enhance visibility with the Lazer Utility-45 Gen2 Slimline. Its sleek design and powerful illumination provide reliable performance in all conditions.\",\"breadcrumb\":{\"@id\":\"https:\/\/com.rst-steel.eu\/nb\/produkt\/lazer-utility-45-gen2-slimline_pr_69037\/#breadcrumb\"},\"inLanguage\":\"nb-NO\",\"potentialAction\":[{\"@type\":\"ReadAction\",\"target\":[\"https:\/\/com.rst-steel.eu\/nb\/produkt\/lazer-utility-45-gen2-slimline_pr_69037\/\"]}]},{\"@type\":\"ImageObject\",\"inLanguage\":\"nb-NO\",\"@id\":\"https:\/\/com.rst-steel.eu\/nb\/produkt\/lazer-utility-45-gen2-slimline_pr_69037\/#primaryimage\",\"url\":\"https:\/\/com.rst-steel.eu\/wp-content\/uploads\/2023\/02\/4b06b9db8d178cfa659eb314d04ac85c34bbaf7b_Utility_Gen2_Straight_Slimline_Mount_Web_with_Icons.jpg\",\"contentUrl\":\"https:\/\/com.rst-steel.eu\/wp-content\/uploads\/2023\/02\/4b06b9db8d178cfa659eb314d04ac85c34bbaf7b_Utility_Gen2_Straight_Slimline_Mount_Web_with_Icons.jpg\",\"width\":1000,\"height\":750,\"caption\":\"Lazer Utility-45 Gen2, Slimline\"},{\"@type\":\"BreadcrumbList\",\"@id\":\"https:\/\/com.rst-steel.eu\/nb\/produkt\/lazer-utility-45-gen2-slimline_pr_69037\/#breadcrumb\",\"itemListElement\":[{\"@type\":\"ListItem\",\"position\":1,\"name\":\"Home\",\"item\":\"https:\/\/com.rst-steel.eu\/\"},{\"@type\":\"ListItem\",\"position\":2,\"name\":\"RST-Steel Shop\",\"item\":\"https:\/\/com.rst-steel.eu\/shop\/\"},{\"@type\":\"ListItem\",\"position\":3,\"name\":\"Lazer Utility-45 Gen2, Slimline\"}]},{\"@type\":\"WebSite\",\"@id\":\"https:\/\/com.rst-steel.eu\/#website\",\"url\":\"https:\/\/com.rst-steel.eu\/\",\"name\":\"RST-Steel.com\",\"description\":\"Finnish quality steel, for quality-conscious drivers\",\"publisher\":{\"@id\":\"https:\/\/com.rst-steel.eu\/#organization\"},\"alternateName\":\"Safe and stylish RST-Steel quality\",\"potentialAction\":[{\"@type\":\"SearchAction\",\"target\":{\"@type\":\"EntryPoint\",\"urlTemplate\":\"https:\/\/com.rst-steel.eu\/?s={search_term_string}\"},\"query-input\":{\"@type\":\"PropertyValueSpecification\",\"valueRequired\":true,\"valueName\":\"search_term_string\"}}],\"inLanguage\":\"nb-NO\"},{\"@type\":\"Organization\",\"@id\":\"https:\/\/com.rst-steel.eu\/#organization\",\"name\":\"RST-Steel Oy\",\"url\":\"https:\/\/com.rst-steel.eu\/\",\"logo\":{\"@type\":\"ImageObject\",\"inLanguage\":\"nb-NO\",\"@id\":\"https:\/\/com.rst-steel.eu\/#\/schema\/logo\/image\/\",\"url\":\"https:\/\/com.rst-steel.eu\/wp-content\/uploads\/2023\/04\/cropped-Rst-logo-valkoinen-teksti-3.png\",\"contentUrl\":\"https:\/\/com.rst-steel.eu\/wp-content\/uploads\/2023\/04\/cropped-Rst-logo-valkoinen-teksti-3.png\",\"width\":512,\"height\":115,\"caption\":\"RST-Steel Oy\"},\"image\":{\"@id\":\"https:\/\/com.rst-steel.eu\/#\/schema\/logo\/image\/\"},\"sameAs\":[\"https:\/\/www.facebook.com\/rststeel\",\"https:\/\/www.instagram.com\/rststeeloy\/\"]}]}<\/script>\n<!-- \/ Yoast SEO plugin. -->","yoast_head_json":{"title":"Lazer Utility-45 Gen2, Slimline - RST-Steel","description":"Enhance visibility with the Lazer Utility-45 Gen2 Slimline. Its sleek design and powerful illumination provide reliable performance in all conditions.","robots":{"index":"index","follow":"follow","max-snippet":"max-snippet:-1","max-image-preview":"max-image-preview:large","max-video-preview":"max-video-preview:-1"},"canonical":"https:\/\/com.rst-steel.eu\/nb\/produkt\/lazer-utility-45-gen2-slimline_pr_69037\/","og_locale":"nb_NO","og_type":"article","og_title":"Lazer Utility-45 Gen2, Slimline - RST-Steel","og_description":"Enhance visibility with the Lazer Utility-45 Gen2 Slimline. Its sleek design and powerful illumination provide reliable performance in all conditions.","og_url":"https:\/\/com.rst-steel.eu\/nb\/produkt\/lazer-utility-45-gen2-slimline_pr_69037\/","og_site_name":"RST-Steel","article_publisher":"https:\/\/www.facebook.com\/rststeel","article_modified_time":"2026-03-16T06:21:27+00:00","og_image":[{"width":1000,"height":750,"url":"https:\/\/com.rst-steel.eu\/wp-content\/uploads\/2023\/02\/4b06b9db8d178cfa659eb314d04ac85c34bbaf7b_Utility_Gen2_Straight_Slimline_Mount_Web_with_Icons.jpg","type":"image\/jpeg"}],"twitter_card":"summary_large_image","twitter_misc":{"Ansl. lesetid":"3 minutter"},"schema":{"@context":"https:\/\/schema.org","@graph":[{"@type":"WebPage","@id":"https:\/\/com.rst-steel.eu\/nb\/produkt\/lazer-utility-45-gen2-slimline_pr_69037\/","url":"https:\/\/com.rst-steel.eu\/nb\/produkt\/lazer-utility-45-gen2-slimline_pr_69037\/","name":"Lazer Utility-45 Gen2, Slimline - RST-Steel","isPartOf":{"@id":"https:\/\/com.rst-steel.eu\/#website"},"primaryImageOfPage":{"@id":"https:\/\/com.rst-steel.eu\/nb\/produkt\/lazer-utility-45-gen2-slimline_pr_69037\/#primaryimage"},"image":{"@id":"https:\/\/com.rst-steel.eu\/nb\/produkt\/lazer-utility-45-gen2-slimline_pr_69037\/#primaryimage"},"thumbnailUrl":"https:\/\/com.rst-steel.eu\/wp-content\/uploads\/2023\/02\/4b06b9db8d178cfa659eb314d04ac85c34bbaf7b_Utility_Gen2_Straight_Slimline_Mount_Web_with_Icons.jpg","datePublished":"2023-02-14T06:08:23+00:00","dateModified":"2026-03-16T06:21:27+00:00","description":"Enhance visibility with the Lazer Utility-45 Gen2 Slimline. Its sleek design and powerful illumination provide reliable performance in all conditions.","breadcrumb":{"@id":"https:\/\/com.rst-steel.eu\/nb\/produkt\/lazer-utility-45-gen2-slimline_pr_69037\/#breadcrumb"},"inLanguage":"nb-NO","potentialAction":[{"@type":"ReadAction","target":["https:\/\/com.rst-steel.eu\/nb\/produkt\/lazer-utility-45-gen2-slimline_pr_69037\/"]}]},{"@type":"ImageObject","inLanguage":"nb-NO","@id":"https:\/\/com.rst-steel.eu\/nb\/produkt\/lazer-utility-45-gen2-slimline_pr_69037\/#primaryimage","url":"https:\/\/com.rst-steel.eu\/wp-content\/uploads\/2023\/02\/4b06b9db8d178cfa659eb314d04ac85c34bbaf7b_Utility_Gen2_Straight_Slimline_Mount_Web_with_Icons.jpg","contentUrl":"https:\/\/com.rst-steel.eu\/wp-content\/uploads\/2023\/02\/4b06b9db8d178cfa659eb314d04ac85c34bbaf7b_Utility_Gen2_Straight_Slimline_Mount_Web_with_Icons.jpg","width":1000,"height":750,"caption":"Lazer Utility-45 Gen2, Slimline"},{"@type":"BreadcrumbList","@id":"https:\/\/com.rst-steel.eu\/nb\/produkt\/lazer-utility-45-gen2-slimline_pr_69037\/#breadcrumb","itemListElement":[{"@type":"ListItem","position":1,"name":"Home","item":"https:\/\/com.rst-steel.eu\/"},{"@type":"ListItem","position":2,"name":"RST-Steel Shop","item":"https:\/\/com.rst-steel.eu\/shop\/"},{"@type":"ListItem","position":3,"name":"Lazer Utility-45 Gen2, Slimline"}]},{"@type":"WebSite","@id":"https:\/\/com.rst-steel.eu\/#website","url":"https:\/\/com.rst-steel.eu\/","name":"RST-Steel.com","description":"Finsk kvalitetsst\u00e5l, for kvalitetsbevisste sj\u00e5f\u00f8rer","publisher":{"@id":"https:\/\/com.rst-steel.eu\/#organization"},"alternateName":"Safe and stylish RST-Steel quality","potentialAction":[{"@type":"SearchAction","target":{"@type":"EntryPoint","urlTemplate":"https:\/\/com.rst-steel.eu\/?s={search_term_string}"},"query-input":{"@type":"PropertyValueSpecification","valueRequired":true,"valueName":"search_term_string"}}],"inLanguage":"nb-NO"},{"@type":"Organization","@id":"https:\/\/com.rst-steel.eu\/#organization","name":"RST-Steel Oy","url":"https:\/\/com.rst-steel.eu\/","logo":{"@type":"ImageObject","inLanguage":"nb-NO","@id":"https:\/\/com.rst-steel.eu\/#\/schema\/logo\/image\/","url":"https:\/\/com.rst-steel.eu\/wp-content\/uploads\/2023\/04\/cropped-Rst-logo-valkoinen-teksti-3.png","contentUrl":"https:\/\/com.rst-steel.eu\/wp-content\/uploads\/2023\/04\/cropped-Rst-logo-valkoinen-teksti-3.png","width":512,"height":115,"caption":"RST-Steel Oy"},"image":{"@id":"https:\/\/com.rst-steel.eu\/#\/schema\/logo\/image\/"},"sameAs":["https:\/\/www.facebook.com\/rststeel","https:\/\/www.instagram.com\/rststeeloy\/"]}]}},"brands":[{"id":8332,"name":"Lazer Lamps","slug":"brand_lazerlamps"}],"_links":{"self":[{"href":"https:\/\/com.rst-steel.eu\/nb\/wp-json\/wp\/v2\/product\/36820","targetHints":{"allow":["GET"]}}],"collection":[{"href":"https:\/\/com.rst-steel.eu\/nb\/wp-json\/wp\/v2\/product"}],"about":[{"href":"https:\/\/com.rst-steel.eu\/nb\/wp-json\/wp\/v2\/types\/product"}],"replies":[{"embeddable":true,"href":"https:\/\/com.rst-steel.eu\/nb\/wp-json\/wp\/v2\/comments?post=36820"}],"version-history":[{"count":0,"href":"https:\/\/com.rst-steel.eu\/nb\/wp-json\/wp\/v2\/product\/36820\/revisions"}],"wp:featuredmedia":[{"embeddable":true,"href":"https:\/\/com.rst-steel.eu\/nb\/wp-json\/wp\/v2\/media\/36815"}],"wp:attachment":[{"href":"https:\/\/com.rst-steel.eu\/nb\/wp-json\/wp\/v2\/media?parent=36820"}],"wp:term":[{"taxonomy":"make_fuel_type","embeddable":true,"href":"https:\/\/com.rst-steel.eu\/nb\/wp-json\/wp\/v2\/make_fuel_type?post=36820"},{"taxonomy":"make_model","embeddable":true,"href":"https:\/\/com.rst-steel.eu\/nb\/wp-json\/wp\/v2\/make_model?post=36820"},{"taxonomy":"make_brand","embeddable":true,"href":"https:\/\/com.rst-steel.eu\/nb\/wp-json\/wp\/v2\/make_brand?post=36820"},{"taxonomy":"make_year","embeddable":true,"href":"https:\/\/com.rst-steel.eu\/nb\/wp-json\/wp\/v2\/make_year?post=36820"},{"taxonomy":"pwb-brand","embeddable":true,"href":"https:\/\/com.rst-steel.eu\/nb\/wp-json\/wp\/v2\/pwb-brand?post=36820"},{"taxonomy":"product_brand","embeddable":true,"href":"https:\/\/com.rst-steel.eu\/nb\/wp-json\/wp\/v2\/product_brand?post=36820"},{"taxonomy":"product_cat","embeddable":true,"href":"https:\/\/com.rst-steel.eu\/nb\/wp-json\/wp\/v2\/product_cat?post=36820"},{"taxonomy":"product_tag","embeddable":true,"href":"https:\/\/com.rst-steel.eu\/nb\/wp-json\/wp\/v2\/product_tag?post=36820"}],"curies":[{"name":"wp","href":"https:\/\/api.w.org\/{rel}","templated":true}]}}