{"id":36794,"date":"2023-02-14T09:07:57","date_gmt":"2023-02-14T06:07:57","guid":{"rendered":"https:\/\/rst-steel.fi-c.seravo.com\/product\/lazer-utility-25-work-lamp_pr_69035\/"},"modified":"2026-03-16T09:21:27","modified_gmt":"2026-03-16T06:21:27","slug":"led-tyovalo-lazer-utility-25-adr-25w_pr_69035","status":"publish","type":"product","link":"https:\/\/com.rst-steel.eu\/nb\/produkt\/led-tyovalo-lazer-utility-25-adr-25w_pr_69035\/","title":{"rendered":"Lazer Utility-25 (25W)"},"content":{"rendered":"<p>Lazer Utility-25 (25W)<\/p>\n<p><\/p>\n<p>Utility-25 er en sv\u00e6rt allsidig, middels kraftig arbeidslykt som takket v\u00e6re de nyeste fremskrittene innen LED-belysningsteknologi gir overlegen lyseffekt i forhold til sin kompakte st\u00f8rrelse. Lampen deler produkt-DNA med de st\u00f8rre arbeidslyktene Utility-45 og Utility-80, og er bygget robust og konstruert for \u00e5 levere konstant, p\u00e5litelig lysutbytte som er perfekt tilpasset et bredt spekter av bruksomr\u00e5der og kj\u00f8ret\u00f8ytyper.<\/p>\n<p><\/p>\n<p>Utility-25 m\u00e5ler 80 mm x 80 mm, kan drives med 9-32 V og bruker sv\u00e6rt effektive 6 W LED-lamper fra en verdensledende leverand\u00f8r av LED-design og -produksjon. I likhet med alle Lazer-produkter er fargetemperaturen p\u00e5 lysdiodene n\u00f8ye utvalgt til 5000 kelvin for \u00e5 maksimere skarphet og definisjon av omr\u00e5det foran, uten \u00e5 for\u00e5rsake tretthet eller anstrengelse som kan oppst\u00e5 ved bruk av lysdioder med et h\u00f8yere fargespekter. Den vakuummetalliserte optikken utnytter de 3016 lumenene som gir 78 graders spredning (til 10% toppintensitet). Den imponerende lysytelsen opprettholdes takket v\u00e6re den h\u00f8ye varmeledningsevnen til Matrix-kj\u00f8lesystemet, som gj\u00f8r det mulig \u00e5 kj\u00f8re lampen med h\u00f8yere str\u00f8mstyrke uten at det g\u00e5r ut over LED-lampenes levetid.<\/p>\n<ul>\n<li><\/li>\n<\/ul>\n<p><\/p>\n<p><span style=\"font-weight: bold\">Produktegenskaper:<\/span><\/p>\n<ul>\n<li>UNECE approved Work Light (Reg 10)<\/li>\n<li>High density, premium \u2018bin\u2019 LEDs<\/li>\n<li>Advanced optical design delivers superior lighting performance<\/li>\n<li>CAE-optimalisert Matrix-kj\u00f8lesystem gir forbedret termisk dynamikk<\/li>\n<li>Elektronisk termisk styringssystem optimerer lyseffekten for \u00e5 bevare levetiden til lysdiodene<\/li>\n<li>Anodised pre-treatment and automotive grade powder top-coat for ultimate corrosion and chemical protection<\/li>\n<li>EMC protected \u2013 CISPR 25: 2008 (Class 5)<\/li>\n<li>Overspenningsbeskyttet<\/li>\n<li>Beskyttet mot omvendt polaritet<\/li>\n<li>\u2018Uknuselig\u2019 polykarbonatlinse med hardcoat lakk<\/li>\n<li>IP69 vanntett<\/li>\n<li>5-year warranty*<\/li>\n<li>Supplied with pre-wired male\/female 2-pin Deutsch connectors<\/li>\n<li>Designet og produsert i Storbritannia<\/li>\n<li><\/li>\n<\/ul>\n<p><\/p>\n<p>\u2020 \u2013 CISPR-25 (Class 5) applies to 12V usage only unless specified.<\/p>\n<p>-5 \u00e5rs garanti gjelder for bruk i biler og kommersielle fl\u00e5ter, alle andre bruksomr\u00e5der har 2 \u00e5rs garantiperiode.<\/p>\n<ul>\n<li><\/li>\n<\/ul>\n<p><\/p>\n<p><span style=\"font-weight: bold\">Tekniske spesifikasjoner:<\/span><\/p>\n<ul>\n<li>Voltage Range (DC)<span>\t<\/span>10-32V<\/li>\n<li>LED Life<span>\t<\/span>50,000 hours<\/li>\n<li>Colour Temperature<span>\t<\/span>5,000 Kelvin<\/li>\n<li>Weight<span>\t<\/span>360 gr<\/li>\n<li><\/li>\n<\/ul>\n<p><\/p>\n<p><span style=\"font-weight: bold\">Fjernlysfunksjon<span>\t<\/span>&nbsp;<\/span><\/p>\n<ul>\n<li>Total Luminous Flux<span>\t<\/span>3016 Lm<\/li>\n<li>Colour Temperature<span>\t<\/span>5000K<\/li>\n<li>Number of High Output LEDs<span>\t<\/span>4<\/li>\n<li>Power Consumption<span>\t<\/span>25 watt<\/li>\n<li>Current Draw (at 14.4V)<span>\t<\/span>1,6 ampere<\/li>\n<li><\/li>\n<\/ul>\n<p><\/p>\n<p><span style=\"font-weight: bold\">CERTIFICATION<span>\t<\/span>&nbsp;<\/span><\/p>\n<ul>\n<li>Work Lamp <span>\t<\/span>ECE R10&nbsp;<\/li>\n<li>IP Rating<span>\t<\/span>IP69K&nbsp;<\/li>\n<li>Salt Spray Test<span>\t<\/span>ISO 9227 (1000H)<\/li>\n<li>EMC Protection<span>\t<\/span>CISPR-25 (klasse 5\u2020)<\/li>\n<li><\/li>\n<\/ul>\n<p><\/p>\n<p><span style=\"font-weight: bold\">OPERATING CONDITIONS<span>\t<\/span>&nbsp;<\/span><\/p>\n<ul>\n<li>Shock<span>\t<\/span>TBC<\/li>\n<li>Vibration (BS EN 60068-2-64)<span>\t<\/span>10Hz &gt; 1000Hz, 0.14&gt;20 (m\/s\u00b2)\u00b2\/Hz<\/li>\n<li>Operating Temperature<span>\t<\/span>-40 grader C ... +90 grader C&nbsp;<\/li>\n<li><\/li>\n<\/ul>\n<p><\/p>\n<p><span style=\"font-weight: bold\">DIMENSIONS<span>\t<\/span>&nbsp;<\/span><\/p>\n<ul>\n<li>Width<span>\t<\/span>80 mm<\/li>\n<li>Depth<span>\t<\/span>56 mm<\/li>\n<li>Height<span>\t<\/span>80 mm<\/li>\n<li><\/li>\n<\/ul>\n<p><\/p>\n<p><span style=\"font-weight: bold\">FOTOMETRISKE DATA<span>\t<\/span>&nbsp;<\/span><\/p>\n<ul>\n<li>1Lx Line @<span>\t<\/span>54m<\/li>\n<li>5Lx Line @<span>\t<\/span>24m<\/li>\n<li>20Lx Line @<span>\t<\/span>12m<\/li>\n<li>50Lx Line @ <span>\t<\/span>7m*<\/li>\n<li><\/li>\n<\/ul>\n<p><\/p>\n<p><span style=\"font-weight: bold\">Whats Included:<\/span><\/p>\n<ul>\n<li>&nbsp;Utility-25 Arbeidslampe<\/li>\n<li>Uility-25 Sentermontering (leveres festet til lampen)<\/li>\n<\/ul>\n<div><\/div>","protected":false},"excerpt":{"rendered":"<p>5 Year Warranty applies for Automotive and Commercial Fleet use, all other applications a 2 Year Warranty period applies.<\/p>","protected":false},"featured_media":36789,"comment_status":"open","ping_status":"closed","template":"","meta":{"_improvement_type_select":"improve_an_existing","_thumb_yes_seoaic":false,"_frame_yes_seoaic":false,"seoaic_generate_description":"","seoaic_improve_instructions_prompt":"","seoaic_rollback_content_improvement":"","seoaic_idea_thumbnail_generator":"","thumbnail_generated":false,"thumbnail_generate_prompt":"","seoaic_article_description":""},"make_fuel_type":[],"make_model":[],"make_brand":[],"make_year":[3748,6373,6465],"pwb-brand":[8332],"product_brand":[],"product_cat":[6195,6218,6219],"product_tag":[6298,6361],"class_list":{"0":"post-36794","1":"product","2":"type-product","3":"status-publish","4":"has-post-thumbnail","6":"make_year-trucks","7":"make_year-van","8":"make_year-workmachines","9":"pwb-brand-brand_lazerlamps","10":"product_cat-lamps","11":"product_cat-work-lights","12":"product_cat-lazer-lamps-work-lights","13":"product_tag-lazer-lamps","14":"product_tag-utility-series","16":"first","17":"instock","18":"taxable","19":"shipping-taxable","20":"purchasable","21":"product-type-simple"},"yoast_head":"<!-- This site is optimized with the Yoast SEO plugin v25.7 - https:\/\/yoast.com\/wordpress\/plugins\/seo\/ -->\n<title>Lazer Utility-25 (25W) - RST-Steel<\/title>\n<meta name=\"description\" content=\"The Lazer Utility-25 ADR 25W is a powerful LED work light designed for extreme durability and reliable performance, ideal for heavy machinery.\" \/>\n<meta name=\"robots\" content=\"index, follow, max-snippet:-1, max-image-preview:large, max-video-preview:-1\" \/>\n<link rel=\"canonical\" href=\"https:\/\/com.rst-steel.eu\/nb\/produkt\/led-tyovalo-lazer-utility-25-adr-25w_pr_69035\/\" \/>\n<meta property=\"og:locale\" content=\"nb_NO\" \/>\n<meta property=\"og:type\" content=\"article\" \/>\n<meta property=\"og:title\" content=\"Lazer Utility-25 (25W) - RST-Steel\" \/>\n<meta property=\"og:description\" content=\"The Lazer Utility-25 ADR 25W is a powerful LED work light designed for extreme durability and reliable performance, ideal for heavy machinery.\" \/>\n<meta property=\"og:url\" content=\"https:\/\/com.rst-steel.eu\/nb\/produkt\/led-tyovalo-lazer-utility-25-adr-25w_pr_69035\/\" \/>\n<meta property=\"og:site_name\" content=\"RST-Steel\" \/>\n<meta property=\"article:publisher\" content=\"https:\/\/www.facebook.com\/rststeel\" \/>\n<meta property=\"article:modified_time\" content=\"2026-03-16T06:21:27+00:00\" \/>\n<meta property=\"og:image\" content=\"https:\/\/com.rst-steel.eu\/wp-content\/uploads\/2023\/02\/bcb06d27db82ded7462995b4a30d1e2f6c82a3a7_Utility_25_Front_Angled_OFF_Web.jpg\" \/>\n\t<meta property=\"og:image:width\" content=\"1000\" \/>\n\t<meta property=\"og:image:height\" content=\"750\" \/>\n\t<meta property=\"og:image:type\" content=\"image\/jpeg\" \/>\n<meta name=\"twitter:card\" content=\"summary_large_image\" \/>\n<meta name=\"twitter:label1\" content=\"Ansl. lesetid\" \/>\n\t<meta name=\"twitter:data1\" content=\"3 minutter\" \/>\n<script type=\"application\/ld+json\" class=\"yoast-schema-graph\">{\"@context\":\"https:\/\/schema.org\",\"@graph\":[{\"@type\":\"WebPage\",\"@id\":\"https:\/\/com.rst-steel.eu\/nb\/produkt\/led-tyovalo-lazer-utility-25-adr-25w_pr_69035\/\",\"url\":\"https:\/\/com.rst-steel.eu\/nb\/produkt\/led-tyovalo-lazer-utility-25-adr-25w_pr_69035\/\",\"name\":\"Lazer Utility-25 (25W) - RST-Steel\",\"isPartOf\":{\"@id\":\"https:\/\/com.rst-steel.eu\/#website\"},\"primaryImageOfPage\":{\"@id\":\"https:\/\/com.rst-steel.eu\/nb\/produkt\/led-tyovalo-lazer-utility-25-adr-25w_pr_69035\/#primaryimage\"},\"image\":{\"@id\":\"https:\/\/com.rst-steel.eu\/nb\/produkt\/led-tyovalo-lazer-utility-25-adr-25w_pr_69035\/#primaryimage\"},\"thumbnailUrl\":\"https:\/\/com.rst-steel.eu\/wp-content\/uploads\/2023\/02\/bcb06d27db82ded7462995b4a30d1e2f6c82a3a7_Utility_25_Front_Angled_OFF_Web.jpg\",\"datePublished\":\"2023-02-14T06:07:57+00:00\",\"dateModified\":\"2026-03-16T06:21:27+00:00\",\"description\":\"The Lazer Utility-25 ADR 25W is a powerful LED work light designed for extreme durability and reliable performance, ideal for heavy machinery.\",\"breadcrumb\":{\"@id\":\"https:\/\/com.rst-steel.eu\/nb\/produkt\/led-tyovalo-lazer-utility-25-adr-25w_pr_69035\/#breadcrumb\"},\"inLanguage\":\"nb-NO\",\"potentialAction\":[{\"@type\":\"ReadAction\",\"target\":[\"https:\/\/com.rst-steel.eu\/nb\/produkt\/led-tyovalo-lazer-utility-25-adr-25w_pr_69035\/\"]}]},{\"@type\":\"ImageObject\",\"inLanguage\":\"nb-NO\",\"@id\":\"https:\/\/com.rst-steel.eu\/nb\/produkt\/led-tyovalo-lazer-utility-25-adr-25w_pr_69035\/#primaryimage\",\"url\":\"https:\/\/com.rst-steel.eu\/wp-content\/uploads\/2023\/02\/bcb06d27db82ded7462995b4a30d1e2f6c82a3a7_Utility_25_Front_Angled_OFF_Web.jpg\",\"contentUrl\":\"https:\/\/com.rst-steel.eu\/wp-content\/uploads\/2023\/02\/bcb06d27db82ded7462995b4a30d1e2f6c82a3a7_Utility_25_Front_Angled_OFF_Web.jpg\",\"width\":1000,\"height\":750,\"caption\":\"Lazer Utility-25 ADR, 25W\"},{\"@type\":\"BreadcrumbList\",\"@id\":\"https:\/\/com.rst-steel.eu\/nb\/produkt\/led-tyovalo-lazer-utility-25-adr-25w_pr_69035\/#breadcrumb\",\"itemListElement\":[{\"@type\":\"ListItem\",\"position\":1,\"name\":\"Home\",\"item\":\"https:\/\/com.rst-steel.eu\/\"},{\"@type\":\"ListItem\",\"position\":2,\"name\":\"RST-Steel Shop\",\"item\":\"https:\/\/com.rst-steel.eu\/shop\/\"},{\"@type\":\"ListItem\",\"position\":3,\"name\":\"Lazer Utility-25 (25W)\"}]},{\"@type\":\"WebSite\",\"@id\":\"https:\/\/com.rst-steel.eu\/#website\",\"url\":\"https:\/\/com.rst-steel.eu\/\",\"name\":\"RST-Steel.com\",\"description\":\"Finnish quality steel, for quality-conscious drivers\",\"publisher\":{\"@id\":\"https:\/\/com.rst-steel.eu\/#organization\"},\"alternateName\":\"Safe and stylish RST-Steel quality\",\"potentialAction\":[{\"@type\":\"SearchAction\",\"target\":{\"@type\":\"EntryPoint\",\"urlTemplate\":\"https:\/\/com.rst-steel.eu\/?s={search_term_string}\"},\"query-input\":{\"@type\":\"PropertyValueSpecification\",\"valueRequired\":true,\"valueName\":\"search_term_string\"}}],\"inLanguage\":\"nb-NO\"},{\"@type\":\"Organization\",\"@id\":\"https:\/\/com.rst-steel.eu\/#organization\",\"name\":\"RST-Steel Oy\",\"url\":\"https:\/\/com.rst-steel.eu\/\",\"logo\":{\"@type\":\"ImageObject\",\"inLanguage\":\"nb-NO\",\"@id\":\"https:\/\/com.rst-steel.eu\/#\/schema\/logo\/image\/\",\"url\":\"https:\/\/com.rst-steel.eu\/wp-content\/uploads\/2023\/04\/cropped-Rst-logo-valkoinen-teksti-3.png\",\"contentUrl\":\"https:\/\/com.rst-steel.eu\/wp-content\/uploads\/2023\/04\/cropped-Rst-logo-valkoinen-teksti-3.png\",\"width\":512,\"height\":115,\"caption\":\"RST-Steel Oy\"},\"image\":{\"@id\":\"https:\/\/com.rst-steel.eu\/#\/schema\/logo\/image\/\"},\"sameAs\":[\"https:\/\/www.facebook.com\/rststeel\",\"https:\/\/www.instagram.com\/rststeeloy\/\"]}]}<\/script>\n<!-- \/ Yoast SEO plugin. -->","yoast_head_json":{"title":"Lazer Utility-25 (25W) - RST-Steel","description":"The Lazer Utility-25 ADR 25W is a powerful LED work light designed for extreme durability and reliable performance, ideal for heavy machinery.","robots":{"index":"index","follow":"follow","max-snippet":"max-snippet:-1","max-image-preview":"max-image-preview:large","max-video-preview":"max-video-preview:-1"},"canonical":"https:\/\/com.rst-steel.eu\/nb\/produkt\/led-tyovalo-lazer-utility-25-adr-25w_pr_69035\/","og_locale":"nb_NO","og_type":"article","og_title":"Lazer Utility-25 (25W) - RST-Steel","og_description":"The Lazer Utility-25 ADR 25W is a powerful LED work light designed for extreme durability and reliable performance, ideal for heavy machinery.","og_url":"https:\/\/com.rst-steel.eu\/nb\/produkt\/led-tyovalo-lazer-utility-25-adr-25w_pr_69035\/","og_site_name":"RST-Steel","article_publisher":"https:\/\/www.facebook.com\/rststeel","article_modified_time":"2026-03-16T06:21:27+00:00","og_image":[{"width":1000,"height":750,"url":"https:\/\/com.rst-steel.eu\/wp-content\/uploads\/2023\/02\/bcb06d27db82ded7462995b4a30d1e2f6c82a3a7_Utility_25_Front_Angled_OFF_Web.jpg","type":"image\/jpeg"}],"twitter_card":"summary_large_image","twitter_misc":{"Ansl. lesetid":"3 minutter"},"schema":{"@context":"https:\/\/schema.org","@graph":[{"@type":"WebPage","@id":"https:\/\/com.rst-steel.eu\/nb\/produkt\/led-tyovalo-lazer-utility-25-adr-25w_pr_69035\/","url":"https:\/\/com.rst-steel.eu\/nb\/produkt\/led-tyovalo-lazer-utility-25-adr-25w_pr_69035\/","name":"Lazer Utility-25 (25W) - RST-Steel","isPartOf":{"@id":"https:\/\/com.rst-steel.eu\/#website"},"primaryImageOfPage":{"@id":"https:\/\/com.rst-steel.eu\/nb\/produkt\/led-tyovalo-lazer-utility-25-adr-25w_pr_69035\/#primaryimage"},"image":{"@id":"https:\/\/com.rst-steel.eu\/nb\/produkt\/led-tyovalo-lazer-utility-25-adr-25w_pr_69035\/#primaryimage"},"thumbnailUrl":"https:\/\/com.rst-steel.eu\/wp-content\/uploads\/2023\/02\/bcb06d27db82ded7462995b4a30d1e2f6c82a3a7_Utility_25_Front_Angled_OFF_Web.jpg","datePublished":"2023-02-14T06:07:57+00:00","dateModified":"2026-03-16T06:21:27+00:00","description":"The Lazer Utility-25 ADR 25W is a powerful LED work light designed for extreme durability and reliable performance, ideal for heavy machinery.","breadcrumb":{"@id":"https:\/\/com.rst-steel.eu\/nb\/produkt\/led-tyovalo-lazer-utility-25-adr-25w_pr_69035\/#breadcrumb"},"inLanguage":"nb-NO","potentialAction":[{"@type":"ReadAction","target":["https:\/\/com.rst-steel.eu\/nb\/produkt\/led-tyovalo-lazer-utility-25-adr-25w_pr_69035\/"]}]},{"@type":"ImageObject","inLanguage":"nb-NO","@id":"https:\/\/com.rst-steel.eu\/nb\/produkt\/led-tyovalo-lazer-utility-25-adr-25w_pr_69035\/#primaryimage","url":"https:\/\/com.rst-steel.eu\/wp-content\/uploads\/2023\/02\/bcb06d27db82ded7462995b4a30d1e2f6c82a3a7_Utility_25_Front_Angled_OFF_Web.jpg","contentUrl":"https:\/\/com.rst-steel.eu\/wp-content\/uploads\/2023\/02\/bcb06d27db82ded7462995b4a30d1e2f6c82a3a7_Utility_25_Front_Angled_OFF_Web.jpg","width":1000,"height":750,"caption":"Lazer Utility-25 ADR, 25W"},{"@type":"BreadcrumbList","@id":"https:\/\/com.rst-steel.eu\/nb\/produkt\/led-tyovalo-lazer-utility-25-adr-25w_pr_69035\/#breadcrumb","itemListElement":[{"@type":"ListItem","position":1,"name":"Home","item":"https:\/\/com.rst-steel.eu\/"},{"@type":"ListItem","position":2,"name":"RST-Steel Shop","item":"https:\/\/com.rst-steel.eu\/shop\/"},{"@type":"ListItem","position":3,"name":"Lazer Utility-25 (25W)"}]},{"@type":"WebSite","@id":"https:\/\/com.rst-steel.eu\/#website","url":"https:\/\/com.rst-steel.eu\/","name":"RST-Steel.com","description":"Finsk kvalitetsst\u00e5l, for kvalitetsbevisste sj\u00e5f\u00f8rer","publisher":{"@id":"https:\/\/com.rst-steel.eu\/#organization"},"alternateName":"Safe and stylish RST-Steel quality","potentialAction":[{"@type":"SearchAction","target":{"@type":"EntryPoint","urlTemplate":"https:\/\/com.rst-steel.eu\/?s={search_term_string}"},"query-input":{"@type":"PropertyValueSpecification","valueRequired":true,"valueName":"search_term_string"}}],"inLanguage":"nb-NO"},{"@type":"Organization","@id":"https:\/\/com.rst-steel.eu\/#organization","name":"RST-Steel Oy","url":"https:\/\/com.rst-steel.eu\/","logo":{"@type":"ImageObject","inLanguage":"nb-NO","@id":"https:\/\/com.rst-steel.eu\/#\/schema\/logo\/image\/","url":"https:\/\/com.rst-steel.eu\/wp-content\/uploads\/2023\/04\/cropped-Rst-logo-valkoinen-teksti-3.png","contentUrl":"https:\/\/com.rst-steel.eu\/wp-content\/uploads\/2023\/04\/cropped-Rst-logo-valkoinen-teksti-3.png","width":512,"height":115,"caption":"RST-Steel Oy"},"image":{"@id":"https:\/\/com.rst-steel.eu\/#\/schema\/logo\/image\/"},"sameAs":["https:\/\/www.facebook.com\/rststeel","https:\/\/www.instagram.com\/rststeeloy\/"]}]}},"brands":[{"id":8332,"name":"Lazer Lamps","slug":"brand_lazerlamps"}],"_links":{"self":[{"href":"https:\/\/com.rst-steel.eu\/nb\/wp-json\/wp\/v2\/product\/36794","targetHints":{"allow":["GET"]}}],"collection":[{"href":"https:\/\/com.rst-steel.eu\/nb\/wp-json\/wp\/v2\/product"}],"about":[{"href":"https:\/\/com.rst-steel.eu\/nb\/wp-json\/wp\/v2\/types\/product"}],"replies":[{"embeddable":true,"href":"https:\/\/com.rst-steel.eu\/nb\/wp-json\/wp\/v2\/comments?post=36794"}],"version-history":[{"count":0,"href":"https:\/\/com.rst-steel.eu\/nb\/wp-json\/wp\/v2\/product\/36794\/revisions"}],"wp:featuredmedia":[{"embeddable":true,"href":"https:\/\/com.rst-steel.eu\/nb\/wp-json\/wp\/v2\/media\/36789"}],"wp:attachment":[{"href":"https:\/\/com.rst-steel.eu\/nb\/wp-json\/wp\/v2\/media?parent=36794"}],"wp:term":[{"taxonomy":"make_fuel_type","embeddable":true,"href":"https:\/\/com.rst-steel.eu\/nb\/wp-json\/wp\/v2\/make_fuel_type?post=36794"},{"taxonomy":"make_model","embeddable":true,"href":"https:\/\/com.rst-steel.eu\/nb\/wp-json\/wp\/v2\/make_model?post=36794"},{"taxonomy":"make_brand","embeddable":true,"href":"https:\/\/com.rst-steel.eu\/nb\/wp-json\/wp\/v2\/make_brand?post=36794"},{"taxonomy":"make_year","embeddable":true,"href":"https:\/\/com.rst-steel.eu\/nb\/wp-json\/wp\/v2\/make_year?post=36794"},{"taxonomy":"pwb-brand","embeddable":true,"href":"https:\/\/com.rst-steel.eu\/nb\/wp-json\/wp\/v2\/pwb-brand?post=36794"},{"taxonomy":"product_brand","embeddable":true,"href":"https:\/\/com.rst-steel.eu\/nb\/wp-json\/wp\/v2\/product_brand?post=36794"},{"taxonomy":"product_cat","embeddable":true,"href":"https:\/\/com.rst-steel.eu\/nb\/wp-json\/wp\/v2\/product_cat?post=36794"},{"taxonomy":"product_tag","embeddable":true,"href":"https:\/\/com.rst-steel.eu\/nb\/wp-json\/wp\/v2\/product_tag?post=36794"}],"curies":[{"name":"wp","href":"https:\/\/api.w.org\/{rel}","templated":true}]}}