{"id":36776,"date":"2023-02-14T09:07:39","date_gmt":"2023-02-14T06:07:39","guid":{"rendered":"https:\/\/rst-steel.fi-c.seravo.com\/product\/lazer-utility-25-maxx-work-lamp_pr_66072\/"},"modified":"2026-03-16T09:21:27","modified_gmt":"2026-03-16T06:21:27","slug":"led-tyovalo-lazer-utility-25-maxx_pr_66072","status":"publish","type":"product","link":"https:\/\/com.rst-steel.eu\/nb\/produkt\/led-tyovalo-lazer-utility-25-maxx_pr_66072\/","title":{"rendered":"Lazer Utility-25 MAXX"},"content":{"rendered":"<p>The latest in the Lazer Lamps\u2019 range of LED work lights, the Utility-25 MAXX is a hugely versatile, medium-duty work light. The lamp incorporates higher output 11W LEDs to deliver seriously impressive lighting performance, especially considering the lamps\u2019 comparatively small proportions, something made possible through continued improvements in LED electronics design, coupled with the lamps\u2019 robust physical design. Sharing product DNA with the larger Utility-45 and Utility-80 heavy duty work lights, the lamp is built tough and engineered to deliver constant, reliable light output perfectly tuned to a broad range of applications and vehicle types.<\/p>\n<p><\/p>\n<p>&nbsp;<\/p>\n<p><\/p>\n<p>Measuring 80mm x 80mm, and capable of operating between 9-32V, the Utility-25 MAXX utilises highly efficient 11W LEDs from a world-leader in LED design and manufacture. Like all Lazer products, the colour temperature of the LEDs is carefully selected at 5000 kelvin to maximise sharpness and definition of the area ahead, without causing fatigue or strain which can come from using LEDs with a higher colour range. The vacuum-metallised optics harness the 4,560 raw lumens delivering 78 degree spread (to 10% of peak intensity). The impressive lighting performance is maintained through the high thermal conductivity of the \u2018Matrix\u2019 cooling system which allows the lamp to be run at a higher drive current without compromising the longevity of the LEDs themselves.<\/p>\n<p><\/p>\n<p><\/p>\n<p>Produktegenskaper<\/p>\n<p><\/p>\n<p>ECE (Reg 10) approved Work Light<\/p>\n<p>CAE-optimalisert Matrix-kj\u00f8lesystem<\/p>\n<p>Advanced optical design delivers superior lighting performance<\/p>\n<p>Electronic thermal management<\/p>\n<p>Certified IP67\/IP69K watertight<\/p>\n<p>ADR Approved<\/p>\n<p>Automotive grade corrosion resistance (ISO 9927 \/ BS EN 60068)<\/p>\n<p>5,000 kelvin light temperature for maximum definition<\/p>\n<p>EMC-beskyttet - CISPR 25: 2008 (klasse 4)-sertifisert<\/p>\n<p>Vibrasjonssertifisert (BS EN 60068): 10 Hz - 2000 Hz, 1 okt\/min, 10gn<\/p>\n<p>Overspenningsbeskyttet<\/p>\n<p>Beskyttet mot omvendt polaritet<\/p>\n<p>Male and female 2-pin Deutsch connectors included<\/p>\n<p>5 Year warranty*<\/p>\n<p>Laget i Storbritannia<\/p>\n<p><\/p>\n<p><\/p>\n<p>Technical Specifications<\/p>\n<p><\/p>\n<p>Voltage Range (DC)<span>\t<\/span>10-32V<\/p>\n<p>LED Life<span>\t<\/span>50,000 hours<\/p>\n<p>Colour Temperature<span>\t<\/span>5,000 Kelvin<\/p>\n<p>Weight<span>\t<\/span>360 gr<\/p>\n<p><\/p>\n<p><\/p>\n<p>Fjernlysfunksjon<span>\t<\/span>&nbsp;<\/p>\n<p><\/p>\n<p>Total Luminous Flux<span>\t<\/span>4560 Lm<\/p>\n<p>Colour Temperature<span>\t<\/span>5000K<\/p>\n<p>Number of High Output LEDs<span>\t<\/span>4<\/p>\n<p>Power Consumption<span>\t<\/span>45 Watts<\/p>\n<p>Current Draw (at 14.4V)<span>\t<\/span>3.1 Amps<\/p>\n<p><\/p>\n<p><\/p>\n<p>CERTIFICATION<span>\t<\/span>&nbsp;<\/p>\n<p><\/p>\n<p>Work Lamp <span>\t<\/span>ECE R10&nbsp;<\/p>\n<p>IP Rating<span>\t<\/span>IP69K&nbsp;<\/p>\n<p>Salt Spray Test<span>\t<\/span>ISO 9227 (1000H)<\/p>\n<p>EMC Protection<span>\t<\/span>CISPR-25 (Class 4)<\/p>\n<p><\/p>\n<p><\/p>\n<p>OPERATING CONDITIONS<span>\t<\/span>&nbsp;<\/p>\n<p><\/p>\n<p>Shock<span>\t<\/span>TBC<\/p>\n<p>Vibration (BS EN 60068-2-64)<span>\t<\/span>10Hz &gt; 1000Hz, 0.14&gt;20 (m\/s\u00b2)\u00b2\/Hz<\/p>\n<p>Operating Temperature<span>\t<\/span>-40 grader C ... +90 grader C&nbsp;<\/p>\n<p><\/p>\n<p><\/p>\n<p>DIMENSIONS<span>\t<\/span>&nbsp;<\/p>\n<p><\/p>\n<p>Width<span>\t<\/span>80 mm<\/p>\n<p>Depth<span>\t<\/span>56 mm<\/p>\n<p>Height<span>\t<\/span>80 mm<\/p>\n<p><\/p>\n<p><\/p>\n<p>FOTOMETRISKE DATA<span>\t<\/span>&nbsp;<\/p>\n<p><\/p>\n<p>1Lx Line @<span>\t<\/span>62m<\/p>\n<p>5Lx Line @<span>\t<\/span>37m<\/p>\n<p>20Lx Line @<span>\t<\/span>21m<\/p>\n<p>50Lx Line @ <span>\t<\/span>14m*<\/p>\n<p>* - 50Lx representerer HMS-retningslinjene for effektiv belysning ved utend\u00f8rs arbeid om natten.<\/p>\n<p><\/p>\n<p><\/p>\n<p>Whats Included:&nbsp;<\/p>\n<p>Utility-25 MAXX Work Lamp<\/p>\n<p>1x Uility-25 Centre Mount (supplied attached to lamp)<\/p>\n<div><\/div>","protected":false},"excerpt":{"rendered":"<p>5 Year Warranty applies for Automotive and Commercial Fleet use, all other applications, a 2 Year Warranty period applies.<\/p>","protected":false},"featured_media":36771,"comment_status":"open","ping_status":"closed","template":"","meta":{"_improvement_type_select":"improve_an_existing","_thumb_yes_seoaic":false,"_frame_yes_seoaic":false,"seoaic_generate_description":"","seoaic_improve_instructions_prompt":"","seoaic_rollback_content_improvement":"","seoaic_idea_thumbnail_generator":"","thumbnail_generated":false,"thumbnail_generate_prompt":"","seoaic_article_description":""},"make_fuel_type":[],"make_model":[],"make_brand":[],"make_year":[3748,6373,6465],"pwb-brand":[8332],"product_brand":[],"product_cat":[6195,6218,6219],"product_tag":[6298,6361],"class_list":{"0":"post-36776","1":"product","2":"type-product","3":"status-publish","4":"has-post-thumbnail","6":"make_year-trucks","7":"make_year-van","8":"make_year-workmachines","9":"pwb-brand-brand_lazerlamps","10":"product_cat-lamps","11":"product_cat-work-lights","12":"product_cat-lazer-lamps-work-lights","13":"product_tag-lazer-lamps","14":"product_tag-utility-series","16":"first","17":"instock","18":"taxable","19":"shipping-taxable","20":"purchasable","21":"product-type-simple"},"yoast_head":"<!-- This site is optimized with the Yoast SEO plugin v25.7 - https:\/\/yoast.com\/wordpress\/plugins\/seo\/ -->\n<title>Lazer Utility-25 MAXX - RST-Steel<\/title>\n<meta name=\"robots\" content=\"index, follow, max-snippet:-1, max-image-preview:large, max-video-preview:-1\" \/>\n<link rel=\"canonical\" href=\"https:\/\/com.rst-steel.eu\/nb\/produkt\/led-tyovalo-lazer-utility-25-maxx_pr_66072\/\" \/>\n<meta property=\"og:locale\" content=\"nb_NO\" \/>\n<meta property=\"og:type\" content=\"article\" \/>\n<meta property=\"og:title\" content=\"Lazer Utility-25 MAXX - RST-Steel\" \/>\n<meta property=\"og:description\" content=\"5 Year Warranty applies for Automotive and Commercial Fleet use, all other applications, a 2 Year Warranty period applies.\" \/>\n<meta property=\"og:url\" content=\"https:\/\/com.rst-steel.eu\/nb\/produkt\/led-tyovalo-lazer-utility-25-maxx_pr_66072\/\" \/>\n<meta property=\"og:site_name\" content=\"RST-Steel\" \/>\n<meta property=\"article:publisher\" content=\"https:\/\/www.facebook.com\/rststeel\" \/>\n<meta property=\"article:modified_time\" content=\"2026-03-16T06:21:27+00:00\" \/>\n<meta property=\"og:image\" content=\"https:\/\/com.rst-steel.eu\/wp-content\/uploads\/2023\/02\/7a77f2a42a51ac50ed690bb39bb836710b578b91_RSTLZ0130.jpg\" \/>\n\t<meta property=\"og:image:width\" content=\"1000\" \/>\n\t<meta property=\"og:image:height\" content=\"750\" \/>\n\t<meta property=\"og:image:type\" content=\"image\/jpeg\" \/>\n<meta name=\"twitter:card\" content=\"summary_large_image\" \/>\n<meta name=\"twitter:label1\" content=\"Ansl. lesetid\" \/>\n\t<meta name=\"twitter:data1\" content=\"2 minutter\" \/>\n<script type=\"application\/ld+json\" class=\"yoast-schema-graph\">{\"@context\":\"https:\/\/schema.org\",\"@graph\":[{\"@type\":\"WebPage\",\"@id\":\"https:\/\/com.rst-steel.eu\/nb\/produkt\/led-tyovalo-lazer-utility-25-maxx_pr_66072\/\",\"url\":\"https:\/\/com.rst-steel.eu\/nb\/produkt\/led-tyovalo-lazer-utility-25-maxx_pr_66072\/\",\"name\":\"Lazer Utility-25 MAXX - RST-Steel\",\"isPartOf\":{\"@id\":\"https:\/\/com.rst-steel.eu\/#website\"},\"primaryImageOfPage\":{\"@id\":\"https:\/\/com.rst-steel.eu\/nb\/produkt\/led-tyovalo-lazer-utility-25-maxx_pr_66072\/#primaryimage\"},\"image\":{\"@id\":\"https:\/\/com.rst-steel.eu\/nb\/produkt\/led-tyovalo-lazer-utility-25-maxx_pr_66072\/#primaryimage\"},\"thumbnailUrl\":\"https:\/\/com.rst-steel.eu\/wp-content\/uploads\/2023\/02\/7a77f2a42a51ac50ed690bb39bb836710b578b91_RSTLZ0130.jpg\",\"datePublished\":\"2023-02-14T06:07:39+00:00\",\"dateModified\":\"2026-03-16T06:21:27+00:00\",\"breadcrumb\":{\"@id\":\"https:\/\/com.rst-steel.eu\/nb\/produkt\/led-tyovalo-lazer-utility-25-maxx_pr_66072\/#breadcrumb\"},\"inLanguage\":\"nb-NO\",\"potentialAction\":[{\"@type\":\"ReadAction\",\"target\":[\"https:\/\/com.rst-steel.eu\/nb\/produkt\/led-tyovalo-lazer-utility-25-maxx_pr_66072\/\"]}]},{\"@type\":\"ImageObject\",\"inLanguage\":\"nb-NO\",\"@id\":\"https:\/\/com.rst-steel.eu\/nb\/produkt\/led-tyovalo-lazer-utility-25-maxx_pr_66072\/#primaryimage\",\"url\":\"https:\/\/com.rst-steel.eu\/wp-content\/uploads\/2023\/02\/7a77f2a42a51ac50ed690bb39bb836710b578b91_RSTLZ0130.jpg\",\"contentUrl\":\"https:\/\/com.rst-steel.eu\/wp-content\/uploads\/2023\/02\/7a77f2a42a51ac50ed690bb39bb836710b578b91_RSTLZ0130.jpg\",\"width\":1000,\"height\":750,\"caption\":\"Lazer Utility-25 MAXX\"},{\"@type\":\"BreadcrumbList\",\"@id\":\"https:\/\/com.rst-steel.eu\/nb\/produkt\/led-tyovalo-lazer-utility-25-maxx_pr_66072\/#breadcrumb\",\"itemListElement\":[{\"@type\":\"ListItem\",\"position\":1,\"name\":\"Home\",\"item\":\"https:\/\/com.rst-steel.eu\/\"},{\"@type\":\"ListItem\",\"position\":2,\"name\":\"RST-Steel Shop\",\"item\":\"https:\/\/com.rst-steel.eu\/shop\/\"},{\"@type\":\"ListItem\",\"position\":3,\"name\":\"Lazer Utility-25 MAXX\"}]},{\"@type\":\"WebSite\",\"@id\":\"https:\/\/com.rst-steel.eu\/#website\",\"url\":\"https:\/\/com.rst-steel.eu\/\",\"name\":\"RST-Steel.com\",\"description\":\"Finnish quality steel, for quality-conscious drivers\",\"publisher\":{\"@id\":\"https:\/\/com.rst-steel.eu\/#organization\"},\"alternateName\":\"Safe and stylish RST-Steel quality\",\"potentialAction\":[{\"@type\":\"SearchAction\",\"target\":{\"@type\":\"EntryPoint\",\"urlTemplate\":\"https:\/\/com.rst-steel.eu\/?s={search_term_string}\"},\"query-input\":{\"@type\":\"PropertyValueSpecification\",\"valueRequired\":true,\"valueName\":\"search_term_string\"}}],\"inLanguage\":\"nb-NO\"},{\"@type\":\"Organization\",\"@id\":\"https:\/\/com.rst-steel.eu\/#organization\",\"name\":\"RST-Steel Oy\",\"url\":\"https:\/\/com.rst-steel.eu\/\",\"logo\":{\"@type\":\"ImageObject\",\"inLanguage\":\"nb-NO\",\"@id\":\"https:\/\/com.rst-steel.eu\/#\/schema\/logo\/image\/\",\"url\":\"https:\/\/com.rst-steel.eu\/wp-content\/uploads\/2023\/04\/cropped-Rst-logo-valkoinen-teksti-3.png\",\"contentUrl\":\"https:\/\/com.rst-steel.eu\/wp-content\/uploads\/2023\/04\/cropped-Rst-logo-valkoinen-teksti-3.png\",\"width\":512,\"height\":115,\"caption\":\"RST-Steel Oy\"},\"image\":{\"@id\":\"https:\/\/com.rst-steel.eu\/#\/schema\/logo\/image\/\"},\"sameAs\":[\"https:\/\/www.facebook.com\/rststeel\",\"https:\/\/www.instagram.com\/rststeeloy\/\"]}]}<\/script>\n<!-- \/ Yoast SEO plugin. -->","yoast_head_json":{"title":"Lazer Utility-25 MAXX - RST-Steel","robots":{"index":"index","follow":"follow","max-snippet":"max-snippet:-1","max-image-preview":"max-image-preview:large","max-video-preview":"max-video-preview:-1"},"canonical":"https:\/\/com.rst-steel.eu\/nb\/produkt\/led-tyovalo-lazer-utility-25-maxx_pr_66072\/","og_locale":"nb_NO","og_type":"article","og_title":"Lazer Utility-25 MAXX - RST-Steel","og_description":"5 Year Warranty applies for Automotive and Commercial Fleet use, all other applications, a 2 Year Warranty period applies.","og_url":"https:\/\/com.rst-steel.eu\/nb\/produkt\/led-tyovalo-lazer-utility-25-maxx_pr_66072\/","og_site_name":"RST-Steel","article_publisher":"https:\/\/www.facebook.com\/rststeel","article_modified_time":"2026-03-16T06:21:27+00:00","og_image":[{"width":1000,"height":750,"url":"https:\/\/com.rst-steel.eu\/wp-content\/uploads\/2023\/02\/7a77f2a42a51ac50ed690bb39bb836710b578b91_RSTLZ0130.jpg","type":"image\/jpeg"}],"twitter_card":"summary_large_image","twitter_misc":{"Ansl. lesetid":"2 minutter"},"schema":{"@context":"https:\/\/schema.org","@graph":[{"@type":"WebPage","@id":"https:\/\/com.rst-steel.eu\/nb\/produkt\/led-tyovalo-lazer-utility-25-maxx_pr_66072\/","url":"https:\/\/com.rst-steel.eu\/nb\/produkt\/led-tyovalo-lazer-utility-25-maxx_pr_66072\/","name":"Lazer Utility-25 MAXX - RST-Steel","isPartOf":{"@id":"https:\/\/com.rst-steel.eu\/#website"},"primaryImageOfPage":{"@id":"https:\/\/com.rst-steel.eu\/nb\/produkt\/led-tyovalo-lazer-utility-25-maxx_pr_66072\/#primaryimage"},"image":{"@id":"https:\/\/com.rst-steel.eu\/nb\/produkt\/led-tyovalo-lazer-utility-25-maxx_pr_66072\/#primaryimage"},"thumbnailUrl":"https:\/\/com.rst-steel.eu\/wp-content\/uploads\/2023\/02\/7a77f2a42a51ac50ed690bb39bb836710b578b91_RSTLZ0130.jpg","datePublished":"2023-02-14T06:07:39+00:00","dateModified":"2026-03-16T06:21:27+00:00","breadcrumb":{"@id":"https:\/\/com.rst-steel.eu\/nb\/produkt\/led-tyovalo-lazer-utility-25-maxx_pr_66072\/#breadcrumb"},"inLanguage":"nb-NO","potentialAction":[{"@type":"ReadAction","target":["https:\/\/com.rst-steel.eu\/nb\/produkt\/led-tyovalo-lazer-utility-25-maxx_pr_66072\/"]}]},{"@type":"ImageObject","inLanguage":"nb-NO","@id":"https:\/\/com.rst-steel.eu\/nb\/produkt\/led-tyovalo-lazer-utility-25-maxx_pr_66072\/#primaryimage","url":"https:\/\/com.rst-steel.eu\/wp-content\/uploads\/2023\/02\/7a77f2a42a51ac50ed690bb39bb836710b578b91_RSTLZ0130.jpg","contentUrl":"https:\/\/com.rst-steel.eu\/wp-content\/uploads\/2023\/02\/7a77f2a42a51ac50ed690bb39bb836710b578b91_RSTLZ0130.jpg","width":1000,"height":750,"caption":"Lazer Utility-25 MAXX"},{"@type":"BreadcrumbList","@id":"https:\/\/com.rst-steel.eu\/nb\/produkt\/led-tyovalo-lazer-utility-25-maxx_pr_66072\/#breadcrumb","itemListElement":[{"@type":"ListItem","position":1,"name":"Home","item":"https:\/\/com.rst-steel.eu\/"},{"@type":"ListItem","position":2,"name":"RST-Steel Shop","item":"https:\/\/com.rst-steel.eu\/shop\/"},{"@type":"ListItem","position":3,"name":"Lazer Utility-25 MAXX"}]},{"@type":"WebSite","@id":"https:\/\/com.rst-steel.eu\/#website","url":"https:\/\/com.rst-steel.eu\/","name":"RST-Steel.com","description":"Finsk kvalitetsst\u00e5l, for kvalitetsbevisste sj\u00e5f\u00f8rer","publisher":{"@id":"https:\/\/com.rst-steel.eu\/#organization"},"alternateName":"Safe and stylish RST-Steel quality","potentialAction":[{"@type":"SearchAction","target":{"@type":"EntryPoint","urlTemplate":"https:\/\/com.rst-steel.eu\/?s={search_term_string}"},"query-input":{"@type":"PropertyValueSpecification","valueRequired":true,"valueName":"search_term_string"}}],"inLanguage":"nb-NO"},{"@type":"Organization","@id":"https:\/\/com.rst-steel.eu\/#organization","name":"RST-Steel Oy","url":"https:\/\/com.rst-steel.eu\/","logo":{"@type":"ImageObject","inLanguage":"nb-NO","@id":"https:\/\/com.rst-steel.eu\/#\/schema\/logo\/image\/","url":"https:\/\/com.rst-steel.eu\/wp-content\/uploads\/2023\/04\/cropped-Rst-logo-valkoinen-teksti-3.png","contentUrl":"https:\/\/com.rst-steel.eu\/wp-content\/uploads\/2023\/04\/cropped-Rst-logo-valkoinen-teksti-3.png","width":512,"height":115,"caption":"RST-Steel Oy"},"image":{"@id":"https:\/\/com.rst-steel.eu\/#\/schema\/logo\/image\/"},"sameAs":["https:\/\/www.facebook.com\/rststeel","https:\/\/www.instagram.com\/rststeeloy\/"]}]}},"brands":[{"id":8332,"name":"Lazer Lamps","slug":"brand_lazerlamps"}],"_links":{"self":[{"href":"https:\/\/com.rst-steel.eu\/nb\/wp-json\/wp\/v2\/product\/36776","targetHints":{"allow":["GET"]}}],"collection":[{"href":"https:\/\/com.rst-steel.eu\/nb\/wp-json\/wp\/v2\/product"}],"about":[{"href":"https:\/\/com.rst-steel.eu\/nb\/wp-json\/wp\/v2\/types\/product"}],"replies":[{"embeddable":true,"href":"https:\/\/com.rst-steel.eu\/nb\/wp-json\/wp\/v2\/comments?post=36776"}],"version-history":[{"count":0,"href":"https:\/\/com.rst-steel.eu\/nb\/wp-json\/wp\/v2\/product\/36776\/revisions"}],"wp:featuredmedia":[{"embeddable":true,"href":"https:\/\/com.rst-steel.eu\/nb\/wp-json\/wp\/v2\/media\/36771"}],"wp:attachment":[{"href":"https:\/\/com.rst-steel.eu\/nb\/wp-json\/wp\/v2\/media?parent=36776"}],"wp:term":[{"taxonomy":"make_fuel_type","embeddable":true,"href":"https:\/\/com.rst-steel.eu\/nb\/wp-json\/wp\/v2\/make_fuel_type?post=36776"},{"taxonomy":"make_model","embeddable":true,"href":"https:\/\/com.rst-steel.eu\/nb\/wp-json\/wp\/v2\/make_model?post=36776"},{"taxonomy":"make_brand","embeddable":true,"href":"https:\/\/com.rst-steel.eu\/nb\/wp-json\/wp\/v2\/make_brand?post=36776"},{"taxonomy":"make_year","embeddable":true,"href":"https:\/\/com.rst-steel.eu\/nb\/wp-json\/wp\/v2\/make_year?post=36776"},{"taxonomy":"pwb-brand","embeddable":true,"href":"https:\/\/com.rst-steel.eu\/nb\/wp-json\/wp\/v2\/pwb-brand?post=36776"},{"taxonomy":"product_brand","embeddable":true,"href":"https:\/\/com.rst-steel.eu\/nb\/wp-json\/wp\/v2\/product_brand?post=36776"},{"taxonomy":"product_cat","embeddable":true,"href":"https:\/\/com.rst-steel.eu\/nb\/wp-json\/wp\/v2\/product_cat?post=36776"},{"taxonomy":"product_tag","embeddable":true,"href":"https:\/\/com.rst-steel.eu\/nb\/wp-json\/wp\/v2\/product_tag?post=36776"}],"curies":[{"name":"wp","href":"https:\/\/api.w.org\/{rel}","templated":true}]}}