{"id":36770,"date":"2023-02-14T09:07:34","date_gmt":"2023-02-14T06:07:34","guid":{"rendered":"https:\/\/rst-steel.fi-c.seravo.com\/product\/lazer-single-lamp-wiring-kit-high-power-12v_pr_18730\/"},"modified":"2026-03-16T09:21:25","modified_gmt":"2026-03-16T06:21:25","slug":"lazer-one-lamp-wiring-kit-hi-power_pr_18730","status":"publish","type":"product","link":"https:\/\/com.rst-steel.eu\/nb\/produkt\/lazer-one-lamp-wiring-kit-hi-power_pr_18730\/","title":{"rendered":"Lazer One-Lamp Wiring Kit, Hi-Power"},"content":{"rendered":"<p>En-lamps ledningssett for alle ikke E-merke sertifiserte Lazer h\u00f8yytelses LED-spotlights (unntatt Linear-48), hvor kravet er \u00e5 betjene lyset via en uavhengig bryter plassert inne i kj\u00f8ret\u00f8yet. Oppsettet er raskt, enkelt og p\u00e5litelig med tysk kobling og ingen konfigurasjonsprosedyrer. Settet har et 12V rel\u00e9 (i vanntett hus), 35A sikring, en batteriterminal i den ene enden og 3m flex p\u00e5 lampekabelen.<\/p>\n<p><\/p>\n<p>Alle Lazer-lamper selges med en forh\u00e5ndskablet hunnkontakt festet til hannkontakten p\u00e5 lampeselen, for \u00e5 lette kablingen til kj\u00f8ret\u00f8ysystemet.<\/p>\n<p><\/p>\n<p>Produktegenskaper<\/p>\n<p><\/p>\n<p>One-Lamp ledningssett for ikke E-merket godkjente Lazer-produkter (unntatt Linear-48)<\/p>\n<p>3m kabel lengde<\/p>\n<p>Inkluderer 12V rel\u00e9 og 35 amp sikring<\/p>\n<p>Rel\u00e9holder godkjent til IP53 n\u00e5r den er montert i vertikal (oppreist) orientering<\/p>\n<p>Tysk tilkobling<\/p>\n<p>Inkluderer av\/p\u00e5-bryter for uavhengig drift<\/p>\n<p>Flettede kabelseksjoner for ekstra beskyttelse i motorrommet<\/p>\n<p><\/p>\n<p><\/p>\n<p>Kompatibel med:<\/p>\n<p><\/p>\n<p>T-16 Evolution<\/p>\n<p>T-24 Evolution<\/p>\n<p>T-28 Evolution<\/p>\n<p>Triple-R 16<\/p>\n<p>Triple-R 24<\/p>\n<p>Triple-R 28<\/p>\n<p><\/p>\n<p>Note \u2013 all lamps above are supplied as new with the Single-Lamp Wiring Kit (High Power, 12V) included.<\/p>","protected":false},"excerpt":{"rendered":"<p>One-Lamp ledningssett for ikke E-merket godkjente Lazer-produkter (unntatt Linear-48)<\/p>\n<div><\/div>","protected":false},"featured_media":36768,"comment_status":"open","ping_status":"closed","template":"","meta":{"_improvement_type_select":"improve_an_existing","_thumb_yes_seoaic":false,"_frame_yes_seoaic":false,"seoaic_generate_description":"","seoaic_improve_instructions_prompt":"","seoaic_rollback_content_improvement":"","seoaic_idea_thumbnail_generator":"","thumbnail_generated":false,"thumbnail_generate_prompt":"","seoaic_article_description":""},"make_fuel_type":[],"make_model":[],"make_brand":[],"make_year":[],"pwb-brand":[8332],"product_brand":[],"product_cat":[6195,6242,6243],"product_tag":[6298],"class_list":{"0":"post-36770","1":"product","2":"type-product","3":"status-publish","4":"has-post-thumbnail","6":"pwb-brand-brand_lazerlamps","7":"product_cat-lamps","8":"product_cat-mounting-accessories","9":"product_cat-lazer-lamps-accessories","10":"product_tag-lazer-lamps","12":"first","13":"instock","14":"taxable","15":"shipping-taxable","16":"purchasable","17":"product-type-simple"},"yoast_head":"<!-- This site is optimized with the Yoast SEO plugin v25.7 - https:\/\/yoast.com\/wordpress\/plugins\/seo\/ -->\n<title>Lazer One-Lamp Wiring Kit, Hi-Power - RST-Steel<\/title>\n<meta name=\"description\" content=\"Easily install your high-power Lazer lamp with this one-lamp wiring kit. It ensures reliable performance and simplifies the setup process.\" \/>\n<meta name=\"robots\" content=\"index, follow, max-snippet:-1, max-image-preview:large, max-video-preview:-1\" \/>\n<link rel=\"canonical\" href=\"https:\/\/com.rst-steel.eu\/nb\/produkt\/lazer-one-lamp-wiring-kit-hi-power_pr_18730\/\" \/>\n<meta property=\"og:locale\" content=\"nb_NO\" \/>\n<meta property=\"og:type\" content=\"article\" \/>\n<meta property=\"og:title\" content=\"Lazer One-Lamp Wiring Kit, Hi-Power - RST-Steel\" \/>\n<meta property=\"og:description\" content=\"Easily install your high-power Lazer lamp with this one-lamp wiring kit. It ensures reliable performance and simplifies the setup process.\" \/>\n<meta property=\"og:url\" content=\"https:\/\/com.rst-steel.eu\/nb\/produkt\/lazer-one-lamp-wiring-kit-hi-power_pr_18730\/\" \/>\n<meta property=\"og:site_name\" content=\"RST-Steel\" \/>\n<meta property=\"article:publisher\" content=\"https:\/\/www.facebook.com\/rststeel\" \/>\n<meta property=\"article:modified_time\" content=\"2026-03-16T06:21:25+00:00\" \/>\n<meta property=\"og:image\" content=\"https:\/\/com.rst-steel.eu\/wp-content\/uploads\/2023\/02\/8adb52cfabdca937583ba5c7115a467f72fd35e6_YhdenlampunjohdotussarjaKorkeanvirrantuoteteilleSisaltaa12Vnreleenja35ampeerinsulak_LZ5709001_4.jpg\" \/>\n\t<meta property=\"og:image:width\" content=\"672\" \/>\n\t<meta property=\"og:image:height\" content=\"668\" \/>\n\t<meta property=\"og:image:type\" content=\"image\/jpeg\" \/>\n<meta name=\"twitter:card\" content=\"summary_large_image\" \/>\n<meta name=\"twitter:label1\" content=\"Ansl. lesetid\" \/>\n\t<meta name=\"twitter:data1\" content=\"1 minutt\" \/>\n<script type=\"application\/ld+json\" class=\"yoast-schema-graph\">{\"@context\":\"https:\/\/schema.org\",\"@graph\":[{\"@type\":\"WebPage\",\"@id\":\"https:\/\/com.rst-steel.eu\/sv\/produkt\/lazer-one-lamp-wiring-kit-hi-power_pr_18730\/\",\"url\":\"https:\/\/com.rst-steel.eu\/sv\/produkt\/lazer-one-lamp-wiring-kit-hi-power_pr_18730\/\",\"name\":\"Lazer One-Lamp Wiring Kit, Hi-Power - RST-Steel\",\"isPartOf\":{\"@id\":\"https:\/\/com.rst-steel.eu\/#website\"},\"primaryImageOfPage\":{\"@id\":\"https:\/\/com.rst-steel.eu\/sv\/produkt\/lazer-one-lamp-wiring-kit-hi-power_pr_18730\/#primaryimage\"},\"image\":{\"@id\":\"https:\/\/com.rst-steel.eu\/sv\/produkt\/lazer-one-lamp-wiring-kit-hi-power_pr_18730\/#primaryimage\"},\"thumbnailUrl\":\"https:\/\/com.rst-steel.eu\/wp-content\/uploads\/2023\/02\/8adb52cfabdca937583ba5c7115a467f72fd35e6_YhdenlampunjohdotussarjaKorkeanvirrantuoteteilleSisaltaa12Vnreleenja35ampeerinsulak_LZ5709001_4.jpg\",\"datePublished\":\"2023-02-14T06:07:34+00:00\",\"dateModified\":\"2026-03-16T06:21:25+00:00\",\"description\":\"Easily install your high-power Lazer lamp with this one-lamp wiring kit. It ensures reliable performance and simplifies the setup process.\",\"breadcrumb\":{\"@id\":\"https:\/\/com.rst-steel.eu\/sv\/produkt\/lazer-one-lamp-wiring-kit-hi-power_pr_18730\/#breadcrumb\"},\"inLanguage\":\"nb-NO\",\"potentialAction\":[{\"@type\":\"ReadAction\",\"target\":[\"https:\/\/com.rst-steel.eu\/sv\/produkt\/lazer-one-lamp-wiring-kit-hi-power_pr_18730\/\"]}]},{\"@type\":\"ImageObject\",\"inLanguage\":\"nb-NO\",\"@id\":\"https:\/\/com.rst-steel.eu\/sv\/produkt\/lazer-one-lamp-wiring-kit-hi-power_pr_18730\/#primaryimage\",\"url\":\"https:\/\/com.rst-steel.eu\/wp-content\/uploads\/2023\/02\/8adb52cfabdca937583ba5c7115a467f72fd35e6_YhdenlampunjohdotussarjaKorkeanvirrantuoteteilleSisaltaa12Vnreleenja35ampeerinsulak_LZ5709001_4.jpg\",\"contentUrl\":\"https:\/\/com.rst-steel.eu\/wp-content\/uploads\/2023\/02\/8adb52cfabdca937583ba5c7115a467f72fd35e6_YhdenlampunjohdotussarjaKorkeanvirrantuoteteilleSisaltaa12Vnreleenja35ampeerinsulak_LZ5709001_4.jpg\",\"width\":672,\"height\":668,\"caption\":\"Lazer One-Lamp Wiring Kit, Hi-Power\"},{\"@type\":\"BreadcrumbList\",\"@id\":\"https:\/\/com.rst-steel.eu\/sv\/produkt\/lazer-one-lamp-wiring-kit-hi-power_pr_18730\/#breadcrumb\",\"itemListElement\":[{\"@type\":\"ListItem\",\"position\":1,\"name\":\"Home\",\"item\":\"https:\/\/com.rst-steel.eu\/\"},{\"@type\":\"ListItem\",\"position\":2,\"name\":\"RST-Steel Shop\",\"item\":\"https:\/\/com.rst-steel.eu\/shop\/\"},{\"@type\":\"ListItem\",\"position\":3,\"name\":\"Lazer One-Lamp Wiring Kit, Hi-Power\"}]},{\"@type\":\"WebSite\",\"@id\":\"https:\/\/com.rst-steel.eu\/#website\",\"url\":\"https:\/\/com.rst-steel.eu\/\",\"name\":\"RST-Steel.com\",\"description\":\"Finnish quality steel, for quality-conscious drivers\",\"publisher\":{\"@id\":\"https:\/\/com.rst-steel.eu\/#organization\"},\"alternateName\":\"Safe and stylish RST-Steel quality\",\"potentialAction\":[{\"@type\":\"SearchAction\",\"target\":{\"@type\":\"EntryPoint\",\"urlTemplate\":\"https:\/\/com.rst-steel.eu\/?s={search_term_string}\"},\"query-input\":{\"@type\":\"PropertyValueSpecification\",\"valueRequired\":true,\"valueName\":\"search_term_string\"}}],\"inLanguage\":\"nb-NO\"},{\"@type\":\"Organization\",\"@id\":\"https:\/\/com.rst-steel.eu\/#organization\",\"name\":\"RST-Steel Oy\",\"url\":\"https:\/\/com.rst-steel.eu\/\",\"logo\":{\"@type\":\"ImageObject\",\"inLanguage\":\"nb-NO\",\"@id\":\"https:\/\/com.rst-steel.eu\/#\/schema\/logo\/image\/\",\"url\":\"https:\/\/com.rst-steel.eu\/wp-content\/uploads\/2023\/04\/cropped-Rst-logo-valkoinen-teksti-3.png\",\"contentUrl\":\"https:\/\/com.rst-steel.eu\/wp-content\/uploads\/2023\/04\/cropped-Rst-logo-valkoinen-teksti-3.png\",\"width\":512,\"height\":115,\"caption\":\"RST-Steel Oy\"},\"image\":{\"@id\":\"https:\/\/com.rst-steel.eu\/#\/schema\/logo\/image\/\"},\"sameAs\":[\"https:\/\/www.facebook.com\/rststeel\",\"https:\/\/www.instagram.com\/rststeeloy\/\"]}]}<\/script>\n<!-- \/ Yoast SEO plugin. -->","yoast_head_json":{"title":"Lazer One-Lamp Wiring Kit, Hi-Power - RST-Steel","description":"Easily install your high-power Lazer lamp with this one-lamp wiring kit. It ensures reliable performance and simplifies the setup process.","robots":{"index":"index","follow":"follow","max-snippet":"max-snippet:-1","max-image-preview":"max-image-preview:large","max-video-preview":"max-video-preview:-1"},"canonical":"https:\/\/com.rst-steel.eu\/nb\/produkt\/lazer-one-lamp-wiring-kit-hi-power_pr_18730\/","og_locale":"nb_NO","og_type":"article","og_title":"Lazer One-Lamp Wiring Kit, Hi-Power - RST-Steel","og_description":"Easily install your high-power Lazer lamp with this one-lamp wiring kit. It ensures reliable performance and simplifies the setup process.","og_url":"https:\/\/com.rst-steel.eu\/nb\/produkt\/lazer-one-lamp-wiring-kit-hi-power_pr_18730\/","og_site_name":"RST-Steel","article_publisher":"https:\/\/www.facebook.com\/rststeel","article_modified_time":"2026-03-16T06:21:25+00:00","og_image":[{"width":672,"height":668,"url":"https:\/\/com.rst-steel.eu\/wp-content\/uploads\/2023\/02\/8adb52cfabdca937583ba5c7115a467f72fd35e6_YhdenlampunjohdotussarjaKorkeanvirrantuoteteilleSisaltaa12Vnreleenja35ampeerinsulak_LZ5709001_4.jpg","type":"image\/jpeg"}],"twitter_card":"summary_large_image","twitter_misc":{"Ansl. lesetid":"1 minutt"},"schema":{"@context":"https:\/\/schema.org","@graph":[{"@type":"WebPage","@id":"https:\/\/com.rst-steel.eu\/sv\/produkt\/lazer-one-lamp-wiring-kit-hi-power_pr_18730\/","url":"https:\/\/com.rst-steel.eu\/sv\/produkt\/lazer-one-lamp-wiring-kit-hi-power_pr_18730\/","name":"Lazer One-Lamp Wiring Kit, Hi-Power - RST-Steel","isPartOf":{"@id":"https:\/\/com.rst-steel.eu\/#website"},"primaryImageOfPage":{"@id":"https:\/\/com.rst-steel.eu\/sv\/produkt\/lazer-one-lamp-wiring-kit-hi-power_pr_18730\/#primaryimage"},"image":{"@id":"https:\/\/com.rst-steel.eu\/sv\/produkt\/lazer-one-lamp-wiring-kit-hi-power_pr_18730\/#primaryimage"},"thumbnailUrl":"https:\/\/com.rst-steel.eu\/wp-content\/uploads\/2023\/02\/8adb52cfabdca937583ba5c7115a467f72fd35e6_YhdenlampunjohdotussarjaKorkeanvirrantuoteteilleSisaltaa12Vnreleenja35ampeerinsulak_LZ5709001_4.jpg","datePublished":"2023-02-14T06:07:34+00:00","dateModified":"2026-03-16T06:21:25+00:00","description":"Easily install your high-power Lazer lamp with this one-lamp wiring kit. It ensures reliable performance and simplifies the setup process.","breadcrumb":{"@id":"https:\/\/com.rst-steel.eu\/sv\/produkt\/lazer-one-lamp-wiring-kit-hi-power_pr_18730\/#breadcrumb"},"inLanguage":"nb-NO","potentialAction":[{"@type":"ReadAction","target":["https:\/\/com.rst-steel.eu\/sv\/produkt\/lazer-one-lamp-wiring-kit-hi-power_pr_18730\/"]}]},{"@type":"ImageObject","inLanguage":"nb-NO","@id":"https:\/\/com.rst-steel.eu\/sv\/produkt\/lazer-one-lamp-wiring-kit-hi-power_pr_18730\/#primaryimage","url":"https:\/\/com.rst-steel.eu\/wp-content\/uploads\/2023\/02\/8adb52cfabdca937583ba5c7115a467f72fd35e6_YhdenlampunjohdotussarjaKorkeanvirrantuoteteilleSisaltaa12Vnreleenja35ampeerinsulak_LZ5709001_4.jpg","contentUrl":"https:\/\/com.rst-steel.eu\/wp-content\/uploads\/2023\/02\/8adb52cfabdca937583ba5c7115a467f72fd35e6_YhdenlampunjohdotussarjaKorkeanvirrantuoteteilleSisaltaa12Vnreleenja35ampeerinsulak_LZ5709001_4.jpg","width":672,"height":668,"caption":"Lazer One-Lamp Wiring Kit, Hi-Power"},{"@type":"BreadcrumbList","@id":"https:\/\/com.rst-steel.eu\/sv\/produkt\/lazer-one-lamp-wiring-kit-hi-power_pr_18730\/#breadcrumb","itemListElement":[{"@type":"ListItem","position":1,"name":"Home","item":"https:\/\/com.rst-steel.eu\/"},{"@type":"ListItem","position":2,"name":"RST-Steel Shop","item":"https:\/\/com.rst-steel.eu\/shop\/"},{"@type":"ListItem","position":3,"name":"Lazer One-Lamp Wiring Kit, Hi-Power"}]},{"@type":"WebSite","@id":"https:\/\/com.rst-steel.eu\/#website","url":"https:\/\/com.rst-steel.eu\/","name":"RST-Steel.com","description":"Finsk kvalitetsst\u00e5l, for kvalitetsbevisste sj\u00e5f\u00f8rer","publisher":{"@id":"https:\/\/com.rst-steel.eu\/#organization"},"alternateName":"Safe and stylish RST-Steel quality","potentialAction":[{"@type":"SearchAction","target":{"@type":"EntryPoint","urlTemplate":"https:\/\/com.rst-steel.eu\/?s={search_term_string}"},"query-input":{"@type":"PropertyValueSpecification","valueRequired":true,"valueName":"search_term_string"}}],"inLanguage":"nb-NO"},{"@type":"Organization","@id":"https:\/\/com.rst-steel.eu\/#organization","name":"RST-Steel Oy","url":"https:\/\/com.rst-steel.eu\/","logo":{"@type":"ImageObject","inLanguage":"nb-NO","@id":"https:\/\/com.rst-steel.eu\/#\/schema\/logo\/image\/","url":"https:\/\/com.rst-steel.eu\/wp-content\/uploads\/2023\/04\/cropped-Rst-logo-valkoinen-teksti-3.png","contentUrl":"https:\/\/com.rst-steel.eu\/wp-content\/uploads\/2023\/04\/cropped-Rst-logo-valkoinen-teksti-3.png","width":512,"height":115,"caption":"RST-Steel Oy"},"image":{"@id":"https:\/\/com.rst-steel.eu\/#\/schema\/logo\/image\/"},"sameAs":["https:\/\/www.facebook.com\/rststeel","https:\/\/www.instagram.com\/rststeeloy\/"]}]}},"brands":[{"id":8332,"name":"Lazer Lamps","slug":"brand_lazerlamps"}],"_links":{"self":[{"href":"https:\/\/com.rst-steel.eu\/nb\/wp-json\/wp\/v2\/product\/36770","targetHints":{"allow":["GET"]}}],"collection":[{"href":"https:\/\/com.rst-steel.eu\/nb\/wp-json\/wp\/v2\/product"}],"about":[{"href":"https:\/\/com.rst-steel.eu\/nb\/wp-json\/wp\/v2\/types\/product"}],"replies":[{"embeddable":true,"href":"https:\/\/com.rst-steel.eu\/nb\/wp-json\/wp\/v2\/comments?post=36770"}],"version-history":[{"count":0,"href":"https:\/\/com.rst-steel.eu\/nb\/wp-json\/wp\/v2\/product\/36770\/revisions"}],"wp:featuredmedia":[{"embeddable":true,"href":"https:\/\/com.rst-steel.eu\/nb\/wp-json\/wp\/v2\/media\/36768"}],"wp:attachment":[{"href":"https:\/\/com.rst-steel.eu\/nb\/wp-json\/wp\/v2\/media?parent=36770"}],"wp:term":[{"taxonomy":"make_fuel_type","embeddable":true,"href":"https:\/\/com.rst-steel.eu\/nb\/wp-json\/wp\/v2\/make_fuel_type?post=36770"},{"taxonomy":"make_model","embeddable":true,"href":"https:\/\/com.rst-steel.eu\/nb\/wp-json\/wp\/v2\/make_model?post=36770"},{"taxonomy":"make_brand","embeddable":true,"href":"https:\/\/com.rst-steel.eu\/nb\/wp-json\/wp\/v2\/make_brand?post=36770"},{"taxonomy":"make_year","embeddable":true,"href":"https:\/\/com.rst-steel.eu\/nb\/wp-json\/wp\/v2\/make_year?post=36770"},{"taxonomy":"pwb-brand","embeddable":true,"href":"https:\/\/com.rst-steel.eu\/nb\/wp-json\/wp\/v2\/pwb-brand?post=36770"},{"taxonomy":"product_brand","embeddable":true,"href":"https:\/\/com.rst-steel.eu\/nb\/wp-json\/wp\/v2\/product_brand?post=36770"},{"taxonomy":"product_cat","embeddable":true,"href":"https:\/\/com.rst-steel.eu\/nb\/wp-json\/wp\/v2\/product_cat?post=36770"},{"taxonomy":"product_tag","embeddable":true,"href":"https:\/\/com.rst-steel.eu\/nb\/wp-json\/wp\/v2\/product_tag?post=36770"}],"curies":[{"name":"wp","href":"https:\/\/api.w.org\/{rel}","templated":true}]}}