{"id":36724,"date":"2023-02-14T09:05:59","date_gmt":"2023-02-14T06:05:59","guid":{"rendered":"https:\/\/rst-steel.fi-c.seravo.com\/product\/lazer-st4-evolution-_pr_18681\/"},"modified":"2026-03-16T09:21:20","modified_gmt":"2026-03-16T06:21:20","slug":"lazer-st4-evolution-_pr_18681","status":"publish","type":"product","link":"https:\/\/com.rst-steel.eu\/nb\/produkt\/lazer-st4-evolution-_pr_18681\/","title":{"rendered":"Lazer ST4 EVOLUTION"},"content":{"rendered":"<p>The ST \/ T Evolution range of products feature highly efficient, premium \u2018bin\u2019 11W LEDs in combination with vacuum-metallised conical optics to deliver a powerful beam pattern with wide spread. This makes the products especially well-suited to rural and off-road applications. Incorporating the same electrical and product design across both ST and T lights, the former indicates lights that are UNECE certified to Regulation 112 as high beam driving lights, while the latter indicating the larger light bars not certified and intended for off-road use only operated via an independent switch.<\/p>\n<p><\/p>\n<p>Available in sizes ranging from the 124mm (5\u201d) ST2 to the 1164mm (46\u201d) T28, these are LED light bars benefitting from huge versatility, having been adopted across a wide range of different applications and vehicle types, since the products were first launched in 2010. Since then, the range has been re-engineered and re-designed incorporating the latest and best technology alongside a more contemporary, seamless, low profile design making them easier to install, more resistant to dirt, snow and ice accumulations and with styling guaranteed to complement and enhance the appearance of modern vehicles.<\/p>\n<p><\/p>\n<p>Superior lighting performance is delivered by the high power 11W LEDs, alongside advanced electronic design, combined with sophisticated thermal management systems and ultra-reflective vacuum-metallised reflectors to harness the maximum amount of light where you need it: on the road or trail ahead. Like all Lazer products, the LEDs are carefully selected at 5000k colour temperature to maximise sharpness and definition of your surroundings.<\/p>\n<p><\/p>\n<p>Produktegenskaper<\/p>\n<p><\/p>\n<p>H\u00f8y tetthet, premium 'bin' 11W LED-teknologi<\/p>\n<p>5000K LED fargetemperatur og 80CRI maksimerer skarphet og definisjon<\/p>\n<p>Ultrareflekterende, vakuummetallisert konisk optikk gir utmerket spredning<\/p>\n<p>Seamless, low profile design facilitates installation and avoids dirt\/ice accumulation.<\/p>\n<p>Includes versatile \u2018Centre Mount\u2019 mounting system plus integral features to enable side mounting (brackets sold separately)<\/p>\n<p>Elektronisk termisk styringssystem optimerer lyseffekten for \u00e5 bevare levetiden til lysdiodene<\/p>\n<p>Anodised pre-treatment and automotive grade powder top-coat for ultimate corrosion and chemical protection<\/p>\n<p>CAE-optimalisert kj\u00f8leribbe tilbyr forbedret termisk dynamikk<\/p>\n<p>Overspenningsbeskyttet<\/p>\n<p>Beskyttet mot omvendt polaritet<\/p>\n<p>\u2018Uknuselig\u2019 polykarbonatlinse med hardcoat lakk<\/p>\n<p>UNECE-godkjent Reg 112 Klasse B kj\u00f8relys for fjernlysfunksjon p\u00e5 vei<\/p>\n<p>UNECE-godkjent Reg 10<\/p>\n<p>IP67 vanntett<\/p>\n<p>5 \u00e5rs garanti<\/p>\n<p>Leveres med forh\u00e5ndskablede hann\/hun 2-pinners superseal-kontakter<\/p>\n<p>Designet og produsert i Storbritannia<\/p>\n<p><\/p>\n<p><\/p>\n<p>Tekniske spesifikasjoner:<\/p>\n<p>Spenningsomr\u00e5de: 10-32V<\/p>\n<p>Vekt: 670 gram<\/p>\n<p>Total lysstr\u00f8m: 4136 lm<\/p>\n<p>Str\u00f8mforbruk: 47 watt<\/p>\n<p>Antall lysdioder med h\u00f8y effekt:  4<\/p>\n<p><\/p>\n<p>DIMENSJONER:<\/p>\n<p>&nbsp; &nbsp; Bredde: 204 mm<\/p>\n<p>&nbsp; &nbsp; Dybde: 68 mm<\/p>\n<p>&nbsp; &nbsp; H\u00f8yde: 64 mm<\/p>\n<p><\/p>\n<p>PHOTOMETRIC DATA:<\/p>\n<p>&nbsp; &nbsp; Horisontal str\u00e5levinkel: 40 grader<\/p>\n<p>&nbsp; &nbsp; 0,25 lx Linje: 555 meter<\/p>\n<p>&nbsp; &nbsp; 0,5 lx Linje: 393 meter<\/p>\n<p>&nbsp;&nbsp;&nbsp;&nbsp;1 lx Linje: 278 meter<\/p>\n<p>&nbsp;&nbsp;&nbsp;&nbsp;3 lx Linje: 160 meter<\/p>\n<p><\/p>\n<p>SERTIFIKASJON:<\/p>\n<p>&nbsp; &nbsp; High Beam<span>\t<\/span>ECE R112<\/p>\n<p>&nbsp;&nbsp;&nbsp;&nbsp;ECE Reference:<span>\t<\/span>10<\/p>\n<p><\/p>\n<p><\/p>\n<p>Hva er inkludert?<\/p>\n<p><\/p>\n<p>Linear ST4 Evolution LED-spotlight<\/p>\n<p>Centre Mount<\/p>\n<p>Installasjonsinstruksjoner<\/p>","protected":false},"excerpt":{"rendered":"<p>5 \u00e5r garanti!<\/p>","protected":false},"featured_media":43687,"comment_status":"open","ping_status":"closed","template":"","meta":{"_improvement_type_select":"improve_an_existing","_thumb_yes_seoaic":false,"_frame_yes_seoaic":false,"seoaic_generate_description":"","seoaic_improve_instructions_prompt":"","seoaic_rollback_content_improvement":"","seoaic_idea_thumbnail_generator":"","thumbnail_generated":false,"thumbnail_generate_prompt":"","seoaic_article_description":""},"make_fuel_type":[],"make_model":[],"make_brand":[],"make_year":[3748,6373,6465],"pwb-brand":[8332],"product_brand":[],"product_cat":[6195,6209,6211,7208],"product_tag":[6298,6365],"class_list":{"0":"post-36724","1":"product","2":"type-product","3":"status-publish","4":"has-post-thumbnail","6":"make_year-trucks","7":"make_year-van","8":"make_year-workmachines","9":"pwb-brand-brand_lazerlamps","10":"product_cat-lamps","11":"product_cat-auxiliary-lights","12":"product_cat-lazer-lamps-auxiliary-lights","13":"product_cat-rst-evo","14":"product_tag-lazer-lamps","15":"product_tag-st-t-evolution","17":"first","18":"instock","19":"taxable","20":"shipping-taxable","21":"purchasable","22":"product-type-simple"},"yoast_head":"<!-- This site is optimized with the Yoast SEO plugin v25.7 - https:\/\/yoast.com\/wordpress\/plugins\/seo\/ -->\n<title>Lazer ST4 EVOLUTION - RST-Steel<\/title>\n<meta name=\"description\" content=\"The Lazer ST4 Evolution provides powerful LED lighting in a compact, rugged design, enhancing visibility and performance in any condition.\" \/>\n<meta name=\"robots\" content=\"index, follow, max-snippet:-1, max-image-preview:large, max-video-preview:-1\" \/>\n<link rel=\"canonical\" href=\"https:\/\/com.rst-steel.eu\/nb\/produkt\/lazer-st4-evolution-_pr_18681\/\" \/>\n<meta property=\"og:locale\" content=\"nb_NO\" \/>\n<meta property=\"og:type\" content=\"article\" \/>\n<meta property=\"og:title\" content=\"Lazer ST4 EVOLUTION - RST-Steel\" \/>\n<meta property=\"og:description\" content=\"The Lazer ST4 Evolution provides powerful LED lighting in a compact, rugged design, enhancing visibility and performance in any condition.\" \/>\n<meta property=\"og:url\" content=\"https:\/\/com.rst-steel.eu\/nb\/produkt\/lazer-st4-evolution-_pr_18681\/\" \/>\n<meta property=\"og:site_name\" content=\"RST-Steel\" \/>\n<meta property=\"article:publisher\" content=\"https:\/\/www.facebook.com\/rststeel\" \/>\n<meta property=\"article:modified_time\" content=\"2026-03-16T06:21:20+00:00\" \/>\n<meta property=\"og:image\" content=\"https:\/\/com.rst-steel.eu\/wp-content\/uploads\/2024\/06\/a184568967239ebb0ee996d1dd9f0ef319cdb998_lazer_st4_evolution_1_normal.jpg\" \/>\n\t<meta property=\"og:image:width\" content=\"600\" \/>\n\t<meta property=\"og:image:height\" content=\"600\" \/>\n\t<meta property=\"og:image:type\" content=\"image\/jpeg\" \/>\n<meta name=\"twitter:card\" content=\"summary_large_image\" \/>\n<meta name=\"twitter:label1\" content=\"Ansl. lesetid\" \/>\n\t<meta name=\"twitter:data1\" content=\"3 minutter\" \/>\n<script type=\"application\/ld+json\" class=\"yoast-schema-graph\">{\"@context\":\"https:\/\/schema.org\",\"@graph\":[{\"@type\":\"WebPage\",\"@id\":\"https:\/\/com.rst-steel.eu\/product\/lazer-st4-evolution-_pr_18681\/\",\"url\":\"https:\/\/com.rst-steel.eu\/product\/lazer-st4-evolution-_pr_18681\/\",\"name\":\"Lazer ST4 EVOLUTION - RST-Steel\",\"isPartOf\":{\"@id\":\"https:\/\/com.rst-steel.eu\/#website\"},\"primaryImageOfPage\":{\"@id\":\"https:\/\/com.rst-steel.eu\/product\/lazer-st4-evolution-_pr_18681\/#primaryimage\"},\"image\":{\"@id\":\"https:\/\/com.rst-steel.eu\/product\/lazer-st4-evolution-_pr_18681\/#primaryimage\"},\"thumbnailUrl\":\"https:\/\/com.rst-steel.eu\/wp-content\/uploads\/2024\/06\/a184568967239ebb0ee996d1dd9f0ef319cdb998_lazer_st4_evolution_1_normal.jpg\",\"datePublished\":\"2023-02-14T06:05:59+00:00\",\"dateModified\":\"2026-03-16T06:21:20+00:00\",\"description\":\"The Lazer ST4 Evolution provides powerful LED lighting in a compact, rugged design, enhancing visibility and performance in any condition.\",\"breadcrumb\":{\"@id\":\"https:\/\/com.rst-steel.eu\/product\/lazer-st4-evolution-_pr_18681\/#breadcrumb\"},\"inLanguage\":\"nb-NO\",\"potentialAction\":[{\"@type\":\"ReadAction\",\"target\":[\"https:\/\/com.rst-steel.eu\/product\/lazer-st4-evolution-_pr_18681\/\"]}]},{\"@type\":\"ImageObject\",\"inLanguage\":\"nb-NO\",\"@id\":\"https:\/\/com.rst-steel.eu\/product\/lazer-st4-evolution-_pr_18681\/#primaryimage\",\"url\":\"https:\/\/com.rst-steel.eu\/wp-content\/uploads\/2024\/06\/a184568967239ebb0ee996d1dd9f0ef319cdb998_lazer_st4_evolution_1_normal.jpg\",\"contentUrl\":\"https:\/\/com.rst-steel.eu\/wp-content\/uploads\/2024\/06\/a184568967239ebb0ee996d1dd9f0ef319cdb998_lazer_st4_evolution_1_normal.jpg\",\"width\":600,\"height\":600,\"caption\":\"Lazer ST4 EVOLUTION\"},{\"@type\":\"BreadcrumbList\",\"@id\":\"https:\/\/com.rst-steel.eu\/product\/lazer-st4-evolution-_pr_18681\/#breadcrumb\",\"itemListElement\":[{\"@type\":\"ListItem\",\"position\":1,\"name\":\"Home\",\"item\":\"https:\/\/com.rst-steel.eu\/\"},{\"@type\":\"ListItem\",\"position\":2,\"name\":\"RST-Steel Shop\",\"item\":\"https:\/\/com.rst-steel.eu\/shop\/\"},{\"@type\":\"ListItem\",\"position\":3,\"name\":\"Lazer ST4 EVOLUTION\"}]},{\"@type\":\"WebSite\",\"@id\":\"https:\/\/com.rst-steel.eu\/#website\",\"url\":\"https:\/\/com.rst-steel.eu\/\",\"name\":\"RST-Steel.com\",\"description\":\"Finnish quality steel, for quality-conscious drivers\",\"publisher\":{\"@id\":\"https:\/\/com.rst-steel.eu\/#organization\"},\"alternateName\":\"Safe and stylish RST-Steel quality\",\"potentialAction\":[{\"@type\":\"SearchAction\",\"target\":{\"@type\":\"EntryPoint\",\"urlTemplate\":\"https:\/\/com.rst-steel.eu\/?s={search_term_string}\"},\"query-input\":{\"@type\":\"PropertyValueSpecification\",\"valueRequired\":true,\"valueName\":\"search_term_string\"}}],\"inLanguage\":\"nb-NO\"},{\"@type\":\"Organization\",\"@id\":\"https:\/\/com.rst-steel.eu\/#organization\",\"name\":\"RST-Steel Oy\",\"url\":\"https:\/\/com.rst-steel.eu\/\",\"logo\":{\"@type\":\"ImageObject\",\"inLanguage\":\"nb-NO\",\"@id\":\"https:\/\/com.rst-steel.eu\/#\/schema\/logo\/image\/\",\"url\":\"https:\/\/com.rst-steel.eu\/wp-content\/uploads\/2023\/04\/cropped-Rst-logo-valkoinen-teksti-3.png\",\"contentUrl\":\"https:\/\/com.rst-steel.eu\/wp-content\/uploads\/2023\/04\/cropped-Rst-logo-valkoinen-teksti-3.png\",\"width\":512,\"height\":115,\"caption\":\"RST-Steel Oy\"},\"image\":{\"@id\":\"https:\/\/com.rst-steel.eu\/#\/schema\/logo\/image\/\"},\"sameAs\":[\"https:\/\/www.facebook.com\/rststeel\",\"https:\/\/www.instagram.com\/rststeeloy\/\"]}]}<\/script>\n<!-- \/ Yoast SEO plugin. -->","yoast_head_json":{"title":"Lazer ST4 EVOLUTION - RST-Steel","description":"The Lazer ST4 Evolution provides powerful LED lighting in a compact, rugged design, enhancing visibility and performance in any condition.","robots":{"index":"index","follow":"follow","max-snippet":"max-snippet:-1","max-image-preview":"max-image-preview:large","max-video-preview":"max-video-preview:-1"},"canonical":"https:\/\/com.rst-steel.eu\/nb\/produkt\/lazer-st4-evolution-_pr_18681\/","og_locale":"nb_NO","og_type":"article","og_title":"Lazer ST4 EVOLUTION - RST-Steel","og_description":"The Lazer ST4 Evolution provides powerful LED lighting in a compact, rugged design, enhancing visibility and performance in any condition.","og_url":"https:\/\/com.rst-steel.eu\/nb\/produkt\/lazer-st4-evolution-_pr_18681\/","og_site_name":"RST-Steel","article_publisher":"https:\/\/www.facebook.com\/rststeel","article_modified_time":"2026-03-16T06:21:20+00:00","og_image":[{"width":600,"height":600,"url":"https:\/\/com.rst-steel.eu\/wp-content\/uploads\/2024\/06\/a184568967239ebb0ee996d1dd9f0ef319cdb998_lazer_st4_evolution_1_normal.jpg","type":"image\/jpeg"}],"twitter_card":"summary_large_image","twitter_misc":{"Ansl. lesetid":"3 minutter"},"schema":{"@context":"https:\/\/schema.org","@graph":[{"@type":"WebPage","@id":"https:\/\/com.rst-steel.eu\/product\/lazer-st4-evolution-_pr_18681\/","url":"https:\/\/com.rst-steel.eu\/product\/lazer-st4-evolution-_pr_18681\/","name":"Lazer ST4 EVOLUTION - RST-Steel","isPartOf":{"@id":"https:\/\/com.rst-steel.eu\/#website"},"primaryImageOfPage":{"@id":"https:\/\/com.rst-steel.eu\/product\/lazer-st4-evolution-_pr_18681\/#primaryimage"},"image":{"@id":"https:\/\/com.rst-steel.eu\/product\/lazer-st4-evolution-_pr_18681\/#primaryimage"},"thumbnailUrl":"https:\/\/com.rst-steel.eu\/wp-content\/uploads\/2024\/06\/a184568967239ebb0ee996d1dd9f0ef319cdb998_lazer_st4_evolution_1_normal.jpg","datePublished":"2023-02-14T06:05:59+00:00","dateModified":"2026-03-16T06:21:20+00:00","description":"The Lazer ST4 Evolution provides powerful LED lighting in a compact, rugged design, enhancing visibility and performance in any condition.","breadcrumb":{"@id":"https:\/\/com.rst-steel.eu\/product\/lazer-st4-evolution-_pr_18681\/#breadcrumb"},"inLanguage":"nb-NO","potentialAction":[{"@type":"ReadAction","target":["https:\/\/com.rst-steel.eu\/product\/lazer-st4-evolution-_pr_18681\/"]}]},{"@type":"ImageObject","inLanguage":"nb-NO","@id":"https:\/\/com.rst-steel.eu\/product\/lazer-st4-evolution-_pr_18681\/#primaryimage","url":"https:\/\/com.rst-steel.eu\/wp-content\/uploads\/2024\/06\/a184568967239ebb0ee996d1dd9f0ef319cdb998_lazer_st4_evolution_1_normal.jpg","contentUrl":"https:\/\/com.rst-steel.eu\/wp-content\/uploads\/2024\/06\/a184568967239ebb0ee996d1dd9f0ef319cdb998_lazer_st4_evolution_1_normal.jpg","width":600,"height":600,"caption":"Lazer ST4 EVOLUTION"},{"@type":"BreadcrumbList","@id":"https:\/\/com.rst-steel.eu\/product\/lazer-st4-evolution-_pr_18681\/#breadcrumb","itemListElement":[{"@type":"ListItem","position":1,"name":"Home","item":"https:\/\/com.rst-steel.eu\/"},{"@type":"ListItem","position":2,"name":"RST-Steel Shop","item":"https:\/\/com.rst-steel.eu\/shop\/"},{"@type":"ListItem","position":3,"name":"Lazer ST4 EVOLUTION"}]},{"@type":"WebSite","@id":"https:\/\/com.rst-steel.eu\/#website","url":"https:\/\/com.rst-steel.eu\/","name":"RST-Steel.com","description":"Finsk kvalitetsst\u00e5l, for kvalitetsbevisste sj\u00e5f\u00f8rer","publisher":{"@id":"https:\/\/com.rst-steel.eu\/#organization"},"alternateName":"Safe and stylish RST-Steel quality","potentialAction":[{"@type":"SearchAction","target":{"@type":"EntryPoint","urlTemplate":"https:\/\/com.rst-steel.eu\/?s={search_term_string}"},"query-input":{"@type":"PropertyValueSpecification","valueRequired":true,"valueName":"search_term_string"}}],"inLanguage":"nb-NO"},{"@type":"Organization","@id":"https:\/\/com.rst-steel.eu\/#organization","name":"RST-Steel Oy","url":"https:\/\/com.rst-steel.eu\/","logo":{"@type":"ImageObject","inLanguage":"nb-NO","@id":"https:\/\/com.rst-steel.eu\/#\/schema\/logo\/image\/","url":"https:\/\/com.rst-steel.eu\/wp-content\/uploads\/2023\/04\/cropped-Rst-logo-valkoinen-teksti-3.png","contentUrl":"https:\/\/com.rst-steel.eu\/wp-content\/uploads\/2023\/04\/cropped-Rst-logo-valkoinen-teksti-3.png","width":512,"height":115,"caption":"RST-Steel Oy"},"image":{"@id":"https:\/\/com.rst-steel.eu\/#\/schema\/logo\/image\/"},"sameAs":["https:\/\/www.facebook.com\/rststeel","https:\/\/www.instagram.com\/rststeeloy\/"]}]}},"brands":[{"id":8332,"name":"Lazer Lamps","slug":"brand_lazerlamps"}],"_links":{"self":[{"href":"https:\/\/com.rst-steel.eu\/nb\/wp-json\/wp\/v2\/product\/36724","targetHints":{"allow":["GET"]}}],"collection":[{"href":"https:\/\/com.rst-steel.eu\/nb\/wp-json\/wp\/v2\/product"}],"about":[{"href":"https:\/\/com.rst-steel.eu\/nb\/wp-json\/wp\/v2\/types\/product"}],"replies":[{"embeddable":true,"href":"https:\/\/com.rst-steel.eu\/nb\/wp-json\/wp\/v2\/comments?post=36724"}],"version-history":[{"count":0,"href":"https:\/\/com.rst-steel.eu\/nb\/wp-json\/wp\/v2\/product\/36724\/revisions"}],"wp:featuredmedia":[{"embeddable":true,"href":"https:\/\/com.rst-steel.eu\/nb\/wp-json\/wp\/v2\/media\/43687"}],"wp:attachment":[{"href":"https:\/\/com.rst-steel.eu\/nb\/wp-json\/wp\/v2\/media?parent=36724"}],"wp:term":[{"taxonomy":"make_fuel_type","embeddable":true,"href":"https:\/\/com.rst-steel.eu\/nb\/wp-json\/wp\/v2\/make_fuel_type?post=36724"},{"taxonomy":"make_model","embeddable":true,"href":"https:\/\/com.rst-steel.eu\/nb\/wp-json\/wp\/v2\/make_model?post=36724"},{"taxonomy":"make_brand","embeddable":true,"href":"https:\/\/com.rst-steel.eu\/nb\/wp-json\/wp\/v2\/make_brand?post=36724"},{"taxonomy":"make_year","embeddable":true,"href":"https:\/\/com.rst-steel.eu\/nb\/wp-json\/wp\/v2\/make_year?post=36724"},{"taxonomy":"pwb-brand","embeddable":true,"href":"https:\/\/com.rst-steel.eu\/nb\/wp-json\/wp\/v2\/pwb-brand?post=36724"},{"taxonomy":"product_brand","embeddable":true,"href":"https:\/\/com.rst-steel.eu\/nb\/wp-json\/wp\/v2\/product_brand?post=36724"},{"taxonomy":"product_cat","embeddable":true,"href":"https:\/\/com.rst-steel.eu\/nb\/wp-json\/wp\/v2\/product_cat?post=36724"},{"taxonomy":"product_tag","embeddable":true,"href":"https:\/\/com.rst-steel.eu\/nb\/wp-json\/wp\/v2\/product_tag?post=36724"}],"curies":[{"name":"wp","href":"https:\/\/api.w.org\/{rel}","templated":true}]}}