{"id":36700,"date":"2023-02-14T09:04:31","date_gmt":"2023-02-14T06:04:31","guid":{"rendered":"https:\/\/rst-steel.fi-c.seravo.com\/product\/lazer-sentinel-7-lens-cover_prm_68631\/"},"modified":"2026-03-16T09:13:39","modified_gmt":"2026-03-16T06:13:39","slug":"lazer-sentinel-7-lens-covers_prm_68631","status":"publish","type":"product","link":"https:\/\/com.rst-steel.eu\/nb\/produkt\/lazer-sentinel-7-lens-covers_prm_68631\/","title":{"rendered":"Lazer Sentinel 7\u201d Lens Covers"},"content":{"rendered":"<p>En serie linsedeksler til Sentinel-lampene. Dekslene er laget av polykarbonat og festes sikkert p\u00e5 lampene, noe som gir et ekstra lag med beskyttelse eller styling til lampene, eller i tilfellet med det gule linsedekselet, muligheten til \u00e5 konvertere fargetemperaturen til selektivt gult lys.<\/p>\n<p><\/p>\n<p>Produktegenskaper:<\/p>\n<p><\/p>\n<p>Designet for bruk med Sentinel LED-spotlights<\/p>\n<p>Lazer-logo trykt p\u00e5 forsiden (svart modell)<\/p>\n<p>Laget av polykarbonat<\/p>\n<p>Festes ved hjelp av en 3-punkts klipsemekanisme<\/p>\n<p><\/p>\n<p><\/p>\n<p><\/p>\n<p><\/p>","protected":false},"excerpt":{"rendered":"<p>Flere modellalternativer tilgjengelig!<\/p>","protected":false},"featured_media":36697,"comment_status":"open","ping_status":"closed","template":"","meta":{"_improvement_type_select":"improve_an_existing","_thumb_yes_seoaic":false,"_frame_yes_seoaic":false,"seoaic_generate_description":"","seoaic_improve_instructions_prompt":"","seoaic_rollback_content_improvement":"","seoaic_idea_thumbnail_generator":"","thumbnail_generated":false,"thumbnail_generate_prompt":"","seoaic_article_description":""},"make_fuel_type":[],"make_model":[],"make_brand":[],"make_year":[3748,6373,6465],"pwb-brand":[8332],"product_brand":[],"product_cat":[6195,6242,6243],"product_tag":[6298],"class_list":{"0":"post-36700","1":"product","2":"type-product","3":"status-publish","4":"has-post-thumbnail","6":"make_year-trucks","7":"make_year-van","8":"make_year-workmachines","9":"pwb-brand-brand_lazerlamps","10":"product_cat-lamps","11":"product_cat-mounting-accessories","12":"product_cat-lazer-lamps-accessories","13":"product_tag-lazer-lamps","15":"first","16":"instock","17":"taxable","18":"shipping-taxable","19":"purchasable","20":"product-type-variable"},"yoast_head":"<!-- This site is optimized with the Yoast SEO plugin v25.7 - https:\/\/yoast.com\/wordpress\/plugins\/seo\/ -->\n<title>Lazer Sentinel 7&#039;&#039; Lens Covers - RST-Steel<\/title>\n<meta name=\"description\" content=\"Shield your Lazer Sentinel 7 lights with these durable lens covers. They protect against debris and impact while preserving light clarity and performance.\" \/>\n<meta name=\"robots\" content=\"index, follow, max-snippet:-1, max-image-preview:large, max-video-preview:-1\" \/>\n<link rel=\"canonical\" href=\"https:\/\/com.rst-steel.eu\/nb\/produkt\/lazer-sentinel-7-lens-covers_prm_68631\/\" \/>\n<meta property=\"og:locale\" content=\"nb_NO\" \/>\n<meta property=\"og:type\" content=\"article\" \/>\n<meta property=\"og:title\" content=\"Lazer Sentinel 7&#039;&#039; Lens Covers - RST-Steel\" \/>\n<meta property=\"og:description\" content=\"Shield your Lazer Sentinel 7 lights with these durable lens covers. They protect against debris and impact while preserving light clarity and performance.\" \/>\n<meta property=\"og:url\" content=\"https:\/\/com.rst-steel.eu\/nb\/produkt\/lazer-sentinel-7-lens-covers_prm_68631\/\" \/>\n<meta property=\"og:site_name\" content=\"RST-Steel\" \/>\n<meta property=\"article:publisher\" content=\"https:\/\/www.facebook.com\/rststeel\" \/>\n<meta property=\"article:modified_time\" content=\"2026-03-16T06:13:39+00:00\" \/>\n<meta property=\"og:image\" content=\"https:\/\/com.rst-steel.eu\/wp-content\/uploads\/2023\/02\/8e22651c2d376dc636c085a596f90192a2b1d6c6_LazerSentinellinssisuojakeltainen_LZ570604_aa08fb9d4dc0f1aa1f3c66a804eacdfb_1.jpg\" \/>\n\t<meta property=\"og:image:width\" content=\"502\" \/>\n\t<meta property=\"og:image:height\" content=\"565\" \/>\n\t<meta property=\"og:image:type\" content=\"image\/jpeg\" \/>\n<meta name=\"twitter:card\" content=\"summary_large_image\" \/>\n<meta name=\"twitter:label1\" content=\"Ansl. lesetid\" \/>\n\t<meta name=\"twitter:data1\" content=\"1 minutt\" \/>\n<script type=\"application\/ld+json\" class=\"yoast-schema-graph\">{\"@context\":\"https:\/\/schema.org\",\"@graph\":[{\"@type\":\"WebPage\",\"@id\":\"https:\/\/com.rst-steel.eu\/product\/lazer-sentinel-7-lens-covers_prm_68631\/\",\"url\":\"https:\/\/com.rst-steel.eu\/product\/lazer-sentinel-7-lens-covers_prm_68631\/\",\"name\":\"Lazer Sentinel 7'' Lens Covers - RST-Steel\",\"isPartOf\":{\"@id\":\"https:\/\/com.rst-steel.eu\/#website\"},\"primaryImageOfPage\":{\"@id\":\"https:\/\/com.rst-steel.eu\/product\/lazer-sentinel-7-lens-covers_prm_68631\/#primaryimage\"},\"image\":{\"@id\":\"https:\/\/com.rst-steel.eu\/product\/lazer-sentinel-7-lens-covers_prm_68631\/#primaryimage\"},\"thumbnailUrl\":\"https:\/\/com.rst-steel.eu\/wp-content\/uploads\/2023\/02\/8e22651c2d376dc636c085a596f90192a2b1d6c6_LazerSentinellinssisuojakeltainen_LZ570604_aa08fb9d4dc0f1aa1f3c66a804eacdfb_1.jpg\",\"datePublished\":\"2023-02-14T06:04:31+00:00\",\"dateModified\":\"2026-03-16T06:13:39+00:00\",\"description\":\"Shield your Lazer Sentinel 7 lights with these durable lens covers. They protect against debris and impact while preserving light clarity and performance.\",\"breadcrumb\":{\"@id\":\"https:\/\/com.rst-steel.eu\/product\/lazer-sentinel-7-lens-covers_prm_68631\/#breadcrumb\"},\"inLanguage\":\"nb-NO\",\"potentialAction\":[{\"@type\":\"ReadAction\",\"target\":[\"https:\/\/com.rst-steel.eu\/product\/lazer-sentinel-7-lens-covers_prm_68631\/\"]}]},{\"@type\":\"ImageObject\",\"inLanguage\":\"nb-NO\",\"@id\":\"https:\/\/com.rst-steel.eu\/product\/lazer-sentinel-7-lens-covers_prm_68631\/#primaryimage\",\"url\":\"https:\/\/com.rst-steel.eu\/wp-content\/uploads\/2023\/02\/8e22651c2d376dc636c085a596f90192a2b1d6c6_LazerSentinellinssisuojakeltainen_LZ570604_aa08fb9d4dc0f1aa1f3c66a804eacdfb_1.jpg\",\"contentUrl\":\"https:\/\/com.rst-steel.eu\/wp-content\/uploads\/2023\/02\/8e22651c2d376dc636c085a596f90192a2b1d6c6_LazerSentinellinssisuojakeltainen_LZ570604_aa08fb9d4dc0f1aa1f3c66a804eacdfb_1.jpg\",\"width\":502,\"height\":565,\"caption\":\"Lazer Sentinel 7'' Lens Covers\"},{\"@type\":\"BreadcrumbList\",\"@id\":\"https:\/\/com.rst-steel.eu\/product\/lazer-sentinel-7-lens-covers_prm_68631\/#breadcrumb\",\"itemListElement\":[{\"@type\":\"ListItem\",\"position\":1,\"name\":\"Home\",\"item\":\"https:\/\/com.rst-steel.eu\/\"},{\"@type\":\"ListItem\",\"position\":2,\"name\":\"RST-Steel Shop\",\"item\":\"https:\/\/com.rst-steel.eu\/shop\/\"},{\"@type\":\"ListItem\",\"position\":3,\"name\":\"Lazer Sentinel 7&#8221; Lens Covers\"}]},{\"@type\":\"WebSite\",\"@id\":\"https:\/\/com.rst-steel.eu\/#website\",\"url\":\"https:\/\/com.rst-steel.eu\/\",\"name\":\"RST-Steel.com\",\"description\":\"Finnish quality steel, for quality-conscious drivers\",\"publisher\":{\"@id\":\"https:\/\/com.rst-steel.eu\/#organization\"},\"alternateName\":\"Safe and stylish RST-Steel quality\",\"potentialAction\":[{\"@type\":\"SearchAction\",\"target\":{\"@type\":\"EntryPoint\",\"urlTemplate\":\"https:\/\/com.rst-steel.eu\/?s={search_term_string}\"},\"query-input\":{\"@type\":\"PropertyValueSpecification\",\"valueRequired\":true,\"valueName\":\"search_term_string\"}}],\"inLanguage\":\"nb-NO\"},{\"@type\":\"Organization\",\"@id\":\"https:\/\/com.rst-steel.eu\/#organization\",\"name\":\"RST-Steel Oy\",\"url\":\"https:\/\/com.rst-steel.eu\/\",\"logo\":{\"@type\":\"ImageObject\",\"inLanguage\":\"nb-NO\",\"@id\":\"https:\/\/com.rst-steel.eu\/#\/schema\/logo\/image\/\",\"url\":\"https:\/\/com.rst-steel.eu\/wp-content\/uploads\/2023\/04\/cropped-Rst-logo-valkoinen-teksti-3.png\",\"contentUrl\":\"https:\/\/com.rst-steel.eu\/wp-content\/uploads\/2023\/04\/cropped-Rst-logo-valkoinen-teksti-3.png\",\"width\":512,\"height\":115,\"caption\":\"RST-Steel Oy\"},\"image\":{\"@id\":\"https:\/\/com.rst-steel.eu\/#\/schema\/logo\/image\/\"},\"sameAs\":[\"https:\/\/www.facebook.com\/rststeel\",\"https:\/\/www.instagram.com\/rststeeloy\/\"]}]}<\/script>\n<!-- \/ Yoast SEO plugin. -->","yoast_head_json":{"title":"Lazer Sentinel 7'' Lens Covers - RST-Steel","description":"Shield your Lazer Sentinel 7 lights with these durable lens covers. They protect against debris and impact while preserving light clarity and performance.","robots":{"index":"index","follow":"follow","max-snippet":"max-snippet:-1","max-image-preview":"max-image-preview:large","max-video-preview":"max-video-preview:-1"},"canonical":"https:\/\/com.rst-steel.eu\/nb\/produkt\/lazer-sentinel-7-lens-covers_prm_68631\/","og_locale":"nb_NO","og_type":"article","og_title":"Lazer Sentinel 7'' Lens Covers - RST-Steel","og_description":"Shield your Lazer Sentinel 7 lights with these durable lens covers. They protect against debris and impact while preserving light clarity and performance.","og_url":"https:\/\/com.rst-steel.eu\/nb\/produkt\/lazer-sentinel-7-lens-covers_prm_68631\/","og_site_name":"RST-Steel","article_publisher":"https:\/\/www.facebook.com\/rststeel","article_modified_time":"2026-03-16T06:13:39+00:00","og_image":[{"width":502,"height":565,"url":"https:\/\/com.rst-steel.eu\/wp-content\/uploads\/2023\/02\/8e22651c2d376dc636c085a596f90192a2b1d6c6_LazerSentinellinssisuojakeltainen_LZ570604_aa08fb9d4dc0f1aa1f3c66a804eacdfb_1.jpg","type":"image\/jpeg"}],"twitter_card":"summary_large_image","twitter_misc":{"Ansl. lesetid":"1 minutt"},"schema":{"@context":"https:\/\/schema.org","@graph":[{"@type":"WebPage","@id":"https:\/\/com.rst-steel.eu\/product\/lazer-sentinel-7-lens-covers_prm_68631\/","url":"https:\/\/com.rst-steel.eu\/product\/lazer-sentinel-7-lens-covers_prm_68631\/","name":"Lazer Sentinel 7'' Lens Covers - RST-Steel","isPartOf":{"@id":"https:\/\/com.rst-steel.eu\/#website"},"primaryImageOfPage":{"@id":"https:\/\/com.rst-steel.eu\/product\/lazer-sentinel-7-lens-covers_prm_68631\/#primaryimage"},"image":{"@id":"https:\/\/com.rst-steel.eu\/product\/lazer-sentinel-7-lens-covers_prm_68631\/#primaryimage"},"thumbnailUrl":"https:\/\/com.rst-steel.eu\/wp-content\/uploads\/2023\/02\/8e22651c2d376dc636c085a596f90192a2b1d6c6_LazerSentinellinssisuojakeltainen_LZ570604_aa08fb9d4dc0f1aa1f3c66a804eacdfb_1.jpg","datePublished":"2023-02-14T06:04:31+00:00","dateModified":"2026-03-16T06:13:39+00:00","description":"Shield your Lazer Sentinel 7 lights with these durable lens covers. They protect against debris and impact while preserving light clarity and performance.","breadcrumb":{"@id":"https:\/\/com.rst-steel.eu\/product\/lazer-sentinel-7-lens-covers_prm_68631\/#breadcrumb"},"inLanguage":"nb-NO","potentialAction":[{"@type":"ReadAction","target":["https:\/\/com.rst-steel.eu\/product\/lazer-sentinel-7-lens-covers_prm_68631\/"]}]},{"@type":"ImageObject","inLanguage":"nb-NO","@id":"https:\/\/com.rst-steel.eu\/product\/lazer-sentinel-7-lens-covers_prm_68631\/#primaryimage","url":"https:\/\/com.rst-steel.eu\/wp-content\/uploads\/2023\/02\/8e22651c2d376dc636c085a596f90192a2b1d6c6_LazerSentinellinssisuojakeltainen_LZ570604_aa08fb9d4dc0f1aa1f3c66a804eacdfb_1.jpg","contentUrl":"https:\/\/com.rst-steel.eu\/wp-content\/uploads\/2023\/02\/8e22651c2d376dc636c085a596f90192a2b1d6c6_LazerSentinellinssisuojakeltainen_LZ570604_aa08fb9d4dc0f1aa1f3c66a804eacdfb_1.jpg","width":502,"height":565,"caption":"Lazer Sentinel 7'' Lens Covers"},{"@type":"BreadcrumbList","@id":"https:\/\/com.rst-steel.eu\/product\/lazer-sentinel-7-lens-covers_prm_68631\/#breadcrumb","itemListElement":[{"@type":"ListItem","position":1,"name":"Home","item":"https:\/\/com.rst-steel.eu\/"},{"@type":"ListItem","position":2,"name":"RST-Steel Shop","item":"https:\/\/com.rst-steel.eu\/shop\/"},{"@type":"ListItem","position":3,"name":"Lazer Sentinel 7&#8221; Lens Covers"}]},{"@type":"WebSite","@id":"https:\/\/com.rst-steel.eu\/#website","url":"https:\/\/com.rst-steel.eu\/","name":"RST-Steel.com","description":"Finsk kvalitetsst\u00e5l, for kvalitetsbevisste sj\u00e5f\u00f8rer","publisher":{"@id":"https:\/\/com.rst-steel.eu\/#organization"},"alternateName":"Safe and stylish RST-Steel quality","potentialAction":[{"@type":"SearchAction","target":{"@type":"EntryPoint","urlTemplate":"https:\/\/com.rst-steel.eu\/?s={search_term_string}"},"query-input":{"@type":"PropertyValueSpecification","valueRequired":true,"valueName":"search_term_string"}}],"inLanguage":"nb-NO"},{"@type":"Organization","@id":"https:\/\/com.rst-steel.eu\/#organization","name":"RST-Steel Oy","url":"https:\/\/com.rst-steel.eu\/","logo":{"@type":"ImageObject","inLanguage":"nb-NO","@id":"https:\/\/com.rst-steel.eu\/#\/schema\/logo\/image\/","url":"https:\/\/com.rst-steel.eu\/wp-content\/uploads\/2023\/04\/cropped-Rst-logo-valkoinen-teksti-3.png","contentUrl":"https:\/\/com.rst-steel.eu\/wp-content\/uploads\/2023\/04\/cropped-Rst-logo-valkoinen-teksti-3.png","width":512,"height":115,"caption":"RST-Steel Oy"},"image":{"@id":"https:\/\/com.rst-steel.eu\/#\/schema\/logo\/image\/"},"sameAs":["https:\/\/www.facebook.com\/rststeel","https:\/\/www.instagram.com\/rststeeloy\/"]}]}},"brands":[{"id":8332,"name":"Lazer Lamps","slug":"brand_lazerlamps"}],"_links":{"self":[{"href":"https:\/\/com.rst-steel.eu\/nb\/wp-json\/wp\/v2\/product\/36700","targetHints":{"allow":["GET"]}}],"collection":[{"href":"https:\/\/com.rst-steel.eu\/nb\/wp-json\/wp\/v2\/product"}],"about":[{"href":"https:\/\/com.rst-steel.eu\/nb\/wp-json\/wp\/v2\/types\/product"}],"replies":[{"embeddable":true,"href":"https:\/\/com.rst-steel.eu\/nb\/wp-json\/wp\/v2\/comments?post=36700"}],"version-history":[{"count":0,"href":"https:\/\/com.rst-steel.eu\/nb\/wp-json\/wp\/v2\/product\/36700\/revisions"}],"wp:featuredmedia":[{"embeddable":true,"href":"https:\/\/com.rst-steel.eu\/nb\/wp-json\/wp\/v2\/media\/36697"}],"wp:attachment":[{"href":"https:\/\/com.rst-steel.eu\/nb\/wp-json\/wp\/v2\/media?parent=36700"}],"wp:term":[{"taxonomy":"make_fuel_type","embeddable":true,"href":"https:\/\/com.rst-steel.eu\/nb\/wp-json\/wp\/v2\/make_fuel_type?post=36700"},{"taxonomy":"make_model","embeddable":true,"href":"https:\/\/com.rst-steel.eu\/nb\/wp-json\/wp\/v2\/make_model?post=36700"},{"taxonomy":"make_brand","embeddable":true,"href":"https:\/\/com.rst-steel.eu\/nb\/wp-json\/wp\/v2\/make_brand?post=36700"},{"taxonomy":"make_year","embeddable":true,"href":"https:\/\/com.rst-steel.eu\/nb\/wp-json\/wp\/v2\/make_year?post=36700"},{"taxonomy":"pwb-brand","embeddable":true,"href":"https:\/\/com.rst-steel.eu\/nb\/wp-json\/wp\/v2\/pwb-brand?post=36700"},{"taxonomy":"product_brand","embeddable":true,"href":"https:\/\/com.rst-steel.eu\/nb\/wp-json\/wp\/v2\/product_brand?post=36700"},{"taxonomy":"product_cat","embeddable":true,"href":"https:\/\/com.rst-steel.eu\/nb\/wp-json\/wp\/v2\/product_cat?post=36700"},{"taxonomy":"product_tag","embeddable":true,"href":"https:\/\/com.rst-steel.eu\/nb\/wp-json\/wp\/v2\/product_tag?post=36700"}],"curies":[{"name":"wp","href":"https:\/\/api.w.org\/{rel}","templated":true}]}}