{"id":36696,"date":"2023-02-14T09:04:14","date_gmt":"2023-02-14T06:04:14","guid":{"rendered":"https:\/\/rst-steel.fi-c.seravo.com\/product\/lazer-t24-evolution-_pr_18664\/"},"modified":"2026-03-16T09:13:27","modified_gmt":"2026-03-16T06:13:27","slug":"lazer-t24-evolution-_pr_18664","status":"publish","type":"product","link":"https:\/\/com.rst-steel.eu\/nb\/produkt\/lazer-t24-evolution-_pr_18664\/","title":{"rendered":"Lazer T24 EVOLUTION"},"content":{"rendered":"<div>The ST \/ T Evolution range of products feature highly efficient, premium \u2018bin\u2019 11W LEDs in combination with vacuum-metallised conical optics to deliver a powerful beam pattern with wide spread. This makes the products especially well-suited to rural and off-road applications. Incorporating the same electrical and product design across both ST and T lights, the former indicates lights that are UNECE certified to Regulation 112 as high beam driving lights, while the latter indicating the larger light bars not certified and intended for off-road use only operated via an independent switch.<\/div>\n<div><\/div>\n<div>Available in sizes ranging from the 124mm (5\u201d) ST2 to the 1164mm (46\u201d) T28, these are LED light bars benefitting from huge versatility, having been adopted across a wide range of different applications and vehicle types, since the products were first launched in 2010. Since then, the range has been re-engineered and re-designed incorporating the latest and best technology alongside a more contemporary, seamless, low profile design making them easier to install, more resistant to dirt, snow and ice accumulations and with styling guaranteed to complement and enhance the appearance of modern vehicles.<\/div>\n<div><\/div>\n<div>Superior lighting performance is delivered by the high power 11W LEDs, alongside advanced electronic design, combined with sophisticated thermal management systems and ultra-reflective vacuum-metallised reflectors to harness the maximum amount of light where you need it: on the road or trail ahead. Like all Lazer products, the LEDs are carefully selected at 5000k colour temperature to maximise sharpness and definition of your surroundings.<\/div>\n<div><\/div>\n<div><\/div>\n<div>Produktegenskaper<\/div>\n<div><\/div>\n<div>\n<div>H\u00f8y tetthet, premium 'bin' 11W LED-teknologi<\/div>\n<div>5000K LED fargetemperatur og 80CRI maksimerer skarphet og definisjon<\/div>\n<div>Ultrareflekterende, vakuummetallisert konisk optikk gir utmerket spredning<\/div>\n<div>Seamless, low profile design facilitates installation and avoids dirt\/ice accumulation.<\/div>\n<div>Includes versatile \u2018Centre Mount\u2019 mounting system plus side mounting brackets<\/div>\n<div>Elektronisk termisk styringssystem optimerer lyseffekten for \u00e5 bevare levetiden til lysdiodene<\/div>\n<div>Anodised pre-treatment and automotive grade powder top-coat for ultimate corrosion and chemical protection<\/div>\n<div>CAE-optimalisert kj\u00f8leribbe tilbyr forbedret termisk dynamikk<\/div>\n<div>Overspenningsbeskyttet<\/div>\n<div>Beskyttet mot omvendt polaritet<\/div>\n<div>\u2018Uknuselig\u2019 polykarbonatlinse med hardcoat lakk<\/div>\n<div>IP67 vanntett<\/div>\n<div>5 \u00e5rs garanti<\/div>\n<div>Supplied with pre-wired male\/female 2-pin deutsch connectors<\/div>\n<div>Designet og produsert i Storbritannia<\/div>\n<div><\/div>\n<div><\/div>\n<div>Technical Specifications<\/div>\n<div><\/div>\n<div>\n<div>Voltage Range (DC)<span>\t<\/span>10-32V<\/div>\n<div>LED Life<span>\t<\/span>50,000 hours<\/div>\n<div>Weight<span>\t<\/span>3084 gr<\/div>\n<div><\/div>\n<div><\/div>\n<div>Fjernlysfunksjon<span>\t<\/span>&nbsp;<\/div>\n<div><\/div>\n<div>Total Luminous Flux<span>\t<\/span>24816 Lm<\/div>\n<div>Driverens totale \"FOV\"-str\u00f8m <span>\t<\/span>14939 Lm<\/div>\n<div>Colour Temperature<span>\t<\/span>5000K<\/div>\n<div>Number of High Output LEDs<span>\t<\/span>24<\/div>\n<div>Power Consumption<span>\t<\/span>262 Watts<\/div>\n<div>Current Draw (at 14.4V)<span>\t<\/span>18,2 ampere<\/div>\n<div><\/div>\n<div><\/div>\n<div>CERTIFICATION<span>\t<\/span>&nbsp;<\/div>\n<div><\/div>\n<div>High Beam<span>\t<\/span>Ikke sertifisert<\/div>\n<div><\/div>\n<div><\/div>\n<div>DIMENSIONS<span>\t<\/span>&nbsp;<\/div>\n<div><\/div>\n<div>Width<span>\t<\/span>1004 mm<\/div>\n<div>Depth<span>\t<\/span>68 mm<\/div>\n<div>Height<span>\t<\/span>64 mm<\/div>\n<div><\/div>\n<div>FOTOMETRISKE DATA<span>\t<\/span>&nbsp;<\/div>\n<div><\/div>\n<div><\/div>\n<div>Horisontal str\u00e5levinkel<span>\t<\/span>40\u00b0<\/div>\n<div><\/div>\n<div>0.25 lx Line<span>\t<\/span>1361 meter<\/div>\n<div>0.5 lx Line<span>\t<\/span>962 meter<\/div>\n<div>1 lx Line<span>\t<\/span>680 meter<\/div>\n<div>3 lx Line<span>\t<\/span>393 meter<\/div>\n<\/div>\n<div><\/div>\n<div><\/div>\n<div>Whats Included:<\/div>\n<div><\/div>\n<div>\n<div>T24 Evolution LED-spotlight<\/div>\n<div>x3 Sentermontering&nbsp;<\/div>\n<div>x1 Sidemonteringssett&nbsp;<\/div>\n<div>One-Lamp Wiring Harness&nbsp;<\/div>\n<div>Installasjonsinstruksjoner<\/div>\n<\/div>\n<\/div>","protected":false},"excerpt":{"rendered":"<p>Kun for terrengbruk!<\/p>","protected":false},"featured_media":36691,"comment_status":"open","ping_status":"closed","template":"","meta":{"_improvement_type_select":"improve_an_existing","_thumb_yes_seoaic":false,"_frame_yes_seoaic":false,"seoaic_generate_description":"","seoaic_improve_instructions_prompt":"","seoaic_rollback_content_improvement":"","seoaic_idea_thumbnail_generator":"","thumbnail_generated":false,"thumbnail_generate_prompt":"","seoaic_article_description":""},"make_fuel_type":[],"make_model":[],"make_brand":[],"make_year":[],"pwb-brand":[8332],"product_brand":[],"product_cat":[6195,6209,6211,7208],"product_tag":[7551,6298,6365],"class_list":{"0":"post-36696","1":"product","2":"type-product","3":"status-publish","4":"has-post-thumbnail","6":"pwb-brand-brand_lazerlamps","7":"product_cat-lamps","8":"product_cat-auxiliary-lights","9":"product_cat-lazer-lamps-auxiliary-lights","10":"product_cat-rst-evo","11":"product_tag-extraljus","12":"product_tag-lazer-lamps","13":"product_tag-st-t-evolution","15":"first","16":"onbackorder","17":"taxable","18":"shipping-taxable","19":"purchasable","20":"product-type-simple"},"yoast_head":"<!-- This site is optimized with the Yoast SEO plugin v25.7 - https:\/\/yoast.com\/wordpress\/plugins\/seo\/ -->\n<title>Lazer T24 EVOLUTION - RST-Steel<\/title>\n<meta name=\"description\" content=\"Illuminate the road with the Lazer T24 Evolution. This advanced light bar offers exceptional brightness and durability for superior visibility and performance.\" \/>\n<meta name=\"robots\" content=\"index, follow, max-snippet:-1, max-image-preview:large, max-video-preview:-1\" \/>\n<link rel=\"canonical\" href=\"https:\/\/com.rst-steel.eu\/nb\/produkt\/lazer-t24-evolution-_pr_18664\/\" \/>\n<meta property=\"og:locale\" content=\"nb_NO\" \/>\n<meta property=\"og:type\" content=\"article\" \/>\n<meta property=\"og:title\" content=\"Lazer T24 EVOLUTION - RST-Steel\" \/>\n<meta property=\"og:description\" content=\"Illuminate the road with the Lazer T24 Evolution. This advanced light bar offers exceptional brightness and durability for superior visibility and performance.\" \/>\n<meta property=\"og:url\" content=\"https:\/\/com.rst-steel.eu\/nb\/produkt\/lazer-t24-evolution-_pr_18664\/\" \/>\n<meta property=\"og:site_name\" content=\"RST-Steel\" \/>\n<meta property=\"article:publisher\" content=\"https:\/\/www.facebook.com\/rststeel\" \/>\n<meta property=\"article:modified_time\" content=\"2026-03-16T06:13:27+00:00\" \/>\n<meta property=\"og:image\" content=\"https:\/\/com.rst-steel.eu\/wp-content\/uploads\/2023\/02\/92e5b2c2587704767a2fb6c2c696fd36edbad27c_T24_Straight_Side_brackets_1000x750.jpg\" \/>\n\t<meta property=\"og:image:width\" content=\"1000\" \/>\n\t<meta property=\"og:image:height\" content=\"750\" \/>\n\t<meta property=\"og:image:type\" content=\"image\/jpeg\" \/>\n<meta name=\"twitter:card\" content=\"summary_large_image\" \/>\n<meta name=\"twitter:label1\" content=\"Ansl. lesetid\" \/>\n\t<meta name=\"twitter:data1\" content=\"3 minutter\" \/>\n<script type=\"application\/ld+json\" class=\"yoast-schema-graph\">{\"@context\":\"https:\/\/schema.org\",\"@graph\":[{\"@type\":\"WebPage\",\"@id\":\"https:\/\/com.rst-steel.eu\/product\/lazer-t24-evolution-_pr_18664\/\",\"url\":\"https:\/\/com.rst-steel.eu\/product\/lazer-t24-evolution-_pr_18664\/\",\"name\":\"Lazer T24 EVOLUTION - RST-Steel\",\"isPartOf\":{\"@id\":\"https:\/\/com.rst-steel.eu\/#website\"},\"primaryImageOfPage\":{\"@id\":\"https:\/\/com.rst-steel.eu\/product\/lazer-t24-evolution-_pr_18664\/#primaryimage\"},\"image\":{\"@id\":\"https:\/\/com.rst-steel.eu\/product\/lazer-t24-evolution-_pr_18664\/#primaryimage\"},\"thumbnailUrl\":\"https:\/\/com.rst-steel.eu\/wp-content\/uploads\/2023\/02\/92e5b2c2587704767a2fb6c2c696fd36edbad27c_T24_Straight_Side_brackets_1000x750.jpg\",\"datePublished\":\"2023-02-14T06:04:14+00:00\",\"dateModified\":\"2026-03-16T06:13:27+00:00\",\"description\":\"Illuminate the road with the Lazer T24 Evolution. This advanced light bar offers exceptional brightness and durability for superior visibility and performance.\",\"breadcrumb\":{\"@id\":\"https:\/\/com.rst-steel.eu\/product\/lazer-t24-evolution-_pr_18664\/#breadcrumb\"},\"inLanguage\":\"nb-NO\",\"potentialAction\":[{\"@type\":\"ReadAction\",\"target\":[\"https:\/\/com.rst-steel.eu\/product\/lazer-t24-evolution-_pr_18664\/\"]}]},{\"@type\":\"ImageObject\",\"inLanguage\":\"nb-NO\",\"@id\":\"https:\/\/com.rst-steel.eu\/product\/lazer-t24-evolution-_pr_18664\/#primaryimage\",\"url\":\"https:\/\/com.rst-steel.eu\/wp-content\/uploads\/2023\/02\/92e5b2c2587704767a2fb6c2c696fd36edbad27c_T24_Straight_Side_brackets_1000x750.jpg\",\"contentUrl\":\"https:\/\/com.rst-steel.eu\/wp-content\/uploads\/2023\/02\/92e5b2c2587704767a2fb6c2c696fd36edbad27c_T24_Straight_Side_brackets_1000x750.jpg\",\"width\":1000,\"height\":750,\"caption\":\"Lazer T24 EVOLUTION\"},{\"@type\":\"BreadcrumbList\",\"@id\":\"https:\/\/com.rst-steel.eu\/product\/lazer-t24-evolution-_pr_18664\/#breadcrumb\",\"itemListElement\":[{\"@type\":\"ListItem\",\"position\":1,\"name\":\"Home\",\"item\":\"https:\/\/com.rst-steel.eu\/\"},{\"@type\":\"ListItem\",\"position\":2,\"name\":\"RST-Steel Shop\",\"item\":\"https:\/\/com.rst-steel.eu\/shop\/\"},{\"@type\":\"ListItem\",\"position\":3,\"name\":\"Lazer T24 EVOLUTION\"}]},{\"@type\":\"WebSite\",\"@id\":\"https:\/\/com.rst-steel.eu\/#website\",\"url\":\"https:\/\/com.rst-steel.eu\/\",\"name\":\"RST-Steel.com\",\"description\":\"Finnish quality steel, for quality-conscious drivers\",\"publisher\":{\"@id\":\"https:\/\/com.rst-steel.eu\/#organization\"},\"alternateName\":\"Safe and stylish RST-Steel quality\",\"potentialAction\":[{\"@type\":\"SearchAction\",\"target\":{\"@type\":\"EntryPoint\",\"urlTemplate\":\"https:\/\/com.rst-steel.eu\/?s={search_term_string}\"},\"query-input\":{\"@type\":\"PropertyValueSpecification\",\"valueRequired\":true,\"valueName\":\"search_term_string\"}}],\"inLanguage\":\"nb-NO\"},{\"@type\":\"Organization\",\"@id\":\"https:\/\/com.rst-steel.eu\/#organization\",\"name\":\"RST-Steel Oy\",\"url\":\"https:\/\/com.rst-steel.eu\/\",\"logo\":{\"@type\":\"ImageObject\",\"inLanguage\":\"nb-NO\",\"@id\":\"https:\/\/com.rst-steel.eu\/#\/schema\/logo\/image\/\",\"url\":\"https:\/\/com.rst-steel.eu\/wp-content\/uploads\/2023\/04\/cropped-Rst-logo-valkoinen-teksti-3.png\",\"contentUrl\":\"https:\/\/com.rst-steel.eu\/wp-content\/uploads\/2023\/04\/cropped-Rst-logo-valkoinen-teksti-3.png\",\"width\":512,\"height\":115,\"caption\":\"RST-Steel Oy\"},\"image\":{\"@id\":\"https:\/\/com.rst-steel.eu\/#\/schema\/logo\/image\/\"},\"sameAs\":[\"https:\/\/www.facebook.com\/rststeel\",\"https:\/\/www.instagram.com\/rststeeloy\/\"]}]}<\/script>\n<!-- \/ Yoast SEO plugin. -->","yoast_head_json":{"title":"Lazer T24 EVOLUTION - RST-Steel","description":"Illuminate the road with the Lazer T24 Evolution. This advanced light bar offers exceptional brightness and durability for superior visibility and performance.","robots":{"index":"index","follow":"follow","max-snippet":"max-snippet:-1","max-image-preview":"max-image-preview:large","max-video-preview":"max-video-preview:-1"},"canonical":"https:\/\/com.rst-steel.eu\/nb\/produkt\/lazer-t24-evolution-_pr_18664\/","og_locale":"nb_NO","og_type":"article","og_title":"Lazer T24 EVOLUTION - RST-Steel","og_description":"Illuminate the road with the Lazer T24 Evolution. This advanced light bar offers exceptional brightness and durability for superior visibility and performance.","og_url":"https:\/\/com.rst-steel.eu\/nb\/produkt\/lazer-t24-evolution-_pr_18664\/","og_site_name":"RST-Steel","article_publisher":"https:\/\/www.facebook.com\/rststeel","article_modified_time":"2026-03-16T06:13:27+00:00","og_image":[{"width":1000,"height":750,"url":"https:\/\/com.rst-steel.eu\/wp-content\/uploads\/2023\/02\/92e5b2c2587704767a2fb6c2c696fd36edbad27c_T24_Straight_Side_brackets_1000x750.jpg","type":"image\/jpeg"}],"twitter_card":"summary_large_image","twitter_misc":{"Ansl. lesetid":"3 minutter"},"schema":{"@context":"https:\/\/schema.org","@graph":[{"@type":"WebPage","@id":"https:\/\/com.rst-steel.eu\/product\/lazer-t24-evolution-_pr_18664\/","url":"https:\/\/com.rst-steel.eu\/product\/lazer-t24-evolution-_pr_18664\/","name":"Lazer T24 EVOLUTION - RST-Steel","isPartOf":{"@id":"https:\/\/com.rst-steel.eu\/#website"},"primaryImageOfPage":{"@id":"https:\/\/com.rst-steel.eu\/product\/lazer-t24-evolution-_pr_18664\/#primaryimage"},"image":{"@id":"https:\/\/com.rst-steel.eu\/product\/lazer-t24-evolution-_pr_18664\/#primaryimage"},"thumbnailUrl":"https:\/\/com.rst-steel.eu\/wp-content\/uploads\/2023\/02\/92e5b2c2587704767a2fb6c2c696fd36edbad27c_T24_Straight_Side_brackets_1000x750.jpg","datePublished":"2023-02-14T06:04:14+00:00","dateModified":"2026-03-16T06:13:27+00:00","description":"Illuminate the road with the Lazer T24 Evolution. This advanced light bar offers exceptional brightness and durability for superior visibility and performance.","breadcrumb":{"@id":"https:\/\/com.rst-steel.eu\/product\/lazer-t24-evolution-_pr_18664\/#breadcrumb"},"inLanguage":"nb-NO","potentialAction":[{"@type":"ReadAction","target":["https:\/\/com.rst-steel.eu\/product\/lazer-t24-evolution-_pr_18664\/"]}]},{"@type":"ImageObject","inLanguage":"nb-NO","@id":"https:\/\/com.rst-steel.eu\/product\/lazer-t24-evolution-_pr_18664\/#primaryimage","url":"https:\/\/com.rst-steel.eu\/wp-content\/uploads\/2023\/02\/92e5b2c2587704767a2fb6c2c696fd36edbad27c_T24_Straight_Side_brackets_1000x750.jpg","contentUrl":"https:\/\/com.rst-steel.eu\/wp-content\/uploads\/2023\/02\/92e5b2c2587704767a2fb6c2c696fd36edbad27c_T24_Straight_Side_brackets_1000x750.jpg","width":1000,"height":750,"caption":"Lazer T24 EVOLUTION"},{"@type":"BreadcrumbList","@id":"https:\/\/com.rst-steel.eu\/product\/lazer-t24-evolution-_pr_18664\/#breadcrumb","itemListElement":[{"@type":"ListItem","position":1,"name":"Home","item":"https:\/\/com.rst-steel.eu\/"},{"@type":"ListItem","position":2,"name":"RST-Steel Shop","item":"https:\/\/com.rst-steel.eu\/shop\/"},{"@type":"ListItem","position":3,"name":"Lazer T24 EVOLUTION"}]},{"@type":"WebSite","@id":"https:\/\/com.rst-steel.eu\/#website","url":"https:\/\/com.rst-steel.eu\/","name":"RST-Steel.com","description":"Finsk kvalitetsst\u00e5l, for kvalitetsbevisste sj\u00e5f\u00f8rer","publisher":{"@id":"https:\/\/com.rst-steel.eu\/#organization"},"alternateName":"Safe and stylish RST-Steel quality","potentialAction":[{"@type":"SearchAction","target":{"@type":"EntryPoint","urlTemplate":"https:\/\/com.rst-steel.eu\/?s={search_term_string}"},"query-input":{"@type":"PropertyValueSpecification","valueRequired":true,"valueName":"search_term_string"}}],"inLanguage":"nb-NO"},{"@type":"Organization","@id":"https:\/\/com.rst-steel.eu\/#organization","name":"RST-Steel Oy","url":"https:\/\/com.rst-steel.eu\/","logo":{"@type":"ImageObject","inLanguage":"nb-NO","@id":"https:\/\/com.rst-steel.eu\/#\/schema\/logo\/image\/","url":"https:\/\/com.rst-steel.eu\/wp-content\/uploads\/2023\/04\/cropped-Rst-logo-valkoinen-teksti-3.png","contentUrl":"https:\/\/com.rst-steel.eu\/wp-content\/uploads\/2023\/04\/cropped-Rst-logo-valkoinen-teksti-3.png","width":512,"height":115,"caption":"RST-Steel Oy"},"image":{"@id":"https:\/\/com.rst-steel.eu\/#\/schema\/logo\/image\/"},"sameAs":["https:\/\/www.facebook.com\/rststeel","https:\/\/www.instagram.com\/rststeeloy\/"]}]}},"brands":[{"id":8332,"name":"Lazer Lamps","slug":"brand_lazerlamps"}],"_links":{"self":[{"href":"https:\/\/com.rst-steel.eu\/nb\/wp-json\/wp\/v2\/product\/36696","targetHints":{"allow":["GET"]}}],"collection":[{"href":"https:\/\/com.rst-steel.eu\/nb\/wp-json\/wp\/v2\/product"}],"about":[{"href":"https:\/\/com.rst-steel.eu\/nb\/wp-json\/wp\/v2\/types\/product"}],"replies":[{"embeddable":true,"href":"https:\/\/com.rst-steel.eu\/nb\/wp-json\/wp\/v2\/comments?post=36696"}],"version-history":[{"count":0,"href":"https:\/\/com.rst-steel.eu\/nb\/wp-json\/wp\/v2\/product\/36696\/revisions"}],"wp:featuredmedia":[{"embeddable":true,"href":"https:\/\/com.rst-steel.eu\/nb\/wp-json\/wp\/v2\/media\/36691"}],"wp:attachment":[{"href":"https:\/\/com.rst-steel.eu\/nb\/wp-json\/wp\/v2\/media?parent=36696"}],"wp:term":[{"taxonomy":"make_fuel_type","embeddable":true,"href":"https:\/\/com.rst-steel.eu\/nb\/wp-json\/wp\/v2\/make_fuel_type?post=36696"},{"taxonomy":"make_model","embeddable":true,"href":"https:\/\/com.rst-steel.eu\/nb\/wp-json\/wp\/v2\/make_model?post=36696"},{"taxonomy":"make_brand","embeddable":true,"href":"https:\/\/com.rst-steel.eu\/nb\/wp-json\/wp\/v2\/make_brand?post=36696"},{"taxonomy":"make_year","embeddable":true,"href":"https:\/\/com.rst-steel.eu\/nb\/wp-json\/wp\/v2\/make_year?post=36696"},{"taxonomy":"pwb-brand","embeddable":true,"href":"https:\/\/com.rst-steel.eu\/nb\/wp-json\/wp\/v2\/pwb-brand?post=36696"},{"taxonomy":"product_brand","embeddable":true,"href":"https:\/\/com.rst-steel.eu\/nb\/wp-json\/wp\/v2\/product_brand?post=36696"},{"taxonomy":"product_cat","embeddable":true,"href":"https:\/\/com.rst-steel.eu\/nb\/wp-json\/wp\/v2\/product_cat?post=36696"},{"taxonomy":"product_tag","embeddable":true,"href":"https:\/\/com.rst-steel.eu\/nb\/wp-json\/wp\/v2\/product_tag?post=36696"}],"curies":[{"name":"wp","href":"https:\/\/api.w.org\/{rel}","templated":true}]}}