{"id":36663,"date":"2023-02-10T16:18:28","date_gmt":"2023-02-10T13:18:28","guid":{"rendered":"https:\/\/rst-steel.fi-c.seravo.com\/product\/lazer-sentinel-9-elite_pr_18702\/"},"modified":"2026-03-16T09:21:21","modified_gmt":"2026-03-16T06:21:21","slug":"lazer-sentinel-9-elite-auxiliary-light-lens-protector_pr_18702","status":"publish","type":"product","link":"https:\/\/com.rst-steel.eu\/nb\/produkt\/lazer-sentinel-9-elite-auxiliary-light-lens-protector_pr_18702\/","title":{"rendered":"Lazer Sentinel 9&#8221; Elite Auxiliary Light, Lens protector"},"content":{"rendered":"<p>New for 2021, the Sentinel range are 9\u201d round lamps that combine distinctive high-end product design, with superior lighting performance and build quality symbolic of the Lazer Lamps name. The Sentinel Elite product comes available with a sleek black internal appearance (Also available with integrated white\/amber Position Light function), and a combination of 32 high power LEDs, representing the very best lighting performance as expected from a product bearing the \u2018Elite\u2019 tag. Lighting performance aside, meticulous product styling ensures this is a product that stands out for all the right reasons.<\/p>\n<p><\/p>\n<p>Emitting 15,232 raw lumens, the lamps deliver 1 lux to 742m, but it is in the 52 degree horizontal spread of light, and visibility at the sides of the road or track in the mid to long-range that the Sentinel Elite really comes into its own. For a demonstration of the lighting performance, please click the videos section below. Like all Lazer products, the colour temperature at a pleasant 5000K is easy on the eye, while maximising sharpness and definition of objects ahead. The lamp is UNECE approved to Regulation 112 as a high beam driving light, through adoption of Lazer\u2019s dual output E-Boost technology; operating at 100% the light output is beyond the permissible limit of the ECE regulations, so removing the supplied Boost Cap from the back of the lamp reduces the light output to be within the allowable limit.<\/p>\n<p><\/p>\n<p>Produktegenskaper:<\/p>\n<p><\/p>\n<p>Combination of 32 premium \u2018bin\u2019 LEDs<\/p>\n<p>Supplied with pre-wired male\/female 2-pin Superseal connectors<\/p>\n<p>5000K LED fargetemperatur og 80CRI maksimerer skarphet og definisjon<\/p>\n<p>Ultra-reflective vacuum-metallised spot and wide optics<\/p>\n<p>UNECE Reg 112 Class B Driving Light, approved for on-road high beam (E-Boost technology)<\/p>\n<p>Contemporary lamp design<\/p>\n<p>Supplied with \u2018slim\u2019 diecast aluminium mounting bracket featuring Sentinel stamp<\/p>\n<p>Elektronisk termisk styringssystem optimerer lyseffekten for \u00e5 bevare levetiden til lysdiodene<\/p>\n<p>Anodised pre-treatment and automotive grade powder top-coat for ultimate corrosion and chemical protection<\/p>\n<p>CAE-optimalisert kj\u00f8leribbe tilbyr forbedret termisk dynamikk<\/p>\n<p>Overspenningsbeskyttet<\/p>\n<p>Beskyttet mot omvendt polaritet<\/p>\n<p>\u2018Uknuselig\u2019 polykarbonatlinse med hardcoat lakk<\/p>\n<p>A2 stainless steel fasteners with automotive grade black coating<\/p>\n<p>UNECE-godkjent Reg 10<\/p>\n<p>IP68 watertight \u2013 1.5m submersion (30mins)<\/p>\n<p>Designet og produsert i Storbritannia<\/p>\n<p><\/p>\n<p><\/p>\n<p>Technical Specifications<\/p>\n<p><\/p>\n<p>&nbsp;&nbsp;&nbsp;&nbsp;&nbsp;&nbsp;&nbsp;&nbsp;&nbsp;&nbsp;&nbsp;&nbsp;&nbsp;&nbsp;&nbsp;&nbsp;&nbsp;&nbsp;&nbsp;&nbsp;&nbsp;&nbsp;&nbsp;&nbsp;&nbsp;&nbsp;&nbsp;&nbsp;&nbsp;&nbsp;&nbsp;&nbsp;&nbsp;&nbsp;&nbsp;&nbsp;<span style=\"font-weight: bold\">E-Boost<\/span><span>\t<\/span><span style=\"font-weight: bold\">E-Mark Mode<\/span><\/p>\n<p>Voltage Range (DC)<span>\t<\/span>10-32V \/ 10-32V<\/p>\n<p>LED Life<span>\t<\/span>50,000 hrs \/ 50,000 hrs<\/p>\n<p>Weight<span>\t<\/span>2.5 kg\/ 2.5 kg<\/p>\n<p><\/p>\n<p><\/p>\n<p>Fjernlysfunksjon<span>\t<\/span><\/p>\n<p> <span>\t<\/span>&nbsp;<\/p>\n<p>Total Luminous Flux<span>\t<\/span>15232 Lm \/ 3046 Lm<\/p>\n<p>Total Driver \u2018FOV\u2019 Flux \u2020<span>\t<\/span>9048 Lm \/ 1809 Lm<\/p>\n<p>Colour Temperature<span>\t<\/span>5000k \/ 5000k<\/p>\n<p>Number of High Output LEDs<span>\t<\/span>32 \/ 32<\/p>\n<p>Power Consumption<span>\t<\/span>145 Watts \/ 29 Watts<\/p>\n<p>Current Draw (at 14.4V)<span>\t<\/span>10.1 Amps \/ 2 Amps<\/p>\n<p><\/p>\n<p><\/p>\n<p>CERTIFICATION<span>\t<\/span> <span>\t<\/span><\/p>\n<p>&nbsp;<\/p>\n<p>High Beam<span>\t<\/span>N\/A<span>\t<\/span>ECE R112<\/p>\n<p>E-Mark Ref<span>\t<\/span>N\/A<span>\t<\/span>20<\/p>\n<p><\/p>\n<p><\/p>\n<p>FOTOMETRISKE DATA<span>\t<\/span> <\/p>\n<p><span>\t<\/span>&nbsp;<\/p>\n<p>Horiz Beam Angle<span>\t<\/span>52 Deg<span>\t<\/span>52 Deg<\/p>\n<p>0.25 lx Line<span>\t<\/span>1483 metres<span>\t<\/span>663 metres<\/p>\n<p>0.5 lx Line<span>\t<\/span>1049 metres<span>\t<\/span>469 metres<\/p>\n<p>1 lx Line<span>\t<\/span>742 metres<span>\t<\/span>332 metres<\/p>\n<p>3 lx Line<span>\t<\/span>428 metres<span>\t<\/span>191 metres<\/p>\n<p><\/p>\n<p><\/p>\n<p>Whats Included:<\/p>\n<p><\/p>\n<p>x1 Sentinel 9\u201d Elite LED Lamp<\/p>\n<p>x1 \u2018Slim\u2019 Mount Kit&nbsp;<\/p>\n<p>x1 \u2018Lazer\u2019 Black Lens Cover<\/p>\n<p>x1 Installation Instructions<\/p>","protected":false},"excerpt":{"rendered":"<p style=\"margin-top: 0rem;margin-bottom: 1.1rem\">5 \u00e5rs garanti!<\/p>\n<p style=\"margin-top: 0rem;margin-bottom: 1.1rem\"><\/p>\n<p style=\"margin-top: 0rem;margin-bottom: 1.1rem\">Leveres med Lazer-merket svart linsedeksel<\/p>\n<p style=\"margin-top: 0rem;margin-bottom: 1.1rem\"><\/p>\n<p><\/p>","protected":false},"featured_media":36658,"comment_status":"open","ping_status":"closed","template":"","meta":{"_improvement_type_select":"improve_an_existing","_thumb_yes_seoaic":false,"_frame_yes_seoaic":false,"seoaic_generate_description":"","seoaic_improve_instructions_prompt":"","seoaic_rollback_content_improvement":"","seoaic_idea_thumbnail_generator":"","thumbnail_generated":false,"thumbnail_generate_prompt":"","seoaic_article_description":""},"make_fuel_type":[],"make_model":[],"make_brand":[],"make_year":[3748,6373],"pwb-brand":[8332],"product_brand":[],"product_cat":[6195,6209,6211,7207],"product_tag":[7551,6298,6363],"class_list":{"0":"post-36663","1":"product","2":"type-product","3":"status-publish","4":"has-post-thumbnail","6":"make_year-trucks","7":"make_year-van","8":"pwb-brand-brand_lazerlamps","9":"product_cat-lamps","10":"product_cat-auxiliary-lights","11":"product_cat-lazer-lamps-auxiliary-lights","12":"product_cat-rst-sentinell","13":"product_tag-extraljus","14":"product_tag-lazer-lamps","15":"product_tag-sentinel","17":"first","18":"instock","19":"taxable","20":"shipping-taxable","21":"purchasable","22":"product-type-simple"},"yoast_head":"<!-- This site is optimized with the Yoast SEO plugin v25.7 - https:\/\/yoast.com\/wordpress\/plugins\/seo\/ -->\n<title>Lazer Sentinel 9&#039;&#039; Elite Auxiliary Light, Lens protector - RST-Steel<\/title>\n<meta name=\"description\" content=\"The Lazer Sentinel 9&quot; Elite Extra Light features high-performance LED illumination with lens protection, offering exceptional brightness and durability.\" \/>\n<meta name=\"robots\" content=\"index, follow, max-snippet:-1, max-image-preview:large, max-video-preview:-1\" \/>\n<link rel=\"canonical\" href=\"https:\/\/com.rst-steel.eu\/nb\/produkt\/lazer-sentinel-9-elite-auxiliary-light-lens-protector_pr_18702\/\" \/>\n<meta property=\"og:locale\" content=\"nb_NO\" \/>\n<meta property=\"og:type\" content=\"article\" \/>\n<meta property=\"og:title\" content=\"Lazer Sentinel 9&#039;&#039; Elite Auxiliary Light, Lens protector - RST-Steel\" \/>\n<meta property=\"og:description\" content=\"The Lazer Sentinel 9&quot; Elite Extra Light features high-performance LED illumination with lens protection, offering exceptional brightness and durability.\" \/>\n<meta property=\"og:url\" content=\"https:\/\/com.rst-steel.eu\/nb\/produkt\/lazer-sentinel-9-elite-auxiliary-light-lens-protector_pr_18702\/\" \/>\n<meta property=\"og:site_name\" content=\"RST-Steel\" \/>\n<meta property=\"article:publisher\" content=\"https:\/\/www.facebook.com\/rststeel\" \/>\n<meta property=\"article:modified_time\" content=\"2026-03-16T06:21:21+00:00\" \/>\n<meta property=\"og:image\" content=\"https:\/\/com.rst-steel.eu\/wp-content\/uploads\/2023\/02\/a4de42cf37d12234a0d2d125e6101517bb4192f5_Sentine_Elite-scaled.jpeg\" \/>\n\t<meta property=\"og:image:width\" content=\"2560\" \/>\n\t<meta property=\"og:image:height\" content=\"1710\" \/>\n\t<meta property=\"og:image:type\" content=\"image\/jpeg\" \/>\n<meta name=\"twitter:card\" content=\"summary_large_image\" \/>\n<meta name=\"twitter:label1\" content=\"Ansl. lesetid\" \/>\n\t<meta name=\"twitter:data1\" content=\"3 minutter\" \/>\n<script type=\"application\/ld+json\" class=\"yoast-schema-graph\">{\"@context\":\"https:\/\/schema.org\",\"@graph\":[{\"@type\":\"WebPage\",\"@id\":\"https:\/\/com.rst-steel.eu\/nb\/produkt\/lazer-sentinel-9-elite-auxiliary-light-lens-protector_pr_18702\/\",\"url\":\"https:\/\/com.rst-steel.eu\/nb\/produkt\/lazer-sentinel-9-elite-auxiliary-light-lens-protector_pr_18702\/\",\"name\":\"Lazer Sentinel 9'' Elite Auxiliary Light, Lens protector - RST-Steel\",\"isPartOf\":{\"@id\":\"https:\/\/com.rst-steel.eu\/#website\"},\"primaryImageOfPage\":{\"@id\":\"https:\/\/com.rst-steel.eu\/nb\/produkt\/lazer-sentinel-9-elite-auxiliary-light-lens-protector_pr_18702\/#primaryimage\"},\"image\":{\"@id\":\"https:\/\/com.rst-steel.eu\/nb\/produkt\/lazer-sentinel-9-elite-auxiliary-light-lens-protector_pr_18702\/#primaryimage\"},\"thumbnailUrl\":\"https:\/\/com.rst-steel.eu\/wp-content\/uploads\/2023\/02\/a4de42cf37d12234a0d2d125e6101517bb4192f5_Sentine_Elite-scaled.jpeg\",\"datePublished\":\"2023-02-10T13:18:28+00:00\",\"dateModified\":\"2026-03-16T06:21:21+00:00\",\"description\":\"The Lazer Sentinel 9\\\" Elite Extra Light features high-performance LED illumination with lens protection, offering exceptional brightness and durability.\",\"breadcrumb\":{\"@id\":\"https:\/\/com.rst-steel.eu\/nb\/produkt\/lazer-sentinel-9-elite-auxiliary-light-lens-protector_pr_18702\/#breadcrumb\"},\"inLanguage\":\"nb-NO\",\"potentialAction\":[{\"@type\":\"ReadAction\",\"target\":[\"https:\/\/com.rst-steel.eu\/nb\/produkt\/lazer-sentinel-9-elite-auxiliary-light-lens-protector_pr_18702\/\"]}]},{\"@type\":\"ImageObject\",\"inLanguage\":\"nb-NO\",\"@id\":\"https:\/\/com.rst-steel.eu\/nb\/produkt\/lazer-sentinel-9-elite-auxiliary-light-lens-protector_pr_18702\/#primaryimage\",\"url\":\"https:\/\/com.rst-steel.eu\/wp-content\/uploads\/2023\/02\/a4de42cf37d12234a0d2d125e6101517bb4192f5_Sentine_Elite-scaled.jpeg\",\"contentUrl\":\"https:\/\/com.rst-steel.eu\/wp-content\/uploads\/2023\/02\/a4de42cf37d12234a0d2d125e6101517bb4192f5_Sentine_Elite-scaled.jpeg\",\"width\":2560,\"height\":1710,\"caption\":\"Lazer Sentinel 9\\\" Elite Extra Light, with lens protection\"},{\"@type\":\"BreadcrumbList\",\"@id\":\"https:\/\/com.rst-steel.eu\/nb\/produkt\/lazer-sentinel-9-elite-auxiliary-light-lens-protector_pr_18702\/#breadcrumb\",\"itemListElement\":[{\"@type\":\"ListItem\",\"position\":1,\"name\":\"Home\",\"item\":\"https:\/\/com.rst-steel.eu\/\"},{\"@type\":\"ListItem\",\"position\":2,\"name\":\"RST-Steel Shop\",\"item\":\"https:\/\/com.rst-steel.eu\/shop\/\"},{\"@type\":\"ListItem\",\"position\":3,\"name\":\"Lazer Sentinel 9&#8221; Elite Auxiliary Light, Lens protector\"}]},{\"@type\":\"WebSite\",\"@id\":\"https:\/\/com.rst-steel.eu\/#website\",\"url\":\"https:\/\/com.rst-steel.eu\/\",\"name\":\"RST-Steel.com\",\"description\":\"Finnish quality steel, for quality-conscious drivers\",\"publisher\":{\"@id\":\"https:\/\/com.rst-steel.eu\/#organization\"},\"alternateName\":\"Safe and stylish RST-Steel quality\",\"potentialAction\":[{\"@type\":\"SearchAction\",\"target\":{\"@type\":\"EntryPoint\",\"urlTemplate\":\"https:\/\/com.rst-steel.eu\/?s={search_term_string}\"},\"query-input\":{\"@type\":\"PropertyValueSpecification\",\"valueRequired\":true,\"valueName\":\"search_term_string\"}}],\"inLanguage\":\"nb-NO\"},{\"@type\":\"Organization\",\"@id\":\"https:\/\/com.rst-steel.eu\/#organization\",\"name\":\"RST-Steel Oy\",\"url\":\"https:\/\/com.rst-steel.eu\/\",\"logo\":{\"@type\":\"ImageObject\",\"inLanguage\":\"nb-NO\",\"@id\":\"https:\/\/com.rst-steel.eu\/#\/schema\/logo\/image\/\",\"url\":\"https:\/\/com.rst-steel.eu\/wp-content\/uploads\/2023\/04\/cropped-Rst-logo-valkoinen-teksti-3.png\",\"contentUrl\":\"https:\/\/com.rst-steel.eu\/wp-content\/uploads\/2023\/04\/cropped-Rst-logo-valkoinen-teksti-3.png\",\"width\":512,\"height\":115,\"caption\":\"RST-Steel Oy\"},\"image\":{\"@id\":\"https:\/\/com.rst-steel.eu\/#\/schema\/logo\/image\/\"},\"sameAs\":[\"https:\/\/www.facebook.com\/rststeel\",\"https:\/\/www.instagram.com\/rststeeloy\/\"]}]}<\/script>\n<!-- \/ Yoast SEO plugin. -->","yoast_head_json":{"title":"Lazer Sentinel 9'' Elite Auxiliary Light, Lens protector - RST-Steel","description":"The Lazer Sentinel 9\" Elite Extra Light features high-performance LED illumination with lens protection, offering exceptional brightness and durability.","robots":{"index":"index","follow":"follow","max-snippet":"max-snippet:-1","max-image-preview":"max-image-preview:large","max-video-preview":"max-video-preview:-1"},"canonical":"https:\/\/com.rst-steel.eu\/nb\/produkt\/lazer-sentinel-9-elite-auxiliary-light-lens-protector_pr_18702\/","og_locale":"nb_NO","og_type":"article","og_title":"Lazer Sentinel 9'' Elite Auxiliary Light, Lens protector - RST-Steel","og_description":"The Lazer Sentinel 9\" Elite Extra Light features high-performance LED illumination with lens protection, offering exceptional brightness and durability.","og_url":"https:\/\/com.rst-steel.eu\/nb\/produkt\/lazer-sentinel-9-elite-auxiliary-light-lens-protector_pr_18702\/","og_site_name":"RST-Steel","article_publisher":"https:\/\/www.facebook.com\/rststeel","article_modified_time":"2026-03-16T06:21:21+00:00","og_image":[{"width":2560,"height":1710,"url":"https:\/\/com.rst-steel.eu\/wp-content\/uploads\/2023\/02\/a4de42cf37d12234a0d2d125e6101517bb4192f5_Sentine_Elite-scaled.jpeg","type":"image\/jpeg"}],"twitter_card":"summary_large_image","twitter_misc":{"Ansl. lesetid":"3 minutter"},"schema":{"@context":"https:\/\/schema.org","@graph":[{"@type":"WebPage","@id":"https:\/\/com.rst-steel.eu\/nb\/produkt\/lazer-sentinel-9-elite-auxiliary-light-lens-protector_pr_18702\/","url":"https:\/\/com.rst-steel.eu\/nb\/produkt\/lazer-sentinel-9-elite-auxiliary-light-lens-protector_pr_18702\/","name":"Lazer Sentinel 9'' Elite Auxiliary Light, Lens protector - RST-Steel","isPartOf":{"@id":"https:\/\/com.rst-steel.eu\/#website"},"primaryImageOfPage":{"@id":"https:\/\/com.rst-steel.eu\/nb\/produkt\/lazer-sentinel-9-elite-auxiliary-light-lens-protector_pr_18702\/#primaryimage"},"image":{"@id":"https:\/\/com.rst-steel.eu\/nb\/produkt\/lazer-sentinel-9-elite-auxiliary-light-lens-protector_pr_18702\/#primaryimage"},"thumbnailUrl":"https:\/\/com.rst-steel.eu\/wp-content\/uploads\/2023\/02\/a4de42cf37d12234a0d2d125e6101517bb4192f5_Sentine_Elite-scaled.jpeg","datePublished":"2023-02-10T13:18:28+00:00","dateModified":"2026-03-16T06:21:21+00:00","description":"The Lazer Sentinel 9\" Elite Extra Light features high-performance LED illumination with lens protection, offering exceptional brightness and durability.","breadcrumb":{"@id":"https:\/\/com.rst-steel.eu\/nb\/produkt\/lazer-sentinel-9-elite-auxiliary-light-lens-protector_pr_18702\/#breadcrumb"},"inLanguage":"nb-NO","potentialAction":[{"@type":"ReadAction","target":["https:\/\/com.rst-steel.eu\/nb\/produkt\/lazer-sentinel-9-elite-auxiliary-light-lens-protector_pr_18702\/"]}]},{"@type":"ImageObject","inLanguage":"nb-NO","@id":"https:\/\/com.rst-steel.eu\/nb\/produkt\/lazer-sentinel-9-elite-auxiliary-light-lens-protector_pr_18702\/#primaryimage","url":"https:\/\/com.rst-steel.eu\/wp-content\/uploads\/2023\/02\/a4de42cf37d12234a0d2d125e6101517bb4192f5_Sentine_Elite-scaled.jpeg","contentUrl":"https:\/\/com.rst-steel.eu\/wp-content\/uploads\/2023\/02\/a4de42cf37d12234a0d2d125e6101517bb4192f5_Sentine_Elite-scaled.jpeg","width":2560,"height":1710,"caption":"Lazer Sentinel 9\" Elite Extra Light, with lens protection"},{"@type":"BreadcrumbList","@id":"https:\/\/com.rst-steel.eu\/nb\/produkt\/lazer-sentinel-9-elite-auxiliary-light-lens-protector_pr_18702\/#breadcrumb","itemListElement":[{"@type":"ListItem","position":1,"name":"Home","item":"https:\/\/com.rst-steel.eu\/"},{"@type":"ListItem","position":2,"name":"RST-Steel Shop","item":"https:\/\/com.rst-steel.eu\/shop\/"},{"@type":"ListItem","position":3,"name":"Lazer Sentinel 9&#8221; Elite Auxiliary Light, Lens protector"}]},{"@type":"WebSite","@id":"https:\/\/com.rst-steel.eu\/#website","url":"https:\/\/com.rst-steel.eu\/","name":"RST-Steel.com","description":"Finsk kvalitetsst\u00e5l, for kvalitetsbevisste sj\u00e5f\u00f8rer","publisher":{"@id":"https:\/\/com.rst-steel.eu\/#organization"},"alternateName":"Safe and stylish RST-Steel quality","potentialAction":[{"@type":"SearchAction","target":{"@type":"EntryPoint","urlTemplate":"https:\/\/com.rst-steel.eu\/?s={search_term_string}"},"query-input":{"@type":"PropertyValueSpecification","valueRequired":true,"valueName":"search_term_string"}}],"inLanguage":"nb-NO"},{"@type":"Organization","@id":"https:\/\/com.rst-steel.eu\/#organization","name":"RST-Steel Oy","url":"https:\/\/com.rst-steel.eu\/","logo":{"@type":"ImageObject","inLanguage":"nb-NO","@id":"https:\/\/com.rst-steel.eu\/#\/schema\/logo\/image\/","url":"https:\/\/com.rst-steel.eu\/wp-content\/uploads\/2023\/04\/cropped-Rst-logo-valkoinen-teksti-3.png","contentUrl":"https:\/\/com.rst-steel.eu\/wp-content\/uploads\/2023\/04\/cropped-Rst-logo-valkoinen-teksti-3.png","width":512,"height":115,"caption":"RST-Steel Oy"},"image":{"@id":"https:\/\/com.rst-steel.eu\/#\/schema\/logo\/image\/"},"sameAs":["https:\/\/www.facebook.com\/rststeel","https:\/\/www.instagram.com\/rststeeloy\/"]}]}},"brands":[{"id":8332,"name":"Lazer Lamps","slug":"brand_lazerlamps"}],"_links":{"self":[{"href":"https:\/\/com.rst-steel.eu\/nb\/wp-json\/wp\/v2\/product\/36663","targetHints":{"allow":["GET"]}}],"collection":[{"href":"https:\/\/com.rst-steel.eu\/nb\/wp-json\/wp\/v2\/product"}],"about":[{"href":"https:\/\/com.rst-steel.eu\/nb\/wp-json\/wp\/v2\/types\/product"}],"replies":[{"embeddable":true,"href":"https:\/\/com.rst-steel.eu\/nb\/wp-json\/wp\/v2\/comments?post=36663"}],"version-history":[{"count":0,"href":"https:\/\/com.rst-steel.eu\/nb\/wp-json\/wp\/v2\/product\/36663\/revisions"}],"wp:featuredmedia":[{"embeddable":true,"href":"https:\/\/com.rst-steel.eu\/nb\/wp-json\/wp\/v2\/media\/36658"}],"wp:attachment":[{"href":"https:\/\/com.rst-steel.eu\/nb\/wp-json\/wp\/v2\/media?parent=36663"}],"wp:term":[{"taxonomy":"make_fuel_type","embeddable":true,"href":"https:\/\/com.rst-steel.eu\/nb\/wp-json\/wp\/v2\/make_fuel_type?post=36663"},{"taxonomy":"make_model","embeddable":true,"href":"https:\/\/com.rst-steel.eu\/nb\/wp-json\/wp\/v2\/make_model?post=36663"},{"taxonomy":"make_brand","embeddable":true,"href":"https:\/\/com.rst-steel.eu\/nb\/wp-json\/wp\/v2\/make_brand?post=36663"},{"taxonomy":"make_year","embeddable":true,"href":"https:\/\/com.rst-steel.eu\/nb\/wp-json\/wp\/v2\/make_year?post=36663"},{"taxonomy":"pwb-brand","embeddable":true,"href":"https:\/\/com.rst-steel.eu\/nb\/wp-json\/wp\/v2\/pwb-brand?post=36663"},{"taxonomy":"product_brand","embeddable":true,"href":"https:\/\/com.rst-steel.eu\/nb\/wp-json\/wp\/v2\/product_brand?post=36663"},{"taxonomy":"product_cat","embeddable":true,"href":"https:\/\/com.rst-steel.eu\/nb\/wp-json\/wp\/v2\/product_cat?post=36663"},{"taxonomy":"product_tag","embeddable":true,"href":"https:\/\/com.rst-steel.eu\/nb\/wp-json\/wp\/v2\/product_tag?post=36663"}],"curies":[{"name":"wp","href":"https:\/\/api.w.org\/{rel}","templated":true}]}}