{"id":36651,"date":"2023-02-10T16:18:00","date_gmt":"2023-02-10T13:18:00","guid":{"rendered":"https:\/\/rst-steel.fi-c.seravo.com\/product\/lazer-triple-r-1250-elite-with-i-lba_pr_18693\/"},"modified":"2026-03-16T09:21:20","modified_gmt":"2026-03-16T06:21:20","slug":"lazer-triple-r-1250-elite-gen2-lba-light-bar_pr_18693","status":"publish","type":"product","link":"https:\/\/com.rst-steel.eu\/nb\/produkt\/lazer-triple-r-1250-elite-gen2-lba-light-bar_pr_18693\/","title":{"rendered":"Lazer Triple-R 1250 Elite GEN2 LBA Light Bar"},"content":{"rendered":"<p>A world first, utilising patent-pending technology, the Triple-R 1250 Elite with Intelligent Low Beam Assist redefines the performance and functionality of auxiliary LED driving lights. A combination of the latest high-efficiency LEDs delivers a finely-tuned beam pattern, optimised for road use, that is simply unrivalled considering the lamps size. Additionally, through the adoption of photoelectric sensors embedded within the driving light, when the high beam light is turned off, the transition from high beam driving lights is significantly enhanced as the lamp maintains higher levels of illumination in zones where there is confirmed no oncoming vehicles or obstacles.<\/p>\n<p><\/p>\n<p>Incorporating an arrangement of 36 LEDs, each lamp produces an incredible 13,136 raw lumen, which on the one hand deliver exceptional distance illumination with 1 lux at 826m, and on the other 44 degrees of left\/right spread for our safest and most relaxing night drive experience. With the Intelligent Low Beam Assist mode activated, when transitioning from your high beam driving lights, the central optics (delivering the distance illumination) are deactivated when the standard high beams are turned off. Superior levels of visibility at the side of the road in the short\/mid-range are maintained as the lamp monitors progress of oncoming traffic. At the appropriate point additional illumination at either side of the road is deactivated to avoid disturbance to oncoming vehicles. Once the vehicle has past (and after a short delay), the lamp automatically returns to Low Beam Assist mode, (assuming no additional vehicles or obstacles are subsequently detected ahead), or returns to operating as a high beam driving light if activated (either manually or if part of any vehicle\u2019s auto-headlights function).<\/p>\n<p><\/p>\n<p>Each sensor within the lamp monitors road conditions over 30x per second, for performance and functionality which feels safe and reliable. Continuous recalibration of these sensors ensures that the lamp responds to changing environmental conditions while in use; be that changing weather conditions, or the lamp getting obstructed by dirt, dust, snow etc. During the transition phase from high to low beam, the lamp also responds to other light emitting objects ahead of the driver including: medium\/large road signs, street lighting, and other reflective obstacles. A carefully selected delay on the reactivation of the Low Beam Assist mode prevents any potentially distracting \u2018flashing\u2019 on\/off of the additional lighting at the sides of the road, while the addition of a secondary switch, on the supplied wiring kit, allows for the Low Beam Assist function to be temporarily disabled if specific circumstances demand.<\/p>\n<p>The lamp is ECE certified to Regulation 112 as a high beam driving light, and through dual-output E-Boost technology the light output can be increased above ECE Reg112 limits when off-road, or where specific country-law allows. The Intelligent Low Beam Assist function is not an approved low beam driving light, but is patent-pending technology designed to smooth the transition from your high beam driving lights. The forementioned secondary switch allows deactivation of the function where the laws of the country specifically don\u2019t allow use.<\/p>\n<p><\/p>\n<p>Produktegenskaper:&nbsp;<\/p>\n<p><\/p>\n<p>Combination of 36 high efficiency LEDs deliver exceptional lighting performance<\/p>\n<p>Ultra-reflective vacuum-metallised optics deliver perfectly tuned beam pattern for everyday road use<\/p>\n<p>Low Beam Assist-modus gir overlegen sikt p\u00e5 kort\/mellomomr\u00e5det<\/p>\n<p>Integrated photoelectric sensors detect oncoming traffic and obstacles so that light output responds to surroundings in Low Beam Assist mode<\/p>\n<p>5000K LED fargetemperatur og 80CRI maksimerer skarphet og definisjon<\/p>\n<p>UNECE Reg 112 Class B Driving Light, approved for on-road high beam (E-Boost technology)<\/p>\n<p>Contemporary lamp design<\/p>\n<p>Supplied with Single-Lamp Wiring Kit<\/p>\n<p>Includes versatile \u2018Centre Mount\u2019 mounting system plus integral features to enable side mounting (brackets sold separately)<\/p>\n<p>Elektronisk termisk styringssystem optimerer lyseffekten for \u00e5 bevare levetiden til lysdiodene<\/p>\n<p>Anodised pre-treatment and automotive grade powder top-coat for ultimate corrosion and chemical protection<\/p>\n<p>CAE-optimalisert kj\u00f8leribbe tilbyr forbedret termisk dynamikk<\/p>\n<p>Overspenningsbeskyttet<\/p>\n<p>Beskyttet mot omvendt polaritet<\/p>\n<p>\u2018Uknuselig\u2019 polykarbonatlinse med hardcoat lakk<\/p>\n<p>UNECE-godkjent Reg 10<\/p>\n<p>IP67 vanntett<\/p>\n<p>5 \u00e5rs garanti<\/p>\n<p>Electrical connection made via 4-pin Deutsch connectors<\/p>\n<p>Designet og produsert i Storbritannia<\/p>\n<p><\/p>\n<p><\/p>\n<p>Tekniske spesifikasjoner:<\/p>\n<p><\/p>\n<p>&nbsp;&nbsp;&nbsp;&nbsp;&nbsp;&nbsp;&nbsp;&nbsp;&nbsp;&nbsp;&nbsp;&nbsp;&nbsp;&nbsp;&nbsp;&nbsp;&nbsp;&nbsp;&nbsp;&nbsp;&nbsp;&nbsp;&nbsp;&nbsp;&nbsp;&nbsp;&nbsp;&nbsp;&nbsp;&nbsp;&nbsp;&nbsp;&nbsp;&nbsp;&nbsp;&nbsp;&nbsp;&nbsp;&nbsp;&nbsp;&nbsp;&nbsp;&nbsp;<span style=\"font-weight: bold\">&nbsp;E-Boost<span>\t<\/span>E-Mark Mode<\/span><\/p>\n<p>Voltage Range (DC)<span>\t<\/span>10-32V<\/p>\n<p>LED Life<span>\t<\/span>50,000 hr<\/p>\n<p>Weight<span>\t<\/span>2.4 kg&nbsp;<\/p>\n<p><\/p>\n<p>Fjernlysfunksjon<\/p>\n<p><\/p>\n<p>Total Luminous Flux<span>\t<\/span>16136 Lm \/ 4602 Lm<\/p>\n<p>Total Driver \u2018FOV\u2019 Flux \u2020<span>\t<\/span>8657 Lm \/ 2469 Lm<\/p>\n<p>Colour Temperature<span>\t<\/span>5000k \/ 5000k<\/p>\n<p>Number of High Output LEDs<span>\t<\/span>36 \/ 36<\/p>\n<p>Power Consumption<span>\t<\/span>151 Watts \/ 35 Watts<\/p>\n<p>Peak Current Draw (@11V)<span>\t<\/span>15 Amps \/ N\/A<\/p>\n<p>Current Draw (@14.4V)<span>\t<\/span>10.5 Amps \/ 1.7 Amps<\/p>\n<p><\/p>\n<p>CERTIFICATION<span>\t<\/span> <span>\t<\/span>&nbsp;<\/p>\n<p>High Beam<span>\t<\/span>N\/A \/ ECE R112<\/p>\n<p>E-Mark Ref<span>\t<\/span>N\/A \/\u00a040<\/p>\n<p><\/p>\n<p><\/p>\n<p>FOTOMETRISKE DATA<span>\t<\/span> <span>\t<\/span>&nbsp;<\/p>\n<p><\/p>\n<p>Horiz Beam Angle<span>\t<\/span>56 Deg<span>\t<\/span>56 Deg<\/p>\n<p>0.25 lx Line<span>\t<\/span>1652m \/ 905m<\/p>\n<p>0.5 lx Line<span>\t<\/span>1168m \/ 640m<\/p>\n<p>1 lx Line<span>\t<\/span>826m \/ 452m<\/p>\n<p>3 lx Line<span>\t<\/span>477m \/ 261m<\/p>\n<p><\/p>\n<p><\/p>\n<p>Whats Included:<\/p>\n<p><\/p>\n<p>x1 Triple-R 1250 with i-LBA LED Lamp<\/p>\n<p>x2 Centre Mount&nbsp;<\/p>\n<p>x1 Kablingssett for n\u00e6rlysassistent med \u00e9n lampe<\/p>\n<p>x1 Installation Instructions<\/p>","protected":false},"excerpt":{"rendered":"<div>Low Beam Assist-modus gir overlegen sikt p\u00e5 kort\/mellomomr\u00e5det<\/div>\n<div><\/div>","protected":false},"featured_media":36646,"comment_status":"open","ping_status":"closed","template":"","meta":{"_improvement_type_select":"improve_an_existing","_thumb_yes_seoaic":false,"_frame_yes_seoaic":false,"seoaic_generate_description":"","seoaic_improve_instructions_prompt":"","seoaic_rollback_content_improvement":"","seoaic_idea_thumbnail_generator":"","thumbnail_generated":false,"thumbnail_generate_prompt":"","seoaic_article_description":""},"make_fuel_type":[],"make_model":[],"make_brand":[],"make_year":[],"pwb-brand":[8332],"product_brand":[],"product_cat":[6195,6209,6211,7205],"product_tag":[8498,7551,6298,8496,6362],"class_list":{"0":"post-36651","1":"product","2":"type-product","3":"status-publish","4":"has-post-thumbnail","6":"pwb-brand-brand_lazerlamps","7":"product_cat-lamps","8":"product_cat-auxiliary-lights","9":"product_cat-lazer-lamps-auxiliary-lights","10":"product_cat-rst-triplerr","11":"product_tag-auxiliary-light","12":"product_tag-extraljus","13":"product_tag-lazer-lamps","14":"product_tag-light-bar","15":"product_tag-triple-r","17":"first","18":"onbackorder","19":"taxable","20":"shipping-taxable","21":"purchasable","22":"product-type-simple"},"yoast_head":"<!-- This site is optimized with the Yoast SEO plugin v25.7 - https:\/\/yoast.com\/wordpress\/plugins\/seo\/ -->\n<title>Lazer Triple-R 1250 Elite GEN2 LBA Light Bar - RST-Steel<\/title>\n<meta name=\"description\" content=\"Boost visibility with the Lazer Triple R 1250 Elite. Its I-LBA technology ensures powerful, reliable illumination in all conditions.\" \/>\n<meta name=\"robots\" content=\"index, follow, max-snippet:-1, max-image-preview:large, max-video-preview:-1\" \/>\n<link rel=\"canonical\" href=\"https:\/\/com.rst-steel.eu\/nb\/produkt\/lazer-triple-r-1250-elite-gen2-lba-light-bar_pr_18693\/\" \/>\n<meta property=\"og:locale\" content=\"nb_NO\" \/>\n<meta property=\"og:type\" content=\"article\" \/>\n<meta property=\"og:title\" content=\"Lazer Triple-R 1250 Elite GEN2 LBA Light Bar - RST-Steel\" \/>\n<meta property=\"og:description\" content=\"Boost visibility with the Lazer Triple R 1250 Elite. Its I-LBA technology ensures powerful, reliable illumination in all conditions.\" \/>\n<meta property=\"og:url\" content=\"https:\/\/com.rst-steel.eu\/nb\/produkt\/lazer-triple-r-1250-elite-gen2-lba-light-bar_pr_18693\/\" \/>\n<meta property=\"og:site_name\" content=\"RST-Steel\" \/>\n<meta property=\"article:publisher\" content=\"https:\/\/www.facebook.com\/rststeel\" \/>\n<meta property=\"article:modified_time\" content=\"2026-03-16T06:21:20+00:00\" \/>\n<meta property=\"og:image\" content=\"https:\/\/com.rst-steel.eu\/wp-content\/uploads\/2023\/02\/7a0a649f263409783c5a368ac2a717c7b67676f9_mXsGlnyg-scaled.jpeg\" \/>\n\t<meta property=\"og:image:width\" content=\"2560\" \/>\n\t<meta property=\"og:image:height\" content=\"1710\" \/>\n\t<meta property=\"og:image:type\" content=\"image\/jpeg\" \/>\n<meta name=\"twitter:card\" content=\"summary_large_image\" \/>\n<meta name=\"twitter:label1\" content=\"Ansl. lesetid\" \/>\n\t<meta name=\"twitter:data1\" content=\"4 minutter\" \/>\n<script type=\"application\/ld+json\" class=\"yoast-schema-graph\">{\"@context\":\"https:\/\/schema.org\",\"@graph\":[{\"@type\":\"WebPage\",\"@id\":\"https:\/\/com.rst-steel.eu\/product\/lazer-triple-r-1250-elite-gen2-lba-light-bar_pr_18693\/\",\"url\":\"https:\/\/com.rst-steel.eu\/product\/lazer-triple-r-1250-elite-gen2-lba-light-bar_pr_18693\/\",\"name\":\"Lazer Triple-R 1250 Elite GEN2 LBA Light Bar - RST-Steel\",\"isPartOf\":{\"@id\":\"https:\/\/com.rst-steel.eu\/#website\"},\"primaryImageOfPage\":{\"@id\":\"https:\/\/com.rst-steel.eu\/product\/lazer-triple-r-1250-elite-gen2-lba-light-bar_pr_18693\/#primaryimage\"},\"image\":{\"@id\":\"https:\/\/com.rst-steel.eu\/product\/lazer-triple-r-1250-elite-gen2-lba-light-bar_pr_18693\/#primaryimage\"},\"thumbnailUrl\":\"https:\/\/com.rst-steel.eu\/wp-content\/uploads\/2023\/02\/7a0a649f263409783c5a368ac2a717c7b67676f9_mXsGlnyg-scaled.jpeg\",\"datePublished\":\"2023-02-10T13:18:00+00:00\",\"dateModified\":\"2026-03-16T06:21:20+00:00\",\"description\":\"Boost visibility with the Lazer Triple R 1250 Elite. Its I-LBA technology ensures powerful, reliable illumination in all conditions.\",\"breadcrumb\":{\"@id\":\"https:\/\/com.rst-steel.eu\/product\/lazer-triple-r-1250-elite-gen2-lba-light-bar_pr_18693\/#breadcrumb\"},\"inLanguage\":\"nb-NO\",\"potentialAction\":[{\"@type\":\"ReadAction\",\"target\":[\"https:\/\/com.rst-steel.eu\/product\/lazer-triple-r-1250-elite-gen2-lba-light-bar_pr_18693\/\"]}]},{\"@type\":\"ImageObject\",\"inLanguage\":\"nb-NO\",\"@id\":\"https:\/\/com.rst-steel.eu\/product\/lazer-triple-r-1250-elite-gen2-lba-light-bar_pr_18693\/#primaryimage\",\"url\":\"https:\/\/com.rst-steel.eu\/wp-content\/uploads\/2023\/02\/7a0a649f263409783c5a368ac2a717c7b67676f9_mXsGlnyg-scaled.jpeg\",\"contentUrl\":\"https:\/\/com.rst-steel.eu\/wp-content\/uploads\/2023\/02\/7a0a649f263409783c5a368ac2a717c7b67676f9_mXsGlnyg-scaled.jpeg\",\"width\":2560,\"height\":1710,\"caption\":\"Lazer Triple-R 1250 Elite with I-LBA\"},{\"@type\":\"BreadcrumbList\",\"@id\":\"https:\/\/com.rst-steel.eu\/product\/lazer-triple-r-1250-elite-gen2-lba-light-bar_pr_18693\/#breadcrumb\",\"itemListElement\":[{\"@type\":\"ListItem\",\"position\":1,\"name\":\"Home\",\"item\":\"https:\/\/com.rst-steel.eu\/\"},{\"@type\":\"ListItem\",\"position\":2,\"name\":\"RST-Steel Shop\",\"item\":\"https:\/\/com.rst-steel.eu\/shop\/\"},{\"@type\":\"ListItem\",\"position\":3,\"name\":\"Lazer Triple-R 1250 Elite GEN2 LBA Light Bar\"}]},{\"@type\":\"WebSite\",\"@id\":\"https:\/\/com.rst-steel.eu\/#website\",\"url\":\"https:\/\/com.rst-steel.eu\/\",\"name\":\"RST-Steel.com\",\"description\":\"Finnish quality steel, for quality-conscious drivers\",\"publisher\":{\"@id\":\"https:\/\/com.rst-steel.eu\/#organization\"},\"alternateName\":\"Safe and stylish RST-Steel quality\",\"potentialAction\":[{\"@type\":\"SearchAction\",\"target\":{\"@type\":\"EntryPoint\",\"urlTemplate\":\"https:\/\/com.rst-steel.eu\/?s={search_term_string}\"},\"query-input\":{\"@type\":\"PropertyValueSpecification\",\"valueRequired\":true,\"valueName\":\"search_term_string\"}}],\"inLanguage\":\"nb-NO\"},{\"@type\":\"Organization\",\"@id\":\"https:\/\/com.rst-steel.eu\/#organization\",\"name\":\"RST-Steel Oy\",\"url\":\"https:\/\/com.rst-steel.eu\/\",\"logo\":{\"@type\":\"ImageObject\",\"inLanguage\":\"nb-NO\",\"@id\":\"https:\/\/com.rst-steel.eu\/#\/schema\/logo\/image\/\",\"url\":\"https:\/\/com.rst-steel.eu\/wp-content\/uploads\/2023\/04\/cropped-Rst-logo-valkoinen-teksti-3.png\",\"contentUrl\":\"https:\/\/com.rst-steel.eu\/wp-content\/uploads\/2023\/04\/cropped-Rst-logo-valkoinen-teksti-3.png\",\"width\":512,\"height\":115,\"caption\":\"RST-Steel Oy\"},\"image\":{\"@id\":\"https:\/\/com.rst-steel.eu\/#\/schema\/logo\/image\/\"},\"sameAs\":[\"https:\/\/www.facebook.com\/rststeel\",\"https:\/\/www.instagram.com\/rststeeloy\/\"]}]}<\/script>\n<!-- \/ Yoast SEO plugin. -->","yoast_head_json":{"title":"Lazer Triple-R 1250 Elite GEN2 LBA Light Bar - RST-Steel","description":"Boost visibility with the Lazer Triple R 1250 Elite. Its I-LBA technology ensures powerful, reliable illumination in all conditions.","robots":{"index":"index","follow":"follow","max-snippet":"max-snippet:-1","max-image-preview":"max-image-preview:large","max-video-preview":"max-video-preview:-1"},"canonical":"https:\/\/com.rst-steel.eu\/nb\/produkt\/lazer-triple-r-1250-elite-gen2-lba-light-bar_pr_18693\/","og_locale":"nb_NO","og_type":"article","og_title":"Lazer Triple-R 1250 Elite GEN2 LBA Light Bar - RST-Steel","og_description":"Boost visibility with the Lazer Triple R 1250 Elite. Its I-LBA technology ensures powerful, reliable illumination in all conditions.","og_url":"https:\/\/com.rst-steel.eu\/nb\/produkt\/lazer-triple-r-1250-elite-gen2-lba-light-bar_pr_18693\/","og_site_name":"RST-Steel","article_publisher":"https:\/\/www.facebook.com\/rststeel","article_modified_time":"2026-03-16T06:21:20+00:00","og_image":[{"width":2560,"height":1710,"url":"https:\/\/com.rst-steel.eu\/wp-content\/uploads\/2023\/02\/7a0a649f263409783c5a368ac2a717c7b67676f9_mXsGlnyg-scaled.jpeg","type":"image\/jpeg"}],"twitter_card":"summary_large_image","twitter_misc":{"Ansl. lesetid":"4 minutter"},"schema":{"@context":"https:\/\/schema.org","@graph":[{"@type":"WebPage","@id":"https:\/\/com.rst-steel.eu\/product\/lazer-triple-r-1250-elite-gen2-lba-light-bar_pr_18693\/","url":"https:\/\/com.rst-steel.eu\/product\/lazer-triple-r-1250-elite-gen2-lba-light-bar_pr_18693\/","name":"Lazer Triple-R 1250 Elite GEN2 LBA Light Bar - RST-Steel","isPartOf":{"@id":"https:\/\/com.rst-steel.eu\/#website"},"primaryImageOfPage":{"@id":"https:\/\/com.rst-steel.eu\/product\/lazer-triple-r-1250-elite-gen2-lba-light-bar_pr_18693\/#primaryimage"},"image":{"@id":"https:\/\/com.rst-steel.eu\/product\/lazer-triple-r-1250-elite-gen2-lba-light-bar_pr_18693\/#primaryimage"},"thumbnailUrl":"https:\/\/com.rst-steel.eu\/wp-content\/uploads\/2023\/02\/7a0a649f263409783c5a368ac2a717c7b67676f9_mXsGlnyg-scaled.jpeg","datePublished":"2023-02-10T13:18:00+00:00","dateModified":"2026-03-16T06:21:20+00:00","description":"Boost visibility with the Lazer Triple R 1250 Elite. Its I-LBA technology ensures powerful, reliable illumination in all conditions.","breadcrumb":{"@id":"https:\/\/com.rst-steel.eu\/product\/lazer-triple-r-1250-elite-gen2-lba-light-bar_pr_18693\/#breadcrumb"},"inLanguage":"nb-NO","potentialAction":[{"@type":"ReadAction","target":["https:\/\/com.rst-steel.eu\/product\/lazer-triple-r-1250-elite-gen2-lba-light-bar_pr_18693\/"]}]},{"@type":"ImageObject","inLanguage":"nb-NO","@id":"https:\/\/com.rst-steel.eu\/product\/lazer-triple-r-1250-elite-gen2-lba-light-bar_pr_18693\/#primaryimage","url":"https:\/\/com.rst-steel.eu\/wp-content\/uploads\/2023\/02\/7a0a649f263409783c5a368ac2a717c7b67676f9_mXsGlnyg-scaled.jpeg","contentUrl":"https:\/\/com.rst-steel.eu\/wp-content\/uploads\/2023\/02\/7a0a649f263409783c5a368ac2a717c7b67676f9_mXsGlnyg-scaled.jpeg","width":2560,"height":1710,"caption":"Lazer Triple-R 1250 Elite with I-LBA"},{"@type":"BreadcrumbList","@id":"https:\/\/com.rst-steel.eu\/product\/lazer-triple-r-1250-elite-gen2-lba-light-bar_pr_18693\/#breadcrumb","itemListElement":[{"@type":"ListItem","position":1,"name":"Home","item":"https:\/\/com.rst-steel.eu\/"},{"@type":"ListItem","position":2,"name":"RST-Steel Shop","item":"https:\/\/com.rst-steel.eu\/shop\/"},{"@type":"ListItem","position":3,"name":"Lazer Triple-R 1250 Elite GEN2 LBA Light Bar"}]},{"@type":"WebSite","@id":"https:\/\/com.rst-steel.eu\/#website","url":"https:\/\/com.rst-steel.eu\/","name":"RST-Steel.com","description":"Finsk kvalitetsst\u00e5l, for kvalitetsbevisste sj\u00e5f\u00f8rer","publisher":{"@id":"https:\/\/com.rst-steel.eu\/#organization"},"alternateName":"Safe and stylish RST-Steel quality","potentialAction":[{"@type":"SearchAction","target":{"@type":"EntryPoint","urlTemplate":"https:\/\/com.rst-steel.eu\/?s={search_term_string}"},"query-input":{"@type":"PropertyValueSpecification","valueRequired":true,"valueName":"search_term_string"}}],"inLanguage":"nb-NO"},{"@type":"Organization","@id":"https:\/\/com.rst-steel.eu\/#organization","name":"RST-Steel Oy","url":"https:\/\/com.rst-steel.eu\/","logo":{"@type":"ImageObject","inLanguage":"nb-NO","@id":"https:\/\/com.rst-steel.eu\/#\/schema\/logo\/image\/","url":"https:\/\/com.rst-steel.eu\/wp-content\/uploads\/2023\/04\/cropped-Rst-logo-valkoinen-teksti-3.png","contentUrl":"https:\/\/com.rst-steel.eu\/wp-content\/uploads\/2023\/04\/cropped-Rst-logo-valkoinen-teksti-3.png","width":512,"height":115,"caption":"RST-Steel Oy"},"image":{"@id":"https:\/\/com.rst-steel.eu\/#\/schema\/logo\/image\/"},"sameAs":["https:\/\/www.facebook.com\/rststeel","https:\/\/www.instagram.com\/rststeeloy\/"]}]}},"brands":[{"id":8332,"name":"Lazer Lamps","slug":"brand_lazerlamps"}],"_links":{"self":[{"href":"https:\/\/com.rst-steel.eu\/nb\/wp-json\/wp\/v2\/product\/36651","targetHints":{"allow":["GET"]}}],"collection":[{"href":"https:\/\/com.rst-steel.eu\/nb\/wp-json\/wp\/v2\/product"}],"about":[{"href":"https:\/\/com.rst-steel.eu\/nb\/wp-json\/wp\/v2\/types\/product"}],"replies":[{"embeddable":true,"href":"https:\/\/com.rst-steel.eu\/nb\/wp-json\/wp\/v2\/comments?post=36651"}],"version-history":[{"count":0,"href":"https:\/\/com.rst-steel.eu\/nb\/wp-json\/wp\/v2\/product\/36651\/revisions"}],"wp:featuredmedia":[{"embeddable":true,"href":"https:\/\/com.rst-steel.eu\/nb\/wp-json\/wp\/v2\/media\/36646"}],"wp:attachment":[{"href":"https:\/\/com.rst-steel.eu\/nb\/wp-json\/wp\/v2\/media?parent=36651"}],"wp:term":[{"taxonomy":"make_fuel_type","embeddable":true,"href":"https:\/\/com.rst-steel.eu\/nb\/wp-json\/wp\/v2\/make_fuel_type?post=36651"},{"taxonomy":"make_model","embeddable":true,"href":"https:\/\/com.rst-steel.eu\/nb\/wp-json\/wp\/v2\/make_model?post=36651"},{"taxonomy":"make_brand","embeddable":true,"href":"https:\/\/com.rst-steel.eu\/nb\/wp-json\/wp\/v2\/make_brand?post=36651"},{"taxonomy":"make_year","embeddable":true,"href":"https:\/\/com.rst-steel.eu\/nb\/wp-json\/wp\/v2\/make_year?post=36651"},{"taxonomy":"pwb-brand","embeddable":true,"href":"https:\/\/com.rst-steel.eu\/nb\/wp-json\/wp\/v2\/pwb-brand?post=36651"},{"taxonomy":"product_brand","embeddable":true,"href":"https:\/\/com.rst-steel.eu\/nb\/wp-json\/wp\/v2\/product_brand?post=36651"},{"taxonomy":"product_cat","embeddable":true,"href":"https:\/\/com.rst-steel.eu\/nb\/wp-json\/wp\/v2\/product_cat?post=36651"},{"taxonomy":"product_tag","embeddable":true,"href":"https:\/\/com.rst-steel.eu\/nb\/wp-json\/wp\/v2\/product_tag?post=36651"}],"curies":[{"name":"wp","href":"https:\/\/api.w.org\/{rel}","templated":true}]}}