{"id":36608,"date":"2023-02-10T16:17:05","date_gmt":"2023-02-10T13:17:05","guid":{"rendered":"https:\/\/rst-steel.fi-c.seravo.com\/product\/lazer-triple-r-750-elite_pr_18683\/"},"modified":"2026-03-16T09:21:20","modified_gmt":"2026-03-16T06:21:20","slug":"lazer-triple-r-750-elite-gen2-auxiliary-light_pr_18683","status":"publish","type":"product","link":"https:\/\/com.rst-steel.eu\/nb\/produkt\/lazer-triple-r-750-elite-gen2-auxiliary-light_pr_18683\/","title":{"rendered":"Lazer Triple-R 750 Elite Gen2 Auxiliary Light"},"content":{"rendered":"<p>Den ikoniske Triple-R-serien, som ble oppgradert i 2020\/21, leverer eksepsjonell LED-hjelpelys til biler med lang rekkevidde. Serien ble opprinnelig utviklet for de kompromissl\u00f8se kravene innen profesjonell motorsport p\u00e5 bane og i rally, men har utviklet seg til \u00e5 bli en favoritt p\u00e5 markedet for personbiler, 4\u00d74-biler, lette nyttekj\u00f8ret\u00f8y og tunge lastebiler, b\u00e5de p\u00e5 og utenfor vei. De siste tilskuddene til Triple-R-serien har innovative funksjoner og funksjonalitet, inkludert patents\u00f8kt teknologi som aldri f\u00f8r er sett i en ekstra LED-lysbjelke.<\/p>\n<p><\/p>\n<p>Triple-R Elite-produktene er v\u00e5re kraftigste kj\u00f8relys og best\u00e5r av et arrangement av h\u00f8yeffektive, f\u00f8rsteklasses \"bin\"-lysdioder med en n\u00f8ye utvalgt fargetemperatur p\u00e5 5000K, med 80CRI for h\u00f8y skarphet og klarhet. Elektronikken og den optiske designen fungerer sammen for \u00e5 gi en utrolig god avstandsbelysning, men likevel med en misunnelsesverdig spredning til h\u00f8yre\/venstre. Den relativt lave spredningen av lyset fra Elite-lyktene oppover\/nedover gj\u00f8r dem velegnet for montering p\u00e5 taket, slik at man unng\u00e5r reflekser fra panseret p\u00e5 bilen.<\/p>\n<p><\/p>\n<p>Standard level products feature integrated (optional) white and\/or amber position light function for added styling and safety benefits. Alongside the premium design of the lights themselves, you can be sure your Triple-R product will impress even before the sun goes down! High efficiency 11W LEDs deliver impressive distance illumination albeit with not quite the same left\/right visibility that you otherwise find with the equivalent Elite level products. A slightly taller up\/down spread does however ensure suitability when mounting high on a vehicle such as a truck cab or roof of a van or other light commercial vehicle.<\/p>\n<p><\/p>\n<p>Produktegenskaper:<\/p>\n<p><\/p>\n<p>Highly efficient 11W LED technology (upgraded for 2020\/21)<\/p>\n<p>5000K LED fargetemperatur og 80CRI maksimerer skarphet og definisjon<\/p>\n<p>Ultrareflekterende vakuummetallisert optikk leverer punktstr\u00e5lem\u00f8nster<\/p>\n<p>UNECE Reg 112 Class B Driving Light, approved for on-road high beam (E-Boost technology)&nbsp;<\/p>\n<p>Contemporary lamp design<\/p>\n<p>Includes versatile \u2018Centre Mount\u2019 mounting system plus integral features to enable side mounting (brackets sold separately)<\/p>\n<p>Elektronisk termisk styringssystem optimerer lyseffekten for \u00e5 bevare levetiden til lysdiodene<\/p>\n<p>Anodised pre-treatment and automotive grade powder top-coat for ultimate corrosion and chemical protection<\/p>\n<p>CAE-optimalisert kj\u00f8leribbe tilbyr forbedret termisk dynamikk<\/p>\n<p>Overspenningsbeskyttet<\/p>\n<p>Beskyttet mot omvendt polaritet<\/p>\n<p>\u2018Uknuselig\u2019 polykarbonatlinse med hardcoat lakk<\/p>\n<p>UNECE-godkjent Reg 10<\/p>\n<p>IP67 vanntett<\/p>\n<p>5 \u00e5rs garanti<\/p>\n<p>Leveres med forh\u00e5ndskablet hann\/hunn 3-pins Superseal-kontakter<\/p>\n<p>Designet og produsert i Storbritannia<\/p>\n<p><\/p>\n<p><\/p>\n<p>Tekniske spesifikasjoner:<\/p>\n<p><\/p>\n<p>&nbsp;&nbsp;&nbsp;&nbsp;Spenningsomr\u00e5de: 10-32V<\/p>\n<p>&nbsp;&nbsp;&nbsp;&nbsp;Weight: 1 kg<\/p>\n<p>&nbsp;&nbsp;&nbsp;&nbsp;Total luminous Flux: 5068 lm \/ 1267 lm (E-Boost \/ E-Mark Mode)<\/p>\n<p>&nbsp;&nbsp;&nbsp;&nbsp;Power Consumption: 45 Watts \/ 11.5 Watts\u00a0 (E-Boost \/ E-Mark Mode)<\/p>\n<p>&nbsp;&nbsp;&nbsp;&nbsp;Antall lysdioder med h\u00f8y effekt:  4<\/p>\n<p><\/p>\n<p>DIMENSJONER:<\/p>\n<p>&nbsp; &nbsp; Width: 230 mm<\/p>\n<p>&nbsp; &nbsp; Dybde: 105 mm<\/p>\n<p>&nbsp; &nbsp; H\u00f8yde: 73 mm<\/p>\n<p>&nbsp; &nbsp; H\u00f8yde med feste: 103 mm<\/p>\n<p><\/p>\n<p>PHOTOMETRIC DATA:<\/p>\n<p>&nbsp; &nbsp; Horisontal str\u00e5levinkel: 42 grader<\/p>\n<p>&nbsp; &nbsp; 0.25 lx Line: 1033 metres \/ 462 metres (E-Boost \/ E-Mark Mode)<\/p>\n<p>&nbsp; &nbsp; 0.5 lx Line: 731 metres \/ 327 metres (E-Boost \/ E-Mark Mode)<\/p>\n<p>&nbsp;&nbsp;&nbsp;&nbsp;1 lx Line: 517 metres \/ 231 metres (E-Boost \/ E-Mark Mode)<\/p>\n<p>&nbsp;&nbsp;&nbsp;&nbsp;3 lx Line: 298 metres \/ 133 metres (E-Boost \/ E-Mark Mode)<\/p>\n<p><\/p>\n<p>SERTIFIKASJON:<\/p>\n<p>&nbsp; &nbsp; High Beam<span>\t<\/span>ECE:  R112 (E-Mark-modus)<\/p>\n<p>&nbsp;&nbsp;&nbsp;&nbsp;E-Mark Reference:\u00a0 12.5 (E-Mark Mode)<\/p>\n<p><\/p>\n<p>Hva er inkludert?<\/p>\n<p>&nbsp;&nbsp;&nbsp;&nbsp;Triple-R 750 Elite Gen2 LED Lamp<\/p>\n<p>&nbsp; &nbsp; Centre mount<\/p>\n<p>&nbsp;&nbsp;&nbsp;&nbsp;Installasjonsinstruksjoner<\/p>","protected":false},"excerpt":{"rendered":"<p>5 \u00e5rs garanti!<\/p>\n<div><\/div>","protected":false},"featured_media":43689,"comment_status":"open","ping_status":"closed","template":"","meta":{"_improvement_type_select":"improve_an_existing","_thumb_yes_seoaic":false,"_frame_yes_seoaic":false,"seoaic_generate_description":"","seoaic_improve_instructions_prompt":"","seoaic_rollback_content_improvement":"","seoaic_idea_thumbnail_generator":"","thumbnail_generated":false,"thumbnail_generate_prompt":"","seoaic_article_description":""},"make_fuel_type":[],"make_model":[],"make_brand":[],"make_year":[3748,6373],"pwb-brand":[8332],"product_brand":[],"product_cat":[6195,6209,6211,7205],"product_tag":[7551,6298,6362],"class_list":{"0":"post-36608","1":"product","2":"type-product","3":"status-publish","4":"has-post-thumbnail","6":"make_year-trucks","7":"make_year-van","8":"pwb-brand-brand_lazerlamps","9":"product_cat-lamps","10":"product_cat-auxiliary-lights","11":"product_cat-lazer-lamps-auxiliary-lights","12":"product_cat-rst-triplerr","13":"product_tag-extraljus","14":"product_tag-lazer-lamps","15":"product_tag-triple-r","17":"first","18":"instock","19":"taxable","20":"shipping-taxable","21":"purchasable","22":"product-type-simple"},"yoast_head":"<!-- This site is optimized with the Yoast SEO plugin v25.7 - https:\/\/yoast.com\/wordpress\/plugins\/seo\/ -->\n<title>Lazer Triple-R 750 Elite Gen2 Auxiliary Light - RST-Steel<\/title>\n<meta name=\"description\" content=\"The Lazer Triple-R 750 Elite offers intense LED brightness and durability for optimal visibility in challenging driving conditions.\" \/>\n<meta name=\"robots\" content=\"index, follow, max-snippet:-1, max-image-preview:large, max-video-preview:-1\" \/>\n<link rel=\"canonical\" href=\"https:\/\/com.rst-steel.eu\/nb\/produkt\/lazer-triple-r-750-elite-gen2-auxiliary-light_pr_18683\/\" \/>\n<meta property=\"og:locale\" content=\"nb_NO\" \/>\n<meta property=\"og:type\" content=\"article\" \/>\n<meta property=\"og:title\" content=\"Lazer Triple-R 750 Elite Gen2 Auxiliary Light - RST-Steel\" \/>\n<meta property=\"og:description\" content=\"The Lazer Triple-R 750 Elite offers intense LED brightness and durability for optimal visibility in challenging driving conditions.\" \/>\n<meta property=\"og:url\" content=\"https:\/\/com.rst-steel.eu\/nb\/produkt\/lazer-triple-r-750-elite-gen2-auxiliary-light_pr_18683\/\" \/>\n<meta property=\"og:site_name\" content=\"RST-Steel\" \/>\n<meta property=\"article:publisher\" content=\"https:\/\/www.facebook.com\/rststeel\" \/>\n<meta property=\"article:modified_time\" content=\"2026-03-16T06:21:20+00:00\" \/>\n<meta property=\"og:image\" content=\"https:\/\/com.rst-steel.eu\/wp-content\/uploads\/2024\/06\/75c9b9e5b9163059279f8cc38963359d5b0706de_lazer_triple_r_750_elite_gen2_2_normal.jpg\" \/>\n\t<meta property=\"og:image:width\" content=\"600\" \/>\n\t<meta property=\"og:image:height\" content=\"600\" \/>\n\t<meta property=\"og:image:type\" content=\"image\/jpeg\" \/>\n<meta name=\"twitter:card\" content=\"summary_large_image\" \/>\n<meta name=\"twitter:label1\" content=\"Ansl. lesetid\" \/>\n\t<meta name=\"twitter:data1\" content=\"3 minutter\" \/>\n<script type=\"application\/ld+json\" class=\"yoast-schema-graph\">{\"@context\":\"https:\/\/schema.org\",\"@graph\":[{\"@type\":\"WebPage\",\"@id\":\"https:\/\/com.rst-steel.eu\/nb\/produkt\/lazer-triple-r-750-elite-gen2-auxiliary-light_pr_18683\/\",\"url\":\"https:\/\/com.rst-steel.eu\/nb\/produkt\/lazer-triple-r-750-elite-gen2-auxiliary-light_pr_18683\/\",\"name\":\"Lazer Triple-R 750 Elite Gen2 Auxiliary Light - RST-Steel\",\"isPartOf\":{\"@id\":\"https:\/\/com.rst-steel.eu\/#website\"},\"primaryImageOfPage\":{\"@id\":\"https:\/\/com.rst-steel.eu\/nb\/produkt\/lazer-triple-r-750-elite-gen2-auxiliary-light_pr_18683\/#primaryimage\"},\"image\":{\"@id\":\"https:\/\/com.rst-steel.eu\/nb\/produkt\/lazer-triple-r-750-elite-gen2-auxiliary-light_pr_18683\/#primaryimage\"},\"thumbnailUrl\":\"https:\/\/com.rst-steel.eu\/wp-content\/uploads\/2024\/06\/75c9b9e5b9163059279f8cc38963359d5b0706de_lazer_triple_r_750_elite_gen2_2_normal.jpg\",\"datePublished\":\"2023-02-10T13:17:05+00:00\",\"dateModified\":\"2026-03-16T06:21:20+00:00\",\"description\":\"The Lazer Triple-R 750 Elite offers intense LED brightness and durability for optimal visibility in challenging driving conditions.\",\"breadcrumb\":{\"@id\":\"https:\/\/com.rst-steel.eu\/nb\/produkt\/lazer-triple-r-750-elite-gen2-auxiliary-light_pr_18683\/#breadcrumb\"},\"inLanguage\":\"nb-NO\",\"potentialAction\":[{\"@type\":\"ReadAction\",\"target\":[\"https:\/\/com.rst-steel.eu\/nb\/produkt\/lazer-triple-r-750-elite-gen2-auxiliary-light_pr_18683\/\"]}]},{\"@type\":\"ImageObject\",\"inLanguage\":\"nb-NO\",\"@id\":\"https:\/\/com.rst-steel.eu\/nb\/produkt\/lazer-triple-r-750-elite-gen2-auxiliary-light_pr_18683\/#primaryimage\",\"url\":\"https:\/\/com.rst-steel.eu\/wp-content\/uploads\/2024\/06\/75c9b9e5b9163059279f8cc38963359d5b0706de_lazer_triple_r_750_elite_gen2_2_normal.jpg\",\"contentUrl\":\"https:\/\/com.rst-steel.eu\/wp-content\/uploads\/2024\/06\/75c9b9e5b9163059279f8cc38963359d5b0706de_lazer_triple_r_750_elite_gen2_2_normal.jpg\",\"width\":600,\"height\":600,\"caption\":\"Lazer Triple-R 750 Elite\"},{\"@type\":\"BreadcrumbList\",\"@id\":\"https:\/\/com.rst-steel.eu\/nb\/produkt\/lazer-triple-r-750-elite-gen2-auxiliary-light_pr_18683\/#breadcrumb\",\"itemListElement\":[{\"@type\":\"ListItem\",\"position\":1,\"name\":\"Home\",\"item\":\"https:\/\/com.rst-steel.eu\/\"},{\"@type\":\"ListItem\",\"position\":2,\"name\":\"RST-Steel Shop\",\"item\":\"https:\/\/com.rst-steel.eu\/shop\/\"},{\"@type\":\"ListItem\",\"position\":3,\"name\":\"Lazer Triple-R 750 Elite Gen2 Auxiliary Light\"}]},{\"@type\":\"WebSite\",\"@id\":\"https:\/\/com.rst-steel.eu\/#website\",\"url\":\"https:\/\/com.rst-steel.eu\/\",\"name\":\"RST-Steel.com\",\"description\":\"Finnish quality steel, for quality-conscious drivers\",\"publisher\":{\"@id\":\"https:\/\/com.rst-steel.eu\/#organization\"},\"alternateName\":\"Safe and stylish RST-Steel quality\",\"potentialAction\":[{\"@type\":\"SearchAction\",\"target\":{\"@type\":\"EntryPoint\",\"urlTemplate\":\"https:\/\/com.rst-steel.eu\/?s={search_term_string}\"},\"query-input\":{\"@type\":\"PropertyValueSpecification\",\"valueRequired\":true,\"valueName\":\"search_term_string\"}}],\"inLanguage\":\"nb-NO\"},{\"@type\":\"Organization\",\"@id\":\"https:\/\/com.rst-steel.eu\/#organization\",\"name\":\"RST-Steel Oy\",\"url\":\"https:\/\/com.rst-steel.eu\/\",\"logo\":{\"@type\":\"ImageObject\",\"inLanguage\":\"nb-NO\",\"@id\":\"https:\/\/com.rst-steel.eu\/#\/schema\/logo\/image\/\",\"url\":\"https:\/\/com.rst-steel.eu\/wp-content\/uploads\/2023\/04\/cropped-Rst-logo-valkoinen-teksti-3.png\",\"contentUrl\":\"https:\/\/com.rst-steel.eu\/wp-content\/uploads\/2023\/04\/cropped-Rst-logo-valkoinen-teksti-3.png\",\"width\":512,\"height\":115,\"caption\":\"RST-Steel Oy\"},\"image\":{\"@id\":\"https:\/\/com.rst-steel.eu\/#\/schema\/logo\/image\/\"},\"sameAs\":[\"https:\/\/www.facebook.com\/rststeel\",\"https:\/\/www.instagram.com\/rststeeloy\/\"]}]}<\/script>\n<!-- \/ Yoast SEO plugin. -->","yoast_head_json":{"title":"Lazer Triple-R 750 Elite Gen2 Auxiliary Light - RST-Steel","description":"The Lazer Triple-R 750 Elite offers intense LED brightness and durability for optimal visibility in challenging driving conditions.","robots":{"index":"index","follow":"follow","max-snippet":"max-snippet:-1","max-image-preview":"max-image-preview:large","max-video-preview":"max-video-preview:-1"},"canonical":"https:\/\/com.rst-steel.eu\/nb\/produkt\/lazer-triple-r-750-elite-gen2-auxiliary-light_pr_18683\/","og_locale":"nb_NO","og_type":"article","og_title":"Lazer Triple-R 750 Elite Gen2 Auxiliary Light - RST-Steel","og_description":"The Lazer Triple-R 750 Elite offers intense LED brightness and durability for optimal visibility in challenging driving conditions.","og_url":"https:\/\/com.rst-steel.eu\/nb\/produkt\/lazer-triple-r-750-elite-gen2-auxiliary-light_pr_18683\/","og_site_name":"RST-Steel","article_publisher":"https:\/\/www.facebook.com\/rststeel","article_modified_time":"2026-03-16T06:21:20+00:00","og_image":[{"width":600,"height":600,"url":"https:\/\/com.rst-steel.eu\/wp-content\/uploads\/2024\/06\/75c9b9e5b9163059279f8cc38963359d5b0706de_lazer_triple_r_750_elite_gen2_2_normal.jpg","type":"image\/jpeg"}],"twitter_card":"summary_large_image","twitter_misc":{"Ansl. lesetid":"3 minutter"},"schema":{"@context":"https:\/\/schema.org","@graph":[{"@type":"WebPage","@id":"https:\/\/com.rst-steel.eu\/nb\/produkt\/lazer-triple-r-750-elite-gen2-auxiliary-light_pr_18683\/","url":"https:\/\/com.rst-steel.eu\/nb\/produkt\/lazer-triple-r-750-elite-gen2-auxiliary-light_pr_18683\/","name":"Lazer Triple-R 750 Elite Gen2 Auxiliary Light - RST-Steel","isPartOf":{"@id":"https:\/\/com.rst-steel.eu\/#website"},"primaryImageOfPage":{"@id":"https:\/\/com.rst-steel.eu\/nb\/produkt\/lazer-triple-r-750-elite-gen2-auxiliary-light_pr_18683\/#primaryimage"},"image":{"@id":"https:\/\/com.rst-steel.eu\/nb\/produkt\/lazer-triple-r-750-elite-gen2-auxiliary-light_pr_18683\/#primaryimage"},"thumbnailUrl":"https:\/\/com.rst-steel.eu\/wp-content\/uploads\/2024\/06\/75c9b9e5b9163059279f8cc38963359d5b0706de_lazer_triple_r_750_elite_gen2_2_normal.jpg","datePublished":"2023-02-10T13:17:05+00:00","dateModified":"2026-03-16T06:21:20+00:00","description":"The Lazer Triple-R 750 Elite offers intense LED brightness and durability for optimal visibility in challenging driving conditions.","breadcrumb":{"@id":"https:\/\/com.rst-steel.eu\/nb\/produkt\/lazer-triple-r-750-elite-gen2-auxiliary-light_pr_18683\/#breadcrumb"},"inLanguage":"nb-NO","potentialAction":[{"@type":"ReadAction","target":["https:\/\/com.rst-steel.eu\/nb\/produkt\/lazer-triple-r-750-elite-gen2-auxiliary-light_pr_18683\/"]}]},{"@type":"ImageObject","inLanguage":"nb-NO","@id":"https:\/\/com.rst-steel.eu\/nb\/produkt\/lazer-triple-r-750-elite-gen2-auxiliary-light_pr_18683\/#primaryimage","url":"https:\/\/com.rst-steel.eu\/wp-content\/uploads\/2024\/06\/75c9b9e5b9163059279f8cc38963359d5b0706de_lazer_triple_r_750_elite_gen2_2_normal.jpg","contentUrl":"https:\/\/com.rst-steel.eu\/wp-content\/uploads\/2024\/06\/75c9b9e5b9163059279f8cc38963359d5b0706de_lazer_triple_r_750_elite_gen2_2_normal.jpg","width":600,"height":600,"caption":"Lazer Triple-R 750 Elite"},{"@type":"BreadcrumbList","@id":"https:\/\/com.rst-steel.eu\/nb\/produkt\/lazer-triple-r-750-elite-gen2-auxiliary-light_pr_18683\/#breadcrumb","itemListElement":[{"@type":"ListItem","position":1,"name":"Home","item":"https:\/\/com.rst-steel.eu\/"},{"@type":"ListItem","position":2,"name":"RST-Steel Shop","item":"https:\/\/com.rst-steel.eu\/shop\/"},{"@type":"ListItem","position":3,"name":"Lazer Triple-R 750 Elite Gen2 Auxiliary Light"}]},{"@type":"WebSite","@id":"https:\/\/com.rst-steel.eu\/#website","url":"https:\/\/com.rst-steel.eu\/","name":"RST-Steel.com","description":"Finsk kvalitetsst\u00e5l, for kvalitetsbevisste sj\u00e5f\u00f8rer","publisher":{"@id":"https:\/\/com.rst-steel.eu\/#organization"},"alternateName":"Safe and stylish RST-Steel quality","potentialAction":[{"@type":"SearchAction","target":{"@type":"EntryPoint","urlTemplate":"https:\/\/com.rst-steel.eu\/?s={search_term_string}"},"query-input":{"@type":"PropertyValueSpecification","valueRequired":true,"valueName":"search_term_string"}}],"inLanguage":"nb-NO"},{"@type":"Organization","@id":"https:\/\/com.rst-steel.eu\/#organization","name":"RST-Steel Oy","url":"https:\/\/com.rst-steel.eu\/","logo":{"@type":"ImageObject","inLanguage":"nb-NO","@id":"https:\/\/com.rst-steel.eu\/#\/schema\/logo\/image\/","url":"https:\/\/com.rst-steel.eu\/wp-content\/uploads\/2023\/04\/cropped-Rst-logo-valkoinen-teksti-3.png","contentUrl":"https:\/\/com.rst-steel.eu\/wp-content\/uploads\/2023\/04\/cropped-Rst-logo-valkoinen-teksti-3.png","width":512,"height":115,"caption":"RST-Steel Oy"},"image":{"@id":"https:\/\/com.rst-steel.eu\/#\/schema\/logo\/image\/"},"sameAs":["https:\/\/www.facebook.com\/rststeel","https:\/\/www.instagram.com\/rststeeloy\/"]}]}},"brands":[{"id":8332,"name":"Lazer Lamps","slug":"brand_lazerlamps"}],"_links":{"self":[{"href":"https:\/\/com.rst-steel.eu\/nb\/wp-json\/wp\/v2\/product\/36608","targetHints":{"allow":["GET"]}}],"collection":[{"href":"https:\/\/com.rst-steel.eu\/nb\/wp-json\/wp\/v2\/product"}],"about":[{"href":"https:\/\/com.rst-steel.eu\/nb\/wp-json\/wp\/v2\/types\/product"}],"replies":[{"embeddable":true,"href":"https:\/\/com.rst-steel.eu\/nb\/wp-json\/wp\/v2\/comments?post=36608"}],"version-history":[{"count":0,"href":"https:\/\/com.rst-steel.eu\/nb\/wp-json\/wp\/v2\/product\/36608\/revisions"}],"wp:featuredmedia":[{"embeddable":true,"href":"https:\/\/com.rst-steel.eu\/nb\/wp-json\/wp\/v2\/media\/43689"}],"wp:attachment":[{"href":"https:\/\/com.rst-steel.eu\/nb\/wp-json\/wp\/v2\/media?parent=36608"}],"wp:term":[{"taxonomy":"make_fuel_type","embeddable":true,"href":"https:\/\/com.rst-steel.eu\/nb\/wp-json\/wp\/v2\/make_fuel_type?post=36608"},{"taxonomy":"make_model","embeddable":true,"href":"https:\/\/com.rst-steel.eu\/nb\/wp-json\/wp\/v2\/make_model?post=36608"},{"taxonomy":"make_brand","embeddable":true,"href":"https:\/\/com.rst-steel.eu\/nb\/wp-json\/wp\/v2\/make_brand?post=36608"},{"taxonomy":"make_year","embeddable":true,"href":"https:\/\/com.rst-steel.eu\/nb\/wp-json\/wp\/v2\/make_year?post=36608"},{"taxonomy":"pwb-brand","embeddable":true,"href":"https:\/\/com.rst-steel.eu\/nb\/wp-json\/wp\/v2\/pwb-brand?post=36608"},{"taxonomy":"product_brand","embeddable":true,"href":"https:\/\/com.rst-steel.eu\/nb\/wp-json\/wp\/v2\/product_brand?post=36608"},{"taxonomy":"product_cat","embeddable":true,"href":"https:\/\/com.rst-steel.eu\/nb\/wp-json\/wp\/v2\/product_cat?post=36608"},{"taxonomy":"product_tag","embeddable":true,"href":"https:\/\/com.rst-steel.eu\/nb\/wp-json\/wp\/v2\/product_tag?post=36608"}],"curies":[{"name":"wp","href":"https:\/\/api.w.org\/{rel}","templated":true}]}}