{"id":36600,"date":"2023-02-10T16:16:20","date_gmt":"2023-02-10T13:16:20","guid":{"rendered":"https:\/\/rst-steel.fi-c.seravo.com\/product\/lazer-sentinel-7-elite-with-position-light-white_pr_71973\/"},"modified":"2026-03-16T09:13:37","modified_gmt":"2026-03-16T06:13:37","slug":"lazer-sentinel-7-elite-med-posisjonslys-hvit_pr_71973","status":"publish","type":"product","link":"https:\/\/com.rst-steel.eu\/nb\/produkt\/lazer-sentinel-7-elite-med-posisjonslys-hvit_pr_71973\/","title":{"rendered":"Lazer Sentinel 7\u201d Elite with position light, White"},"content":{"rendered":"<p>With the range expanded in 2022, the Sentinel range of round LED driving lights now comprises 7-inch versions available in Standard and Elite grades. The lights deliver remarkable high beam lighting performance, and product styling that exudes quality.\u00a0 At the Standard level, a combination of 12 high power LEDs emit 5,208 raw lumens, while at the Elite level 10,248 raw lumens are served up by 24 high power LEDs, with each product having the light output on the road or track ahead maximised through the adoption of class-leading electronics and optical design, alongside the product\u2019s CAE-optimised lamp housing.<\/p>\n<p><\/p>\n<p>Boasting a true \u2018combo\u2019 beam pattern, the central rows of LEDs and optics deliver the long-range illumination, while the upper and lower sections have been meticulously designed and engineered to produce an enviable 65 degrees wide spread of light (Elite grade). The result, a perfectly balanced distribution of light, at a carefully selected 5000 kelvin colour temperature, to make night driving a safer and more enjoyable experience. Considering the lamps size and power rating (60W \u2013 Standard \/ 116W \u2013 Elite), these lamps outperform on every level, even against significantly larger, more powerful products.<\/p>\n<p><\/p>\n<p>Symbolic of the lighting power on show, operating at 100% the lamps exceed UNECE high beam driving light regulations, so both Standard and Elite lights adopt Lazer\u2019s dual output E-Boost technology whereby removing the supplied Boost Cap from the back of the lamp reduces the light output to be within the Regulation 148 limit, permitting use of the lights alongside the standard high beam driving lights on your vehicle.<\/p>\n<p><span style=\"font-weight: bold\"><br \/><\/span><\/p>\n<p><span style=\"font-weight: bold\"><br \/><\/span><\/p>\n<p><span style=\"font-weight: bold\">Produktegenskaper<\/span><\/p>\n<p>Combination of 24 premium \u2018bin\u2019 LEDs<\/p>\n<p>Stealth black internal appearance<\/p>\n<p>5000K LED fargetemperatur og 80CRI maksimerer skarphet og definisjon<\/p>\n<p>Integrated white and amber position light function (Elite only)<\/p>\n<p>UNECE Reg 148 Class B Driving Light, approved for on-road high beam (E-Boost technology) and Reg 149 position\/side light function (white only)<\/p>\n<p>Supplied with \u2018slim\u2019 diecast aluminium mounting bracket featuring Sentinel stamp<\/p>\n<p>Elektronisk termisk styringssystem optimerer lyseffekten for \u00e5 bevare levetiden til lysdiodene<\/p>\n<p>Anodised pre-treatment and automotive grade powder top-coat for ultimate corrosion and chemical protection<\/p>\n<p>CAE-optimalisert kj\u00f8leribbe tilbyr forbedret termisk dynamikk<\/p>\n<p>Overspenningsbeskyttet<\/p>\n<p>Beskyttet mot omvendt polaritet<\/p>\n<p>\u2018Uknuselig\u2019 polykarbonatlinse med hardcoat lakk<\/p>\n<p>A2 stainless steel fasteners with automotive grade black coating<\/p>\n<p>UNECE-godkjent Reg 10<\/p>\n<p>IP68 watertight \u2013 1.5m submersion (30mins)<\/p>\n<p>5 \u00e5rs garanti<\/p>\n<p>Supplied with pre-wired male\/female Superseal connectors<\/p>\n<p>Designet og produsert i Storbritannia<\/p>\n<p><\/p>\n<p>Technical Specications<\/p>\n<p>&nbsp; &nbsp; &nbsp; &nbsp; &nbsp; &nbsp; &nbsp; &nbsp; &nbsp; &nbsp; &nbsp; &nbsp; &nbsp; &nbsp; &nbsp; &nbsp; &nbsp; &nbsp; &nbsp; &nbsp; E-Boost \/ \u00a0\u00a0\u00a0\u00a0E-Mark Mode<\/p>\n<p>Voltage Range (DC):\u00a0\u00a0\u00a0\u00a010-32V<span>\t<\/span>10-32V<\/p>\n<p>LED Life: \u00a0\u00a0\u00a0\u00a0\u00a0\u00a0\u00a0\u00a0\u00a0\u00a0\u00a0\u00a0\u00a0\u00a0\u00a0\u00a050,000 hrs<span>\t<\/span>50,000 hrs<\/p>\n<p>Weight: \u00a0\u00a0\u00a0\u00a0\u00a0\u00a0\u00a0\u00a0\u00a0\u00a0\u00a0\u00a0\u00a0\u00a0\u00a0\u00a0\u00a0\u00a0\u00a0\u00a0\u00a0\u00a0\u00a0\u00a01.5 kg<span>\t<\/span>1.5 kg<\/p>\n<p><\/p>\n<p>Fjernlysfunksjon<\/p>\n<p>Total Luminous Flux<span>\t<\/span>10248 Lm \/ 2049 Lm<\/p>\n<p>Total Driver \u2018FOV\u2019 Flux \u2020<span>\t<\/span>TBC&nbsp;&nbsp;&nbsp;&nbsp;<span>\t<\/span>TBC<\/p>\n<p>Colour Temperature<span>\t<\/span>5000k<span>\t<\/span>5000k<\/p>\n<p>Number of High Output LEDs<span>\t<\/span>24 \/ 24<\/p>\n<p>Power Consumption<span>\t<\/span>110 Watts<span>\t<\/span>22 Watts<\/p>\n<p>Current Draw (at 14.4V)<span>\t<\/span>7.6 Amps<span>\t<\/span>1.5 Amps<\/p>\n<p><\/p>\n<p>CERTIFICATION<\/p>\n<p>High Beam<span>\t<\/span>N\/A\u00a0 \u00a0 \/<span>\t<\/span>ECE R149<\/p>\n<p>E-Mark Ref<span>\t<\/span>N\/A \/ \u00a0\u00a0\u00a0\u00a012.5<\/p>\n<p><\/p>\n<p>FOTOMETRISKE DATA<span>\t<\/span><\/p>\n<p>Horiz Beam Angle&nbsp;<span>\t<\/span>65 Deg<span>\t<\/span>65 Deg <\/p>\n<p>0.25 lx Line<span>\t<\/span>1233 metres \/ \u00a0\u00a0\u00a0\u00a0551 metres<\/p>\n<p>0.5 lx Line<span>\t<\/span>872 metres \/ \u00a0\u00a0\u00a0\u00a0390 metres<\/p>\n<p>1 lx Line<span>\t<\/span>616 metres \/ \u00a0\u00a0\u00a0\u00a0276 metres<\/p>\n<p>3 lx Line<span>\t<\/span>356 metres \/ \u00a0\u00a0\u00a0\u00a0159 metres<\/p>\n<p><\/p>\n<p>Whats Included:<\/p>\n<p>x1 Sentinel 7\" Elite LED-lampe<\/p>\n<p>x1 \u2018Slim\u2019 Mount Kit&nbsp;<\/p>\n<p>x1 Black Lens Cover&nbsp;<\/p>\n<p>x1 Installation Instructions<\/p>\n<p><\/p>\n<p><\/p>","protected":false},"excerpt":{"rendered":"<li>Integrert hvitt og gult posisjonslysfunksjon&nbsp;<\/li>","protected":false},"featured_media":36595,"comment_status":"open","ping_status":"closed","template":"","meta":{"_improvement_type_select":"improve_an_existing","_thumb_yes_seoaic":false,"_frame_yes_seoaic":false,"seoaic_generate_description":"","seoaic_improve_instructions_prompt":"","seoaic_rollback_content_improvement":"","seoaic_idea_thumbnail_generator":"","thumbnail_generated":false,"thumbnail_generate_prompt":"","seoaic_article_description":""},"make_fuel_type":[],"make_model":[],"make_brand":[],"make_year":[3748,6373],"pwb-brand":[8332],"product_brand":[],"product_cat":[6195,6209,6211,7207],"product_tag":[7551,6298,6363],"class_list":{"0":"post-36600","1":"product","2":"type-product","3":"status-publish","4":"has-post-thumbnail","6":"make_year-trucks","7":"make_year-van","8":"pwb-brand-brand_lazerlamps","9":"product_cat-lamps","10":"product_cat-auxiliary-lights","11":"product_cat-lazer-lamps-auxiliary-lights","12":"product_cat-rst-sentinell","13":"product_tag-extraljus","14":"product_tag-lazer-lamps","15":"product_tag-sentinel","17":"first","18":"instock","19":"taxable","20":"shipping-taxable","21":"purchasable","22":"product-type-simple"},"yoast_head":"<!-- This site is optimized with the Yoast SEO plugin v25.7 - https:\/\/yoast.com\/wordpress\/plugins\/seo\/ -->\n<title>Lazer Sentinel 7&#039;&#039; Elite with position light, White - RST-Steel<\/title>\n<meta name=\"description\" content=\"The Lazer Sentinel 7 Elite with Position Light offers powerful LED illumination and a built-in position light for enhanced visibility and safety.\" \/>\n<meta name=\"robots\" content=\"index, follow, max-snippet:-1, max-image-preview:large, max-video-preview:-1\" \/>\n<link rel=\"canonical\" href=\"https:\/\/com.rst-steel.eu\/nb\/produkt\/lazer-sentinel-7-elite-med-posisjonslys-hvit_pr_71973\/\" \/>\n<meta property=\"og:locale\" content=\"nb_NO\" \/>\n<meta property=\"og:type\" content=\"article\" \/>\n<meta property=\"og:title\" content=\"Lazer Sentinel 7&#039;&#039; Elite with position light, White - RST-Steel\" \/>\n<meta property=\"og:description\" content=\"The Lazer Sentinel 7 Elite with Position Light offers powerful LED illumination and a built-in position light for enhanced visibility and safety.\" \/>\n<meta property=\"og:url\" content=\"https:\/\/com.rst-steel.eu\/nb\/produkt\/lazer-sentinel-7-elite-med-posisjonslys-hvit_pr_71973\/\" \/>\n<meta property=\"og:site_name\" content=\"RST-Steel\" \/>\n<meta property=\"article:publisher\" content=\"https:\/\/www.facebook.com\/rststeel\" \/>\n<meta property=\"article:modified_time\" content=\"2026-03-16T06:13:37+00:00\" \/>\n<meta property=\"og:image\" content=\"https:\/\/com.rst-steel.eu\/wp-content\/uploads\/2023\/02\/0f75a1cf8f549e028ec666a9e4263a7f08c1f9c3_Sentinel_7in_elite_angled_Amber_PL_WHITE_Web.jpg\" \/>\n\t<meta property=\"og:image:width\" content=\"1000\" \/>\n\t<meta property=\"og:image:height\" content=\"750\" \/>\n\t<meta property=\"og:image:type\" content=\"image\/jpeg\" \/>\n<meta name=\"twitter:card\" content=\"summary_large_image\" \/>\n<meta name=\"twitter:label1\" content=\"Ansl. lesetid\" \/>\n\t<meta name=\"twitter:data1\" content=\"3 minutter\" \/>\n<script type=\"application\/ld+json\" class=\"yoast-schema-graph\">{\"@context\":\"https:\/\/schema.org\",\"@graph\":[{\"@type\":\"WebPage\",\"@id\":\"https:\/\/com.rst-steel.eu\/nb\/produkt\/lazer-sentinel-7-elite-med-posisjonslys-hvit_pr_71973\/\",\"url\":\"https:\/\/com.rst-steel.eu\/nb\/produkt\/lazer-sentinel-7-elite-med-posisjonslys-hvit_pr_71973\/\",\"name\":\"Lazer Sentinel 7'' Elite with position light, White - RST-Steel\",\"isPartOf\":{\"@id\":\"https:\/\/com.rst-steel.eu\/#website\"},\"primaryImageOfPage\":{\"@id\":\"https:\/\/com.rst-steel.eu\/nb\/produkt\/lazer-sentinel-7-elite-med-posisjonslys-hvit_pr_71973\/#primaryimage\"},\"image\":{\"@id\":\"https:\/\/com.rst-steel.eu\/nb\/produkt\/lazer-sentinel-7-elite-med-posisjonslys-hvit_pr_71973\/#primaryimage\"},\"thumbnailUrl\":\"https:\/\/com.rst-steel.eu\/wp-content\/uploads\/2023\/02\/0f75a1cf8f549e028ec666a9e4263a7f08c1f9c3_Sentinel_7in_elite_angled_Amber_PL_WHITE_Web.jpg\",\"datePublished\":\"2023-02-10T13:16:20+00:00\",\"dateModified\":\"2026-03-16T06:13:37+00:00\",\"description\":\"The Lazer Sentinel 7 Elite with Position Light offers powerful LED illumination and a built-in position light for enhanced visibility and safety.\",\"breadcrumb\":{\"@id\":\"https:\/\/com.rst-steel.eu\/nb\/produkt\/lazer-sentinel-7-elite-med-posisjonslys-hvit_pr_71973\/#breadcrumb\"},\"inLanguage\":\"nb-NO\",\"potentialAction\":[{\"@type\":\"ReadAction\",\"target\":[\"https:\/\/com.rst-steel.eu\/nb\/produkt\/lazer-sentinel-7-elite-med-posisjonslys-hvit_pr_71973\/\"]}]},{\"@type\":\"ImageObject\",\"inLanguage\":\"nb-NO\",\"@id\":\"https:\/\/com.rst-steel.eu\/nb\/produkt\/lazer-sentinel-7-elite-med-posisjonslys-hvit_pr_71973\/#primaryimage\",\"url\":\"https:\/\/com.rst-steel.eu\/wp-content\/uploads\/2023\/02\/0f75a1cf8f549e028ec666a9e4263a7f08c1f9c3_Sentinel_7in_elite_angled_Amber_PL_WHITE_Web.jpg\",\"contentUrl\":\"https:\/\/com.rst-steel.eu\/wp-content\/uploads\/2023\/02\/0f75a1cf8f549e028ec666a9e4263a7f08c1f9c3_Sentinel_7in_elite_angled_Amber_PL_WHITE_Web.jpg\",\"width\":1000,\"height\":750,\"caption\":\"Lazer Sentinel 7'' Elite with position light, White\"},{\"@type\":\"BreadcrumbList\",\"@id\":\"https:\/\/com.rst-steel.eu\/nb\/produkt\/lazer-sentinel-7-elite-med-posisjonslys-hvit_pr_71973\/#breadcrumb\",\"itemListElement\":[{\"@type\":\"ListItem\",\"position\":1,\"name\":\"Home\",\"item\":\"https:\/\/com.rst-steel.eu\/\"},{\"@type\":\"ListItem\",\"position\":2,\"name\":\"RST-Steel Shop\",\"item\":\"https:\/\/com.rst-steel.eu\/shop\/\"},{\"@type\":\"ListItem\",\"position\":3,\"name\":\"Lazer Sentinel 7&#8221; Elite with position light, White\"}]},{\"@type\":\"WebSite\",\"@id\":\"https:\/\/com.rst-steel.eu\/#website\",\"url\":\"https:\/\/com.rst-steel.eu\/\",\"name\":\"RST-Steel.com\",\"description\":\"Finnish quality steel, for quality-conscious drivers\",\"publisher\":{\"@id\":\"https:\/\/com.rst-steel.eu\/#organization\"},\"alternateName\":\"Safe and stylish RST-Steel quality\",\"potentialAction\":[{\"@type\":\"SearchAction\",\"target\":{\"@type\":\"EntryPoint\",\"urlTemplate\":\"https:\/\/com.rst-steel.eu\/?s={search_term_string}\"},\"query-input\":{\"@type\":\"PropertyValueSpecification\",\"valueRequired\":true,\"valueName\":\"search_term_string\"}}],\"inLanguage\":\"nb-NO\"},{\"@type\":\"Organization\",\"@id\":\"https:\/\/com.rst-steel.eu\/#organization\",\"name\":\"RST-Steel Oy\",\"url\":\"https:\/\/com.rst-steel.eu\/\",\"logo\":{\"@type\":\"ImageObject\",\"inLanguage\":\"nb-NO\",\"@id\":\"https:\/\/com.rst-steel.eu\/#\/schema\/logo\/image\/\",\"url\":\"https:\/\/com.rst-steel.eu\/wp-content\/uploads\/2023\/04\/cropped-Rst-logo-valkoinen-teksti-3.png\",\"contentUrl\":\"https:\/\/com.rst-steel.eu\/wp-content\/uploads\/2023\/04\/cropped-Rst-logo-valkoinen-teksti-3.png\",\"width\":512,\"height\":115,\"caption\":\"RST-Steel Oy\"},\"image\":{\"@id\":\"https:\/\/com.rst-steel.eu\/#\/schema\/logo\/image\/\"},\"sameAs\":[\"https:\/\/www.facebook.com\/rststeel\",\"https:\/\/www.instagram.com\/rststeeloy\/\"]}]}<\/script>\n<!-- \/ Yoast SEO plugin. -->","yoast_head_json":{"title":"Lazer Sentinel 7'' Elite with position light, White - RST-Steel","description":"The Lazer Sentinel 7 Elite with Position Light offers powerful LED illumination and a built-in position light for enhanced visibility and safety.","robots":{"index":"index","follow":"follow","max-snippet":"max-snippet:-1","max-image-preview":"max-image-preview:large","max-video-preview":"max-video-preview:-1"},"canonical":"https:\/\/com.rst-steel.eu\/nb\/produkt\/lazer-sentinel-7-elite-med-posisjonslys-hvit_pr_71973\/","og_locale":"nb_NO","og_type":"article","og_title":"Lazer Sentinel 7'' Elite with position light, White - RST-Steel","og_description":"The Lazer Sentinel 7 Elite with Position Light offers powerful LED illumination and a built-in position light for enhanced visibility and safety.","og_url":"https:\/\/com.rst-steel.eu\/nb\/produkt\/lazer-sentinel-7-elite-med-posisjonslys-hvit_pr_71973\/","og_site_name":"RST-Steel","article_publisher":"https:\/\/www.facebook.com\/rststeel","article_modified_time":"2026-03-16T06:13:37+00:00","og_image":[{"width":1000,"height":750,"url":"https:\/\/com.rst-steel.eu\/wp-content\/uploads\/2023\/02\/0f75a1cf8f549e028ec666a9e4263a7f08c1f9c3_Sentinel_7in_elite_angled_Amber_PL_WHITE_Web.jpg","type":"image\/jpeg"}],"twitter_card":"summary_large_image","twitter_misc":{"Ansl. lesetid":"3 minutter"},"schema":{"@context":"https:\/\/schema.org","@graph":[{"@type":"WebPage","@id":"https:\/\/com.rst-steel.eu\/nb\/produkt\/lazer-sentinel-7-elite-med-posisjonslys-hvit_pr_71973\/","url":"https:\/\/com.rst-steel.eu\/nb\/produkt\/lazer-sentinel-7-elite-med-posisjonslys-hvit_pr_71973\/","name":"Lazer Sentinel 7'' Elite with position light, White - RST-Steel","isPartOf":{"@id":"https:\/\/com.rst-steel.eu\/#website"},"primaryImageOfPage":{"@id":"https:\/\/com.rst-steel.eu\/nb\/produkt\/lazer-sentinel-7-elite-med-posisjonslys-hvit_pr_71973\/#primaryimage"},"image":{"@id":"https:\/\/com.rst-steel.eu\/nb\/produkt\/lazer-sentinel-7-elite-med-posisjonslys-hvit_pr_71973\/#primaryimage"},"thumbnailUrl":"https:\/\/com.rst-steel.eu\/wp-content\/uploads\/2023\/02\/0f75a1cf8f549e028ec666a9e4263a7f08c1f9c3_Sentinel_7in_elite_angled_Amber_PL_WHITE_Web.jpg","datePublished":"2023-02-10T13:16:20+00:00","dateModified":"2026-03-16T06:13:37+00:00","description":"The Lazer Sentinel 7 Elite with Position Light offers powerful LED illumination and a built-in position light for enhanced visibility and safety.","breadcrumb":{"@id":"https:\/\/com.rst-steel.eu\/nb\/produkt\/lazer-sentinel-7-elite-med-posisjonslys-hvit_pr_71973\/#breadcrumb"},"inLanguage":"nb-NO","potentialAction":[{"@type":"ReadAction","target":["https:\/\/com.rst-steel.eu\/nb\/produkt\/lazer-sentinel-7-elite-med-posisjonslys-hvit_pr_71973\/"]}]},{"@type":"ImageObject","inLanguage":"nb-NO","@id":"https:\/\/com.rst-steel.eu\/nb\/produkt\/lazer-sentinel-7-elite-med-posisjonslys-hvit_pr_71973\/#primaryimage","url":"https:\/\/com.rst-steel.eu\/wp-content\/uploads\/2023\/02\/0f75a1cf8f549e028ec666a9e4263a7f08c1f9c3_Sentinel_7in_elite_angled_Amber_PL_WHITE_Web.jpg","contentUrl":"https:\/\/com.rst-steel.eu\/wp-content\/uploads\/2023\/02\/0f75a1cf8f549e028ec666a9e4263a7f08c1f9c3_Sentinel_7in_elite_angled_Amber_PL_WHITE_Web.jpg","width":1000,"height":750,"caption":"Lazer Sentinel 7'' Elite with position light, White"},{"@type":"BreadcrumbList","@id":"https:\/\/com.rst-steel.eu\/nb\/produkt\/lazer-sentinel-7-elite-med-posisjonslys-hvit_pr_71973\/#breadcrumb","itemListElement":[{"@type":"ListItem","position":1,"name":"Home","item":"https:\/\/com.rst-steel.eu\/"},{"@type":"ListItem","position":2,"name":"RST-Steel Shop","item":"https:\/\/com.rst-steel.eu\/shop\/"},{"@type":"ListItem","position":3,"name":"Lazer Sentinel 7&#8221; Elite with position light, White"}]},{"@type":"WebSite","@id":"https:\/\/com.rst-steel.eu\/#website","url":"https:\/\/com.rst-steel.eu\/","name":"RST-Steel.com","description":"Finsk kvalitetsst\u00e5l, for kvalitetsbevisste sj\u00e5f\u00f8rer","publisher":{"@id":"https:\/\/com.rst-steel.eu\/#organization"},"alternateName":"Safe and stylish RST-Steel quality","potentialAction":[{"@type":"SearchAction","target":{"@type":"EntryPoint","urlTemplate":"https:\/\/com.rst-steel.eu\/?s={search_term_string}"},"query-input":{"@type":"PropertyValueSpecification","valueRequired":true,"valueName":"search_term_string"}}],"inLanguage":"nb-NO"},{"@type":"Organization","@id":"https:\/\/com.rst-steel.eu\/#organization","name":"RST-Steel Oy","url":"https:\/\/com.rst-steel.eu\/","logo":{"@type":"ImageObject","inLanguage":"nb-NO","@id":"https:\/\/com.rst-steel.eu\/#\/schema\/logo\/image\/","url":"https:\/\/com.rst-steel.eu\/wp-content\/uploads\/2023\/04\/cropped-Rst-logo-valkoinen-teksti-3.png","contentUrl":"https:\/\/com.rst-steel.eu\/wp-content\/uploads\/2023\/04\/cropped-Rst-logo-valkoinen-teksti-3.png","width":512,"height":115,"caption":"RST-Steel Oy"},"image":{"@id":"https:\/\/com.rst-steel.eu\/#\/schema\/logo\/image\/"},"sameAs":["https:\/\/www.facebook.com\/rststeel","https:\/\/www.instagram.com\/rststeeloy\/"]}]}},"brands":[{"id":8332,"name":"Lazer Lamps","slug":"brand_lazerlamps"}],"_links":{"self":[{"href":"https:\/\/com.rst-steel.eu\/nb\/wp-json\/wp\/v2\/product\/36600","targetHints":{"allow":["GET"]}}],"collection":[{"href":"https:\/\/com.rst-steel.eu\/nb\/wp-json\/wp\/v2\/product"}],"about":[{"href":"https:\/\/com.rst-steel.eu\/nb\/wp-json\/wp\/v2\/types\/product"}],"replies":[{"embeddable":true,"href":"https:\/\/com.rst-steel.eu\/nb\/wp-json\/wp\/v2\/comments?post=36600"}],"version-history":[{"count":0,"href":"https:\/\/com.rst-steel.eu\/nb\/wp-json\/wp\/v2\/product\/36600\/revisions"}],"wp:featuredmedia":[{"embeddable":true,"href":"https:\/\/com.rst-steel.eu\/nb\/wp-json\/wp\/v2\/media\/36595"}],"wp:attachment":[{"href":"https:\/\/com.rst-steel.eu\/nb\/wp-json\/wp\/v2\/media?parent=36600"}],"wp:term":[{"taxonomy":"make_fuel_type","embeddable":true,"href":"https:\/\/com.rst-steel.eu\/nb\/wp-json\/wp\/v2\/make_fuel_type?post=36600"},{"taxonomy":"make_model","embeddable":true,"href":"https:\/\/com.rst-steel.eu\/nb\/wp-json\/wp\/v2\/make_model?post=36600"},{"taxonomy":"make_brand","embeddable":true,"href":"https:\/\/com.rst-steel.eu\/nb\/wp-json\/wp\/v2\/make_brand?post=36600"},{"taxonomy":"make_year","embeddable":true,"href":"https:\/\/com.rst-steel.eu\/nb\/wp-json\/wp\/v2\/make_year?post=36600"},{"taxonomy":"pwb-brand","embeddable":true,"href":"https:\/\/com.rst-steel.eu\/nb\/wp-json\/wp\/v2\/pwb-brand?post=36600"},{"taxonomy":"product_brand","embeddable":true,"href":"https:\/\/com.rst-steel.eu\/nb\/wp-json\/wp\/v2\/product_brand?post=36600"},{"taxonomy":"product_cat","embeddable":true,"href":"https:\/\/com.rst-steel.eu\/nb\/wp-json\/wp\/v2\/product_cat?post=36600"},{"taxonomy":"product_tag","embeddable":true,"href":"https:\/\/com.rst-steel.eu\/nb\/wp-json\/wp\/v2\/product_tag?post=36600"}],"curies":[{"name":"wp","href":"https:\/\/api.w.org\/{rel}","templated":true}]}}