{"id":36594,"date":"2023-02-10T16:16:10","date_gmt":"2023-02-10T13:16:10","guid":{"rendered":"https:\/\/rst-steel.fi-c.seravo.com\/product\/lazer-sentinel-9-white_pr_71974\/"},"modified":"2026-03-16T09:13:37","modified_gmt":"2026-03-16T06:13:37","slug":"lazer-sentinel-9-std-pl-auxiliary-light-white_pr_71974","status":"publish","type":"product","link":"https:\/\/com.rst-steel.eu\/nb\/produkt\/lazer-sentinel-9-std-pl-auxiliary-light-white_pr_71974\/","title":{"rendered":"Lazer Sentinel 9&#8221; STD PL Auxiliary Light, White"},"content":{"rendered":"<p>New for 2021, the Sentinel range are 9\u201d round lamps that combine distinctive high-end product design, with superior lighting performance and build quality symbolic of the Lazer Lamps name. Available in Standard or Elite grades, the former incorporates 20 high power LEDs and comes available with either a black or chrome finish inside the lamp. The Elite product by comparison is only available with the black internal appearance, but with a combination of 32 high power LEDs, represents the very best lighting performance as expected from a product bearing the \u2018Elite\u2019 tag.<\/p>\n<p>Both Sentinel Black and Chrome lamps, in the \u2018Standard\u2019 range, produce the same lighting performance. Emitting 9,529 raw lumens, the lamps deliver 1 lux reaching to over 700m; impressive in itself, but considering the 52 degrees horizontal beam angle, this is a product that has been designed to deliver maximum visibility for all manner of road and off-road use. Like all Lazer products, the colour temperature at a pleasant 5000K is easy on the eye, while maximising sharpness and definition of objects ahead. The lamp is UNECE approved to Regulation 112 as a high beam driving light, through adoption of Lazer\u2019s dual output E-Boost technology; operating at 100% the light output is beyond the permissible limit of the ECE regulations, so removing the supplied Boost Cap from the back of the lamp reduces the light output to be within the allowable limit.<\/p>\n<p><\/p>\n<p><\/p>\n<p>Produktegenskaper:<\/p>\n<p>Combination of 20 premium \u2018bin\u2019 LEDs<\/p>\n<p>\u2018Stealth\u2019 appearance from black internal bezel, plus black circuit boards<\/p>\n<p>Ultra-reflective vacuum-metallised spot and wide optics<\/p>\n<p>UNECE Reg 112 Klasse B kj\u00f8relys, godkjent for fjernlys p\u00e5 vei (E-Boost-teknologi) og Reg 7 posisjons-\/sidelysfunksjon (kun hvit)<\/p>\n<p>5000K LED fargetemperatur og 80CRI maksimerer skarphet og definisjon<\/p>\n<p>Contemporary lamp design<\/p>\n<p>Supplied with \u2018slim\u2019 diecast aluminium mounting bracket featuring Sentinel stamp<\/p>\n<p>Elektronisk termisk styringssystem optimerer lyseffekten for \u00e5 bevare levetiden til lysdiodene<\/p>\n<p>Anodised pre-treatment and automotive grade powder top-coat for ultimate corrosion and chemical protection<\/p>\n<p>CAE-optimalisert kj\u00f8leribbe tilbyr forbedret termisk dynamikk<\/p>\n<p>Overspenningsbeskyttet<\/p>\n<p>Beskyttet mot omvendt polaritet<\/p>\n<p>\u2018Uknuselig\u2019 polykarbonatlinse med hardcoat lakk<\/p>\n<p>A2 stainless steel fasteners with automotive grade black coating<\/p>\n<p>UNECE-godkjent Reg 10<\/p>\n<p>IP68 watertight \u2013 1.5m submersion (30mins)<\/p>\n<p>5 \u00e5rs garanti<\/p>\n<p>Leveres med forh\u00e5ndskablet hann\/hunn 3-pins Superseal-kontakter<\/p>\n<p>Designet og produsert i Storbritannia<\/p>\n<p><\/p>\n<p><\/p>\n<p><\/p>\n<p>Tekniske spesifikasjoner:<\/p>\n<p><\/p>\n<p>Spenningsomr\u00e5de: 10-32V<\/p>\n<p>Weight: 2.5 kg<\/p>\n<p>Total luminous Flux: 9520 lm \/ 1904 lm\u00a0 (E-Boost \/ E-Mark Mode)<\/p>\n<p>Power Consumption: 87 Watts \/ 17 Watts (E-Boost \/ E-Mark Mode)<\/p>\n<p>Number of High Output LEDs:\u00a0 20<\/p>\n<p><\/p>\n<p>DIMENSJONER:<\/p>\n<p>&nbsp; &nbsp; Width: 225 mm<\/p>\n<p>&nbsp; &nbsp; Depth: 90 mm<\/p>\n<p>&nbsp; &nbsp; Height: 211 mm<\/p>\n<p><\/p>\n<p>PHOTOMETRIC DATA:<\/p>\n<p>&nbsp; &nbsp; Horizontal Beam Angle: 52 Degrees<\/p>\n<p>&nbsp; &nbsp; 0.25 lx Line: 1414 metres \/ 632 metres (E-Boost \/ E-Mark Mode)<\/p>\n<p>&nbsp; &nbsp; 0.5 lx Line: 1000 metres \/ 447 metres (E-Boost \/ E-Mark Mode)<\/p>\n<p>&nbsp; &nbsp; 1 lx Line: 707 metres \/ 316 metres (E-Boost \/ E-Mark Mode)<\/p>\n<p>&nbsp; &nbsp; 3 lx Line: 408 metres \/ 183 metres (E-Boost \/ E-Mark Mode)<\/p>\n<p><\/p>\n<p>SERTIFIKASJON:<\/p>\n<p>&nbsp; &nbsp; High Beam: \u00a0\u00a0\u00a0\u00a0\u00a0\u00a0\u00a0\u00a0\u00a0\u00a0\u00a0\u00a0\u00a0\u00a0\u00a0\u00a0\u00a0\u00a0\u00a0\u00a0\u00a0\u00a0\u00a0N\/A (E-Boost), ECE R112 (E-Mark Mode)<\/p>\n<p>&nbsp; &nbsp; E-Mark Ref:\u00a0\u00a0\u00a0\u00a0\u00a0\u00a0\u00a0\u00a0\u00a0\u00a0\u00a0\u00a0\u00a0\u00a0\u00a0\u00a0\u00a0\u00a0\u00a0\u00a0\u00a0 \u00a020 (E-Mark Mode)<\/p>\n<p>&nbsp; &nbsp; Position Light (White) :<span>\t<\/span>ECE R7<\/p>\n<p><\/p>\n<p><\/p>\n<p>Hva er inkludert?<\/p>\n<p>Sentinel 9\u2033 (White) LED lamp<\/p>\n<p>&nbsp;\u2018Slim\u2019 Mount Kit<\/p>\n<p>Installasjonsinstruksjoner<\/p>","protected":false},"excerpt":{"rendered":"<p>Integrert hvitt og gult posisjonslysfunksjon<\/p>\n<p><\/p>","protected":false},"featured_media":36589,"comment_status":"open","ping_status":"closed","template":"","meta":{"_improvement_type_select":"improve_an_existing","_thumb_yes_seoaic":false,"_frame_yes_seoaic":false,"seoaic_generate_description":"","seoaic_improve_instructions_prompt":"","seoaic_rollback_content_improvement":"","seoaic_idea_thumbnail_generator":"","thumbnail_generated":false,"thumbnail_generate_prompt":"","seoaic_article_description":""},"make_fuel_type":[],"make_model":[],"make_brand":[],"make_year":[3748,6373],"pwb-brand":[8332],"product_brand":[],"product_cat":[6195,6209,6211,7207],"product_tag":[7551,6298,6363],"class_list":{"0":"post-36594","1":"product","2":"type-product","3":"status-publish","4":"has-post-thumbnail","6":"make_year-trucks","7":"make_year-van","8":"pwb-brand-brand_lazerlamps","9":"product_cat-lamps","10":"product_cat-auxiliary-lights","11":"product_cat-lazer-lamps-auxiliary-lights","12":"product_cat-rst-sentinell","13":"product_tag-extraljus","14":"product_tag-lazer-lamps","15":"product_tag-sentinel","17":"first","18":"instock","19":"taxable","20":"shipping-taxable","21":"purchasable","22":"product-type-simple"},"yoast_head":"<!-- This site is optimized with the Yoast SEO plugin v25.7 - https:\/\/yoast.com\/wordpress\/plugins\/seo\/ -->\n<title>Lazer Sentinel 9&#039;&#039; STD PL Auxiliary Light, White - RST-Steel<\/title>\n<meta name=\"description\" content=\"The Lazer Sentinel 9 STD provides high-performance LED lighting with a sleek design, delivering bright, reliable illumination for enhanced visibility.\" \/>\n<meta name=\"robots\" content=\"index, follow, max-snippet:-1, max-image-preview:large, max-video-preview:-1\" \/>\n<link rel=\"canonical\" href=\"https:\/\/com.rst-steel.eu\/nb\/produkt\/lazer-sentinel-9-std-pl-auxiliary-light-white_pr_71974\/\" \/>\n<meta property=\"og:locale\" content=\"nb_NO\" \/>\n<meta property=\"og:type\" content=\"article\" \/>\n<meta property=\"og:title\" content=\"Lazer Sentinel 9&#039;&#039; STD PL Auxiliary Light, White - RST-Steel\" \/>\n<meta property=\"og:description\" content=\"The Lazer Sentinel 9 STD provides high-performance LED lighting with a sleek design, delivering bright, reliable illumination for enhanced visibility.\" \/>\n<meta property=\"og:url\" content=\"https:\/\/com.rst-steel.eu\/nb\/produkt\/lazer-sentinel-9-std-pl-auxiliary-light-white_pr_71974\/\" \/>\n<meta property=\"og:site_name\" content=\"RST-Steel\" \/>\n<meta property=\"article:publisher\" content=\"https:\/\/www.facebook.com\/rststeel\" \/>\n<meta property=\"article:modified_time\" content=\"2026-03-16T06:13:37+00:00\" \/>\n<meta property=\"og:image\" content=\"https:\/\/com.rst-steel.eu\/wp-content\/uploads\/2023\/02\/0b419f9aa4f467d7039a388a31d27e3e096b4fee_Sentinel_9in_STD_with_amber_PL_on_Slim_Mount_Angled_WHITE_Web.jpg\" \/>\n\t<meta property=\"og:image:width\" content=\"1000\" \/>\n\t<meta property=\"og:image:height\" content=\"750\" \/>\n\t<meta property=\"og:image:type\" content=\"image\/jpeg\" \/>\n<meta name=\"twitter:card\" content=\"summary_large_image\" \/>\n<meta name=\"twitter:label1\" content=\"Ansl. lesetid\" \/>\n\t<meta name=\"twitter:data1\" content=\"3 minutter\" \/>\n<script type=\"application\/ld+json\" class=\"yoast-schema-graph\">{\"@context\":\"https:\/\/schema.org\",\"@graph\":[{\"@type\":\"WebPage\",\"@id\":\"https:\/\/com.rst-steel.eu\/sv\/produkt\/lazer-sentinel-9-std-pl-auxiliary-light-white_pr_71974\/\",\"url\":\"https:\/\/com.rst-steel.eu\/sv\/produkt\/lazer-sentinel-9-std-pl-auxiliary-light-white_pr_71974\/\",\"name\":\"Lazer Sentinel 9'' STD PL Auxiliary Light, White - RST-Steel\",\"isPartOf\":{\"@id\":\"https:\/\/com.rst-steel.eu\/#website\"},\"primaryImageOfPage\":{\"@id\":\"https:\/\/com.rst-steel.eu\/sv\/produkt\/lazer-sentinel-9-std-pl-auxiliary-light-white_pr_71974\/#primaryimage\"},\"image\":{\"@id\":\"https:\/\/com.rst-steel.eu\/sv\/produkt\/lazer-sentinel-9-std-pl-auxiliary-light-white_pr_71974\/#primaryimage\"},\"thumbnailUrl\":\"https:\/\/com.rst-steel.eu\/wp-content\/uploads\/2023\/02\/0b419f9aa4f467d7039a388a31d27e3e096b4fee_Sentinel_9in_STD_with_amber_PL_on_Slim_Mount_Angled_WHITE_Web.jpg\",\"datePublished\":\"2023-02-10T13:16:10+00:00\",\"dateModified\":\"2026-03-16T06:13:37+00:00\",\"description\":\"The Lazer Sentinel 9 STD provides high-performance LED lighting with a sleek design, delivering bright, reliable illumination for enhanced visibility.\",\"breadcrumb\":{\"@id\":\"https:\/\/com.rst-steel.eu\/sv\/produkt\/lazer-sentinel-9-std-pl-auxiliary-light-white_pr_71974\/#breadcrumb\"},\"inLanguage\":\"nb-NO\",\"potentialAction\":[{\"@type\":\"ReadAction\",\"target\":[\"https:\/\/com.rst-steel.eu\/sv\/produkt\/lazer-sentinel-9-std-pl-auxiliary-light-white_pr_71974\/\"]}]},{\"@type\":\"ImageObject\",\"inLanguage\":\"nb-NO\",\"@id\":\"https:\/\/com.rst-steel.eu\/sv\/produkt\/lazer-sentinel-9-std-pl-auxiliary-light-white_pr_71974\/#primaryimage\",\"url\":\"https:\/\/com.rst-steel.eu\/wp-content\/uploads\/2023\/02\/0b419f9aa4f467d7039a388a31d27e3e096b4fee_Sentinel_9in_STD_with_amber_PL_on_Slim_Mount_Angled_WHITE_Web.jpg\",\"contentUrl\":\"https:\/\/com.rst-steel.eu\/wp-content\/uploads\/2023\/02\/0b419f9aa4f467d7039a388a31d27e3e096b4fee_Sentinel_9in_STD_with_amber_PL_on_Slim_Mount_Angled_WHITE_Web.jpg\",\"width\":1000,\"height\":750,\"caption\":\"Lazer Sentinel 9'' STD, White\"},{\"@type\":\"BreadcrumbList\",\"@id\":\"https:\/\/com.rst-steel.eu\/sv\/produkt\/lazer-sentinel-9-std-pl-auxiliary-light-white_pr_71974\/#breadcrumb\",\"itemListElement\":[{\"@type\":\"ListItem\",\"position\":1,\"name\":\"Home\",\"item\":\"https:\/\/com.rst-steel.eu\/\"},{\"@type\":\"ListItem\",\"position\":2,\"name\":\"RST-Steel Shop\",\"item\":\"https:\/\/com.rst-steel.eu\/shop\/\"},{\"@type\":\"ListItem\",\"position\":3,\"name\":\"Lazer Sentinel 9&#8221; STD PL Auxiliary Light, White\"}]},{\"@type\":\"WebSite\",\"@id\":\"https:\/\/com.rst-steel.eu\/#website\",\"url\":\"https:\/\/com.rst-steel.eu\/\",\"name\":\"RST-Steel.com\",\"description\":\"Finnish quality steel, for quality-conscious drivers\",\"publisher\":{\"@id\":\"https:\/\/com.rst-steel.eu\/#organization\"},\"alternateName\":\"Safe and stylish RST-Steel quality\",\"potentialAction\":[{\"@type\":\"SearchAction\",\"target\":{\"@type\":\"EntryPoint\",\"urlTemplate\":\"https:\/\/com.rst-steel.eu\/?s={search_term_string}\"},\"query-input\":{\"@type\":\"PropertyValueSpecification\",\"valueRequired\":true,\"valueName\":\"search_term_string\"}}],\"inLanguage\":\"nb-NO\"},{\"@type\":\"Organization\",\"@id\":\"https:\/\/com.rst-steel.eu\/#organization\",\"name\":\"RST-Steel Oy\",\"url\":\"https:\/\/com.rst-steel.eu\/\",\"logo\":{\"@type\":\"ImageObject\",\"inLanguage\":\"nb-NO\",\"@id\":\"https:\/\/com.rst-steel.eu\/#\/schema\/logo\/image\/\",\"url\":\"https:\/\/com.rst-steel.eu\/wp-content\/uploads\/2023\/04\/cropped-Rst-logo-valkoinen-teksti-3.png\",\"contentUrl\":\"https:\/\/com.rst-steel.eu\/wp-content\/uploads\/2023\/04\/cropped-Rst-logo-valkoinen-teksti-3.png\",\"width\":512,\"height\":115,\"caption\":\"RST-Steel Oy\"},\"image\":{\"@id\":\"https:\/\/com.rst-steel.eu\/#\/schema\/logo\/image\/\"},\"sameAs\":[\"https:\/\/www.facebook.com\/rststeel\",\"https:\/\/www.instagram.com\/rststeeloy\/\"]}]}<\/script>\n<!-- \/ Yoast SEO plugin. -->","yoast_head_json":{"title":"Lazer Sentinel 9'' STD PL Auxiliary Light, White - RST-Steel","description":"The Lazer Sentinel 9 STD provides high-performance LED lighting with a sleek design, delivering bright, reliable illumination for enhanced visibility.","robots":{"index":"index","follow":"follow","max-snippet":"max-snippet:-1","max-image-preview":"max-image-preview:large","max-video-preview":"max-video-preview:-1"},"canonical":"https:\/\/com.rst-steel.eu\/nb\/produkt\/lazer-sentinel-9-std-pl-auxiliary-light-white_pr_71974\/","og_locale":"nb_NO","og_type":"article","og_title":"Lazer Sentinel 9'' STD PL Auxiliary Light, White - RST-Steel","og_description":"The Lazer Sentinel 9 STD provides high-performance LED lighting with a sleek design, delivering bright, reliable illumination for enhanced visibility.","og_url":"https:\/\/com.rst-steel.eu\/nb\/produkt\/lazer-sentinel-9-std-pl-auxiliary-light-white_pr_71974\/","og_site_name":"RST-Steel","article_publisher":"https:\/\/www.facebook.com\/rststeel","article_modified_time":"2026-03-16T06:13:37+00:00","og_image":[{"width":1000,"height":750,"url":"https:\/\/com.rst-steel.eu\/wp-content\/uploads\/2023\/02\/0b419f9aa4f467d7039a388a31d27e3e096b4fee_Sentinel_9in_STD_with_amber_PL_on_Slim_Mount_Angled_WHITE_Web.jpg","type":"image\/jpeg"}],"twitter_card":"summary_large_image","twitter_misc":{"Ansl. lesetid":"3 minutter"},"schema":{"@context":"https:\/\/schema.org","@graph":[{"@type":"WebPage","@id":"https:\/\/com.rst-steel.eu\/sv\/produkt\/lazer-sentinel-9-std-pl-auxiliary-light-white_pr_71974\/","url":"https:\/\/com.rst-steel.eu\/sv\/produkt\/lazer-sentinel-9-std-pl-auxiliary-light-white_pr_71974\/","name":"Lazer Sentinel 9'' STD PL Auxiliary Light, White - RST-Steel","isPartOf":{"@id":"https:\/\/com.rst-steel.eu\/#website"},"primaryImageOfPage":{"@id":"https:\/\/com.rst-steel.eu\/sv\/produkt\/lazer-sentinel-9-std-pl-auxiliary-light-white_pr_71974\/#primaryimage"},"image":{"@id":"https:\/\/com.rst-steel.eu\/sv\/produkt\/lazer-sentinel-9-std-pl-auxiliary-light-white_pr_71974\/#primaryimage"},"thumbnailUrl":"https:\/\/com.rst-steel.eu\/wp-content\/uploads\/2023\/02\/0b419f9aa4f467d7039a388a31d27e3e096b4fee_Sentinel_9in_STD_with_amber_PL_on_Slim_Mount_Angled_WHITE_Web.jpg","datePublished":"2023-02-10T13:16:10+00:00","dateModified":"2026-03-16T06:13:37+00:00","description":"The Lazer Sentinel 9 STD provides high-performance LED lighting with a sleek design, delivering bright, reliable illumination for enhanced visibility.","breadcrumb":{"@id":"https:\/\/com.rst-steel.eu\/sv\/produkt\/lazer-sentinel-9-std-pl-auxiliary-light-white_pr_71974\/#breadcrumb"},"inLanguage":"nb-NO","potentialAction":[{"@type":"ReadAction","target":["https:\/\/com.rst-steel.eu\/sv\/produkt\/lazer-sentinel-9-std-pl-auxiliary-light-white_pr_71974\/"]}]},{"@type":"ImageObject","inLanguage":"nb-NO","@id":"https:\/\/com.rst-steel.eu\/sv\/produkt\/lazer-sentinel-9-std-pl-auxiliary-light-white_pr_71974\/#primaryimage","url":"https:\/\/com.rst-steel.eu\/wp-content\/uploads\/2023\/02\/0b419f9aa4f467d7039a388a31d27e3e096b4fee_Sentinel_9in_STD_with_amber_PL_on_Slim_Mount_Angled_WHITE_Web.jpg","contentUrl":"https:\/\/com.rst-steel.eu\/wp-content\/uploads\/2023\/02\/0b419f9aa4f467d7039a388a31d27e3e096b4fee_Sentinel_9in_STD_with_amber_PL_on_Slim_Mount_Angled_WHITE_Web.jpg","width":1000,"height":750,"caption":"Lazer Sentinel 9'' STD, White"},{"@type":"BreadcrumbList","@id":"https:\/\/com.rst-steel.eu\/sv\/produkt\/lazer-sentinel-9-std-pl-auxiliary-light-white_pr_71974\/#breadcrumb","itemListElement":[{"@type":"ListItem","position":1,"name":"Home","item":"https:\/\/com.rst-steel.eu\/"},{"@type":"ListItem","position":2,"name":"RST-Steel Shop","item":"https:\/\/com.rst-steel.eu\/shop\/"},{"@type":"ListItem","position":3,"name":"Lazer Sentinel 9&#8221; STD PL Auxiliary Light, White"}]},{"@type":"WebSite","@id":"https:\/\/com.rst-steel.eu\/#website","url":"https:\/\/com.rst-steel.eu\/","name":"RST-Steel.com","description":"Finsk kvalitetsst\u00e5l, for kvalitetsbevisste sj\u00e5f\u00f8rer","publisher":{"@id":"https:\/\/com.rst-steel.eu\/#organization"},"alternateName":"Safe and stylish RST-Steel quality","potentialAction":[{"@type":"SearchAction","target":{"@type":"EntryPoint","urlTemplate":"https:\/\/com.rst-steel.eu\/?s={search_term_string}"},"query-input":{"@type":"PropertyValueSpecification","valueRequired":true,"valueName":"search_term_string"}}],"inLanguage":"nb-NO"},{"@type":"Organization","@id":"https:\/\/com.rst-steel.eu\/#organization","name":"RST-Steel Oy","url":"https:\/\/com.rst-steel.eu\/","logo":{"@type":"ImageObject","inLanguage":"nb-NO","@id":"https:\/\/com.rst-steel.eu\/#\/schema\/logo\/image\/","url":"https:\/\/com.rst-steel.eu\/wp-content\/uploads\/2023\/04\/cropped-Rst-logo-valkoinen-teksti-3.png","contentUrl":"https:\/\/com.rst-steel.eu\/wp-content\/uploads\/2023\/04\/cropped-Rst-logo-valkoinen-teksti-3.png","width":512,"height":115,"caption":"RST-Steel Oy"},"image":{"@id":"https:\/\/com.rst-steel.eu\/#\/schema\/logo\/image\/"},"sameAs":["https:\/\/www.facebook.com\/rststeel","https:\/\/www.instagram.com\/rststeeloy\/"]}]}},"brands":[{"id":8332,"name":"Lazer Lamps","slug":"brand_lazerlamps"}],"_links":{"self":[{"href":"https:\/\/com.rst-steel.eu\/nb\/wp-json\/wp\/v2\/product\/36594","targetHints":{"allow":["GET"]}}],"collection":[{"href":"https:\/\/com.rst-steel.eu\/nb\/wp-json\/wp\/v2\/product"}],"about":[{"href":"https:\/\/com.rst-steel.eu\/nb\/wp-json\/wp\/v2\/types\/product"}],"replies":[{"embeddable":true,"href":"https:\/\/com.rst-steel.eu\/nb\/wp-json\/wp\/v2\/comments?post=36594"}],"version-history":[{"count":0,"href":"https:\/\/com.rst-steel.eu\/nb\/wp-json\/wp\/v2\/product\/36594\/revisions"}],"wp:featuredmedia":[{"embeddable":true,"href":"https:\/\/com.rst-steel.eu\/nb\/wp-json\/wp\/v2\/media\/36589"}],"wp:attachment":[{"href":"https:\/\/com.rst-steel.eu\/nb\/wp-json\/wp\/v2\/media?parent=36594"}],"wp:term":[{"taxonomy":"make_fuel_type","embeddable":true,"href":"https:\/\/com.rst-steel.eu\/nb\/wp-json\/wp\/v2\/make_fuel_type?post=36594"},{"taxonomy":"make_model","embeddable":true,"href":"https:\/\/com.rst-steel.eu\/nb\/wp-json\/wp\/v2\/make_model?post=36594"},{"taxonomy":"make_brand","embeddable":true,"href":"https:\/\/com.rst-steel.eu\/nb\/wp-json\/wp\/v2\/make_brand?post=36594"},{"taxonomy":"make_year","embeddable":true,"href":"https:\/\/com.rst-steel.eu\/nb\/wp-json\/wp\/v2\/make_year?post=36594"},{"taxonomy":"pwb-brand","embeddable":true,"href":"https:\/\/com.rst-steel.eu\/nb\/wp-json\/wp\/v2\/pwb-brand?post=36594"},{"taxonomy":"product_brand","embeddable":true,"href":"https:\/\/com.rst-steel.eu\/nb\/wp-json\/wp\/v2\/product_brand?post=36594"},{"taxonomy":"product_cat","embeddable":true,"href":"https:\/\/com.rst-steel.eu\/nb\/wp-json\/wp\/v2\/product_cat?post=36594"},{"taxonomy":"product_tag","embeddable":true,"href":"https:\/\/com.rst-steel.eu\/nb\/wp-json\/wp\/v2\/product_tag?post=36594"}],"curies":[{"name":"wp","href":"https:\/\/api.w.org\/{rel}","templated":true}]}}