{"id":36564,"date":"2023-02-10T16:15:44","date_gmt":"2023-02-10T13:15:44","guid":{"rendered":"https:\/\/rst-steel.fi-c.seravo.com\/product\/lazer-sentinel-7-_pr_71322\/"},"modified":"2026-03-16T09:13:27","modified_gmt":"2026-03-16T06:13:27","slug":"lazer-sentinel-7-std-black_pr_71322","status":"publish","type":"product","link":"https:\/\/com.rst-steel.eu\/nb\/produkt\/lazer-sentinel-7-std-black_pr_71322\/","title":{"rendered":"Lazer Sentinel 7\u201d STD, Black"},"content":{"rendered":"<p>With the range expanded in 2022, the Sentinel range of round LED driving lights now comprises 7-inch versions available in Standard and Elite grades. The lights deliver remarkable high beam lighting performance, and product styling that exudes quality.\u00a0 At the Standard level, a combination of 12 high power LEDs emit 5,208 raw lumens, while at the Elite level 10,248 raw lumens are served up by 24 high power LEDs, with each product having the light output on the road or track ahead maximised through the adoption of class-leading electronics and optical design, alongside the product\u2019s CAE-optimised lamp housing.<\/p>\n<p><\/p>\n<p>Boasting a true \u2018combo\u2019 beam pattern, the central rows of LEDs and optics deliver the long-range illumination, while the upper and lower sections have been meticulously designed and engineered to produce an enviable 65 degrees wide spread of light (Elite grade). The result, a perfectly balanced distribution of light, at a carefully selected 5000 kelvin colour temperature, to make night driving a safer and more enjoyable experience. Considering the lamps size and power rating (60W \u2013 Standard \/ 116W \u2013 Elite), these lamps outperform on every level, even against significantly larger, more powerful products.<\/p>\n<p><\/p>\n<p>Symbolic of the lighting power on show, operating at 100% the lamps exceed UNECE high beam driving light regulations, so both Standard and Elite lights adopt Lazer\u2019s dual output E-Boost technology whereby removing the supplied Boost Cap from the back of the lamp reduces the light output to be within the Regulation 148 limit, permitting use of the lights alongside the standard high beam driving lights on your vehicle.<\/p>\n<p><\/p>\n<p><span style=\"font-weight: bold\">Produktegenskaper<\/span><\/p>\n<p><\/p>\n<li><\/li>\n<li>Combination of 24 premium \u2018bin\u2019 LEDs<\/li>\n<li><\/li>\n<li><\/li>\n<li>Stealth black internal appearance<\/li>\n<li><\/li>\n<li>5000K LED fargetemperatur og 80CRI maksimerer skarphet og definisjon<\/li>\n<li><\/li>\n<li><\/li>\n<li><\/li>\n<li>UNECE Reg 148 Class B Driving Light, approved for on-road high beam (E-Boost technology) and Reg 149 position\/side light function (white only)<\/li>\n<li><\/li>\n<li>Supplied with \u2018slim\u2019 diecast aluminium mounting bracket featuring Sentinel stamp<\/li>\n<li><\/li>\n<li>Elektronisk termisk styringssystem optimerer lyseffekten for \u00e5 bevare levetiden til lysdiodene<\/li>\n<li><\/li>\n<li>Anodised pre-treatment and automotive grade powder top-coat for ultimate corrosion and chemical protection<\/li>\n<li><\/li>\n<li><\/li>\n<li>CAE-optimalisert kj\u00f8leribbe tilbyr forbedret termisk dynamikk<\/li>\n<li><\/li>\n<li><\/li>\n<li><\/li>\n<li><\/li>\n<li><\/li>\n<li><\/li>\n<li>Overspenningsbeskyttet<\/li>\n<li><\/li>\n<li><\/li>\n<li>Beskyttet mot omvendt polaritet<\/li>\n<li><\/li>\n<li><\/li>\n<li>\u2018Uknuselig\u2019 polykarbonatlinse med hardcoat lakk<\/li>\n<li><\/li>\n<li><\/li>\n<li><\/li>\n<li><\/li>\n<li>A2 stainless steel fasteners with automotive grade black coating<\/li>\n<li><\/li>\n<li><\/li>\n<li>UNECE-godkjent Reg 10<\/li>\n<li><\/li>\n<li>IP68 watertight \u2013 1.5m submersion (30mins)<\/li>\n<li><\/li>\n<li>5 \u00e5rs garanti<\/li>\n<li><\/li>\n<li>Supplied with pre-wired male\/female Superseal connectors<\/li>\n<li><\/li>\n<li>Designet og produsert i Storbritannia<\/li>\n<li><\/li>\n<li><\/li>\n<li><\/li>\n<li><\/li>\n<li><\/li>\n<li>Technical Specications<\/li>\n<li><\/li>\n<li><\/li>\n<li>&nbsp;&nbsp;&nbsp;&nbsp;&nbsp;&nbsp;&nbsp;&nbsp;&nbsp;&nbsp;&nbsp;&nbsp;&nbsp;&nbsp;&nbsp;&nbsp;&nbsp;&nbsp;&nbsp;&nbsp;&nbsp;&nbsp;&nbsp;&nbsp;&nbsp;&nbsp;&nbsp;&nbsp;&nbsp;&nbsp;&nbsp;&nbsp;&nbsp;&nbsp;&nbsp;&nbsp;&nbsp;&nbsp;&nbsp;&nbsp;E-Boost \/ \u00a0\u00a0\u00a0\u00a0E-Mark Mode<\/li>\n<li><\/li>\n<li>Voltage Range (DC):\u00a0\u00a0\u00a0\u00a010-32V<span>\t<\/span>10-32V<\/li>\n<li><\/li>\n<li>LED Life: \u00a0\u00a0\u00a0\u00a0\u00a0\u00a0\u00a0\u00a0\u00a0\u00a0\u00a0\u00a0\u00a0\u00a0\u00a0\u00a050,000 hrs<span>\t<\/span>50,000 hrs<\/li>\n<li><\/li>\n<li>Weight: \u00a0\u00a0\u00a0\u00a0\u00a0\u00a0\u00a0\u00a0\u00a0\u00a0\u00a0\u00a0\u00a0\u00a0\u00a0\u00a0\u00a0\u00a0\u00a0\u00a0\u00a0\u00a0\u00a0\u00a01.5 kg<span>\t<\/span>1.5 kg<\/li>\n<li><\/li>\n<li><\/li>\n<li>Fjernlysfunksjon<\/li>\n<li><\/li>\n<li>Total Luminous Flux<span>\t<\/span>5208 Lm \/ 1041 Lm<\/li>\n<li><\/li>\n<li>Total Driver \u2018FOV\u2019 Flux \u2020<span>\t<\/span>TBC<span>\t<\/span>TBC<\/li>\n<li><\/li>\n<li>Colour Temperature<span>\t<\/span>5000k<span>\t<\/span>5000k<\/li>\n<li><\/li>\n<li>Number of High Output LEDs<span>\t<\/span>12\u00a0\/ 12<\/li>\n<li><\/li>\n<li>Power Consumption<span>\t<\/span>64\u00a0Watts<span>\t<\/span>12.4\u00a0Watts<\/li>\n<li><\/li>\n<li>Current Draw (at 14.4V)<span>\t<\/span>4.3\u00a0Amps<span>\t<\/span>0.9\u00a0Amps<\/li>\n<li><\/li>\n<li><\/li>\n<li>CERTIFICATION<\/li>\n<li><\/li>\n<li>High Beam<span>\t<\/span>N\/A\u00a0 \u00a0 \/<span>\t<\/span>ECE R149<\/li>\n<li>E-Mark Ref<span>\t<\/span>N\/A \/ \u00a0\u00a0\u00a0\u00a012.5<\/li>\n<li><\/li>\n<li><\/li>\n<li>FOTOMETRISKE DATA<span>\t<\/span><\/li>\n<li><span>\t<\/span>&nbsp;<\/li>\n<li>Horiz Beam Angle<span>\t<\/span>60 Deg<span>\t<\/span>60 Deg<\/li>\n<li><\/li>\n<li>0.25 lx Line<span>\t<\/span>1217 metres \/ \u00a0\u00a0\u00a0\u00a0544 metres<\/li>\n<li>0.5 lx Line<span>\t<\/span>860 metres \/ \u00a0\u00a0\u00a0\u00a0385 metres<\/li>\n<li>1 lx Line<span>\t<\/span>608 metres \/ \u00a0\u00a0\u00a0\u00a0272 metres<\/li>\n<li>3 lx Line<span>\t<\/span>351 metres \/ \u00a0\u00a0\u00a0\u00a0157 metres<\/li>\n<p><\/p>\n<p><\/p>\n<p>Whats Included:<\/p>\n<p><\/p>\n<p>x1 Sentinel 7\u201d LED Lamp<\/p>\n<p>x1 \u2018Slim\u2019 Mount Kit&nbsp;<\/p>\n<p>x1 Installation Instructions<\/p>\n<p><\/p>\n<p><\/p>","protected":false},"excerpt":{"rendered":"<p>NY MODELL!<\/p>","protected":false},"featured_media":36559,"comment_status":"open","ping_status":"closed","template":"","meta":{"_improvement_type_select":"improve_an_existing","_thumb_yes_seoaic":false,"_frame_yes_seoaic":false,"seoaic_generate_description":"","seoaic_improve_instructions_prompt":"","seoaic_rollback_content_improvement":"","seoaic_idea_thumbnail_generator":"","thumbnail_generated":false,"thumbnail_generate_prompt":"","seoaic_article_description":""},"make_fuel_type":[],"make_model":[],"make_brand":[],"make_year":[],"pwb-brand":[8332],"product_brand":[],"product_cat":[6195,6209,6211,7207],"product_tag":[7551,6298,6363],"class_list":{"0":"post-36564","1":"product","2":"type-product","3":"status-publish","4":"has-post-thumbnail","6":"pwb-brand-brand_lazerlamps","7":"product_cat-lamps","8":"product_cat-auxiliary-lights","9":"product_cat-lazer-lamps-auxiliary-lights","10":"product_cat-rst-sentinell","11":"product_tag-extraljus","12":"product_tag-lazer-lamps","13":"product_tag-sentinel","15":"first","16":"instock","17":"taxable","18":"shipping-taxable","19":"purchasable","20":"product-type-simple"},"yoast_head":"<!-- This site is optimized with the Yoast SEO plugin v25.7 - https:\/\/yoast.com\/wordpress\/plugins\/seo\/ -->\n<title>Lazer Sentinel 7&#039;&#039; STD, Black - RST-Steel<\/title>\n<meta name=\"description\" content=\"The Lazer Sentinel 7 STD Black provides powerful LED illumination in a sleek black design, ensuring bright, durable lighting for enhanced visibility.\" \/>\n<meta name=\"robots\" content=\"index, follow, max-snippet:-1, max-image-preview:large, max-video-preview:-1\" \/>\n<link rel=\"canonical\" href=\"https:\/\/com.rst-steel.eu\/nb\/produkt\/lazer-sentinel-7-std-black_pr_71322\/\" \/>\n<meta property=\"og:locale\" content=\"nb_NO\" \/>\n<meta property=\"og:type\" content=\"article\" \/>\n<meta property=\"og:title\" content=\"Lazer Sentinel 7&#039;&#039; STD, Black - RST-Steel\" \/>\n<meta property=\"og:description\" content=\"The Lazer Sentinel 7 STD Black provides powerful LED illumination in a sleek black design, ensuring bright, durable lighting for enhanced visibility.\" \/>\n<meta property=\"og:url\" content=\"https:\/\/com.rst-steel.eu\/nb\/produkt\/lazer-sentinel-7-std-black_pr_71322\/\" \/>\n<meta property=\"og:site_name\" content=\"RST-Steel\" \/>\n<meta property=\"article:publisher\" content=\"https:\/\/www.facebook.com\/rststeel\" \/>\n<meta property=\"article:modified_time\" content=\"2026-03-16T06:13:27+00:00\" \/>\n<meta property=\"og:image\" content=\"https:\/\/com.rst-steel.eu\/wp-content\/uploads\/2023\/02\/1a741dfe8e114a39f11647411a43cfad65e64316_Sentinel_7in_standard_front_web__2_.jpg\" \/>\n\t<meta property=\"og:image:width\" content=\"1000\" \/>\n\t<meta property=\"og:image:height\" content=\"750\" \/>\n\t<meta property=\"og:image:type\" content=\"image\/jpeg\" \/>\n<meta name=\"twitter:card\" content=\"summary_large_image\" \/>\n<meta name=\"twitter:label1\" content=\"Ansl. lesetid\" \/>\n\t<meta name=\"twitter:data1\" content=\"3 minutter\" \/>\n<script type=\"application\/ld+json\" class=\"yoast-schema-graph\">{\"@context\":\"https:\/\/schema.org\",\"@graph\":[{\"@type\":\"WebPage\",\"@id\":\"https:\/\/com.rst-steel.eu\/nb\/produkt\/lazer-sentinel-7-std-black_pr_71322\/\",\"url\":\"https:\/\/com.rst-steel.eu\/nb\/produkt\/lazer-sentinel-7-std-black_pr_71322\/\",\"name\":\"Lazer Sentinel 7'' STD, Black - RST-Steel\",\"isPartOf\":{\"@id\":\"https:\/\/com.rst-steel.eu\/#website\"},\"primaryImageOfPage\":{\"@id\":\"https:\/\/com.rst-steel.eu\/nb\/produkt\/lazer-sentinel-7-std-black_pr_71322\/#primaryimage\"},\"image\":{\"@id\":\"https:\/\/com.rst-steel.eu\/nb\/produkt\/lazer-sentinel-7-std-black_pr_71322\/#primaryimage\"},\"thumbnailUrl\":\"https:\/\/com.rst-steel.eu\/wp-content\/uploads\/2023\/02\/1a741dfe8e114a39f11647411a43cfad65e64316_Sentinel_7in_standard_front_web__2_.jpg\",\"datePublished\":\"2023-02-10T13:15:44+00:00\",\"dateModified\":\"2026-03-16T06:13:27+00:00\",\"description\":\"The Lazer Sentinel 7 STD Black provides powerful LED illumination in a sleek black design, ensuring bright, durable lighting for enhanced visibility.\",\"breadcrumb\":{\"@id\":\"https:\/\/com.rst-steel.eu\/nb\/produkt\/lazer-sentinel-7-std-black_pr_71322\/#breadcrumb\"},\"inLanguage\":\"nb-NO\",\"potentialAction\":[{\"@type\":\"ReadAction\",\"target\":[\"https:\/\/com.rst-steel.eu\/nb\/produkt\/lazer-sentinel-7-std-black_pr_71322\/\"]}]},{\"@type\":\"ImageObject\",\"inLanguage\":\"nb-NO\",\"@id\":\"https:\/\/com.rst-steel.eu\/nb\/produkt\/lazer-sentinel-7-std-black_pr_71322\/#primaryimage\",\"url\":\"https:\/\/com.rst-steel.eu\/wp-content\/uploads\/2023\/02\/1a741dfe8e114a39f11647411a43cfad65e64316_Sentinel_7in_standard_front_web__2_.jpg\",\"contentUrl\":\"https:\/\/com.rst-steel.eu\/wp-content\/uploads\/2023\/02\/1a741dfe8e114a39f11647411a43cfad65e64316_Sentinel_7in_standard_front_web__2_.jpg\",\"width\":1000,\"height\":750,\"caption\":\"Lazer Sentinel 7'' STD, Black\"},{\"@type\":\"BreadcrumbList\",\"@id\":\"https:\/\/com.rst-steel.eu\/nb\/produkt\/lazer-sentinel-7-std-black_pr_71322\/#breadcrumb\",\"itemListElement\":[{\"@type\":\"ListItem\",\"position\":1,\"name\":\"Home\",\"item\":\"https:\/\/com.rst-steel.eu\/\"},{\"@type\":\"ListItem\",\"position\":2,\"name\":\"RST-Steel Shop\",\"item\":\"https:\/\/com.rst-steel.eu\/shop\/\"},{\"@type\":\"ListItem\",\"position\":3,\"name\":\"Lazer Sentinel 7&#8221; STD, Black\"}]},{\"@type\":\"WebSite\",\"@id\":\"https:\/\/com.rst-steel.eu\/#website\",\"url\":\"https:\/\/com.rst-steel.eu\/\",\"name\":\"RST-Steel.com\",\"description\":\"Finnish quality steel, for quality-conscious drivers\",\"publisher\":{\"@id\":\"https:\/\/com.rst-steel.eu\/#organization\"},\"alternateName\":\"Safe and stylish RST-Steel quality\",\"potentialAction\":[{\"@type\":\"SearchAction\",\"target\":{\"@type\":\"EntryPoint\",\"urlTemplate\":\"https:\/\/com.rst-steel.eu\/?s={search_term_string}\"},\"query-input\":{\"@type\":\"PropertyValueSpecification\",\"valueRequired\":true,\"valueName\":\"search_term_string\"}}],\"inLanguage\":\"nb-NO\"},{\"@type\":\"Organization\",\"@id\":\"https:\/\/com.rst-steel.eu\/#organization\",\"name\":\"RST-Steel Oy\",\"url\":\"https:\/\/com.rst-steel.eu\/\",\"logo\":{\"@type\":\"ImageObject\",\"inLanguage\":\"nb-NO\",\"@id\":\"https:\/\/com.rst-steel.eu\/#\/schema\/logo\/image\/\",\"url\":\"https:\/\/com.rst-steel.eu\/wp-content\/uploads\/2023\/04\/cropped-Rst-logo-valkoinen-teksti-3.png\",\"contentUrl\":\"https:\/\/com.rst-steel.eu\/wp-content\/uploads\/2023\/04\/cropped-Rst-logo-valkoinen-teksti-3.png\",\"width\":512,\"height\":115,\"caption\":\"RST-Steel Oy\"},\"image\":{\"@id\":\"https:\/\/com.rst-steel.eu\/#\/schema\/logo\/image\/\"},\"sameAs\":[\"https:\/\/www.facebook.com\/rststeel\",\"https:\/\/www.instagram.com\/rststeeloy\/\"]}]}<\/script>\n<!-- \/ Yoast SEO plugin. -->","yoast_head_json":{"title":"Lazer Sentinel 7'' STD, Black - RST-Steel","description":"The Lazer Sentinel 7 STD Black provides powerful LED illumination in a sleek black design, ensuring bright, durable lighting for enhanced visibility.","robots":{"index":"index","follow":"follow","max-snippet":"max-snippet:-1","max-image-preview":"max-image-preview:large","max-video-preview":"max-video-preview:-1"},"canonical":"https:\/\/com.rst-steel.eu\/nb\/produkt\/lazer-sentinel-7-std-black_pr_71322\/","og_locale":"nb_NO","og_type":"article","og_title":"Lazer Sentinel 7'' STD, Black - RST-Steel","og_description":"The Lazer Sentinel 7 STD Black provides powerful LED illumination in a sleek black design, ensuring bright, durable lighting for enhanced visibility.","og_url":"https:\/\/com.rst-steel.eu\/nb\/produkt\/lazer-sentinel-7-std-black_pr_71322\/","og_site_name":"RST-Steel","article_publisher":"https:\/\/www.facebook.com\/rststeel","article_modified_time":"2026-03-16T06:13:27+00:00","og_image":[{"width":1000,"height":750,"url":"https:\/\/com.rst-steel.eu\/wp-content\/uploads\/2023\/02\/1a741dfe8e114a39f11647411a43cfad65e64316_Sentinel_7in_standard_front_web__2_.jpg","type":"image\/jpeg"}],"twitter_card":"summary_large_image","twitter_misc":{"Ansl. lesetid":"3 minutter"},"schema":{"@context":"https:\/\/schema.org","@graph":[{"@type":"WebPage","@id":"https:\/\/com.rst-steel.eu\/nb\/produkt\/lazer-sentinel-7-std-black_pr_71322\/","url":"https:\/\/com.rst-steel.eu\/nb\/produkt\/lazer-sentinel-7-std-black_pr_71322\/","name":"Lazer Sentinel 7'' STD, Black - RST-Steel","isPartOf":{"@id":"https:\/\/com.rst-steel.eu\/#website"},"primaryImageOfPage":{"@id":"https:\/\/com.rst-steel.eu\/nb\/produkt\/lazer-sentinel-7-std-black_pr_71322\/#primaryimage"},"image":{"@id":"https:\/\/com.rst-steel.eu\/nb\/produkt\/lazer-sentinel-7-std-black_pr_71322\/#primaryimage"},"thumbnailUrl":"https:\/\/com.rst-steel.eu\/wp-content\/uploads\/2023\/02\/1a741dfe8e114a39f11647411a43cfad65e64316_Sentinel_7in_standard_front_web__2_.jpg","datePublished":"2023-02-10T13:15:44+00:00","dateModified":"2026-03-16T06:13:27+00:00","description":"The Lazer Sentinel 7 STD Black provides powerful LED illumination in a sleek black design, ensuring bright, durable lighting for enhanced visibility.","breadcrumb":{"@id":"https:\/\/com.rst-steel.eu\/nb\/produkt\/lazer-sentinel-7-std-black_pr_71322\/#breadcrumb"},"inLanguage":"nb-NO","potentialAction":[{"@type":"ReadAction","target":["https:\/\/com.rst-steel.eu\/nb\/produkt\/lazer-sentinel-7-std-black_pr_71322\/"]}]},{"@type":"ImageObject","inLanguage":"nb-NO","@id":"https:\/\/com.rst-steel.eu\/nb\/produkt\/lazer-sentinel-7-std-black_pr_71322\/#primaryimage","url":"https:\/\/com.rst-steel.eu\/wp-content\/uploads\/2023\/02\/1a741dfe8e114a39f11647411a43cfad65e64316_Sentinel_7in_standard_front_web__2_.jpg","contentUrl":"https:\/\/com.rst-steel.eu\/wp-content\/uploads\/2023\/02\/1a741dfe8e114a39f11647411a43cfad65e64316_Sentinel_7in_standard_front_web__2_.jpg","width":1000,"height":750,"caption":"Lazer Sentinel 7'' STD, Black"},{"@type":"BreadcrumbList","@id":"https:\/\/com.rst-steel.eu\/nb\/produkt\/lazer-sentinel-7-std-black_pr_71322\/#breadcrumb","itemListElement":[{"@type":"ListItem","position":1,"name":"Home","item":"https:\/\/com.rst-steel.eu\/"},{"@type":"ListItem","position":2,"name":"RST-Steel Shop","item":"https:\/\/com.rst-steel.eu\/shop\/"},{"@type":"ListItem","position":3,"name":"Lazer Sentinel 7&#8221; STD, Black"}]},{"@type":"WebSite","@id":"https:\/\/com.rst-steel.eu\/#website","url":"https:\/\/com.rst-steel.eu\/","name":"RST-Steel.com","description":"Finsk kvalitetsst\u00e5l, for kvalitetsbevisste sj\u00e5f\u00f8rer","publisher":{"@id":"https:\/\/com.rst-steel.eu\/#organization"},"alternateName":"Safe and stylish RST-Steel quality","potentialAction":[{"@type":"SearchAction","target":{"@type":"EntryPoint","urlTemplate":"https:\/\/com.rst-steel.eu\/?s={search_term_string}"},"query-input":{"@type":"PropertyValueSpecification","valueRequired":true,"valueName":"search_term_string"}}],"inLanguage":"nb-NO"},{"@type":"Organization","@id":"https:\/\/com.rst-steel.eu\/#organization","name":"RST-Steel Oy","url":"https:\/\/com.rst-steel.eu\/","logo":{"@type":"ImageObject","inLanguage":"nb-NO","@id":"https:\/\/com.rst-steel.eu\/#\/schema\/logo\/image\/","url":"https:\/\/com.rst-steel.eu\/wp-content\/uploads\/2023\/04\/cropped-Rst-logo-valkoinen-teksti-3.png","contentUrl":"https:\/\/com.rst-steel.eu\/wp-content\/uploads\/2023\/04\/cropped-Rst-logo-valkoinen-teksti-3.png","width":512,"height":115,"caption":"RST-Steel Oy"},"image":{"@id":"https:\/\/com.rst-steel.eu\/#\/schema\/logo\/image\/"},"sameAs":["https:\/\/www.facebook.com\/rststeel","https:\/\/www.instagram.com\/rststeeloy\/"]}]}},"brands":[{"id":8332,"name":"Lazer Lamps","slug":"brand_lazerlamps"}],"_links":{"self":[{"href":"https:\/\/com.rst-steel.eu\/nb\/wp-json\/wp\/v2\/product\/36564","targetHints":{"allow":["GET"]}}],"collection":[{"href":"https:\/\/com.rst-steel.eu\/nb\/wp-json\/wp\/v2\/product"}],"about":[{"href":"https:\/\/com.rst-steel.eu\/nb\/wp-json\/wp\/v2\/types\/product"}],"replies":[{"embeddable":true,"href":"https:\/\/com.rst-steel.eu\/nb\/wp-json\/wp\/v2\/comments?post=36564"}],"version-history":[{"count":0,"href":"https:\/\/com.rst-steel.eu\/nb\/wp-json\/wp\/v2\/product\/36564\/revisions"}],"wp:featuredmedia":[{"embeddable":true,"href":"https:\/\/com.rst-steel.eu\/nb\/wp-json\/wp\/v2\/media\/36559"}],"wp:attachment":[{"href":"https:\/\/com.rst-steel.eu\/nb\/wp-json\/wp\/v2\/media?parent=36564"}],"wp:term":[{"taxonomy":"make_fuel_type","embeddable":true,"href":"https:\/\/com.rst-steel.eu\/nb\/wp-json\/wp\/v2\/make_fuel_type?post=36564"},{"taxonomy":"make_model","embeddable":true,"href":"https:\/\/com.rst-steel.eu\/nb\/wp-json\/wp\/v2\/make_model?post=36564"},{"taxonomy":"make_brand","embeddable":true,"href":"https:\/\/com.rst-steel.eu\/nb\/wp-json\/wp\/v2\/make_brand?post=36564"},{"taxonomy":"make_year","embeddable":true,"href":"https:\/\/com.rst-steel.eu\/nb\/wp-json\/wp\/v2\/make_year?post=36564"},{"taxonomy":"pwb-brand","embeddable":true,"href":"https:\/\/com.rst-steel.eu\/nb\/wp-json\/wp\/v2\/pwb-brand?post=36564"},{"taxonomy":"product_brand","embeddable":true,"href":"https:\/\/com.rst-steel.eu\/nb\/wp-json\/wp\/v2\/product_brand?post=36564"},{"taxonomy":"product_cat","embeddable":true,"href":"https:\/\/com.rst-steel.eu\/nb\/wp-json\/wp\/v2\/product_cat?post=36564"},{"taxonomy":"product_tag","embeddable":true,"href":"https:\/\/com.rst-steel.eu\/nb\/wp-json\/wp\/v2\/product_tag?post=36564"}],"curies":[{"name":"wp","href":"https:\/\/api.w.org\/{rel}","templated":true}]}}