{"id":36287,"date":"2023-02-01T17:03:26","date_gmt":"2023-02-01T14:03:26","guid":{"rendered":"https:\/\/rst-steel.fi-c.seravo.com\/product\/lazer-linear-18-elite-with-i-ba-_pr_18698\/"},"modified":"2026-03-16T09:21:21","modified_gmt":"2026-03-16T06:21:21","slug":"lazer-linear-18-elite-i-lba-_pr_18698","status":"publish","type":"product","link":"https:\/\/com.rst-steel.eu\/nb\/produkt\/lazer-linear-18-elite-i-lba-_pr_18698\/","title":{"rendered":"Lazer Linear 18 Elite i-LBA"},"content":{"rendered":"<p>The super popular Lazer Linear 18 Elite is now even better. The 48 LEDs of the auxiliary light produce a whopping 18,000lm of light, which is about 50% more than in the previous model.<\/p>\n<p><\/p>\n<p>Lazer is the first in the world to introduce the patented i-LBA (intelligent low beam assist) technology, which allows the additional light to also function as a low beam. The intelligent low beam assist technology is based on two sensors that optimize the light pattern to suit the traffic and does not require anything extra from the driver. When the dipped beam is switched on, the automatic system adjusts the light pattern so that the beam does not dazzle the oncoming car.<\/p>\n<p><\/p>\n<p>The lamp is ECE certified to Regulation 112 as a high beam driving light, and through dual-output E-Boost technology the light output can be increased above ECE Reg112 limits when off-road, or where specific country-law allows. The Intelligent Low Beam Assist function is not an approved low beam driving light, but is patent-pending technology designed to smooth the transition from your high beam driving lights. The forementioned secondary switch allows deactivation of the function where the laws of the country specifically don\u2019t allow use.<\/p>\n<p><\/p>\n<p><\/p>\n<p>Product features:<\/p>\n<p><\/p>\n<ul>\n<li>Combination of 48 high efficiency LEDs deliver exceptional lighting performance<\/li>\n<li>Low Beam Assist-modus gir overlegen sikt p\u00e5 kort\/mellomomr\u00e5det<\/li>\n<li>Integrated photoelectric sensors detect oncoming traffic and obstacles so that light output responds to surroundings in Low Beam Assist mode<\/li>\n<\/ul>\n<ul>\n<li>Flexible mounting options \u2013 anti-theft side mounting brackets included<\/li>\n<li>Elektronisk termisk styringssystem optimerer lyseffekten for \u00e5 bevare levetiden til lysdiodene<\/li>\n<li>Anodised pre-treatment and automotive grade powder top-coat for ultimate corrosion and chemical protection<\/li>\n<li>CAE-optimalisert kj\u00f8leribbe tilbyr forbedret termisk dynamikk<\/li>\n<li>Overspenningsbeskyttet<\/li>\n<li>Beskyttet mot omvendt polaritet<\/li>\n<li>\u2018Uknuselig\u2019 polykarbonatlinse med hardcoat lakk<\/li>\n<li>UNECE approved Reg 112 (Class B Driving Light) for on-road high beam function<\/li>\n<li>UNECE-godkjent Reg 10<\/li>\n<li>IP67 vanntett<\/li>\n<li><span style=\"font-weight: bold\">5 \u00e5rs garanti<\/span><\/li>\n<li>Designet og produsert i Storbritannia<\/li>\n<\/ul>\n<p><\/p>\n<p><\/p>\n<p>Tekniske spesifikasjoner:<\/p>\n<p>Voltage Range (DC): 10-32V<\/p>\n<p>Weight: 1.1 kg<\/p>\n<p>Total Luminous Flux E-boost \/ E-mark: 1800 Lm \/ 5538 lm<\/p>\n<p>Colour Temperature: 5000k<\/p>\n<p>Number of High Output LEDs: 48<\/p>\n<p>Power Consumption E-boost \/ E-mark: 135 W \/ 43 W<\/p>\n<p>Current Draw (at 14.4V) E-boost \/ E-mark: 10.4 Amps \/ 3.2 Amps<\/p>\n<p>IP67 vanntett<\/p>\n<p>5 \u00e5rs garanti<\/p>\n<p><\/p>\n<p><\/p>\n<p>PHOTOMETRIC DATA:<\/p>\n<p>&nbsp; &nbsp; Horizontal Beam Angle: 60 Deg<\/p>\n<p>&nbsp; &nbsp; 0.25 lx Line E-boost \/ E-mark: 1043 m \/ 571 m<\/p>\n<p>&nbsp; &nbsp; 0.5 lx Line E-boost \/ E-mark: 738 m \/ 404 m<\/p>\n<p>&nbsp;&nbsp;&nbsp;&nbsp;1 lx Line E-boost \/ E-mark: 522 m \/ 286 m<\/p>\n<p>&nbsp;&nbsp;&nbsp;&nbsp;3 lx Line E-boost \/ E-mark: 301 m \/ 165 m<\/p>\n<p><\/p>\n<p>SERTIFIKASJON:<\/p>\n<p>&nbsp; &nbsp; High Beam E-boost \/ E-mark: N\/A \/ ECE R112<\/p>\n<p>&nbsp;&nbsp;&nbsp;&nbsp;E-Mark Ref E-boost \/ E-mark: N\/A \/ 17.5<\/p>\n<p><\/p>\n<p><\/p>\n<p>Whats included:&nbsp;<\/p>\n<p><\/p>\n<p>Linear 18 Elite with I-BA LED lamp<\/p>\n<p>Anti-theft Side Mount<\/p>\n<p>Kablingssett for \"n\u00e6rlysassistent\" med \u00e9n lampe&nbsp;<\/p>\n<p>Installasjonsinstruksjoner<\/p>\n<p>Supplied with pre-wired male\/female 2-pin Superseal connectors<\/p>\n<p><\/p>","protected":false},"excerpt":{"rendered":"<p>Den superpopul\u00e6re Lazer Linear 18 Elite er n\u00e5 enda bedre.<\/p>","protected":false},"featured_media":43704,"comment_status":"open","ping_status":"closed","template":"","meta":{"_improvement_type_select":"improve_an_existing","_thumb_yes_seoaic":false,"_frame_yes_seoaic":false,"seoaic_generate_description":"","seoaic_improve_instructions_prompt":"","seoaic_rollback_content_improvement":"","seoaic_idea_thumbnail_generator":"","thumbnail_generated":false,"thumbnail_generate_prompt":"","seoaic_article_description":""},"make_fuel_type":[],"make_model":[],"make_brand":[],"make_year":[3748,6373],"pwb-brand":[8332],"product_brand":[],"product_cat":[6195,6209,6211,7206],"product_tag":[8498,7551,6298,8496,6364],"class_list":{"0":"post-36287","1":"product","2":"type-product","3":"status-publish","4":"has-post-thumbnail","6":"make_year-trucks","7":"make_year-van","8":"pwb-brand-brand_lazerlamps","9":"product_cat-lamps","10":"product_cat-auxiliary-lights","11":"product_cat-lazer-lamps-auxiliary-lights","12":"product_cat-rst-linearr","13":"product_tag-auxiliary-light","14":"product_tag-extraljus","15":"product_tag-lazer-lamps","16":"product_tag-light-bar","17":"product_tag-linear","19":"first","20":"instock","21":"taxable","22":"shipping-taxable","23":"purchasable","24":"product-type-simple"},"yoast_head":"<!-- This site is optimized with the Yoast SEO plugin v25.7 - https:\/\/yoast.com\/wordpress\/plugins\/seo\/ -->\n<title>Lazer Linear 18 Elite i-LBA - RST-Steel<\/title>\n<meta name=\"description\" content=\"Lazer Linear 18 Elite I-LBA: Compact LED light bar with high brightness and durability, featuring integrated position lights for enhanced visibility and style.\" \/>\n<meta name=\"robots\" content=\"index, follow, max-snippet:-1, max-image-preview:large, max-video-preview:-1\" \/>\n<link rel=\"canonical\" href=\"https:\/\/com.rst-steel.eu\/nb\/produkt\/lazer-linear-18-elite-i-lba-_pr_18698\/\" \/>\n<meta property=\"og:locale\" content=\"nb_NO\" \/>\n<meta property=\"og:type\" content=\"article\" \/>\n<meta property=\"og:title\" content=\"Lazer Linear 18 Elite i-LBA - RST-Steel\" \/>\n<meta property=\"og:description\" content=\"Lazer Linear 18 Elite I-LBA: Compact LED light bar with high brightness and durability, featuring integrated position lights for enhanced visibility and style.\" \/>\n<meta property=\"og:url\" content=\"https:\/\/com.rst-steel.eu\/nb\/produkt\/lazer-linear-18-elite-i-lba-_pr_18698\/\" \/>\n<meta property=\"og:site_name\" content=\"RST-Steel\" \/>\n<meta property=\"article:publisher\" content=\"https:\/\/www.facebook.com\/rststeel\" \/>\n<meta property=\"article:modified_time\" content=\"2026-03-16T06:21:21+00:00\" \/>\n<meta property=\"og:image\" content=\"https:\/\/com.rst-steel.eu\/wp-content\/uploads\/2024\/06\/04b03d27f168737ce04733a1bd0c3e8848dbc01e_linear_18_elite_angled_front_side_mounts___web.jpg\" \/>\n\t<meta property=\"og:image:width\" content=\"1000\" \/>\n\t<meta property=\"og:image:height\" content=\"750\" \/>\n\t<meta property=\"og:image:type\" content=\"image\/jpeg\" \/>\n<meta name=\"twitter:card\" content=\"summary_large_image\" \/>\n<meta name=\"twitter:label1\" content=\"Ansl. lesetid\" \/>\n\t<meta name=\"twitter:data1\" content=\"3 minutter\" \/>\n<script type=\"application\/ld+json\" class=\"yoast-schema-graph\">{\"@context\":\"https:\/\/schema.org\",\"@graph\":[{\"@type\":\"WebPage\",\"@id\":\"https:\/\/com.rst-steel.eu\/sv\/produkt\/lazer-linear-18-elite-i-lba-_pr_18698\/\",\"url\":\"https:\/\/com.rst-steel.eu\/sv\/produkt\/lazer-linear-18-elite-i-lba-_pr_18698\/\",\"name\":\"Lazer Linear 18 Elite i-LBA - RST-Steel\",\"isPartOf\":{\"@id\":\"https:\/\/com.rst-steel.eu\/#website\"},\"primaryImageOfPage\":{\"@id\":\"https:\/\/com.rst-steel.eu\/sv\/produkt\/lazer-linear-18-elite-i-lba-_pr_18698\/#primaryimage\"},\"image\":{\"@id\":\"https:\/\/com.rst-steel.eu\/sv\/produkt\/lazer-linear-18-elite-i-lba-_pr_18698\/#primaryimage\"},\"thumbnailUrl\":\"https:\/\/com.rst-steel.eu\/wp-content\/uploads\/2024\/06\/04b03d27f168737ce04733a1bd0c3e8848dbc01e_linear_18_elite_angled_front_side_mounts___web.jpg\",\"datePublished\":\"2023-02-01T14:03:26+00:00\",\"dateModified\":\"2026-03-16T06:21:21+00:00\",\"description\":\"Lazer Linear 18 Elite I-LBA: Compact LED light bar with high brightness and durability, featuring integrated position lights for enhanced visibility and style.\",\"breadcrumb\":{\"@id\":\"https:\/\/com.rst-steel.eu\/sv\/produkt\/lazer-linear-18-elite-i-lba-_pr_18698\/#breadcrumb\"},\"inLanguage\":\"nb-NO\",\"potentialAction\":[{\"@type\":\"ReadAction\",\"target\":[\"https:\/\/com.rst-steel.eu\/sv\/produkt\/lazer-linear-18-elite-i-lba-_pr_18698\/\"]}]},{\"@type\":\"ImageObject\",\"inLanguage\":\"nb-NO\",\"@id\":\"https:\/\/com.rst-steel.eu\/sv\/produkt\/lazer-linear-18-elite-i-lba-_pr_18698\/#primaryimage\",\"url\":\"https:\/\/com.rst-steel.eu\/wp-content\/uploads\/2024\/06\/04b03d27f168737ce04733a1bd0c3e8848dbc01e_linear_18_elite_angled_front_side_mounts___web.jpg\",\"contentUrl\":\"https:\/\/com.rst-steel.eu\/wp-content\/uploads\/2024\/06\/04b03d27f168737ce04733a1bd0c3e8848dbc01e_linear_18_elite_angled_front_side_mounts___web.jpg\",\"width\":1000,\"height\":750,\"caption\":\"Kuvassa Lazer Linear 18 Elite i-LBA\"},{\"@type\":\"BreadcrumbList\",\"@id\":\"https:\/\/com.rst-steel.eu\/sv\/produkt\/lazer-linear-18-elite-i-lba-_pr_18698\/#breadcrumb\",\"itemListElement\":[{\"@type\":\"ListItem\",\"position\":1,\"name\":\"Home\",\"item\":\"https:\/\/com.rst-steel.eu\/\"},{\"@type\":\"ListItem\",\"position\":2,\"name\":\"RST-Steel Shop\",\"item\":\"https:\/\/com.rst-steel.eu\/shop\/\"},{\"@type\":\"ListItem\",\"position\":3,\"name\":\"Lazer Linear 18 Elite i-LBA\"}]},{\"@type\":\"WebSite\",\"@id\":\"https:\/\/com.rst-steel.eu\/#website\",\"url\":\"https:\/\/com.rst-steel.eu\/\",\"name\":\"RST-Steel.com\",\"description\":\"Finnish quality steel, for quality-conscious drivers\",\"publisher\":{\"@id\":\"https:\/\/com.rst-steel.eu\/#organization\"},\"alternateName\":\"Safe and stylish RST-Steel quality\",\"potentialAction\":[{\"@type\":\"SearchAction\",\"target\":{\"@type\":\"EntryPoint\",\"urlTemplate\":\"https:\/\/com.rst-steel.eu\/?s={search_term_string}\"},\"query-input\":{\"@type\":\"PropertyValueSpecification\",\"valueRequired\":true,\"valueName\":\"search_term_string\"}}],\"inLanguage\":\"nb-NO\"},{\"@type\":\"Organization\",\"@id\":\"https:\/\/com.rst-steel.eu\/#organization\",\"name\":\"RST-Steel Oy\",\"url\":\"https:\/\/com.rst-steel.eu\/\",\"logo\":{\"@type\":\"ImageObject\",\"inLanguage\":\"nb-NO\",\"@id\":\"https:\/\/com.rst-steel.eu\/#\/schema\/logo\/image\/\",\"url\":\"https:\/\/com.rst-steel.eu\/wp-content\/uploads\/2023\/04\/cropped-Rst-logo-valkoinen-teksti-3.png\",\"contentUrl\":\"https:\/\/com.rst-steel.eu\/wp-content\/uploads\/2023\/04\/cropped-Rst-logo-valkoinen-teksti-3.png\",\"width\":512,\"height\":115,\"caption\":\"RST-Steel Oy\"},\"image\":{\"@id\":\"https:\/\/com.rst-steel.eu\/#\/schema\/logo\/image\/\"},\"sameAs\":[\"https:\/\/www.facebook.com\/rststeel\",\"https:\/\/www.instagram.com\/rststeeloy\/\"]}]}<\/script>\n<!-- \/ Yoast SEO plugin. -->","yoast_head_json":{"title":"Lazer Linear 18 Elite i-LBA - RST-Steel","description":"Lazer Linear 18 Elite I-LBA: Compact LED light bar with high brightness and durability, featuring integrated position lights for enhanced visibility and style.","robots":{"index":"index","follow":"follow","max-snippet":"max-snippet:-1","max-image-preview":"max-image-preview:large","max-video-preview":"max-video-preview:-1"},"canonical":"https:\/\/com.rst-steel.eu\/nb\/produkt\/lazer-linear-18-elite-i-lba-_pr_18698\/","og_locale":"nb_NO","og_type":"article","og_title":"Lazer Linear 18 Elite i-LBA - RST-Steel","og_description":"Lazer Linear 18 Elite I-LBA: Compact LED light bar with high brightness and durability, featuring integrated position lights for enhanced visibility and style.","og_url":"https:\/\/com.rst-steel.eu\/nb\/produkt\/lazer-linear-18-elite-i-lba-_pr_18698\/","og_site_name":"RST-Steel","article_publisher":"https:\/\/www.facebook.com\/rststeel","article_modified_time":"2026-03-16T06:21:21+00:00","og_image":[{"width":1000,"height":750,"url":"https:\/\/com.rst-steel.eu\/wp-content\/uploads\/2024\/06\/04b03d27f168737ce04733a1bd0c3e8848dbc01e_linear_18_elite_angled_front_side_mounts___web.jpg","type":"image\/jpeg"}],"twitter_card":"summary_large_image","twitter_misc":{"Ansl. lesetid":"3 minutter"},"schema":{"@context":"https:\/\/schema.org","@graph":[{"@type":"WebPage","@id":"https:\/\/com.rst-steel.eu\/sv\/produkt\/lazer-linear-18-elite-i-lba-_pr_18698\/","url":"https:\/\/com.rst-steel.eu\/sv\/produkt\/lazer-linear-18-elite-i-lba-_pr_18698\/","name":"Lazer Linear 18 Elite i-LBA - RST-Steel","isPartOf":{"@id":"https:\/\/com.rst-steel.eu\/#website"},"primaryImageOfPage":{"@id":"https:\/\/com.rst-steel.eu\/sv\/produkt\/lazer-linear-18-elite-i-lba-_pr_18698\/#primaryimage"},"image":{"@id":"https:\/\/com.rst-steel.eu\/sv\/produkt\/lazer-linear-18-elite-i-lba-_pr_18698\/#primaryimage"},"thumbnailUrl":"https:\/\/com.rst-steel.eu\/wp-content\/uploads\/2024\/06\/04b03d27f168737ce04733a1bd0c3e8848dbc01e_linear_18_elite_angled_front_side_mounts___web.jpg","datePublished":"2023-02-01T14:03:26+00:00","dateModified":"2026-03-16T06:21:21+00:00","description":"Lazer Linear 18 Elite I-LBA: Compact LED light bar with high brightness and durability, featuring integrated position lights for enhanced visibility and style.","breadcrumb":{"@id":"https:\/\/com.rst-steel.eu\/sv\/produkt\/lazer-linear-18-elite-i-lba-_pr_18698\/#breadcrumb"},"inLanguage":"nb-NO","potentialAction":[{"@type":"ReadAction","target":["https:\/\/com.rst-steel.eu\/sv\/produkt\/lazer-linear-18-elite-i-lba-_pr_18698\/"]}]},{"@type":"ImageObject","inLanguage":"nb-NO","@id":"https:\/\/com.rst-steel.eu\/sv\/produkt\/lazer-linear-18-elite-i-lba-_pr_18698\/#primaryimage","url":"https:\/\/com.rst-steel.eu\/wp-content\/uploads\/2024\/06\/04b03d27f168737ce04733a1bd0c3e8848dbc01e_linear_18_elite_angled_front_side_mounts___web.jpg","contentUrl":"https:\/\/com.rst-steel.eu\/wp-content\/uploads\/2024\/06\/04b03d27f168737ce04733a1bd0c3e8848dbc01e_linear_18_elite_angled_front_side_mounts___web.jpg","width":1000,"height":750,"caption":"Kuvassa Lazer Linear 18 Elite i-LBA"},{"@type":"BreadcrumbList","@id":"https:\/\/com.rst-steel.eu\/sv\/produkt\/lazer-linear-18-elite-i-lba-_pr_18698\/#breadcrumb","itemListElement":[{"@type":"ListItem","position":1,"name":"Home","item":"https:\/\/com.rst-steel.eu\/"},{"@type":"ListItem","position":2,"name":"RST-Steel Shop","item":"https:\/\/com.rst-steel.eu\/shop\/"},{"@type":"ListItem","position":3,"name":"Lazer Linear 18 Elite i-LBA"}]},{"@type":"WebSite","@id":"https:\/\/com.rst-steel.eu\/#website","url":"https:\/\/com.rst-steel.eu\/","name":"RST-Steel.com","description":"Finsk kvalitetsst\u00e5l, for kvalitetsbevisste sj\u00e5f\u00f8rer","publisher":{"@id":"https:\/\/com.rst-steel.eu\/#organization"},"alternateName":"Safe and stylish RST-Steel quality","potentialAction":[{"@type":"SearchAction","target":{"@type":"EntryPoint","urlTemplate":"https:\/\/com.rst-steel.eu\/?s={search_term_string}"},"query-input":{"@type":"PropertyValueSpecification","valueRequired":true,"valueName":"search_term_string"}}],"inLanguage":"nb-NO"},{"@type":"Organization","@id":"https:\/\/com.rst-steel.eu\/#organization","name":"RST-Steel Oy","url":"https:\/\/com.rst-steel.eu\/","logo":{"@type":"ImageObject","inLanguage":"nb-NO","@id":"https:\/\/com.rst-steel.eu\/#\/schema\/logo\/image\/","url":"https:\/\/com.rst-steel.eu\/wp-content\/uploads\/2023\/04\/cropped-Rst-logo-valkoinen-teksti-3.png","contentUrl":"https:\/\/com.rst-steel.eu\/wp-content\/uploads\/2023\/04\/cropped-Rst-logo-valkoinen-teksti-3.png","width":512,"height":115,"caption":"RST-Steel Oy"},"image":{"@id":"https:\/\/com.rst-steel.eu\/#\/schema\/logo\/image\/"},"sameAs":["https:\/\/www.facebook.com\/rststeel","https:\/\/www.instagram.com\/rststeeloy\/"]}]}},"brands":[{"id":8332,"name":"Lazer Lamps","slug":"brand_lazerlamps"}],"_links":{"self":[{"href":"https:\/\/com.rst-steel.eu\/nb\/wp-json\/wp\/v2\/product\/36287","targetHints":{"allow":["GET"]}}],"collection":[{"href":"https:\/\/com.rst-steel.eu\/nb\/wp-json\/wp\/v2\/product"}],"about":[{"href":"https:\/\/com.rst-steel.eu\/nb\/wp-json\/wp\/v2\/types\/product"}],"replies":[{"embeddable":true,"href":"https:\/\/com.rst-steel.eu\/nb\/wp-json\/wp\/v2\/comments?post=36287"}],"version-history":[{"count":0,"href":"https:\/\/com.rst-steel.eu\/nb\/wp-json\/wp\/v2\/product\/36287\/revisions"}],"wp:featuredmedia":[{"embeddable":true,"href":"https:\/\/com.rst-steel.eu\/nb\/wp-json\/wp\/v2\/media\/43704"}],"wp:attachment":[{"href":"https:\/\/com.rst-steel.eu\/nb\/wp-json\/wp\/v2\/media?parent=36287"}],"wp:term":[{"taxonomy":"make_fuel_type","embeddable":true,"href":"https:\/\/com.rst-steel.eu\/nb\/wp-json\/wp\/v2\/make_fuel_type?post=36287"},{"taxonomy":"make_model","embeddable":true,"href":"https:\/\/com.rst-steel.eu\/nb\/wp-json\/wp\/v2\/make_model?post=36287"},{"taxonomy":"make_brand","embeddable":true,"href":"https:\/\/com.rst-steel.eu\/nb\/wp-json\/wp\/v2\/make_brand?post=36287"},{"taxonomy":"make_year","embeddable":true,"href":"https:\/\/com.rst-steel.eu\/nb\/wp-json\/wp\/v2\/make_year?post=36287"},{"taxonomy":"pwb-brand","embeddable":true,"href":"https:\/\/com.rst-steel.eu\/nb\/wp-json\/wp\/v2\/pwb-brand?post=36287"},{"taxonomy":"product_brand","embeddable":true,"href":"https:\/\/com.rst-steel.eu\/nb\/wp-json\/wp\/v2\/product_brand?post=36287"},{"taxonomy":"product_cat","embeddable":true,"href":"https:\/\/com.rst-steel.eu\/nb\/wp-json\/wp\/v2\/product_cat?post=36287"},{"taxonomy":"product_tag","embeddable":true,"href":"https:\/\/com.rst-steel.eu\/nb\/wp-json\/wp\/v2\/product_tag?post=36287"}],"curies":[{"name":"wp","href":"https:\/\/api.w.org\/{rel}","templated":true}]}}