{"id":36275,"date":"2023-02-01T17:03:13","date_gmt":"2023-02-01T14:03:13","guid":{"rendered":"https:\/\/rst-steel.fi-c.seravo.com\/product\/lazer-triple-r-1000-std-black_pr_18689\/"},"modified":"2026-03-16T09:21:20","modified_gmt":"2026-03-16T06:21:20","slug":"lazer-triple-r-1000-std-gen-2-auxiliary-light-bar-park-light_pr_18689","status":"publish","type":"product","link":"https:\/\/com.rst-steel.eu\/nb\/produkt\/lazer-triple-r-1000-std-gen-2-auxiliary-light-bar-park-light_pr_18689\/","title":{"rendered":"Lazer Triple-R 1000 STD GEN 2 Auxiliary Light Bar, Park Light"},"content":{"rendered":"<p>Den ikoniske Triple-R-serien, som ble oppgradert i 2020\/21, leverer eksepsjonell LED-hjelpelys til biler med lang rekkevidde. Serien ble opprinnelig utviklet for de kompromissl\u00f8se kravene innen profesjonell motorsport p\u00e5 bane og i rally, men har utviklet seg til \u00e5 bli en favoritt p\u00e5 markedet for personbiler, 4\u00d74-biler, lette nyttekj\u00f8ret\u00f8y og tunge lastebiler, b\u00e5de p\u00e5 og utenfor vei. De siste tilskuddene til Triple-R-serien har innovative funksjoner og funksjonalitet, inkludert patents\u00f8kt teknologi som aldri f\u00f8r er sett i en ekstra LED-lysbjelke.<\/p>\n<p><\/p>\n<p>ncorporating an arrangement of high efficiency, premium \u2018bin\u2019 LEDs at a carefully selected 5000K colour temperature, with 80CRI for high levels of sharpness and clarity, the Triple-R Elite products represent our most powerful driving lights. The electronics and optic design work in combination to deliver incredible distance illumination, yet still with enviable left\/right spread. The comparatively low up\/down spread of light emitted from the Elite lights ensures their suitability when roof mounting, avoiding reflective glare off the vehicle bonnet.<\/p>\n<p><\/p>\n<p>Standard level products feature integrated (optional) white and\/or amber position light function for added styling and safety benefits. Alongside the premium design of the lights themselves, you can be sure your Triple-R product will impress even before the sun goes down! High efficiency 11W LEDs deliver impressive distance illumination albeit with not quite the same left\/right visibility that you otherwise find with the equivalent Elite level products. A slightly taller up\/down spread does however ensure suitability when mounting high on a vehicle such as a truck cab or roof of a van or other light commercial vehicle.<\/p>\n<p><\/p>\n<p>Produktegenskaper:<\/p>\n<p><\/p>\n<p>Highly efficient 11W LED technology (upgraded for 2020\/21)<\/p>\n<p>5000K LED fargetemperatur og 80CRI maksimerer skarphet og definisjon<\/p>\n<p>Integrert hvitt og gult posisjonslysfunksjon<\/p>\n<p>Ultrareflekterende vakuummetallisert optikk leverer punktstr\u00e5lem\u00f8nster<\/p>\n<p>UNECE Reg 112 Klasse B kj\u00f8relys, godkjent for fjernlys p\u00e5 vei (E-Boost-teknologi) og Reg 7 posisjons-\/sidelysfunksjon (kun hvit)<\/p>\n<p>Contemporary lamp design \u2013 Black or White colour options<\/p>\n<p>Includes versatile \u2018Centre Mount\u2019 mounting system plus integral features to enable side mounting (brackets sold separately)<\/p>\n<p>Elektronisk termisk styringssystem optimerer lyseffekten for \u00e5 bevare levetiden til lysdiodene<\/p>\n<p>Anodised pre-treatment and automotive grade powder top-coat for ultimate corrosion and chemical protection<\/p>\n<p>CAE-optimalisert kj\u00f8leribbe tilbyr forbedret termisk dynamikk<\/p>\n<p>Overspenningsbeskyttet<\/p>\n<p>Beskyttet mot omvendt polaritet<\/p>\n<p>\u2018Uknuselig\u2019 polykarbonatlinse med hardcoat lakk<\/p>\n<p>UNECE-godkjent Reg 10<\/p>\n<p>IP67 vanntett<\/p>\n<p>5 \u00e5rs garanti<\/p>\n<p>Leveres med forh\u00e5ndskablet hann\/hunn 3-pins Superseal-kontakter<\/p>\n<p>Designet og produsert i Storbritannia<\/p>\n<p><\/p>\n<p><\/p>\n<p>Tekniske spesifikasjoner:<\/p>\n<p>Voltage Range (DC): 10-32V<\/p>\n<p>Weight: 1.7 kg<\/p>\n<p>Total Luminous Flux E-Boost \/ E-Mark: 9240 lm \/ 1848 lm<\/p>\n<p>Colour Temperature: 5000k<\/p>\n<p>Number of High Output LEDs: 8<\/p>\n<p>Power Consumption E-Boost \/ E-Mark:\u00a0 88 W \/ 17.6 W<\/p>\n<p>Current Draw (at 14.4V) E-Boost \/ E-Mark: 6.1 Amps \/ 1.2 Amps<\/p>\n<p>IP67 vanntett<\/p>\n<p>5 \u00e5rs garanti<\/p>\n<p><\/p>\n<p>DIMENSJONER:<\/p>\n<p>&nbsp; &nbsp; Width: 410 mm<\/p>\n<p>&nbsp;&nbsp;&nbsp;&nbsp;Dybde: 105 mm<\/p>\n<p>&nbsp;&nbsp;&nbsp;&nbsp;H\u00f8yde: 73 mm<\/p>\n<p><\/p>\n<p><\/p>\n<p>PHOTOMETRIC DATA:<\/p>\n<p>&nbsp; &nbsp; Horizontal Beam Angle: 19 Deg<\/p>\n<p>&nbsp; &nbsp; 0.25 lx Line E-Boost \/ E-Mark: 1225 m \/ 548 m<\/p>\n<p>&nbsp; &nbsp; 0.5 lx Line E-Boost \/ E-Mark:\u00a0 866 m \/ 387 m<\/p>\n<p>&nbsp;&nbsp;&nbsp;&nbsp;1 lx Line E-Boost \/ E-Mark:\u00a0 612 m \/ 274 m<\/p>\n<p>&nbsp;&nbsp;&nbsp;&nbsp;3 lx Line E-Boost \/ E-Mark: 354 m \/ 158 m<\/p>\n<p><\/p>\n<p>SERTIFIKASJON:<\/p>\n<p>High Beam E-Boost\/ E-Mark: N\/A \/ ECE R112<\/p>\n<p>ECE Reference E-Boost\/ E-Mark: N\/A \/ 12.5<\/p>\n<p>Position Light (White)E-Boost\/ E-Mark: ECE R7 \/ ECE R7<\/p>\n<p><\/p>\n<p>Whats included:&nbsp;<\/p>\n<p><\/p>\n<p>Triple-R 1000 LED lamp<\/p>\n<p>2x Senterfeste<\/p>\n<p>Installasjonsinstruksjoner<\/p>\n<p><\/p>","protected":false},"excerpt":{"rendered":"<p>&nbsp;Inkluderer et stilig posisjonslys, som kan velges i hvitt eller gult.&nbsp;<\/p>","protected":false},"featured_media":36270,"comment_status":"open","ping_status":"closed","template":"","meta":{"_improvement_type_select":"improve_an_existing","_thumb_yes_seoaic":false,"_frame_yes_seoaic":false,"seoaic_generate_description":"","seoaic_improve_instructions_prompt":"","seoaic_rollback_content_improvement":"","seoaic_idea_thumbnail_generator":"","thumbnail_generated":false,"thumbnail_generate_prompt":"","seoaic_article_description":""},"make_fuel_type":[],"make_model":[],"make_brand":[],"make_year":[3748,6373],"pwb-brand":[8332],"product_brand":[],"product_cat":[6195,6209,6211,7205],"product_tag":[7551,6298,6362],"class_list":{"0":"post-36275","1":"product","2":"type-product","3":"status-publish","4":"has-post-thumbnail","6":"make_year-trucks","7":"make_year-van","8":"pwb-brand-brand_lazerlamps","9":"product_cat-lamps","10":"product_cat-auxiliary-lights","11":"product_cat-lazer-lamps-auxiliary-lights","12":"product_cat-rst-triplerr","13":"product_tag-extraljus","14":"product_tag-lazer-lamps","15":"product_tag-triple-r","17":"first","18":"instock","19":"taxable","20":"shipping-taxable","21":"purchasable","22":"product-type-simple"},"yoast_head":"<!-- This site is optimized with the Yoast SEO plugin v25.7 - https:\/\/yoast.com\/wordpress\/plugins\/seo\/ -->\n<title>Lazer Triple-R 1000 STD GEN 2 Auxiliary Light Bar, Park Light - RST-Steel<\/title>\n<meta name=\"description\" content=\"Lazer Triple-R 1000 offers high-performance LED lighting with intense brightness and durability, ideal for enhancing visibility in challenging conditions.\" \/>\n<meta name=\"robots\" content=\"index, follow, max-snippet:-1, max-image-preview:large, max-video-preview:-1\" \/>\n<link rel=\"canonical\" href=\"https:\/\/com.rst-steel.eu\/nb\/produkt\/lazer-triple-r-1000-std-gen-2-auxiliary-light-bar-park-light_pr_18689\/\" \/>\n<meta property=\"og:locale\" content=\"nb_NO\" \/>\n<meta property=\"og:type\" content=\"article\" \/>\n<meta property=\"og:title\" content=\"Lazer Triple-R 1000 STD GEN 2 Auxiliary Light Bar, Park Light - RST-Steel\" \/>\n<meta property=\"og:description\" content=\"Lazer Triple-R 1000 offers high-performance LED lighting with intense brightness and durability, ideal for enhancing visibility in challenging conditions.\" \/>\n<meta property=\"og:url\" content=\"https:\/\/com.rst-steel.eu\/nb\/produkt\/lazer-triple-r-1000-std-gen-2-auxiliary-light-bar-park-light_pr_18689\/\" \/>\n<meta property=\"og:site_name\" content=\"RST-Steel\" \/>\n<meta property=\"article:publisher\" content=\"https:\/\/www.facebook.com\/rststeel\" \/>\n<meta property=\"article:modified_time\" content=\"2026-03-16T06:21:20+00:00\" \/>\n<meta property=\"og:image\" content=\"https:\/\/com.rst-steel.eu\/wp-content\/uploads\/2023\/02\/5f608ec5f6f378fdb7f512ab82c4f838029ec507_Triple_R_1000__Gen2____Front___HR-scaled.jpg\" \/>\n\t<meta property=\"og:image:width\" content=\"2560\" \/>\n\t<meta property=\"og:image:height\" content=\"1710\" \/>\n\t<meta property=\"og:image:type\" content=\"image\/jpeg\" \/>\n<meta name=\"twitter:card\" content=\"summary_large_image\" \/>\n<meta name=\"twitter:label1\" content=\"Ansl. lesetid\" \/>\n\t<meta name=\"twitter:data1\" content=\"3 minutter\" \/>\n<script type=\"application\/ld+json\" class=\"yoast-schema-graph\">{\"@context\":\"https:\/\/schema.org\",\"@graph\":[{\"@type\":\"WebPage\",\"@id\":\"https:\/\/com.rst-steel.eu\/nb\/produkt\/lazer-triple-r-1000-std-gen-2-auxiliary-light-bar-park-light_pr_18689\/\",\"url\":\"https:\/\/com.rst-steel.eu\/nb\/produkt\/lazer-triple-r-1000-std-gen-2-auxiliary-light-bar-park-light_pr_18689\/\",\"name\":\"Lazer Triple-R 1000 STD GEN 2 Auxiliary Light Bar, Park Light - RST-Steel\",\"isPartOf\":{\"@id\":\"https:\/\/com.rst-steel.eu\/#website\"},\"primaryImageOfPage\":{\"@id\":\"https:\/\/com.rst-steel.eu\/nb\/produkt\/lazer-triple-r-1000-std-gen-2-auxiliary-light-bar-park-light_pr_18689\/#primaryimage\"},\"image\":{\"@id\":\"https:\/\/com.rst-steel.eu\/nb\/produkt\/lazer-triple-r-1000-std-gen-2-auxiliary-light-bar-park-light_pr_18689\/#primaryimage\"},\"thumbnailUrl\":\"https:\/\/com.rst-steel.eu\/wp-content\/uploads\/2023\/02\/5f608ec5f6f378fdb7f512ab82c4f838029ec507_Triple_R_1000__Gen2____Front___HR-scaled.jpg\",\"datePublished\":\"2023-02-01T14:03:13+00:00\",\"dateModified\":\"2026-03-16T06:21:20+00:00\",\"description\":\"Lazer Triple-R 1000 offers high-performance LED lighting with intense brightness and durability, ideal for enhancing visibility in challenging conditions.\",\"breadcrumb\":{\"@id\":\"https:\/\/com.rst-steel.eu\/nb\/produkt\/lazer-triple-r-1000-std-gen-2-auxiliary-light-bar-park-light_pr_18689\/#breadcrumb\"},\"inLanguage\":\"nb-NO\",\"potentialAction\":[{\"@type\":\"ReadAction\",\"target\":[\"https:\/\/com.rst-steel.eu\/nb\/produkt\/lazer-triple-r-1000-std-gen-2-auxiliary-light-bar-park-light_pr_18689\/\"]}]},{\"@type\":\"ImageObject\",\"inLanguage\":\"nb-NO\",\"@id\":\"https:\/\/com.rst-steel.eu\/nb\/produkt\/lazer-triple-r-1000-std-gen-2-auxiliary-light-bar-park-light_pr_18689\/#primaryimage\",\"url\":\"https:\/\/com.rst-steel.eu\/wp-content\/uploads\/2023\/02\/5f608ec5f6f378fdb7f512ab82c4f838029ec507_Triple_R_1000__Gen2____Front___HR-scaled.jpg\",\"contentUrl\":\"https:\/\/com.rst-steel.eu\/wp-content\/uploads\/2023\/02\/5f608ec5f6f378fdb7f512ab82c4f838029ec507_Triple_R_1000__Gen2____Front___HR-scaled.jpg\",\"width\":2560,\"height\":1710,\"caption\":\"Lazer Triple-R 1000\"},{\"@type\":\"BreadcrumbList\",\"@id\":\"https:\/\/com.rst-steel.eu\/nb\/produkt\/lazer-triple-r-1000-std-gen-2-auxiliary-light-bar-park-light_pr_18689\/#breadcrumb\",\"itemListElement\":[{\"@type\":\"ListItem\",\"position\":1,\"name\":\"Home\",\"item\":\"https:\/\/com.rst-steel.eu\/\"},{\"@type\":\"ListItem\",\"position\":2,\"name\":\"RST-Steel Shop\",\"item\":\"https:\/\/com.rst-steel.eu\/shop\/\"},{\"@type\":\"ListItem\",\"position\":3,\"name\":\"Lazer Triple-R 1000 STD GEN 2 Auxiliary Light Bar, Park Light\"}]},{\"@type\":\"WebSite\",\"@id\":\"https:\/\/com.rst-steel.eu\/#website\",\"url\":\"https:\/\/com.rst-steel.eu\/\",\"name\":\"RST-Steel.com\",\"description\":\"Finnish quality steel, for quality-conscious drivers\",\"publisher\":{\"@id\":\"https:\/\/com.rst-steel.eu\/#organization\"},\"alternateName\":\"Safe and stylish RST-Steel quality\",\"potentialAction\":[{\"@type\":\"SearchAction\",\"target\":{\"@type\":\"EntryPoint\",\"urlTemplate\":\"https:\/\/com.rst-steel.eu\/?s={search_term_string}\"},\"query-input\":{\"@type\":\"PropertyValueSpecification\",\"valueRequired\":true,\"valueName\":\"search_term_string\"}}],\"inLanguage\":\"nb-NO\"},{\"@type\":\"Organization\",\"@id\":\"https:\/\/com.rst-steel.eu\/#organization\",\"name\":\"RST-Steel Oy\",\"url\":\"https:\/\/com.rst-steel.eu\/\",\"logo\":{\"@type\":\"ImageObject\",\"inLanguage\":\"nb-NO\",\"@id\":\"https:\/\/com.rst-steel.eu\/#\/schema\/logo\/image\/\",\"url\":\"https:\/\/com.rst-steel.eu\/wp-content\/uploads\/2023\/04\/cropped-Rst-logo-valkoinen-teksti-3.png\",\"contentUrl\":\"https:\/\/com.rst-steel.eu\/wp-content\/uploads\/2023\/04\/cropped-Rst-logo-valkoinen-teksti-3.png\",\"width\":512,\"height\":115,\"caption\":\"RST-Steel Oy\"},\"image\":{\"@id\":\"https:\/\/com.rst-steel.eu\/#\/schema\/logo\/image\/\"},\"sameAs\":[\"https:\/\/www.facebook.com\/rststeel\",\"https:\/\/www.instagram.com\/rststeeloy\/\"]}]}<\/script>\n<!-- \/ Yoast SEO plugin. -->","yoast_head_json":{"title":"Lazer Triple-R 1000 STD GEN 2 Auxiliary Light Bar, Park Light - RST-Steel","description":"Lazer Triple-R 1000 offers high-performance LED lighting with intense brightness and durability, ideal for enhancing visibility in challenging conditions.","robots":{"index":"index","follow":"follow","max-snippet":"max-snippet:-1","max-image-preview":"max-image-preview:large","max-video-preview":"max-video-preview:-1"},"canonical":"https:\/\/com.rst-steel.eu\/nb\/produkt\/lazer-triple-r-1000-std-gen-2-auxiliary-light-bar-park-light_pr_18689\/","og_locale":"nb_NO","og_type":"article","og_title":"Lazer Triple-R 1000 STD GEN 2 Auxiliary Light Bar, Park Light - RST-Steel","og_description":"Lazer Triple-R 1000 offers high-performance LED lighting with intense brightness and durability, ideal for enhancing visibility in challenging conditions.","og_url":"https:\/\/com.rst-steel.eu\/nb\/produkt\/lazer-triple-r-1000-std-gen-2-auxiliary-light-bar-park-light_pr_18689\/","og_site_name":"RST-Steel","article_publisher":"https:\/\/www.facebook.com\/rststeel","article_modified_time":"2026-03-16T06:21:20+00:00","og_image":[{"width":2560,"height":1710,"url":"https:\/\/com.rst-steel.eu\/wp-content\/uploads\/2023\/02\/5f608ec5f6f378fdb7f512ab82c4f838029ec507_Triple_R_1000__Gen2____Front___HR-scaled.jpg","type":"image\/jpeg"}],"twitter_card":"summary_large_image","twitter_misc":{"Ansl. lesetid":"3 minutter"},"schema":{"@context":"https:\/\/schema.org","@graph":[{"@type":"WebPage","@id":"https:\/\/com.rst-steel.eu\/nb\/produkt\/lazer-triple-r-1000-std-gen-2-auxiliary-light-bar-park-light_pr_18689\/","url":"https:\/\/com.rst-steel.eu\/nb\/produkt\/lazer-triple-r-1000-std-gen-2-auxiliary-light-bar-park-light_pr_18689\/","name":"Lazer Triple-R 1000 STD GEN 2 Auxiliary Light Bar, Park Light - RST-Steel","isPartOf":{"@id":"https:\/\/com.rst-steel.eu\/#website"},"primaryImageOfPage":{"@id":"https:\/\/com.rst-steel.eu\/nb\/produkt\/lazer-triple-r-1000-std-gen-2-auxiliary-light-bar-park-light_pr_18689\/#primaryimage"},"image":{"@id":"https:\/\/com.rst-steel.eu\/nb\/produkt\/lazer-triple-r-1000-std-gen-2-auxiliary-light-bar-park-light_pr_18689\/#primaryimage"},"thumbnailUrl":"https:\/\/com.rst-steel.eu\/wp-content\/uploads\/2023\/02\/5f608ec5f6f378fdb7f512ab82c4f838029ec507_Triple_R_1000__Gen2____Front___HR-scaled.jpg","datePublished":"2023-02-01T14:03:13+00:00","dateModified":"2026-03-16T06:21:20+00:00","description":"Lazer Triple-R 1000 offers high-performance LED lighting with intense brightness and durability, ideal for enhancing visibility in challenging conditions.","breadcrumb":{"@id":"https:\/\/com.rst-steel.eu\/nb\/produkt\/lazer-triple-r-1000-std-gen-2-auxiliary-light-bar-park-light_pr_18689\/#breadcrumb"},"inLanguage":"nb-NO","potentialAction":[{"@type":"ReadAction","target":["https:\/\/com.rst-steel.eu\/nb\/produkt\/lazer-triple-r-1000-std-gen-2-auxiliary-light-bar-park-light_pr_18689\/"]}]},{"@type":"ImageObject","inLanguage":"nb-NO","@id":"https:\/\/com.rst-steel.eu\/nb\/produkt\/lazer-triple-r-1000-std-gen-2-auxiliary-light-bar-park-light_pr_18689\/#primaryimage","url":"https:\/\/com.rst-steel.eu\/wp-content\/uploads\/2023\/02\/5f608ec5f6f378fdb7f512ab82c4f838029ec507_Triple_R_1000__Gen2____Front___HR-scaled.jpg","contentUrl":"https:\/\/com.rst-steel.eu\/wp-content\/uploads\/2023\/02\/5f608ec5f6f378fdb7f512ab82c4f838029ec507_Triple_R_1000__Gen2____Front___HR-scaled.jpg","width":2560,"height":1710,"caption":"Lazer Triple-R 1000"},{"@type":"BreadcrumbList","@id":"https:\/\/com.rst-steel.eu\/nb\/produkt\/lazer-triple-r-1000-std-gen-2-auxiliary-light-bar-park-light_pr_18689\/#breadcrumb","itemListElement":[{"@type":"ListItem","position":1,"name":"Home","item":"https:\/\/com.rst-steel.eu\/"},{"@type":"ListItem","position":2,"name":"RST-Steel Shop","item":"https:\/\/com.rst-steel.eu\/shop\/"},{"@type":"ListItem","position":3,"name":"Lazer Triple-R 1000 STD GEN 2 Auxiliary Light Bar, Park Light"}]},{"@type":"WebSite","@id":"https:\/\/com.rst-steel.eu\/#website","url":"https:\/\/com.rst-steel.eu\/","name":"RST-Steel.com","description":"Finsk kvalitetsst\u00e5l, for kvalitetsbevisste sj\u00e5f\u00f8rer","publisher":{"@id":"https:\/\/com.rst-steel.eu\/#organization"},"alternateName":"Safe and stylish RST-Steel quality","potentialAction":[{"@type":"SearchAction","target":{"@type":"EntryPoint","urlTemplate":"https:\/\/com.rst-steel.eu\/?s={search_term_string}"},"query-input":{"@type":"PropertyValueSpecification","valueRequired":true,"valueName":"search_term_string"}}],"inLanguage":"nb-NO"},{"@type":"Organization","@id":"https:\/\/com.rst-steel.eu\/#organization","name":"RST-Steel Oy","url":"https:\/\/com.rst-steel.eu\/","logo":{"@type":"ImageObject","inLanguage":"nb-NO","@id":"https:\/\/com.rst-steel.eu\/#\/schema\/logo\/image\/","url":"https:\/\/com.rst-steel.eu\/wp-content\/uploads\/2023\/04\/cropped-Rst-logo-valkoinen-teksti-3.png","contentUrl":"https:\/\/com.rst-steel.eu\/wp-content\/uploads\/2023\/04\/cropped-Rst-logo-valkoinen-teksti-3.png","width":512,"height":115,"caption":"RST-Steel Oy"},"image":{"@id":"https:\/\/com.rst-steel.eu\/#\/schema\/logo\/image\/"},"sameAs":["https:\/\/www.facebook.com\/rststeel","https:\/\/www.instagram.com\/rststeeloy\/"]}]}},"brands":[{"id":8332,"name":"Lazer Lamps","slug":"brand_lazerlamps"}],"_links":{"self":[{"href":"https:\/\/com.rst-steel.eu\/nb\/wp-json\/wp\/v2\/product\/36275","targetHints":{"allow":["GET"]}}],"collection":[{"href":"https:\/\/com.rst-steel.eu\/nb\/wp-json\/wp\/v2\/product"}],"about":[{"href":"https:\/\/com.rst-steel.eu\/nb\/wp-json\/wp\/v2\/types\/product"}],"replies":[{"embeddable":true,"href":"https:\/\/com.rst-steel.eu\/nb\/wp-json\/wp\/v2\/comments?post=36275"}],"version-history":[{"count":0,"href":"https:\/\/com.rst-steel.eu\/nb\/wp-json\/wp\/v2\/product\/36275\/revisions"}],"wp:featuredmedia":[{"embeddable":true,"href":"https:\/\/com.rst-steel.eu\/nb\/wp-json\/wp\/v2\/media\/36270"}],"wp:attachment":[{"href":"https:\/\/com.rst-steel.eu\/nb\/wp-json\/wp\/v2\/media?parent=36275"}],"wp:term":[{"taxonomy":"make_fuel_type","embeddable":true,"href":"https:\/\/com.rst-steel.eu\/nb\/wp-json\/wp\/v2\/make_fuel_type?post=36275"},{"taxonomy":"make_model","embeddable":true,"href":"https:\/\/com.rst-steel.eu\/nb\/wp-json\/wp\/v2\/make_model?post=36275"},{"taxonomy":"make_brand","embeddable":true,"href":"https:\/\/com.rst-steel.eu\/nb\/wp-json\/wp\/v2\/make_brand?post=36275"},{"taxonomy":"make_year","embeddable":true,"href":"https:\/\/com.rst-steel.eu\/nb\/wp-json\/wp\/v2\/make_year?post=36275"},{"taxonomy":"pwb-brand","embeddable":true,"href":"https:\/\/com.rst-steel.eu\/nb\/wp-json\/wp\/v2\/pwb-brand?post=36275"},{"taxonomy":"product_brand","embeddable":true,"href":"https:\/\/com.rst-steel.eu\/nb\/wp-json\/wp\/v2\/product_brand?post=36275"},{"taxonomy":"product_cat","embeddable":true,"href":"https:\/\/com.rst-steel.eu\/nb\/wp-json\/wp\/v2\/product_cat?post=36275"},{"taxonomy":"product_tag","embeddable":true,"href":"https:\/\/com.rst-steel.eu\/nb\/wp-json\/wp\/v2\/product_tag?post=36275"}],"curies":[{"name":"wp","href":"https:\/\/api.w.org\/{rel}","templated":true}]}}