{"id":36241,"date":"2023-02-01T17:02:28","date_gmt":"2023-02-01T14:02:28","guid":{"rendered":"https:\/\/rst-steel.fi-c.seravo.com\/product\/lazer-linear-48-elite-_pr_72529\/"},"modified":"2026-03-16T09:13:51","modified_gmt":"2026-03-16T06:13:51","slug":"lazer-linear-48-elite_pr_72529","status":"publish","type":"product","link":"https:\/\/com.rst-steel.eu\/nb\/produkt\/lazer-linear-48-elite_pr_72529\/","title":{"rendered":"Lazer Linear 48 Elite"},"content":{"rendered":"<p>Representing the very best in slimline auxiliary high beam driving lights, the Linear range utilises a combination of highly efficient 3W LEDs and vacuum-metallised wide optics to deliver a perfectly tuned beam pattern for everyday road use. Measuring just 40mm in height, the Linear range is an excellent solution when either space is limited or when looking for a discreet installation that\u2019s most likely to get noticed at night-time.<\/p>\n<p><\/p>\n<p>The products of the Linear series are particularly suitable for installation on the roof, because the aerodynamic structure of their stylish aluminum housing eliminates almost all noise caused by the wind.<\/p>\n<p><\/p>\n<p>All Linear products are fully UNECE certified to Regulation 112 as Class B Driving lights (for on-road use), (with the exception of: Linear-48, Linear-36 Elite, Linear-42 Elite and Linear-48 Elite). Elite level products boasting twice the light output compared to the equivalent Standard version.&nbsp;<\/p>\n<p><\/p>\n<p>Product features:<\/p>\n<p><\/p>\n<ul>\n<li>Flexible mounting options \u2013 anti-theft side mounting brackets included<\/li>\n<li>Elektronisk termisk styringssystem optimerer lyseffekten for \u00e5 bevare levetiden til lysdiodene<\/li>\n<li>Anodised pre-treatment and automotive grade powder top-coat for ultimate corrosion and chemical protection<\/li>\n<li>CAE-optimalisert kj\u00f8leribbe tilbyr forbedret termisk dynamikk<\/li>\n<li>Overspenningsbeskyttet<\/li>\n<li>Beskyttet mot omvendt polaritet<\/li>\n<li>\u2018Uknuselig\u2019 polykarbonatlinse med hardcoat lakk<\/li>\n<li>UNECE-godkjent Reg 10<\/li>\n<li>IP67 vanntett<\/li>\n<li><span style=\"font-weight: bold\">5 \u00e5rs garanti<\/span><\/li>\n<li>Designet og produsert i Storbritannia<\/li>\n<\/ul>\n<p><\/p>\n<p><\/p>\n<p><\/p>\n<p>Tekniske spesifikasjoner:<\/p>\n<p><\/p>\n<p>Spenningsomr\u00e5de: 10-32V<\/p>\n<p>Weight: 4 kg<\/p>\n<p>Total luminous Flux: 34800 Lm<\/p>\n<p>Total Driver \u201dFOV\u201d Flux: 24986 Lm<\/p>\n<p>Color temperature: 5000K<\/p>\n<p>Number of high output LEDs: 96<\/p>\n<p>Power Consumption: 364 W<\/p>\n<p>Current Draw (at 14.4V): 25.3 Amps<\/p>\n<p><\/p>\n<p><\/p>\n<p>Dimensjoner:<\/p>\n<p><\/p>\n<p>&nbsp; &nbsp; Width: 1282 mm<\/p>\n<p>&nbsp;&nbsp;&nbsp;&nbsp;Depth: 62 mm<\/p>\n<p>&nbsp;&nbsp;&nbsp;&nbsp;Height: 40 mm<\/p>\n<p><\/p>\n<p>Photometric Data:<\/p>\n<p><\/p>\n<p>Horizontal Beam Angle: 60<\/p>\n<p>0.25 lx Line: 1543m<\/p>\n<p>0.5 lx Line: 1091m<\/p>\n<p>1 lx Line: 771m<\/p>\n<p>3 lx Line: 445m<\/p>\n<p><\/p>\n<p>Whats Included:<\/p>\n<p><\/p>\n<p>&nbsp; &nbsp; Linear 48 Elite LED Lamp<\/p>\n<p>&nbsp; &nbsp; Anti-Thef Side Mount<\/p>\n<p>&nbsp; &nbsp; Single-Lamps Wiring Harness<\/p>\n<p>&nbsp; &nbsp; Installasjonsinstruksjoner<\/p>","protected":false},"excerpt":{"rendered":"<p>Den mest kraftfulle versjonen av Linear-serien!<\/p>\n<p><\/p>\n<p><\/p>","protected":false},"featured_media":36236,"comment_status":"open","ping_status":"closed","template":"","meta":{"_improvement_type_select":"improve_an_existing","_thumb_yes_seoaic":false,"_frame_yes_seoaic":false,"seoaic_generate_description":"","seoaic_improve_instructions_prompt":"","seoaic_rollback_content_improvement":"","seoaic_idea_thumbnail_generator":"","thumbnail_generated":false,"thumbnail_generate_prompt":"","seoaic_article_description":""},"make_fuel_type":[],"make_model":[],"make_brand":[],"make_year":[3748,6373],"pwb-brand":[8332],"product_brand":[],"product_cat":[6195,6209,6211,7206],"product_tag":[7551,6298,6364],"class_list":{"0":"post-36241","1":"product","2":"type-product","3":"status-publish","4":"has-post-thumbnail","6":"make_year-trucks","7":"make_year-van","8":"pwb-brand-brand_lazerlamps","9":"product_cat-lamps","10":"product_cat-auxiliary-lights","11":"product_cat-lazer-lamps-auxiliary-lights","12":"product_cat-rst-linearr","13":"product_tag-extraljus","14":"product_tag-lazer-lamps","15":"product_tag-linear","17":"first","18":"instock","19":"taxable","20":"shipping-taxable","21":"purchasable","22":"product-type-simple"},"yoast_head":"<!-- This site is optimized with the Yoast SEO plugin v25.7 - https:\/\/yoast.com\/wordpress\/plugins\/seo\/ -->\n<title>Lazer Linear 48 Elite - RST-Steel<\/title>\n<meta name=\"description\" content=\"Lazer Linear 48 Elite: High-performance LED light bar with exceptional brightness and durability for all driving conditions.\" \/>\n<meta name=\"robots\" content=\"index, follow, max-snippet:-1, max-image-preview:large, max-video-preview:-1\" \/>\n<link rel=\"canonical\" href=\"https:\/\/com.rst-steel.eu\/nb\/produkt\/lazer-linear-48-elite_pr_72529\/\" \/>\n<meta property=\"og:locale\" content=\"nb_NO\" \/>\n<meta property=\"og:type\" content=\"article\" \/>\n<meta property=\"og:title\" content=\"Lazer Linear 48 Elite - RST-Steel\" \/>\n<meta property=\"og:description\" content=\"Lazer Linear 48 Elite: High-performance LED light bar with exceptional brightness and durability for all driving conditions.\" \/>\n<meta property=\"og:url\" content=\"https:\/\/com.rst-steel.eu\/nb\/produkt\/lazer-linear-48-elite_pr_72529\/\" \/>\n<meta property=\"og:site_name\" content=\"RST-Steel\" \/>\n<meta property=\"article:publisher\" content=\"https:\/\/www.facebook.com\/rststeel\" \/>\n<meta property=\"article:modified_time\" content=\"2026-03-16T06:13:51+00:00\" \/>\n<meta property=\"og:image\" content=\"https:\/\/com.rst-steel.eu\/wp-content\/uploads\/2023\/02\/f027b9bc6b8c334295f223e9dc907ca200991e6a_Linear_48_Elite_Angled_Web.jpg\" \/>\n\t<meta property=\"og:image:width\" content=\"1000\" \/>\n\t<meta property=\"og:image:height\" content=\"750\" \/>\n\t<meta property=\"og:image:type\" content=\"image\/jpeg\" \/>\n<meta name=\"twitter:card\" content=\"summary_large_image\" \/>\n<meta name=\"twitter:label1\" content=\"Ansl. lesetid\" \/>\n\t<meta name=\"twitter:data1\" content=\"2 minutter\" \/>\n<script type=\"application\/ld+json\" class=\"yoast-schema-graph\">{\"@context\":\"https:\/\/schema.org\",\"@graph\":[{\"@type\":\"WebPage\",\"@id\":\"https:\/\/com.rst-steel.eu\/nb\/produkt\/lazer-linear-48-elite_pr_72529\/\",\"url\":\"https:\/\/com.rst-steel.eu\/nb\/produkt\/lazer-linear-48-elite_pr_72529\/\",\"name\":\"Lazer Linear 48 Elite - RST-Steel\",\"isPartOf\":{\"@id\":\"https:\/\/com.rst-steel.eu\/#website\"},\"primaryImageOfPage\":{\"@id\":\"https:\/\/com.rst-steel.eu\/nb\/produkt\/lazer-linear-48-elite_pr_72529\/#primaryimage\"},\"image\":{\"@id\":\"https:\/\/com.rst-steel.eu\/nb\/produkt\/lazer-linear-48-elite_pr_72529\/#primaryimage\"},\"thumbnailUrl\":\"https:\/\/com.rst-steel.eu\/wp-content\/uploads\/2023\/02\/f027b9bc6b8c334295f223e9dc907ca200991e6a_Linear_48_Elite_Angled_Web.jpg\",\"datePublished\":\"2023-02-01T14:02:28+00:00\",\"dateModified\":\"2026-03-16T06:13:51+00:00\",\"description\":\"Lazer Linear 48 Elite: High-performance LED light bar with exceptional brightness and durability for all driving conditions.\",\"breadcrumb\":{\"@id\":\"https:\/\/com.rst-steel.eu\/nb\/produkt\/lazer-linear-48-elite_pr_72529\/#breadcrumb\"},\"inLanguage\":\"nb-NO\",\"potentialAction\":[{\"@type\":\"ReadAction\",\"target\":[\"https:\/\/com.rst-steel.eu\/nb\/produkt\/lazer-linear-48-elite_pr_72529\/\"]}]},{\"@type\":\"ImageObject\",\"inLanguage\":\"nb-NO\",\"@id\":\"https:\/\/com.rst-steel.eu\/nb\/produkt\/lazer-linear-48-elite_pr_72529\/#primaryimage\",\"url\":\"https:\/\/com.rst-steel.eu\/wp-content\/uploads\/2023\/02\/f027b9bc6b8c334295f223e9dc907ca200991e6a_Linear_48_Elite_Angled_Web.jpg\",\"contentUrl\":\"https:\/\/com.rst-steel.eu\/wp-content\/uploads\/2023\/02\/f027b9bc6b8c334295f223e9dc907ca200991e6a_Linear_48_Elite_Angled_Web.jpg\",\"width\":1000,\"height\":750,\"caption\":\"Kuvassa Lazer Linear 48 Elite\"},{\"@type\":\"BreadcrumbList\",\"@id\":\"https:\/\/com.rst-steel.eu\/nb\/produkt\/lazer-linear-48-elite_pr_72529\/#breadcrumb\",\"itemListElement\":[{\"@type\":\"ListItem\",\"position\":1,\"name\":\"Home\",\"item\":\"https:\/\/com.rst-steel.eu\/\"},{\"@type\":\"ListItem\",\"position\":2,\"name\":\"RST-Steel Shop\",\"item\":\"https:\/\/com.rst-steel.eu\/shop\/\"},{\"@type\":\"ListItem\",\"position\":3,\"name\":\"Lazer Linear 48 Elite\"}]},{\"@type\":\"WebSite\",\"@id\":\"https:\/\/com.rst-steel.eu\/#website\",\"url\":\"https:\/\/com.rst-steel.eu\/\",\"name\":\"RST-Steel.com\",\"description\":\"Finnish quality steel, for quality-conscious drivers\",\"publisher\":{\"@id\":\"https:\/\/com.rst-steel.eu\/#organization\"},\"alternateName\":\"Safe and stylish RST-Steel quality\",\"potentialAction\":[{\"@type\":\"SearchAction\",\"target\":{\"@type\":\"EntryPoint\",\"urlTemplate\":\"https:\/\/com.rst-steel.eu\/?s={search_term_string}\"},\"query-input\":{\"@type\":\"PropertyValueSpecification\",\"valueRequired\":true,\"valueName\":\"search_term_string\"}}],\"inLanguage\":\"nb-NO\"},{\"@type\":\"Organization\",\"@id\":\"https:\/\/com.rst-steel.eu\/#organization\",\"name\":\"RST-Steel Oy\",\"url\":\"https:\/\/com.rst-steel.eu\/\",\"logo\":{\"@type\":\"ImageObject\",\"inLanguage\":\"nb-NO\",\"@id\":\"https:\/\/com.rst-steel.eu\/#\/schema\/logo\/image\/\",\"url\":\"https:\/\/com.rst-steel.eu\/wp-content\/uploads\/2023\/04\/cropped-Rst-logo-valkoinen-teksti-3.png\",\"contentUrl\":\"https:\/\/com.rst-steel.eu\/wp-content\/uploads\/2023\/04\/cropped-Rst-logo-valkoinen-teksti-3.png\",\"width\":512,\"height\":115,\"caption\":\"RST-Steel Oy\"},\"image\":{\"@id\":\"https:\/\/com.rst-steel.eu\/#\/schema\/logo\/image\/\"},\"sameAs\":[\"https:\/\/www.facebook.com\/rststeel\",\"https:\/\/www.instagram.com\/rststeeloy\/\"]}]}<\/script>\n<!-- \/ Yoast SEO plugin. -->","yoast_head_json":{"title":"Lazer Linear 48 Elite - RST-Steel","description":"Lazer Linear 48 Elite: High-performance LED light bar with exceptional brightness and durability for all driving conditions.","robots":{"index":"index","follow":"follow","max-snippet":"max-snippet:-1","max-image-preview":"max-image-preview:large","max-video-preview":"max-video-preview:-1"},"canonical":"https:\/\/com.rst-steel.eu\/nb\/produkt\/lazer-linear-48-elite_pr_72529\/","og_locale":"nb_NO","og_type":"article","og_title":"Lazer Linear 48 Elite - RST-Steel","og_description":"Lazer Linear 48 Elite: High-performance LED light bar with exceptional brightness and durability for all driving conditions.","og_url":"https:\/\/com.rst-steel.eu\/nb\/produkt\/lazer-linear-48-elite_pr_72529\/","og_site_name":"RST-Steel","article_publisher":"https:\/\/www.facebook.com\/rststeel","article_modified_time":"2026-03-16T06:13:51+00:00","og_image":[{"width":1000,"height":750,"url":"https:\/\/com.rst-steel.eu\/wp-content\/uploads\/2023\/02\/f027b9bc6b8c334295f223e9dc907ca200991e6a_Linear_48_Elite_Angled_Web.jpg","type":"image\/jpeg"}],"twitter_card":"summary_large_image","twitter_misc":{"Ansl. lesetid":"2 minutter"},"schema":{"@context":"https:\/\/schema.org","@graph":[{"@type":"WebPage","@id":"https:\/\/com.rst-steel.eu\/nb\/produkt\/lazer-linear-48-elite_pr_72529\/","url":"https:\/\/com.rst-steel.eu\/nb\/produkt\/lazer-linear-48-elite_pr_72529\/","name":"Lazer Linear 48 Elite - RST-Steel","isPartOf":{"@id":"https:\/\/com.rst-steel.eu\/#website"},"primaryImageOfPage":{"@id":"https:\/\/com.rst-steel.eu\/nb\/produkt\/lazer-linear-48-elite_pr_72529\/#primaryimage"},"image":{"@id":"https:\/\/com.rst-steel.eu\/nb\/produkt\/lazer-linear-48-elite_pr_72529\/#primaryimage"},"thumbnailUrl":"https:\/\/com.rst-steel.eu\/wp-content\/uploads\/2023\/02\/f027b9bc6b8c334295f223e9dc907ca200991e6a_Linear_48_Elite_Angled_Web.jpg","datePublished":"2023-02-01T14:02:28+00:00","dateModified":"2026-03-16T06:13:51+00:00","description":"Lazer Linear 48 Elite: High-performance LED light bar with exceptional brightness and durability for all driving conditions.","breadcrumb":{"@id":"https:\/\/com.rst-steel.eu\/nb\/produkt\/lazer-linear-48-elite_pr_72529\/#breadcrumb"},"inLanguage":"nb-NO","potentialAction":[{"@type":"ReadAction","target":["https:\/\/com.rst-steel.eu\/nb\/produkt\/lazer-linear-48-elite_pr_72529\/"]}]},{"@type":"ImageObject","inLanguage":"nb-NO","@id":"https:\/\/com.rst-steel.eu\/nb\/produkt\/lazer-linear-48-elite_pr_72529\/#primaryimage","url":"https:\/\/com.rst-steel.eu\/wp-content\/uploads\/2023\/02\/f027b9bc6b8c334295f223e9dc907ca200991e6a_Linear_48_Elite_Angled_Web.jpg","contentUrl":"https:\/\/com.rst-steel.eu\/wp-content\/uploads\/2023\/02\/f027b9bc6b8c334295f223e9dc907ca200991e6a_Linear_48_Elite_Angled_Web.jpg","width":1000,"height":750,"caption":"Kuvassa Lazer Linear 48 Elite"},{"@type":"BreadcrumbList","@id":"https:\/\/com.rst-steel.eu\/nb\/produkt\/lazer-linear-48-elite_pr_72529\/#breadcrumb","itemListElement":[{"@type":"ListItem","position":1,"name":"Home","item":"https:\/\/com.rst-steel.eu\/"},{"@type":"ListItem","position":2,"name":"RST-Steel Shop","item":"https:\/\/com.rst-steel.eu\/shop\/"},{"@type":"ListItem","position":3,"name":"Lazer Linear 48 Elite"}]},{"@type":"WebSite","@id":"https:\/\/com.rst-steel.eu\/#website","url":"https:\/\/com.rst-steel.eu\/","name":"RST-Steel.com","description":"Finsk kvalitetsst\u00e5l, for kvalitetsbevisste sj\u00e5f\u00f8rer","publisher":{"@id":"https:\/\/com.rst-steel.eu\/#organization"},"alternateName":"Safe and stylish RST-Steel quality","potentialAction":[{"@type":"SearchAction","target":{"@type":"EntryPoint","urlTemplate":"https:\/\/com.rst-steel.eu\/?s={search_term_string}"},"query-input":{"@type":"PropertyValueSpecification","valueRequired":true,"valueName":"search_term_string"}}],"inLanguage":"nb-NO"},{"@type":"Organization","@id":"https:\/\/com.rst-steel.eu\/#organization","name":"RST-Steel Oy","url":"https:\/\/com.rst-steel.eu\/","logo":{"@type":"ImageObject","inLanguage":"nb-NO","@id":"https:\/\/com.rst-steel.eu\/#\/schema\/logo\/image\/","url":"https:\/\/com.rst-steel.eu\/wp-content\/uploads\/2023\/04\/cropped-Rst-logo-valkoinen-teksti-3.png","contentUrl":"https:\/\/com.rst-steel.eu\/wp-content\/uploads\/2023\/04\/cropped-Rst-logo-valkoinen-teksti-3.png","width":512,"height":115,"caption":"RST-Steel Oy"},"image":{"@id":"https:\/\/com.rst-steel.eu\/#\/schema\/logo\/image\/"},"sameAs":["https:\/\/www.facebook.com\/rststeel","https:\/\/www.instagram.com\/rststeeloy\/"]}]}},"brands":[{"id":8332,"name":"Lazer Lamps","slug":"brand_lazerlamps"}],"_links":{"self":[{"href":"https:\/\/com.rst-steel.eu\/nb\/wp-json\/wp\/v2\/product\/36241","targetHints":{"allow":["GET"]}}],"collection":[{"href":"https:\/\/com.rst-steel.eu\/nb\/wp-json\/wp\/v2\/product"}],"about":[{"href":"https:\/\/com.rst-steel.eu\/nb\/wp-json\/wp\/v2\/types\/product"}],"replies":[{"embeddable":true,"href":"https:\/\/com.rst-steel.eu\/nb\/wp-json\/wp\/v2\/comments?post=36241"}],"version-history":[{"count":0,"href":"https:\/\/com.rst-steel.eu\/nb\/wp-json\/wp\/v2\/product\/36241\/revisions"}],"wp:featuredmedia":[{"embeddable":true,"href":"https:\/\/com.rst-steel.eu\/nb\/wp-json\/wp\/v2\/media\/36236"}],"wp:attachment":[{"href":"https:\/\/com.rst-steel.eu\/nb\/wp-json\/wp\/v2\/media?parent=36241"}],"wp:term":[{"taxonomy":"make_fuel_type","embeddable":true,"href":"https:\/\/com.rst-steel.eu\/nb\/wp-json\/wp\/v2\/make_fuel_type?post=36241"},{"taxonomy":"make_model","embeddable":true,"href":"https:\/\/com.rst-steel.eu\/nb\/wp-json\/wp\/v2\/make_model?post=36241"},{"taxonomy":"make_brand","embeddable":true,"href":"https:\/\/com.rst-steel.eu\/nb\/wp-json\/wp\/v2\/make_brand?post=36241"},{"taxonomy":"make_year","embeddable":true,"href":"https:\/\/com.rst-steel.eu\/nb\/wp-json\/wp\/v2\/make_year?post=36241"},{"taxonomy":"pwb-brand","embeddable":true,"href":"https:\/\/com.rst-steel.eu\/nb\/wp-json\/wp\/v2\/pwb-brand?post=36241"},{"taxonomy":"product_brand","embeddable":true,"href":"https:\/\/com.rst-steel.eu\/nb\/wp-json\/wp\/v2\/product_brand?post=36241"},{"taxonomy":"product_cat","embeddable":true,"href":"https:\/\/com.rst-steel.eu\/nb\/wp-json\/wp\/v2\/product_cat?post=36241"},{"taxonomy":"product_tag","embeddable":true,"href":"https:\/\/com.rst-steel.eu\/nb\/wp-json\/wp\/v2\/product_tag?post=36241"}],"curies":[{"name":"wp","href":"https:\/\/api.w.org\/{rel}","templated":true}]}}