{"id":36082,"date":"2023-01-31T12:51:18","date_gmt":"2023-01-31T09:51:18","guid":{"rendered":"https:\/\/rst-steel.fi-c.seravo.com\/product\/roofbar-volvo-fh4-globe-xl_prm_65196\/"},"modified":"2026-03-16T09:13:52","modified_gmt":"2026-03-16T06:13:52","slug":"lisavaloteline-katolle-basic-full-roof-v35-volvo-fh4-globe-xl_prm_65196","status":"publish","type":"product","link":"https:\/\/com.rst-steel.eu\/nb\/produkt\/lisavaloteline-katolle-basic-full-roof-v35-volvo-fh4-globe-xl_prm_65196\/","title":{"rendered":"Roof Bar Basic Full Roof V35 Volvo FH4- Globe XL"},"content":{"rendered":"<p><strong>Roof Bar Basic Full Roof V35 Volvo FH4- Globe XL<\/strong><\/p>\n<p>Passer til Globetrotter XL-f\u00f8rerhus, som ikke har luftdeflektor p\u00e5 taket!<\/p>\n<ul>\n<li class=\"MsoNormal\" style=\"line-height: normal; background-image: initial; background-position: initial; background-size: initial; background-repeat: initial; background-attachment: initial;\"><span lang=\"EN-US\" style=\"font-size: 10pt; font-family: Helvetica, sans-serif;\">\u00a0<\/span><\/li>\n<\/ul>\n<p class=\"MsoNormal\" style=\"margin-bottom: 0cm; line-height: normal; background-image: initial; background-position: initial; background-size: initial; background-repeat: initial; background-attachment: initial;\"><span lang=\"EN-US\" style=\"font-size: 10pt; font-family: Helvetica, sans-serif;\">RST-Steel\u2019s roof bars are high-quality products made<br \/>\nav rustfritt st\u00e5l.\u00a0<\/span><\/p>\n<p class=\"MsoNormal\" style=\"margin-bottom: 0cm; line-height: normal; background-image: initial; background-position: initial; background-size: initial; background-repeat: initial; background-attachment: initial;\"><span lang=\"EN-US\" style=\"font-size: 10pt; font-family: Helvetica, sans-serif;\">\u00a0<\/span><\/p>\n<p class=\"MsoNormal\" style=\"margin-bottom: 0cm; line-height: normal; background-image: initial; background-position: initial; background-size: initial; background-repeat: initial; background-attachment: initial;\"><span lang=\"EN-US\" style=\"font-size: 10pt; font-family: Helvetica, sans-serif;\">Gir bilen et pent og elegant utseende, og det gir ogs\u00e5<br \/>\nvekker blikk og kan vekke jernfeber, slik at du og din bedrift skiller dere ut.<\/span><\/p>\n<ul>\n<li class=\"MsoNormal\" style=\"line-height: normal; background-image: initial; background-position: initial; background-size: initial; background-repeat: initial; background-attachment: initial;\"><span lang=\"EN-US\" style=\"font-size: 10pt; font-family: Helvetica, sans-serif;\">\u00a0<\/span><\/li>\n<\/ul>\n<p class=\"MsoNormal\" style=\"margin-bottom: 0cm; line-height: normal; background-image: initial; background-position: initial; background-size: initial; background-repeat: initial; background-attachment: initial;\"><span lang=\"EN-US\" style=\"font-size: 10pt; font-family: Helvetica, sans-serif;\">The roof bars can be equipped with auxiliary lights<br \/>\nog posisjonslys, som gj\u00f8r deg bedre synlig i trafikken, samtidig som<br \/>\ntid \u00f8ker sikkerheten for deg selv og andre i trafikken.<\/span><\/p>\n<ul>\n<li><\/li>\n<\/ul>\n<p class=\"MsoNormal\" style=\"margin-bottom: 0cm; line-height: normal; background-image: initial; background-position: initial; background-size: initial; background-repeat: initial; background-attachment: initial;\"><strong><span lang=\"EN-US\" style=\"font-size: 10pt; font-family: Helvetica, sans-serif;\">Teknisk informasjon:<\/span><\/strong><\/p>\n<ul>\n<li class=\"MsoNormal\" style=\"line-height: normal; background-image: initial; background-position: initial; background-size: initial; background-repeat: initial; background-attachment: initial;\"><span lang=\"EN-US\" style=\"font-size: 10pt; font-family: Helvetica, sans-serif;\">Color: Mirror polished stainless steel or painting<br \/>\nwith RAL basic colors<\/span><\/li>\n<li class=\"MsoNormal\" style=\"line-height: normal; background-image: initial; background-position: initial; background-size: initial; background-repeat: initial; background-attachment: initial;\"><span style=\"font-family: Helvetica, sans-serif; font-size: 10pt;\">R\u00f8rdiameter: 76 mm<\/span><\/li>\n<li class=\"MsoNormal\" style=\"line-height: normal; background-image: initial; background-position: initial; background-size: initial; background-repeat: initial; background-attachment: initial;\"><span lang=\"EN-US\" style=\"font-size: 10pt; font-family: Helvetica, sans-serif;\">\u00a0<\/span><\/li>\n<li class=\"MsoNormal\" style=\"line-height: normal; background-image: initial; background-position: initial; background-size: initial; background-repeat: initial; background-attachment: initial;\"><span lang=\"EN-US\" style=\"font-size: 10pt; font-family: Helvetica, sans-serif;\">\u00a0<\/span><\/li>\n<\/ul>\n<p class=\"MsoNormal\" style=\"margin-bottom: 0cm; line-height: normal; background-image: initial; background-position: initial; background-size: initial; background-repeat: initial; background-attachment: initial;\"><strong><span lang=\"EN-US\" style=\"font-size: 10pt; font-family: Helvetica, sans-serif;\">Innhold i leveransen:<\/span><\/strong><\/p>\n<ul>\n<li class=\"MsoNormal\" style=\"line-height: normal; background-image: initial; background-position: initial; background-size: initial; background-repeat: initial; background-attachment: initial;\"><span lang=\"EN-US\" style=\"font-size: 10pt; font-family: Helvetica, sans-serif;\">Roof bar basic full roof<\/span><\/li>\n<li class=\"MsoNormal\" style=\"line-height: normal; background-image: initial; background-position: initial; background-size: initial; background-repeat: initial; background-attachment: initial;\"><span lang=\"EN-US\" style=\"font-size: 10pt; font-family: Helvetica, sans-serif;\">Festemidler som kreves for installasjon<\/span><\/li>\n<li class=\"MsoNormal\" style=\"line-height: normal; background-image: initial; background-position: initial; background-size: initial; background-repeat: initial; background-attachment: initial;\"><span lang=\"EN-US\" style=\"font-size: 10pt; font-family: Helvetica, sans-serif;\">Installasjonsinstruksjoner<\/span><\/li>\n<\/ul>","protected":false},"excerpt":{"rendered":"<p>Flere modellalternativer tilgjengelig!<\/p>\n<p>Fits globetrotter XL cabs!<\/p>","protected":false},"featured_media":36081,"comment_status":"open","ping_status":"closed","template":"","meta":{"_improvement_type_select":"improve_an_existing","_thumb_yes_seoaic":false,"_frame_yes_seoaic":false,"seoaic_generate_description":"","seoaic_improve_instructions_prompt":"","seoaic_rollback_content_improvement":"","seoaic_idea_thumbnail_generator":"","thumbnail_generated":false,"thumbnail_generate_prompt":"","seoaic_article_description":""},"make_fuel_type":[],"make_model":[5637,3743,5295],"make_brand":[3745],"make_year":[3748],"pwb-brand":[8334],"product_brand":[],"product_cat":[6057,6058,7166],"product_tag":[7549,8480],"class_list":{"0":"post-36082","1":"product","2":"type-product","3":"status-publish","4":"has-post-thumbnail","6":"make_engine-globetrotter-xl-cab","7":"make_model-fh-2021","8":"make_model-fh4","9":"make_model-volvo-fm-2021","10":"make_brand-volvo","11":"make_year-trucks","12":"pwb-brand-brand_rststeel","13":"product_cat-lightbars","14":"product_cat-roofbars-for-trucks","15":"product_cat-volvo-ka-lt","16":"product_tag-takbage","17":"product_tag-volvo-roof-bar","18":"product_shipping_class-lightbars","20":"first","21":"onbackorder","22":"taxable","23":"shipping-taxable","24":"purchasable","25":"product-type-variable"},"yoast_head":"<!-- This site is optimized with the Yoast SEO plugin v25.7 - https:\/\/yoast.com\/wordpress\/plugins\/seo\/ -->\n<title>Roof Bar Basic Full Roof V35 Volvo FH4- Globe XL - RST-Steel<\/title>\n<meta name=\"description\" content=\"Roof Bar Basic Full Roof V35 Volvo FH4- Globe XL. Upgrade your truck with this high-quality accessory from RST-Steel. Perfect fit!\" \/>\n<meta name=\"robots\" content=\"index, follow, max-snippet:-1, max-image-preview:large, max-video-preview:-1\" \/>\n<link rel=\"canonical\" href=\"https:\/\/com.rst-steel.eu\/nb\/produkt\/lisavaloteline-katolle-basic-full-roof-v35-volvo-fh4-globe-xl_prm_65196\/\" \/>\n<meta property=\"og:locale\" content=\"nb_NO\" \/>\n<meta property=\"og:type\" content=\"article\" \/>\n<meta property=\"og:title\" content=\"Roof Bar Basic Full Roof V35 Volvo FH4- Globe XL - RST-Steel\" \/>\n<meta property=\"og:description\" content=\"Roof Bar Basic Full Roof V35 Volvo FH4- Globe XL. Upgrade your truck with this high-quality accessory from RST-Steel. Perfect fit!\" \/>\n<meta property=\"og:url\" content=\"https:\/\/com.rst-steel.eu\/nb\/produkt\/lisavaloteline-katolle-basic-full-roof-v35-volvo-fh4-globe-xl_prm_65196\/\" \/>\n<meta property=\"og:site_name\" content=\"RST-Steel\" \/>\n<meta property=\"article:publisher\" content=\"https:\/\/www.facebook.com\/rststeel\" \/>\n<meta property=\"article:modified_time\" content=\"2026-03-16T06:13:52+00:00\" \/>\n<meta property=\"og:image\" content=\"https:\/\/com.rst-steel.eu\/wp-content\/uploads\/2023\/01\/38f877e867f81d86fcb655d8362aa216fe050cfd_VO2135B.jpg\" \/>\n\t<meta property=\"og:image:width\" content=\"2048\" \/>\n\t<meta property=\"og:image:height\" content=\"1024\" \/>\n\t<meta property=\"og:image:type\" content=\"image\/jpeg\" \/>\n<meta name=\"twitter:card\" content=\"summary_large_image\" \/>\n<meta name=\"twitter:label1\" content=\"Ansl. lesetid\" \/>\n\t<meta name=\"twitter:data1\" content=\"1 minutt\" \/>\n<script type=\"application\/ld+json\" class=\"yoast-schema-graph\">{\"@context\":\"https:\/\/schema.org\",\"@graph\":[{\"@type\":\"WebPage\",\"@id\":\"https:\/\/com.rst-steel.eu\/nb\/produkt\/lisavaloteline-katolle-basic-full-roof-v35-volvo-fh4-globe-xl_prm_65196\/\",\"url\":\"https:\/\/com.rst-steel.eu\/nb\/produkt\/lisavaloteline-katolle-basic-full-roof-v35-volvo-fh4-globe-xl_prm_65196\/\",\"name\":\"Roof Bar Basic Full Roof V35 Volvo FH4- Globe XL - RST-Steel\",\"isPartOf\":{\"@id\":\"https:\/\/com.rst-steel.eu\/#website\"},\"primaryImageOfPage\":{\"@id\":\"https:\/\/com.rst-steel.eu\/nb\/produkt\/lisavaloteline-katolle-basic-full-roof-v35-volvo-fh4-globe-xl_prm_65196\/#primaryimage\"},\"image\":{\"@id\":\"https:\/\/com.rst-steel.eu\/nb\/produkt\/lisavaloteline-katolle-basic-full-roof-v35-volvo-fh4-globe-xl_prm_65196\/#primaryimage\"},\"thumbnailUrl\":\"https:\/\/com.rst-steel.eu\/wp-content\/uploads\/2023\/01\/38f877e867f81d86fcb655d8362aa216fe050cfd_VO2135B.jpg\",\"datePublished\":\"2023-01-31T09:51:18+00:00\",\"dateModified\":\"2026-03-16T06:13:52+00:00\",\"description\":\"Roof Bar Basic Full Roof V35 Volvo FH4- Globe XL. Upgrade your truck with this high-quality accessory from RST-Steel. Perfect fit!\",\"breadcrumb\":{\"@id\":\"https:\/\/com.rst-steel.eu\/nb\/produkt\/lisavaloteline-katolle-basic-full-roof-v35-volvo-fh4-globe-xl_prm_65196\/#breadcrumb\"},\"inLanguage\":\"nb-NO\",\"potentialAction\":[{\"@type\":\"ReadAction\",\"target\":[\"https:\/\/com.rst-steel.eu\/nb\/produkt\/lisavaloteline-katolle-basic-full-roof-v35-volvo-fh4-globe-xl_prm_65196\/\"]}]},{\"@type\":\"ImageObject\",\"inLanguage\":\"nb-NO\",\"@id\":\"https:\/\/com.rst-steel.eu\/nb\/produkt\/lisavaloteline-katolle-basic-full-roof-v35-volvo-fh4-globe-xl_prm_65196\/#primaryimage\",\"url\":\"https:\/\/com.rst-steel.eu\/wp-content\/uploads\/2023\/01\/38f877e867f81d86fcb655d8362aa216fe050cfd_VO2135B.jpg\",\"contentUrl\":\"https:\/\/com.rst-steel.eu\/wp-content\/uploads\/2023\/01\/38f877e867f81d86fcb655d8362aa216fe050cfd_VO2135B.jpg\",\"width\":2048,\"height\":1024,\"caption\":\"Roof Bar Basic Full Roof V35 Volvo FH4- Globe XL\"},{\"@type\":\"BreadcrumbList\",\"@id\":\"https:\/\/com.rst-steel.eu\/nb\/produkt\/lisavaloteline-katolle-basic-full-roof-v35-volvo-fh4-globe-xl_prm_65196\/#breadcrumb\",\"itemListElement\":[{\"@type\":\"ListItem\",\"position\":1,\"name\":\"Home\",\"item\":\"https:\/\/com.rst-steel.eu\/\"},{\"@type\":\"ListItem\",\"position\":2,\"name\":\"RST-Steel Shop\",\"item\":\"https:\/\/com.rst-steel.eu\/shop\/\"},{\"@type\":\"ListItem\",\"position\":3,\"name\":\"Roof Bar Basic Full Roof V35 Volvo FH4- Globe XL\"}]},{\"@type\":\"WebSite\",\"@id\":\"https:\/\/com.rst-steel.eu\/#website\",\"url\":\"https:\/\/com.rst-steel.eu\/\",\"name\":\"RST-Steel.com\",\"description\":\"Finnish quality steel, for quality-conscious drivers\",\"publisher\":{\"@id\":\"https:\/\/com.rst-steel.eu\/#organization\"},\"alternateName\":\"Safe and stylish RST-Steel quality\",\"potentialAction\":[{\"@type\":\"SearchAction\",\"target\":{\"@type\":\"EntryPoint\",\"urlTemplate\":\"https:\/\/com.rst-steel.eu\/?s={search_term_string}\"},\"query-input\":{\"@type\":\"PropertyValueSpecification\",\"valueRequired\":true,\"valueName\":\"search_term_string\"}}],\"inLanguage\":\"nb-NO\"},{\"@type\":\"Organization\",\"@id\":\"https:\/\/com.rst-steel.eu\/#organization\",\"name\":\"RST-Steel Oy\",\"url\":\"https:\/\/com.rst-steel.eu\/\",\"logo\":{\"@type\":\"ImageObject\",\"inLanguage\":\"nb-NO\",\"@id\":\"https:\/\/com.rst-steel.eu\/#\/schema\/logo\/image\/\",\"url\":\"https:\/\/com.rst-steel.eu\/wp-content\/uploads\/2023\/04\/cropped-Rst-logo-valkoinen-teksti-3.png\",\"contentUrl\":\"https:\/\/com.rst-steel.eu\/wp-content\/uploads\/2023\/04\/cropped-Rst-logo-valkoinen-teksti-3.png\",\"width\":512,\"height\":115,\"caption\":\"RST-Steel Oy\"},\"image\":{\"@id\":\"https:\/\/com.rst-steel.eu\/#\/schema\/logo\/image\/\"},\"sameAs\":[\"https:\/\/www.facebook.com\/rststeel\",\"https:\/\/www.instagram.com\/rststeeloy\/\"]}]}<\/script>\n<!-- \/ Yoast SEO plugin. -->","yoast_head_json":{"title":"Roof Bar Basic Full Roof V35 Volvo FH4- Globe XL - RST-Steel","description":"Roof Bar Basic Full Roof V35 Volvo FH4- Globe XL. Upgrade your truck with this high-quality accessory from RST-Steel. Perfect fit!","robots":{"index":"index","follow":"follow","max-snippet":"max-snippet:-1","max-image-preview":"max-image-preview:large","max-video-preview":"max-video-preview:-1"},"canonical":"https:\/\/com.rst-steel.eu\/nb\/produkt\/lisavaloteline-katolle-basic-full-roof-v35-volvo-fh4-globe-xl_prm_65196\/","og_locale":"nb_NO","og_type":"article","og_title":"Roof Bar Basic Full Roof V35 Volvo FH4- Globe XL - RST-Steel","og_description":"Roof Bar Basic Full Roof V35 Volvo FH4- Globe XL. Upgrade your truck with this high-quality accessory from RST-Steel. Perfect fit!","og_url":"https:\/\/com.rst-steel.eu\/nb\/produkt\/lisavaloteline-katolle-basic-full-roof-v35-volvo-fh4-globe-xl_prm_65196\/","og_site_name":"RST-Steel","article_publisher":"https:\/\/www.facebook.com\/rststeel","article_modified_time":"2026-03-16T06:13:52+00:00","og_image":[{"width":2048,"height":1024,"url":"https:\/\/com.rst-steel.eu\/wp-content\/uploads\/2023\/01\/38f877e867f81d86fcb655d8362aa216fe050cfd_VO2135B.jpg","type":"image\/jpeg"}],"twitter_card":"summary_large_image","twitter_misc":{"Ansl. lesetid":"1 minutt"},"schema":{"@context":"https:\/\/schema.org","@graph":[{"@type":"WebPage","@id":"https:\/\/com.rst-steel.eu\/nb\/produkt\/lisavaloteline-katolle-basic-full-roof-v35-volvo-fh4-globe-xl_prm_65196\/","url":"https:\/\/com.rst-steel.eu\/nb\/produkt\/lisavaloteline-katolle-basic-full-roof-v35-volvo-fh4-globe-xl_prm_65196\/","name":"Roof Bar Basic Full Roof V35 Volvo FH4- Globe XL - RST-Steel","isPartOf":{"@id":"https:\/\/com.rst-steel.eu\/#website"},"primaryImageOfPage":{"@id":"https:\/\/com.rst-steel.eu\/nb\/produkt\/lisavaloteline-katolle-basic-full-roof-v35-volvo-fh4-globe-xl_prm_65196\/#primaryimage"},"image":{"@id":"https:\/\/com.rst-steel.eu\/nb\/produkt\/lisavaloteline-katolle-basic-full-roof-v35-volvo-fh4-globe-xl_prm_65196\/#primaryimage"},"thumbnailUrl":"https:\/\/com.rst-steel.eu\/wp-content\/uploads\/2023\/01\/38f877e867f81d86fcb655d8362aa216fe050cfd_VO2135B.jpg","datePublished":"2023-01-31T09:51:18+00:00","dateModified":"2026-03-16T06:13:52+00:00","description":"Roof Bar Basic Full Roof V35 Volvo FH4- Globe XL. Upgrade your truck with this high-quality accessory from RST-Steel. Perfect fit!","breadcrumb":{"@id":"https:\/\/com.rst-steel.eu\/nb\/produkt\/lisavaloteline-katolle-basic-full-roof-v35-volvo-fh4-globe-xl_prm_65196\/#breadcrumb"},"inLanguage":"nb-NO","potentialAction":[{"@type":"ReadAction","target":["https:\/\/com.rst-steel.eu\/nb\/produkt\/lisavaloteline-katolle-basic-full-roof-v35-volvo-fh4-globe-xl_prm_65196\/"]}]},{"@type":"ImageObject","inLanguage":"nb-NO","@id":"https:\/\/com.rst-steel.eu\/nb\/produkt\/lisavaloteline-katolle-basic-full-roof-v35-volvo-fh4-globe-xl_prm_65196\/#primaryimage","url":"https:\/\/com.rst-steel.eu\/wp-content\/uploads\/2023\/01\/38f877e867f81d86fcb655d8362aa216fe050cfd_VO2135B.jpg","contentUrl":"https:\/\/com.rst-steel.eu\/wp-content\/uploads\/2023\/01\/38f877e867f81d86fcb655d8362aa216fe050cfd_VO2135B.jpg","width":2048,"height":1024,"caption":"Roof Bar Basic Full Roof V35 Volvo FH4- Globe XL"},{"@type":"BreadcrumbList","@id":"https:\/\/com.rst-steel.eu\/nb\/produkt\/lisavaloteline-katolle-basic-full-roof-v35-volvo-fh4-globe-xl_prm_65196\/#breadcrumb","itemListElement":[{"@type":"ListItem","position":1,"name":"Home","item":"https:\/\/com.rst-steel.eu\/"},{"@type":"ListItem","position":2,"name":"RST-Steel Shop","item":"https:\/\/com.rst-steel.eu\/shop\/"},{"@type":"ListItem","position":3,"name":"Roof Bar Basic Full Roof V35 Volvo FH4- Globe XL"}]},{"@type":"WebSite","@id":"https:\/\/com.rst-steel.eu\/#website","url":"https:\/\/com.rst-steel.eu\/","name":"RST-Steel.com","description":"Finsk kvalitetsst\u00e5l, for kvalitetsbevisste sj\u00e5f\u00f8rer","publisher":{"@id":"https:\/\/com.rst-steel.eu\/#organization"},"alternateName":"Safe and stylish RST-Steel quality","potentialAction":[{"@type":"SearchAction","target":{"@type":"EntryPoint","urlTemplate":"https:\/\/com.rst-steel.eu\/?s={search_term_string}"},"query-input":{"@type":"PropertyValueSpecification","valueRequired":true,"valueName":"search_term_string"}}],"inLanguage":"nb-NO"},{"@type":"Organization","@id":"https:\/\/com.rst-steel.eu\/#organization","name":"RST-Steel Oy","url":"https:\/\/com.rst-steel.eu\/","logo":{"@type":"ImageObject","inLanguage":"nb-NO","@id":"https:\/\/com.rst-steel.eu\/#\/schema\/logo\/image\/","url":"https:\/\/com.rst-steel.eu\/wp-content\/uploads\/2023\/04\/cropped-Rst-logo-valkoinen-teksti-3.png","contentUrl":"https:\/\/com.rst-steel.eu\/wp-content\/uploads\/2023\/04\/cropped-Rst-logo-valkoinen-teksti-3.png","width":512,"height":115,"caption":"RST-Steel Oy"},"image":{"@id":"https:\/\/com.rst-steel.eu\/#\/schema\/logo\/image\/"},"sameAs":["https:\/\/www.facebook.com\/rststeel","https:\/\/www.instagram.com\/rststeeloy\/"]}]}},"brands":[{"id":8334,"name":"RST-Steel","slug":"brand_rststeel"}],"_links":{"self":[{"href":"https:\/\/com.rst-steel.eu\/nb\/wp-json\/wp\/v2\/product\/36082","targetHints":{"allow":["GET"]}}],"collection":[{"href":"https:\/\/com.rst-steel.eu\/nb\/wp-json\/wp\/v2\/product"}],"about":[{"href":"https:\/\/com.rst-steel.eu\/nb\/wp-json\/wp\/v2\/types\/product"}],"replies":[{"embeddable":true,"href":"https:\/\/com.rst-steel.eu\/nb\/wp-json\/wp\/v2\/comments?post=36082"}],"version-history":[{"count":0,"href":"https:\/\/com.rst-steel.eu\/nb\/wp-json\/wp\/v2\/product\/36082\/revisions"}],"wp:featuredmedia":[{"embeddable":true,"href":"https:\/\/com.rst-steel.eu\/nb\/wp-json\/wp\/v2\/media\/36081"}],"wp:attachment":[{"href":"https:\/\/com.rst-steel.eu\/nb\/wp-json\/wp\/v2\/media?parent=36082"}],"wp:term":[{"taxonomy":"make_fuel_type","embeddable":true,"href":"https:\/\/com.rst-steel.eu\/nb\/wp-json\/wp\/v2\/make_fuel_type?post=36082"},{"taxonomy":"make_model","embeddable":true,"href":"https:\/\/com.rst-steel.eu\/nb\/wp-json\/wp\/v2\/make_model?post=36082"},{"taxonomy":"make_brand","embeddable":true,"href":"https:\/\/com.rst-steel.eu\/nb\/wp-json\/wp\/v2\/make_brand?post=36082"},{"taxonomy":"make_year","embeddable":true,"href":"https:\/\/com.rst-steel.eu\/nb\/wp-json\/wp\/v2\/make_year?post=36082"},{"taxonomy":"pwb-brand","embeddable":true,"href":"https:\/\/com.rst-steel.eu\/nb\/wp-json\/wp\/v2\/pwb-brand?post=36082"},{"taxonomy":"product_brand","embeddable":true,"href":"https:\/\/com.rst-steel.eu\/nb\/wp-json\/wp\/v2\/product_brand?post=36082"},{"taxonomy":"product_cat","embeddable":true,"href":"https:\/\/com.rst-steel.eu\/nb\/wp-json\/wp\/v2\/product_cat?post=36082"},{"taxonomy":"product_tag","embeddable":true,"href":"https:\/\/com.rst-steel.eu\/nb\/wp-json\/wp\/v2\/product_tag?post=36082"}],"curies":[{"name":"wp","href":"https:\/\/api.w.org\/{rel}","templated":true}]}}