{"id":36039,"date":"2023-01-31T12:49:40","date_gmt":"2023-01-31T09:49:40","guid":{"rendered":"https:\/\/rst-steel.fi-c.seravo.com\/product\/roofbar-with-side-extensions-daf-xg_prm_68573\/"},"modified":"2026-03-16T09:13:47","modified_gmt":"2026-03-16T06:13:47","slug":"roof-bar-with-side-extensions-daf-xg_prm_68573","status":"publish","type":"product","link":"https:\/\/com.rst-steel.eu\/nb\/produkt\/roof-bar-with-side-extensions-daf-xg_prm_68573\/","title":{"rendered":"Roof Bar with side extensions DAF XG+"},"content":{"rendered":"<p><strong>Roof Bar with side extensions DAF XG+<\/strong><\/p>\n<p class=\"MsoNormal\" style=\"margin-bottom: 0cm;line-height: normal;background-image: initial;background-position: initial;background-size: initial;background-repeat: initial;background-attachment: initial\"><span lang=\"EN-US\" style=\"font-size: 10pt;font-family: Helvetica, sans-serif\">RST-Steel\u2019s roof bars are high-quality products made<br \/>av rustfritt st\u00e5l.&nbsp;<\/span><\/p>\n<ul>\n<li style=\"margin-bottom: 0cm;line-height: normal;background-image: initial;background-position: initial;background-size: initial;background-repeat: initial;background-attachment: initial\">&nbsp;<\/li>\n<\/ul>\n<p class=\"MsoNormal\" style=\"margin-bottom: 0cm;line-height: normal;background-image: initial;background-position: initial;background-size: initial;background-repeat: initial;background-attachment: initial\"><span lang=\"EN-US\" style=\"font-size: 10pt;font-family: Helvetica, sans-serif\">Gir bilen et pent og elegant utseende, og det gir ogs\u00e5<br \/>vekker blikk og kan vekke jernfeber, slik at du og din bedrift skiller dere ut.<\/span><\/p>\n<ul>\n<li style=\"margin-bottom: 0cm;line-height: normal;background-image: initial;background-position: initial;background-size: initial;background-repeat: initial;background-attachment: initial\"><\/li>\n<\/ul>\n<p class=\"MsoNormal\" style=\"margin-bottom: 0cm;line-height: normal;background-image: initial;background-position: initial;background-size: initial;background-repeat: initial;background-attachment: initial\"><span lang=\"EN-US\" style=\"font-size: 10pt;font-family: Helvetica, sans-serif\">The roof bars can be equipped with auxiliary lights<br \/>og posisjonslys, som gj\u00f8r deg bedre synlig i trafikken, samtidig som<br \/>tid \u00f8ker sikkerheten for deg selv og andre i trafikken.<\/span><\/p>\n<ul>\n<li style=\"margin-bottom: 0cm;line-height: normal;background-image: initial;background-position: initial;background-size: initial;background-repeat: initial;background-attachment: initial\"><\/li>\n<\/ul>\n<p class=\"MsoNormal\" style=\"margin-bottom: 0cm;line-height: normal;background-image: initial;background-position: initial;background-size: initial;background-repeat: initial;background-attachment: initial\"><strong><span lang=\"EN-US\" style=\"font-size: 10pt;font-family: Helvetica, sans-serif\">Teknisk informasjon:<\/span><span lang=\"EN-US\" style=\"font-size: 10pt;font-family: Helvetica, sans-serif\">&nbsp;<\/span><\/strong><\/p>\n<ul>\n<li class=\"MsoNormal\" style=\"line-height: normal;background-image: initial;background-position: initial;background-size: initial;background-repeat: initial;background-attachment: initial\"><span lang=\"EN-US\" style=\"font-size: 10pt;font-family: Helvetica, sans-serif\">Color: Mirror polished stainless steel or painting<br \/>with RAL basic colors<\/span><\/li>\n<li class=\"MsoNormal\" style=\"line-height: normal;background-image: initial;background-position: initial;background-size: initial;background-repeat: initial;background-attachment: initial\"><span style=\"font-family: Helvetica, sans-serif;font-size: 10pt\">R\u00f8rdiameter: 60 mm<\/span><\/li>\n<li class=\"MsoNormal\" style=\"line-height: normal;background-image: initial;background-position: initial;background-size: initial;background-repeat: initial;background-attachment: initial\"><span style=\"font-family: Helvetica, sans-serif;font-size: 10pt\"><br \/><\/span><\/li>\n<\/ul>\n<p class=\"MsoNormal\" style=\"margin-bottom: 0cm;line-height: normal;background-image: initial;background-position: initial;background-size: initial;background-repeat: initial;background-attachment: initial\"><span lang=\"EN-US\" style=\"font-size: 10pt;font-family: Helvetica, sans-serif\">&nbsp;<\/span><\/p>\n<p class=\"MsoNormal\" style=\"margin-bottom: 0cm;line-height: normal;background-image: initial;background-position: initial;background-size: initial;background-repeat: initial;background-attachment: initial\"><strong><span lang=\"EN-US\" style=\"font-size: 10pt;font-family: Helvetica, sans-serif\">Innhold i leveransen:<\/span><\/strong><\/p>\n<ul>\n<li class=\"MsoNormal\" style=\"line-height: normal;background-image: initial;background-position: initial;background-size: initial;background-repeat: initial;background-attachment: initial\"><span lang=\"EN-US\" style=\"font-size: 10pt;font-family: Helvetica, sans-serif\">Takbjelke<\/span><\/li>\n<li class=\"MsoNormal\" style=\"line-height: normal;background-image: initial;background-position: initial;background-size: initial;background-repeat: initial;background-attachment: initial\"><span lang=\"EN-US\" style=\"font-size: 10pt;font-family: Helvetica, sans-serif\">Festemidler som kreves for installasjon<\/span><\/li>\n<li class=\"MsoNormal\" style=\"line-height: normal;background-image: initial;background-position: initial;background-size: initial;background-repeat: initial;background-attachment: initial\"><span lang=\"EN-US\" style=\"font-size: 10pt;font-family: Helvetica, sans-serif\">Installasjonsinstruksjoner<\/span><\/li>\n<\/ul>","protected":false},"excerpt":{"rendered":"<p>Several models available!<\/p>","protected":false},"featured_media":36035,"comment_status":"open","ping_status":"closed","template":"","meta":{"_improvement_type_select":"improve_an_existing","_thumb_yes_seoaic":false,"_frame_yes_seoaic":false,"seoaic_generate_description":"","seoaic_improve_instructions_prompt":"","seoaic_rollback_content_improvement":"","seoaic_idea_thumbnail_generator":"","thumbnail_generated":false,"thumbnail_generate_prompt":"","seoaic_article_description":""},"make_fuel_type":[],"make_model":[5684],"make_brand":[5268],"make_year":[3748],"pwb-brand":[8334],"product_brand":[],"product_cat":[6057,6058,7168],"product_tag":[7549],"class_list":{"0":"post-36039","1":"product","2":"type-product","3":"status-publish","4":"has-post-thumbnail","6":"make_model-xg","7":"make_brand-daf","8":"make_year-trucks","9":"pwb-brand-brand_rststeel","10":"product_cat-lightbars","11":"product_cat-roofbars-for-trucks","12":"product_cat-daf-ka-lt","13":"product_tag-takbage","14":"product_shipping_class-lightbars","16":"first","17":"onbackorder","18":"taxable","19":"shipping-taxable","20":"purchasable","21":"product-type-variable"},"yoast_head":"<!-- This site is optimized with the Yoast SEO plugin v25.7 - https:\/\/yoast.com\/wordpress\/plugins\/seo\/ -->\n<title>Roof Bar with side extensions DAF XG+ - RST-Steel<\/title>\n<meta name=\"description\" content=\"Durable stainless steel roof bar with side extensions for DAF XG+ trucks. Enhances safety and appearance, with options for auxiliary and position lights.\" \/>\n<meta name=\"robots\" content=\"index, follow, max-snippet:-1, max-image-preview:large, max-video-preview:-1\" \/>\n<link rel=\"canonical\" href=\"https:\/\/com.rst-steel.eu\/nb\/produkt\/roof-bar-with-side-extensions-daf-xg_prm_68573\/\" \/>\n<meta property=\"og:locale\" content=\"nb_NO\" \/>\n<meta property=\"og:type\" content=\"article\" \/>\n<meta property=\"og:title\" content=\"Roof Bar with side extensions DAF XG+ - RST-Steel\" \/>\n<meta property=\"og:description\" content=\"Durable stainless steel roof bar with side extensions for DAF XG+ trucks. Enhances safety and appearance, with options for auxiliary and position lights.\" \/>\n<meta property=\"og:url\" content=\"https:\/\/com.rst-steel.eu\/nb\/produkt\/roof-bar-with-side-extensions-daf-xg_prm_68573\/\" \/>\n<meta property=\"og:site_name\" content=\"RST-Steel\" \/>\n<meta property=\"article:publisher\" content=\"https:\/\/www.facebook.com\/rststeel\" \/>\n<meta property=\"article:modified_time\" content=\"2026-03-16T06:13:47+00:00\" \/>\n<meta property=\"og:image\" content=\"https:\/\/com.rst-steel.eu\/wp-content\/uploads\/2023\/01\/ed9b7e4df724b513800969cc9766aeb03d56bdc2_DA2112_2-scaled.jpg\" \/>\n\t<meta property=\"og:image:width\" content=\"2560\" \/>\n\t<meta property=\"og:image:height\" content=\"1705\" \/>\n\t<meta property=\"og:image:type\" content=\"image\/jpeg\" \/>\n<meta name=\"twitter:card\" content=\"summary_large_image\" \/>\n<meta name=\"twitter:label1\" content=\"Ansl. lesetid\" \/>\n\t<meta name=\"twitter:data1\" content=\"1 minutt\" \/>\n<script type=\"application\/ld+json\" class=\"yoast-schema-graph\">{\"@context\":\"https:\/\/schema.org\",\"@graph\":[{\"@type\":\"WebPage\",\"@id\":\"https:\/\/com.rst-steel.eu\/sv\/produkt\/takracke-med-sidoforhojningar-daf-xg_prm_68573\/\",\"url\":\"https:\/\/com.rst-steel.eu\/sv\/produkt\/takracke-med-sidoforhojningar-daf-xg_prm_68573\/\",\"name\":\"Roof Bar with side extensions DAF XG+ - RST-Steel\",\"isPartOf\":{\"@id\":\"https:\/\/com.rst-steel.eu\/#website\"},\"primaryImageOfPage\":{\"@id\":\"https:\/\/com.rst-steel.eu\/sv\/produkt\/takracke-med-sidoforhojningar-daf-xg_prm_68573\/#primaryimage\"},\"image\":{\"@id\":\"https:\/\/com.rst-steel.eu\/sv\/produkt\/takracke-med-sidoforhojningar-daf-xg_prm_68573\/#primaryimage\"},\"thumbnailUrl\":\"https:\/\/com.rst-steel.eu\/wp-content\/uploads\/2023\/01\/ed9b7e4df724b513800969cc9766aeb03d56bdc2_DA2112_2-scaled.jpg\",\"datePublished\":\"2023-01-31T09:49:40+00:00\",\"dateModified\":\"2026-03-16T06:13:47+00:00\",\"description\":\"Durable stainless steel roof bar with side extensions for DAF XG+ trucks. Enhances safety and appearance, with options for auxiliary and position lights.\",\"breadcrumb\":{\"@id\":\"https:\/\/com.rst-steel.eu\/sv\/produkt\/takracke-med-sidoforhojningar-daf-xg_prm_68573\/#breadcrumb\"},\"inLanguage\":\"nb-NO\",\"potentialAction\":[{\"@type\":\"ReadAction\",\"target\":[\"https:\/\/com.rst-steel.eu\/sv\/produkt\/takracke-med-sidoforhojningar-daf-xg_prm_68573\/\"]}]},{\"@type\":\"ImageObject\",\"inLanguage\":\"nb-NO\",\"@id\":\"https:\/\/com.rst-steel.eu\/sv\/produkt\/takracke-med-sidoforhojningar-daf-xg_prm_68573\/#primaryimage\",\"url\":\"https:\/\/com.rst-steel.eu\/wp-content\/uploads\/2023\/01\/ed9b7e4df724b513800969cc9766aeb03d56bdc2_DA2112_2-scaled.jpg\",\"contentUrl\":\"https:\/\/com.rst-steel.eu\/wp-content\/uploads\/2023\/01\/ed9b7e4df724b513800969cc9766aeb03d56bdc2_DA2112_2-scaled.jpg\",\"width\":2560,\"height\":1705,\"caption\":\"Kuvassa Roof Bar with side extensions DAF XG+\"},{\"@type\":\"BreadcrumbList\",\"@id\":\"https:\/\/com.rst-steel.eu\/sv\/produkt\/takracke-med-sidoforhojningar-daf-xg_prm_68573\/#breadcrumb\",\"itemListElement\":[{\"@type\":\"ListItem\",\"position\":1,\"name\":\"Home\",\"item\":\"https:\/\/com.rst-steel.eu\/\"},{\"@type\":\"ListItem\",\"position\":2,\"name\":\"RST-Steel Shop\",\"item\":\"https:\/\/com.rst-steel.eu\/shop\/\"},{\"@type\":\"ListItem\",\"position\":3,\"name\":\"Roof Bar with side extensions DAF XG+\"}]},{\"@type\":\"WebSite\",\"@id\":\"https:\/\/com.rst-steel.eu\/#website\",\"url\":\"https:\/\/com.rst-steel.eu\/\",\"name\":\"RST-Steel.com\",\"description\":\"Finnish quality steel, for quality-conscious drivers\",\"publisher\":{\"@id\":\"https:\/\/com.rst-steel.eu\/#organization\"},\"alternateName\":\"Safe and stylish RST-Steel quality\",\"potentialAction\":[{\"@type\":\"SearchAction\",\"target\":{\"@type\":\"EntryPoint\",\"urlTemplate\":\"https:\/\/com.rst-steel.eu\/?s={search_term_string}\"},\"query-input\":{\"@type\":\"PropertyValueSpecification\",\"valueRequired\":true,\"valueName\":\"search_term_string\"}}],\"inLanguage\":\"nb-NO\"},{\"@type\":\"Organization\",\"@id\":\"https:\/\/com.rst-steel.eu\/#organization\",\"name\":\"RST-Steel Oy\",\"url\":\"https:\/\/com.rst-steel.eu\/\",\"logo\":{\"@type\":\"ImageObject\",\"inLanguage\":\"nb-NO\",\"@id\":\"https:\/\/com.rst-steel.eu\/#\/schema\/logo\/image\/\",\"url\":\"https:\/\/com.rst-steel.eu\/wp-content\/uploads\/2023\/04\/cropped-Rst-logo-valkoinen-teksti-3.png\",\"contentUrl\":\"https:\/\/com.rst-steel.eu\/wp-content\/uploads\/2023\/04\/cropped-Rst-logo-valkoinen-teksti-3.png\",\"width\":512,\"height\":115,\"caption\":\"RST-Steel Oy\"},\"image\":{\"@id\":\"https:\/\/com.rst-steel.eu\/#\/schema\/logo\/image\/\"},\"sameAs\":[\"https:\/\/www.facebook.com\/rststeel\",\"https:\/\/www.instagram.com\/rststeeloy\/\"]}]}<\/script>\n<!-- \/ Yoast SEO plugin. -->","yoast_head_json":{"title":"Takb\u00f8yle med sideforlengelser DAF XG+ - RST-Steel","description":"Durable stainless steel roof bar with side extensions for DAF XG+ trucks. Enhances safety and appearance, with options for auxiliary and position lights.","robots":{"index":"index","follow":"follow","max-snippet":"max-snippet:-1","max-image-preview":"max-image-preview:large","max-video-preview":"max-video-preview:-1"},"canonical":"https:\/\/com.rst-steel.eu\/nb\/produkt\/roof-bar-with-side-extensions-daf-xg_prm_68573\/","og_locale":"nb_NO","og_type":"article","og_title":"Roof Bar with side extensions DAF XG+ - RST-Steel","og_description":"Durable stainless steel roof bar with side extensions for DAF XG+ trucks. Enhances safety and appearance, with options for auxiliary and position lights.","og_url":"https:\/\/com.rst-steel.eu\/nb\/produkt\/roof-bar-with-side-extensions-daf-xg_prm_68573\/","og_site_name":"RST-Steel","article_publisher":"https:\/\/www.facebook.com\/rststeel","article_modified_time":"2026-03-16T06:13:47+00:00","og_image":[{"width":2560,"height":1705,"url":"https:\/\/com.rst-steel.eu\/wp-content\/uploads\/2023\/01\/ed9b7e4df724b513800969cc9766aeb03d56bdc2_DA2112_2-scaled.jpg","type":"image\/jpeg"}],"twitter_card":"summary_large_image","twitter_misc":{"Ansl. lesetid":"1 minutt"},"schema":{"@context":"https:\/\/schema.org","@graph":[{"@type":"WebPage","@id":"https:\/\/com.rst-steel.eu\/sv\/produkt\/takracke-med-sidoforhojningar-daf-xg_prm_68573\/","url":"https:\/\/com.rst-steel.eu\/sv\/produkt\/takracke-med-sidoforhojningar-daf-xg_prm_68573\/","name":"Takb\u00f8yle med sideforlengelser DAF XG+ - RST-Steel","isPartOf":{"@id":"https:\/\/com.rst-steel.eu\/#website"},"primaryImageOfPage":{"@id":"https:\/\/com.rst-steel.eu\/sv\/produkt\/takracke-med-sidoforhojningar-daf-xg_prm_68573\/#primaryimage"},"image":{"@id":"https:\/\/com.rst-steel.eu\/sv\/produkt\/takracke-med-sidoforhojningar-daf-xg_prm_68573\/#primaryimage"},"thumbnailUrl":"https:\/\/com.rst-steel.eu\/wp-content\/uploads\/2023\/01\/ed9b7e4df724b513800969cc9766aeb03d56bdc2_DA2112_2-scaled.jpg","datePublished":"2023-01-31T09:49:40+00:00","dateModified":"2026-03-16T06:13:47+00:00","description":"Durable stainless steel roof bar with side extensions for DAF XG+ trucks. Enhances safety and appearance, with options for auxiliary and position lights.","breadcrumb":{"@id":"https:\/\/com.rst-steel.eu\/sv\/produkt\/takracke-med-sidoforhojningar-daf-xg_prm_68573\/#breadcrumb"},"inLanguage":"nb-NO","potentialAction":[{"@type":"ReadAction","target":["https:\/\/com.rst-steel.eu\/sv\/produkt\/takracke-med-sidoforhojningar-daf-xg_prm_68573\/"]}]},{"@type":"ImageObject","inLanguage":"nb-NO","@id":"https:\/\/com.rst-steel.eu\/sv\/produkt\/takracke-med-sidoforhojningar-daf-xg_prm_68573\/#primaryimage","url":"https:\/\/com.rst-steel.eu\/wp-content\/uploads\/2023\/01\/ed9b7e4df724b513800969cc9766aeb03d56bdc2_DA2112_2-scaled.jpg","contentUrl":"https:\/\/com.rst-steel.eu\/wp-content\/uploads\/2023\/01\/ed9b7e4df724b513800969cc9766aeb03d56bdc2_DA2112_2-scaled.jpg","width":2560,"height":1705,"caption":"Kuvassa Roof Bar with side extensions DAF XG+"},{"@type":"BreadcrumbList","@id":"https:\/\/com.rst-steel.eu\/sv\/produkt\/takracke-med-sidoforhojningar-daf-xg_prm_68573\/#breadcrumb","itemListElement":[{"@type":"ListItem","position":1,"name":"Home","item":"https:\/\/com.rst-steel.eu\/"},{"@type":"ListItem","position":2,"name":"RST-Steel Shop","item":"https:\/\/com.rst-steel.eu\/shop\/"},{"@type":"ListItem","position":3,"name":"Roof Bar with side extensions DAF XG+"}]},{"@type":"WebSite","@id":"https:\/\/com.rst-steel.eu\/#website","url":"https:\/\/com.rst-steel.eu\/","name":"RST-Steel.com","description":"Finsk kvalitetsst\u00e5l, for kvalitetsbevisste sj\u00e5f\u00f8rer","publisher":{"@id":"https:\/\/com.rst-steel.eu\/#organization"},"alternateName":"Safe and stylish RST-Steel quality","potentialAction":[{"@type":"SearchAction","target":{"@type":"EntryPoint","urlTemplate":"https:\/\/com.rst-steel.eu\/?s={search_term_string}"},"query-input":{"@type":"PropertyValueSpecification","valueRequired":true,"valueName":"search_term_string"}}],"inLanguage":"nb-NO"},{"@type":"Organization","@id":"https:\/\/com.rst-steel.eu\/#organization","name":"RST-Steel Oy","url":"https:\/\/com.rst-steel.eu\/","logo":{"@type":"ImageObject","inLanguage":"nb-NO","@id":"https:\/\/com.rst-steel.eu\/#\/schema\/logo\/image\/","url":"https:\/\/com.rst-steel.eu\/wp-content\/uploads\/2023\/04\/cropped-Rst-logo-valkoinen-teksti-3.png","contentUrl":"https:\/\/com.rst-steel.eu\/wp-content\/uploads\/2023\/04\/cropped-Rst-logo-valkoinen-teksti-3.png","width":512,"height":115,"caption":"RST-Steel Oy"},"image":{"@id":"https:\/\/com.rst-steel.eu\/#\/schema\/logo\/image\/"},"sameAs":["https:\/\/www.facebook.com\/rststeel","https:\/\/www.instagram.com\/rststeeloy\/"]}]}},"brands":[{"id":8334,"name":"RST-Steel","slug":"brand_rststeel"}],"_links":{"self":[{"href":"https:\/\/com.rst-steel.eu\/nb\/wp-json\/wp\/v2\/product\/36039","targetHints":{"allow":["GET"]}}],"collection":[{"href":"https:\/\/com.rst-steel.eu\/nb\/wp-json\/wp\/v2\/product"}],"about":[{"href":"https:\/\/com.rst-steel.eu\/nb\/wp-json\/wp\/v2\/types\/product"}],"replies":[{"embeddable":true,"href":"https:\/\/com.rst-steel.eu\/nb\/wp-json\/wp\/v2\/comments?post=36039"}],"version-history":[{"count":0,"href":"https:\/\/com.rst-steel.eu\/nb\/wp-json\/wp\/v2\/product\/36039\/revisions"}],"wp:featuredmedia":[{"embeddable":true,"href":"https:\/\/com.rst-steel.eu\/nb\/wp-json\/wp\/v2\/media\/36035"}],"wp:attachment":[{"href":"https:\/\/com.rst-steel.eu\/nb\/wp-json\/wp\/v2\/media?parent=36039"}],"wp:term":[{"taxonomy":"make_fuel_type","embeddable":true,"href":"https:\/\/com.rst-steel.eu\/nb\/wp-json\/wp\/v2\/make_fuel_type?post=36039"},{"taxonomy":"make_model","embeddable":true,"href":"https:\/\/com.rst-steel.eu\/nb\/wp-json\/wp\/v2\/make_model?post=36039"},{"taxonomy":"make_brand","embeddable":true,"href":"https:\/\/com.rst-steel.eu\/nb\/wp-json\/wp\/v2\/make_brand?post=36039"},{"taxonomy":"make_year","embeddable":true,"href":"https:\/\/com.rst-steel.eu\/nb\/wp-json\/wp\/v2\/make_year?post=36039"},{"taxonomy":"pwb-brand","embeddable":true,"href":"https:\/\/com.rst-steel.eu\/nb\/wp-json\/wp\/v2\/pwb-brand?post=36039"},{"taxonomy":"product_brand","embeddable":true,"href":"https:\/\/com.rst-steel.eu\/nb\/wp-json\/wp\/v2\/product_brand?post=36039"},{"taxonomy":"product_cat","embeddable":true,"href":"https:\/\/com.rst-steel.eu\/nb\/wp-json\/wp\/v2\/product_cat?post=36039"},{"taxonomy":"product_tag","embeddable":true,"href":"https:\/\/com.rst-steel.eu\/nb\/wp-json\/wp\/v2\/product_tag?post=36039"}],"curies":[{"name":"wp","href":"https:\/\/api.w.org\/{rel}","templated":true}]}}