{"id":35680,"date":"2023-01-25T10:23:08","date_gmt":"2023-01-25T07:23:08","guid":{"rendered":"https:\/\/rst-steel.fi-c.seravo.com\/shop\/uncategorized\/roofbar-with-side-extensions-volvo-fh4-and-fh-fm-2021-normal-cab_prm_66136\/"},"modified":"2026-03-16T09:21:29","modified_gmt":"2026-03-16T06:21:29","slug":"lisavaloteline-katolle-basic-long-volvo-fh4-normaali_prm_66136","status":"publish","type":"product","link":"https:\/\/com.rst-steel.eu\/nb\/produkt\/lisavaloteline-katolle-basic-long-volvo-fh4-normaali_prm_66136\/","title":{"rendered":"Roof Bar Basic Long Volvo FH4- Normal"},"content":{"rendered":"<div><strong>Roof Bar Basic Long Volvo FH4- Normal<\/strong><\/div>\n<div><\/div>\n<ul>\n<li><\/li>\n<\/ul>\n<div><span style=\"font-weight: bold;\">Trenger du en p\u00e5litelig og stilig l\u00f8sning for montering av ekstralys p\u00e5 lastebilen din?<\/span><\/div>\n<div><span style=\"font-weight: bold;\">\u00a0<\/span><\/div>\n<div><\/div>\n<div>Takb\u00f8yle designet spesielt for \u00e5 m\u00f8te dine behov!<\/div>\n<div><\/div>\n<div>RST-Steel\u2019s roof\u00a0 bars are high-quality products made from stainless steel. The roof bar accentuates the stylish lines of the cab and allows you to install Lazer auxiliary lights for enhanced safety.<\/div>\n<div><\/div>\n<div><span style=\"font-weight: bold;\">Stangen kan utstyres med: 3stk Lazer Triple-R 1000 eller 6stk 9'' Lazer Sentinel<\/span><\/div>\n<div><\/div>\n<div><\/div>\n<div><span style=\"font-weight: bold;\">Egenskaper:<\/span><\/div>\n<ul>\n<li>Kompatibilitet: Spesielt utviklet for Volvo FH4- og FM\/FH 2021-modeller med normalt f\u00f8rerhus og uten luftdeflektor p\u00e5 taket, noe som sikrer rask og enkel montering. <span style=\"font-weight: bold;\">Passer ogs\u00e5 til nye Volvo FH Aero modeller som har solskjerm!<\/span><\/li>\n<li>Materialer: Laget av slitesterkt rustfritt st\u00e5l, som gir lang levetid og utmerket v\u00e6rbestandighet.<\/li>\n<li>Stilig design: Polert eller lakkert finish og elegant design som fremhever lastebilens utseende.<\/li>\n<li>Lysmontering: Takb\u00f8ylen gir enkel montering av flere ekstralys, noe som forbedrer belysningen betydelig.<\/li>\n<li>Sikkerhet: \u00d8ker synligheten i m\u00f8rke og krevende kj\u00f8reforhold, og gir \u00f8kt sikkerhet for b\u00e5de sj\u00e5f\u00f8r og andre trafikanter.<\/li>\n<li><\/li>\n<\/ul>\n<p>&nbsp;<\/p>\n<div><span style=\"font-weight: bold;\">Hvorfor velge RST-Steel?<\/span><\/div>\n<ul>\n<li>Reliability: Years of experience and expertise ensure the high quality and durability of our products.<\/li>\n<li>Customer Satisfaction: Thousands of satisfied customers worldwide trust RST-Steel products.<\/li>\n<li><\/li>\n<\/ul>\n<div><\/div>\n<div><\/div>\n<div><span style=\"font-weight: bold;\">Teknisk informasjon:<\/span><\/div>\n<ul>\n<li>Farge: Speilpolert rustfritt st\u00e5l eller pulverlakkert med RAL-farger<\/li>\n<li>R\u00f8rdiameter: 60 mm<\/li>\n<li>Sveiset skinne for lampebeslag<\/li>\n<li><\/li>\n<\/ul>\n<div><\/div>\n<div><span style=\"font-weight: bold;\">Innhold i leveransen:<\/span><\/div>\n<ul>\n<li>Takbjelke<\/li>\n<li>Festemidler som kreves for installasjon<\/li>\n<li>Installasjonsinstruksjoner<\/li>\n<\/ul>\n<p>&nbsp;<\/p>\n<p><span style=\"font-weight: bold;\">Kj\u00f8p n\u00e5 og \u00f8k b\u00e5de synlighet og sikkerhet med en takb\u00f8yle av h\u00f8y kvalitet!<\/span><\/p>","protected":false},"excerpt":{"rendered":"<p>Flere modellalternativer tilgjengelig!<\/p>","protected":false},"featured_media":37193,"comment_status":"open","ping_status":"closed","template":"","meta":{"_improvement_type_select":"improve_an_existing","_thumb_yes_seoaic":false,"_frame_yes_seoaic":false,"seoaic_generate_description":"","seoaic_improve_instructions_prompt":"","seoaic_rollback_content_improvement":"","seoaic_idea_thumbnail_generator":"","thumbnail_generated":false,"thumbnail_generate_prompt":"","seoaic_article_description":""},"make_fuel_type":[],"make_model":[5637,3743,5295,5294],"make_brand":[3745],"make_year":[3748],"pwb-brand":[8334],"product_brand":[],"product_cat":[6057,6058,7170,7166],"product_tag":[8499,7549,8480],"class_list":{"0":"post-35680","1":"product","2":"type-product","3":"status-publish","4":"has-post-thumbnail","6":"make_engine-normal-cab","7":"make_model-fh-2021","8":"make_model-fh4","9":"make_model-volvo-fm-2021","10":"make_model-volvo-fm4","11":"make_brand-volvo","12":"make_year-trucks","13":"pwb-brand-brand_rststeel","14":"product_cat-lightbars","15":"product_cat-roofbars-for-trucks","16":"product_cat-man-ka-lt","17":"product_cat-volvo-ka-lt","18":"product_tag-man","19":"product_tag-takbage","20":"product_tag-volvo-roof-bar","21":"product_shipping_class-lightbars","23":"first","24":"instock","25":"taxable","26":"shipping-taxable","27":"purchasable","28":"product-type-variable"},"yoast_head":"<!-- This site is optimized with the Yoast SEO plugin v25.7 - https:\/\/yoast.com\/wordpress\/plugins\/seo\/ -->\n<title>Roof Bar Basic Long Volvo FH4- Normal RST-Steel<\/title>\n<meta name=\"description\" content=\"Roof Bar With Side Extensions Volvo FH4 \/ FH\/FM 2021- models. Several model options available! Check out the product in our online store!\" \/>\n<meta name=\"robots\" content=\"index, follow, max-snippet:-1, max-image-preview:large, max-video-preview:-1\" \/>\n<link rel=\"canonical\" href=\"https:\/\/com.rst-steel.eu\/nb\/produkt\/lisavaloteline-katolle-basic-long-volvo-fh4-normaali_prm_66136\/\" \/>\n<meta property=\"og:locale\" content=\"nb_NO\" \/>\n<meta property=\"og:type\" content=\"article\" \/>\n<meta property=\"og:title\" content=\"Roof Bar Basic Long Volvo FH4- Normal RST-Steel\" \/>\n<meta property=\"og:description\" content=\"Roof Bar With Side Extensions Volvo FH4 \/ FH\/FM 2021- models. Several model options available! Check out the product in our online store!\" \/>\n<meta property=\"og:url\" content=\"https:\/\/com.rst-steel.eu\/nb\/produkt\/lisavaloteline-katolle-basic-long-volvo-fh4-normaali_prm_66136\/\" \/>\n<meta property=\"og:site_name\" content=\"RST-Steel\" \/>\n<meta property=\"article:publisher\" content=\"https:\/\/www.facebook.com\/rststeel\" \/>\n<meta property=\"article:modified_time\" content=\"2026-03-16T06:21:29+00:00\" \/>\n<meta property=\"og:image\" content=\"https:\/\/com.rst-steel.eu\/wp-content\/uploads\/2023\/03\/87e1531cd5715ec1f329ab543b8f5091283ab107_VO2122A.jpg\" \/>\n\t<meta property=\"og:image:width\" content=\"2048\" \/>\n\t<meta property=\"og:image:height\" content=\"1024\" \/>\n\t<meta property=\"og:image:type\" content=\"image\/jpeg\" \/>\n<meta name=\"twitter:card\" content=\"summary_large_image\" \/>\n<meta name=\"twitter:label1\" content=\"Ansl. lesetid\" \/>\n\t<meta name=\"twitter:data1\" content=\"2 minutter\" \/>\n<script type=\"application\/ld+json\" class=\"yoast-schema-graph\">{\"@context\":\"https:\/\/schema.org\",\"@graph\":[{\"@type\":\"WebPage\",\"@id\":\"https:\/\/com.rst-steel.eu\/sv\/produkt\/lisavaloteline-katolle-basic-long-volvo-fh4-normaali_prm_66136\/\",\"url\":\"https:\/\/com.rst-steel.eu\/sv\/produkt\/lisavaloteline-katolle-basic-long-volvo-fh4-normaali_prm_66136\/\",\"name\":\"Roof Bar Basic Long Volvo FH4- Normal RST-Steel\",\"isPartOf\":{\"@id\":\"https:\/\/com.rst-steel.eu\/#website\"},\"primaryImageOfPage\":{\"@id\":\"https:\/\/com.rst-steel.eu\/sv\/produkt\/lisavaloteline-katolle-basic-long-volvo-fh4-normaali_prm_66136\/#primaryimage\"},\"image\":{\"@id\":\"https:\/\/com.rst-steel.eu\/sv\/produkt\/lisavaloteline-katolle-basic-long-volvo-fh4-normaali_prm_66136\/#primaryimage\"},\"thumbnailUrl\":\"https:\/\/com.rst-steel.eu\/wp-content\/uploads\/2023\/03\/87e1531cd5715ec1f329ab543b8f5091283ab107_VO2122A.jpg\",\"datePublished\":\"2023-01-25T07:23:08+00:00\",\"dateModified\":\"2026-03-16T06:21:29+00:00\",\"description\":\"Roof Bar With Side Extensions Volvo FH4 \/ FH\/FM 2021- models. Several model options available! Check out the product in our online store!\",\"breadcrumb\":{\"@id\":\"https:\/\/com.rst-steel.eu\/sv\/produkt\/lisavaloteline-katolle-basic-long-volvo-fh4-normaali_prm_66136\/#breadcrumb\"},\"inLanguage\":\"nb-NO\",\"potentialAction\":[{\"@type\":\"ReadAction\",\"target\":[\"https:\/\/com.rst-steel.eu\/sv\/produkt\/lisavaloteline-katolle-basic-long-volvo-fh4-normaali_prm_66136\/\"]}]},{\"@type\":\"ImageObject\",\"inLanguage\":\"nb-NO\",\"@id\":\"https:\/\/com.rst-steel.eu\/sv\/produkt\/lisavaloteline-katolle-basic-long-volvo-fh4-normaali_prm_66136\/#primaryimage\",\"url\":\"https:\/\/com.rst-steel.eu\/wp-content\/uploads\/2023\/03\/87e1531cd5715ec1f329ab543b8f5091283ab107_VO2122A.jpg\",\"contentUrl\":\"https:\/\/com.rst-steel.eu\/wp-content\/uploads\/2023\/03\/87e1531cd5715ec1f329ab543b8f5091283ab107_VO2122A.jpg\",\"width\":2048,\"height\":1024,\"caption\":\"Roof Bar Basic Long Volvo FH4- Normal\"},{\"@type\":\"BreadcrumbList\",\"@id\":\"https:\/\/com.rst-steel.eu\/sv\/produkt\/lisavaloteline-katolle-basic-long-volvo-fh4-normaali_prm_66136\/#breadcrumb\",\"itemListElement\":[{\"@type\":\"ListItem\",\"position\":1,\"name\":\"Home\",\"item\":\"https:\/\/com.rst-steel.eu\/\"},{\"@type\":\"ListItem\",\"position\":2,\"name\":\"RST-Steel Shop\",\"item\":\"https:\/\/com.rst-steel.eu\/shop\/\"},{\"@type\":\"ListItem\",\"position\":3,\"name\":\"Roof Bar Basic Long Volvo FH4- Normal\"}]},{\"@type\":\"WebSite\",\"@id\":\"https:\/\/com.rst-steel.eu\/#website\",\"url\":\"https:\/\/com.rst-steel.eu\/\",\"name\":\"RST-Steel.com\",\"description\":\"Finnish quality steel, for quality-conscious drivers\",\"publisher\":{\"@id\":\"https:\/\/com.rst-steel.eu\/#organization\"},\"alternateName\":\"Safe and stylish RST-Steel quality\",\"potentialAction\":[{\"@type\":\"SearchAction\",\"target\":{\"@type\":\"EntryPoint\",\"urlTemplate\":\"https:\/\/com.rst-steel.eu\/?s={search_term_string}\"},\"query-input\":{\"@type\":\"PropertyValueSpecification\",\"valueRequired\":true,\"valueName\":\"search_term_string\"}}],\"inLanguage\":\"nb-NO\"},{\"@type\":\"Organization\",\"@id\":\"https:\/\/com.rst-steel.eu\/#organization\",\"name\":\"RST-Steel Oy\",\"url\":\"https:\/\/com.rst-steel.eu\/\",\"logo\":{\"@type\":\"ImageObject\",\"inLanguage\":\"nb-NO\",\"@id\":\"https:\/\/com.rst-steel.eu\/#\/schema\/logo\/image\/\",\"url\":\"https:\/\/com.rst-steel.eu\/wp-content\/uploads\/2023\/04\/cropped-Rst-logo-valkoinen-teksti-3.png\",\"contentUrl\":\"https:\/\/com.rst-steel.eu\/wp-content\/uploads\/2023\/04\/cropped-Rst-logo-valkoinen-teksti-3.png\",\"width\":512,\"height\":115,\"caption\":\"RST-Steel Oy\"},\"image\":{\"@id\":\"https:\/\/com.rst-steel.eu\/#\/schema\/logo\/image\/\"},\"sameAs\":[\"https:\/\/www.facebook.com\/rststeel\",\"https:\/\/www.instagram.com\/rststeeloy\/\"]}]}<\/script>\n<!-- \/ Yoast SEO plugin. -->","yoast_head_json":{"title":"Roof Bar Basic Long Volvo FH4- Normal RST-Steel","description":"Takbjelke med sideforlengelser Volvo FH4 \/ FH\/FM 2021- modeller. Flere modellalternativer tilgjengelig! Sjekk ut produktet i v\u00e5r nettbutikk!","robots":{"index":"index","follow":"follow","max-snippet":"max-snippet:-1","max-image-preview":"max-image-preview:large","max-video-preview":"max-video-preview:-1"},"canonical":"https:\/\/com.rst-steel.eu\/nb\/produkt\/lisavaloteline-katolle-basic-long-volvo-fh4-normaali_prm_66136\/","og_locale":"nb_NO","og_type":"article","og_title":"Roof Bar Basic Long Volvo FH4- Normal RST-Steel","og_description":"Roof Bar With Side Extensions Volvo FH4 \/ FH\/FM 2021- models. Several model options available! Check out the product in our online store!","og_url":"https:\/\/com.rst-steel.eu\/nb\/produkt\/lisavaloteline-katolle-basic-long-volvo-fh4-normaali_prm_66136\/","og_site_name":"RST-Steel","article_publisher":"https:\/\/www.facebook.com\/rststeel","article_modified_time":"2026-03-16T06:21:29+00:00","og_image":[{"width":2048,"height":1024,"url":"https:\/\/com.rst-steel.eu\/wp-content\/uploads\/2023\/03\/87e1531cd5715ec1f329ab543b8f5091283ab107_VO2122A.jpg","type":"image\/jpeg"}],"twitter_card":"summary_large_image","twitter_misc":{"Ansl. lesetid":"2 minutter"},"schema":{"@context":"https:\/\/schema.org","@graph":[{"@type":"WebPage","@id":"https:\/\/com.rst-steel.eu\/sv\/produkt\/lisavaloteline-katolle-basic-long-volvo-fh4-normaali_prm_66136\/","url":"https:\/\/com.rst-steel.eu\/sv\/produkt\/lisavaloteline-katolle-basic-long-volvo-fh4-normaali_prm_66136\/","name":"Roof Bar Basic Long Volvo FH4- Normal RST-Steel","isPartOf":{"@id":"https:\/\/com.rst-steel.eu\/#website"},"primaryImageOfPage":{"@id":"https:\/\/com.rst-steel.eu\/sv\/produkt\/lisavaloteline-katolle-basic-long-volvo-fh4-normaali_prm_66136\/#primaryimage"},"image":{"@id":"https:\/\/com.rst-steel.eu\/sv\/produkt\/lisavaloteline-katolle-basic-long-volvo-fh4-normaali_prm_66136\/#primaryimage"},"thumbnailUrl":"https:\/\/com.rst-steel.eu\/wp-content\/uploads\/2023\/03\/87e1531cd5715ec1f329ab543b8f5091283ab107_VO2122A.jpg","datePublished":"2023-01-25T07:23:08+00:00","dateModified":"2026-03-16T06:21:29+00:00","description":"Takbjelke med sideforlengelser Volvo FH4 \/ FH\/FM 2021- modeller. Flere modellalternativer tilgjengelig! Sjekk ut produktet i v\u00e5r nettbutikk!","breadcrumb":{"@id":"https:\/\/com.rst-steel.eu\/sv\/produkt\/lisavaloteline-katolle-basic-long-volvo-fh4-normaali_prm_66136\/#breadcrumb"},"inLanguage":"nb-NO","potentialAction":[{"@type":"ReadAction","target":["https:\/\/com.rst-steel.eu\/sv\/produkt\/lisavaloteline-katolle-basic-long-volvo-fh4-normaali_prm_66136\/"]}]},{"@type":"ImageObject","inLanguage":"nb-NO","@id":"https:\/\/com.rst-steel.eu\/sv\/produkt\/lisavaloteline-katolle-basic-long-volvo-fh4-normaali_prm_66136\/#primaryimage","url":"https:\/\/com.rst-steel.eu\/wp-content\/uploads\/2023\/03\/87e1531cd5715ec1f329ab543b8f5091283ab107_VO2122A.jpg","contentUrl":"https:\/\/com.rst-steel.eu\/wp-content\/uploads\/2023\/03\/87e1531cd5715ec1f329ab543b8f5091283ab107_VO2122A.jpg","width":2048,"height":1024,"caption":"Roof Bar Basic Long Volvo FH4- Normal"},{"@type":"BreadcrumbList","@id":"https:\/\/com.rst-steel.eu\/sv\/produkt\/lisavaloteline-katolle-basic-long-volvo-fh4-normaali_prm_66136\/#breadcrumb","itemListElement":[{"@type":"ListItem","position":1,"name":"Home","item":"https:\/\/com.rst-steel.eu\/"},{"@type":"ListItem","position":2,"name":"RST-Steel Shop","item":"https:\/\/com.rst-steel.eu\/shop\/"},{"@type":"ListItem","position":3,"name":"Roof Bar Basic Long Volvo FH4- Normal"}]},{"@type":"WebSite","@id":"https:\/\/com.rst-steel.eu\/#website","url":"https:\/\/com.rst-steel.eu\/","name":"RST-Steel.com","description":"Finsk kvalitetsst\u00e5l, for kvalitetsbevisste sj\u00e5f\u00f8rer","publisher":{"@id":"https:\/\/com.rst-steel.eu\/#organization"},"alternateName":"Safe and stylish RST-Steel quality","potentialAction":[{"@type":"SearchAction","target":{"@type":"EntryPoint","urlTemplate":"https:\/\/com.rst-steel.eu\/?s={search_term_string}"},"query-input":{"@type":"PropertyValueSpecification","valueRequired":true,"valueName":"search_term_string"}}],"inLanguage":"nb-NO"},{"@type":"Organization","@id":"https:\/\/com.rst-steel.eu\/#organization","name":"RST-Steel Oy","url":"https:\/\/com.rst-steel.eu\/","logo":{"@type":"ImageObject","inLanguage":"nb-NO","@id":"https:\/\/com.rst-steel.eu\/#\/schema\/logo\/image\/","url":"https:\/\/com.rst-steel.eu\/wp-content\/uploads\/2023\/04\/cropped-Rst-logo-valkoinen-teksti-3.png","contentUrl":"https:\/\/com.rst-steel.eu\/wp-content\/uploads\/2023\/04\/cropped-Rst-logo-valkoinen-teksti-3.png","width":512,"height":115,"caption":"RST-Steel Oy"},"image":{"@id":"https:\/\/com.rst-steel.eu\/#\/schema\/logo\/image\/"},"sameAs":["https:\/\/www.facebook.com\/rststeel","https:\/\/www.instagram.com\/rststeeloy\/"]}]}},"brands":[{"id":8334,"name":"RST-Steel","slug":"brand_rststeel"}],"_links":{"self":[{"href":"https:\/\/com.rst-steel.eu\/nb\/wp-json\/wp\/v2\/product\/35680","targetHints":{"allow":["GET"]}}],"collection":[{"href":"https:\/\/com.rst-steel.eu\/nb\/wp-json\/wp\/v2\/product"}],"about":[{"href":"https:\/\/com.rst-steel.eu\/nb\/wp-json\/wp\/v2\/types\/product"}],"replies":[{"embeddable":true,"href":"https:\/\/com.rst-steel.eu\/nb\/wp-json\/wp\/v2\/comments?post=35680"}],"version-history":[{"count":0,"href":"https:\/\/com.rst-steel.eu\/nb\/wp-json\/wp\/v2\/product\/35680\/revisions"}],"wp:featuredmedia":[{"embeddable":true,"href":"https:\/\/com.rst-steel.eu\/nb\/wp-json\/wp\/v2\/media\/37193"}],"wp:attachment":[{"href":"https:\/\/com.rst-steel.eu\/nb\/wp-json\/wp\/v2\/media?parent=35680"}],"wp:term":[{"taxonomy":"make_fuel_type","embeddable":true,"href":"https:\/\/com.rst-steel.eu\/nb\/wp-json\/wp\/v2\/make_fuel_type?post=35680"},{"taxonomy":"make_model","embeddable":true,"href":"https:\/\/com.rst-steel.eu\/nb\/wp-json\/wp\/v2\/make_model?post=35680"},{"taxonomy":"make_brand","embeddable":true,"href":"https:\/\/com.rst-steel.eu\/nb\/wp-json\/wp\/v2\/make_brand?post=35680"},{"taxonomy":"make_year","embeddable":true,"href":"https:\/\/com.rst-steel.eu\/nb\/wp-json\/wp\/v2\/make_year?post=35680"},{"taxonomy":"pwb-brand","embeddable":true,"href":"https:\/\/com.rst-steel.eu\/nb\/wp-json\/wp\/v2\/pwb-brand?post=35680"},{"taxonomy":"product_brand","embeddable":true,"href":"https:\/\/com.rst-steel.eu\/nb\/wp-json\/wp\/v2\/product_brand?post=35680"},{"taxonomy":"product_cat","embeddable":true,"href":"https:\/\/com.rst-steel.eu\/nb\/wp-json\/wp\/v2\/product_cat?post=35680"},{"taxonomy":"product_tag","embeddable":true,"href":"https:\/\/com.rst-steel.eu\/nb\/wp-json\/wp\/v2\/product_tag?post=35680"}],"curies":[{"name":"wp","href":"https:\/\/api.w.org\/{rel}","templated":true}]}}