{"id":34735,"date":"2023-01-25T10:02:51","date_gmt":"2023-01-25T07:02:51","guid":{"rendered":"https:\/\/rst-steel.fi-c.seravo.com\/shop\/uncategorized\/roofbar-volvo-fh4-globetrotter-globetrotter-xl_prm_10131\/"},"modified":"2026-03-16T09:20:24","modified_gmt":"2026-03-16T06:20:24","slug":"lisavaloteline-katolle-basic-v15-volvo-fh4-globe-xl_prm_10131","status":"publish","type":"product","link":"https:\/\/com.rst-steel.eu\/nb\/produkt\/lisavaloteline-katolle-basic-v15-volvo-fh4-globe-xl_prm_10131\/","title":{"rendered":"Roof Bar Basic V15 Volvo FH4- Globe\/XL"},"content":{"rendered":"<p><strong>Roof Bar Basic V15 Volvo FH4- Globe\/XL<\/strong><\/p>\n<ul>\n<li><\/li>\n<\/ul>\n<p>&nbsp;<\/p>\n<p><span style=\"font-weight: bold;\">Egenskaper:<\/span><\/p>\n<ul>\n<li><span style=\"font-weight: bold;\">Kompatibilitet<\/span>: Designed for\u00a0Volvo FH4, FH new \/ FM new and FH Aero -models with Globetrotter and Globetrotter XL cab, ensuring quick and effortless installation.<\/li>\n<li><span style=\"font-weight: bold;\">Materials<\/span>: Made from durable stainless steel, guaranteeing long service life and excellent weather resistance.<\/li>\n<li><span style=\"font-weight: bold;\">Stylish Design<\/span>: Polished or painted finish and elegant design enhance the appearance of your truck.<\/li>\n<li><span style=\"font-weight: bold;\">Light Installation<\/span>:\u00a0Thanks to the welded auxiliary light brackets, you can easily mount several additional lights onto the roof bar.<\/li>\n<li><span style=\"font-weight: bold;\">Safety<\/span>: Enhances visibility in dark and challenging driving conditions, increasing safety for both the driver and other road users.<\/li>\n<li><\/li>\n<\/ul>\n<p>&nbsp;<\/p>\n<p><span style=\"font-weight: bold;\">RST-Steel&#8217;s roof bars<\/span>\u00a0are high-quality products made in\u00a0<span style=\"font-weight: bold;\">Finland\u00a0<\/span>av rustfritt st\u00e5l<\/p>\n<p>Designed to complement the stylish lines of your truck, the roof bar not only enhances its appearance but also adds practicality and safety. It can be equipped with auxiliary lights and position lights, ensuring maximum visibility on the road and improved safety for both you and other road users.<\/p>\n<p>&nbsp;<\/p>\n<p><span style=\"font-weight: bold;\">Compatible with 3pcs 40cm auxiliary light panel or 6pcs 9\u2019\u2019 round lamps.<\/span><\/p>\n<ul>\n<li><\/li>\n<\/ul>\n<p>&nbsp;<\/p>\n<p><span style=\"font-weight: bold;\">Hvorfor velge RST-Steel?<\/span><\/p>\n<ul>\n<li><span style=\"font-weight: bold;\">Laget i Finland<\/span>: All our products are manufactured in our own production facility in Nivala, Finland.<\/li>\n<li><span style=\"font-weight: bold;\">P\u00e5litelighet<\/span>: Mange \u00e5rs erfaring og ekspertise for h\u00f8y kvalitet og holdbarhet hos v\u00e5re produkter.<\/li>\n<li><span style=\"font-weight: bold;\">Kundetilfredshet:<\/span>\u00a0Tusenvis av forn\u00f8yde kunder over hele verden stoler p\u00e5 RST-Steel-produkter.<\/li>\n<li><\/li>\n<\/ul>\n<p>&nbsp;<\/p>\n<p><span style=\"font-weight: bold;\">Teknisk informasjon:<\/span><\/p>\n<ul>\n<li>Farge: Polert rustfritt st\u00e5l eller pulverlakkert med RAL-farger<\/li>\n<li>R\u00f8rdiameter: 76 mm<\/li>\n<li>Welded lamp bracket rail<\/li>\n<li><\/li>\n<\/ul>\n<p>&nbsp;<\/p>\n<p><span style=\"font-weight: bold;\">Innhold i leveransen:<\/span><\/p>\n<ul>\n<li>Takb\u00f8yle<\/li>\n<li>Festemidler som kreves for installasjon<\/li>\n<li>Installasjonsinstruksjoner<\/li>\n<\/ul>","protected":false},"excerpt":{"rendered":"<div><span style=\"font-weight: bold;\">For Volvo trucks with the Globetrotter \/ Globetrotter XL cab!<\/span><\/div>","protected":false},"featured_media":45603,"comment_status":"open","ping_status":"closed","template":"","meta":{"_improvement_type_select":"improve_an_existing","_thumb_yes_seoaic":false,"_frame_yes_seoaic":false,"seoaic_generate_description":"","seoaic_improve_instructions_prompt":"","seoaic_rollback_content_improvement":"","seoaic_idea_thumbnail_generator":"","thumbnail_generated":false,"thumbnail_generate_prompt":"","seoaic_article_description":""},"make_fuel_type":[],"make_model":[5637,6966,3743,5295],"make_brand":[3745],"make_year":[3748],"pwb-brand":[8334],"product_brand":[],"product_cat":[6057,6058,7166],"product_tag":[7549,8480],"class_list":{"0":"post-34735","1":"product","2":"type-product","3":"status-publish","4":"has-post-thumbnail","6":"make_engine-globetrotter","7":"make_engine-globetrotter-xl-cab","8":"make_model-fh-2021","9":"make_model-fh-aero","10":"make_model-fh4","11":"make_model-volvo-fm-2021","12":"make_brand-volvo","13":"make_year-trucks","14":"pwb-brand-brand_rststeel","15":"product_cat-lightbars","16":"product_cat-roofbars-for-trucks","17":"product_cat-volvo-ka-lt","18":"product_tag-takbage","19":"product_tag-volvo-roof-bar","20":"product_shipping_class-lightbars","22":"first","23":"instock","24":"taxable","25":"shipping-taxable","26":"purchasable","27":"product-type-variable"},"yoast_head":"<!-- This site is optimized with the Yoast SEO plugin v25.7 - https:\/\/yoast.com\/wordpress\/plugins\/seo\/ -->\n<title>Roof Bar Basic V15 Volvo FH4- Globe\/XL - RST-Steel<\/title>\n<meta name=\"description\" content=\"Stainless steel roof bar for Volvo FH4 Globetrotter\/Globetrotter XL. Enhance your truck with this durable RST-Steel accessory.\" \/>\n<meta name=\"robots\" content=\"index, follow, max-snippet:-1, max-image-preview:large, max-video-preview:-1\" \/>\n<link rel=\"canonical\" href=\"https:\/\/com.rst-steel.eu\/nb\/produkt\/lisavaloteline-katolle-basic-v15-volvo-fh4-globe-xl_prm_10131\/\" \/>\n<meta property=\"og:locale\" content=\"nb_NO\" \/>\n<meta property=\"og:type\" content=\"article\" \/>\n<meta property=\"og:title\" content=\"Roof Bar Basic V15 Volvo FH4- Globe\/XL - RST-Steel\" \/>\n<meta property=\"og:description\" content=\"Stainless steel roof bar for Volvo FH4 Globetrotter\/Globetrotter XL. Enhance your truck with this durable RST-Steel accessory.\" \/>\n<meta property=\"og:url\" content=\"https:\/\/com.rst-steel.eu\/nb\/produkt\/lisavaloteline-katolle-basic-v15-volvo-fh4-globe-xl_prm_10131\/\" \/>\n<meta property=\"og:site_name\" content=\"RST-Steel\" \/>\n<meta property=\"article:publisher\" content=\"https:\/\/www.facebook.com\/rststeel\" \/>\n<meta property=\"article:modified_time\" content=\"2026-03-16T06:20:24+00:00\" \/>\n<meta property=\"og:image\" content=\"https:\/\/com.rst-steel.eu\/wp-content\/uploads\/2024\/08\/ae82c7611aab5b101860462fdcfac728d8d598e1_VO2115C_Tuotekuva-scaled.jpg\" \/>\n\t<meta property=\"og:image:width\" content=\"2560\" \/>\n\t<meta property=\"og:image:height\" content=\"1707\" \/>\n\t<meta property=\"og:image:type\" content=\"image\/jpeg\" \/>\n<meta name=\"twitter:card\" content=\"summary_large_image\" \/>\n<meta name=\"twitter:label1\" content=\"Ansl. lesetid\" \/>\n\t<meta name=\"twitter:data1\" content=\"2 minutter\" \/>\n<script type=\"application\/ld+json\" class=\"yoast-schema-graph\">{\"@context\":\"https:\/\/schema.org\",\"@graph\":[{\"@type\":\"WebPage\",\"@id\":\"https:\/\/com.rst-steel.eu\/sv\/produkt\/lisavaloteline-katolle-basic-v15-volvo-fh4-globe-xl_prm_10131\/\",\"url\":\"https:\/\/com.rst-steel.eu\/sv\/produkt\/lisavaloteline-katolle-basic-v15-volvo-fh4-globe-xl_prm_10131\/\",\"name\":\"Roof Bar Basic V15 Volvo FH4- Globe\/XL - RST-Steel\",\"isPartOf\":{\"@id\":\"https:\/\/com.rst-steel.eu\/#website\"},\"primaryImageOfPage\":{\"@id\":\"https:\/\/com.rst-steel.eu\/sv\/produkt\/lisavaloteline-katolle-basic-v15-volvo-fh4-globe-xl_prm_10131\/#primaryimage\"},\"image\":{\"@id\":\"https:\/\/com.rst-steel.eu\/sv\/produkt\/lisavaloteline-katolle-basic-v15-volvo-fh4-globe-xl_prm_10131\/#primaryimage\"},\"thumbnailUrl\":\"https:\/\/com.rst-steel.eu\/wp-content\/uploads\/2024\/08\/ae82c7611aab5b101860462fdcfac728d8d598e1_VO2115C_Tuotekuva-scaled.jpg\",\"datePublished\":\"2023-01-25T07:02:51+00:00\",\"dateModified\":\"2026-03-16T06:20:24+00:00\",\"description\":\"Stainless steel roof bar for Volvo FH4 Globetrotter\/Globetrotter XL. Enhance your truck with this durable RST-Steel accessory.\",\"breadcrumb\":{\"@id\":\"https:\/\/com.rst-steel.eu\/sv\/produkt\/lisavaloteline-katolle-basic-v15-volvo-fh4-globe-xl_prm_10131\/#breadcrumb\"},\"inLanguage\":\"nb-NO\",\"potentialAction\":[{\"@type\":\"ReadAction\",\"target\":[\"https:\/\/com.rst-steel.eu\/sv\/produkt\/lisavaloteline-katolle-basic-v15-volvo-fh4-globe-xl_prm_10131\/\"]}]},{\"@type\":\"ImageObject\",\"inLanguage\":\"nb-NO\",\"@id\":\"https:\/\/com.rst-steel.eu\/sv\/produkt\/lisavaloteline-katolle-basic-v15-volvo-fh4-globe-xl_prm_10131\/#primaryimage\",\"url\":\"https:\/\/com.rst-steel.eu\/wp-content\/uploads\/2024\/08\/ae82c7611aab5b101860462fdcfac728d8d598e1_VO2115C_Tuotekuva-scaled.jpg\",\"contentUrl\":\"https:\/\/com.rst-steel.eu\/wp-content\/uploads\/2024\/08\/ae82c7611aab5b101860462fdcfac728d8d598e1_VO2115C_Tuotekuva-scaled.jpg\",\"width\":2560,\"height\":1707,\"caption\":\"Roof Bar Basic V15 Volvo FH4- Globe\/XL\"},{\"@type\":\"BreadcrumbList\",\"@id\":\"https:\/\/com.rst-steel.eu\/sv\/produkt\/lisavaloteline-katolle-basic-v15-volvo-fh4-globe-xl_prm_10131\/#breadcrumb\",\"itemListElement\":[{\"@type\":\"ListItem\",\"position\":1,\"name\":\"Home\",\"item\":\"https:\/\/com.rst-steel.eu\/\"},{\"@type\":\"ListItem\",\"position\":2,\"name\":\"RST-Steel Shop\",\"item\":\"https:\/\/com.rst-steel.eu\/shop\/\"},{\"@type\":\"ListItem\",\"position\":3,\"name\":\"Roof Bar Basic V15 Volvo FH4- Globe\/XL\"}]},{\"@type\":\"WebSite\",\"@id\":\"https:\/\/com.rst-steel.eu\/#website\",\"url\":\"https:\/\/com.rst-steel.eu\/\",\"name\":\"RST-Steel.com\",\"description\":\"Finnish quality steel, for quality-conscious drivers\",\"publisher\":{\"@id\":\"https:\/\/com.rst-steel.eu\/#organization\"},\"alternateName\":\"Safe and stylish RST-Steel quality\",\"potentialAction\":[{\"@type\":\"SearchAction\",\"target\":{\"@type\":\"EntryPoint\",\"urlTemplate\":\"https:\/\/com.rst-steel.eu\/?s={search_term_string}\"},\"query-input\":{\"@type\":\"PropertyValueSpecification\",\"valueRequired\":true,\"valueName\":\"search_term_string\"}}],\"inLanguage\":\"nb-NO\"},{\"@type\":\"Organization\",\"@id\":\"https:\/\/com.rst-steel.eu\/#organization\",\"name\":\"RST-Steel Oy\",\"url\":\"https:\/\/com.rst-steel.eu\/\",\"logo\":{\"@type\":\"ImageObject\",\"inLanguage\":\"nb-NO\",\"@id\":\"https:\/\/com.rst-steel.eu\/#\/schema\/logo\/image\/\",\"url\":\"https:\/\/com.rst-steel.eu\/wp-content\/uploads\/2023\/04\/cropped-Rst-logo-valkoinen-teksti-3.png\",\"contentUrl\":\"https:\/\/com.rst-steel.eu\/wp-content\/uploads\/2023\/04\/cropped-Rst-logo-valkoinen-teksti-3.png\",\"width\":512,\"height\":115,\"caption\":\"RST-Steel Oy\"},\"image\":{\"@id\":\"https:\/\/com.rst-steel.eu\/#\/schema\/logo\/image\/\"},\"sameAs\":[\"https:\/\/www.facebook.com\/rststeel\",\"https:\/\/www.instagram.com\/rststeeloy\/\"]}]}<\/script>\n<!-- \/ Yoast SEO plugin. -->","yoast_head_json":{"title":"Roof Bar Basic V15 Volvo FH4- Globe\/XL - RST-Steel","description":"Stainless steel roof bar for Volvo FH4 Globetrotter\/Globetrotter XL. Enhance your truck with this durable RST-Steel accessory.","robots":{"index":"index","follow":"follow","max-snippet":"max-snippet:-1","max-image-preview":"max-image-preview:large","max-video-preview":"max-video-preview:-1"},"canonical":"https:\/\/com.rst-steel.eu\/nb\/produkt\/lisavaloteline-katolle-basic-v15-volvo-fh4-globe-xl_prm_10131\/","og_locale":"nb_NO","og_type":"article","og_title":"Roof Bar Basic V15 Volvo FH4- Globe\/XL - RST-Steel","og_description":"Stainless steel roof bar for Volvo FH4 Globetrotter\/Globetrotter XL. Enhance your truck with this durable RST-Steel accessory.","og_url":"https:\/\/com.rst-steel.eu\/nb\/produkt\/lisavaloteline-katolle-basic-v15-volvo-fh4-globe-xl_prm_10131\/","og_site_name":"RST-Steel","article_publisher":"https:\/\/www.facebook.com\/rststeel","article_modified_time":"2026-03-16T06:20:24+00:00","og_image":[{"width":2560,"height":1707,"url":"https:\/\/com.rst-steel.eu\/wp-content\/uploads\/2024\/08\/ae82c7611aab5b101860462fdcfac728d8d598e1_VO2115C_Tuotekuva-scaled.jpg","type":"image\/jpeg"}],"twitter_card":"summary_large_image","twitter_misc":{"Ansl. lesetid":"2 minutter"},"schema":{"@context":"https:\/\/schema.org","@graph":[{"@type":"WebPage","@id":"https:\/\/com.rst-steel.eu\/sv\/produkt\/lisavaloteline-katolle-basic-v15-volvo-fh4-globe-xl_prm_10131\/","url":"https:\/\/com.rst-steel.eu\/sv\/produkt\/lisavaloteline-katolle-basic-v15-volvo-fh4-globe-xl_prm_10131\/","name":"Roof Bar Basic V15 Volvo FH4- Globe\/XL - RST-Steel","isPartOf":{"@id":"https:\/\/com.rst-steel.eu\/#website"},"primaryImageOfPage":{"@id":"https:\/\/com.rst-steel.eu\/sv\/produkt\/lisavaloteline-katolle-basic-v15-volvo-fh4-globe-xl_prm_10131\/#primaryimage"},"image":{"@id":"https:\/\/com.rst-steel.eu\/sv\/produkt\/lisavaloteline-katolle-basic-v15-volvo-fh4-globe-xl_prm_10131\/#primaryimage"},"thumbnailUrl":"https:\/\/com.rst-steel.eu\/wp-content\/uploads\/2024\/08\/ae82c7611aab5b101860462fdcfac728d8d598e1_VO2115C_Tuotekuva-scaled.jpg","datePublished":"2023-01-25T07:02:51+00:00","dateModified":"2026-03-16T06:20:24+00:00","description":"Stainless steel roof bar for Volvo FH4 Globetrotter\/Globetrotter XL. Enhance your truck with this durable RST-Steel accessory.","breadcrumb":{"@id":"https:\/\/com.rst-steel.eu\/sv\/produkt\/lisavaloteline-katolle-basic-v15-volvo-fh4-globe-xl_prm_10131\/#breadcrumb"},"inLanguage":"nb-NO","potentialAction":[{"@type":"ReadAction","target":["https:\/\/com.rst-steel.eu\/sv\/produkt\/lisavaloteline-katolle-basic-v15-volvo-fh4-globe-xl_prm_10131\/"]}]},{"@type":"ImageObject","inLanguage":"nb-NO","@id":"https:\/\/com.rst-steel.eu\/sv\/produkt\/lisavaloteline-katolle-basic-v15-volvo-fh4-globe-xl_prm_10131\/#primaryimage","url":"https:\/\/com.rst-steel.eu\/wp-content\/uploads\/2024\/08\/ae82c7611aab5b101860462fdcfac728d8d598e1_VO2115C_Tuotekuva-scaled.jpg","contentUrl":"https:\/\/com.rst-steel.eu\/wp-content\/uploads\/2024\/08\/ae82c7611aab5b101860462fdcfac728d8d598e1_VO2115C_Tuotekuva-scaled.jpg","width":2560,"height":1707,"caption":"Roof Bar Basic V15 Volvo FH4- Globe\/XL"},{"@type":"BreadcrumbList","@id":"https:\/\/com.rst-steel.eu\/sv\/produkt\/lisavaloteline-katolle-basic-v15-volvo-fh4-globe-xl_prm_10131\/#breadcrumb","itemListElement":[{"@type":"ListItem","position":1,"name":"Home","item":"https:\/\/com.rst-steel.eu\/"},{"@type":"ListItem","position":2,"name":"RST-Steel Shop","item":"https:\/\/com.rst-steel.eu\/shop\/"},{"@type":"ListItem","position":3,"name":"Roof Bar Basic V15 Volvo FH4- Globe\/XL"}]},{"@type":"WebSite","@id":"https:\/\/com.rst-steel.eu\/#website","url":"https:\/\/com.rst-steel.eu\/","name":"RST-Steel.com","description":"Finsk kvalitetsst\u00e5l, for kvalitetsbevisste sj\u00e5f\u00f8rer","publisher":{"@id":"https:\/\/com.rst-steel.eu\/#organization"},"alternateName":"Safe and stylish RST-Steel quality","potentialAction":[{"@type":"SearchAction","target":{"@type":"EntryPoint","urlTemplate":"https:\/\/com.rst-steel.eu\/?s={search_term_string}"},"query-input":{"@type":"PropertyValueSpecification","valueRequired":true,"valueName":"search_term_string"}}],"inLanguage":"nb-NO"},{"@type":"Organization","@id":"https:\/\/com.rst-steel.eu\/#organization","name":"RST-Steel Oy","url":"https:\/\/com.rst-steel.eu\/","logo":{"@type":"ImageObject","inLanguage":"nb-NO","@id":"https:\/\/com.rst-steel.eu\/#\/schema\/logo\/image\/","url":"https:\/\/com.rst-steel.eu\/wp-content\/uploads\/2023\/04\/cropped-Rst-logo-valkoinen-teksti-3.png","contentUrl":"https:\/\/com.rst-steel.eu\/wp-content\/uploads\/2023\/04\/cropped-Rst-logo-valkoinen-teksti-3.png","width":512,"height":115,"caption":"RST-Steel Oy"},"image":{"@id":"https:\/\/com.rst-steel.eu\/#\/schema\/logo\/image\/"},"sameAs":["https:\/\/www.facebook.com\/rststeel","https:\/\/www.instagram.com\/rststeeloy\/"]}]}},"brands":[{"id":8334,"name":"RST-Steel","slug":"brand_rststeel"}],"_links":{"self":[{"href":"https:\/\/com.rst-steel.eu\/nb\/wp-json\/wp\/v2\/product\/34735","targetHints":{"allow":["GET"]}}],"collection":[{"href":"https:\/\/com.rst-steel.eu\/nb\/wp-json\/wp\/v2\/product"}],"about":[{"href":"https:\/\/com.rst-steel.eu\/nb\/wp-json\/wp\/v2\/types\/product"}],"replies":[{"embeddable":true,"href":"https:\/\/com.rst-steel.eu\/nb\/wp-json\/wp\/v2\/comments?post=34735"}],"version-history":[{"count":0,"href":"https:\/\/com.rst-steel.eu\/nb\/wp-json\/wp\/v2\/product\/34735\/revisions"}],"wp:featuredmedia":[{"embeddable":true,"href":"https:\/\/com.rst-steel.eu\/nb\/wp-json\/wp\/v2\/media\/45603"}],"wp:attachment":[{"href":"https:\/\/com.rst-steel.eu\/nb\/wp-json\/wp\/v2\/media?parent=34735"}],"wp:term":[{"taxonomy":"make_fuel_type","embeddable":true,"href":"https:\/\/com.rst-steel.eu\/nb\/wp-json\/wp\/v2\/make_fuel_type?post=34735"},{"taxonomy":"make_model","embeddable":true,"href":"https:\/\/com.rst-steel.eu\/nb\/wp-json\/wp\/v2\/make_model?post=34735"},{"taxonomy":"make_brand","embeddable":true,"href":"https:\/\/com.rst-steel.eu\/nb\/wp-json\/wp\/v2\/make_brand?post=34735"},{"taxonomy":"make_year","embeddable":true,"href":"https:\/\/com.rst-steel.eu\/nb\/wp-json\/wp\/v2\/make_year?post=34735"},{"taxonomy":"pwb-brand","embeddable":true,"href":"https:\/\/com.rst-steel.eu\/nb\/wp-json\/wp\/v2\/pwb-brand?post=34735"},{"taxonomy":"product_brand","embeddable":true,"href":"https:\/\/com.rst-steel.eu\/nb\/wp-json\/wp\/v2\/product_brand?post=34735"},{"taxonomy":"product_cat","embeddable":true,"href":"https:\/\/com.rst-steel.eu\/nb\/wp-json\/wp\/v2\/product_cat?post=34735"},{"taxonomy":"product_tag","embeddable":true,"href":"https:\/\/com.rst-steel.eu\/nb\/wp-json\/wp\/v2\/product_tag?post=34735"}],"curies":[{"name":"wp","href":"https:\/\/api.w.org\/{rel}","templated":true}]}}